{"id":10,"date":"2009-06-27T01:02:53","date_gmt":"2009-06-27T01:02:53","guid":{"rendered":"https:\/\/spanish.drchugay.com\/vertical-facelift-surgery-procedures\/"},"modified":"2023-02-09T14:45:13","modified_gmt":"2023-02-09T22:45:13","slug":"cirugia-de-lifting-facial-vertical-y-procedimientos","status":"publish","type":"page","link":"https:\/\/spanish.drchugay.com\/es\/procedures\/facial-rejuvenation-plastic-surgery\/vertical-facelift-surgery-procedures\/","title":{"rendered":"Levantamiento vertical de la cara"},"content":{"rendered":"<div  class='flex_column av-1r2oq-4accbec402bef189f81edae574e48f0f av_one_full  avia-builder-el-0  avia-builder-el-no-sibling  first flex_column_div'     ><section  class='av_textblock_section av-l5bpjag3-b91c5e49d2d5b50e33b5c5837a095631'   itemscope=\"itemscope\" itemtype=\"https:\/\/schema.org\/CreativeWork\" ><div class='avia_textblock'  itemprop=\"text\" ><div id=\"attachment_10962\" style=\"width: 372px\" class=\"wp-caption alignright\"><a href=\"https:\/\/drchugay.com\/wp-content\/uploads\/2014\/02\/Vertical-Facelift-Before-and-After-Surgical-Procedures-Beverly-Hills-CA-1.jpg\" target=\"_blank\" rel=\"noopener\"><img loading=\"lazy\" decoding=\"async\" aria-describedby=\"caption-attachment-10962\" class=\"wp-image-10962\" src=\"https:\/\/drchugay.com\/wp-content\/uploads\/2014\/02\/Vertical-Facelift-Before-and-After-Surgical-Procedures-Beverly-Hills-CA-1.jpg\" alt=\"Lifting Facial Vertical | Antes y Despu\u00e9s | Procedimientos Quir\u00fargicos | Beverly Hills | CA\" width=\"362\" height=\"400\" srcset=\"https:\/\/spanish.drchugay.com\/wp-content\/uploads\/2014\/02\/Vertical-Facelift-Before-and-After-Surgical-Procedures-Beverly-Hills-CA-1.jpg 905w, https:\/\/spanish.drchugay.com\/wp-content\/uploads\/2014\/02\/Vertical-Facelift-Before-and-After-Surgical-Procedures-Beverly-Hills-CA-1-272x300.jpg 272w, https:\/\/spanish.drchugay.com\/wp-content\/uploads\/2014\/02\/Vertical-Facelift-Before-and-After-Surgical-Procedures-Beverly-Hills-CA-1-638x705.jpg 638w\" sizes=\"auto, (max-width: 362px) 100vw, 362px\" \/><\/a><p id=\"caption-attachment-10962\" class=\"wp-caption-text\">*LOS RESULTADOS INDIVIDUALES VAR\u00cdAN. LOS IM\u00c1GENES NO CONSTITUYEN UNA PROMESA O REPRESENTACI\u00d3N DE NING\u00daN RESULTADO O EXPERIENCIA EN PARTICULAR.<\/p><\/div>\n<p>La t\u00e9cnica del Dr. Chugay permite obtener los resultados m\u00e1s agresivos y naturales con la recuperaci\u00f3n m\u00e1s r\u00e1pida posible. Ha aparecido en las noticias en m\u00faltiples ocasiones, hablando de esta t\u00e9cnica. Sus diversos elementos se han presentado a otros cirujanos en m\u00faltiples conferencias de todo el mundo con la esperanza de ense\u00f1ar a otros c\u00f3mo producir un lifting facial de mejor aspecto.<\/p>\n<h3>\u00bfEn qu\u00e9 se diferencia el lifting facial vertical del Dr. Chugay de las t\u00e9cnicas est\u00e1ndar?<\/h3>\n<p><strong>Metodolog\u00eda de incisi\u00f3n y sutura \u00fanica en el lifting facial vertical<\/strong><\/p>\n<p>El lifting facial vertical incluye las siguientes t\u00e9cnicas revolucionarias. La conocida cicatriz detr\u00e1s de la oreja se evita por completo haciendo que el corte detr\u00e1s de la oreja dentro de la parte posterior de la oreja sea corto y se extienda hacia la parte posterior de la l\u00ednea del cabello para minimizar la cicatriz visualizada despu\u00e9s de la operaci\u00f3n.<\/p>\n<p><strong>La apariencia natural de la l\u00ednea del cabello se conserva en el lifting facial vertical<\/strong><\/p>\n<p>Esto se consigue creando peque\u00f1os colgajos dentro de la l\u00ednea del cabello. Independientemente de cu\u00e1n agresivo o m\u00ednimo deba ser su lifting facial, la t\u00e9cnica de colgajos del lifting facial vertical permitir\u00e1 que su l\u00ednea del cabello pr\u00e1cticamente no se vea afectada.<\/p>\n<p><strong>La apariencia natural de la l\u00ednea del cabello puede ser recreada en el lifting facial vertical<\/strong><\/p>\n<p>Muchos pacientes que se han hecho un lifting facial anterior padecen de una ausencia parcial o total de pelo en las patillas. En muchos liftings faciales, a menudo se levanta la l\u00ednea del cabello. El  Dr. Chugay puede corregir estos problemas usando la t\u00e9cnica de colgajos en el lifting facial vertical. Puede crearse un colgajo para traer hacia el frente y recrear una l\u00ednea del cabello normal delante de la oreja (desde la zona temporal del cuero cabelludo con fol\u00edculos).<\/p>\n<h4><strong>\u00bfQu\u00e9 hace que el lifting facial del Dr. Chugay sea vertical y por qu\u00e9? <\/strong><\/h4>\n<ul>\n<li><strong>Se hace una incisi\u00f3n temporal en el plano horizontal, apretando la l\u00ednea del cabello.<\/strong>El vector de tracci\u00f3n es principalmente superior (hacia arriba) en vez de lateral (hacia los lados). Esto crea la premisa para el lifting facial vertical y lleva a un resultado est\u00e9ticamente m\u00e1s satisfactorio.  \u00bfSe ha fijado en esa t\u00edpica apariencia artificial estirada de los pacientes que se han hecho un lifting facial? Eso se debe a la tracci\u00f3n lateral. Desafortunadamente, la mayor\u00eda de los cirujanos a\u00fan prefieren la tracci\u00f3n lateral, ya que es m\u00e1s f\u00e1cil de llevar a cabo.<\/li>\n<li><strong>El revestimiento de los m\u00fasculos faciales se sutura hacia arriba en lugar de hacia atr\u00e1s, reduciendo as\u00ed la laxitud del m\u00fasculo facial.<\/strong>.<\/li>\n<li><strong>Menos riesgo de ca\u00edda del cabello <\/strong><\/li>\n<li><strong>La l\u00ednea del cabello no se ve afectada.<\/strong>La mayor\u00eda de los cirujanos hacen incisiones en la l\u00ednea del cabello para evitar las cicatrices visibles. Sin embargo, los cortes en la l\u00ednea del cabello a menudo ocasionan ca\u00edda del cabello, que a su vez puede hacer que las cicatrices sean a\u00fan m\u00e1s visibles. Usando la metodolog\u00eda de Lifting Facial Vertical, el Dr. Chugay hace las incisiones a la altura de la l\u00ednea del cabello. De esta forma, la cicatriz queda oculta, pero la l\u00ednea del cabello no se ve afectada.<\/li>\n<li><strong>La t\u00e9cnica de lifting facial vertical del Dr. Chugay es m\u00e1s agresiva que el lifting facial est\u00e1ndar, elevando el \u00e1rea de los labios y la barbilla adem\u00e1s de levantar las mejillas y el cuello.<\/strong>Gracias a la destreza del Dr. Chugay y al uso de disectores romos especiales en el \u00e1rea de los labios y la barbilla, puede levantar las \u00e1reas que otros cirujanos evitan rutinariamente por temor de da\u00f1ar los nervios y vasos sangu\u00edneos.<\/li>\n<\/ul>\n<h3>\u00bfCu\u00e1l es la mejor edad para someterse a un lifting facial?<\/h3>\n<p>No todo el mundo envejece al mismo ritmo. Una gran parte del proceso de envejecimiento est\u00e1 relacionada con sus tejidos y lo que puede hacer para cuidar de ellos.<\/p>\n<p>No hay una edad m\u00e1gica para tomar la decisi\u00f3n de hacerse un lifting facial. El momento adecuado de realizar una consulta es cuado ya no le guste lo que le dice el espejo. Esto puede ser en sus 30 o en sus 80. Sin embargo, es mejor comenzar a una edad relativamente joven, antes de la aparici\u00f3n de arrugas y l\u00edneas profundas. Luego es cuesti\u00f3n de mantenimiento.<\/p>\n<h3>\u00bfCu\u00e1nto duran los resultados del lifting facial?<\/h3>\n<p>No existe un n\u00famero m\u00e1gico. Sin embargo, un buen estimado es de 7 a 20 a\u00f1os. No es raro que las personas se hagan varios liftings faciales para mantener esa apariencia juvenile. Con la t\u00e9cnica de lifting facial vertical del Dr. Chugay, sus resultados durar\u00e1n m\u00e1s tiempo que con un procedimiento est\u00e1ndar.<\/p>\n<h3>\u00bfQu\u00e9 es un lifting facial de fin de semana? \u00bfPuedo ir a trabajar al d\u00eda siguiente?<\/h3>\n<p>Un lifting facial de fin de semana es un t\u00e9rmino acu\u00f1ado pot los medios de comunicaci\u00f3n. Eso no existe. Existe, desde luego, la microdermabrasi\u00f3n. Sin embargo, NUNCA le dar\u00e1 los mismos resultados que un lifting facial vertical.<\/p>\n<p>La t\u00e9cnica de lifting facial vertical del Dr. Chugay es muy agresiva, sin embargo la recuperaci\u00f3n es r\u00e1pida. Un lifting facial, no obstante, se considera un procedimiento quir\u00fargico mayor. Como cualquier procedimiento quir\u00fargico complejo, se requieren incisiones quir\u00fargicas y suturas complicadas. Contrario a la creencia popular y a pesar de ciertos art\u00edculos de peri\u00f3dicos y revistas, esto no es tan sencillo como hacerse un peinado o una limpieza facial.<\/p>\n<h3>\u00bfCu\u00e1ndo ver\u00e9 los resultados?<\/h3>\n<p>Al d\u00eda siguiente ver\u00e1 su nueva apariencia m\u00e1s rejuvenecida. Sin embargo, esta nueva apariencia no lucir\u00e1 bonita hasta que la inflamaci\u00f3n y los moretones desaparezcan. Por favor, lea abajo m\u00e1s informaci\u00f3n sobre sanaci\u00f3n.<\/p>\n<h3>Despu\u00e9s de la cirug\u00eda: Curaci\u00f3n y recuperaci\u00f3n<\/h3>\n<p>Inmediatamente despu\u00e9s de la cirug\u00eda de lifting facial vertical, se colocan vendajes en la cabeza y la cara por 24 horas. Puede usar un pa\u00f1uelo para cubrir los puntos de sutura hasta que se los retiren.  Mantenga los vendajes e incisiones secos hasta que se remuevan los puntos de sutura.<\/p>\n<p>En el Lifting Facial Vertical, los pacientes pueden esperar cierta hinchaz\u00f3n de la cara y los p\u00e1rpados y algo de decoloraci\u00f3n es com\u00fan con cualquier tipo de cirug\u00eda facial. Esto es m\u00e1s notable en el segundo y tercer d\u00eda y disminuye en aproximadamente una semana. Sin embargo, esto tambi\u00e9n depende de su tipo de piel, edad y capacidad de cicatrizaci\u00f3n.<\/p>\n<p>Puede aplicar maquillaje sobre la piel de la cara hasta el borde de las cicatrices quir\u00fargicas aproximadamente de siete a 14 d\u00edas despu\u00e9s de la cirug\u00eda de lifting facial. No debe apliar ning\u00fan tinte o removedor de tinte hasta que el Dr. Chugay le de permiso. Pueden realizarse otros procedimientos de tratamientos del cabello aproximadamente dos semanas despu\u00e9s de la cirug\u00eda.<\/p>\n<p>No permita que nadie le hale el cabello o masajee su cuero cabelludo en forma brusca. Si se utiliza un secador de pelo, se debe fijar en una posici\u00f3n de calor medio o aire fresco.<\/p>\n<p>No use aretes hasta que haya recuperado la sensaci\u00f3n en los l\u00f3bulos de sus orejas.<\/p>\n<p>Despu\u00e9s de su cirug\u00eda de lifting facial vertical, puede que las actividades sociales se limiten temporalmente. Debe evitarse el ejercicio extenuante de cuatro a seis semanas.<\/p>\n<p>Debe dirigir las preguntas que tenga despu\u00e9s de la cirug\u00eda al Dr. Chugay. No ser\u00eda sensato que acepte consejos de personas que no est\u00e9n familiarizadas con su operaci\u00f3n espec\u00edfica.<\/p>\n<\/div><\/section><\/div>","protected":false},"excerpt":{"rendered":"","protected":false},"author":1,"featured_media":0,"parent":4,"menu_order":2,"comment_status":"closed","ping_status":"closed","template":"","meta":{"footnotes":""},"class_list":["post-10","page","type-page","status-publish","hentry"],"_links":{"self":[{"href":"https:\/\/spanish.drchugay.com\/es\/wp-json\/wp\/v2\/pages\/10","targetHints":{"allow":["GET"]}}],"collection":[{"href":"https:\/\/spanish.drchugay.com\/es\/wp-json\/wp\/v2\/pages"}],"about":[{"href":"https:\/\/spanish.drchugay.com\/es\/wp-json\/wp\/v2\/types\/page"}],"author":[{"embeddable":true,"href":"https:\/\/spanish.drchugay.com\/es\/wp-json\/wp\/v2\/users\/1"}],"replies":[{"embeddable":true,"href":"https:\/\/spanish.drchugay.com\/es\/wp-json\/wp\/v2\/comments?post=10"}],"version-history":[{"count":15,"href":"https:\/\/spanish.drchugay.com\/es\/wp-json\/wp\/v2\/pages\/10\/revisions"}],"predecessor-version":[{"id":12488,"href":"https:\/\/spanish.drchugay.com\/es\/wp-json\/wp\/v2\/pages\/10\/revisions\/12488"}],"up":[{"embeddable":true,"href":"https:\/\/spanish.drchugay.com\/es\/wp-json\/wp\/v2\/pages\/4"}],"wp:attachment":[{"href":"https:\/\/spanish.drchugay.com\/es\/wp-json\/wp\/v2\/media?parent=10"}],"curies":[{"name":"wp","href":"https:\/\/api.w.org\/{rel}","templated":true}]}}