{"id":12,"date":"2009-06-27T01:20:58","date_gmt":"2009-06-27T01:20:58","guid":{"rendered":"https:\/\/spanish.drchugay.com\/forehead-lift-surgery-endoscopic-lift-technique\/"},"modified":"2024-09-24T13:07:49","modified_gmt":"2024-09-24T20:07:49","slug":"cirugia-de-levantamiento-de-frente-con-tecnica-endoscopica","status":"publish","type":"page","link":"https:\/\/spanish.drchugay.com\/es\/procedimientos\/rejuvenecimiento-facial-cirugia-plastica\/cirugia-de-levantamiento-de-frente-con-tecnica-endoscopica\/","title":{"rendered":"Levantamiento De La Frente | T\u00e9cnica de lifting endosc\u00f3pico"},"content":{"rendered":"<style type=\"text\/css\" data-created_by=\"avia_inline_auto\" id=\"style-css-av-k7wmp4kk-34c3e159662ec4bc3f3fa986ba096974\">\n#top .hr.hr-invisible.av-k7wmp4kk-34c3e159662ec4bc3f3fa986ba096974{\nheight:5px;\n}\n<\/style>\n<div  class='hr av-k7wmp4kk-34c3e159662ec4bc3f3fa986ba096974 hr-invisible  avia-builder-el-0  el_before_av_one_full  avia-builder-el-first'><span class='hr-inner'><span class=\"hr-inner-style\"><\/span><\/span><\/div>\n\n<style type=\"text\/css\" data-created_by=\"avia_inline_auto\" id=\"style-css-av-f676no-9457bb500a74c1ddaeac826bf7772a88\">\n#top .flex_column.av-f676no-9457bb500a74c1ddaeac826bf7772a88{\nmargin-top:0px;\nmargin-bottom:10px;\n}\n.flex_column.av-f676no-9457bb500a74c1ddaeac826bf7772a88{\nborder-radius:0px 0px 0px 0px;\npadding:0px 0px 0px 0px;\n}\n.responsive #top #wrap_all .flex_column.av-f676no-9457bb500a74c1ddaeac826bf7772a88{\nmargin-top:0px;\nmargin-bottom:10px;\n}\n<\/style>\n<div  class='flex_column av-f676no-9457bb500a74c1ddaeac826bf7772a88 av_one_full  avia-builder-el-1  el_after_av_hr  el_before_av_hr  first flex_column_div av-zero-column-padding'     ><p>\n<style type=\"text\/css\" data-created_by=\"avia_inline_auto\" id=\"style-css-av-ka5r0lh3-2d53bdeb5d27d5179b329b760aa278f1\">\n#top .av-special-heading.av-ka5r0lh3-2d53bdeb5d27d5179b329b760aa278f1{\npadding-bottom:10px;\n}\nbody .av-special-heading.av-ka5r0lh3-2d53bdeb5d27d5179b329b760aa278f1 .av-special-heading-tag .heading-char{\nfont-size:25px;\n}\n.av-special-heading.av-ka5r0lh3-2d53bdeb5d27d5179b329b760aa278f1 .av-subheading{\nfont-size:15px;\n}\n<\/style>\n<div  class='av-special-heading av-ka5r0lh3-2d53bdeb5d27d5179b329b760aa278f1 av-special-heading-h2 blockquote modern-quote  avia-builder-el-2  el_before_av_textblock  avia-builder-el-first'><h2 class='av-special-heading-tag'  itemprop=\"headline\"  >Levantamiento De La Frente<\/h2><div class=\"special-heading-border\"><div class=\"special-heading-inner-border\"><\/div><\/div><\/div><br \/>\n<section  class='av_textblock_section av-6f2g5w-afef2466495f36651eab10232c02c09e'   itemscope=\"itemscope\" itemtype=\"https:\/\/schema.org\/CreativeWork\" ><div class='avia_textblock'  itemprop=\"text\" ><p>Un\u00a0<strong>levantamiento de frente<\/strong>\u00a0o \u201clevantamiento de cejas\u201d es un procedimiento que restaura la apariencia juvenil y fresca al \u00e1rea encina de los ojos.  El procedimiento corrige las cejas ca\u00eddas y mejora las l\u00edneas horizontales y los surcos que pueden hacer que una persona parezca que est\u00e9 enojada, triste o cansada. El Dr. Chugay utiliza dos t\u00e9cnicas distintas para el levantamiento de la frente: Coronal y endosc\u00f3pico.<\/p>\n<\/div><\/section><\/p><\/div>\n\n<style type=\"text\/css\" data-created_by=\"avia_inline_auto\" id=\"style-css-av-k7wmp4kk-18-90937f9c30e92bc2fcf2f00cc9dae919\">\n#top .hr.hr-invisible.av-k7wmp4kk-18-90937f9c30e92bc2fcf2f00cc9dae919{\nheight:5px;\n}\n<\/style>\n<div  class='hr av-k7wmp4kk-18-90937f9c30e92bc2fcf2f00cc9dae919 hr-invisible  avia-builder-el-4  el_after_av_one_full  el_before_av_one_full'><span class='hr-inner'><span class=\"hr-inner-style\"><\/span><\/span><\/div>\n\n<style type=\"text\/css\" data-created_by=\"avia_inline_auto\" id=\"style-css-av-f676no-17-3456c26a3a93671c6456aec34bd4c904\">\n#top .flex_column.av-f676no-17-3456c26a3a93671c6456aec34bd4c904{\nmargin-top:30px;\nmargin-bottom:10px;\n}\n.flex_column.av-f676no-17-3456c26a3a93671c6456aec34bd4c904{\nborder-radius:0px 0px 0px 0px;\npadding:0px 0px 0px 0px;\n}\n.responsive #top #wrap_all .flex_column.av-f676no-17-3456c26a3a93671c6456aec34bd4c904{\nmargin-top:30px;\nmargin-bottom:10px;\n}\n<\/style>\n<div  class='flex_column av-f676no-17-3456c26a3a93671c6456aec34bd4c904 av_one_full  avia-builder-el-5  el_after_av_hr  el_before_av_hr  first flex_column_div av-zero-column-padding'     ><p>\n<style type=\"text\/css\" data-created_by=\"avia_inline_auto\" id=\"style-css-av-ka5raiyr-2ec489e6c9555df64ae19aa10718255c\">\n#top .av-special-heading.av-ka5raiyr-2ec489e6c9555df64ae19aa10718255c{\npadding-bottom:10px;\n}\nbody .av-special-heading.av-ka5raiyr-2ec489e6c9555df64ae19aa10718255c .av-special-heading-tag .heading-char{\nfont-size:25px;\n}\n.av-special-heading.av-ka5raiyr-2ec489e6c9555df64ae19aa10718255c .av-subheading{\nfont-size:15px;\n}\n<\/style>\n<div  class='av-special-heading av-ka5raiyr-2ec489e6c9555df64ae19aa10718255c av-special-heading-h3  avia-builder-el-6  el_before_av_textblock  avia-builder-el-first'><h3 class='av-special-heading-tag'  itemprop=\"headline\"  >Levantamiento coronal<\/h3><div class=\"special-heading-border\"><div class=\"special-heading-inner-border\"><\/div><\/div><\/div><br \/>\n<section  class='av_textblock_section av-8nz50-ed8bd19dc4dfa2c29850203d619eba83'   itemscope=\"itemscope\" itemtype=\"https:\/\/schema.org\/CreativeWork\" ><div class='avia_textblock'  itemprop=\"text\" ><p>En la Coronal\u00a0<strong>LEVANTAMIENTO DE LA FRENTE<\/strong>En el  Levantamiento coronal de la frente, el Dr. Chugay comienza haciendo una incisi\u00f3n en o cerca de la oreja y que va hasta la parte superior de su cabeza, ligeramente por detr\u00e1s de la l\u00ednea del cabello. Se levanta la piel de la frente y se elimina el exceso de piel, y a veces tambi\u00e9n se elimina parte o la totalidad de los m\u00fasculos que producen la tensi\u00f3n y el arrugamiento de la frente. El Dr. Chugay usa una disecci\u00f3n roma para liberar los tejidos. Aunque el uso de instrumentos cortantes afilados para liberar la piel de la frente es m\u00e1s r\u00e1pido, la disecci\u00f3n roma es mucho m\u00e1s segura para el paciente y producir\u00e1 menos sangrado, habr\u00e1 menos riesgo de da\u00f1o a los nervios o tejidos, menor riesgo de hematomas, y una sanaci\u00f3n y recuperaci\u00f3n m\u00e1s r\u00e1pidas.<\/p>\n<p>El Dr. Chugay usa suturas subcuticulares (justo debajo del nivel de la piel) para el cierre final de la incisi\u00f3n despu\u00e9s de la cirug\u00eda. Esta t\u00e9cnica lleva mucho tiempo y es dif\u00edcil de ejecutar; sin embargo, deja un resultado final m\u00e1s natural y est\u00e9ticamente atractivo. Una gran mayor\u00eda de los cirujanos continua usando las suturas liberables, lo que deja marcas notables y un aumento en la ca\u00edda del cabello.<\/p>\n<p>Tanto la disecci\u00f3n roma como las suturas subcuticulares junto con otros aspectos de la t\u00e9cnica del Dr. Chugay disminuir\u00e1n sus posibilidades de experimentar ca\u00edda del cabello y de tener cicatrices antiest\u00e9ticas en el \u00e1rea de la incisi\u00f3n.<\/p>\n<\/div><\/section><\/p><\/div>\n\n<style type=\"text\/css\" data-created_by=\"avia_inline_auto\" id=\"style-css-av-k7wmp4kk-16-97ddf475173c17b30252f1ce3dd68c43\">\n#top .hr.hr-invisible.av-k7wmp4kk-16-97ddf475173c17b30252f1ce3dd68c43{\nheight:20px;\n}\n<\/style>\n<div  class='hr av-k7wmp4kk-16-97ddf475173c17b30252f1ce3dd68c43 hr-invisible  avia-builder-el-8  el_after_av_one_full  el_before_av_one_full'><span class='hr-inner'><span class=\"hr-inner-style\"><\/span><\/span><\/div>\n\n<style type=\"text\/css\" data-created_by=\"avia_inline_auto\" id=\"style-css-av-f676no-15-053d55ef53199ca99100b8f4077ecc9e\">\n#top .flex_column.av-f676no-15-053d55ef53199ca99100b8f4077ecc9e{\nmargin-top:0px;\nmargin-bottom:10px;\n}\n.flex_column.av-f676no-15-053d55ef53199ca99100b8f4077ecc9e{\nborder-radius:0px 0px 0px 0px;\npadding:0px 0px 0px 0px;\n}\n.responsive #top #wrap_all .flex_column.av-f676no-15-053d55ef53199ca99100b8f4077ecc9e{\nmargin-top:0px;\nmargin-bottom:10px;\n}\n<\/style>\n<div  class='flex_column av-f676no-15-053d55ef53199ca99100b8f4077ecc9e av_one_full  avia-builder-el-9  el_after_av_hr  el_before_av_one_full  first flex_column_div av-zero-column-padding'     ><article  class='iconbox iconbox_top av-k7wid5mf-068a306b294f1183665128203fb67087  avia-builder-el-10  avia-builder-el-no-sibling  main_color'  itemscope=\"itemscope\" itemtype=\"https:\/\/schema.org\/CreativeWork\" ><div class=\"iconbox_content\"><header class=\"entry-content-header\" aria-label=\"Icono: \u00bfHay financiaci\u00f3n disponible?\"><div class='iconbox_icon heading-color avia-iconfont avia-font-entypo-fontello' data-av_icon='\ue827' data-av_iconfont='entypo-fontello'  ><\/div><h3 class='iconbox_content_title'  itemprop=\"headline\" >\u00bfHay financiaci\u00f3n disponible?<\/h3><\/header><div class='iconbox_content_container'  itemprop=\"text\" ><p>S\u00ed. Financiaci\u00f3n m\u00e9dica est\u00e1 disponible en el cr\u00e9dito aprobado. Aceptamos financiaci\u00f3n de CareCredit.com. Para m\u00e1s informaci\u00f3n sobre nuestras opciones de financiaci\u00f3n<\/p>\n<div  class='avia-button-wrap av-3702at-2f75b6c227e6bd1a864bfe1943708b73-wrap avia-button-center  avia-builder-el-11  avia-builder-el-no-sibling'><a href='https:\/\/spanish.drchugay.com\/es\/informacion-del-paciente\/financiacion-medica\/'  class='avia-button av-3702at-2f75b6c227e6bd1a864bfe1943708b73 av-link-btn avia-icon_select-no avia-size-large avia-position-center avia-color-dark'   aria-label=\"OBTENER FINANCIACI\u00d3N\"><span class='avia_iconbox_title' >OBTENER FINANCIACI\u00d3N<\/span><\/a><\/div>\n<\/div><\/div><footer class=\"entry-footer\"><\/footer><\/article><\/div>\n<style type=\"text\/css\" data-created_by=\"avia_inline_auto\" id=\"style-css-av-f676no-12-4302660d05da3309e5d6e8bbb16af1a5\">\n#top .flex_column.av-f676no-12-4302660d05da3309e5d6e8bbb16af1a5{\nmargin-top:0px;\nmargin-bottom:10px;\n}\n.flex_column.av-f676no-12-4302660d05da3309e5d6e8bbb16af1a5{\nborder-radius:0px 0px 0px 0px;\npadding:0px 0px 0px 0px;\n}\n.responsive #top #wrap_all .flex_column.av-f676no-12-4302660d05da3309e5d6e8bbb16af1a5{\nmargin-top:0px;\nmargin-bottom:10px;\n}\n<\/style>\n<div  class='flex_column av-f676no-12-4302660d05da3309e5d6e8bbb16af1a5 av_one_full  avia-builder-el-12  el_after_av_one_full  el_before_av_hr  first flex_column_div av-zero-column-padding  column-top-margin'     ><p>\n<style type=\"text\/css\" data-created_by=\"avia_inline_auto\" id=\"style-css-av-k7wmp4kk-13-f37103911ea0f90f540a64c5354858bf\">\n#top .hr.hr-invisible.av-k7wmp4kk-13-f37103911ea0f90f540a64c5354858bf{\nheight:5px;\n}\n<\/style>\n<div  class='hr av-k7wmp4kk-13-f37103911ea0f90f540a64c5354858bf hr-invisible  avia-builder-el-13  el_before_av_heading  avia-builder-el-first'><span class='hr-inner'><span class=\"hr-inner-style\"><\/span><\/span><\/div><br \/>\n\n<style type=\"text\/css\" data-created_by=\"avia_inline_auto\" id=\"style-css-av-ka5raymh-c52e0fbf34bb89f42edb98b5cfabdae4\">\n#top .av-special-heading.av-ka5raymh-c52e0fbf34bb89f42edb98b5cfabdae4{\npadding-bottom:10px;\n}\nbody .av-special-heading.av-ka5raymh-c52e0fbf34bb89f42edb98b5cfabdae4 .av-special-heading-tag .heading-char{\nfont-size:25px;\n}\n.av-special-heading.av-ka5raymh-c52e0fbf34bb89f42edb98b5cfabdae4 .av-subheading{\nfont-size:15px;\n}\n<\/style>\n<div  class='av-special-heading av-ka5raymh-c52e0fbf34bb89f42edb98b5cfabdae4 av-special-heading-h3  avia-builder-el-14  el_after_av_hr  el_before_av_textblock'><h3 class='av-special-heading-tag'  itemprop=\"headline\"  >Estiramiento endosc\u00f3pico<\/h3><div class=\"special-heading-border\"><div class=\"special-heading-inner-border\"><\/div><\/div><\/div><br \/>\n<section  class='av_textblock_section av-8nz50-14-7fc95995c7cd1d2da493598e9db01006'   itemscope=\"itemscope\" itemtype=\"https:\/\/schema.org\/CreativeWork\" ><div class='avia_textblock'  itemprop=\"text\" ><p>En lugar de una incisi\u00f3n grande en el \u00e1rea de la l\u00ednea del cabello, como en el levantamiento de coronal de la frente, se hacen varias incisiones \u201ctipo pinchazo\u201d justo en la l\u00ednea del cabello. Usando un instrumento especial llamado endoscopio (un instrumento especial para visualizar, que permite que el cirujano vea im\u00e1genes de las estructuras internas del cuerpo), el Dr. Chugay extirpar\u00e1 los m\u00fasculos que producen las l\u00edneas de fruncimiento del ce\u00f1o y reposicionar\u00e1 las cejas a un nivel m\u00e1s alto.<\/p>\n<p>La cirug\u00eda endosc\u00f3pica es m\u00ednimamente invasiva y se ha utilizado por d\u00e9cadas en un gran n\u00famero de procedimientos variados, inclusive la extirpaci\u00f3n de la ves\u00edcula, la ligadura de trompas, y la cirug\u00eda de la rodilla. Sin embargo, la endoscop\u00eda es un fen\u00f3meno muy reciente en la cirug\u00eda est\u00e9tica. A pesar de su clara eficacia, la t\u00e9cnica endosc\u00f3pica s\u00f3lo es utilizada por aproximadamente un 10% de los cirujanos cosm\u00e9ticos y pl\u00e1sticos.<\/p>\n<p>A pesar de que este procedimiento es relativamente nuevo, el\u00a0<strong>Estiramiento endosc\u00f3pico de la frente<\/strong>\u00a0ha adquirido un enfoque y una t\u00e9cnica est\u00e1ndar. La t\u00e9cnica de levantamiento endosc\u00f3pico est\u00e1ndar consiste en tres cortes horizontales a trav\u00e9s de los cuales se insertan instrumentos endosc\u00f3picos y de corte para llevar a cabo el procedimiento.<\/p>\n<\/div><\/section><\/p><\/div><\/p>\n\n<style type=\"text\/css\" data-created_by=\"avia_inline_auto\" id=\"style-css-av-9dsts4-5f42209cf70045b798554d3a64176c87\">\n#top .hr.hr-invisible.av-9dsts4-5f42209cf70045b798554d3a64176c87{\nheight:10px;\n}\n<\/style>\n<div  class='hr av-9dsts4-5f42209cf70045b798554d3a64176c87 hr-invisible  avia-builder-el-16  el_after_av_one_full  el_before_av_one_full'><span class='hr-inner'><span class=\"hr-inner-style\"><\/span><\/span><\/div>\n\n<style type=\"text\/css\" data-created_by=\"avia_inline_auto\" id=\"style-css-av-f676no-9-0aa110995e65cb4825c1e4b8db9d4771\">\n#top .flex_column.av-f676no-9-0aa110995e65cb4825c1e4b8db9d4771{\nmargin-top:0px;\nmargin-bottom:10px;\n}\n.flex_column.av-f676no-9-0aa110995e65cb4825c1e4b8db9d4771{\nborder-radius:0px 0px 0px 0px;\npadding:0px 0px 0px 0px;\n}\n.responsive #top #wrap_all .flex_column.av-f676no-9-0aa110995e65cb4825c1e4b8db9d4771{\nmargin-top:0px;\nmargin-bottom:10px;\n}\n<\/style>\n<div  class='flex_column av-f676no-9-0aa110995e65cb4825c1e4b8db9d4771 av_one_full  avia-builder-el-17  el_after_av_hr  el_before_av_one_full  first flex_column_div av-zero-column-padding'     ><article  class='iconbox iconbox_top av-k7wid5mf-11-c556f9890f095837efda53fde4c32638  avia-builder-el-18  avia-builder-el-no-sibling  main_color'  itemscope=\"itemscope\" itemtype=\"https:\/\/schema.org\/CreativeWork\" ><div class=\"iconbox_content\"><header class=\"entry-content-header\" aria-label=\"Icono: Cosas que debe buscar en su cirujano:\"><div class='iconbox_icon heading-color avia-iconfont avia-font-entypo-fontello' data-av_icon='\ue81e' data-av_iconfont='entypo-fontello'  ><\/div><h3 class='iconbox_content_title'  itemprop=\"headline\" >Cosas que debe buscar en su cirujano:<\/h3><\/header><div class='iconbox_content_container'  itemprop=\"text\" ><ul style=\"text-align: left;\">\n<li><strong>Experiencia:<\/strong> Con 2 generaciones de m\u00e9dicos, m\u00e1s de 30.000 procedimientos y toda una vida de experiencia combinada, el Dr. Nikolas V. Chugay y el Dr. Paul N. Chugay no s\u00f3lo tienen la experiencia necesaria en diversos procedimientos quir\u00fargicos y no quir\u00fargicos, sino que Nikolas ha ayudado a revolucionar la industria, y Paul est\u00e1 siguiendo muy de cerca los pasos de su padre, bas\u00e1ndose en m\u00e1s de 40 a\u00f1os de experiencia.<\/li>\n<li><strong>Compatibilidad y respeto:<\/strong> Reserva una consulta con el m\u00e9dico. Comprueba c\u00f3mo te trata, si te escucha y qu\u00e9 quieres. Es importante que hables a fondo con tu m\u00e9dico de lo que quieres conseguir para que tenga una idea clara y concisa de cu\u00e1l es tu objetivo, pero tambi\u00e9n es importante que respetes la experiencia y la formaci\u00f3n de tu m\u00e9dico lo suficiente como para escuchar sus recomendaciones. No querr\u00e1s tener un m\u00e9dico que no se preocupe por TI.<\/li>\n<li><strong>Especializaci\u00f3n:<\/strong> Pregunte a su m\u00e9dico por otras veces que haya realizado el procedimiento que usted desea.<\/li>\n<\/ul>\n<div  class='avia-button-wrap av-3702at-10-d2f8ac12ada929cee7c1abedbb867d00-wrap avia-button-center  avia-builder-el-19  avia-builder-el-no-sibling'><a href='https:\/\/spanish.drchugay.com\/es\/sobre-la-clinica-medica-de-cirugia-estetica-chugay\/'  class='avia-button av-3702at-10-d2f8ac12ada929cee7c1abedbb867d00 av-link-btn avia-icon_select-no avia-size-large avia-position-center avia-color-dark'   aria-label=\"CONOZCA A SUS CIRUJANOS\"><span class='avia_iconbox_title' >CONOZCA A SUS CIRUJANOS<\/span><\/a><\/div>\n<\/div><\/div><footer class=\"entry-footer\"><\/footer><\/article><\/div>\n\n<style type=\"text\/css\" data-created_by=\"avia_inline_auto\" id=\"style-css-av-41dbck-f9741761faa0742a7de6806943dea868\">\n#top .flex_column.av-41dbck-f9741761faa0742a7de6806943dea868{\nmargin-top:30px;\nmargin-bottom:0px;\n}\n.flex_column.av-41dbck-f9741761faa0742a7de6806943dea868{\nborder-radius:0px 0px 0px 0px;\npadding:0px 0px 0px 0px;\n}\n.responsive #top #wrap_all .flex_column.av-41dbck-f9741761faa0742a7de6806943dea868{\nmargin-top:30px;\nmargin-bottom:0px;\n}\n<\/style>\n<div  class='flex_column av-41dbck-f9741761faa0742a7de6806943dea868 av_one_full  avia-builder-el-20  el_after_av_one_full  el_before_av_one_full  first flex_column_div av-zero-column-padding  column-top-margin'     ><p>\n<style type=\"text\/css\" data-created_by=\"avia_inline_auto\" id=\"style-css-av-oml0-0e3f6301f384428bdb7bc09bff2aeb14\">\n#top .av-special-heading.av-oml0-0e3f6301f384428bdb7bc09bff2aeb14{\npadding-bottom:10px;\n}\nbody .av-special-heading.av-oml0-0e3f6301f384428bdb7bc09bff2aeb14 .av-special-heading-tag .heading-char{\nfont-size:25px;\n}\n.av-special-heading.av-oml0-0e3f6301f384428bdb7bc09bff2aeb14 .av-subheading{\nfont-size:19px;\n}\n<\/style>\n<div  class='av-special-heading av-oml0-0e3f6301f384428bdb7bc09bff2aeb14 av-special-heading-h2 blockquote modern-quote modern-centered  avia-builder-el-21  el_before_av_codeblock  avia-builder-el-first'><div class='av-subheading av-subheading_above'><p>V\u00cdDEO 3D DEL<\/p>\n<\/div><h2 class='av-special-heading-tag'  itemprop=\"headline\"  >LEVANTAMIENTO DE LA FRENTE<\/h2><div class=\"special-heading-border\"><div class=\"special-heading-inner-border\"><\/div><\/div><\/div><br \/>\n<br \/>\n\n<style type=\"text\/css\" data-created_by=\"avia_inline_auto\" id=\"style-css-av-9dsts4-6-45bc41399f0d2d985fa9821b842aa6db\">\n#top .hr.hr-invisible.av-9dsts4-6-45bc41399f0d2d985fa9821b842aa6db{\nheight:10px;\n}\n<\/style>\n<div  class='hr av-9dsts4-6-45bc41399f0d2d985fa9821b842aa6db hr-invisible  avia-builder-el-23  el_after_av_codeblock  avia-builder-el-last'><span class='hr-inner'><span class=\"hr-inner-style\"><\/span><\/span><\/div><\/p><\/div>\n\n<style type=\"text\/css\" data-created_by=\"avia_inline_auto\" id=\"style-css-av-41dbck-3-d0e00f824b6b76e78cb547c033e28cdf\">\n#top .flex_column.av-41dbck-3-d0e00f824b6b76e78cb547c033e28cdf{\nmargin-top:30px;\nmargin-bottom:0px;\n}\n.flex_column.av-41dbck-3-d0e00f824b6b76e78cb547c033e28cdf{\nborder-radius:0px 0px 0px 0px;\npadding:0px 0px 0px 0px;\n}\n.responsive #top #wrap_all .flex_column.av-41dbck-3-d0e00f824b6b76e78cb547c033e28cdf{\nmargin-top:30px;\nmargin-bottom:0px;\n}\n<\/style>\n<div  class='flex_column av-41dbck-3-d0e00f824b6b76e78cb547c033e28cdf av_one_full  avia-builder-el-24  el_after_av_one_full  el_before_av_one_full  first flex_column_div av-zero-column-padding  column-top-margin'     ><p>\n<style type=\"text\/css\" data-created_by=\"avia_inline_auto\" id=\"style-css-av-ka5rbgrp-2e039caa6bc202e0c96de8eb1d0b1dd7\">\n#top .av-special-heading.av-ka5rbgrp-2e039caa6bc202e0c96de8eb1d0b1dd7{\npadding-bottom:10px;\n}\nbody .av-special-heading.av-ka5rbgrp-2e039caa6bc202e0c96de8eb1d0b1dd7 .av-special-heading-tag .heading-char{\nfont-size:25px;\n}\n.av-special-heading.av-ka5rbgrp-2e039caa6bc202e0c96de8eb1d0b1dd7 .av-subheading{\nfont-size:15px;\n}\n<\/style>\n<div  class='av-special-heading av-ka5rbgrp-2e039caa6bc202e0c96de8eb1d0b1dd7 av-special-heading-h3  avia-builder-el-25  el_before_av_textblock  avia-builder-el-first'><h3 class='av-special-heading-tag'  itemprop=\"headline\"  >\u00bfD\u00f3nde se realiza la cirug\u00eda?<\/h3><div class=\"special-heading-border\"><div class=\"special-heading-inner-border\"><\/div><\/div><\/div><br \/>\n<section  class='av_textblock_section av-8nz50-7-d8917183cf4e674191aa17db48d3f59b'   itemscope=\"itemscope\" itemtype=\"https:\/\/schema.org\/CreativeWork\" ><div class='avia_textblock'  itemprop=\"text\" ><p>La cirug\u00eda se realizar\u00e1 en nuestro centro quir\u00fargico totalmente acreditado de forma ambulatoria. No se requiere hospitalizaci\u00f3n.<\/p>\n<\/div><\/section><br \/>\n\n<style type=\"text\/css\" data-created_by=\"avia_inline_auto\" id=\"style-css-av-ka5rbtbs-2b853748bc584182c8d767bf4b9f4807\">\n#top .av-special-heading.av-ka5rbtbs-2b853748bc584182c8d767bf4b9f4807{\npadding-bottom:10px;\n}\nbody .av-special-heading.av-ka5rbtbs-2b853748bc584182c8d767bf4b9f4807 .av-special-heading-tag .heading-char{\nfont-size:25px;\n}\n.av-special-heading.av-ka5rbtbs-2b853748bc584182c8d767bf4b9f4807 .av-subheading{\nfont-size:15px;\n}\n<\/style>\n<div  class='av-special-heading av-ka5rbtbs-2b853748bc584182c8d767bf4b9f4807 av-special-heading-h3  avia-builder-el-27  el_after_av_textblock  el_before_av_textblock'><h3 class='av-special-heading-tag'  itemprop=\"headline\"  >Riesgos involucrados<\/h3><div class=\"special-heading-border\"><div class=\"special-heading-inner-border\"><\/div><\/div><\/div><br \/>\n<section  class='av_textblock_section av-8nz50-1-00a5835ccea729f78080b29da5186620'   itemscope=\"itemscope\" itemtype=\"https:\/\/schema.org\/CreativeWork\" ><div class='avia_textblock'  itemprop=\"text\" ><p><strong>La cirug\u00eda de la frente<\/strong>\u00a0no deja de tener riesgos. Los riesgos potenciales incluyen, entre otros: infecci\u00f3n, sangrado, ca\u00edda del cabello en los sitios quir\u00fargicos, cicatrices y da\u00f1o a los nervios, ocasionando problemas con la expresi\u00f3n facial.<\/p>\n<\/div><\/section><br \/>\n\n<style type=\"text\/css\" data-created_by=\"avia_inline_auto\" id=\"style-css-av-k7wmp4kk-8-4662eaf8ba86acff204e2702b80a656d\">\n#top .hr.hr-invisible.av-k7wmp4kk-8-4662eaf8ba86acff204e2702b80a656d{\nheight:20px;\n}\n<\/style>\n<div  class='hr av-k7wmp4kk-8-4662eaf8ba86acff204e2702b80a656d hr-invisible  avia-builder-el-29  el_after_av_textblock  el_before_av_icon_box'><span class='hr-inner'><span class=\"hr-inner-style\"><\/span><\/span><\/div><br \/>\n<article  class='iconbox iconbox_top av-k7wid5mf-4-2ec35da71584be251a263e57b07142f2  avia-builder-el-30  el_after_av_hr  avia-builder-el-last  main_color'  itemscope=\"itemscope\" itemtype=\"https:\/\/schema.org\/CreativeWork\" ><div class=\"iconbox_content\"><header class=\"entry-content-header\" aria-label=\"Icono: Despu\u00e9s de la operaci\u00f3n\"><div class='iconbox_icon heading-color avia-iconfont avia-font-entypo-fontello' data-av_icon='\ue81e' data-av_iconfont='entypo-fontello'  ><\/div><h3 class='iconbox_content_title'  itemprop=\"headline\" >Despu\u00e9s de su cirug\u00eda.<\/h3><\/header><div class='iconbox_content_container'  itemprop=\"text\" ><p>Despu\u00e9s de la cirug\u00eda, puede que la frente est\u00e9 hinchada y sensible y la inflamaci\u00f3n podr\u00eda afectar los p\u00e1rpados superiores. Se le recetar\u00e1n antibi\u00f3ticos por una semana. La mayor\u00eda de los pacientes regresan a sus actividades normales en un plazo de una semana. Le exhortamos a que siga todas las instrucciones postoperatorias para una recuperaci\u00f3n y sanaci\u00f3n \u00f3ptima y r\u00e1pida.<\/p>\n<\/div><\/div><footer class=\"entry-footer\"><\/footer><\/article><\/p><\/div>\n\n<style type=\"text\/css\" data-created_by=\"avia_inline_auto\" id=\"style-css-av-f676no-5-7d698a58ed0b182d45372da8d1c57a9c\">\n#top .flex_column.av-f676no-5-7d698a58ed0b182d45372da8d1c57a9c{\nmargin-top:50px;\nmargin-bottom:10px;\n}\n.flex_column.av-f676no-5-7d698a58ed0b182d45372da8d1c57a9c{\nborder-radius:0px 0px 0px 0px;\npadding:0px 0px 0px 0px;\n}\n.responsive #top #wrap_all .flex_column.av-f676no-5-7d698a58ed0b182d45372da8d1c57a9c{\nmargin-top:50px;\nmargin-bottom:10px;\n}\n<\/style>\n<div  class='flex_column av-f676no-5-7d698a58ed0b182d45372da8d1c57a9c av_one_full  avia-builder-el-31  el_after_av_one_full  avia-builder-el-last  first flex_column_div av-zero-column-padding  column-top-margin'     ><style type=\"text\/css\" data-created_by=\"avia_inline_auto\" id=\"style-css-av-k7wnwtuw-bfac9e508be5c63049274c32f5ac2573\">\n.av_promobox.av-k7wnwtuw-bfac9e508be5c63049274c32f5ac2573{\ncolor:#ffffff;\nbackground:#444444;\nborder-color:#000000;\n}\n<\/style>\n<div  class='av_promobox av-k7wnwtuw-bfac9e508be5c63049274c32f5ac2573 avia-button-yes  avia-builder-el-32  el_before_av_hr  avia-builder-el-first'><div class='avia-promocontent'><h2><span style=\"color: #ffffff;\">\u00bfPreparado para mejorar el aspecto de su cuerpo?<\/span><\/h2>\n<h5><span style=\"color: #ffffff;\">Ll\u00e1menos ahora para una consulta y evaluaci\u00f3n gratuitas.<\/span><\/h5>\n<p>\n<\/div><div  class='avia-button-wrap av-k7wnwtuw-4995055a5ece8a1cc3b1f684af197876-wrap avia-button-right'><a href='https:\/\/spanish.drchugay.com\/es\/contacto\/'  class='avia-button av-k7wnwtuw-4995055a5ece8a1cc3b1f684af197876 av-link-btn avia-icon_select-no avia-size-large avia-position-right avia-color-theme-color-subtle'   aria-label=\"RESERVAR AHORA\"><span class='avia_iconbox_title' >RESERVAR AHORA<\/span><\/a><\/div><\/div><br \/>\n\n<style type=\"text\/css\" data-created_by=\"avia_inline_auto\" id=\"style-css-av-9dsts4-2-758b6a9b1e359e0b4220c309a1227f46\">\n#top .hr.hr-invisible.av-9dsts4-2-758b6a9b1e359e0b4220c309a1227f46{\nheight:10px;\n}\n<\/style>\n<div  class='hr av-9dsts4-2-758b6a9b1e359e0b4220c309a1227f46 hr-invisible  avia-builder-el-33  el_after_av_promobox  avia-builder-el-last'><span class='hr-inner'><span class=\"hr-inner-style\"><\/span><\/span><\/div><\/p><\/div>","protected":false},"excerpt":{"rendered":"","protected":false},"author":1,"featured_media":0,"parent":4,"menu_order":4,"comment_status":"closed","ping_status":"closed","template":"","meta":{"footnotes":""},"class_list":["post-12","page","type-page","status-publish","hentry"],"_links":{"self":[{"href":"https:\/\/spanish.drchugay.com\/es\/wp-json\/wp\/v2\/pages\/12","targetHints":{"allow":["GET"]}}],"collection":[{"href":"https:\/\/spanish.drchugay.com\/es\/wp-json\/wp\/v2\/pages"}],"about":[{"href":"https:\/\/spanish.drchugay.com\/es\/wp-json\/wp\/v2\/types\/page"}],"author":[{"embeddable":true,"href":"https:\/\/spanish.drchugay.com\/es\/wp-json\/wp\/v2\/users\/1"}],"replies":[{"embeddable":true,"href":"https:\/\/spanish.drchugay.com\/es\/wp-json\/wp\/v2\/comments?post=12"}],"version-history":[{"count":12,"href":"https:\/\/spanish.drchugay.com\/es\/wp-json\/wp\/v2\/pages\/12\/revisions"}],"predecessor-version":[{"id":12492,"href":"https:\/\/spanish.drchugay.com\/es\/wp-json\/wp\/v2\/pages\/12\/revisions\/12492"}],"up":[{"embeddable":true,"href":"https:\/\/spanish.drchugay.com\/es\/wp-json\/wp\/v2\/pages\/4"}],"wp:attachment":[{"href":"https:\/\/spanish.drchugay.com\/es\/wp-json\/wp\/v2\/media?parent=12"}],"curies":[{"name":"wp","href":"https:\/\/api.w.org\/{rel}","templated":true}]}}