{"id":129,"date":"2009-07-27T23:11:53","date_gmt":"2009-07-27T23:11:53","guid":{"rendered":"https:\/\/spanish.drchugay.com\/dr-nikolas-chugay\/"},"modified":"2024-08-23T16:45:51","modified_gmt":"2024-08-23T23:45:51","slug":"dr-nikolas-chugay","status":"publish","type":"page","link":"https:\/\/spanish.drchugay.com\/es\/sobre-la-clinica-medica-de-cirugia-estetica-chugay\/dr-nikolas-chugay\/","title":{"rendered":"Dr. Nikolas Chugay"},"content":{"rendered":"<div  class='flex_column av-av_one_full-a961ec8c42a44a397321d1a2224da3ca av_one_full  avia-builder-el-0  el_before_av_one_full  avia-builder-el-first  first flex_column_div'     ><section  class='av_textblock_section av-av_textblock-564067357eb74c20cdd60b282c9b50bd'   itemscope=\"itemscope\" itemtype=\"https:\/\/schema.org\/CreativeWork\" ><div class='avia_textblock'  itemprop=\"text\" ><p><img loading=\"lazy\" decoding=\"async\" class=\"alignright size-medium wp-image-10244\" src=\"https:\/\/drchugay.com\/wp-content\/uploads\/2022\/02\/Dr-Nikolas-Chugay-246x300.png\" alt=\"\" width=\"246\" height=\"300\" srcset=\"https:\/\/spanish.drchugay.com\/wp-content\/uploads\/2022\/02\/Dr-Nikolas-Chugay-246x300.png 246w, https:\/\/spanish.drchugay.com\/wp-content\/uploads\/2022\/02\/Dr-Nikolas-Chugay.png 475w\" sizes=\"auto, (max-width: 246px) 100vw, 246px\" \/><\/p>\n<p>De descendencia rusa, el Dr. Chugay naci\u00f3 en China, creci\u00f3 en Brasil, y recibi\u00f3 su educaci\u00f3n formal en los Estados Unidos. Pas\u00f3 sus a\u00f1os de juventud en San Francisco, California. Despu\u00e9s de completar su formaci\u00f3n, se mud\u00f3 al sur de California para abrir su consultorio, y actualmente reside en Newport Beach, California.<\/p>\n<p>Dr. Chugay tiene m\u00e1s de 40 a\u00f1os de experiencia en Cirug\u00eda Pl\u00e1stica Facial, Est\u00e9tica y Cosm\u00e9tica. Ha realizado m\u00e1s de 30,000 procedimientos quir\u00fargicos, ha publicado numerosos art\u00edculos en la prensa m\u00e9dica, y ha inventado varios implantes utilizados para el aumento muscular.<\/p>\n<\/div><\/section><\/div>\n<div  class='flex_column av-8le7t-f7eee0cd241c2c5aa4fafa1aa78b4019 av_one_full  avia-builder-el-2  el_after_av_one_full  avia-builder-el-last  first flex_column_div  column-top-margin'     ><p>\n<style type=\"text\/css\" data-created_by=\"avia_inline_auto\" id=\"style-css-av-l4yj6e3b-997c4714646ec6959c51869d78e504eb\">\n#top .av-special-heading.av-l4yj6e3b-997c4714646ec6959c51869d78e504eb{\nmargin:0 0 0 0;\npadding-bottom:0;\ncolor:#f7f7f7;\nfont-size:95px;\n}\nbody .av-special-heading.av-l4yj6e3b-997c4714646ec6959c51869d78e504eb .av-special-heading-tag .heading-char{\nfont-size:25px;\n}\n#top #wrap_all .av-special-heading.av-l4yj6e3b-997c4714646ec6959c51869d78e504eb .av-special-heading-tag{\nfont-size:95px;\npadding:0 0 0 0;\n}\n.av-special-heading.av-l4yj6e3b-997c4714646ec6959c51869d78e504eb .special-heading-inner-border{\nborder-color:#f7f7f7;\n}\n.av-special-heading.av-l4yj6e3b-997c4714646ec6959c51869d78e504eb .av-subheading{\nfont-size:40px;\ncolor:#020202;\n}\n\n@media only screen and (min-width: 480px) and (max-width: 767px){ \n#top #wrap_all .av-special-heading.av-l4yj6e3b-997c4714646ec6959c51869d78e504eb .av-special-heading-tag{\nfont-size:0.8em;\n}\n}\n\n@media only screen and (max-width: 479px){ \n#top #wrap_all .av-special-heading.av-l4yj6e3b-997c4714646ec6959c51869d78e504eb .av-special-heading-tag{\nfont-size:0.8em;\n}\n}\n<\/style>\n<div  id=\"page-heading\"  class='av-special-heading av-l4yj6e3b-997c4714646ec6959c51869d78e504eb av-special-heading-h2 custom-color-heading blockquote modern-quote modern-centered  avia-builder-el-3  el_before_av_hr  avia-builder-el-first  av-inherit-size'><h2 class='av-special-heading-tag'  itemprop=\"headline\"  >Educaci\u00f3n<\/h2><div class='av_custom_color av-subheading av-subheading_below'><p>Formaci\u00f3n<\/p>\n<\/div><div class=\"special-heading-border\"><div class=\"special-heading-inner-border\"><\/div><\/div><\/div><br \/>\n\n<style type=\"text\/css\" data-created_by=\"avia_inline_auto\" id=\"style-css-av-l4yj89fe-c3d79d94b1ea2dd7b07444188d58a493\">\n#top .hr.hr-invisible.av-l4yj89fe-c3d79d94b1ea2dd7b07444188d58a493{\nheight:50px;\n}\n<\/style>\n<div  class='hr av-l4yj89fe-c3d79d94b1ea2dd7b07444188d58a493 hr-invisible  avia-builder-el-4  el_after_av_heading  el_before_av_textblock'><span class='hr-inner'><span class=\"hr-inner-style\"><\/span><\/span><\/div><br \/>\n<section  class='av_textblock_section av-l4yj6pk4-9918a1036d074ea4b47154721d55b968'   itemscope=\"itemscope\" itemtype=\"https:\/\/schema.org\/CreativeWork\" ><div class='avia_textblock'  itemprop=\"text\" ><ul>\n<li>1963-1967 Universidad de California Berkeley, Licenciatura en Arte<\/li>\n<li>1967-1971 Colegio de Medicina Osteop\u00e1tica de Chicago, Doctorado en Osteopat\u00eda (D.O.)<\/li>\n<li>1971-1972 Pr\u00e1cticas rotativas: Hospital General Osteop\u00e1tico de N. Miami Beach, FL<\/li>\n<li>1972-1974 Servicio militar \u2013 Cirujano de la Tercera Brigada de la 101a Divisi\u00f3n de Paracaidistas. El servicio m\u00e9dico abarcaba Medicina General, Cirug\u00eda General y Cirug\u00eda Reconstructiva.<\/li>\n<li>1974-1977 Residencia en Otorrinolaringolog\u00eda y Cirug\u00eda Pl\u00e1stica Facial: Colegio de Medicina Osteop\u00e1tica de Filadelfia<\/li>\n<li>1977 Comenz\u00f3 su pr\u00e1ctica en el Sur de California<\/li>\n<li>1979-1980 Especializaci\u00f3n electiva con Ivo Pitanguy en cirug\u00eda pl\u00e1stica est\u00e9tica<\/li>\n<\/ul>\n<h4>Certificaciones<\/h4>\n<ul>\n<li>Certificado del Colegio M\u00e9dico en Cirug\u00eda Pl\u00e1stica Facial (Colegio Osteop\u00e1tico de Oftalmolog\u00eda y Otorrinolaringolog\u00eda)<\/li>\n<li>Diplomado por el Consejo Americano de Cirug\u00eda Cosm\u00e9tica<\/li>\n<li>Diplomado por el Consejo Americano de Medicina Regenerativa y Antienvejecimiento<\/li>\n<\/ul>\n<h4>Membres\u00edas<\/h4>\n<ul class=\"unIndentedList\">\n<li>Miembro de la Academia Americana de Cirug\u00eda Cosm\u00e9tica<\/li>\n<li>Sociedad Americana de Cirug\u00eda Cosm\u00e9tica del Seno<\/li>\n<li>Sociedad Americana de Cirug\u00eda de Liposucci\u00f3n<\/li>\n<li>Academia Europea de Cirug\u00eda Cosm\u00e9tica<\/li>\n<\/ul>\n<h3>Compartiendo su t\u00e9cnica y sus ense\u00f1anzas<\/h3>\n<p>Hasta la fecha, el Dr. Chugay ha capacitado personalmente a m\u00e1s de 30 m\u00e9dicos graduados para su futuro en cirug\u00eda pl\u00e1stica cosm\u00e9tica.<\/p>\n<p>El Dr. Chugay ha presentado sus procedimientos innovadores en varios congresos m\u00e9dicos en todo el mundo. Presentaciones m\u00e1s recientes:<\/p>\n<ul>\n<li>Cirug\u00eda del m\u00fasculo orbicular (Eliminaci\u00f3n de patas de gallo) en Londres para la Academia Europea de Cirug\u00eda Cosm\u00e9tica<\/li>\n<li>Avances en el Levantamiento de los Senos en Newport Beach, California para la Academia Americana de Cirug\u00eda Cosm\u00e9tica del Seno.<\/li>\n<li>Aumento de B\u00edceps en Phoenix, Arizona para la Academia Americana de Cirug\u00eda Cosm\u00e9tica.<\/li>\n<\/ul>\n<\/div><\/section><\/p><\/div>","protected":false},"excerpt":{"rendered":"","protected":false},"author":1,"featured_media":0,"parent":3,"menu_order":4,"comment_status":"closed","ping_status":"closed","template":"","meta":{"footnotes":""},"class_list":["post-129","page","type-page","status-publish","hentry"],"_links":{"self":[{"href":"https:\/\/spanish.drchugay.com\/es\/wp-json\/wp\/v2\/pages\/129","targetHints":{"allow":["GET"]}}],"collection":[{"href":"https:\/\/spanish.drchugay.com\/es\/wp-json\/wp\/v2\/pages"}],"about":[{"href":"https:\/\/spanish.drchugay.com\/es\/wp-json\/wp\/v2\/types\/page"}],"author":[{"embeddable":true,"href":"https:\/\/spanish.drchugay.com\/es\/wp-json\/wp\/v2\/users\/1"}],"replies":[{"embeddable":true,"href":"https:\/\/spanish.drchugay.com\/es\/wp-json\/wp\/v2\/comments?post=129"}],"version-history":[{"count":20,"href":"https:\/\/spanish.drchugay.com\/es\/wp-json\/wp\/v2\/pages\/129\/revisions"}],"predecessor-version":[{"id":12407,"href":"https:\/\/spanish.drchugay.com\/es\/wp-json\/wp\/v2\/pages\/129\/revisions\/12407"}],"up":[{"embeddable":true,"href":"https:\/\/spanish.drchugay.com\/es\/wp-json\/wp\/v2\/pages\/3"}],"wp:attachment":[{"href":"https:\/\/spanish.drchugay.com\/es\/wp-json\/wp\/v2\/media?parent=129"}],"curies":[{"name":"wp","href":"https:\/\/api.w.org\/{rel}","templated":true}]}}