{"id":16,"date":"2009-06-27T01:24:21","date_gmt":"2009-06-27T01:24:21","guid":{"rendered":"https:\/\/spanish.drchugay.com\/cheek-sculpting-surgery-cheek-augmentation-surgery\/"},"modified":"2023-02-08T15:48:50","modified_gmt":"2023-02-08T23:48:50","slug":"cirugia-de-escultura-de-pomulos-cirugia-de-aumento-de-pomulos","status":"publish","type":"page","link":"https:\/\/spanish.drchugay.com\/es\/procedimientos\/rejuvenecimiento-facial-cirugia-plastica\/cirugia-de-escultura-de-pomulos-cirugia-de-aumento-de-pomulos\/","title":{"rendered":"Cirug\u00eda de mejillas | Cirug\u00eda de aumento de p\u00f3mulos"},"content":{"rendered":"<div  class='flex_column av-ctk-d3b6215d66c436522dabf3e2fd0f5e57 av_one_full  avia-builder-el-0  avia-builder-el-no-sibling  first flex_column_div'     ><p>\n<style type=\"text\/css\" data-created_by=\"avia_inline_auto\" id=\"style-css-av-ld3mjfft-c9df9cfbfcb15c49f71d45bc46753cf2\">\n#top .av-special-heading.av-ld3mjfft-c9df9cfbfcb15c49f71d45bc46753cf2{\npadding-bottom:10px;\n}\nbody .av-special-heading.av-ld3mjfft-c9df9cfbfcb15c49f71d45bc46753cf2 .av-special-heading-tag .heading-char{\nfont-size:25px;\n}\n.av-special-heading.av-ld3mjfft-c9df9cfbfcb15c49f71d45bc46753cf2 .av-subheading{\nfont-size:15px;\n}\n<\/style>\n<div  class='av-special-heading av-ld3mjfft-c9df9cfbfcb15c49f71d45bc46753cf2 av-special-heading-h2 blockquote modern-quote  avia-builder-el-1  el_before_av_textblock  avia-builder-el-first'><h2 class='av-special-heading-tag translation-block'  itemprop=\"headline\"  >Aumento de mejillas<\/h2><div class=\"special-heading-border\"><div class=\"special-heading-inner-border\"><\/div><\/div><\/div><br \/>\n<section  class='av_textblock_section av-r8ho-b7e90768c2282739dbd1ef955166d231'   itemscope=\"itemscope\" itemtype=\"https:\/\/schema.org\/CreativeWork\" ><div class='avia_textblock'  itemprop=\"text\" ><p>Tradicionalmente, los p\u00f3mulos altos han sido un s\u00edmbolo de belleza. Lamentablemente, no todo el mundo nace con esa apariencia. Este procedimiento consiste en colocar un implante sint\u00e9tico sobre el p\u00f3mulo natural. Los hombres a menudo buscan este procedimiento para corregir el aplanamiento de la parte media del rostro.  Como en el caso del aumento de mejillas, la operaci\u00f3n se combina frecuentemente con otros procedimientos cosm\u00e9ticos como la rinoplastia o un lifting facial. Los pacientes que buscan hacerse un aumento de mejillas con frecuencia tambi\u00e9n se hacen una cirug\u00eda de implante de barbilla para complementar su nuevo rostro y para obtener una apariencia m\u00e1s refinada.<\/p>\n<h6 style=\"text-align: left;\">*LOS RESULTADOS INDIVIDUALES VARIAR\u00c1N.<\/h6>\n<h3>\u00bfQu\u00e9 es exactamente lo que se aumenta?<\/h3>\n<p>Dr. Chugay usa este procedimiento para realzar:<\/p>\n<ul>\n<li>P\u00f3mulos: Para acentuar sus p\u00f3mulos y hacerlos m\u00e1s atractivos.<\/li>\n<li>Mejillas hundidas (aumento submalar)\n<ul>\n<li>Las mejillas hundidas pueden ser cong\u00e9nitas, como resultado del proceso natural de envejecimiento, de enfermedades autoinmunes (como el SIDA) o de enfermedades cr\u00f3nicas. Lamentablemente, los medicamentos actuales para el SIDA con frecuencia producen depresiones muy perceptibles en las mejillas de los pacientes. El procedimiento de aumento submalar del Dr. Chugay es una forma muy eficaz de eliminar las depresiones y darle a las mejillas una apariencia natural.<\/li>\n<\/ul>\n<\/li>\n<\/ul>\n<h3>\u00bfQu\u00e9 hace que este procedimiento del Dr. Chugay sea \u00fanico?<\/h3>\n<h4>Implantes<\/h4>\n<p>Tras a\u00f1os de investigaci\u00f3n, el Dr. Chugay ha reunido los mejores materiales y formas para lograr un aumento de las mejillas que luzca natural.<\/p>\n<h4>Materiales<\/h4>\n<p>Actualmente, el Dr. Chugay utiliza implantes de un material blando y poroso llamado sint\u00e9tico. A diferencia de la mayor\u00eda de los implantes (todav\u00eda en uso por la gran mayor\u00eda de los cirujanos) que est\u00e1n hechos de silicona, los implantes sint\u00e9ticos:<\/p>\n<ul class=\"unIndentedList\">\n<li>Tener un aspecto m\u00e1s natural<\/li>\n<li>No se sabe si se mueven (los implantes de silicona suelen ser bastante inestables, ya que tienen una superficie lisa y resbaladiza).<\/li>\n<li>Se incorporan mejor a los tejidos corporales sin provocar reacci\u00f3n tisular<\/li>\n<li>Normalmente no se detectan al tocar la zona alrededor del p\u00f3mulo aumentado<\/li>\n<li>Son muy ligeros (los pacientes no sienten los implantes y no experimentan las molestias que a veces se asocian a los implantes de silicona).<\/li>\n<\/ul>\n<h3>\u00bfQu\u00e9 es sint\u00e9tico?<\/h3>\n<p>synthetic es una marca de politetrafluoroetileno expandido (patentado y fabricado por W.L. Gore &amp;Assoc., Flagstaff, AZ), que es una forma pura y microporosa de tefl\u00f3n que es fina, flexible, mec\u00e1nicamente fuerte y tiene un alto grado de biocompatibilidad. Se compone de fibrillas de tefl\u00f3n unidas en uniones nodales con fibrillas de PTFE fuertemente reticuladas, lo que da como resultado una resistencia mec\u00e1nica muy mejorada (hasta 5300 N). Tiene una superficie relativamente lisa, m\u00ednima respuesta a cuerpos extra\u00f1os y baja tasa de infecci\u00f3n.<\/p>\n<h3>Forma de los implantes<\/h3>\n<p>Los implantes que el Dr. Chugay usa actualmente tienen una apariencia anat\u00f3micamente correcta y se incorporan bien al rostro de casi todos los pacientes.<\/p>\n<h3>\u00bfPor qu\u00e9 las mejillas de algunas personas lucen tan falsas despu\u00e9s de un procedimiento de implante de mejillas?<\/h3>\n<p>Esto se debe al tipo de implante que se use. La mayor\u00eda de las cirug\u00edas de aumento de mejillas todav\u00eda se hacen con implantes anchos anticuados de silic\u00f3n, que a menudo crean esa apariencia artificial.<\/p>\n<p>En algunas personas este contorno se ve bien. En muchas otras, luce artificial. La l\u00ednea de implantes actual del Dr. Chugay tiene un dise\u00f1o diferente, creando una apariencia m\u00e1s natura y est\u00e9tica.<\/p>\n<h3>El procedimiento<\/h3>\n<p>Se hace una peque\u00f1a incisi\u00f3n dentro de la boca y el implante se coloca en el hueso, sobre el p\u00f3mulo si se trata de una cirug\u00eda de aumento del p\u00f3mulo, o en los huesos de la regi\u00f3n submalar si se trata de un cirug\u00eda de aumento submalar.<\/p>\n<h3>Riesgos involucrados<\/h3>\n<p><strong>La cirug\u00eda de las mejillas<\/strong> no deja de tener riesgos. Los riesgos potenciales incluyen, entre otros: infecci\u00f3n, sangrado, lesiones nerviosas, deformidad de la mejilla, movimiento de los implantes, y necesidad de otra cirug\u00eda.<\/p>\n<h3>Despu\u00e9s de su cirug\u00eda<\/h3>\n<p>Despu\u00e9s de la cirug\u00eda, notar\u00e1 inflamaci\u00f3n en el \u00e1rea de las mejillas, lo que produce una apariencia hinchada que se reducir\u00e1 con el tiempo. Se les pide a los pacientes que eviten los impactos en el \u00e1rea durante al menos 6 semanas despu\u00e9s de la cirug\u00eda.<\/p>\n<h3>Galer\u00eda Antes \/ Despu\u00e9s de Escultura de p\u00f3mulos<\/h3>\n<p><a href=\"https:\/\/drchugay.com\/portfolio-item\/cheek-sculpting\/\" target=\"_blank\" rel=\"noopener\">Haga clic aqu\u00ed.<\/a><\/p>\n<\/div><\/section><\/p><\/div>","protected":false},"excerpt":{"rendered":"","protected":false},"author":1,"featured_media":0,"parent":4,"menu_order":7,"comment_status":"closed","ping_status":"closed","template":"","meta":{"footnotes":""},"class_list":["post-16","page","type-page","status-publish","hentry"],"_links":{"self":[{"href":"https:\/\/spanish.drchugay.com\/es\/wp-json\/wp\/v2\/pages\/16","targetHints":{"allow":["GET"]}}],"collection":[{"href":"https:\/\/spanish.drchugay.com\/es\/wp-json\/wp\/v2\/pages"}],"about":[{"href":"https:\/\/spanish.drchugay.com\/es\/wp-json\/wp\/v2\/types\/page"}],"author":[{"embeddable":true,"href":"https:\/\/spanish.drchugay.com\/es\/wp-json\/wp\/v2\/users\/1"}],"replies":[{"embeddable":true,"href":"https:\/\/spanish.drchugay.com\/es\/wp-json\/wp\/v2\/comments?post=16"}],"version-history":[{"count":12,"href":"https:\/\/spanish.drchugay.com\/es\/wp-json\/wp\/v2\/pages\/16\/revisions"}],"predecessor-version":[{"id":12497,"href":"https:\/\/spanish.drchugay.com\/es\/wp-json\/wp\/v2\/pages\/16\/revisions\/12497"}],"up":[{"embeddable":true,"href":"https:\/\/spanish.drchugay.com\/es\/wp-json\/wp\/v2\/pages\/4"}],"wp:attachment":[{"href":"https:\/\/spanish.drchugay.com\/es\/wp-json\/wp\/v2\/media?parent=16"}],"curies":[{"name":"wp","href":"https:\/\/api.w.org\/{rel}","templated":true}]}}