{"id":164,"date":"2009-10-20T23:30:48","date_gmt":"2009-10-20T23:30:48","guid":{"rendered":"https:\/\/spanish.drchugay.com\/mommy-makeover-packages\/"},"modified":"2026-04-14T15:42:49","modified_gmt":"2026-04-14T22:42:49","slug":"paquetes-mommy-makeover","status":"publish","type":"page","link":"https:\/\/spanish.drchugay.com\/es\/informacion-del-paciente\/especiales\/paquetes-mommy-makeover\/","title":{"rendered":"Paquetes de cambio de imagen para mam\u00e1s"},"content":{"rendered":"<style type=\"text\/css\" data-created_by=\"avia_inline_auto\" id=\"style-css-av-eqybo-086cd922899007486d83fb71fd78398f\">\n#top .av-special-heading.av-eqybo-086cd922899007486d83fb71fd78398f{\npadding-bottom:10px;\n}\nbody .av-special-heading.av-eqybo-086cd922899007486d83fb71fd78398f .av-special-heading-tag .heading-char{\nfont-size:25px;\n}\n.av-special-heading.av-eqybo-086cd922899007486d83fb71fd78398f .av-subheading{\nfont-size:15px;\n}\n<\/style>\n<div  class='av-special-heading av-eqybo-086cd922899007486d83fb71fd78398f av-special-heading-h3 blockquote modern-quote  avia-builder-el-0  el_before_av_hr  avia-builder-el-first'><h3 class='av-special-heading-tag'  itemprop=\"headline\"  >Cirug\u00eda Est\u00e9tica Liposucci\u00f3n, Elevaci\u00f3n de Mamas, Abdominoplastia Ofertas Especiales - Mommy Makeover Special<\/h3><div class=\"special-heading-border\"><div class=\"special-heading-inner-border\"><\/div><\/div><\/div>\n<div  class='hr av-1z3dh0-3cb9b0e37f65d4ef5b5e847f083928e3 hr-short  avia-builder-el-1  el_after_av_heading  el_before_av_heading  hr-center'><span class='hr-inner'><span class=\"hr-inner-style\"><\/span><\/span><\/div>\n\n<style type=\"text\/css\" data-created_by=\"avia_inline_auto\" id=\"style-css-av-8stzo-10477c38cfaf98a6de7c3adb7c1a0913\">\n#top .av-special-heading.av-8stzo-10477c38cfaf98a6de7c3adb7c1a0913{\npadding-bottom:10px;\n}\nbody .av-special-heading.av-8stzo-10477c38cfaf98a6de7c3adb7c1a0913 .av-special-heading-tag .heading-char{\nfont-size:25px;\n}\n.av-special-heading.av-8stzo-10477c38cfaf98a6de7c3adb7c1a0913 .av-subheading{\nfont-size:15px;\n}\n<\/style>\n<div  class='av-special-heading av-8stzo-10477c38cfaf98a6de7c3adb7c1a0913 av-special-heading-h3  avia-builder-el-2  el_after_av_hr  el_before_av_notification'><h3 class='av-special-heading-tag'  itemprop=\"headline\"  >Paquetes Para El Cambio De Imagen De Mama<\/h3><div class=\"special-heading-border\"><div class=\"special-heading-inner-border\"><\/div><\/div><\/div>\n<div id='avia-messagebox-' class='avia_message_box av_notification av-6mn6c-546532a0b23639c6244498871ecdca14 avia-color-blue avia-size-large avia-icon_select-yes avia-border-  avia-builder-el-3  el_after_av_heading  el_before_av_table' ><span class='avia_message_box_title' >FINANCIACI\u00d3N DISPONIBLE<\/span><div class=\"avia_message_box_content\"><span class='avia_message_box_icon avia-iconfont avia-font-entypo-fontello' data-av_icon='\ue827' data-av_iconfont='entypo-fontello' ><\/span><p><span style=\"padding-top: 20px;\">\u00a1Pagos mensuales tan bajos como $300 \/mes!<\/span><\/p>\n<\/div><\/div>\n<div class='avia-data-table-wrap av-bhti4-b938e0cd094a7f3990a1aa4f3fafb1ec avia_responsive_table avia-table-1'><table  class='avia-table avia-data-table avia_pricing_default  avia-builder-el-4  el_after_av_notification  el_before_av_textblock'  itemscope=\"itemscope\" itemtype=\"https:\/\/schema.org\/Table\" ><caption>Especiales de temporada<\/caption><tbody><tr class='avia-heading-row'><th class=''><\/p>\n<h4>PROCEDIMIENTO<\/h4>\n<p>2026<\/th><th class=''><\/p>\n<h4>ESPECIAL<\/h4>\n<p><\/th><\/tr><tr class=''><td class=''><strong>Aumento del busto<\/strong><br \/>\ncon implantes de agua salina y abdominoplastia con liposucci\u00f3n de la cintura y caderas. <\/td><td class=''><\/p>\n<h5 style=\"color: #189cd8;\">$13,000.00<\/h5>\n<p><\/td><\/tr><tr class=''><td class=''><strong>Levantamiento del busto sin implantes<\/strong><br \/>\ncon liposucci\u00f3n del abdomen, cintura, caderas, axila posterior, parte baja de la espalda, sacro y transferencia de grasa a las sentaderas.\n. <\/td><td class=''><\/p>\n<h5 style=\"color: #189cd8;\">$14,000.00<\/h5>\n<p><\/td><\/tr><tr class=''><td class=''><strong>Levantamiento del busto sin implantes<\/strong><br \/>\nabdominoplastia (Tummy tuck) y liposucci\u00f3n de la cintura. <\/td><td class=''><\/p>\n<h5 style=\"color: #189cd8;\">$13,000.00<\/h5>\n<p><\/td><\/tr><tr class=''><td class=''><strong>Levantamiento del busto con implantes de agua salina<\/strong><br \/>\ncon liposucci\u00f3n del est\u00f3mago, cintura, caderas, axila posterior, parte baja de la espalda y sacro.<br \/>\n<span style=\"font-size: 11px;\"> \u2022 Se incluye el costo de laboratorio, EKG, cirug\u00eda y visitas para despu\u00e9s de la cirug\u00eda.<br \/>\n\u2022 Anestesia es un cargo adicional de $ 800.00<\/span><\/td><td class=''><\/p>\n<h5 style=\"color: #189cd8;\">$15,000.00<\/h5>\n<p><\/td><\/tr><\/tbody><\/table><\/div><style type='text\/css'>.avia-table-1 td:nth-of-type(1):before { content: '\nPROCEDURE\n2026'; } .avia-table-1 td:nth-of-type(2):before { content: '\nSPECIAL\n'; } <\/style>\n<section  class='av_textblock_section av-1ikup0-74ffbbdaa94ff1a581d0990a619f26cc'   itemscope=\"itemscope\" itemtype=\"https:\/\/schema.org\/CreativeWork\" ><div class='avia_textblock'  itemprop=\"text\" ><p><strong>TODOS NUESTROS PAQUETES INCLUYEN:<\/strong><\/p>\n<ul>\n<li>Consulta<\/li>\n<li>An\u00e1lisis preoperatorios,<\/li>\n<li>EKG,<\/li>\n<li>Cirug\u00eda y<\/li>\n<li>Seguimiento postoperatorio.<\/li>\n<\/ul>\n<p><em>La anestesia es una tarifa aparte de $ 900,00 - $ 1.300,00.<br \/>\n<\/em><\/p>\n<p><em>*Algunas restricciones aplican<\/em><br \/>\n<strong>Nuestras promociones de temporada est\u00e1n disponibles por tiempo limitado.<\/strong>\u2014don\u2019t miss out!<\/p>\n<div style=\"font-size: 11px;\">*LOS RESULTADOS INDIVIDUALES VARIAR\u00c1N.<\/div>\n<h3>Transformaci\u00f3n de mami maquilla de la Dema de Reto - Testimonio de una paciente real<\/h3>\n<p>Conoce a Simone, una californiana de 38 a\u00f1os, madre de seis hijos. Escucha la incre\u00edble historia de transformaci\u00f3n de Simone, c\u00f3mo fue capaz de alcanzar sus objetivos y observa sus espectaculares resultados.<\/p>\n<\/div><\/section>\n\n<style type=\"text\/css\" data-created_by=\"avia_inline_auto\" id=\"style-css-av-m36b0vzc-964d8066601e52d851b5c7cc658596eb\">\n.avia-video.av-m36b0vzc-964d8066601e52d851b5c7cc658596eb{\nbackground-image:url(https:\/\/spanish.drchugay.com\/wp-content\/uploads\/2022\/01\/youtube-100-pound-weight-loss.jpg);\n}\n<\/style>\n<div  class='avia-video av-m36b0vzc-964d8066601e52d851b5c7cc658596eb avia-video-16-9 av-preview-image avia-video-lightbox av-lazyload-video-embed avia-video-external-service'  itemprop=\"video\" itemtype=\"https:\/\/schema.org\/VideoObject\"  data-original_url='https:\/\/www.youtube.com\/watch?v=wzYhf-OOzjo&autoplay=1&allow=\u201cautoplay\u201d'><script type='text\/html' class='av-video-tmpl'><a href='https:\/\/www.youtube.com\/watch?v=wzYhf-OOzjo&autoplay=1&allow=\u201cautoplay\u201d' class='mfp-iframe lightbox-link' data-custom_class='avia-mfp-is-video avia-mfp-video-16-9  '><\/a><\/script><div class=\"av-click-to-play-overlay play-lightbox\"><div class=\"avia_playpause_icon\"><\/div><\/div><\/div>\n<div  class='hr av-1hc9r8-75f1ed56aeeabfa5f582145ec994e802 hr-short  avia-builder-el-7  el_after_av_video  el_before_av_one_half  hr-center'><span class='hr-inner'><span class=\"hr-inner-style\"><\/span><\/span><\/div>\n<div class='flex_column_table av-186d7o-f4893eeeff365a76568944867c5ebcb3 sc-av_one_half av-equal-height-column-flextable'><div  class='flex_column av-186d7o-f4893eeeff365a76568944867c5ebcb3 av_one_half  avia-builder-el-8  el_after_av_hr  el_before_av_one_half  first flex_column_table_cell av-equal-height-column av-align-top'     ><div  class='avia-button-wrap av-138lis-87dcd41a9c3af7a2f4938b48153480d4-wrap avia-button-center  avia-builder-el-9  avia-builder-el-no-sibling'><a href='\/es\/procedimientos\/'  class='avia-button av-138lis-87dcd41a9c3af7a2f4938b48153480d4 av-link-btn avia-icon_select-yes-left-icon avia-size-medium avia-position-center avia-color-theme-color'   aria-label=\"Haga clic aqu\u00ed para ver todos los procedimientos\"><span class='avia_button_icon avia_button_icon_left avia-iconfont avia-font-entypo-fontello' data-av_icon='\ue875' data-av_iconfont='entypo-fontello' ><\/span><span class='avia_iconbox_title' >Haga clic aqu\u00ed para ver todos los procedimientos<\/span><\/a><\/div><\/div>\n<div class='av-flex-placeholder'><\/div>\n<style type=\"text\/css\" data-created_by=\"avia_inline_auto\" id=\"style-css-av-wbmk4-cfef6e825c2e5d82d5835ffa31883e7d\">\n.flex_column.av-wbmk4-cfef6e825c2e5d82d5835ffa31883e7d{\nborder-radius:0px 0px 0px 0px;\npadding:0px 0px 0px 0px;\n}\n<\/style>\n<div  class='flex_column av-wbmk4-cfef6e825c2e5d82d5835ffa31883e7d av_one_half  avia-builder-el-10  el_after_av_one_half  el_before_av_hr  flex_column_table_cell av-equal-height-column av-align-top av-zero-column-padding'     ><div  class='avia-button-wrap av-pnz8s-d5c446909f6c99d14e227ae8a6016d50-wrap avia-button-center  avia-builder-el-11  avia-builder-el-no-sibling'><a href='\/es\/galleries\/'  class='avia-button av-pnz8s-d5c446909f6c99d14e227ae8a6016d50 av-link-btn avia-icon_select-yes-left-icon avia-size-medium avia-position-center avia-color-theme-color'   aria-label=\"Ver galer\u00eda de fotos de antes y despu\u00e9s\"><span class='avia_button_icon avia_button_icon_left avia-iconfont avia-font-entypo-fontello' data-av_icon='\ue875' data-av_iconfont='entypo-fontello' ><\/span><span class='avia_iconbox_title' >Ver galer\u00eda de fotos de antes y despu\u00e9s<\/span><\/a><\/div><\/div><\/div><!--close column table wrapper. Autoclose: 1 -->\n<div  class='hr av-l4p5o-3f17ac97d71facac779877d441a024c7 hr-short  avia-builder-el-12  el_after_av_one_half  el_before_av_icon_box  hr-center'><span class='hr-inner'><span class=\"hr-inner-style\"><\/span><\/span><\/div>\n<article  class='iconbox iconbox_top av-fbdnw-cf5227f52283a299b0adbfc99de6fc00  avia-builder-el-13  el_after_av_hr  avia-builder-el-last  main_color'  itemscope=\"itemscope\" itemtype=\"https:\/\/schema.org\/CreativeWork\" ><div class=\"iconbox_content\"><header class=\"entry-content-header\" aria-label=\"Icon: FEATURED PROCEDURE\"><div class='iconbox_icon heading-color avia-iconfont avia-font-entypo-fontello' data-av_icon='\ue829' data-av_iconfont='entypo-fontello'  ><\/div><h3 class='iconbox_content_title'  itemprop=\"headline\" >PROCEDIMIENTO DESTACADO<\/h3><\/header><div class='iconbox_content_container'  itemprop=\"text\" ><h2>PARCHE LINGUAL PARA ADELGAZAR<\/h2>\n<p style=\"text-align: center;\"><a href=\"https:\/\/www.drchugay.com\/weight-loss-tongue-patch-alternative-nonsurgical-method-aid-weight-loss-obese-patients\/\" target=\"_blank\" rel=\"noopener\"><img loading=\"lazy\" decoding=\"async\" class=\"aligncenter wp-image-3633 size-full\" src=\"https:\/\/www.drchugay.com\/wp-content\/uploads\/2009\/10\/featured_procedure.jpg\" alt=\"procedimiento_destacado\" width=\"81\" height=\"81\" srcset=\"https:\/\/spanish.drchugay.com\/wp-content\/uploads\/2009\/10\/featured_procedure.jpg 81w, https:\/\/spanish.drchugay.com\/wp-content\/uploads\/2009\/10\/featured_procedure-80x80.jpg 80w, https:\/\/spanish.drchugay.com\/wp-content\/uploads\/2009\/10\/featured_procedure-36x36.jpg 36w\" sizes=\"auto, (max-width: 81px) 100vw, 81px\" \/><\/a><\/p>\n<p>El Dr. Chugay ha empezado recientemente a realizar un revolucionario procedimiento de reducci\u00f3n de peso, que ha bautizado como el Parche Milagroso.<br \/>\n*LOS RESULTADOS INDIVIDUALES VARIAR\u00c1N.<br \/>\n<div  class='avia-button-wrap av-98z0c-5f506ebe4ce16325c1f2012b5ece2dd0-wrap avia-button-center  avia-builder-el-14  avia-builder-el-no-sibling'><a href='\/es\/peso-perdida-lengua-partch-alternativo-noquia-metodo-ayuda-salida-perdida-obes-pacientes-obesos-pacientes\/'  class='avia-button av-98z0c-5f506ebe4ce16325c1f2012b5ece2dd0 av-link-btn avia-icon_select-yes-left-icon avia-size-medium avia-position-center avia-color-theme-color'   aria-label=\"M\u00e1s informaci\u00f3n\"><span class='avia_button_icon avia_button_icon_left avia-iconfont avia-font-entypo-fontello' data-av_icon='\ue875' data-av_iconfont='entypo-fontello' ><\/span><span class='avia_iconbox_title' >M\u00e1s informaci\u00f3n<\/span><\/a><\/div><\/p>\n<\/div><\/div><footer class=\"entry-footer\"><\/footer><\/article>","protected":false},"excerpt":{"rendered":"","protected":false},"author":1,"featured_media":0,"parent":3591,"menu_order":10,"comment_status":"closed","ping_status":"closed","template":"","meta":{"footnotes":""},"class_list":["post-164","page","type-page","status-publish","hentry"],"_links":{"self":[{"href":"https:\/\/spanish.drchugay.com\/es\/wp-json\/wp\/v2\/pages\/164","targetHints":{"allow":["GET"]}}],"collection":[{"href":"https:\/\/spanish.drchugay.com\/es\/wp-json\/wp\/v2\/pages"}],"about":[{"href":"https:\/\/spanish.drchugay.com\/es\/wp-json\/wp\/v2\/types\/page"}],"author":[{"embeddable":true,"href":"https:\/\/spanish.drchugay.com\/es\/wp-json\/wp\/v2\/users\/1"}],"replies":[{"embeddable":true,"href":"https:\/\/spanish.drchugay.com\/es\/wp-json\/wp\/v2\/comments?post=164"}],"version-history":[{"count":58,"href":"https:\/\/spanish.drchugay.com\/es\/wp-json\/wp\/v2\/pages\/164\/revisions"}],"predecessor-version":[{"id":12959,"href":"https:\/\/spanish.drchugay.com\/es\/wp-json\/wp\/v2\/pages\/164\/revisions\/12959"}],"up":[{"embeddable":true,"href":"https:\/\/spanish.drchugay.com\/es\/wp-json\/wp\/v2\/pages\/3591"}],"wp:attachment":[{"href":"https:\/\/spanish.drchugay.com\/es\/wp-json\/wp\/v2\/media?parent=164"}],"curies":[{"name":"wp","href":"https:\/\/api.w.org\/{rel}","templated":true}]}}