{"id":17,"date":"2009-06-27T01:25:29","date_gmt":"2009-06-27T01:25:29","guid":{"rendered":"https:\/\/spanish.drchugay.com\/facial-liposculpture-change-appearance-or-size-of-face-and-neck\/"},"modified":"2024-09-24T13:10:07","modified_gmt":"2024-09-24T20:10:07","slug":"liposuccion-facial-para-cambiar-la-apariencia-o-el-tamano-de-la-cara-y-el-cuello","status":"publish","type":"page","link":"https:\/\/spanish.drchugay.com\/es\/procedimientos\/rejuvenecimiento-facial-cirugia-plastica\/liposuccion-facial-para-cambiar-la-apariencia-o-el-tamano-de-la-cara-y-el-cuello\/","title":{"rendered":"Lipoescultura facial"},"content":{"rendered":"<style type=\"text\/css\" data-created_by=\"avia_inline_auto\" id=\"style-css-av-f676no-14-88d5bd925533636a7bee0d09eab31650\">\n#top .flex_column.av-f676no-14-88d5bd925533636a7bee0d09eab31650{\nmargin-top:30px;\nmargin-bottom:10px;\n}\n.flex_column.av-f676no-14-88d5bd925533636a7bee0d09eab31650{\nborder-radius:0px 0px 0px 0px;\npadding:0px 0px 0px 0px;\n}\n.responsive #top #wrap_all .flex_column.av-f676no-14-88d5bd925533636a7bee0d09eab31650{\nmargin-top:30px;\nmargin-bottom:10px;\n}\n<\/style>\n<div  class='flex_column av-f676no-14-88d5bd925533636a7bee0d09eab31650 av_one_full  avia-builder-el-0  el_before_av_one_full  avia-builder-el-first  first flex_column_div av-zero-column-padding'     ><p>\n<style type=\"text\/css\" data-created_by=\"avia_inline_auto\" id=\"style-css-av-ka4dd1hc-dc130c122d9193573a1a08690e81c0b7\">\n#top .av-special-heading.av-ka4dd1hc-dc130c122d9193573a1a08690e81c0b7{\npadding-bottom:10px;\n}\nbody .av-special-heading.av-ka4dd1hc-dc130c122d9193573a1a08690e81c0b7 .av-special-heading-tag .heading-char{\nfont-size:25px;\n}\n.av-special-heading.av-ka4dd1hc-dc130c122d9193573a1a08690e81c0b7 .av-subheading{\nfont-size:15px;\n}\n<\/style>\n<div  class='av-special-heading av-ka4dd1hc-dc130c122d9193573a1a08690e81c0b7 av-special-heading-h2  avia-builder-el-1  el_before_av_textblock  avia-builder-el-first'><h2 class='av-special-heading-tag'  itemprop=\"headline\"  >\u00bfCu\u00e1l es el objetivo de la lipoescultura facial?<\/h2><div class=\"special-heading-border\"><div class=\"special-heading-inner-border\"><\/div><\/div><\/div><br \/>\n<section  class='av_textblock_section av-6f2g5w-afef2466495f36651eab10232c02c09e'   itemscope=\"itemscope\" itemtype=\"https:\/\/schema.org\/CreativeWork\" ><div class='avia_textblock'  itemprop=\"text\" ><p>La lipoescultura faciales un procedimiento muy com\u00fan y eficaz para reducir o cambiar la apariencia o el tama\u00f1o de la cara y el cuello.  Las \u00e1reas m\u00e1s comunes son: debajo de la barbilla, las mejillas y la papada, la espalda y la parte frontal del cuello.<\/p>\n<\/div><\/section><br \/>\n<section  class='av_textblock_section av-8nz50-ed8bd19dc4dfa2c29850203d619eba83'   itemscope=\"itemscope\" itemtype=\"https:\/\/schema.org\/CreativeWork\" ><div class='avia_textblock'  itemprop=\"text\" ><p>La mayor\u00eda de las veces el objetivo es reducir la apariencia de un doble o triple ment\u00f3n. El procedimiento es relativamente f\u00e1cil de realizar, y usualmente los resultados son excelentes. A menudo se realiza junto con la cirug\u00eda de aumento de barbilla.<\/p>\n<p>El \u00e1rea de las mejillas es un \u00e1rea del cuerpo dif\u00edcil a la hora de realizar una liposucci\u00f3n. Extirpar demasiada grasa dar\u00e1 lugar a una apariencia de mejillas hundidas m\u00e1s adelante. Extirpar muy poca no producir\u00e1 una mejora perceptible. Adem\u00e1s, cualquier liposucci\u00f3n facial, a menos que la realice un cirujano muy diestro y experimentado, producir\u00e1 una apariencia de piel dispareja o \u201cabultada\u201d.<\/p>\n<p>Extirpar grasa de la parte frontal del cuello, los lados y la nuca usualmente es muy eficaz para reducir la apariencia de un cuello grueso.<\/p>\n<p>*LOS RESULTADOS INDIVIDUALES VARIAR\u00c1N.<\/p>\n<\/div><\/section><\/p><\/div>\n\n<style type=\"text\/css\" data-created_by=\"avia_inline_auto\" id=\"style-css-av-f676no-12-4302660d05da3309e5d6e8bbb16af1a5\">\n#top .flex_column.av-f676no-12-4302660d05da3309e5d6e8bbb16af1a5{\nmargin-top:0px;\nmargin-bottom:10px;\n}\n.flex_column.av-f676no-12-4302660d05da3309e5d6e8bbb16af1a5{\nborder-radius:0px 0px 0px 0px;\npadding:0px 0px 0px 0px;\n}\n.responsive #top #wrap_all .flex_column.av-f676no-12-4302660d05da3309e5d6e8bbb16af1a5{\nmargin-top:0px;\nmargin-bottom:10px;\n}\n<\/style>\n<div  class='flex_column av-f676no-12-4302660d05da3309e5d6e8bbb16af1a5 av_one_full  avia-builder-el-4  el_after_av_one_full  el_before_av_one_full  first flex_column_div av-zero-column-padding  column-top-margin'     ><article  class='iconbox iconbox_top av-k7wid5mf-068a306b294f1183665128203fb67087  avia-builder-el-5  avia-builder-el-no-sibling  main_color'  itemscope=\"itemscope\" itemtype=\"https:\/\/schema.org\/CreativeWork\" ><div class=\"iconbox_content\"><header class=\"entry-content-header\" aria-label=\"Icono: \u00bfHay financiaci\u00f3n disponible?\"><div class='iconbox_icon heading-color avia-iconfont avia-font-entypo-fontello' data-av_icon='\ue827' data-av_iconfont='entypo-fontello'  ><\/div><h3 class='iconbox_content_title'  itemprop=\"headline\" >\u00bfHay financiaci\u00f3n disponible?<\/h3><\/header><div class='iconbox_content_container'  itemprop=\"text\" ><p>S\u00ed. Financiaci\u00f3n m\u00e9dica est\u00e1 disponible en el cr\u00e9dito aprobado. Aceptamos financiaci\u00f3n de CareCredit.com. Para m\u00e1s informaci\u00f3n sobre nuestras opciones de financiaci\u00f3n<\/p>\n<div  class='avia-button-wrap av-3702at-2f75b6c227e6bd1a864bfe1943708b73-wrap avia-button-center  avia-builder-el-6  avia-builder-el-no-sibling'><a href='https:\/\/spanish.drchugay.com\/es\/informacion-del-paciente\/financiacion-medica\/'  class='avia-button av-3702at-2f75b6c227e6bd1a864bfe1943708b73 av-link-btn avia-icon_select-no avia-size-large avia-position-center avia-color-dark'   aria-label=\"OBTENER FINANCIACI\u00d3N\"><span class='avia_iconbox_title' >OBTENER FINANCIACI\u00d3N<\/span><\/a><\/div>\n<\/div><\/div><footer class=\"entry-footer\"><\/footer><\/article><\/div>\n<style type=\"text\/css\" data-created_by=\"avia_inline_auto\" id=\"style-css-av-f676no-10-ccb57e3cfb35d61629ca06667a1e16dd\">\n#top .flex_column.av-f676no-10-ccb57e3cfb35d61629ca06667a1e16dd{\nmargin-top:0px;\nmargin-bottom:10px;\n}\n.flex_column.av-f676no-10-ccb57e3cfb35d61629ca06667a1e16dd{\nborder-radius:0px 0px 0px 0px;\npadding:0px 0px 0px 0px;\n}\n.responsive #top #wrap_all .flex_column.av-f676no-10-ccb57e3cfb35d61629ca06667a1e16dd{\nmargin-top:0px;\nmargin-bottom:10px;\n}\n<\/style>\n<div  class='flex_column av-f676no-10-ccb57e3cfb35d61629ca06667a1e16dd av_one_full  avia-builder-el-7  el_after_av_one_full  el_before_av_one_full  first flex_column_div av-zero-column-padding  column-top-margin'     ><p>\n<style type=\"text\/css\" data-created_by=\"avia_inline_auto\" id=\"style-css-av-k7wmp4kk-13-f37103911ea0f90f540a64c5354858bf\">\n#top .hr.hr-invisible.av-k7wmp4kk-13-f37103911ea0f90f540a64c5354858bf{\nheight:5px;\n}\n<\/style>\n<div  class='hr av-k7wmp4kk-13-f37103911ea0f90f540a64c5354858bf hr-invisible  avia-builder-el-8  el_before_av_heading  avia-builder-el-first'><span class='hr-inner'><span class=\"hr-inner-style\"><\/span><\/span><\/div><br \/>\n\n<style type=\"text\/css\" data-created_by=\"avia_inline_auto\" id=\"style-css-av-ka4ddpyq-3ec8436fb966df2f4ded972ffb100097\">\n#top .av-special-heading.av-ka4ddpyq-3ec8436fb966df2f4ded972ffb100097{\npadding-bottom:10px;\n}\nbody .av-special-heading.av-ka4ddpyq-3ec8436fb966df2f4ded972ffb100097 .av-special-heading-tag .heading-char{\nfont-size:25px;\n}\n.av-special-heading.av-ka4ddpyq-3ec8436fb966df2f4ded972ffb100097 .av-subheading{\nfont-size:15px;\n}\n<\/style>\n<div  class='av-special-heading av-ka4ddpyq-3ec8436fb966df2f4ded972ffb100097 av-special-heading-h2  avia-builder-el-9  el_after_av_hr  el_before_av_textblock'><h2 class='av-special-heading-tag'  itemprop=\"headline\"  >\u00bfCu\u00e1les son los riesgos de la liposucci\u00f3n facial?<\/h2><div class=\"special-heading-border\"><div class=\"special-heading-inner-border\"><\/div><\/div><\/div><br \/>\n<section  class='av_textblock_section av-8nz50-11-bb2466b033c67b698886d2b3679a0efd'   itemscope=\"itemscope\" itemtype=\"https:\/\/schema.org\/CreativeWork\" ><div class='avia_textblock'  itemprop=\"text\" ><ul>\n<li>Piel dispareja o abultada<\/li>\n<li>Mejillas hundidas<\/li>\n<li>Apariencia avejentada de la piel<\/li>\n<\/ul>\n<\/div><\/section><\/p><\/div><\/p>\n\n<style type=\"text\/css\" data-created_by=\"avia_inline_auto\" id=\"style-css-av-41dbck-f9741761faa0742a7de6806943dea868\">\n#top .flex_column.av-41dbck-f9741761faa0742a7de6806943dea868{\nmargin-top:30px;\nmargin-bottom:0px;\n}\n.flex_column.av-41dbck-f9741761faa0742a7de6806943dea868{\nborder-radius:0px 0px 0px 0px;\npadding:0px 0px 0px 0px;\n}\n.responsive #top #wrap_all .flex_column.av-41dbck-f9741761faa0742a7de6806943dea868{\nmargin-top:30px;\nmargin-bottom:0px;\n}\n<\/style>\n<div  class='flex_column av-41dbck-f9741761faa0742a7de6806943dea868 av_one_full  avia-builder-el-11  el_after_av_one_full  el_before_av_one_full  first flex_column_div av-zero-column-padding  column-top-margin'     ><p>\n<style type=\"text\/css\" data-created_by=\"avia_inline_auto\" id=\"style-css-av-2a4q5-e0ab884c515b924670d5882b52212eb2\">\n#top .av-special-heading.av-2a4q5-e0ab884c515b924670d5882b52212eb2{\npadding-bottom:10px;\n}\nbody .av-special-heading.av-2a4q5-e0ab884c515b924670d5882b52212eb2 .av-special-heading-tag .heading-char{\nfont-size:25px;\n}\n.av-special-heading.av-2a4q5-e0ab884c515b924670d5882b52212eb2 .av-subheading{\nfont-size:15px;\n}\n<\/style>\n<div  class='av-special-heading av-2a4q5-e0ab884c515b924670d5882b52212eb2 av-special-heading-h2  avia-builder-el-12  el_before_av_textblock  avia-builder-el-first'><h2 class='av-special-heading-tag'  itemprop=\"headline\"  >\u00bfC\u00f3mo evita los riesgos el Dr. Chugay?<\/h2><div class=\"special-heading-border\"><div class=\"special-heading-inner-border\"><\/div><\/div><\/div><br \/>\n<section  class='av_textblock_section av-8nz50-5-7f52437946bc4ada5e39343bafc28c8e'   itemscope=\"itemscope\" itemtype=\"https:\/\/schema.org\/CreativeWork\" ><div class='avia_textblock'  itemprop=\"text\" ><p>Los riesgos del procedimiento  permanecen, pero el Dr. Chugay puede minimizar dr\u00e1sticamente las posibilidades de complicaciones y malos resultados con una buena t\u00e9cnica. La piel dispareja o abultada se puede evitar con la metodolog\u00eda \u00fanica del Dr. Chugay, que permite eliminar m\u00e1s grasa sin crear abultamientos o depresiones bajo la piel. Para ayudar a minimizar los malos resultados, el Dr. Chugay usa las siguientes herramientas:<\/p>\n<ul>\n<li>T\u00c9CNICA TUMESCENTE ESPECIAL<\/li>\n<li>ULTRASONIDO EXTERNO<\/li>\n<li>INCISIONES ESPECIALES<\/li>\n<li>C\u00c1NULAS \u00daNICAS<\/li>\n<\/ul>\n<p>Las mejillas hundidas y la apariencia avejentada de la piel normalmente se pueden prevenir si la liposucci\u00f3n facial no se hace en forma muy agresiva. Dejar algo de grasa en las mejillas el \u00e1rea de la cara har\u00e1 que la piel se vea juvenil y vibrante. La clave es la moderaci\u00f3n y una buena t\u00e9cnica.  La colocaci\u00f3n estrat\u00e9gica de los implantes de mejillas tambi\u00e9n ayuda.<\/p>\n<\/div><\/section><br \/>\n<article  class='iconbox iconbox_top av-k7wid5mf-9-ab1c0ed66ae6a421fc686c945e798177  avia-builder-el-14  el_after_av_textblock  el_before_av_heading  main_color'  itemscope=\"itemscope\" itemtype=\"https:\/\/schema.org\/CreativeWork\" ><div class=\"iconbox_content\"><header class=\"entry-content-header\" aria-label=\"Icono: Cosas que debe buscar en su cirujano:\"><div class='iconbox_icon heading-color avia-iconfont avia-font-entypo-fontello' data-av_icon='\ue81e' data-av_iconfont='entypo-fontello'  ><\/div><h3 class='iconbox_content_title'  itemprop=\"headline\" >Cosas que debe buscar en su cirujano:<\/h3><\/header><div class='iconbox_content_container'  itemprop=\"text\" ><ul style=\"text-align: left;\">\n<li><strong>Experiencia:<\/strong> Con 2 generaciones de m\u00e9dicos, m\u00e1s de 30.000 procedimientos y toda una vida de experiencia combinada, el Dr. Nikolas V. Chugay y el Dr. Paul N. Chugay no s\u00f3lo tienen la experiencia necesaria en diversos procedimientos quir\u00fargicos y no quir\u00fargicos, sino que Nikolas ha ayudado a revolucionar la industria, y Paul est\u00e1 siguiendo muy de cerca los pasos de su padre, bas\u00e1ndose en m\u00e1s de 40 a\u00f1os de experiencia.<\/li>\n<li><strong>Compatibilidad y respeto:<\/strong> Reserva una consulta con el m\u00e9dico. Comprueba c\u00f3mo te trata, si te escucha y qu\u00e9 quieres. Es importante que hables a fondo con tu m\u00e9dico de lo que quieres conseguir para que tenga una idea clara y concisa de cu\u00e1l es tu objetivo, pero tambi\u00e9n es importante que respetes la experiencia y la formaci\u00f3n de tu m\u00e9dico lo suficiente como para escuchar sus recomendaciones. No querr\u00e1s tener un m\u00e9dico que no se preocupe por TI.<\/li>\n<li><strong>Especializaci\u00f3n:<\/strong> Pregunte a su m\u00e9dico por otras veces que haya realizado el procedimiento que usted desea.<\/li>\n<\/ul>\n<div  class='avia-button-wrap av-3702at-8-f04d18e939c1d0ed4cd36ca0ac68543e-wrap avia-button-center  avia-builder-el-15  avia-builder-el-no-sibling'><a href='https:\/\/spanish.drchugay.com\/es\/sobre-la-clinica-medica-de-cirugia-estetica-chugay\/'  class='avia-button av-3702at-8-f04d18e939c1d0ed4cd36ca0ac68543e av-link-btn avia-icon_select-no avia-size-large avia-position-center avia-color-dark'   aria-label=\"CONOZCA A SUS CIRUJANOS\"><span class='avia_iconbox_title' >CONOZCA A SUS CIRUJANOS<\/span><\/a><\/div>\n<\/div><\/div><footer class=\"entry-footer\"><\/footer><\/article><br \/>\n\n<style type=\"text\/css\" data-created_by=\"avia_inline_auto\" id=\"style-css-av-1r68p-1df8fc5eb2e57e338ee91e34ad6a9a9e\">\n#top .av-special-heading.av-1r68p-1df8fc5eb2e57e338ee91e34ad6a9a9e{\npadding-bottom:10px;\n}\nbody .av-special-heading.av-1r68p-1df8fc5eb2e57e338ee91e34ad6a9a9e .av-special-heading-tag .heading-char{\nfont-size:25px;\n}\n.av-special-heading.av-1r68p-1df8fc5eb2e57e338ee91e34ad6a9a9e .av-subheading{\nfont-size:15px;\n}\n<\/style>\n<div  class='av-special-heading av-1r68p-1df8fc5eb2e57e338ee91e34ad6a9a9e av-special-heading-h2  avia-builder-el-16  el_after_av_icon_box  el_before_av_textblock'><h2 class='av-special-heading-tag'  itemprop=\"headline\"  >Lifting facial y liposucci\u00f3n facial<\/h2><div class=\"special-heading-border\"><div class=\"special-heading-inner-border\"><\/div><\/div><\/div><br \/>\n<section  class='av_textblock_section av-8nz50-4-acff974149b8987dbb5e0fff2b3fdbd4'   itemscope=\"itemscope\" itemtype=\"https:\/\/schema.org\/CreativeWork\" ><div class='avia_textblock'  itemprop=\"text\" ><p>A veces un lifting facial puede ir acompa\u00f1ado de una\u00a0<strong>Liposucci\u00f3n facial<\/strong>A veces un lifting facial puede ir acompa\u00f1ado de una liposucci\u00f3n facial.   Esta pr\u00e1ctica suele producir buenos resultados a corto plazo; sin embargo, con el envejecimiento, la piel tendr\u00e1 un aspecto muy envejecido y estirado. Esto se debe a que queda muy poca grasa bajo la piel. Con cada lifting facial, la piel tendr\u00e1 cada vez menos grasa subcut\u00e1nea. Reducir m\u00e1s grasa con liposucci\u00f3n es una receta para el desastre. Una vez m\u00e1s, el truco es el equilibrio y el arte. El Dr. Chugay discutir\u00e1 las mejores opciones con usted durante su consulta.<\/p>\n<\/div><\/section><br \/>\n\n<style type=\"text\/css\" data-created_by=\"avia_inline_auto\" id=\"style-css-av-9dsts4-11399a697b8219a0eaa2ba93d19c13fd\">\n#top .hr.hr-invisible.av-9dsts4-11399a697b8219a0eaa2ba93d19c13fd{\nheight:10px;\n}\n<\/style>\n<div  class='hr av-9dsts4-11399a697b8219a0eaa2ba93d19c13fd hr-invisible  avia-builder-el-18  el_after_av_textblock  el_before_av_heading'><span class='hr-inner'><span class=\"hr-inner-style\"><\/span><\/span><\/div><br \/>\n\n<style type=\"text\/css\" data-created_by=\"avia_inline_auto\" id=\"style-css-av-16dxt-bdcfcbfa900860fe76ab6729b104d117\">\n#top .av-special-heading.av-16dxt-bdcfcbfa900860fe76ab6729b104d117{\npadding-bottom:10px;\n}\nbody .av-special-heading.av-16dxt-bdcfcbfa900860fe76ab6729b104d117 .av-special-heading-tag .heading-char{\nfont-size:25px;\n}\n.av-special-heading.av-16dxt-bdcfcbfa900860fe76ab6729b104d117 .av-subheading{\nfont-size:15px;\n}\n<\/style>\n<div  class='av-special-heading av-16dxt-bdcfcbfa900860fe76ab6729b104d117 av-special-heading-h2  avia-builder-el-19  el_after_av_hr  el_before_av_textblock'><h2 class='av-special-heading-tag'  itemprop=\"headline\"  >Riesgos involucrados<\/h2><div class=\"special-heading-border\"><div class=\"special-heading-inner-border\"><\/div><\/div><\/div><br \/>\n<section  class='av_textblock_section av-8nz50-2-bedf0d843beefe19a512601a4025bf7d'   itemscope=\"itemscope\" itemtype=\"https:\/\/schema.org\/CreativeWork\" ><div class='avia_textblock'  itemprop=\"text\" ><p>La cirug\u00eda de lipoescultura facial no deja de tener riesgos. Los riesgos potenciales son, entre otros: infecci\u00f3n, sangrado, lesiones nerviosas, deformidad de las mejillas y necesidad de una nueva cirug\u00eda.<\/p>\n<\/div><\/section><br \/>\n\n<style type=\"text\/css\" data-created_by=\"avia_inline_auto\" id=\"style-css-av-k7wmp4kk-6-febb04482225bd249576d8c01de01e5d\">\n#top .hr.hr-invisible.av-k7wmp4kk-6-febb04482225bd249576d8c01de01e5d{\nheight:20px;\n}\n<\/style>\n<div  class='hr av-k7wmp4kk-6-febb04482225bd249576d8c01de01e5d hr-invisible  avia-builder-el-21  el_after_av_textblock  el_before_av_icon_box'><span class='hr-inner'><span class=\"hr-inner-style\"><\/span><\/span><\/div><br \/>\n<article  class='iconbox iconbox_top av-k7wid5mf-3-d34ac9d8d3dc17d83fc4fd1ba7e3aee1  avia-builder-el-22  el_after_av_hr  avia-builder-el-last  main_color'  itemscope=\"itemscope\" itemtype=\"https:\/\/schema.org\/CreativeWork\" ><div class=\"iconbox_content\"><header class=\"entry-content-header\" aria-label=\"Icono: Despu\u00e9s de la operaci\u00f3n\"><div class='iconbox_icon heading-color avia-iconfont avia-font-entypo-fontello' data-av_icon='\ue81e' data-av_iconfont='entypo-fontello'  ><\/div><h3 class='iconbox_content_title'  itemprop=\"headline\" >Despu\u00e9s de su cirug\u00eda.<\/h3><\/header><div class='iconbox_content_container'  itemprop=\"text\" ><p>Despu\u00e9s de la cirug\u00eda, notar\u00e1 inflamaci\u00f3n y moretones en las zonas afectadas. Puede que la cara se vea hinchada despu\u00e9s de la operaci\u00f3n, pero esa hinchaz\u00f3n se reducir\u00e1 con el tiempo. Puede que note alg\u00fan drenaje de los sitios de las incisiones; sin embargo esto disminuir\u00e1 a medida que la herida sane y se cierre.<\/p>\n<\/div><\/div><footer class=\"entry-footer\"><\/footer><\/article><\/p><\/div>\n\n<style type=\"text\/css\" data-created_by=\"avia_inline_auto\" id=\"style-css-av-f676no-7-5132cec70610f4168470f7f169f8a481\">\n#top .flex_column.av-f676no-7-5132cec70610f4168470f7f169f8a481{\nmargin-top:50px;\nmargin-bottom:10px;\n}\n.flex_column.av-f676no-7-5132cec70610f4168470f7f169f8a481{\nborder-radius:0px 0px 0px 0px;\npadding:0px 0px 0px 0px;\n}\n.responsive #top #wrap_all .flex_column.av-f676no-7-5132cec70610f4168470f7f169f8a481{\nmargin-top:50px;\nmargin-bottom:10px;\n}\n<\/style>\n<div  class='flex_column av-f676no-7-5132cec70610f4168470f7f169f8a481 av_one_full  avia-builder-el-23  el_after_av_one_full  avia-builder-el-last  first flex_column_div av-zero-column-padding  column-top-margin'     ><style type=\"text\/css\" data-created_by=\"avia_inline_auto\" id=\"style-css-av-k7wnwtuw-bfac9e508be5c63049274c32f5ac2573\">\n.av_promobox.av-k7wnwtuw-bfac9e508be5c63049274c32f5ac2573{\ncolor:#ffffff;\nbackground:#444444;\nborder-color:#000000;\n}\n<\/style>\n<div  class='av_promobox av-k7wnwtuw-bfac9e508be5c63049274c32f5ac2573 avia-button-yes  avia-builder-el-24  el_before_av_hr  avia-builder-el-first'><div class='avia-promocontent'><h2><span style=\"color: #ffffff;\">\u00bfPreparado para mejorar el aspecto de su cuerpo?<\/span><\/h2>\n<h5><span style=\"color: #ffffff;\">Ll\u00e1menos ahora para una consulta y evaluaci\u00f3n gratuitas.<\/span><\/h5>\n<p>\n<\/div><div  class='avia-button-wrap av-k7wnwtuw-4995055a5ece8a1cc3b1f684af197876-wrap avia-button-right'><a href='https:\/\/spanish.drchugay.com\/es\/contacto\/'  class='avia-button av-k7wnwtuw-4995055a5ece8a1cc3b1f684af197876 av-link-btn avia-icon_select-no avia-size-large avia-position-right avia-color-theme-color-subtle'   aria-label=\"RESERVAR AHORA\"><span class='avia_iconbox_title' >RESERVAR AHORA<\/span><\/a><\/div><\/div><br \/>\n\n<style type=\"text\/css\" data-created_by=\"avia_inline_auto\" id=\"style-css-av-9dsts4-1-905f5f37b22e5a6ed345f98c6b1c7145\">\n#top .hr.hr-invisible.av-9dsts4-1-905f5f37b22e5a6ed345f98c6b1c7145{\nheight:10px;\n}\n<\/style>\n<div  class='hr av-9dsts4-1-905f5f37b22e5a6ed345f98c6b1c7145 hr-invisible  avia-builder-el-25  el_after_av_promobox  avia-builder-el-last'><span class='hr-inner'><span class=\"hr-inner-style\"><\/span><\/span><\/div><\/p><\/div>","protected":false},"excerpt":{"rendered":"","protected":false},"author":1,"featured_media":0,"parent":4,"menu_order":8,"comment_status":"closed","ping_status":"closed","template":"","meta":{"footnotes":""},"class_list":["post-17","page","type-page","status-publish","hentry"],"_links":{"self":[{"href":"https:\/\/spanish.drchugay.com\/es\/wp-json\/wp\/v2\/pages\/17","targetHints":{"allow":["GET"]}}],"collection":[{"href":"https:\/\/spanish.drchugay.com\/es\/wp-json\/wp\/v2\/pages"}],"about":[{"href":"https:\/\/spanish.drchugay.com\/es\/wp-json\/wp\/v2\/types\/page"}],"author":[{"embeddable":true,"href":"https:\/\/spanish.drchugay.com\/es\/wp-json\/wp\/v2\/users\/1"}],"replies":[{"embeddable":true,"href":"https:\/\/spanish.drchugay.com\/es\/wp-json\/wp\/v2\/comments?post=17"}],"version-history":[{"count":15,"href":"https:\/\/spanish.drchugay.com\/es\/wp-json\/wp\/v2\/pages\/17\/revisions"}],"predecessor-version":[{"id":12499,"href":"https:\/\/spanish.drchugay.com\/es\/wp-json\/wp\/v2\/pages\/17\/revisions\/12499"}],"up":[{"embeddable":true,"href":"https:\/\/spanish.drchugay.com\/es\/wp-json\/wp\/v2\/pages\/4"}],"wp:attachment":[{"href":"https:\/\/spanish.drchugay.com\/es\/wp-json\/wp\/v2\/media?parent=17"}],"curies":[{"name":"wp","href":"https:\/\/api.w.org\/{rel}","templated":true}]}}