{"id":187,"date":"2010-03-02T17:19:47","date_gmt":"2010-03-02T17:19:47","guid":{"rendered":"https:\/\/spanish.drchugay.com\/patient-information\/"},"modified":"2024-08-07T14:59:50","modified_gmt":"2024-08-07T21:59:50","slug":"informacion-del-paciente","status":"publish","type":"page","link":"https:\/\/spanish.drchugay.com\/es\/informacion-del-paciente\/","title":{"rendered":"Informaci\u00f3n para el paciente"},"content":{"rendered":"<div  class='hr av-1m9sz7-6e991242ed7bed2728bcf4950e031a0e hr-default  avia-builder-el-0  el_before_av_one_half  avia-builder-el-first'><span class='hr-inner'><span class=\"hr-inner-style\"><\/span><\/span><\/div>\n<div  class='flex_column av-1eqmmr-2f06531b25b221608f2ff1c133e1d974 av_one_half  avia-builder-el-1  el_after_av_hr  el_before_av_one_half  first flex_column_div'     ><article  class='iconbox iconbox_top av-4gryb-1f0ba16af481bbf8cf898338dd4ff282  avia-builder-el-2  avia-builder-el-no-sibling  main_color'  itemscope=\"itemscope\" itemtype=\"https:\/\/schema.org\/CreativeWork\" ><div class=\"iconbox_content\"><header class=\"entry-content-header\" aria-label=\"Icon: Scar Management &amp; Control of Bruising\"><a href='https:\/\/spanish.drchugay.com\/es\/informacion-del-paciente\/cicatar-gestion-control-brusising\/' title='Gesti\u00f3n de cicatrices y control de hematomas' aria-label='Gesti\u00f3n de cicatrices y control de hematomas'  class='iconbox_icon heading-color avia-iconfont avia-font-entypo-fontello' data-av_icon='\ue84e' data-av_iconfont='entypo-fontello' desc=\"Scar Management &amp; Control of Bruising\" ><\/a><h3 class='iconbox_content_title'  itemprop=\"headline\" ><a href='https:\/\/spanish.drchugay.com\/es\/informacion-del-paciente\/cicatar-gestion-control-brusising\/' title='Gesti\u00f3n de cicatrices y control de hematomas' >Gesti\u00f3n de cicatrices y control de hematomas<\/a><\/h3><\/header><div class='iconbox_content_container'  itemprop=\"text\" ><p>Tratamientos postquir\u00fargicos para reducir la visibilidad de las cicatrices de la cirug\u00eda est\u00e9tica.<\/p>\n<\/div><\/div><footer class=\"entry-footer\"><\/footer><\/article><\/div>\n<div  class='flex_column av-1eqmmr-3208036411e2cffff8c4b531a01770b6 av_one_half  avia-builder-el-3  el_after_av_one_half  el_before_av_one_half  flex_column_div'     ><article  class='iconbox iconbox_top av-4gryb-2f766fb9d4eb1687b933f0ef67040094  avia-builder-el-4  avia-builder-el-no-sibling  main_color'  itemscope=\"itemscope\" itemtype=\"https:\/\/schema.org\/CreativeWork\" ><div class=\"iconbox_content\"><header class=\"entry-content-header\" aria-label=\"Icon: Weight Loss Program\"><a href='https:\/\/spanish.drchugay.com\/es\/informacion-del-paciente\/peso-perdida-program-chugay-cosmetic\/' title='Programa de p\u00e9rdida de peso' aria-label='Programa de p\u00e9rdida de peso'  class='iconbox_icon heading-color avia-iconfont avia-font-entypo-fontello' data-av_icon='\ue84e' data-av_iconfont='entypo-fontello' desc=\"Weight Loss Program\" ><\/a><h3 class='iconbox_content_title'  itemprop=\"headline\" ><a href='https:\/\/spanish.drchugay.com\/es\/informacion-del-paciente\/peso-perdida-program-chugay-cosmetic\/' title='Programa de p\u00e9rdida de peso' >Programa de p\u00e9rdida de peso<\/a><\/h3><\/header><div class='iconbox_content_container'  itemprop=\"text\" ><p>En Chugay Cosmetic, ofrecemos un programa completo para bajar de peso.<\/p>\n<\/div><\/div><footer class=\"entry-footer\"><\/footer><\/article><\/div>\n<div  class='flex_column av-1eqmmr-2f06531b25b221608f2ff1c133e1d974 av_one_half  avia-builder-el-5  el_after_av_one_half  avia-builder-el-last  first flex_column_div  column-top-margin'     ><article  class='iconbox iconbox_top av-4gryb-1096164ef9185e1dbcd6df76ea85ec0f  avia-builder-el-6  avia-builder-el-no-sibling  main_color'  itemscope=\"itemscope\" itemtype=\"https:\/\/schema.org\/CreativeWork\" ><div class=\"iconbox_content\"><header class=\"entry-content-header\" aria-label=\"Icon: Medical Financing\"><a href='https:\/\/spanish.drchugay.com\/es\/informacion-del-paciente\/financiacion-medica\/' title='Financiamiento de cirug\u00eda cosm\u00e9tica' aria-label='Financiamiento de cirug\u00eda cosm\u00e9tica'  class='iconbox_icon heading-color avia-iconfont avia-font-entypo-fontello' data-av_icon='\ue84e' data-av_iconfont='entypo-fontello' desc=\"Medical Financing\" ><\/a><h3 class='iconbox_content_title'  itemprop=\"headline\" ><a href='https:\/\/spanish.drchugay.com\/es\/informacion-del-paciente\/financiacion-medica\/' title='Financiamiento de cirug\u00eda cosm\u00e9tica' >Financiamiento de cirug\u00eda cosm\u00e9tica<\/a><\/h3><\/header><div class='iconbox_content_container'  itemprop=\"text\" ><p>Su elegibilidad se puede verificar y aprobar en tan solo 10 minutos.<\/p>\n<\/div><\/div><footer class=\"entry-footer\"><\/footer><\/article><\/div>","protected":false},"excerpt":{"rendered":"","protected":false},"author":1,"featured_media":0,"parent":0,"menu_order":1,"comment_status":"closed","ping_status":"closed","template":"","meta":{"footnotes":""},"class_list":["post-187","page","type-page","status-publish","hentry"],"_links":{"self":[{"href":"https:\/\/spanish.drchugay.com\/es\/wp-json\/wp\/v2\/pages\/187","targetHints":{"allow":["GET"]}}],"collection":[{"href":"https:\/\/spanish.drchugay.com\/es\/wp-json\/wp\/v2\/pages"}],"about":[{"href":"https:\/\/spanish.drchugay.com\/es\/wp-json\/wp\/v2\/types\/page"}],"author":[{"embeddable":true,"href":"https:\/\/spanish.drchugay.com\/es\/wp-json\/wp\/v2\/users\/1"}],"replies":[{"embeddable":true,"href":"https:\/\/spanish.drchugay.com\/es\/wp-json\/wp\/v2\/comments?post=187"}],"version-history":[{"count":29,"href":"https:\/\/spanish.drchugay.com\/es\/wp-json\/wp\/v2\/pages\/187\/revisions"}],"predecessor-version":[{"id":12469,"href":"https:\/\/spanish.drchugay.com\/es\/wp-json\/wp\/v2\/pages\/187\/revisions\/12469"}],"wp:attachment":[{"href":"https:\/\/spanish.drchugay.com\/es\/wp-json\/wp\/v2\/media?parent=187"}],"curies":[{"name":"wp","href":"https:\/\/api.w.org\/{rel}","templated":true}]}}