{"id":190,"date":"2010-03-03T16:26:43","date_gmt":"2010-03-03T16:26:43","guid":{"rendered":"https:\/\/spanish.drchugay.com\/non-surgical\/"},"modified":"2024-08-23T18:17:28","modified_gmt":"2024-08-24T01:17:28","slug":"no-quirurgico","status":"publish","type":"page","link":"https:\/\/spanish.drchugay.com\/es\/procedimientos\/no-quirurgico\/","title":{"rendered":"No quir\u00fargico"},"content":{"rendered":"<style type=\"text\/css\" data-created_by=\"avia_inline_auto\" id=\"style-css-av-28hqti-b7fdaf836031bbbcc33ccc7d958d5d57\">\n#top .av-special-heading.av-28hqti-b7fdaf836031bbbcc33ccc7d958d5d57{\npadding-bottom:10px;\n}\nbody .av-special-heading.av-28hqti-b7fdaf836031bbbcc33ccc7d958d5d57 .av-special-heading-tag .heading-char{\nfont-size:25px;\n}\n.av-special-heading.av-28hqti-b7fdaf836031bbbcc33ccc7d958d5d57 .av-subheading{\nfont-size:15px;\n}\n<\/style>\n<div  class='av-special-heading av-28hqti-b7fdaf836031bbbcc33ccc7d958d5d57 av-special-heading-h2  avia-builder-el-0  el_before_av_hr  avia-builder-el-first'><h2 class='av-special-heading-tag'  itemprop=\"headline\"  >Tratamientos Sin Cirug\u00eda<\/h2><div class=\"special-heading-border\"><div class=\"special-heading-inner-border\"><\/div><\/div><\/div>\n\n<style type=\"text\/css\" data-created_by=\"avia_inline_auto\" id=\"style-css-av-l4ylozd0-adf95a7d6185af5b3103e082dbfcc143\">\n#top .hr.hr-invisible.av-l4ylozd0-adf95a7d6185af5b3103e082dbfcc143{\nheight:50px;\n}\n<\/style>\n<div  class='hr av-l4ylozd0-adf95a7d6185af5b3103e082dbfcc143 hr-invisible  avia-builder-el-1  el_after_av_heading  el_before_av_one_third'><span class='hr-inner'><span class=\"hr-inner-style\"><\/span><\/span><\/div>\n\n<style type=\"text\/css\" data-created_by=\"avia_inline_auto\" id=\"style-css-av-13s3pa-f706bb70fa998da565dc657a95f1ff28\">\n.flex_column.av-13s3pa-f706bb70fa998da565dc657a95f1ff28{\nwidth:32.666666666667%;\n}\n<\/style>\n<div  class='flex_column av-13s3pa-f706bb70fa998da565dc657a95f1ff28 av_one_third  avia-builder-el-2  el_after_av_hr  el_before_av_one_third  first flex_column_div'     ><section  class='av_textblock_section av-wer8e-8984421c86c41bddccef3d661ffe62d1'   itemscope=\"itemscope\" itemtype=\"https:\/\/schema.org\/CreativeWork\" ><div class='avia_textblock'  itemprop=\"text\" ><table class=\"sub_procedures\" style=\"width: 100%; text-align: left;\" border=\"0\" cellspacing=\"5\" cellpadding=\"5\" align=\"center\">\n<tbody>\n<tr>\n<td width=\"33%\"><a class=\"alignright\" style=\"float: right; margin: 0px; padding: 0px;\" title=\"CoolSculpting\" href=\"\/es\/procedimientos\/no-quirurgico\/coolsculpting\/\"><img loading=\"lazy\" decoding=\"async\" class=\"alignright size-full wp-image-292\" style=\"border: 3px solid #b4b4b4; margin-left: 5px; float: right;\" src=\"\/wp-content\/uploads\/2014\/02\/non-surgical-coolsculpting.jpg\" alt=\"ft-laser-skin-resurfacing\" width=\"70\" height=\"70\" \/><\/a><\/p>\n<h2><a title=\"CoolSculpting\" href=\"\/es\/procedimientos\/no-quirurgico\/coolsculpting\/\">CoolSculpting<\/a><\/h2>\n<p><a title=\"CoolSculpting\" href=\"\/es\/procedimientos\/no-quirurgico\/coolsculpting\/\">Seguir leyendo<\/a><\/td>\n<\/tr>\n<tr>\n<td width=\"33%\"><a class=\"alignright\" style=\"float: right; margin: 0px; padding: 0px;\" title=\"Rejuvenecimiento cut\u00e1neo con l\u00e1ser | Peeling (exfoliaci\u00f3n) qu\u00edmica | Rejuvenecimiento cut\u00e1neo con TCA (\u00e1cido tricloroac\u00e9tico)\" href=\"\/es\/procedimientos\/no-quirurgico\/resurfacing-de-piel-con-laser-peeling-quimico-y-resurfacing-de-piel-con-tca\/\"><img loading=\"lazy\" decoding=\"async\" class=\"alignright size-full wp-image-292\" style=\"border: 3px solid #b4b4b4; margin-left: 5px; float: right;\" src=\"\/wp-content\/uploads\/2011\/10\/ft-laser-skin-resurfacing.jpg\" alt=\"ft-laser-skin-resurfacing\" width=\"70\" height=\"70\" \/><\/a><\/p>\n<h2><a title=\"Rejuvenecimiento cut\u00e1neo con l\u00e1ser | Peeling (exfoliaci\u00f3n) qu\u00edmica | Rejuvenecimiento cut\u00e1neo con TCA (\u00e1cido tricloroac\u00e9tico)\" href=\"\/es\/procedimientos\/no-quirurgico\/resurfacing-de-piel-con-laser-peeling-quimico-y-resurfacing-de-piel-con-tca\/\">Rejuvenecimiento cut\u00e1neo<\/a><\/h2>\n<p><a title=\"Rejuvenecimiento cut\u00e1neo con l\u00e1ser | Peeling (exfoliaci\u00f3n) qu\u00edmica | Rejuvenecimiento cut\u00e1neo con TCA (\u00e1cido tricloroac\u00e9tico)\" href=\"\/es\/procedimientos\/no-quirurgico\/resurfacing-de-piel-con-laser-peeling-quimico-y-resurfacing-de-piel-con-tca\/\">Seguir leyendo<\/a><\/td>\n<\/tr>\n<tr>\n<td width=\"33%\"><a title=\"Pellev\u00e9\" href=\"\/es\/procedimientos\/no-quirurgico\/pelleve\/\"><img loading=\"lazy\" decoding=\"async\" class=\"alignright size-full wp-image-3247\" style=\"border: 3px solid #b4b4b4; margin-left: 5px;\" src=\"\/wp-content\/uploads\/2010\/03\/pelleve-sm-70.jpg\" alt=\"pelleve-sm-70\" width=\"70\" height=\"70\" srcset=\"https:\/\/spanish.drchugay.com\/wp-content\/uploads\/2010\/03\/pelleve-sm-70.jpg 70w, https:\/\/spanish.drchugay.com\/wp-content\/uploads\/2010\/03\/pelleve-sm-70-36x36.jpg 36w\" sizes=\"auto, (max-width: 70px) 100vw, 70px\" \/><\/a><\/p>\n<h2><a title=\"Pellev\u00e9\" href=\"\/es\/procedimientos\/no-quirurgico\/pelleve\/\">Pellev\u00e9<br \/>\nArrugas Pellev\u00e9<br \/>\n<\/a><\/h2>\n<p><a title=\"Pellev\u00e9\" href=\"\/es\/procedimientos\/no-quirurgico\/pelleve\/\">Seguir leyendo<\/a><\/td>\n<\/tr>\n<\/tbody>\n<\/table>\n<\/div><\/section><\/div>\n\n<style type=\"text\/css\" data-created_by=\"avia_inline_auto\" id=\"style-css-av-oskv2-40ed0886b81995c5c32f9086b4731f8c\">\n.flex_column.av-oskv2-40ed0886b81995c5c32f9086b4731f8c{\nwidth:32.666666666667%;\nmargin-left:1%;\nborder-radius:0px 0px 0px 0px;\npadding:0px 0px 0px 0px;\n}\n<\/style>\n<div  class='flex_column av-oskv2-40ed0886b81995c5c32f9086b4731f8c av_one_third  avia-builder-el-4  el_after_av_one_third  el_before_av_one_third  flex_column_div av-zero-column-padding'     ><section  class='av_textblock_section av-l6tke-a0a497f2f55f095c75748c7846774f79'   itemscope=\"itemscope\" itemtype=\"https:\/\/schema.org\/CreativeWork\" ><div class='avia_textblock'  itemprop=\"text\" ><table class=\"sub_procedures\" style=\"width: 100%; text-align: left;\" border=\"0\" cellspacing=\"5\" cellpadding=\"5\" align=\"center\">\n<tbody>\n<tr>\n<td width=\"33%\"><a class=\"alignright\" style=\"float: right; margin: 0px; padding: 0px;\" title=\"Cirug\u00eda de transferencia de grasa | Transferencia de grasa facial\" href=\"https:\/\/spanish.drchugay.com\/es\/procedimientos\/no-quirurgico\/cirugia-de-transferencia-de-grasa-y-transferencia-de-grasa-facial\/\"><img loading=\"lazy\" decoding=\"async\" class=\"alignright wp-image-293\" style=\"border: 3px solid #b4b4b4; margin-left: 5px; float: right;\" src=\"https:\/\/spanish.drchugay.com\/wp-content\/uploads\/2011\/10\/ft-fat-transfer.jpg\" alt=\"ft-fat-transfer\" width=\"70\" height=\"70\" \/><\/a><\/p>\n<h2><a title=\"Cirug\u00eda de transferencia de grasa | Transferencia de grasa facial\" href=\"https:\/\/spanish.drchugay.com\/es\/procedimientos\/no-quirurgico\/cirugia-de-transferencia-de-grasa-y-transferencia-de-grasa-facial\/\">Transferencia de grasa<\/a><\/h2>\n<p><a title=\"Cirug\u00eda de transferencia de grasa | Transferencia de grasa facial\" href=\"https:\/\/spanish.drchugay.com\/es\/procedimientos\/no-quirurgico\/cirugia-de-transferencia-de-grasa-y-transferencia-de-grasa-facial\/\">Seguir leyendo<\/a><\/td>\n<\/tr>\n<tr>\n<td width=\"33%\"><a title=\"Productos del dr. chugay para el cuidado de la piel\" href=\"https:\/\/spanish.drchugay.com\/es\/procedimientos\/no-quirurgico\/productos-para-el-cuidado-de-la-piel-chugay\/\"><img loading=\"lazy\" decoding=\"async\" class=\"alignright wp-image-3249 size-full\" style=\"border: 3px solid #b4b4b4; margin-left: 5px;\" src=\"https:\/\/spanish.drchugay.com\/wp-content\/uploads\/2010\/03\/skincare-products.jpg\" alt=\"productos-cuidado-de-la-piel\" width=\"70\" height=\"70\" srcset=\"https:\/\/spanish.drchugay.com\/wp-content\/uploads\/2010\/03\/skincare-products.jpg 70w, https:\/\/spanish.drchugay.com\/wp-content\/uploads\/2010\/03\/skincare-products-36x36.jpg 36w\" sizes=\"auto, (max-width: 70px) 100vw, 70px\" \/><\/a><\/p>\n<h2><a title=\"Productos del dr. chugay para el cuidado de la piel\" href=\"https:\/\/spanish.drchugay.com\/es\/procedimientos\/no-quirurgico\/productos-para-el-cuidado-de-la-piel-chugay\/\" rel=\"bookmark\">Productos del dr. chugay para el cuidado de la piel<\/a><\/h2>\n<p><a title=\"Productos del dr. chugay para el cuidado de la piel\" href=\"https:\/\/spanish.drchugay.com\/es\/procedimientos\/no-quirurgico\/productos-para-el-cuidado-de-la-piel-chugay\/\">Seguir leyendo<\/a><\/td>\n<\/tr>\n<tr>\n<td width=\"33%\"><a title=\"Programa de P\u00e9rdida de Peso con Semaglutida\" href=\"https:\/\/spanish.drchugay.com\/es\/procedimientos\/no-quirurgico\/semaglutida-peso-peso-perdida-programa\/\"><img loading=\"lazy\" decoding=\"async\" class=\"alignright size-full wp-image-3249\" style=\"border: 3px solid #b4b4b4; margin-left: 5px;\" src=\"\/wp-content\/uploads\/2023\/08\/semaglutide-weight-loss-at-Chugay-Cosmetic-thumb.png\" alt=\"Perder peso en la Cl\u00ednica Quir\u00fargica Est\u00e9tica Chugay con Semaglutide - the Skinny Shot\" width=\"70\" height=\"70\" \/><\/a><\/p>\n<h2><a title=\"Semaglutida P\u00e9rdida de peso\" href=\"https:\/\/spanish.drchugay.com\/es\/procedimientos\/no-quirurgico\/semaglutida-peso-peso-perdida-programa\/\" rel=\"bookmark\">TRATAMIENTOS PARA BAJAR DE PESO CON SEMAGLUTIDA<\/a><\/h2>\n<p><a title=\"Programa de p\u00e9rdida de peso Chugay Cosmetic - the Skinny Shot\" href=\"https:\/\/spanish.drchugay.com\/es\/procedimientos\/no-quirurgico\/semaglutida-peso-peso-perdida-programa\/\">Seguir leyendo<\/a><\/td>\n<\/tr>\n<\/tbody>\n<\/table>\n<\/div><\/section><\/div>\n<style type=\"text\/css\" data-created_by=\"avia_inline_auto\" id=\"style-css-av-go3ji-5b39f0032a88edc587b65c6067077851\">\n.flex_column.av-go3ji-5b39f0032a88edc587b65c6067077851{\nwidth:32.666666666667%;\nmargin-left:1%;\nborder-radius:0px 0px 0px 0px;\npadding:0px 0px 0px 0px;\n}\n<\/style>\n<div  class='flex_column av-go3ji-5b39f0032a88edc587b65c6067077851 av_one_third  avia-builder-el-6  el_after_av_one_third  el_before_av_hr  flex_column_div av-zero-column-padding'     ><section  class='av_textblock_section av-afk7i-a89b9134c1bf7ffb461eeed11143d15f'   itemscope=\"itemscope\" itemtype=\"https:\/\/schema.org\/CreativeWork\" ><div class='avia_textblock'  itemprop=\"text\" ><table class=\"sub_procedures\" style=\"width: 100%; text-align: left;\" border=\"0\" cellspacing=\"5\" cellpadding=\"5\" align=\"center\">\n<tbody>\n<tr>\n<td width=\"33%\"><a class=\"alignright\" href=\"https:\/\/spanish.drchugay.com\/es\/procedimientos\/no-quirurgico\/reduccion-de-arrugas-con-rellenos-y-tratamientos-con-botox\/\"><img loading=\"lazy\" decoding=\"async\" class=\"alignright wp-image-294\" style=\"border: 3px solid #b4b4b4; margin-left: 5px; float: right;\" src=\"https:\/\/spanish.drchugay.com\/wp-content\/uploads\/2011\/10\/ft-wrinkle-remove.jpg\" alt=\"ft-reductor de arrugas\" width=\"70\" height=\"70\" \/><\/a><\/p>\n<h2><a title=\"Tratamientos de reducci\u00f3n de arrugas, rellenos y b\u00f3tox\" href=\"https:\/\/spanish.drchugay.com\/es\/procedimientos\/no-quirurgico\/reduccion-de-arrugas-con-rellenos-y-tratamientos-con-botox\/\">ELIMINACI\u00d3N DE ARRUGAS \/ RELLENOS<\/a><\/h2>\n<p><a title=\"Tratamientos de reducci\u00f3n de arrugas, rellenos y b\u00f3tox\" href=\"https:\/\/spanish.drchugay.com\/es\/procedimientos\/no-quirurgico\/reduccion-de-arrugas-con-rellenos-y-tratamientos-con-botox\/\">Seguir leyendo<\/a><\/td>\n<\/tr>\n<tr>\n<td width=\"33%\"><a title=\"Medicina regenerativa\" href=\"https:\/\/spanish.drchugay.com\/es\/procedimientos\/no-quirurgico\/medicina-regenerativa\/\"><img loading=\"lazy\" decoding=\"async\" class=\"alignright wp-image-3250 size-full\" style=\"border: 3px solid #b4b4b4; margin-left: 5px;\" src=\"https:\/\/spanish.drchugay.com\/wp-content\/uploads\/2010\/03\/regenerative-medicine-sm-70.jpg\" alt=\"medicina regenerativa-sm-70\" width=\"70\" height=\"70\" srcset=\"https:\/\/spanish.drchugay.com\/wp-content\/uploads\/2010\/03\/regenerative-medicine-sm-70.jpg 70w, https:\/\/spanish.drchugay.com\/wp-content\/uploads\/2010\/03\/regenerative-medicine-sm-70-36x36.jpg 36w\" sizes=\"auto, (max-width: 70px) 100vw, 70px\" \/><\/a><\/p>\n<h2><a title=\"Medicina regenerativa\" href=\"https:\/\/spanish.drchugay.com\/es\/procedimientos\/no-quirurgico\/medicina-regenerativa\/\">Medicina regenerativa<\/a><\/h2>\n<p><a title=\"Medicina regenerativa\" href=\"https:\/\/spanish.drchugay.com\/es\/procedimientos\/no-quirurgico\/medicina-regenerativa\/\">Seguir leyendo<\/a><\/td>\n<\/tr>\n<\/tbody>\n<\/table>\n<\/div><\/section><\/div><\/p>\n<div  class='hr av-11cgly-e4f246805d95c0d6affae00000c87a03 hr-short  avia-builder-el-8  el_after_av_one_third  el_before_av_two_third  hr-center'><span class='hr-inner'><span class=\"hr-inner-style\"><\/span><\/span><\/div>\n<div  class='flex_column av-utrja-e30147b13504e0ae86e39db287681ab1 av_two_third  avia-builder-el-9  el_after_av_hr  el_before_av_one_third  first flex_column_div'     ><section  class='av_textblock_section av-2jkfy-8e5920d7300134b444ffb6013dafa282'   itemscope=\"itemscope\" itemtype=\"https:\/\/schema.org\/CreativeWork\" ><div class='avia_textblock'  itemprop=\"text\" ><p>El Dr. Chugay le guiar\u00e1 con soluciones eficaces y seguras, combinando tratamientos antienvejecimiento y procedimientos cosm\u00e9ticos no quir\u00fargicos disponibles en la actualidad.<\/p>\n<\/div><\/section><\/div>\n\n<style type=\"text\/css\" data-created_by=\"avia_inline_auto\" id=\"style-css-av-ly31q-d53c2daae91f07e368b74dc0fd62e9cb\">\n.flex_column.av-ly31q-d53c2daae91f07e368b74dc0fd62e9cb{\nborder-radius:0px 0px 0px 0px;\npadding:0px 0px 0px 0px;\n}\n<\/style>\n<div  class='flex_column av-ly31q-d53c2daae91f07e368b74dc0fd62e9cb av_one_third  avia-builder-el-11  el_after_av_two_third  avia-builder-el-last  flex_column_div av-zero-column-padding'     ><p><article  class='iconbox iconbox_top av-e2vty-606ef7e9f670cf992aea27d70a8031d4  avia-builder-el-12  el_before_av_textblock  avia-builder-el-first  main_color'  itemscope=\"itemscope\" itemtype=\"https:\/\/schema.org\/CreativeWork\" ><div class=\"iconbox_content\"><header class=\"entry-content-header\" aria-label=\"Icono: * Araceli Rodriquez\"><div class='iconbox_icon heading-color avia-iconfont avia-font-entypo-fontello' data-av_icon='\ue833' data-av_iconfont='entypo-fontello'  ><\/div><h3 class='iconbox_content_title'  itemprop=\"headline\" >* Araceli Rodriquez<\/h3><\/header><div class='iconbox_content_container'  itemprop=\"text\" ><p><em>\u00a1\u00a1\u00a1\"Mi m\u00e1s sincero agradecimiento por toda la atenci\u00f3n y calidez que sent\u00ed durante mi remodelaci\u00f3n!!! Son todos un s\u00faper grupo de personas atentas\".<\/em><\/p>\n<\/div><\/div><footer class=\"entry-footer\"><\/footer><\/article><br \/>\n\n<style type=\"text\/css\" data-created_by=\"avia_inline_auto\" id=\"style-css-av-beu9q-c05972bc3d05dadb1c50ac093899f456\">\n#top .av_textblock_section.av-beu9q-c05972bc3d05dadb1c50ac093899f456 .avia_textblock{\nfont-size:11px;\ncolor:#000000;\n}\n<\/style>\n<section  class='av_textblock_section av-beu9q-c05972bc3d05dadb1c50ac093899f456'   itemscope=\"itemscope\" itemtype=\"https:\/\/schema.org\/CreativeWork\" ><div class='avia_textblock av_inherit_color'  itemprop=\"text\" ><p style=\"text-align: center;\">*LOS RESULTADOS INDIVIDUALES PUEDEN VARIAR. LOS TESTIMONIOS NO CONSTITUYEN UNA PROMESA O REPRESENTACI\u00d3N DE NING\u00daN RESULTADO O EXPERIENCIA EN PARTICULAR.<\/p>\n<\/div><\/section><\/p><\/div>","protected":false},"excerpt":{"rendered":"","protected":false},"author":1,"featured_media":0,"parent":315,"menu_order":3,"comment_status":"closed","ping_status":"closed","template":"","meta":{"footnotes":""},"class_list":["post-190","page","type-page","status-publish","hentry"],"_links":{"self":[{"href":"https:\/\/spanish.drchugay.com\/es\/wp-json\/wp\/v2\/pages\/190","targetHints":{"allow":["GET"]}}],"collection":[{"href":"https:\/\/spanish.drchugay.com\/es\/wp-json\/wp\/v2\/pages"}],"about":[{"href":"https:\/\/spanish.drchugay.com\/es\/wp-json\/wp\/v2\/types\/page"}],"author":[{"embeddable":true,"href":"https:\/\/spanish.drchugay.com\/es\/wp-json\/wp\/v2\/users\/1"}],"replies":[{"embeddable":true,"href":"https:\/\/spanish.drchugay.com\/es\/wp-json\/wp\/v2\/comments?post=190"}],"version-history":[{"count":21,"href":"https:\/\/spanish.drchugay.com\/es\/wp-json\/wp\/v2\/pages\/190\/revisions"}],"predecessor-version":[{"id":12437,"href":"https:\/\/spanish.drchugay.com\/es\/wp-json\/wp\/v2\/pages\/190\/revisions\/12437"}],"up":[{"embeddable":true,"href":"https:\/\/spanish.drchugay.com\/es\/wp-json\/wp\/v2\/pages\/315"}],"wp:attachment":[{"href":"https:\/\/spanish.drchugay.com\/es\/wp-json\/wp\/v2\/media?parent=190"}],"curies":[{"name":"wp","href":"https:\/\/api.w.org\/{rel}","templated":true}]}}