{"id":191,"date":"2010-03-03T16:30:03","date_gmt":"2010-03-03T16:30:03","guid":{"rendered":"https:\/\/spanish.drchugay.com\/breast-enhancement\/"},"modified":"2024-08-23T17:47:06","modified_gmt":"2024-08-24T00:47:06","slug":"mejora-de-senos","status":"publish","type":"page","link":"https:\/\/spanish.drchugay.com\/es\/procedimientos\/mejora-de-senos\/","title":{"rendered":"Cirugia de Senos"},"content":{"rendered":"<style type=\"text\/css\" data-created_by=\"avia_inline_auto\" id=\"style-css-av-26zk7b-fab1e82d0bc548d4c38fb55d8ddbad2b\">\n#top .av-special-heading.av-26zk7b-fab1e82d0bc548d4c38fb55d8ddbad2b{\npadding-bottom:10px;\n}\nbody .av-special-heading.av-26zk7b-fab1e82d0bc548d4c38fb55d8ddbad2b .av-special-heading-tag .heading-char{\nfont-size:25px;\n}\n.av-special-heading.av-26zk7b-fab1e82d0bc548d4c38fb55d8ddbad2b .av-subheading{\nfont-size:15px;\n}\n<\/style>\n<div  class='av-special-heading av-26zk7b-fab1e82d0bc548d4c38fb55d8ddbad2b av-special-heading-h2  avia-builder-el-0  el_before_av_hr  avia-builder-el-first'><h2 class='av-special-heading-tag'  itemprop=\"headline\"  >Cirugia de Senos<\/h2><div class=\"special-heading-border\"><div class=\"special-heading-inner-border\"><\/div><\/div><\/div>\n\n<style type=\"text\/css\" data-created_by=\"avia_inline_auto\" id=\"style-css-av-l4ykzsan-452291b3284d9d5487063e09e473d87b\">\n#top .hr.hr-invisible.av-l4ykzsan-452291b3284d9d5487063e09e473d87b{\nheight:50px;\n}\n<\/style>\n<div  class='hr av-l4ykzsan-452291b3284d9d5487063e09e473d87b hr-invisible  avia-builder-el-1  el_after_av_heading  el_before_av_one_third'><span class='hr-inner'><span class=\"hr-inner-style\"><\/span><\/span><\/div>\n\n<style type=\"text\/css\" data-created_by=\"avia_inline_auto\" id=\"style-css-av-11gx3r-98379763c7041d1951ffb6acbf61203e\">\n.flex_column.av-11gx3r-98379763c7041d1951ffb6acbf61203e{\nwidth:32.666666666667%;\n}\n<\/style>\n<div  class='flex_column av-11gx3r-98379763c7041d1951ffb6acbf61203e av_one_third  avia-builder-el-2  el_after_av_hr  el_before_av_one_third  first flex_column_div'     ><section  class='av_textblock_section av-xzzf3-3ff25cbc36ba1cc6fc67a4cbc7961296'   itemscope=\"itemscope\" itemtype=\"https:\/\/schema.org\/CreativeWork\" ><div class='avia_textblock'  itemprop=\"text\" ><table class=\"sub_procedures\" style=\"width: 100%; text-align: left;\" border=\"0\" cellspacing=\"5\" cellpadding=\"5\" align=\"center\">\n<tbody>\n<tr>\n<td width=\"33%\"><a class=\"alignright\" style=\"float: right; margin: 0px; padding: 0px;\" title=\"Cirug\u00eda de reducci\u00f3n de senos\" href=\"https:\/\/spanish.drchugay.com\/es\/procedimientos\/mejora-de-senos\/cirugia-de-reduccion-de-senos\/\"><img loading=\"lazy\" decoding=\"async\" class=\"alignright wp-image-297 size-full\" style=\"border: 3px solid #b4b4b4; margin-left: 5px;\" src=\"https:\/\/spanish.drchugay.com\/wp-content\/uploads\/2011\/10\/bs-breast-reduction.jpg\" alt=\"bs-breast-reduction\" width=\"70\" height=\"70\" \/><\/a><\/p>\n<h2><a title=\"Cirug\u00eda de reducci\u00f3n de senos\" href=\"https:\/\/spanish.drchugay.com\/es\/procedimientos\/mejora-de-senos\/cirugia-de-reduccion-de-senos\/\">Reduccion de senos<\/a><\/h2>\n<p><a title=\"Cirug\u00eda de reducci\u00f3n de senos\" href=\"https:\/\/spanish.drchugay.com\/es\/procedimientos\/mejora-de-senos\/cirugia-de-reduccion-de-senos\/\">Seguir leyendo<\/a><\/td>\n<\/tr>\n<tr>\n<td width=\"33%\"><a class=\"alignright\" style=\"float: right; margin: 0px; padding: 0px;\" title=\"Levantamiento de busto con aumento\" href=\"https:\/\/spanish.drchugay.com\/es\/procedimientos\/mejora-de-senos\/levantamiento-de-senos-con-aumento\/\"><img loading=\"lazy\" decoding=\"async\" class=\"alignright wp-image-303 size-full\" style=\"border: 3px solid #b4b4b4; margin-left: 5px;\" src=\"https:\/\/spanish.drchugay.com\/wp-content\/uploads\/2011\/10\/breast-lift-augm.jpg\" alt=\"bs-labiaplastia\" width=\"70\" height=\"70\" srcset=\"https:\/\/spanish.drchugay.com\/wp-content\/uploads\/2011\/10\/breast-lift-augm.jpg 70w, https:\/\/spanish.drchugay.com\/wp-content\/uploads\/2011\/10\/breast-lift-augm-36x36.jpg 36w\" sizes=\"auto, (max-width: 70px) 100vw, 70px\" \/><\/a><\/p>\n<h2 style=\"text-align: left;\"><a title=\"Levantamiento de busto con aumento\" href=\"https:\/\/spanish.drchugay.com\/es\/procedimientos\/mejora-de-senos\/levantamiento-de-senos-con-aumento\/\">Levantamiento de busto con aumento<\/a><\/h2>\n<p style=\"text-align: left;\"><a title=\"Levantamiento de busto con aumento\" href=\"https:\/\/spanish.drchugay.com\/es\/procedimientos\/mejora-de-senos\/levantamiento-de-senos-con-aumento\/\">Seguir leyendo<\/a><\/p>\n<\/td>\n<\/tr>\n<\/tbody>\n<\/table>\n<\/div><\/section><\/div>\n\n<style type=\"text\/css\" data-created_by=\"avia_inline_auto\" id=\"style-css-av-2l3zz-aa4ccc5f31bb363c9384a09a4abe6850\">\n.flex_column.av-2l3zz-aa4ccc5f31bb363c9384a09a4abe6850{\nwidth:32.666666666667%;\nmargin-left:1%;\nborder-radius:0px 0px 0px 0px;\npadding:0px 0px 0px 0px;\n}\n<\/style>\n<div  class='flex_column av-2l3zz-aa4ccc5f31bb363c9384a09a4abe6850 av_one_third  avia-builder-el-4  el_after_av_one_third  el_before_av_one_third  flex_column_div av-zero-column-padding'     ><section  class='av_textblock_section av-khm5r-79d5c67d3b54c3758febd9cd3d44f400'   itemscope=\"itemscope\" itemtype=\"https:\/\/schema.org\/CreativeWork\" ><div class='avia_textblock'  itemprop=\"text\" ><table class=\"sub_procedures\" style=\"width: 100%; text-align: left;\" border=\"0\" cellspacing=\"5\" cellpadding=\"5\" align=\"center\">\n<tbody>\n<tr>\n<td width=\"33%\"><a href=\"https:\/\/spanish.drchugay.com\/es\/procedimientos\/mejora-de-senos\/cirugia-de-levantamiento-de-senos\/\"><img loading=\"lazy\" decoding=\"async\" class=\"alignright wp-image-3200 size-full\" style=\"border: 3px solid #b4b4b4; margin-left: 5px;\" src=\"https:\/\/spanish.drchugay.com\/wp-content\/uploads\/2014\/02\/breast-lift-sm-70.jpg\" alt=\"breast-lift-sm-70\" width=\"70\" height=\"70\" srcset=\"https:\/\/spanish.drchugay.com\/wp-content\/uploads\/2014\/02\/breast-lift-sm-70.jpg 70w, https:\/\/spanish.drchugay.com\/wp-content\/uploads\/2014\/02\/breast-lift-sm-70-36x36.jpg 36w\" sizes=\"auto, (max-width: 70px) 100vw, 70px\" \/><\/a><\/p>\n<h2><a title=\"Cirugia de levantamiento de senos\" href=\"https:\/\/spanish.drchugay.com\/es\/procedimientos\/mejora-de-senos\/cirugia-de-levantamiento-de-senos\/\">Cirugia de levantamiento de senos<\/a><\/h2>\n<p><a title=\"Cirugia de levantamiento de senos\" href=\"https:\/\/spanish.drchugay.com\/es\/procedimientos\/mejora-de-senos\/cirugia-de-levantamiento-de-senos\/\">Seguir leyendo<\/a><\/td>\n<\/tr>\n<\/tbody>\n<\/table>\n<\/div><\/section><\/div>\n\n<style type=\"text\/css\" data-created_by=\"avia_inline_auto\" id=\"style-css-av-dhatr-103322d34e6953dbedd31a1d41d1329d\">\n.flex_column.av-dhatr-103322d34e6953dbedd31a1d41d1329d{\nwidth:32.666666666667%;\nmargin-left:1%;\nborder-radius:0px 0px 0px 0px;\npadding:0px 0px 0px 0px;\n}\n<\/style>\n<div  class='flex_column av-dhatr-103322d34e6953dbedd31a1d41d1329d av_one_third  avia-builder-el-6  el_after_av_one_third  el_before_av_hr  flex_column_div av-zero-column-padding'     ><section  class='av_textblock_section av-acn9r-5216af4b49ed0ff3d09b080bc33bb37c'   itemscope=\"itemscope\" itemtype=\"https:\/\/schema.org\/CreativeWork\" ><div class='avia_textblock'  itemprop=\"text\" ><table class=\"sub_procedures\" style=\"width: 100%; text-align: left;\" border=\"0\" cellspacing=\"5\" cellpadding=\"5\" align=\"center\">\n<tbody>\n<tr>\n<td width=\"33%\"><a href=\"https:\/\/spanish.drchugay.com\/es\/procedimientos\/mejora-de-senos\/cirugia-de-aumento-de-senos-antes-y-despues-y-recuperacion\/\"><img loading=\"lazy\" decoding=\"async\" class=\"alignright wp-image-3204\" style=\"border: 3px solid #b4b4b4; margin-left: 5px;\" src=\"https:\/\/spanish.drchugay.com\/wp-content\/uploads\/2014\/02\/breast-augmentation-alt-701.jpg\" alt=\"aumento mamario-alt-70\" width=\"70\" height=\"70\" srcset=\"https:\/\/spanish.drchugay.com\/wp-content\/uploads\/2014\/02\/breast-augmentation-alt-701.jpg 70w, https:\/\/spanish.drchugay.com\/wp-content\/uploads\/2014\/02\/breast-augmentation-alt-701-36x36.jpg 36w\" sizes=\"auto, (max-width: 70px) 100vw, 70px\" \/><\/a><\/p>\n<h2><a title=\"Cirug\u00eda de aumento de pecho | Antes y despu\u00e9s | Recuperaci\u00f3n del aumento\" href=\"https:\/\/spanish.drchugay.com\/es\/procedimientos\/mejora-de-senos\/cirugia-de-aumento-de-senos-antes-y-despues-y-recuperacion\/\">Aumento de el busto<\/a><\/h2>\n<p><a title=\"Cirug\u00eda de aumento de pecho | Antes y despu\u00e9s | Recuperaci\u00f3n del aumento\" href=\"https:\/\/spanish.drchugay.com\/es\/procedimientos\/mejora-de-senos\/cirugia-de-aumento-de-senos-antes-y-despues-y-recuperacion\/\">Seguir leyendo<\/a><\/td>\n<\/tr>\n<\/tbody>\n<\/table>\n<\/div><\/section><\/div>\n<div  class='hr av-1448fj-8b1cfe892e1d3a8fc5222f5bb7e2282d hr-short  avia-builder-el-8  el_after_av_one_third  el_before_av_two_third  hr-center'><span class='hr-inner'><span class=\"hr-inner-style\"><\/span><\/span><\/div>\n<div  class='flex_column av-urypz-578c800c473a504c022026775084827c av_two_third  avia-builder-el-9  el_after_av_hr  el_before_av_one_third  first flex_column_div'     ><section  class='av_textblock_section av-r6m33-ca653a9e7fcc082f73f8b3a84cbb32fd'   itemscope=\"itemscope\" itemtype=\"https:\/\/schema.org\/CreativeWork\" ><div class='avia_textblock'  itemprop=\"text\" ><p>Tanto en el pasado como en el presente, el seno ha sido uno de los atributos clave de la identidad f\u00edsica femenina y masculina. El tama\u00f1o, la apariencia y la forma del seno han asumido una gran importancia tanto para la propia paciente como para sus admiradores.<\/p>\n<p><a href=\"https:\/\/spanish.drchugay.com\/es\/procedimientos\/mejora-de-senos\/cirugia-de-aumento-de-senos-antes-y-despues-y-recuperacion\/\">Cirug\u00eda de aumento mamario<\/a> (tambi\u00e9n conocido como aumento de mamas) se realiza generalmente en mujeres con mamas poco desarrolladas o en mujeres que han experimentado una disminuci\u00f3n del tama\u00f1o o la forma de las mamas debido a un embarazo o a una p\u00e9rdida de peso.<\/p>\n<p><a href=\"https:\/\/spanish.drchugay.com\/es\/procedimientos\/mejora-de-senos\/cirugia-de-reduccion-de-senos\/\">Cirug\u00eda de reducci\u00f3n de senos<\/a> (Mamoplastia de reducci\u00f3n) es ideal para pacientes con mamas excesivamente grandes. La intervenci\u00f3n permite extirpar una parte de la gl\u00e1ndula mamaria, la piel, la grasa y otros tejidos, lo que hace que las mamas sean m\u00e1s peque\u00f1as, m\u00e1s formadas y m\u00e1s firmes, con pezones mejor formados y colocados.<\/p>\n<p>Muchas mujeres, con el paso de los a\u00f1os, desarrollan senos ca\u00eddos y est\u00e9ticamente desagradables. Factores tales como el embarazo, la lactancia y simplemente el envejecimiento contribuyen a ello. A medida que la piel pierde su elasticidad, a menudo los senos pierden su forma y firmeza y empiezan a colgar.<\/p>\n<ul>\n<li><a href=\"https:\/\/spanish.drchugay.com\/es\/procedimientos\/mejora-de-senos\/cirugia-de-aumento-de-senos-antes-y-despues-y-recuperacion\/\">Aumento de el busto<\/a><\/li>\n<li><a href=\"https:\/\/spanish.drchugay.com\/es\/procedimientos\/mejora-de-senos\/cirugia-de-reduccion-de-senos\/\">Reduccion de senos<\/a><\/li>\n<li><a href=\"https:\/\/spanish.drchugay.com\/es\/procedimientos\/mejora-de-senos\/cirugia-de-levantamiento-de-senos\/\">Cirugia de levantamiento de senos<\/a><\/li>\n<\/ul>\n<\/div><\/section><\/div>\n\n<style type=\"text\/css\" data-created_by=\"avia_inline_auto\" id=\"style-css-av-m1enb-1bc5511d37534e11ea8ebf9500477745\">\n.flex_column.av-m1enb-1bc5511d37534e11ea8ebf9500477745{\nborder-radius:0px 0px 0px 0px;\npadding:0px 0px 0px 0px;\n}\n<\/style>\n<div  class='flex_column av-m1enb-1bc5511d37534e11ea8ebf9500477745 av_one_third  avia-builder-el-11  el_after_av_two_third  avia-builder-el-last  flex_column_div av-zero-column-padding'     ><p><article  class='iconbox iconbox_top av-evjgv-ad987dc8533bdf055d87ae0e18fda97b  avia-builder-el-12  el_before_av_textblock  avia-builder-el-first  main_color'  itemscope=\"itemscope\" itemtype=\"https:\/\/schema.org\/CreativeWork\" ><div class=\"iconbox_content\"><header class=\"entry-content-header\" aria-label=\"Icono: * Monica Romero \"><div class='iconbox_icon heading-color avia-iconfont avia-font-entypo-fontello' data-av_icon='\ue833' data-av_iconfont='entypo-fontello'  ><\/div><h3 class='iconbox_content_title'  itemprop=\"headline\" >* Monica Romero <\/h3><\/header><div class='iconbox_content_container'  itemprop=\"text\" ><p>\"Quiero dar las gracias a todos por ser tan amables y preocupados. Y de manera especial gracias Dr. Chugay por hacer milagros en mi pecho no puedo dejar de mirarlos. Gracias en especial a Lucy por ser una persona estupenda. (Y a Alfonso, que dios lo bendiga, me dio el valor y la tranquilidad que mi coraz\u00f3n necesitaba en ese momento tan especial de mi cirug\u00eda, que dios los bendiga siempre.\"<\/p>\n<\/div><\/div><footer class=\"entry-footer\"><\/footer><\/article><br \/>\n\n<style type=\"text\/css\" data-created_by=\"avia_inline_auto\" id=\"style-css-av-9me1z-cfa0ca9c7fc790fb50ddea40dcb5caa8\">\n#top .av_textblock_section.av-9me1z-cfa0ca9c7fc790fb50ddea40dcb5caa8 .avia_textblock{\nfont-size:11px;\ncolor:#000000;\n}\n<\/style>\n<section  class='av_textblock_section av-9me1z-cfa0ca9c7fc790fb50ddea40dcb5caa8'   itemscope=\"itemscope\" itemtype=\"https:\/\/schema.org\/CreativeWork\" ><div class='avia_textblock av_inherit_color'  itemprop=\"text\" ><p style=\"text-align: center;\">*LOS RESULTADOS INDIVIDUALES PUEDEN VARIAR. LOS TESTIMONIOS NO CONSTITUYEN UNA PROMESA O REPRESENTACI\u00d3N DE NING\u00daN RESULTADO O EXPERIENCIA EN PARTICULAR.<\/p>\n<\/div><\/section><\/p><\/div>","protected":false},"excerpt":{"rendered":"","protected":false},"author":1,"featured_media":0,"parent":315,"menu_order":5,"comment_status":"closed","ping_status":"closed","template":"","meta":{"footnotes":""},"class_list":["post-191","page","type-page","status-publish","hentry"],"_links":{"self":[{"href":"https:\/\/spanish.drchugay.com\/es\/wp-json\/wp\/v2\/pages\/191","targetHints":{"allow":["GET"]}}],"collection":[{"href":"https:\/\/spanish.drchugay.com\/es\/wp-json\/wp\/v2\/pages"}],"about":[{"href":"https:\/\/spanish.drchugay.com\/es\/wp-json\/wp\/v2\/types\/page"}],"author":[{"embeddable":true,"href":"https:\/\/spanish.drchugay.com\/es\/wp-json\/wp\/v2\/users\/1"}],"replies":[{"embeddable":true,"href":"https:\/\/spanish.drchugay.com\/es\/wp-json\/wp\/v2\/comments?post=191"}],"version-history":[{"count":13,"href":"https:\/\/spanish.drchugay.com\/es\/wp-json\/wp\/v2\/pages\/191\/revisions"}],"predecessor-version":[{"id":12843,"href":"https:\/\/spanish.drchugay.com\/es\/wp-json\/wp\/v2\/pages\/191\/revisions\/12843"}],"up":[{"embeddable":true,"href":"https:\/\/spanish.drchugay.com\/es\/wp-json\/wp\/v2\/pages\/315"}],"wp:attachment":[{"href":"https:\/\/spanish.drchugay.com\/es\/wp-json\/wp\/v2\/media?parent=191"}],"curies":[{"name":"wp","href":"https:\/\/api.w.org\/{rel}","templated":true}]}}