{"id":199,"date":"2010-04-22T16:04:09","date_gmt":"2010-04-22T16:04:09","guid":{"rendered":"https:\/\/spanish.drchugay.com\/pelleve\/"},"modified":"2024-08-21T15:32:45","modified_gmt":"2024-08-21T22:32:45","slug":"pelleve","status":"publish","type":"page","link":"https:\/\/spanish.drchugay.com\/es\/procedimientos\/no-quirurgico\/pelleve\/","title":{"rendered":"Pellev\u00e9"},"content":{"rendered":"<style type=\"text\/css\" data-created_by=\"avia_inline_auto\" id=\"style-css-av-1nirtb-2b6f9d410c3c38fa4625aa8da3b72ddb\">\n.flex_column.av-1nirtb-2b6f9d410c3c38fa4625aa8da3b72ddb{\nborder-radius:0px 0px 0px 0px;\npadding:0px 0px 0px 0px;\n}\n<\/style>\n<div  class='flex_column av-1nirtb-2b6f9d410c3c38fa4625aa8da3b72ddb av_one_full  avia-builder-el-0  el_before_av_one_half  avia-builder-el-first  first flex_column_div av-zero-column-padding'     ><section  class='av_textblock_section av-1cunvr-a152bcf2821c202e2128d344ea78cf18'   itemscope=\"itemscope\" itemtype=\"https:\/\/schema.org\/CreativeWork\" ><div class='avia_textblock'  itemprop=\"text\" ><h3>\u00bfY si pudiera reducir las arrugas faciales hoy\u2026 sin cirug\u00eda?<\/h3>\n<p>Pellev\u00e9 \u2122 est\u00e1 indicado para la correcci\u00f3n cosm\u00e9tica de arrugas faciales leves a moderadas para ciertos tipos de piel. Los posibles efectos secundarios de Pellev\u00e9 \u2122 por lo general est\u00e1n relacionados con el sitio del tratamiento e incluyen molestias leves durante el procedimiento localizadas en el \u00e1rea de tratamiento.<\/p>\n<p>Puede producirse una leve hinchaz\u00f3n (edema) y enrojecimiento (eritema) durante o despu\u00e9s de un tratamiento de la piel con radiofrecuencia. Los estudios iniciales de tratamientos antiarrugas Pellev\u00e9 \u2122 han indicado que el eritema se resuelve generalmente de 2 a 24 horas despu\u00e9s del tratamiento.<\/p>\n<h6 style=\"text-align: left;\">*LOS RESULTADOS INDIVIDUALES VARIAR\u00c1N.<\/h6>\n<h3>Qu\u00e9 es Pellev\u00e9\u2122?<\/h3>\n<p><img loading=\"lazy\" decoding=\"async\" class=\"alignright size-full wp-image-197\" style=\"margin-left: 20px; margin-bottom: 20px; float: right;\" src=\"https:\/\/spanish.drchugay.com\/wp-content\/uploads\/2010\/04\/pelleve_logo.jpg\" alt=\"pelleve_logo\" width=\"200\" height=\"83\" \/>Pellev\u00e9 es una innovaci\u00f3n para una piel m\u00e1s suave y tensa, y est\u00e1 aprobado para tratar las arrugas faciales sin cirug\u00eda.<\/p>\n<h3>\u00bfC\u00f3mo funciona Pellev\u00e9?<\/h3>\n<p>Pellev\u00e9 calienta con precisi\u00f3n las capas profundas de la piel utilizando la tecnolog\u00eda avanzada de ondas de radio sin da\u00f1ar la epidermis o capa superior. El calor hace que el col\u00e1geno en su piel se contraiga y se tense. Despu\u00e9s del tratamiento, la piel comenzar\u00e1 a producir nuevo col\u00e1geno. El resultado es una mejora en la calidad, la firmeza y la tirantez de la piel que puede ver y sentir.<\/p>\n<h3>\u00bfQu\u00e9 partes de mi cuerpo pueden ser tratadas con Pellev\u00e9?<\/h3>\n<p>Pellev\u00e9 se puede utilizar para tratar la piel del rostro, incluyendo el \u00e1rea de los ojos. \u00bfQu\u00e9 debo esperar durante el procedimiento? Sentir\u00e1 una sensaci\u00f3n de calor profundo cada vez que la pieza de mano de Pellev\u00e9 toque la zona a tratar. Como no requiere anestesia, podr\u00e1 describir la profundidad de la sensaci\u00f3n con su m\u00e9dico, lo que ayuda a asegurar los mejores resultados posibles.<\/p>\n<\/div><\/section><\/div>\n\n<style type=\"text\/css\" data-created_by=\"avia_inline_auto\" id=\"style-css-av-19q4yf-ae2ac26b373a0f4b7564fda5c3864fb6\">\n.flex_column.av-19q4yf-ae2ac26b373a0f4b7564fda5c3864fb6{\nborder-radius:0px 0px 0px 0px;\npadding:0px 0px 0px 0px;\n}\n<\/style>\n<div  class='flex_column av-19q4yf-ae2ac26b373a0f4b7564fda5c3864fb6 av_one_half  avia-builder-el-2  el_after_av_one_full  el_before_av_one_half  first flex_column_div av-zero-column-padding  column-top-margin'     ><section  class='av_textblock_section av-15nnt3-a546d8de68d7d629afee5957fce06d6a'   itemscope=\"itemscope\" itemtype=\"https:\/\/schema.org\/CreativeWork\" ><div class='avia_textblock'  itemprop=\"text\" ><h3>\u00bfQu\u00e9 debo esperar despu\u00e9s del procedimiento?<\/h3>\n<p>Los posibles efectos secundarios de Pellev\u00e9 incluyen molestias leves en \u00e1rea tratada durante el procedimiento. Puede producirse una  hinchaz\u00f3n y enrojecimiento leves que por lo general desaparece al cabo de 2 a 24 horas.<\/p>\n<h3>\u00bfCu\u00e1nto tiempo toma un procedimiento Pellev\u00e9?<\/h3>\n<p>El procedimiento Pellev\u00e9 normalmente tomar\u00e1 alrededor de 45 a 60 minutos para un tratamiento facial completo. Como Pellev\u00e9 no requiere anestesia o tiempo de inactividad, se ajusta f\u00e1cilmente a su ajetreado calendario.<\/p>\n<\/div><\/section><\/div>\n<style type=\"text\/css\" data-created_by=\"avia_inline_auto\" id=\"style-css-av-xjv6f-d3f4c69649cdad8e96a8d21215a6550c\">\n.flex_column.av-xjv6f-d3f4c69649cdad8e96a8d21215a6550c{\nborder-radius:0px 0px 0px 0px;\npadding:0px 0px 0px 0px;\n}\n<\/style>\n<div  class='flex_column av-xjv6f-d3f4c69649cdad8e96a8d21215a6550c av_one_half  avia-builder-el-4  el_after_av_one_half  el_before_av_one_full  flex_column_div av-zero-column-padding  column-top-margin'     ><p>\n<style type=\"text\/css\" data-created_by=\"avia_inline_auto\" id=\"style-css-av-pt0lj-f46961371d043213e7a78dae27810901\">\n.avia-image-container.av-pt0lj-f46961371d043213e7a78dae27810901 img.avia_image{\nbox-shadow:none;\n}\n.avia-image-container.av-pt0lj-f46961371d043213e7a78dae27810901 .av-caption-image-overlay-bg{\nopacity:0.4;\n}\n.avia-image-container.av-pt0lj-f46961371d043213e7a78dae27810901 .av-image-caption-overlay-center{\ncolor:#000000;\n}\n<\/style>\n<div  class='avia-image-container av-pt0lj-f46961371d043213e7a78dae27810901 av-styling- avia-align-center  avia-builder-el-5  el_before_av_textblock  avia-builder-el-first  noHover av-overlay-hover-deactivate'   itemprop=\"image\" itemscope=\"itemscope\" itemtype=\"https:\/\/schema.org\/ImageObject\" ><div class=\"avia-image-container-inner\"><div class=\"avia-image-overlay-wrap\"><div class=\"av-image-caption-overlay\"><div class=\"av-caption-image-overlay-bg\"><\/div><div class=\"av-image-caption-overlay-position\"><div class=\"av-image-caption-overlay-center\"><p>*<\/p>\n<\/div><\/div><\/div><img decoding=\"async\" fetchpriority=\"high\" class='wp-image-250 avia-img-lazy-loading-not-250 avia_image' src=\"https:\/\/spanish.drchugay.com\/wp-content\/uploads\/2011\/03\/pelleve.jpg\" alt='pelleve' title='pelleve'  height=\"200\" width=\"300\"  itemprop=\"thumbnailUrl\"  \/><\/div><\/div><\/div><br \/>\n\n<style type=\"text\/css\" data-created_by=\"avia_inline_auto\" id=\"style-css-av-ivsdj-89626002cf40960d0c2f105dd76ababb\">\n#top .av_textblock_section.av-ivsdj-89626002cf40960d0c2f105dd76ababb .avia_textblock{\nfont-size:11px;\ncolor:#000000;\n}\n<\/style>\n<section  class='av_textblock_section av-ivsdj-89626002cf40960d0c2f105dd76ababb'   itemscope=\"itemscope\" itemtype=\"https:\/\/schema.org\/CreativeWork\" ><div class='avia_textblock av_inherit_color'  itemprop=\"text\" ><p style=\"text-align: center;\">*LOS RESULTADOS INDIVIDUALES VAR\u00cdAN. LOS IM\u00c1GENES NO CONSTITUYEN UNA PROMESA O REPRESENTACI\u00d3N DE NING\u00daN RESULTADO O EXPERIENCIA EN PARTICULAR.<\/p>\n<\/div><\/section><\/p><\/div><\/p>\n\n<style type=\"text\/css\" data-created_by=\"avia_inline_auto\" id=\"style-css-av-f1a9j-540dcc5c873f3ccb1e0853d42be7306b\">\n.flex_column.av-f1a9j-540dcc5c873f3ccb1e0853d42be7306b{\nborder-radius:0px 0px 0px 0px;\npadding:0px 0px 0px 0px;\n}\n<\/style>\n<div  class='flex_column av-f1a9j-540dcc5c873f3ccb1e0853d42be7306b av_one_full  avia-builder-el-7  el_after_av_one_half  avia-builder-el-last  first flex_column_div av-zero-column-padding  column-top-margin'     ><section  class='av_textblock_section av-8ybjr-dd02c8f9a9ac0d6cac8268fb57adb727'   itemscope=\"itemscope\" itemtype=\"https:\/\/schema.org\/CreativeWork\" ><div class='avia_textblock'  itemprop=\"text\" ><h3>\u00bfCu\u00e1ndo voy a ver los resultados, y con qu\u00e9 frecuencia se recomienda el tratamiento?<\/h3>\n<p>Muchas personas comienzan a ver los resultados inmediatamente despu\u00e9s de un solo tratamiento, con una mejor\u00eda duradera por un m\u00e1ximo de 6 meses a medida que la piel produce nuevo col\u00e1geno. Su m\u00e9dico le recomendar\u00e1 el n\u00famero de tratamientos que ser\u00eda m\u00e1s beneficioso para usted.<\/p>\n<p>*LOS RESULTADOS INDIVIDUALES VARIAR\u00c1N.<\/p>\n<h3>\u00bfEn qu\u00e9 se diferencia Pellev\u00e9 de otros tratamientos de estiramiento de la piel?<\/h3>\n<p>Los estudios m\u00e9dicos han demostrado que Pellev\u00e9 proporciona un estiramiento de la piel seguro y eficaz. Pellev\u00e9 es un procedimiento no invasivo, lo que significa que no requiere cirug\u00eda. Los efectos secundarios y las molestias son m\u00ednimas.  A diferencia de otros sistemas de estiramiento cut\u00e1neo, no se necesita anestesia o enfriamiento de la piel durante su procedimiento de Pellev\u00e9, por lo que pueda volver a casa o al trabajo inmediatamente despu\u00e9s del tratamiento.<\/p>\n<h3>\u00bfEsta Pellev\u00e9 aprobado por el FDA?<\/h3>\n<p>Pellev\u00e9 ha recibido el visto bueno de la FDA para el tratamiento no invasivo de arrugas faciales leves a moderadas para ciertos tipos de piel. Hable con su m\u00e9dico para saber si Pellev\u00e9 es adecuado para su piel.<\/p>\n<\/div><\/section><\/div>","protected":false},"excerpt":{"rendered":"","protected":false},"author":1,"featured_media":197,"parent":190,"menu_order":2,"comment_status":"closed","ping_status":"closed","template":"","meta":{"footnotes":""},"class_list":["post-199","page","type-page","status-publish","has-post-thumbnail","hentry"],"_links":{"self":[{"href":"https:\/\/spanish.drchugay.com\/es\/wp-json\/wp\/v2\/pages\/199","targetHints":{"allow":["GET"]}}],"collection":[{"href":"https:\/\/spanish.drchugay.com\/es\/wp-json\/wp\/v2\/pages"}],"about":[{"href":"https:\/\/spanish.drchugay.com\/es\/wp-json\/wp\/v2\/types\/page"}],"author":[{"embeddable":true,"href":"https:\/\/spanish.drchugay.com\/es\/wp-json\/wp\/v2\/users\/1"}],"replies":[{"embeddable":true,"href":"https:\/\/spanish.drchugay.com\/es\/wp-json\/wp\/v2\/comments?post=199"}],"version-history":[{"count":10,"href":"https:\/\/spanish.drchugay.com\/es\/wp-json\/wp\/v2\/pages\/199\/revisions"}],"predecessor-version":[{"id":12361,"href":"https:\/\/spanish.drchugay.com\/es\/wp-json\/wp\/v2\/pages\/199\/revisions\/12361"}],"up":[{"embeddable":true,"href":"https:\/\/spanish.drchugay.com\/es\/wp-json\/wp\/v2\/pages\/190"}],"wp:featuredmedia":[{"embeddable":true,"href":"https:\/\/spanish.drchugay.com\/es\/wp-json\/wp\/v2\/media\/197"}],"wp:attachment":[{"href":"https:\/\/spanish.drchugay.com\/es\/wp-json\/wp\/v2\/media?parent=199"}],"curies":[{"name":"wp","href":"https:\/\/api.w.org\/{rel}","templated":true}]}}