{"id":205,"date":"2010-05-07T17:54:13","date_gmt":"2010-05-07T17:54:13","guid":{"rendered":"https:\/\/spanish.drchugay.com\/hcg-weight-loss-program\/"},"modified":"2017-07-17T15:28:56","modified_gmt":"2017-07-17T22:28:56","slug":"programa-de-perdida-de-peso-con-hcg","status":"publish","type":"page","link":"https:\/\/spanish.drchugay.com\/es\/procedimientos\/innovaciones-medicas\/programa-de-perdida-de-peso-con-hcg\/","title":{"rendered":"Programa de p\u00e9rdida de peso HCG"},"content":{"rendered":"<p>HCG es una modalidad muy \u00fatil para ayudarle con la p\u00e9rdida de peso. HCG, gonadotropina cori\u00f3nica humana es una hormona y por lo general se produce en la placenta de una mujer embarazada. El prop\u00f3sito de la hormona es la preservaci\u00f3n del feto, la preservaci\u00f3n del beb\u00e9 que est\u00e1 en el vientre de la madre.<\/p>\n<p>La naturaleza intenta a toda costa preservar la descendencia. \u00bfC\u00f3mo lo hace en este caso? Pues bien, el hipot\u00e1lamo, que es una gl\u00e1ndula de nuestro cerebro, regula muchos mecanismos del organismo, y cuando el hipot\u00e1lamo recibe mensajes de que la madre no consume suficientes calor\u00edas, moviliza los dep\u00f3sitos de grasa del cuerpo para alimentar al beb\u00e9.<\/p>\n<p>Bueno, con HCG podemos enga\u00f1ar a la madre naturaleza y son capaces de obtener el cuerpo para quemar la grasa en el cuerpo sin estar embarazada. Peque\u00f1as cantidades de HCG se inyectan bajo la piel por el paciente y por lo general es en un seis d\u00edas en un d\u00eda fuera del ciclo, y con este tratamiento por lo general un promedio de p\u00e9rdida de peso puede estar en cualquier lugar entre la mitad de una libra a una libra al d\u00eda. As\u00ed que literalmente se pierde mucho peso muy r\u00e1pidamente. Por supuesto, la restricci\u00f3n cal\u00f3rica es esencial, as\u00ed como el ejercicio.<\/p>\n<p>Sin restricci\u00f3n cal\u00f3rica y ejercicio, la p\u00e9rdida de peso es imposible. HCG es s\u00f3lo un complemento, que ayuda al cuerpo a quemar los dep\u00f3sitos de grasa. Tenemos un especial ahora en el programa de HCG que incluye un examen f\u00edsico completo, laboratorio. trabajo, HCG, la medicaci\u00f3n que se dispensa al paciente, y visitas semanales en la cl\u00ednica.<\/p>\n<p>Todo eso ser\u00e1 <strong>$350.00<\/strong> durante el primer mes del programa. El asesoramiento nutricional y el programa de ejercicios se individualizan para cada paciente.<\/p>\n<p>*LOS RESULTADOS INDIVIDUALES VARIAR\u00c1N.<\/p>\n<p>Llame a la oficina <strong>800-660-8507<\/strong> y concierte una cita para una evaluaci\u00f3n inicial.<\/p>\n<p><strong>Reducci\u00f3n de peso - Inyecciones de HCG<\/strong><\/p>\n<p>&nbsp;<\/p>","protected":false},"excerpt":{"rendered":"<p>HCG is a very helpful modality to help you with weight loss. HCG, human chorionic gonadotropin is a hormone and it\u2019s usually produced in a pregnant female\u2019s placenta. The purpose of the hormone is preservation of the fetus, preservation of the infant that is in the mother\u2019s womb. The nature tries at all costs to&#8230;<\/p>","protected":false},"author":1,"featured_media":0,"parent":39,"menu_order":2,"comment_status":"closed","ping_status":"closed","template":"","meta":{"footnotes":""},"class_list":["post-205","page","type-page","status-publish","hentry"],"_links":{"self":[{"href":"https:\/\/spanish.drchugay.com\/es\/wp-json\/wp\/v2\/pages\/205","targetHints":{"allow":["GET"]}}],"collection":[{"href":"https:\/\/spanish.drchugay.com\/es\/wp-json\/wp\/v2\/pages"}],"about":[{"href":"https:\/\/spanish.drchugay.com\/es\/wp-json\/wp\/v2\/types\/page"}],"author":[{"embeddable":true,"href":"https:\/\/spanish.drchugay.com\/es\/wp-json\/wp\/v2\/users\/1"}],"replies":[{"embeddable":true,"href":"https:\/\/spanish.drchugay.com\/es\/wp-json\/wp\/v2\/comments?post=205"}],"version-history":[{"count":5,"href":"https:\/\/spanish.drchugay.com\/es\/wp-json\/wp\/v2\/pages\/205\/revisions"}],"predecessor-version":[{"id":11813,"href":"https:\/\/spanish.drchugay.com\/es\/wp-json\/wp\/v2\/pages\/205\/revisions\/11813"}],"up":[{"embeddable":true,"href":"https:\/\/spanish.drchugay.com\/es\/wp-json\/wp\/v2\/pages\/39"}],"wp:attachment":[{"href":"https:\/\/spanish.drchugay.com\/es\/wp-json\/wp\/v2\/media?parent=205"}],"curies":[{"name":"wp","href":"https:\/\/api.w.org\/{rel}","templated":true}]}}