{"id":207,"date":"2010-05-10T22:21:53","date_gmt":"2010-05-10T22:21:53","guid":{"rendered":"https:\/\/spanish.drchugay.com\/labiaplasty-and-vaginoplasty\/"},"modified":"2024-09-24T16:50:42","modified_gmt":"2024-09-24T23:50:42","slug":"labioplastia-y-vaginoplastia","status":"publish","type":"page","link":"https:\/\/spanish.drchugay.com\/es\/procedimientos\/cirugia-reconstructiva\/labioplastia-y-vaginoplastia\/","title":{"rendered":"Labioplastia y vaginoplastia"},"content":{"rendered":"<style type=\"text\/css\" data-created_by=\"avia_inline_auto\" id=\"style-css-av-k7wmp4kk-34c3e159662ec4bc3f3fa986ba096974\">\n#top .hr.hr-invisible.av-k7wmp4kk-34c3e159662ec4bc3f3fa986ba096974{\nheight:5px;\n}\n<\/style>\n<div  class='hr av-k7wmp4kk-34c3e159662ec4bc3f3fa986ba096974 hr-invisible  avia-builder-el-0  el_before_av_one_full  avia-builder-el-first'><span class='hr-inner'><span class=\"hr-inner-style\"><\/span><\/span><\/div>\n\n<style type=\"text\/css\" data-created_by=\"avia_inline_auto\" id=\"style-css-av-f676no-9457bb500a74c1ddaeac826bf7772a88\">\n#top .flex_column.av-f676no-9457bb500a74c1ddaeac826bf7772a88{\nmargin-top:0px;\nmargin-bottom:10px;\n}\n.flex_column.av-f676no-9457bb500a74c1ddaeac826bf7772a88{\nborder-radius:0px 0px 0px 0px;\npadding:0px 0px 0px 0px;\n}\n.responsive #top #wrap_all .flex_column.av-f676no-9457bb500a74c1ddaeac826bf7772a88{\nmargin-top:0px;\nmargin-bottom:10px;\n}\n<\/style>\n<div  class='flex_column av-f676no-9457bb500a74c1ddaeac826bf7772a88 av_one_full  avia-builder-el-1  el_after_av_hr  el_before_av_one_full  first flex_column_div av-zero-column-padding'     ><p>\n<style type=\"text\/css\" data-created_by=\"avia_inline_auto\" id=\"style-css-av-kafox145-34d855c1ce9d92085efb8d7f97a026b9\">\n#top .av-special-heading.av-kafox145-34d855c1ce9d92085efb8d7f97a026b9{\npadding-bottom:10px;\n}\nbody .av-special-heading.av-kafox145-34d855c1ce9d92085efb8d7f97a026b9 .av-special-heading-tag .heading-char{\nfont-size:25px;\n}\n.av-special-heading.av-kafox145-34d855c1ce9d92085efb8d7f97a026b9 .av-subheading{\nfont-size:15px;\n}\n<\/style>\n<div  class='av-special-heading av-kafox145-34d855c1ce9d92085efb8d7f97a026b9 av-special-heading-h2  avia-builder-el-2  el_before_av_textblock  avia-builder-el-first'><h2 class='av-special-heading-tag'  itemprop=\"headline\"  >Labioplastia y vaginoplastia<\/h2><div class=\"special-heading-border\"><div class=\"special-heading-inner-border\"><\/div><\/div><\/div><br \/>\n<section  class='av_textblock_section av-6f2g5w-89bf7ba565fdfea8b865600caa70629e'   itemscope=\"itemscope\" itemtype=\"https:\/\/schema.org\/CreativeWork\" ><div class='avia_textblock'  itemprop=\"text\" ><p>La labioplastia es un rejuvenecimiento principalmente de los labios menores, pero tambi\u00e9n puede incluir los labios mayores. Los labios menores (internos) y mayores (externos) son pliegues externos de piel que rodean la vulva.<\/p>\n<div><\/div>\n<p>El agrandamiento desproporcionado de los labios menores puede deberse a varias causas. La m\u00e1s com\u00fan es cong\u00e9nita. Las causas adquiridas son el parto, las relaciones sexuales, la irritaci\u00f3n e inflamaci\u00f3n cr\u00f3nicas debidas a incontinencia urinaria o dermatitis. El agrandamiento de los labios menores suele provocar molestias en pantalones ajustados, actividades deportivas y verg\u00fcenza y conciencia de s\u00ed mismo.  Por este motivo, las pacientes acuden al Dr. Chugay para que les ayude a verse y sentirse lo mejor posible.<\/p>\n<div><\/div>\n<p>Los labios mayores pueden perder volumen con la edad. Cuando se compara una paciente joven con una mayor, se aprecia una diferencia notable en la plenitud de los labios mayores.  Esto se puede corregir con la inyecci\u00f3n de grasa en los labios mayores para dar un aspecto m\u00e1s \"regordete\" y juvenil.<\/p>\n<h6>*LOS RESULTADOS INDIVIDUALES VARIAR\u00c1N.<\/h6>\n<\/div><\/section><\/p><\/div>\n\n<style type=\"text\/css\" data-created_by=\"avia_inline_auto\" id=\"style-css-av-f676no-10-ccb57e3cfb35d61629ca06667a1e16dd\">\n#top .flex_column.av-f676no-10-ccb57e3cfb35d61629ca06667a1e16dd{\nmargin-top:0px;\nmargin-bottom:10px;\n}\n.flex_column.av-f676no-10-ccb57e3cfb35d61629ca06667a1e16dd{\nborder-radius:0px 0px 0px 0px;\npadding:0px 0px 0px 0px;\n}\n.responsive #top #wrap_all .flex_column.av-f676no-10-ccb57e3cfb35d61629ca06667a1e16dd{\nmargin-top:0px;\nmargin-bottom:10px;\n}\n<\/style>\n<div  class='flex_column av-f676no-10-ccb57e3cfb35d61629ca06667a1e16dd av_one_full  avia-builder-el-4  el_after_av_one_full  el_before_av_hr  first flex_column_div av-zero-column-padding  column-top-margin'     ><article  class='iconbox iconbox_top av-k7wid5mf-068a306b294f1183665128203fb67087  avia-builder-el-5  avia-builder-el-no-sibling  main_color'  itemscope=\"itemscope\" itemtype=\"https:\/\/schema.org\/CreativeWork\" ><div class=\"iconbox_content\"><header class=\"entry-content-header\" aria-label=\"Icono: \u00bfHay financiaci\u00f3n disponible?\"><div class='iconbox_icon heading-color avia-iconfont avia-font-entypo-fontello' data-av_icon='\ue827' data-av_iconfont='entypo-fontello'  ><\/div><h3 class='iconbox_content_title'  itemprop=\"headline\" >\u00bfHay financiaci\u00f3n disponible?<\/h3><\/header><div class='iconbox_content_container'  itemprop=\"text\" ><p>S\u00ed. Financiaci\u00f3n m\u00e9dica est\u00e1 disponible en el cr\u00e9dito aprobado. Aceptamos financiaci\u00f3n de CareCredit.com. Para m\u00e1s informaci\u00f3n sobre nuestras opciones de financiaci\u00f3n<\/p>\n<div  class='avia-button-wrap av-3702at-2f75b6c227e6bd1a864bfe1943708b73-wrap avia-button-center  avia-builder-el-6  avia-builder-el-no-sibling'><a href='https:\/\/spanish.drchugay.com\/es\/informacion-del-paciente\/financiacion-medica\/'  class='avia-button av-3702at-2f75b6c227e6bd1a864bfe1943708b73 av-link-btn avia-icon_select-no avia-size-large avia-position-center avia-color-dark'   aria-label=\"OBTENER FINANCIACI\u00d3N\"><span class='avia_iconbox_title' >OBTENER FINANCIACI\u00d3N<\/span><\/a><\/div>\n<\/div><\/div><footer class=\"entry-footer\"><\/footer><\/article><\/div>\n<style type=\"text\/css\" data-created_by=\"avia_inline_auto\" id=\"style-css-av-k7wmp4kk-11-cd339f8d39706e5296a3f78d6ba5401f\">\n#top .hr.hr-invisible.av-k7wmp4kk-11-cd339f8d39706e5296a3f78d6ba5401f{\nheight:5px;\n}\n<\/style>\n<div  class='hr av-k7wmp4kk-11-cd339f8d39706e5296a3f78d6ba5401f hr-invisible  avia-builder-el-7  el_after_av_one_full  el_before_av_one_full'><span class='hr-inner'><span class=\"hr-inner-style\"><\/span><\/span><\/div><\/p>\n\n<style type=\"text\/css\" data-created_by=\"avia_inline_auto\" id=\"style-css-av-f676no-9-4f80e0f1aefbb7d8dbd694e855b142bc\">\n#top .flex_column.av-f676no-9-4f80e0f1aefbb7d8dbd694e855b142bc{\nmargin-top:30px;\nmargin-bottom:10px;\n}\n.flex_column.av-f676no-9-4f80e0f1aefbb7d8dbd694e855b142bc{\nborder-radius:0px 0px 0px 0px;\npadding:0px 0px 0px 0px;\n}\n.responsive #top #wrap_all .flex_column.av-f676no-9-4f80e0f1aefbb7d8dbd694e855b142bc{\nmargin-top:30px;\nmargin-bottom:10px;\n}\n<\/style>\n<div  class='flex_column av-f676no-9-4f80e0f1aefbb7d8dbd694e855b142bc av_one_full  avia-builder-el-8  el_after_av_hr  el_before_av_one_full  first flex_column_div av-zero-column-padding'     ><p>\n<style type=\"text\/css\" data-created_by=\"avia_inline_auto\" id=\"style-css-av-kafoxzbe-7165781b9239c00939c84e701fc2fce2\">\n#top .av-special-heading.av-kafoxzbe-7165781b9239c00939c84e701fc2fce2{\npadding-bottom:10px;\n}\nbody .av-special-heading.av-kafoxzbe-7165781b9239c00939c84e701fc2fce2 .av-special-heading-tag .heading-char{\nfont-size:25px;\n}\n.av-special-heading.av-kafoxzbe-7165781b9239c00939c84e701fc2fce2 .av-subheading{\nfont-size:15px;\n}\n<\/style>\n<div  class='av-special-heading av-kafoxzbe-7165781b9239c00939c84e701fc2fce2 av-special-heading-h2  avia-builder-el-9  el_before_av_textblock  avia-builder-el-first'><h2 class='av-special-heading-tag'  itemprop=\"headline\"  >Cirug\u00eda de labioplastia<\/h2><div class=\"special-heading-border\"><div class=\"special-heading-inner-border\"><\/div><\/div><\/div><br \/>\n<section  class='av_textblock_section av-8nz50-ed8bd19dc4dfa2c29850203d619eba83'   itemscope=\"itemscope\" itemtype=\"https:\/\/schema.org\/CreativeWork\" ><div class='avia_textblock'  itemprop=\"text\" ><p>La labioplastia es un procedimiento quir\u00fargico que reduce o remodela los labios menores. El m\u00e9todo original de reducci\u00f3n labial extirpaba o reduc\u00eda la parte sobresaliente del tejido y cos\u00eda el borde en bruto. El resultado era una cicatriz a lo largo de toda la superficie de los labios y la p\u00e9rdida del color, el contorno y el aspecto normales de los labios. El nuevo procedimiento de contorneado de la labioplastia conserva el color y el contorno naturales del borde labial. El tama\u00f1o de los labios menores se reduce extirpando el tejido excesivo en forma de cu\u00f1a en \"V\" y cosiendo despu\u00e9s los bordes. Esta t\u00e9cnica mantiene el aspecto normal de los labios con cicatrices casi indetectables. Para la cirug\u00eda de labios mayores, se realizan peque\u00f1as punciones en la regi\u00f3n p\u00fabica para permitir la inyecci\u00f3n de grasa extra\u00edda de otra parte del cuerpo (normalmente el abdomen y la cintura).  La intervenci\u00f3n puede realizarse s\u00f3lo con anestesia local o combinada con sedaci\u00f3n.<\/p>\n<\/div><\/section><\/p><\/div>\n\n<style type=\"text\/css\" data-created_by=\"avia_inline_auto\" id=\"style-css-av-f676no-5-9d52274d2eaa8182cbabc5b0ffec9f4c\">\n#top .flex_column.av-f676no-5-9d52274d2eaa8182cbabc5b0ffec9f4c{\nmargin-top:0px;\nmargin-bottom:10px;\n}\n.flex_column.av-f676no-5-9d52274d2eaa8182cbabc5b0ffec9f4c{\nborder-radius:0px 0px 0px 0px;\npadding:0px 0px 0px 0px;\n}\n.responsive #top #wrap_all .flex_column.av-f676no-5-9d52274d2eaa8182cbabc5b0ffec9f4c{\nmargin-top:0px;\nmargin-bottom:10px;\n}\n<\/style>\n<div  class='flex_column av-f676no-5-9d52274d2eaa8182cbabc5b0ffec9f4c av_one_full  avia-builder-el-11  el_after_av_one_full  el_before_av_one_full  first flex_column_div av-zero-column-padding  column-top-margin'     ><article  class='iconbox iconbox_top av-k7wid5mf-8-d2fd38a10d5efa73baeb6eb6659e7fd4  avia-builder-el-12  avia-builder-el-no-sibling  main_color'  itemscope=\"itemscope\" itemtype=\"https:\/\/schema.org\/CreativeWork\" ><div class=\"iconbox_content\"><header class=\"entry-content-header\" aria-label=\"Icono: Cosas que debe buscar en su cirujano:\"><div class='iconbox_icon heading-color avia-iconfont avia-font-entypo-fontello' data-av_icon='\ue81e' data-av_iconfont='entypo-fontello'  ><\/div><h3 class='iconbox_content_title'  itemprop=\"headline\" >Cosas que debe buscar en su cirujano:<\/h3><\/header><div class='iconbox_content_container'  itemprop=\"text\" ><ul style=\"text-align: left;\">\n<li><strong>Experiencia:<\/strong> Con 2 generaciones de m\u00e9dicos, m\u00e1s de 30.000 procedimientos y toda una vida de experiencia combinada, el Dr. Nikolas V. Chugay y el Dr. Paul N. Chugay no s\u00f3lo tienen la experiencia necesaria en diversos procedimientos quir\u00fargicos y no quir\u00fargicos, sino que Nikolas ha ayudado a revolucionar la industria, y Paul est\u00e1 siguiendo muy de cerca los pasos de su padre, bas\u00e1ndose en m\u00e1s de 40 a\u00f1os de experiencia.<\/li>\n<li><strong>Compatibilidad y respeto:<\/strong> Reserva una consulta con el m\u00e9dico. Comprueba c\u00f3mo te trata, si te escucha y qu\u00e9 quieres. Es importante que hables a fondo con tu m\u00e9dico de lo que quieres conseguir para que tenga una idea clara y concisa de cu\u00e1l es tu objetivo, pero tambi\u00e9n es importante que respetes la experiencia y la formaci\u00f3n de tu m\u00e9dico lo suficiente como para escuchar sus recomendaciones. No querr\u00e1s tener un m\u00e9dico que no se preocupe por TI.<\/li>\n<li><strong>Especializaci\u00f3n:<\/strong> Pregunte a su m\u00e9dico por otras veces que haya realizado el procedimiento que usted desea.<\/li>\n<\/ul>\n<div  class='avia-button-wrap av-3702at-7-d12d0d708b334ff3bc90b34e88626827-wrap avia-button-center  avia-builder-el-13  avia-builder-el-no-sibling'><a href='https:\/\/spanish.drchugay.com\/es\/sobre-la-clinica-medica-de-cirugia-estetica-chugay\/'  class='avia-button av-3702at-7-d12d0d708b334ff3bc90b34e88626827 av-link-btn avia-icon_select-no avia-size-large avia-position-center avia-color-dark'   aria-label=\"CONOZCA A SUS CIRUJANOS\"><span class='avia_iconbox_title' >CONOZCA A SUS CIRUJANOS<\/span><\/a><\/div>\n<\/div><\/div><footer class=\"entry-footer\"><\/footer><\/article><\/div>\n\n<style type=\"text\/css\" data-created_by=\"avia_inline_auto\" id=\"style-css-av-41dbck-f9741761faa0742a7de6806943dea868\">\n#top .flex_column.av-41dbck-f9741761faa0742a7de6806943dea868{\nmargin-top:30px;\nmargin-bottom:0px;\n}\n.flex_column.av-41dbck-f9741761faa0742a7de6806943dea868{\nborder-radius:0px 0px 0px 0px;\npadding:0px 0px 0px 0px;\n}\n.responsive #top #wrap_all .flex_column.av-41dbck-f9741761faa0742a7de6806943dea868{\nmargin-top:30px;\nmargin-bottom:0px;\n}\n<\/style>\n<div  class='flex_column av-41dbck-f9741761faa0742a7de6806943dea868 av_one_full  avia-builder-el-14  el_after_av_one_full  el_before_av_one_full  first flex_column_div av-zero-column-padding  column-top-margin'     ><p>\n<style type=\"text\/css\" data-created_by=\"avia_inline_auto\" id=\"style-css-av-6libb-5182ce5c503156ff1c9191a19ecf3502\">\n#top .av-special-heading.av-6libb-5182ce5c503156ff1c9191a19ecf3502{\npadding-bottom:10px;\n}\nbody .av-special-heading.av-6libb-5182ce5c503156ff1c9191a19ecf3502 .av-special-heading-tag .heading-char{\nfont-size:25px;\n}\n.av-special-heading.av-6libb-5182ce5c503156ff1c9191a19ecf3502 .av-subheading{\nfont-size:19px;\n}\n<\/style>\n<div  class='av-special-heading av-6libb-5182ce5c503156ff1c9191a19ecf3502 av-special-heading-h2 blockquote modern-quote modern-centered  avia-builder-el-15  el_before_av_codeblock  avia-builder-el-first'><div class='av-subheading av-subheading_above'><p>V\u00cdDEO 3D DEL<\/p>\n<\/div><h2 class='av-special-heading-tag'  itemprop=\"headline\"  >Labioplastia<\/h2><div class=\"special-heading-border\"><div class=\"special-heading-inner-border\"><\/div><\/div><\/div><br \/>\n<br \/>\n\n<style type=\"text\/css\" data-created_by=\"avia_inline_auto\" id=\"style-css-av-9dsts4-11399a697b8219a0eaa2ba93d19c13fd\">\n#top .hr.hr-invisible.av-9dsts4-11399a697b8219a0eaa2ba93d19c13fd{\nheight:10px;\n}\n<\/style>\n<div  class='hr av-9dsts4-11399a697b8219a0eaa2ba93d19c13fd hr-invisible  avia-builder-el-17  el_after_av_codeblock  avia-builder-el-last'><span class='hr-inner'><span class=\"hr-inner-style\"><\/span><\/span><\/div><\/p><\/div>\n\n<style type=\"text\/css\" data-created_by=\"avia_inline_auto\" id=\"style-css-av-41dbck-2-549779912b2f10611cc30c5549362f68\">\n#top .flex_column.av-41dbck-2-549779912b2f10611cc30c5549362f68{\nmargin-top:30px;\nmargin-bottom:0px;\n}\n.flex_column.av-41dbck-2-549779912b2f10611cc30c5549362f68{\nborder-radius:0px 0px 0px 0px;\npadding:0px 0px 0px 0px;\n}\n.responsive #top #wrap_all .flex_column.av-41dbck-2-549779912b2f10611cc30c5549362f68{\nmargin-top:30px;\nmargin-bottom:0px;\n}\n<\/style>\n<div  class='flex_column av-41dbck-2-549779912b2f10611cc30c5549362f68 av_one_full  avia-builder-el-18  el_after_av_one_full  el_before_av_one_full  first flex_column_div av-zero-column-padding  column-top-margin'     ><p>\n<style type=\"text\/css\" data-created_by=\"avia_inline_auto\" id=\"style-css-av-k7wmp4kk-6-febb04482225bd249576d8c01de01e5d\">\n#top .hr.hr-invisible.av-k7wmp4kk-6-febb04482225bd249576d8c01de01e5d{\nheight:20px;\n}\n<\/style>\n<div  class='hr av-k7wmp4kk-6-febb04482225bd249576d8c01de01e5d hr-invisible  avia-builder-el-19  el_before_av_icon_box  avia-builder-el-first'><span class='hr-inner'><span class=\"hr-inner-style\"><\/span><\/span><\/div><br \/>\n<article  class='iconbox iconbox_top av-k7wid5mf-3-d34ac9d8d3dc17d83fc4fd1ba7e3aee1  avia-builder-el-20  el_after_av_hr  avia-builder-el-last  main_color'  itemscope=\"itemscope\" itemtype=\"https:\/\/schema.org\/CreativeWork\" ><div class=\"iconbox_content\"><header class=\"entry-content-header\" aria-label=\"Icono: Despu\u00e9s de la operaci\u00f3n\"><div class='iconbox_icon heading-color avia-iconfont avia-font-entypo-fontello' data-av_icon='\ue81e' data-av_iconfont='entypo-fontello'  ><\/div><h3 class='iconbox_content_title'  itemprop=\"headline\" >Despu\u00e9s de su cirug\u00eda.<\/h3><\/header><div class='iconbox_content_container'  itemprop=\"text\" ><p>En el postoperatorio se le colocar\u00e1n suturas disolubles y no ser\u00e1 necesario retirarlas.  Se le pedir\u00e1 que tome dos veces al d\u00eda\u00a0<a href=\"https:\/\/www.healthline.com\/health\/sitz-bath\" target=\"_blank\" rel=\"noopener noreferrer\">ba\u00f1os de asiento<\/a>\u00a0con betadine durante 7-10 d\u00edas, y luego reanudar la higiene normal.  La actividad puede iniciarse inmediatamente despu\u00e9s de la intervenci\u00f3n y aumentarse a medida que se tolere, sin realizar ejercicios pesados ni levantar peso durante 2 semanas.  No se permite ning\u00fan tipo de actividad sexual durante al menos 6 semanas o hasta que el Dr. Chugay lo autorice.  No se permite el uso de tampones durante 4 semanas.  Se recomienda el uso de un salvaslip durante las 2 primeras semanas tras la intervenci\u00f3n, ya que es posible que las incisiones supuren algo al principio del postoperatorio.<\/p>\n<\/div><\/div><footer class=\"entry-footer\"><\/footer><\/article><\/p><\/div>\n\n<style type=\"text\/css\" data-created_by=\"avia_inline_auto\" id=\"style-css-av-f676no-4-421dd940700d97b5ea3cf187ee95e4d5\">\n#top .flex_column.av-f676no-4-421dd940700d97b5ea3cf187ee95e4d5{\nmargin-top:50px;\nmargin-bottom:10px;\n}\n.flex_column.av-f676no-4-421dd940700d97b5ea3cf187ee95e4d5{\nborder-radius:0px 0px 0px 0px;\npadding:0px 0px 0px 0px;\n}\n.responsive #top #wrap_all .flex_column.av-f676no-4-421dd940700d97b5ea3cf187ee95e4d5{\nmargin-top:50px;\nmargin-bottom:10px;\n}\n<\/style>\n<div  class='flex_column av-f676no-4-421dd940700d97b5ea3cf187ee95e4d5 av_one_full  avia-builder-el-21  el_after_av_one_full  avia-builder-el-last  first flex_column_div av-zero-column-padding  column-top-margin'     ><style type=\"text\/css\" data-created_by=\"avia_inline_auto\" id=\"style-css-av-k7wnwtuw-bfac9e508be5c63049274c32f5ac2573\">\n.av_promobox.av-k7wnwtuw-bfac9e508be5c63049274c32f5ac2573{\ncolor:#ffffff;\nbackground:#444444;\nborder-color:#000000;\n}\n<\/style>\n<div  class='av_promobox av-k7wnwtuw-bfac9e508be5c63049274c32f5ac2573 avia-button-yes  avia-builder-el-22  el_before_av_hr  avia-builder-el-first'><div class='avia-promocontent'><h2><span style=\"color: #ffffff;\">\u00bfPreparado para mejorar el aspecto de su cuerpo?<\/span><\/h2>\n<h5><span style=\"color: #ffffff;\">Ll\u00e1menos ahora para una consulta y evaluaci\u00f3n gratuitas.<\/span><\/h5>\n<p>\n<\/div><div  class='avia-button-wrap av-k7wnwtuw-4995055a5ece8a1cc3b1f684af197876-wrap avia-button-right'><a href=\"https:\/\/spanish.drchugay.com\/es\/contacto\/\" class=\"avia-button av-k7wnwtuw-4995055a5ece8a1cc3b1f684af197876 av-link-btn avia-icon_select-no avia-size-large avia-position-right avia-color-theme-color-subtle\" aria-label=\"RESERVAR AHORA\"><span class='avia_iconbox_title' >RESERVAR AHORA<\/span><\/a><\/div><\/div><br \/>\n\n<style type=\"text\/css\" data-created_by=\"avia_inline_auto\" id=\"style-css-av-9dsts4-1-905f5f37b22e5a6ed345f98c6b1c7145\">\n#top .hr.hr-invisible.av-9dsts4-1-905f5f37b22e5a6ed345f98c6b1c7145{\nheight:10px;\n}\n<\/style>\n<div  class='hr av-9dsts4-1-905f5f37b22e5a6ed345f98c6b1c7145 hr-invisible  avia-builder-el-23  el_after_av_promobox  avia-builder-el-last'><span class='hr-inner'><span class=\"hr-inner-style\"><\/span><\/span><\/div><\/p><\/div>","protected":false},"excerpt":{"rendered":"","protected":false},"author":1,"featured_media":0,"parent":193,"menu_order":1,"comment_status":"closed","ping_status":"closed","template":"","meta":{"footnotes":""},"class_list":["post-207","page","type-page","status-publish","hentry"],"_links":{"self":[{"href":"https:\/\/spanish.drchugay.com\/es\/wp-json\/wp\/v2\/pages\/207","targetHints":{"allow":["GET"]}}],"collection":[{"href":"https:\/\/spanish.drchugay.com\/es\/wp-json\/wp\/v2\/pages"}],"about":[{"href":"https:\/\/spanish.drchugay.com\/es\/wp-json\/wp\/v2\/types\/page"}],"author":[{"embeddable":true,"href":"https:\/\/spanish.drchugay.com\/es\/wp-json\/wp\/v2\/users\/1"}],"replies":[{"embeddable":true,"href":"https:\/\/spanish.drchugay.com\/es\/wp-json\/wp\/v2\/comments?post=207"}],"version-history":[{"count":12,"href":"https:\/\/spanish.drchugay.com\/es\/wp-json\/wp\/v2\/pages\/207\/revisions"}],"predecessor-version":[{"id":12517,"href":"https:\/\/spanish.drchugay.com\/es\/wp-json\/wp\/v2\/pages\/207\/revisions\/12517"}],"up":[{"embeddable":true,"href":"https:\/\/spanish.drchugay.com\/es\/wp-json\/wp\/v2\/pages\/193"}],"wp:attachment":[{"href":"https:\/\/spanish.drchugay.com\/es\/wp-json\/wp\/v2\/media?parent=207"}],"curies":[{"name":"wp","href":"https:\/\/api.w.org\/{rel}","templated":true}]}}