{"id":2105,"date":"2014-02-04T21:45:15","date_gmt":"2014-02-04T21:45:15","guid":{"rendered":"https:\/\/spanish.drchugay.com\/?page_id=2105"},"modified":"2022-06-28T12:20:49","modified_gmt":"2022-06-28T19:20:49","slug":"dr-tonya-boudreaux","status":"publish","type":"page","link":"https:\/\/spanish.drchugay.com\/es\/sobre-la-clinica-medica-de-cirugia-estetica-chugay\/dr-tonya-boudreaux\/","title":{"rendered":"Dr. Tonya Boudreaux"},"content":{"rendered":"<div  class='flex_column av-av_one_full-a961ec8c42a44a397321d1a2224da3ca av_one_full  avia-builder-el-0  avia-builder-el-no-sibling  first flex_column_div'     ><section  class='av_textblock_section av-l4yk0noh-67c917363f3404b05d1665bd76231103'   itemscope=\"itemscope\" itemtype=\"https:\/\/schema.org\/CreativeWork\" ><div class='avia_textblock'  itemprop=\"text\" ><p><img loading=\"lazy\" decoding=\"async\" class=\"alignright size-medium wp-image-10243\" src=\"https:\/\/drchugay.com\/wp-content\/uploads\/2022\/02\/Dr.-Tonya-Boudreaux-246x300.png\" alt=\"\" width=\"246\" height=\"300\" srcset=\"https:\/\/spanish.drchugay.com\/wp-content\/uploads\/2022\/02\/Dr.-Tonya-Boudreaux-246x300.png 246w, https:\/\/spanish.drchugay.com\/wp-content\/uploads\/2022\/02\/Dr.-Tonya-Boudreaux.png 475w\" sizes=\"auto, (max-width: 246px) 100vw, 246px\" \/><br \/>\nTonya Boudreaux naci\u00f3 y se cri\u00f3 en Nueva Iberia, Luisiana, una peque\u00f1a comunicad a 3 horas de Nueva Orleans. Siente una gran pasi\u00f3n por el rejuvenecimiento facial y est\u00e1 comprometida con hacer que la apariencia de sus pacientes sea lo m\u00e1s vibrante posible.<\/p>\n<p>Tonya complet\u00f3 sus estudios universitarios en la Universidad Estatal de Luisiana en Baton Rouge, Luisiana. Despu\u00e9s de graduarse con una Licenciatura en Quinesiolog\u00eda con especializaciones en Movimiento Humano y en Pre-Medicina, se mud\u00f3 a Nueva Orleans, Luisiana, donde trabaj\u00f3 en el Departamento de Medicina de Emergencia en Charity Hospital como Asociada en Investigaci\u00f3n Cl\u00ednica. Durante el tiempo que estuvo en el Charity Hospital, la Dra. llev\u00f3 a cabo estudios de investigaci\u00f3n en el \u00e1rea de cuidado de heridas y enfermedades infecciosas.<\/p>\n<p>Tonya luego se dedic\u00f3 a trabajar en su doctorado en medicina de la Universidad Americana del Caribe en la isla de St. Maarten. Se gradu\u00f3 con honores de la universidad con una Maestr\u00eda en Ciencias y un Doctorado en Medicina.  La Dra. Boudreaux recibi\u00f3 un reconocimiento como estudiante destacada y fue elegida miembro de la Sociedad de Honor Alpha Omega Phi.<\/p>\n<p>A continuaci\u00f3n, Tonya  se mud\u00f3 a la ciudad de Nueva York, donde comenz\u00f3 sus estudios cl\u00ednicos. Durante su formaci\u00f3n quir\u00fargica, pas\u00f3 alg\u00fan tiempo operando con el Dr. Edmund Kessler en los Hospitales Universitarios de Cornell y Columbia. Despu\u00e9s de terminar sus estudios en medicina, Tonya empez\u00f3 su residencia en la Universidad Estatal de Luisiana en Nueva Orleans. Despu\u00e9s de tres a\u00f1os, la Dra. Boudreaux termin\u00f3 su residencia en Pediatr\u00eda y le ofrecieron un puesto como miembro de la Unidad de Cuidados Intensivos de Neonatolog\u00eda en la Universidad de Yale.<\/p>\n<p>La Dra. Boudreaux rechaz\u00f3 la oferta para estar m\u00e1s cerca de su esposo, Paul, y cuidar a su hijo reci\u00e9n nacido, Thomas. Tonya empez\u00f3 su pr\u00e1ctica en Stamford, Connecticut en Stamford Pediatric Associates (Asociados Pedi\u00e1tricos de Stamford). Con el deseo de seguir cuidando a personas gravemente enfermas, acept\u00f3 un puesto como hospitalista pedi\u00e1trica neonatal en Stamford Hospital. Despu\u00e9s, Tonya obtuvo un puesto en la sala de emergencias pedi\u00e1tricas en el Hospital de Mujeres y Ni\u00f1os de Lafayette, Luisiana. Tonya tuvo a su cuidado miles de ni\u00f1os gravemente enfermos durante el curso de su carrera pedi\u00e1trica, salvando a muchos de una muerte segura.<\/p>\n<p>Despu\u00e9s de que su esposo termin\u00f3 su formaci\u00f3n quir\u00fargica en Connecticut, la familia se mud\u00f3 a Tulsa, Oklahoma para que Paul comenzara su especializaci\u00f3n en cirug\u00eda cosm\u00e9tica. Fue aqu\u00ed que Tonya se interes\u00f3 cada vez m\u00e1s en el campo de rejuvenecimiento facial. Mientras pasaba tiempo con Paul en el entorno de las operaciones y observaba algunas de sus medidas no quir\u00fargicas para ayudar a las personas a recobrar su juventud, Tonya comenz\u00f3 a desarrollar su carrera en est\u00e9tica facial.<\/p>\n<p>R\u00e1pidamente se volvi\u00f3 una experta en inyectables faciales como Juvederm, Restylane, y Perlane. Tambi\u00e9n se capacit\u00f3 en la inyecci\u00f3n de Botox para la eliminaci\u00f3n de arrugas faciales. Tonya ha asistido a muchas reuniones nacionales en las que se discuten los adelantos en rejuvenecimiento facial, y contin\u00faa ampliando su base de conocimientos para brindar a sus pacientes las t\u00e9cnicas m\u00e1s avanzadas.<\/p>\n<p>Tonya est\u00e1 certificada por el colegio m\u00e9dico en Pediatr\u00eda. Adem\u00e1s, al presente es un miembro muy respetado de la Academia Americana de Cirug\u00eda Cosm\u00e9tica. Tony es actualmente la Directora Cl\u00ednica de   Gravity Medical Spa.<\/p>\n<p>Tonya y su esposo Paul tienen dos hijos, Thomas, que tiene 7 a\u00f1os de edad, y Nikolas de 2,\n\nSu actividad favorita aparte de la medicina es el ciclismo. Le encantan las clases de spinning, ya que representan el mayor desaf\u00edo f\u00edsico y mental.  Cuando termina una clase se siente realizada y rejuvenecida. La comida favorita de Tonya es el sushi, pero tambi\u00e9n le encanta la cocina de cualquier pa\u00eds del Oriente Medio. Es una aventurera de coraz\u00f3n y siempre est\u00e1 dispuesta a probar un nuevo plato o intentar una nueva experiencia.  La Dra. Boudreaux disfruta todos los deportes que estimulan la adrenalina, desde el esqu\u00ed hasta el buceo submarino y la pesca de altura.  El deporte que m\u00e1s le gusta ver en televisi\u00f3n es el f\u00fatbol, naturalmente el equipo LSU. \u00a1ARRIBA TIGRES!<\/p>\n<\/div><\/section><\/div>","protected":false},"excerpt":{"rendered":"","protected":false},"author":1,"featured_media":0,"parent":3,"menu_order":0,"comment_status":"closed","ping_status":"closed","template":"","meta":{"footnotes":""},"class_list":["post-2105","page","type-page","status-publish","hentry"],"_links":{"self":[{"href":"https:\/\/spanish.drchugay.com\/es\/wp-json\/wp\/v2\/pages\/2105","targetHints":{"allow":["GET"]}}],"collection":[{"href":"https:\/\/spanish.drchugay.com\/es\/wp-json\/wp\/v2\/pages"}],"about":[{"href":"https:\/\/spanish.drchugay.com\/es\/wp-json\/wp\/v2\/types\/page"}],"author":[{"embeddable":true,"href":"https:\/\/spanish.drchugay.com\/es\/wp-json\/wp\/v2\/users\/1"}],"replies":[{"embeddable":true,"href":"https:\/\/spanish.drchugay.com\/es\/wp-json\/wp\/v2\/comments?post=2105"}],"version-history":[{"count":11,"href":"https:\/\/spanish.drchugay.com\/es\/wp-json\/wp\/v2\/pages\/2105\/revisions"}],"predecessor-version":[{"id":11747,"href":"https:\/\/spanish.drchugay.com\/es\/wp-json\/wp\/v2\/pages\/2105\/revisions\/11747"}],"up":[{"embeddable":true,"href":"https:\/\/spanish.drchugay.com\/es\/wp-json\/wp\/v2\/pages\/3"}],"wp:attachment":[{"href":"https:\/\/spanish.drchugay.com\/es\/wp-json\/wp\/v2\/media?parent=2105"}],"curies":[{"name":"wp","href":"https:\/\/api.w.org\/{rel}","templated":true}]}}