{"id":211,"date":"2010-08-16T14:36:18","date_gmt":"2010-08-16T14:36:18","guid":{"rendered":"https:\/\/spanish.drchugay.com\/paul-chugay\/"},"modified":"2024-08-13T14:53:13","modified_gmt":"2024-08-13T21:53:13","slug":"paul-chugay","status":"publish","type":"page","link":"https:\/\/spanish.drchugay.com\/es\/sobre-la-clinica-medica-de-cirugia-estetica-chugay\/paul-chugay\/","title":{"rendered":"Dr. Paul Chugay"},"content":{"rendered":"<div  class='flex_column av-kljdn-bc823535f3d10f7d1487e3710bf243b2 av_one_full  avia-builder-el-0  el_before_av_one_full  avia-builder-el-first  first flex_column_div'     ><section  class='av_textblock_section av-l4yjoebb-d272179659fec2775d061ec7bc28ec2d'   itemscope=\"itemscope\" itemtype=\"https:\/\/schema.org\/CreativeWork\" ><div class='avia_textblock'  itemprop=\"text\" ><p><img loading=\"lazy\" decoding=\"async\" class=\"alignright wp-image-10247 size-medium\" src=\"https:\/\/drchugay.com\/wp-content\/uploads\/2022\/02\/Dr.-Paul-Chugay-246x300.png\" alt=\"\" width=\"246\" height=\"300\" srcset=\"https:\/\/spanish.drchugay.com\/wp-content\/uploads\/2022\/02\/Dr.-Paul-Chugay-246x300.png 246w, https:\/\/spanish.drchugay.com\/wp-content\/uploads\/2022\/02\/Dr.-Paul-Chugay.png 475w\" sizes=\"auto, (max-width: 246px) 100vw, 246px\" \/><br \/>\nNacido en Santa Ana California y criado en Newport Beach, a Paul le encanta ayudar a las personas y hacer que se sientan hermosas. Por ser hijo de un cirujano pl\u00e1stico art\u00edstico y una aspirante a modelo, la llegada de Paul al campo de la cirug\u00eda cosm\u00e9tica parec\u00eda ser la opci\u00f3n natural.<\/p>\n<p>Trabaj\u00f3 incansablemente para aprender todo lo posible y complet\u00f3 su carrera universitaria en la Universidad de California, San Diego. Despu\u00e9s de graduarse con una licenciatura en Fisiolog\u00eda y Neurociencia Animal, el Dr. Chugay comenz\u00f3 su carrera m\u00e9dica en Guadalajara, M\u00e9xico, y luego complet\u00f3 su educaci\u00f3n m\u00e9dica en la ciudad de Nueva York, mientras asist\u00eda a la Universidad Ross.<\/p>\n<p>Despu\u00e9s de unas pr\u00e1cticas en cirug\u00eda general en Virginia, Paul se traslad\u00f3 a Stamford, Connecticut a completar su formaci\u00f3n en cirug\u00eda general. Luego viaj\u00f3 a Tulsa, Oklahoma para completar su formaci\u00f3n en cirug\u00eda cosm\u00e9tica de cuerpo completo, realizando m\u00e1s de 1200 casos durante su programa de especializaci\u00f3n. Paul est\u00e1 casado con su encantadora esposa Tonya, y tiene dos hijos, Thomas y  Nikolas.<\/p>\n<p>El Dr. Paul Chugay est\u00e1 certificado por el Consejo Americano de Cirug\u00eda y diplomado de la Junta Americana de Cirug\u00eda Cosm\u00e9tica.<\/p>\n<p>Los intereses del Dr. Chugay abarcan la reconstrucci\u00f3n de cuerpo entero despu\u00e9s de una <a href=\"http:\/\/en.wikipedia.org\/wiki\/Bariatric_surgery\" target=\"_blank\" rel=\"noopener\">bari\u00e1trica surgery<\/a>, aumento de senos, y reconstrucci\u00f3n de senos.<\/p>\n<\/div><\/section><\/div><div  class='flex_column av-d4nlf-0de0e44e99755153f97f89fac9ec4c18 av_one_full  avia-builder-el-2  el_after_av_one_full  avia-builder-el-last  first flex_column_div  column-top-margin'     ><p>\n<style type=\"text\/css\" data-created_by=\"avia_inline_auto\" id=\"style-css-av-9zbcj-76cb694c82ea3aa93929ce9d6ebc9731\">\n#top .av-special-heading.av-9zbcj-76cb694c82ea3aa93929ce9d6ebc9731{\nmargin:0 0 0 0;\npadding-bottom:0;\ncolor:#f7f7f7;\nfont-size:95px;\n}\nbody .av-special-heading.av-9zbcj-76cb694c82ea3aa93929ce9d6ebc9731 .av-special-heading-tag .heading-char{\nfont-size:25px;\n}\n#top #wrap_all .av-special-heading.av-9zbcj-76cb694c82ea3aa93929ce9d6ebc9731 .av-special-heading-tag{\nfont-size:95px;\npadding:0 0 0 0;\n}\n.av-special-heading.av-9zbcj-76cb694c82ea3aa93929ce9d6ebc9731 .special-heading-inner-border{\nborder-color:#f7f7f7;\n}\n.av-special-heading.av-9zbcj-76cb694c82ea3aa93929ce9d6ebc9731 .av-subheading{\nfont-size:40px;\ncolor:#020202;\n}\n\n@media only screen and (min-width: 480px) and (max-width: 767px){ \n#top #wrap_all .av-special-heading.av-9zbcj-76cb694c82ea3aa93929ce9d6ebc9731 .av-special-heading-tag{\nfont-size:0.8em;\n}\n}\n\n@media only screen and (max-width: 479px){ \n#top #wrap_all .av-special-heading.av-9zbcj-76cb694c82ea3aa93929ce9d6ebc9731 .av-special-heading-tag{\nfont-size:0.8em;\n}\n}\n<\/style>\n<div  id=\"page-heading\"  class='av-special-heading av-9zbcj-76cb694c82ea3aa93929ce9d6ebc9731 av-special-heading-h2 custom-color-heading blockquote modern-quote modern-centered  avia-builder-el-3  el_before_av_hr  avia-builder-el-first  av-inherit-size'><h2 class='av-special-heading-tag'  itemprop=\"headline\"  >Educaci\u00f3n<\/h2><div class='av_custom_color av-subheading av-subheading_below'><p>Formaci\u00f3n<\/p>\n<\/div><div class=\"special-heading-border\"><div class=\"special-heading-inner-border\"><\/div><\/div><\/div><br \/>\n\n<style type=\"text\/css\" data-created_by=\"avia_inline_auto\" id=\"style-css-av-l4yjr8it-a5654faf3382b858d7f5d85f34f6f80f\">\n#top .hr.hr-invisible.av-l4yjr8it-a5654faf3382b858d7f5d85f34f6f80f{\nheight:50px;\n}\n<\/style>\n<div  class='hr av-l4yjr8it-a5654faf3382b858d7f5d85f34f6f80f hr-invisible  avia-builder-el-4  el_after_av_heading  el_before_av_textblock'><span class='hr-inner'><span class=\"hr-inner-style\"><\/span><\/span><\/div><br \/>\n<section  class='av_textblock_section av-alyxn-aa3267a414f8b3056246f7fbab0f0aa5'   itemscope=\"itemscope\" itemtype=\"https:\/\/schema.org\/CreativeWork\" ><div class='avia_textblock'  itemprop=\"text\" ><h3>Educaci\u00f3n<\/h3>\n<p><strong>Septiembre de 1997-Mayo de 2001<\/strong><\/p>\n<ul>\n<li>Educaci\u00f3n Universitaria<br \/>\nUniversidad de California San Diego<br \/>\nSan Diego, California<br \/>\nTitulaci\u00f3n: Licenciatura en Fisiolog\u00eda Animal y Neurociencia<\/li>\n<\/ul>\n<p><strong><br \/>\nSeptiembre de 2001- Junio de 2003 <\/strong><\/p>\n<ul>\n<li>Educaci\u00f3n en Ciencias B\u00e1sicas<br \/>\nUniversidad Aut\u00f3noma de Guadalajara<br \/>\nGuadalajara, Jalisco, M\u00e9xico<\/li>\n<\/ul>\n<p><strong>Junio de 2003 \u2013 Mayo de 2005 <\/strong><\/p>\n<ul>\n<li>Educaci\u00f3n en Ciencias Cl\u00ednicas<br \/>\nUniversidad Ross<br \/>\nDominica, Indias Occidentales<\/li>\n<\/ul>\n<p><strong><br \/>\nMayo de 2005 <\/strong><\/p>\n<ul>\n<li>Doctorado en Medicina<br \/>\nUniversidad Ross<\/li>\n<\/ul>\n<h3>Residencia<\/h3>\n<p><strong>Julio de 2005 \u2013 Junio de 2006 <\/strong><\/p>\n<ul>\n<li>A\u00f1o Preliminar de Cirug\u00eda General<br \/>\nCarilion Roanoke Memorial Hospital, Roanoke, Virginia<br \/>\nPresidente: Dr. Stephen ReMine<br \/>\nDepartamento de Cirug\u00eda<\/li>\n<\/ul>\n<p><strong>Julio de 2006 \u2013 Julio 2011<\/strong><\/p>\n<ul>\n<li>Residencia Completa de Cirug\u00eda General<br \/>\nResidente, PGY-V<br \/>\nStamford Hospital, Stamford, Connecticut<br \/>\nPresidente: Dr. Timothy Hall<br \/>\nDepartamento de Cirug\u00eda<\/li>\n<\/ul>\n<h3>Especializaciones<\/h3>\n<p><strong>Julio de 2011 \u2013 Junio de 2012<\/strong><\/p>\n<ul>\n<li>Academia Americana de Cirug\u00eda Cosm\u00e9tica<br \/>\nEspecializaci\u00f3n en Cirug\u00eda Cosm\u00e9tica<br \/>\nTulsa Surgical Arts (T\u00e9cnicas Quir\u00fargicas de Tulsa), Tulsa, Oklahoma<\/li>\n<\/ul>\n<h3>Membres\u00edas<\/h3>\n<p><strong>Academia Americana de Cirug\u00eda Cosm\u00e9tica<\/strong><\/p>\n<p><strong>Colegio Americano de Cirujanos<\/strong><\/p>\n<p><strong>Asociaci\u00f3n M\u00e9dica Americana<\/strong><\/p>\n<\/div><\/section><\/p><\/div><\/p>","protected":false},"excerpt":{"rendered":"","protected":false},"author":1,"featured_media":0,"parent":3,"menu_order":2,"comment_status":"closed","ping_status":"closed","template":"","meta":{"footnotes":""},"class_list":["post-211","page","type-page","status-publish","hentry"],"_links":{"self":[{"href":"https:\/\/spanish.drchugay.com\/es\/wp-json\/wp\/v2\/pages\/211","targetHints":{"allow":["GET"]}}],"collection":[{"href":"https:\/\/spanish.drchugay.com\/es\/wp-json\/wp\/v2\/pages"}],"about":[{"href":"https:\/\/spanish.drchugay.com\/es\/wp-json\/wp\/v2\/types\/page"}],"author":[{"embeddable":true,"href":"https:\/\/spanish.drchugay.com\/es\/wp-json\/wp\/v2\/users\/1"}],"replies":[{"embeddable":true,"href":"https:\/\/spanish.drchugay.com\/es\/wp-json\/wp\/v2\/comments?post=211"}],"version-history":[{"count":9,"href":"https:\/\/spanish.drchugay.com\/es\/wp-json\/wp\/v2\/pages\/211\/revisions"}],"predecessor-version":[{"id":12313,"href":"https:\/\/spanish.drchugay.com\/es\/wp-json\/wp\/v2\/pages\/211\/revisions\/12313"}],"up":[{"embeddable":true,"href":"https:\/\/spanish.drchugay.com\/es\/wp-json\/wp\/v2\/pages\/3"}],"wp:attachment":[{"href":"https:\/\/spanish.drchugay.com\/es\/wp-json\/wp\/v2\/media?parent=211"}],"curies":[{"name":"wp","href":"https:\/\/api.w.org\/{rel}","templated":true}]}}