{"id":22,"date":"2009-06-27T01:38:50","date_gmt":"2009-06-27T01:38:50","guid":{"rendered":"https:\/\/spanish.drchugay.com\/fat-transfer-surgery-facial-fat-transfer\/"},"modified":"2024-09-24T16:59:42","modified_gmt":"2024-09-24T23:59:42","slug":"cirugia-de-transferencia-de-grasa-y-transferencia-de-grasa-facial","status":"publish","type":"page","link":"https:\/\/spanish.drchugay.com\/es\/procedimientos\/no-quirurgico\/cirugia-de-transferencia-de-grasa-y-transferencia-de-grasa-facial\/","title":{"rendered":"Cirug\u00eda de transferencia de grasa | Transferencia de grasa facial"},"content":{"rendered":"<style type=\"text\/css\" data-created_by=\"avia_inline_auto\" id=\"style-css-av-k7wmp4kk-34c3e159662ec4bc3f3fa986ba096974\">\n#top .hr.hr-invisible.av-k7wmp4kk-34c3e159662ec4bc3f3fa986ba096974{\nheight:5px;\n}\n<\/style>\n<div  class='hr av-k7wmp4kk-34c3e159662ec4bc3f3fa986ba096974 hr-invisible  avia-builder-el-0  el_before_av_one_full  avia-builder-el-first'><span class='hr-inner'><span class=\"hr-inner-style\"><\/span><\/span><\/div>\n\n<style type=\"text\/css\" data-created_by=\"avia_inline_auto\" id=\"style-css-av-f676no-9457bb500a74c1ddaeac826bf7772a88\">\n#top .flex_column.av-f676no-9457bb500a74c1ddaeac826bf7772a88{\nmargin-top:0px;\nmargin-bottom:10px;\n}\n.flex_column.av-f676no-9457bb500a74c1ddaeac826bf7772a88{\nborder-radius:0px 0px 0px 0px;\npadding:0px 0px 0px 0px;\n}\n.responsive #top #wrap_all .flex_column.av-f676no-9457bb500a74c1ddaeac826bf7772a88{\nmargin-top:0px;\nmargin-bottom:10px;\n}\n<\/style>\n<div  class='flex_column av-f676no-9457bb500a74c1ddaeac826bf7772a88 av_one_full  avia-builder-el-1  el_after_av_hr  el_before_av_one_full  first flex_column_div av-zero-column-padding'     ><p>\n<style type=\"text\/css\" data-created_by=\"avia_inline_auto\" id=\"style-css-av-kafuvvqc-70f2a3f4f4b8731e07360fa35e352c18\">\n#top .av-special-heading.av-kafuvvqc-70f2a3f4f4b8731e07360fa35e352c18{\npadding-bottom:10px;\n}\nbody .av-special-heading.av-kafuvvqc-70f2a3f4f4b8731e07360fa35e352c18 .av-special-heading-tag .heading-char{\nfont-size:25px;\n}\n.av-special-heading.av-kafuvvqc-70f2a3f4f4b8731e07360fa35e352c18 .av-subheading{\nfont-size:15px;\n}\n<\/style>\n<div  class='av-special-heading av-kafuvvqc-70f2a3f4f4b8731e07360fa35e352c18 av-special-heading-h2  avia-builder-el-2  el_before_av_textblock  avia-builder-el-first'><h2 class='av-special-heading-tag'  itemprop=\"headline\"  >Cirug\u00eda de transferencia de grasa<\/h2><div class=\"special-heading-border\"><div class=\"special-heading-inner-border\"><\/div><\/div><\/div><br \/>\n<section  class='av_textblock_section av-6f2g5w-89bf7ba565fdfea8b865600caa70629e'   itemscope=\"itemscope\" itemtype=\"https:\/\/schema.org\/CreativeWork\" ><div class='avia_textblock'  itemprop=\"text\" ><h6 style=\"text-align: left;\">*LOS RESULTADOS INDIVIDUALES VARIAR\u00c1N.<\/h6>\n<p>Transferir las c\u00e9lulas grasas propias del paciente es un proceso excelente mediante el cual las deformidades faciales profundas, como depresiones en el contorno facial, irregularidades faciales y asimetr\u00edas se pueden reducir o eliminar del todo. Tambi\u00e9n es posible usar la transferencia de grasa facial para combatir ciertas apariencias o envejecimiento facial, como mejillas hundidas o depresiones.<\/p>\n<\/div><\/section><\/p><\/div>\n\n<style type=\"text\/css\" data-created_by=\"avia_inline_auto\" id=\"style-css-av-f676no-11-af7b79ddeb6dbac1c38d2e00346d2812\">\n#top .flex_column.av-f676no-11-af7b79ddeb6dbac1c38d2e00346d2812{\nmargin-top:30px;\nmargin-bottom:10px;\n}\n.flex_column.av-f676no-11-af7b79ddeb6dbac1c38d2e00346d2812{\nborder-radius:0px 0px 0px 0px;\npadding:0px 0px 0px 0px;\n}\n.responsive #top #wrap_all .flex_column.av-f676no-11-af7b79ddeb6dbac1c38d2e00346d2812{\nmargin-top:30px;\nmargin-bottom:10px;\n}\n<\/style>\n<div  class='flex_column av-f676no-11-af7b79ddeb6dbac1c38d2e00346d2812 av_one_full  avia-builder-el-4  el_after_av_one_full  el_before_av_one_full  first flex_column_div av-zero-column-padding  column-top-margin'     ><p>\n<style type=\"text\/css\" data-created_by=\"avia_inline_auto\" id=\"style-css-av-kafuwg1v-5a6f81b150b1ddf8d75836759b8eec95\">\n#top .av-special-heading.av-kafuwg1v-5a6f81b150b1ddf8d75836759b8eec95{\npadding-bottom:10px;\n}\nbody .av-special-heading.av-kafuwg1v-5a6f81b150b1ddf8d75836759b8eec95 .av-special-heading-tag .heading-char{\nfont-size:25px;\n}\n.av-special-heading.av-kafuwg1v-5a6f81b150b1ddf8d75836759b8eec95 .av-subheading{\nfont-size:15px;\n}\n<\/style>\n<div  class='av-special-heading av-kafuwg1v-5a6f81b150b1ddf8d75836759b8eec95 av-special-heading-h2  avia-builder-el-5  el_before_av_textblock  avia-builder-el-first'><h2 class='av-special-heading-tag'  itemprop=\"headline\"  >El procedimiento<\/h2><div class=\"special-heading-border\"><div class=\"special-heading-inner-border\"><\/div><\/div><\/div><br \/>\n<section  class='av_textblock_section av-8nz50-ed8bd19dc4dfa2c29850203d619eba83'   itemscope=\"itemscope\" itemtype=\"https:\/\/schema.org\/CreativeWork\" ><div class='avia_textblock'  itemprop=\"text\" ><p>La cirug\u00eda de transferencia de grasa se conoce como transferencia de grasa aut\u00f3loga o microlipoinyecci\u00f3n. El primer paso es aspirar (extraer) del abdomen, sentaderas, o ciertas partes de las caderas para la inyecci\u00f3n.  El Dr. Chugay se asegura de que la grasa aspirada tenga una textura blanda ya que usar una grasa m\u00e1s firme (como la que se encuentra en la espalda o las piernas) no contornear\u00e1 bien la cara del paciente. Entonces la grasa se inyecta debajo de la piel facial de acuerdo al contorno deseado con algo de sobrellenado.<\/p>\n<\/div><\/section><\/p><\/div>\n\n<style type=\"text\/css\" data-created_by=\"avia_inline_auto\" id=\"style-css-av-f676no-10-ccb57e3cfb35d61629ca06667a1e16dd\">\n#top .flex_column.av-f676no-10-ccb57e3cfb35d61629ca06667a1e16dd{\nmargin-top:0px;\nmargin-bottom:10px;\n}\n.flex_column.av-f676no-10-ccb57e3cfb35d61629ca06667a1e16dd{\nborder-radius:0px 0px 0px 0px;\npadding:0px 0px 0px 0px;\n}\n.responsive #top #wrap_all .flex_column.av-f676no-10-ccb57e3cfb35d61629ca06667a1e16dd{\nmargin-top:0px;\nmargin-bottom:10px;\n}\n<\/style>\n<div  class='flex_column av-f676no-10-ccb57e3cfb35d61629ca06667a1e16dd av_one_full  avia-builder-el-7  el_after_av_one_full  el_before_av_hr  first flex_column_div av-zero-column-padding  column-top-margin'     ><article  class='iconbox iconbox_top av-k7wid5mf-068a306b294f1183665128203fb67087  avia-builder-el-8  avia-builder-el-no-sibling  main_color'  itemscope=\"itemscope\" itemtype=\"https:\/\/schema.org\/CreativeWork\" ><div class=\"iconbox_content\"><header class=\"entry-content-header\" aria-label=\"Icono: \u00bfHay financiaci\u00f3n disponible?\"><div class='iconbox_icon heading-color avia-iconfont avia-font-entypo-fontello' data-av_icon='\ue827' data-av_iconfont='entypo-fontello'  ><\/div><h3 class='iconbox_content_title'  itemprop=\"headline\" >\u00bfHay financiaci\u00f3n disponible?<\/h3><\/header><div class='iconbox_content_container'  itemprop=\"text\" ><p>S\u00ed. Financiaci\u00f3n m\u00e9dica est\u00e1 disponible en el cr\u00e9dito aprobado. Aceptamos financiaci\u00f3n de CareCredit.com. Para m\u00e1s informaci\u00f3n sobre nuestras opciones de financiaci\u00f3n<\/p>\n<div  class='avia-button-wrap av-3702at-2f75b6c227e6bd1a864bfe1943708b73-wrap avia-button-center  avia-builder-el-9  avia-builder-el-no-sibling'><a href='https:\/\/spanish.drchugay.com\/es\/informacion-del-paciente\/financiacion-medica\/'  class='avia-button av-3702at-2f75b6c227e6bd1a864bfe1943708b73 av-link-btn avia-icon_select-no avia-size-large avia-position-center avia-color-dark'   aria-label=\"OBTENER FINANCIACI\u00d3N\"><span class='avia_iconbox_title' >OBTENER FINANCIACI\u00d3N<\/span><\/a><\/div>\n<\/div><\/div><footer class=\"entry-footer\"><\/footer><\/article><\/div>\n<style type=\"text\/css\" data-created_by=\"avia_inline_auto\" id=\"style-css-av-k7wmp4kk-12-b9b90be4137c6961291d78dd779cda01\">\n#top .hr.hr-invisible.av-k7wmp4kk-12-b9b90be4137c6961291d78dd779cda01{\nheight:10px;\n}\n<\/style>\n<div  class='hr av-k7wmp4kk-12-b9b90be4137c6961291d78dd779cda01 hr-invisible  avia-builder-el-10  el_after_av_one_full  el_before_av_one_full'><span class='hr-inner'><span class=\"hr-inner-style\"><\/span><\/span><\/div><\/p>\n\n<style type=\"text\/css\" data-created_by=\"avia_inline_auto\" id=\"style-css-av-f676no-8-267aa4b5bd692a050a19798f74eecebe\">\n#top .flex_column.av-f676no-8-267aa4b5bd692a050a19798f74eecebe{\nmargin-top:0px;\nmargin-bottom:10px;\n}\n.flex_column.av-f676no-8-267aa4b5bd692a050a19798f74eecebe{\nborder-radius:0px 0px 0px 0px;\npadding:0px 0px 0px 0px;\n}\n.responsive #top #wrap_all .flex_column.av-f676no-8-267aa4b5bd692a050a19798f74eecebe{\nmargin-top:0px;\nmargin-bottom:10px;\n}\n<\/style>\n<div  class='flex_column av-f676no-8-267aa4b5bd692a050a19798f74eecebe av_one_full  avia-builder-el-11  el_after_av_hr  el_before_av_one_full  first flex_column_div av-zero-column-padding'     ><p>\n<style type=\"text\/css\" data-created_by=\"avia_inline_auto\" id=\"style-css-av-kafuwswd-e48fcdea281a44467b1f426b881bbf0b\">\n#top .av-special-heading.av-kafuwswd-e48fcdea281a44467b1f426b881bbf0b{\npadding-bottom:10px;\n}\nbody .av-special-heading.av-kafuwswd-e48fcdea281a44467b1f426b881bbf0b .av-special-heading-tag .heading-char{\nfont-size:25px;\n}\n.av-special-heading.av-kafuwswd-e48fcdea281a44467b1f426b881bbf0b .av-subheading{\nfont-size:15px;\n}\n<\/style>\n<div  class='av-special-heading av-kafuwswd-e48fcdea281a44467b1f426b881bbf0b av-special-heading-h2  avia-builder-el-12  el_before_av_textblock  avia-builder-el-first'><h2 class='av-special-heading-tag'  itemprop=\"headline\"  >\u00bfPor qu\u00e9 es necesario el sobrellenado?<\/h2><div class=\"special-heading-border\"><div class=\"special-heading-inner-border\"><\/div><\/div><\/div><br \/>\n<section  class='av_textblock_section av-8nz50-9-5da5f6105e64a5c07f1da5f2722ae823'   itemscope=\"itemscope\" itemtype=\"https:\/\/schema.org\/CreativeWork\" ><div class='avia_textblock'  itemprop=\"text\" ><p>El sobrellenado es necesario para permitir la absorci\u00f3n de grasa durante las semanas siguientes al tratamiento. La grasa reci\u00e9n inyectada puede hacer que temporalmente la cara luzca anormalmente hinchada o inflamada. Esta hinchaz\u00f3n podr\u00eda durar varias semanas o un poco m\u00e1s.  Eventualmente, la cara adquirir\u00e1 el contorno natural. Si esa hinchaz\u00f3n temporal le preocupa, el Dr. Chugay podr\u00e1, previa petici\u00f3n suya, sobrellenar un poco menos. Aunque puede que sus resultados no sean tan buenos a largo plazo, tendr\u00e1 hinchaz\u00f3n durante un corto plazo.<\/p>\n<\/div><\/section><\/p><\/div>\n\n<style type=\"text\/css\" data-created_by=\"avia_inline_auto\" id=\"style-css-av-f676no-5-9d52274d2eaa8182cbabc5b0ffec9f4c\">\n#top .flex_column.av-f676no-5-9d52274d2eaa8182cbabc5b0ffec9f4c{\nmargin-top:0px;\nmargin-bottom:10px;\n}\n.flex_column.av-f676no-5-9d52274d2eaa8182cbabc5b0ffec9f4c{\nborder-radius:0px 0px 0px 0px;\npadding:0px 0px 0px 0px;\n}\n.responsive #top #wrap_all .flex_column.av-f676no-5-9d52274d2eaa8182cbabc5b0ffec9f4c{\nmargin-top:0px;\nmargin-bottom:10px;\n}\n<\/style>\n<div  class='flex_column av-f676no-5-9d52274d2eaa8182cbabc5b0ffec9f4c av_one_full  avia-builder-el-14  el_after_av_one_full  el_before_av_one_full  first flex_column_div av-zero-column-padding  column-top-margin'     ><article  class='iconbox iconbox_top av-k7wid5mf-7-f5e79ba62567a32113e6931132056add  avia-builder-el-15  avia-builder-el-no-sibling  main_color'  itemscope=\"itemscope\" itemtype=\"https:\/\/schema.org\/CreativeWork\" ><div class=\"iconbox_content\"><header class=\"entry-content-header\" aria-label=\"Icono: Cosas que debe buscar en su cirujano:\"><div class='iconbox_icon heading-color avia-iconfont avia-font-entypo-fontello' data-av_icon='\ue81e' data-av_iconfont='entypo-fontello'  ><\/div><h3 class='iconbox_content_title'  itemprop=\"headline\" >Cosas que debe buscar en su cirujano:<\/h3><\/header><div class='iconbox_content_container'  itemprop=\"text\" ><ul style=\"text-align: left;\">\n<li><strong>Experiencia:<\/strong> Con 2 generaciones de m\u00e9dicos, m\u00e1s de 30.000 procedimientos y toda una vida de experiencia combinada, el Dr. Nikolas V. Chugay y el Dr. Paul N. Chugay no s\u00f3lo tienen la experiencia necesaria en diversos procedimientos quir\u00fargicos y no quir\u00fargicos, sino que Nikolas ha ayudado a revolucionar la industria, y Paul est\u00e1 siguiendo muy de cerca los pasos de su padre, bas\u00e1ndose en m\u00e1s de 40 a\u00f1os de experiencia.<\/li>\n<li><strong>Compatibilidad y respeto:<\/strong> Reserva una consulta con el m\u00e9dico. Comprueba c\u00f3mo te trata, si te escucha y qu\u00e9 quieres. Es importante que hables a fondo con tu m\u00e9dico de lo que quieres conseguir para que tenga una idea clara y concisa de cu\u00e1l es tu objetivo, pero tambi\u00e9n es importante que respetes la experiencia y la formaci\u00f3n de tu m\u00e9dico lo suficiente como para escuchar sus recomendaciones. No querr\u00e1s tener un m\u00e9dico que no se preocupe por TI.<\/li>\n<li><strong>Especializaci\u00f3n:<\/strong> Pregunte a su m\u00e9dico por otras veces que haya realizado el procedimiento que usted desea.<\/li>\n<\/ul>\n<div  class='avia-button-wrap av-3702at-6-ddb361222cb90b028bffbedc9c1e891f-wrap avia-button-center  avia-builder-el-16  avia-builder-el-no-sibling'><a href='https:\/\/spanish.drchugay.com\/es\/sobre-la-clinica-medica-de-cirugia-estetica-chugay\/'  class='avia-button av-3702at-6-ddb361222cb90b028bffbedc9c1e891f av-link-btn avia-icon_select-no avia-size-large avia-position-center avia-color-dark'   aria-label=\"CONOZCA A SUS CIRUJANOS\"><span class='avia_iconbox_title' >CONOZCA A SUS CIRUJANOS<\/span><\/a><\/div>\n<\/div><\/div><footer class=\"entry-footer\"><\/footer><\/article><\/div>\n\n<style type=\"text\/css\" data-created_by=\"avia_inline_auto\" id=\"style-css-av-41dbck-f9741761faa0742a7de6806943dea868\">\n#top .flex_column.av-41dbck-f9741761faa0742a7de6806943dea868{\nmargin-top:30px;\nmargin-bottom:0px;\n}\n.flex_column.av-41dbck-f9741761faa0742a7de6806943dea868{\nborder-radius:0px 0px 0px 0px;\npadding:0px 0px 0px 0px;\n}\n.responsive #top #wrap_all .flex_column.av-41dbck-f9741761faa0742a7de6806943dea868{\nmargin-top:30px;\nmargin-bottom:0px;\n}\n<\/style>\n<div  class='flex_column av-41dbck-f9741761faa0742a7de6806943dea868 av_one_full  avia-builder-el-17  el_after_av_one_full  el_before_av_one_full  first flex_column_div av-zero-column-padding  column-top-margin'     ><p>\n<style type=\"text\/css\" data-created_by=\"avia_inline_auto\" id=\"style-css-av-kafuxoon-6fc1bda8d4ee629e6c30ce713b439fde\">\n#top .av-special-heading.av-kafuxoon-6fc1bda8d4ee629e6c30ce713b439fde{\npadding-bottom:10px;\n}\nbody .av-special-heading.av-kafuxoon-6fc1bda8d4ee629e6c30ce713b439fde .av-special-heading-tag .heading-char{\nfont-size:25px;\n}\n.av-special-heading.av-kafuxoon-6fc1bda8d4ee629e6c30ce713b439fde .av-subheading{\nfont-size:15px;\n}\n<\/style>\n<div  class='av-special-heading av-kafuxoon-6fc1bda8d4ee629e6c30ce713b439fde av-special-heading-h2  avia-builder-el-18  el_before_av_textblock  avia-builder-el-first'><h2 class='av-special-heading-tag'  itemprop=\"headline\"  >\u00bfEs mejor la transferencia de grasa aut\u00f3loga que las inyecciones de col\u00e1geno?<\/h2><div class=\"special-heading-border\"><div class=\"special-heading-inner-border\"><\/div><\/div><\/div><br \/>\n<section  class='av_textblock_section av-8nz50-4-acff974149b8987dbb5e0fff2b3fdbd4'   itemscope=\"itemscope\" itemtype=\"https:\/\/schema.org\/CreativeWork\" ><div class='avia_textblock'  itemprop=\"text\" ><p>El aumento cut\u00e1neo que se logra inicialmente con el col\u00e1geno se pierde considerablemente en un plazo de 6 9 meses a medida que el organismo reabsorbe el col\u00e1geno por completo. La cirug\u00eda de transferencia de grasa har\u00e1 que su nueva apariencia dure m\u00e1s tiempo. Adem\u00e1s, sus propias c\u00e9lulas grasas son menos traum\u00e1ticas para su organismo que el col\u00e1geno bovino, y su propia grasa, a diferencia del col\u00e1geno, no producir\u00e1 una reacci\u00f3n al\u00e9rgica.<\/p>\n<p>*Exenci\u00f3n de responsabilidad: los resultados individuales pueden variar.<\/p>\n<\/div><\/section><br \/>\n\n<style type=\"text\/css\" data-created_by=\"avia_inline_auto\" id=\"style-css-av-kafuxzmp-dc3b7e449ab1f565ccffce57ba46587c\">\n#top .av-special-heading.av-kafuxzmp-dc3b7e449ab1f565ccffce57ba46587c{\npadding-bottom:10px;\n}\nbody .av-special-heading.av-kafuxzmp-dc3b7e449ab1f565ccffce57ba46587c .av-special-heading-tag .heading-char{\nfont-size:25px;\n}\n.av-special-heading.av-kafuxzmp-dc3b7e449ab1f565ccffce57ba46587c .av-subheading{\nfont-size:15px;\n}\n<\/style>\n<div  class='av-special-heading av-kafuxzmp-dc3b7e449ab1f565ccffce57ba46587c av-special-heading-h2  avia-builder-el-20  el_after_av_textblock  el_before_av_textblock'><h2 class='av-special-heading-tag'  itemprop=\"headline\"  >\u00bfCu\u00e1nto durar\u00e1 mi mejor\u00eda?<\/h2><div class=\"special-heading-border\"><div class=\"special-heading-inner-border\"><\/div><\/div><\/div><br \/>\n<section  class='av_textblock_section av-8nz50-2-bedf0d843beefe19a512601a4025bf7d'   itemscope=\"itemscope\" itemtype=\"https:\/\/schema.org\/CreativeWork\" ><div class='avia_textblock'  itemprop=\"text\" ><p>La duraci\u00f3n de la mejor\u00eda var\u00eda considerablemente de paciente a paciente. La mayor\u00eda del resultado debe durar m\u00e1s de un a\u00f1o. Cu\u00e1nto exactamente es dif\u00edcil de predecir. Con la t\u00e9cnica del Dr. Chugay, hasta el 40% de su mejor\u00eda ser\u00e1 permanente.<\/p>\n<\/div><\/section><br \/>\n\n<style type=\"text\/css\" data-created_by=\"avia_inline_auto\" id=\"style-css-av-kafuyk8y-aaebd88cb1c660ae60cf184c47485300\">\n#top .av-special-heading.av-kafuyk8y-aaebd88cb1c660ae60cf184c47485300{\npadding-bottom:10px;\n}\nbody .av-special-heading.av-kafuyk8y-aaebd88cb1c660ae60cf184c47485300 .av-special-heading-tag .heading-char{\nfont-size:25px;\n}\n.av-special-heading.av-kafuyk8y-aaebd88cb1c660ae60cf184c47485300 .av-subheading{\nfont-size:15px;\n}\n<\/style>\n<div  class='av-special-heading av-kafuyk8y-aaebd88cb1c660ae60cf184c47485300 av-special-heading-h2  avia-builder-el-22  el_after_av_textblock  el_before_av_textblock'><h2 class='av-special-heading-tag'  itemprop=\"headline\"  >\u00bfLa t\u00e9cnica del Dr. Chugay es mejor o diferente?<\/h2><div class=\"special-heading-border\"><div class=\"special-heading-inner-border\"><\/div><\/div><\/div><br \/>\n<section  class='av_textblock_section av-8nz50-1-00a5835ccea729f78080b29da5186620'   itemscope=\"itemscope\" itemtype=\"https:\/\/schema.org\/CreativeWork\" ><div class='avia_textblock'  itemprop=\"text\" ><p>Los estudios experimentales sobre el trasplante de grasa han demostrado que un n\u00famero variable de c\u00e9lulas grasas sobrevive el proceso de inyecci\u00f3n, y esto est\u00e1 relacionado con el m\u00e9todo en el cual se extirpa la grasa y luego se implanta en los tejidos. La aspiraci\u00f3n y la inyecci\u00f3n ocasionan un trauma f\u00edsico considerable a la grasa. El efecto cumulativo del trauma mec\u00e1nico impuesto por la aspiraci\u00f3n e inyecci\u00f3n de grasa ocasiona una alta tasa de desgaste de c\u00e9lulas grasas potencialmente viables.<\/p>\n<p class=\"translation-block\">Cierto porcentaje de c\u00e9lulas grasas permanecer\u00e1n inalteradas. La pr\u00e1ctica est\u00e1ndar produce un resultado de aproximadamente un 10% de supervivencia de las c\u00e9lulas grasas. El Dr. Chugay reduce al m\u00ednimo el da\u00f1o f\u00edsico a las c\u00e9lulas grasas utilizando agujas, jeringuillas y una t\u00e9cnica de remoci\u00f3n  e inyecci\u00f3n especiales. Adem\u00e1s de su t\u00e9cnica para obtener grasa, el Dr. Chugay utiliza una terapia de c\u00e9lulas madres recientemente investigada para aumentar la captura general de c\u00e9lulas grasas \u00a1a una captura m\u00e1xima del  90%!<\/p>\n<p class=\"translation-block\">Hay otros factores que afectan la longevidad de la mejora. La evidencia actual sugiere que una buena parte de la mejora se debe a la formaci\u00f3n de tejidos fibrosos despu\u00e9s de recibir inyecciones de grasa. El Dr. Chugay inyecta la grasa despacio y cuidadosamente utilizando una t\u00e9cnica de microgota que permite la mayor cantidad de formaci\u00f3n de tejido fibroso.<\/p>\n<p class=\"translation-block\">Por lo tanto, al asegurar una supervivencia m\u00e1xima de las c\u00e9lulas grasas y una formaci\u00f3n m\u00e1xima de tejido fibroso, el Dr. Chugay puede proporcionar una longevidad y permanencia mejorada a la transferencia facial de grasa.<\/p>\n<\/div><\/section><\/p><\/div>\n\n<style type=\"text\/css\" data-created_by=\"avia_inline_auto\" id=\"style-css-av-f676no-3-f6185e9f4045e99cde0f5df12a8340b2\">\n#top .flex_column.av-f676no-3-f6185e9f4045e99cde0f5df12a8340b2{\nmargin-top:50px;\nmargin-bottom:10px;\n}\n.flex_column.av-f676no-3-f6185e9f4045e99cde0f5df12a8340b2{\nborder-radius:0px 0px 0px 0px;\npadding:0px 0px 0px 0px;\n}\n.responsive #top #wrap_all .flex_column.av-f676no-3-f6185e9f4045e99cde0f5df12a8340b2{\nmargin-top:50px;\nmargin-bottom:10px;\n}\n<\/style>\n<div  class='flex_column av-f676no-3-f6185e9f4045e99cde0f5df12a8340b2 av_one_full  avia-builder-el-24  el_after_av_one_full  avia-builder-el-last  first flex_column_div av-zero-column-padding  column-top-margin'     ><style type=\"text\/css\" data-created_by=\"avia_inline_auto\" id=\"style-css-av-k7wnwtuw-bfac9e508be5c63049274c32f5ac2573\">\n.av_promobox.av-k7wnwtuw-bfac9e508be5c63049274c32f5ac2573{\ncolor:#ffffff;\nbackground:#444444;\nborder-color:#000000;\n}\n<\/style>\n<div  class='av_promobox av-k7wnwtuw-bfac9e508be5c63049274c32f5ac2573 avia-button-yes  avia-builder-el-25  el_before_av_hr  avia-builder-el-first'><div class='avia-promocontent'><h2><span style=\"color: #ffffff;\">\u00bfPreparado para mejorar el aspecto de su cuerpo?<\/span><\/h2>\n<h5><span style=\"color: #ffffff;\">Ll\u00e1menos ahora para una consulta y evaluaci\u00f3n gratuitas.<\/span><\/h5>\n<p>\n<\/div><div  class='avia-button-wrap av-k7wnwtuw-4995055a5ece8a1cc3b1f684af197876-wrap avia-button-right'><a href='https:\/\/spanish.drchugay.com\/es\/contacto\/'  class='avia-button av-k7wnwtuw-4995055a5ece8a1cc3b1f684af197876 av-link-btn avia-icon_select-no avia-size-large avia-position-right avia-color-theme-color-subtle'   aria-label=\"RESERVAR AHORA\"><span class='avia_iconbox_title' >RESERVAR AHORA<\/span><\/a><\/div><\/div><br \/>\n\n<style type=\"text\/css\" data-created_by=\"avia_inline_auto\" id=\"style-css-av-9dsts4-11399a697b8219a0eaa2ba93d19c13fd\">\n#top .hr.hr-invisible.av-9dsts4-11399a697b8219a0eaa2ba93d19c13fd{\nheight:10px;\n}\n<\/style>\n<div  class='hr av-9dsts4-11399a697b8219a0eaa2ba93d19c13fd hr-invisible  avia-builder-el-26  el_after_av_promobox  avia-builder-el-last'><span class='hr-inner'><span class=\"hr-inner-style\"><\/span><\/span><\/div><\/p><\/div>","protected":false},"excerpt":{"rendered":"","protected":false},"author":1,"featured_media":0,"parent":190,"menu_order":5,"comment_status":"closed","ping_status":"closed","template":"","meta":{"footnotes":""},"class_list":["post-22","page","type-page","status-publish","hentry"],"_links":{"self":[{"href":"https:\/\/spanish.drchugay.com\/es\/wp-json\/wp\/v2\/pages\/22","targetHints":{"allow":["GET"]}}],"collection":[{"href":"https:\/\/spanish.drchugay.com\/es\/wp-json\/wp\/v2\/pages"}],"about":[{"href":"https:\/\/spanish.drchugay.com\/es\/wp-json\/wp\/v2\/types\/page"}],"author":[{"embeddable":true,"href":"https:\/\/spanish.drchugay.com\/es\/wp-json\/wp\/v2\/users\/1"}],"replies":[{"embeddable":true,"href":"https:\/\/spanish.drchugay.com\/es\/wp-json\/wp\/v2\/comments?post=22"}],"version-history":[{"count":14,"href":"https:\/\/spanish.drchugay.com\/es\/wp-json\/wp\/v2\/pages\/22\/revisions"}],"predecessor-version":[{"id":12526,"href":"https:\/\/spanish.drchugay.com\/es\/wp-json\/wp\/v2\/pages\/22\/revisions\/12526"}],"up":[{"embeddable":true,"href":"https:\/\/spanish.drchugay.com\/es\/wp-json\/wp\/v2\/pages\/190"}],"wp:attachment":[{"href":"https:\/\/spanish.drchugay.com\/es\/wp-json\/wp\/v2\/media?parent=22"}],"curies":[{"name":"wp","href":"https:\/\/api.w.org\/{rel}","templated":true}]}}