{"id":24,"date":"2009-07-01T19:33:47","date_gmt":"2009-07-01T19:33:47","guid":{"rendered":"https:\/\/spanish.drchugay.com\/body-sculpting-surgery\/"},"modified":"2024-08-23T17:50:09","modified_gmt":"2024-08-24T00:50:09","slug":"cirugia-de-esculpido-corporal","status":"publish","type":"page","link":"https:\/\/spanish.drchugay.com\/es\/procedimientos\/cirugia-de-esculpido-corporal\/","title":{"rendered":"Escultura corporal"},"content":{"rendered":"<style type=\"text\/css\" data-created_by=\"avia_inline_auto\" id=\"style-css-av-7zeus-f11c6a8a0362c4eca3780c7bb7bb191f\">\n#top .av-special-heading.av-7zeus-f11c6a8a0362c4eca3780c7bb7bb191f{\npadding-bottom:10px;\n}\nbody .av-special-heading.av-7zeus-f11c6a8a0362c4eca3780c7bb7bb191f .av-special-heading-tag .heading-char{\nfont-size:25px;\n}\n.av-special-heading.av-7zeus-f11c6a8a0362c4eca3780c7bb7bb191f .av-subheading{\nfont-size:15px;\n}\n<\/style>\n<div  class='av-special-heading av-7zeus-f11c6a8a0362c4eca3780c7bb7bb191f av-special-heading-h2  avia-builder-el-0  el_before_av_hr  avia-builder-el-first'><h2 class='av-special-heading-tag'  itemprop=\"headline\"  >Escultura corporal<\/h2><div class=\"special-heading-border\"><div class=\"special-heading-inner-border\"><\/div><\/div><\/div>\n\n<style type=\"text\/css\" data-created_by=\"avia_inline_auto\" id=\"style-css-av-l4yljf4v-4efcf196bd8332c06ab797a6a4d3cf47\">\n#top .hr.hr-invisible.av-l4yljf4v-4efcf196bd8332c06ab797a6a4d3cf47{\nheight:50px;\n}\n<\/style>\n<div  class='hr av-l4yljf4v-4efcf196bd8332c06ab797a6a4d3cf47 hr-invisible  avia-builder-el-1  el_after_av_heading  el_before_av_one_third'><span class='hr-inner'><span class=\"hr-inner-style\"><\/span><\/span><\/div>\n\n<style type=\"text\/css\" data-created_by=\"avia_inline_auto\" id=\"style-css-av-m07fbk29-7fcbb91053a2db8393a55db8488079dc\">\n.flex_column.av-m07fbk29-7fcbb91053a2db8393a55db8488079dc{\nwidth:32.666666666667%;\n}\n<\/style>\n<div  class='flex_column av-m07fbk29-7fcbb91053a2db8393a55db8488079dc av_one_third  avia-builder-el-2  el_after_av_hr  el_before_av_one_third  first flex_column_div'     ><section  class='av_textblock_section av-av_textblock-564067357eb74c20cdd60b282c9b50bd'   itemscope=\"itemscope\" itemtype=\"https:\/\/schema.org\/CreativeWork\" ><div class='avia_textblock'  itemprop=\"text\" ><table class=\"sub_procedures\" style=\"width: 100%; text-align: left;\" border=\"0\" cellspacing=\"5\" cellpadding=\"5\" align=\"center\">\n<tbody>\n<tr>\n<td width=\"33%\"><a title=\"Lipoescultura de precisi\u00f3n | Liposucci\u00f3n cosm\u00e9tica\" href=\"https:\/\/spanish.drchugay.com\/es\/procedimientos\/cirugia-de-esculpido-corporal\/cirugia-estetica-de-liposuccion-y-liposcultura-de-precision\/\"><img loading=\"lazy\" decoding=\"async\" class=\"alignright wp-image-3188 size-full\" style=\"border: 3px solid #b4b4b4; margin-left: 5px;\" src=\"https:\/\/spanish.drchugay.com\/wp-content\/uploads\/2014\/02\/precision-lipo-sm-70.jpg\" alt=\"precision-lipo-sm-70\" width=\"70\" height=\"70\" \/><\/a><\/p>\n<h2><a title=\"Lipoescultura de precisi\u00f3n | Liposucci\u00f3n cosm\u00e9tica\" href=\"https:\/\/spanish.drchugay.com\/es\/procedimientos\/cirugia-de-esculpido-corporal\/cirugia-estetica-de-liposuccion-y-liposcultura-de-precision\/\">LIPOESCULTURA DE PRECISI\u00d3N <span style=\"letter-spacing: 0;\">.<\/span><\/a><\/h2>\n<p><a title=\"Lipoescultura de precisi\u00f3n | Liposucci\u00f3n cosm\u00e9tica\" href=\"https:\/\/spanish.drchugay.com\/es\/procedimientos\/cirugia-de-esculpido-corporal\/cirugia-estetica-de-liposuccion-y-liposcultura-de-precision\/\">Seguir leyendo<\/a><\/td>\n<\/tr>\n<tr>\n<td width=\"33%\"><a title=\"Levantamiento De Brazos\" href=\"https:\/\/spanish.drchugay.com\/es\/procedimientos\/cirugia-de-esculpido-corporal\/galeria-de-lifting-de-brazo\/\"><img loading=\"lazy\" decoding=\"async\" class=\"alignright wp-image-3447 size-full\" style=\"border: 3px solid #b4b4b4; margin-left: 5px;\" src=\"\/wp-content\/uploads\/2014\/03\/arm-lift-sm-70.jpg\" alt=\"brazo-elevador-sm-70\" width=\"70\" height=\"70\" \/><\/a><\/p>\n<h2><a title=\"Levantamiento De Brazos\" href=\"https:\/\/spanish.drchugay.com\/es\/procedimientos\/cirugia-de-esculpido-corporal\/galeria-de-lifting-de-brazo\/\">Levantamiento De Brazos<\/a><\/h2>\n<p><a title=\"Levantamiento De Brazos\" href=\"https:\/\/spanish.drchugay.com\/es\/procedimientos\/cirugia-de-esculpido-corporal\/galeria-de-lifting-de-brazo\/\">Seguir leyendo<\/a><\/td>\n<\/tr>\n<tr>\n<td width=\"33%\"><a title=\"Galer\u00eda de renovaci\u00f3n para mam\u00e1s\" href=\"\/es\/procedimientos\/cirugia-de-esculpido-corporal\/mama-makeover-procedimiento\/\"><img loading=\"lazy\" decoding=\"async\" class=\"alignright size-full wp-image-3447\" style=\"border: 3px solid #b4b4b4; margin-left: 5px;\" src=\"\/wp-content\/uploads\/2019\/03\/procedure-mommy-makeover-70-sm.jpg\" alt=\"brazo-elevador-sm-70\" width=\"70\" height=\"70\" \/><\/a><\/p>\n<h2><a title=\"Levantamiento De Brazos\" href=\"\/es\/procedimientos\/cirugia-de-esculpido-corporal\/mama-makeover-procedimiento\/\">Galer\u00eda de renovaci\u00f3n para mam\u00e1s<\/a><\/h2>\n<p><a title=\"Levantamiento De Brazos\" href=\"\/es\/procedimientos\/cirugia-de-esculpido-corporal\/mama-makeover-procedimiento\/\">Seguir leyendo<\/a><\/td>\n<\/tr>\n<\/tbody>\n<\/table>\n<\/div><\/section><\/div>\n\n<style type=\"text\/css\" data-created_by=\"avia_inline_auto\" id=\"style-css-av-av_one_third-3b23f8e6fda9ada887e5408ce3a289e8\">\n.flex_column.av-av_one_third-3b23f8e6fda9ada887e5408ce3a289e8{\nwidth:32.666666666667%;\nmargin-left:1%;\nborder-radius:0px 0px 0px 0px;\npadding:0px 0px 0px 0px;\n}\n<\/style>\n<div  class='flex_column av-av_one_third-3b23f8e6fda9ada887e5408ce3a289e8 av_one_third  avia-builder-el-4  el_after_av_one_third  el_before_av_one_third  flex_column_div av-zero-column-padding'     ><section  class='av_textblock_section av-av_textblock-564067357eb74c20cdd60b282c9b50bd'   itemscope=\"itemscope\" itemtype=\"https:\/\/schema.org\/CreativeWork\" ><div class='avia_textblock'  itemprop=\"text\" ><table class=\"sub_procedures\" style=\"width: 100%; text-align: left;\" border=\"0\" cellspacing=\"5\" cellpadding=\"5\" align=\"center\">\n<tbody>\n<tr>\n<td width=\"33%\"><a class=\"alignright\" style=\"float: right; margin: 0px; padding: 0px;\" title=\"Abdominoplastia Cirug\u00eda est\u00e9tica de abdomen\" href=\"https:\/\/spanish.drchugay.com\/es\/procedimientos\/cirugia-de-esculpido-corporal\/cirugia-de-abdominoplastia-tummy-tuck\/\"><img loading=\"lazy\" decoding=\"async\" class=\"alignright wp-image-299 size-full\" style=\"border: 3px solid #b4b4b4; margin-left: 5px; float: right;\" src=\"https:\/\/spanish.drchugay.com\/wp-content\/uploads\/2011\/10\/bs-tummy-tuck.jpg\" alt=\"bs-tummy-tuck\" width=\"70\" height=\"70\" \/><\/a><\/p>\n<h2><a title=\"Abdominoplastia Cirug\u00eda est\u00e9tica de abdomen\" href=\"https:\/\/spanish.drchugay.com\/es\/procedimientos\/cirugia-de-esculpido-corporal\/cirugia-de-abdominoplastia-tummy-tuck\/\">Aplanamiento de est\u00f3mago<\/a><\/h2>\n<p><a title=\"Abdominoplastia Cirug\u00eda est\u00e9tica de abdomen\" href=\"https:\/\/spanish.drchugay.com\/es\/procedimientos\/cirugia-de-esculpido-corporal\/cirugia-de-abdominoplastia-tummy-tuck\/\">Seguir leyendo<\/a><\/td>\n<\/tr>\n<tr>\n<td width=\"33%\"><a class=\"alignright\" style=\"float: right; margin: 0px; padding: 0px;\" title=\"Labioplastia y vaginoplastia\" href=\"https:\/\/spanish.drchugay.com\/es\/procedimientos\/cirugia-reconstructiva\/labioplastia-y-vaginoplastia\/\"><img loading=\"lazy\" decoding=\"async\" class=\"alignright wp-image-302 size-full\" style=\"border: 3px solid #b4b4b4; margin-left: 5px; float: right;\" src=\"https:\/\/spanish.drchugay.com\/wp-content\/uploads\/2011\/10\/bs-labiaplasty.jpg\" alt=\"bs-labiaplastia\" width=\"70\" height=\"70\" \/><\/a><\/p>\n<h2><a title=\"Labioplastia y vaginoplastia\" href=\"https:\/\/spanish.drchugay.com\/es\/procedimientos\/cirugia-reconstructiva\/labioplastia-y-vaginoplastia\/\">LABIOPLASTIA Y VAGINOPLASTIA<\/a><\/h2>\n<p><a title=\"Labioplastia y vaginoplastia\" href=\"https:\/\/spanish.drchugay.com\/es\/procedimientos\/cirugia-reconstructiva\/labioplastia-y-vaginoplastia\/\">Seguir leyendo<\/a><\/td>\n<\/tr>\n<\/tbody>\n<\/table>\n<\/div><\/section><\/div>\n<style type=\"text\/css\" data-created_by=\"avia_inline_auto\" id=\"style-css-av-av_one_third-3b23f8e6fda9ada887e5408ce3a289e8\">\n.flex_column.av-av_one_third-3b23f8e6fda9ada887e5408ce3a289e8{\nwidth:32.666666666667%;\nmargin-left:1%;\nborder-radius:0px 0px 0px 0px;\npadding:0px 0px 0px 0px;\n}\n<\/style>\n<div  class='flex_column av-av_one_third-3b23f8e6fda9ada887e5408ce3a289e8 av_one_third  avia-builder-el-6  el_after_av_one_third  el_before_av_hr  flex_column_div av-zero-column-padding'     ><section  class='av_textblock_section av-av_textblock-564067357eb74c20cdd60b282c9b50bd'   itemscope=\"itemscope\" itemtype=\"https:\/\/schema.org\/CreativeWork\" ><div class='avia_textblock'  itemprop=\"text\" ><table class=\"sub_procedures\" style=\"width: 100%; text-align: left;\" border=\"0\" cellspacing=\"5\" cellpadding=\"5\" align=\"center\">\n<tbody>\n<tr>\n<td width=\"33%\"><a title=\"Levantamiento de muslos\" href=\"https:\/\/spanish.drchugay.com\/es\/procedimientos\/cirugia-de-esculpido-corporal\/liftings-en-muslos\/\"><img loading=\"lazy\" decoding=\"async\" class=\"alignright wp-image-3454 size-full\" style=\"border: 3px solid #b4b4b4; margin-left: 5px;\" src=\"\/wp-content\/uploads\/2014\/03\/thigh-lift-sm-70.jpg\" alt=\"muslo-elevador-sm-70\" width=\"70\" height=\"70\" \/><\/a><\/p>\n<h2><a title=\"Levantamiento de muslos\" href=\"https:\/\/spanish.drchugay.com\/es\/procedimientos\/cirugia-de-esculpido-corporal\/liftings-en-muslos\/\">Levantamiento de muslos<\/a><\/h2>\n<p><a title=\"Levantamiento de muslos\" href=\"https:\/\/spanish.drchugay.com\/es\/procedimientos\/cirugia-de-esculpido-corporal\/liftings-en-muslos\/\">Seguir leyendo<\/a><\/td>\n<\/tr>\n<tr>\n<td valign=\"top\" width=\"33%\"><a href=\"https:\/\/spanish.drchugay.com\/es\/procedimientos\/cirugia-de-esculpido-corporal\/inconsplantes-de-buttock\/#fat\"><img loading=\"lazy\" decoding=\"async\" class=\"alignright wp-image-3209 size-full\" style=\"border: 3px solid #b4b4b4; margin-left: 5px;\" src=\"https:\/\/spanish.drchugay.com\/wp-content\/uploads\/2014\/02\/buttock-aug-lipo-fat-sm-70.jpg\" alt=\"buttock-aug-lipo-fat-sm-70\" width=\"70\" height=\"70\" srcset=\"https:\/\/spanish.drchugay.com\/wp-content\/uploads\/2014\/02\/buttock-aug-lipo-fat-sm-70.jpg 70w, https:\/\/spanish.drchugay.com\/wp-content\/uploads\/2014\/02\/buttock-aug-lipo-fat-sm-70-36x36.jpg 36w\" sizes=\"auto, (max-width: 70px) 100vw, 70px\" \/><\/a><\/p>\n<h2><a title=\"Implantes de gl\u00fateos\" href=\"https:\/\/spanish.drchugay.com\/es\/procedimientos\/cirugia-de-esculpido-corporal\/inconsplantes-de-buttock\/#fat\">TRASPLANTE DE GRASA Y LIPOSUCCI\u00d3N<\/a><\/h2>\n<p><a title=\"Implantes de gl\u00fateos\" href=\"https:\/\/spanish.drchugay.com\/es\/procedimientos\/cirugia-de-esculpido-corporal\/inconsplantes-de-buttock\/#fat\">Seguir leyendo<\/a><\/td>\n<\/tr>\n<\/tbody>\n<\/table>\n<\/div><\/section><\/div><div  class='hr av-dfyw-248f40f2c282dd22205369d07d02312b hr-short  avia-builder-el-8  el_after_av_one_third  el_before_av_two_third  hr-center'><span class='hr-inner'><span class=\"hr-inner-style\"><\/span><\/span><\/div><\/p>\n<div  class='flex_column av-3gw30-de71401c65f415a2174e32d43f54b5dc av_two_third  avia-builder-el-9  el_after_av_hr  el_before_av_one_third  first flex_column_div'     ><section  class='av_textblock_section av-2r5p0-f48639f92bcb0caa76899ce08f3cbaec'   itemscope=\"itemscope\" itemtype=\"https:\/\/schema.org\/CreativeWork\" ><div class='avia_textblock'  itemprop=\"text\" ><p>En Escultura Corporal, numerosos procedimientos nuevos, incluyendo Aumento Muscular, Aumento de Pectorales y Gl\u00fateos, refinamientos de Aumento y Elevaci\u00f3n de Mamas, nuevas t\u00e9cnicas en Lipoescultura y muchos otros, han revelado la dedicaci\u00f3n del Dr. Chugay al avance de la Cirug\u00eda Est\u00e9tica de Escultura Corporal hacia nuevos territorios.<\/p>\n<p>Donde en el pasado la resignaci\u00f3n era la \u00fanica opci\u00f3n de esculpir el cuerpo, la ciencia m\u00e9dica moderna ofrece esperanza a aquellos hombres y mujeres que desean conservar, mejorar o recrear el aspecto f\u00edsico de su cuerpo.<\/p>\n<p>A lo largo de los a\u00f1os, la dedicaci\u00f3n del Dr. Chugay al avance de la ciencia m\u00e9dica ha sido de gran ayuda para muchos cirujanos brillantes de todo el mundo. El Dr. Chugay ha formado personalmente a m\u00e1s de 30 becarios de posgrado; a\u00f1os de pr\u00e1ctica quir\u00fargica avanzada que le han permitido desarrollar una pr\u00e1ctica de la t\u00e9cnica quir\u00fargica de escultura corporal avanzada y robusta.<\/p>\n<p>El trabajo del Dr. Chugay cumple y supera los altos est\u00e1ndares de la pr\u00e1ctica de la Cirug\u00eda Est\u00e9tica a los que nos tiene acostumbrados. El respeto de sus colegas, su fama internacional, su clientela prominente y famosa y la cobertura de los medios de comunicaci\u00f3n de celebridades son un testimonio de la dedicaci\u00f3n, la compasi\u00f3n y el extraordinario \u00e9xito del Dr. Nikolas Chugay.<\/p>\n<\/div><\/section><\/div>\n\n<style type=\"text\/css\" data-created_by=\"avia_inline_auto\" id=\"style-css-av-25idg-7ddad45427aa496e8bbe22236acef302\">\n.flex_column.av-25idg-7ddad45427aa496e8bbe22236acef302{\nborder-radius:0px 0px 0px 0px;\npadding:0px 0px 0px 0px;\n}\n<\/style>\n<div  class='flex_column av-25idg-7ddad45427aa496e8bbe22236acef302 av_one_third  avia-builder-el-11  el_after_av_two_third  avia-builder-el-last  flex_column_div av-zero-column-padding'     ><p><article  class='iconbox iconbox_top av-1ghws-3e7fdc869f97020e391a11f90d8db790  avia-builder-el-12  el_before_av_textblock  avia-builder-el-first  main_color'  itemscope=\"itemscope\" itemtype=\"https:\/\/schema.org\/CreativeWork\" ><div class=\"iconbox_content\"><header class=\"entry-content-header\" aria-label=\"Icono: *Brandon Anderson\"><div class='iconbox_icon heading-color avia-iconfont avia-font-entypo-fontello' data-av_icon='\ue833' data-av_iconfont='entypo-fontello'  ><\/div><h3 class='iconbox_content_title'  itemprop=\"headline\" >*Brandon Anderson<\/h3><\/header><div class='iconbox_content_container'  itemprop=\"text\" ><p><em>\"\u00a1Dr. Chugay! Gracias por sus esfuerzos en mi nombre. Estoy muy contento con el trabajo que ha realizado y espero volver a verle en el futuro. Por favor, agradezca a su personal y asistentes de mi parte (especialmente a Marianna, que fue de gran ayuda). Cu\u00eddense y hasta pronto\".<\/em><\/p>\n<\/div><\/div><footer class=\"entry-footer\"><\/footer><\/article><br \/>\n\n<style type=\"text\/css\" data-created_by=\"avia_inline_auto\" id=\"style-css-av-v8xw-dadb0bcaf4d321cf8a3c28ab3235d2de\">\n#top .av_textblock_section.av-v8xw-dadb0bcaf4d321cf8a3c28ab3235d2de .avia_textblock{\nfont-size:11px;\ncolor:#000000;\n}\n<\/style>\n<section  class='av_textblock_section av-v8xw-dadb0bcaf4d321cf8a3c28ab3235d2de'   itemscope=\"itemscope\" itemtype=\"https:\/\/schema.org\/CreativeWork\" ><div class='avia_textblock av_inherit_color'  itemprop=\"text\" ><p style=\"text-align: center;\">*LOS RESULTADOS INDIVIDUALES PUEDEN VARIAR. LOS TESTIMONIOS NO CONSTITUYEN UNA PROMESA O REPRESENTACI\u00d3N DE NING\u00daN RESULTADO O EXPERIENCIA EN PARTICULAR.<\/p>\n<\/div><\/section><\/p><\/div>","protected":false},"excerpt":{"rendered":"","protected":false},"author":1,"featured_media":0,"parent":315,"menu_order":11,"comment_status":"closed","ping_status":"closed","template":"","meta":{"footnotes":""},"class_list":["post-24","page","type-page","status-publish","hentry"],"_links":{"self":[{"href":"https:\/\/spanish.drchugay.com\/es\/wp-json\/wp\/v2\/pages\/24","targetHints":{"allow":["GET"]}}],"collection":[{"href":"https:\/\/spanish.drchugay.com\/es\/wp-json\/wp\/v2\/pages"}],"about":[{"href":"https:\/\/spanish.drchugay.com\/es\/wp-json\/wp\/v2\/types\/page"}],"author":[{"embeddable":true,"href":"https:\/\/spanish.drchugay.com\/es\/wp-json\/wp\/v2\/users\/1"}],"replies":[{"embeddable":true,"href":"https:\/\/spanish.drchugay.com\/es\/wp-json\/wp\/v2\/comments?post=24"}],"version-history":[{"count":19,"href":"https:\/\/spanish.drchugay.com\/es\/wp-json\/wp\/v2\/pages\/24\/revisions"}],"predecessor-version":[{"id":12547,"href":"https:\/\/spanish.drchugay.com\/es\/wp-json\/wp\/v2\/pages\/24\/revisions\/12547"}],"up":[{"embeddable":true,"href":"https:\/\/spanish.drchugay.com\/es\/wp-json\/wp\/v2\/pages\/315"}],"wp:attachment":[{"href":"https:\/\/spanish.drchugay.com\/es\/wp-json\/wp\/v2\/media?parent=24"}],"curies":[{"name":"wp","href":"https:\/\/api.w.org\/{rel}","templated":true}]}}