{"id":2856,"date":"2014-02-26T00:38:26","date_gmt":"2014-02-26T00:38:26","guid":{"rendered":"https:\/\/spanish.drchugay.com\/?page_id=2856"},"modified":"2022-06-22T16:57:58","modified_gmt":"2022-06-22T23:57:58","slug":"cosmetica-cirugia-noticula-articulos-articulos","status":"publish","type":"page","link":"https:\/\/spanish.drchugay.com\/es\/cosmetica-cirugia-noticula-articulos-articulos\/","title":{"rendered":"Noticias sobre cirug\u00eda est\u00e9tica"},"content":{"rendered":"<div  class='av-alb-blogposts template-blog  av-blog-meta-comments-disabled'  itemscope=\"itemscope\" itemtype=\"https:\/\/schema.org\/Blog\" ><article class=\"post-entry post-entry-type-standard post-entry-12185 post-loop-1 post-parity-odd single-big with-slider post-12185 post type-post status-publish format-standard has-post-thumbnail hentry category-blog category-videos\"  itemscope=\"itemscope\" itemtype=\"https:\/\/schema.org\/BlogPosting\" ><div class=\"big-preview single-big\"  itemprop=\"image\" itemscope=\"itemscope\" itemtype=\"https:\/\/schema.org\/ImageObject\" ><a href=\"https:\/\/spanish.drchugay.com\/es\/aceptados-por-el-desafio\/\"  title=\"car-drive-over-silicone-implant-featured\" ><img decoding=\"async\" loading=\"lazy\" width=\"845\" height=\"321\" src=\"https:\/\/spanish.drchugay.com\/wp-content\/uploads\/2024\/08\/car-drive-over-silicone-implant-featured-845x321.jpg\" class=\"wp-image-12186 avia-img-lazy-loading-12186 attachment-entry_with_sidebar size-entry_with_sidebar wp-post-image\" alt=\"un collage de una mujer sosteniendo un objeto rosa\" \/><\/a><\/div><div class=\"blog-meta\"><\/div><div class='entry-content-wrapper clearfix standard-content'><header class=\"entry-content-header\" aria-label=\"Post: Challenge Accepted!\"><h2 class='post-title entry-title'  itemprop=\"headline\" ><a href=\"https:\/\/spanish.drchugay.com\/es\/aceptados-por-el-desafio\/\" rel=\"bookmark\" title=\"Permanent Link: Challenge Accepted!\">Reto aceptado<span class=\"post-format-icon minor-meta\"><\/span><\/a><\/h2><span class=\"post-meta-infos\"><time class=\"date-container minor-meta updated\"  itemprop=\"datePublished\" datetime=\"2024-06-28T13:11:10-07:00\" >28 de junio de 2024<\/time><span class=\"text-sep\">\/<\/span><span class=\"blog-categories minor-meta\">in <a href=\"https:\/\/spanish.drchugay.com\/es\/categoria\/blog\/\" rel=\"tag\">Blog<\/a>, <a href=\"https:\/\/spanish.drchugay.com\/es\/categoria\/videos\/\" rel=\"tag\">V\u00eddeos<\/a><\/span><span class=\"text-sep\">\/<\/span><span class=\"blog-author minor-meta\">by <span class=\"entry-author-link\"  itemprop=\"author\" ><span class=\"author\"><span class=\"fn\"><a href=\"https:\/\/spanish.drchugay.com\/es\/author\/dr-chugay\/\" title=\"Entradas de Dr. Chugay\" rel=\"author\">Dr. Chugay<\/a><\/span><\/span><\/span><\/span><\/span><\/header><div class=\"entry-content\"  itemprop=\"text\" ><p>\u00bfPuede sobrevivir un implante mamario a un atropello?<\/p>\n<div class=\"read-more-link\"><a href=\"https:\/\/spanish.drchugay.com\/es\/aceptados-por-el-desafio\/\" class=\"more-link\">Seguir leyendo<span class='more-link-arrow avia-svg-icon avia-font-svg_entypo-fontello' data-av_svg_icon='right-open-big' data-av_iconset='svg_entypo-fontello'><svg version=\"1.1\" xmlns=\"http:\/\/www.w3.org\/2000\/svg\" width=\"15\" height=\"32\" viewbox=\"0 0 15 32\" preserveaspectratio=\"xMidYMid meet\" role=\"graphics-symbol\" aria-hidden=\"true\">\n<path d=\"M0.416 27.84l11.456-11.84-11.456-11.904q-0.832-0.832 0-1.536 0.832-0.832 1.536 0l12.544 12.608q0.768 0.832 0 1.6l-12.544 12.608q-0.704 0.832-1.536 0-0.832-0.704 0-1.536z\"><\/path>\n<\/svg><\/span><\/a><\/div>\n<\/div><footer class=\"entry-footer\"><\/footer><div class='post_delimiter'><\/div><\/div><div class=\"post_author_timeline\"><\/div><span class='hidden'>\n\t\t\t\t<span class='av-structured-data'  itemprop=\"image\" itemscope=\"itemscope\" itemtype=\"https:\/\/schema.org\/ImageObject\" >\n\t\t\t\t\t\t<span itemprop='url'>https:\/\/spanish.drchugay.com\/wp-content\/uploads\/2024\/08\/car-drive-over-silicone-implant-featured.jpg<\/span>\n\t\t\t\t\t\t<span itemprop='height'>615<\/span>\n\t\t\t\t\t\t<span itemprop='width'>1170<\/span>\n\t\t\t\t<\/span>\n\t\t\t\t<span class='av-structured-data'  itemprop=\"publisher\" itemtype=\"https:\/\/schema.org\/Organization\" itemscope=\"itemscope\" >\n\t\t\t\t\t\t<span itemprop='name'>Dr. Chugay<\/span>\n\t\t\t\t\t\t<span itemprop='logo' itemscope itemtype='https:\/\/schema.org\/ImageObject'>\n\t\t\t\t\t\t\t<span itemprop='url'>https:\/\/spanish.drchugay.com\/wp-content\/uploads\/2024\/08\/chugay_espanol_logo_300.png<\/span>\n\t\t\t\t\t\t<\/span>\n\t\t\t\t<\/span><span class='av-structured-data'  itemprop=\"author\" itemscope=\"itemscope\" itemtype=\"https:\/\/schema.org\/Person\" ><span itemprop='name'>Dr. Chugay<\/span><\/span><span class='av-structured-data'  itemprop=\"datePublished\" datetime=\"2024-06-28T13:11:10-07:00\" >2024-06-28 13:11:10<\/span><span class='av-structured-data'  itemprop=\"dateModified\" itemtype=\"https:\/\/schema.org\/dateModified\" >2024-08-01 13:42:11<\/span><span class='av-structured-data'  itemprop=\"mainEntityOfPage\" itemtype=\"https:\/\/schema.org\/mainEntityOfPage\" ><span itemprop='name'>Reto aceptado<\/span><\/span><\/span><\/article><article class=\"post-entry post-entry-type-standard post-entry-11876 post-loop-2 post-parity-even single-big with-slider post-11876 post type-post status-publish format-standard has-post-thumbnail hentry category-blog\"  itemscope=\"itemscope\" itemtype=\"https:\/\/schema.org\/BlogPosting\" ><div class=\"big-preview single-big\"  itemprop=\"image\" itemscope=\"itemscope\" itemtype=\"https:\/\/schema.org\/ImageObject\" ><a href=\"https:\/\/spanish.drchugay.com\/es\/descubriendo-futuro-de-estetica-excelencia-excelencia\/\"  title=\"La b\u00fasqueda de t\u00e9cnicas de vanguardia\" ><img decoding=\"async\" loading=\"lazy\" width=\"845\" height=\"321\" src=\"https:\/\/spanish.drchugay.com\/wp-content\/uploads\/2024\/04\/blog-future-aesthetic-excellence-04-845x321.jpg\" class=\"wp-image-11880 avia-img-lazy-loading-11880 attachment-entry_with_sidebar size-entry_with_sidebar wp-post-image\" alt=\"dos hombres sentados a una mesa con comida y bebida\" \/><\/a><\/div><div class=\"blog-meta\"><\/div><div class='entry-content-wrapper clearfix standard-content'><header class=\"entry-content-header\" aria-label=\"Post: Discovering the Future of Aesthetic Excellence\"><h2 class='post-title entry-title'  itemprop=\"headline\" ><a href=\"https:\/\/spanish.drchugay.com\/es\/descubriendo-futuro-de-estetica-excelencia-excelencia\/\" rel=\"bookmark\" title=\"Permanent Link: Discovering the Future of Aesthetic Excellence\">Descubrir el futuro de la excelencia est\u00e9tica<span class=\"post-format-icon minor-meta\"><\/span><\/a><\/h2><span class=\"post-meta-infos\"><time class=\"date-container minor-meta updated\"  itemprop=\"datePublished\" datetime=\"2024-02-26T15:50:35-08:00\" >26 de febrero de 2024<\/time><span class=\"text-sep\">\/<\/span><span class=\"blog-categories minor-meta\">in <a href=\"https:\/\/spanish.drchugay.com\/es\/categoria\/blog\/\" rel=\"tag\">Blog<\/a><\/span><span class=\"text-sep\">\/<\/span><span class=\"blog-author minor-meta\">by <span class=\"entry-author-link\"  itemprop=\"author\" ><span class=\"author\"><span class=\"fn\"><a href=\"https:\/\/spanish.drchugay.com\/es\/author\/dr-chugay\/\" title=\"Entradas de Dr. Chugay\" rel=\"author\">Dr. Chugay<\/a><\/span><\/span><\/span><\/span><\/span><\/header><div class=\"entry-content\"  itemprop=\"text\" ><p>Descubriendo el Futuro de la Excelencia Est\u00e9tica: El Dr. Paul y el Dr. Nikolas Chugay en el Simposio Baker Gordon El 8 al 10 de febrero de 2024 marc\u00f3 un hito en el calendario de la Cl\u00ednica M\u00e9dica de Cirug\u00eda Est\u00e9tica Chugay, ya que el Dr. Paul Chugay y su padre, el Dr. Nikolas Chugay, se adentraron en el coraz\u00f3n de la innovaci\u00f3n de la cirug\u00eda est\u00e9tica en la 48\u00aa...<\/p>\n<div class=\"read-more-link\"><a href=\"https:\/\/spanish.drchugay.com\/es\/descubriendo-futuro-de-estetica-excelencia-excelencia\/\" class=\"more-link\">Seguir leyendo<span class='more-link-arrow avia-svg-icon avia-font-svg_entypo-fontello' data-av_svg_icon='right-open-big' data-av_iconset='svg_entypo-fontello'><svg version=\"1.1\" xmlns=\"http:\/\/www.w3.org\/2000\/svg\" width=\"15\" height=\"32\" viewbox=\"0 0 15 32\" preserveaspectratio=\"xMidYMid meet\" role=\"graphics-symbol\" aria-hidden=\"true\">\n<path d=\"M0.416 27.84l11.456-11.84-11.456-11.904q-0.832-0.832 0-1.536 0.832-0.832 1.536 0l12.544 12.608q0.768 0.832 0 1.6l-12.544 12.608q-0.704 0.832-1.536 0-0.832-0.704 0-1.536z\"><\/path>\n<\/svg><\/span><\/a><\/div>\n<\/div><footer class=\"entry-footer\"><\/footer><div class='post_delimiter'><\/div><\/div><div class=\"post_author_timeline\"><\/div><span class='hidden'>\n\t\t\t\t<span class='av-structured-data'  itemprop=\"image\" itemscope=\"itemscope\" itemtype=\"https:\/\/schema.org\/ImageObject\" >\n\t\t\t\t\t\t<span itemprop='url'>https:\/\/spanish.drchugay.com\/wp-content\/uploads\/2024\/04\/blog-future-aesthetic-excellence-04.jpg<\/span>\n\t\t\t\t\t\t<span itemprop='height'>1200<\/span>\n\t\t\t\t\t\t<span itemprop='width'>1200<\/span>\n\t\t\t\t<\/span>\n\t\t\t\t<span class='av-structured-data'  itemprop=\"publisher\" itemtype=\"https:\/\/schema.org\/Organization\" itemscope=\"itemscope\" >\n\t\t\t\t\t\t<span itemprop='name'>Dr. Chugay<\/span>\n\t\t\t\t\t\t<span itemprop='logo' itemscope itemtype='https:\/\/schema.org\/ImageObject'>\n\t\t\t\t\t\t\t<span itemprop='url'>https:\/\/spanish.drchugay.com\/wp-content\/uploads\/2024\/08\/chugay_espanol_logo_300.png<\/span>\n\t\t\t\t\t\t<\/span>\n\t\t\t\t<\/span><span class='av-structured-data'  itemprop=\"author\" itemscope=\"itemscope\" itemtype=\"https:\/\/schema.org\/Person\" ><span itemprop='name'>Dr. Chugay<\/span><\/span><span class='av-structured-data'  itemprop=\"datePublished\" datetime=\"2024-02-26T15:50:35-08:00\" >2024-02-26 15:50:35<\/span><span class='av-structured-data'  itemprop=\"dateModified\" itemtype=\"https:\/\/schema.org\/dateModified\" >2024-07-11 06:46:33<\/span><span class='av-structured-data'  itemprop=\"mainEntityOfPage\" itemtype=\"https:\/\/schema.org\/mainEntityOfPage\" ><span itemprop='name'>Descubrir el futuro de la excelencia est\u00e9tica<\/span><\/span><\/span><\/article><article class=\"post-entry post-entry-type-standard post-entry-9861 post-loop-3 post-parity-odd post-entry-last single-big with-slider post-9861 post type-post status-publish format-standard has-post-thumbnail hentry category-blog category-news\"  itemscope=\"itemscope\" itemtype=\"https:\/\/schema.org\/BlogPosting\" ><div class=\"big-preview single-big\"  itemprop=\"image\" itemscope=\"itemscope\" itemtype=\"https:\/\/schema.org\/ImageObject\" ><a href=\"https:\/\/spanish.drchugay.com\/es\/el-dr-paul-chugay-y-el-dr-nikolas-chugay-contribuyen-a-un-nuevo-libro-sobre-cirugia-plastica-estetica-masculina-en-relacion-con-el-implante-de-pantorrillas\/\"  title=\"*LOS RESULTADOS INDIVIDUALES VAR\u00cdAN. LOS IM\u00c1GENES NO CONSTITUYEN UNA PROMESA O REPRESENTACI\u00d3N DE NING\u00daN RESULTADO O EXPERIENCIA EN PARTICULAR.\" ><img decoding=\"async\" loading=\"lazy\" width=\"845\" height=\"321\" src=\"https:\/\/spanish.drchugay.com\/wp-content\/uploads\/2014\/02\/Mark-crawford_before-after-Custom-845x321.jpg\" class=\"wp-image-5321 avia-img-lazy-loading-5321 attachment-entry_with_sidebar size-entry_with_sidebar wp-post-image\" alt=\"Implantes de pantorrillas\" \/><\/a><\/div><div class=\"blog-meta\"><\/div><div class='entry-content-wrapper clearfix standard-content'><header class=\"entry-content-header\" aria-label=\"Post: Dr. Paul Chugay and Dr. Nikolas Chugay make a contribution regarding calf implant to a new book about male aesthetic plastic surgery\"><h2 class='post-title entry-title'  itemprop=\"headline\" ><a href=\"https:\/\/spanish.drchugay.com\/es\/el-dr-paul-chugay-y-el-dr-nikolas-chugay-contribuyen-a-un-nuevo-libro-sobre-cirugia-plastica-estetica-masculina-en-relacion-con-el-implante-de-pantorrillas\/\" rel=\"bookmark\" title=\"Permanent Link: Dr. Paul Chugay and Dr. Nikolas Chugay make a contribution regarding calf implant to a new book about male aesthetic plastic surgery\">El Dr. Paul Chugay y el Dr. Nikolas Chugay hacen una aportaci\u00f3n sobre el implante de pantorrillas a un nuevo libro sobre cirug\u00eda pl\u00e1stica est\u00e9tica masculina<span class=\"post-format-icon minor-meta\"><\/span><\/a><\/h2><span class=\"post-meta-infos\"><time class=\"date-container minor-meta updated\"  itemprop=\"datePublished\" datetime=\"2020-09-24T17:34:20-07:00\" >24 de septiembre de 2020<\/time><span class=\"text-sep\">\/<\/span><span class=\"blog-categories minor-meta\">in <a href=\"https:\/\/spanish.drchugay.com\/es\/categoria\/blog\/\" rel=\"tag\">Blog<\/a>, <a href=\"https:\/\/spanish.drchugay.com\/es\/categoria\/noticias\/\" rel=\"tag\">Noticias<\/a><\/span><span class=\"text-sep\">\/<\/span><span class=\"blog-author minor-meta\">by <span class=\"entry-author-link\"  itemprop=\"author\" ><span class=\"author\"><span class=\"fn\"><a href=\"https:\/\/spanish.drchugay.com\/es\/author\/dr-chugay\/\" title=\"Entradas de Dr. Chugay\" rel=\"author\">Dr. Chugay<\/a><\/span><\/span><\/span><\/span><\/span><\/header><div class=\"entry-content\"  itemprop=\"text\" ><p>El Dr. Nikolas Chugay y el Dr. Paul Chugay, el din\u00e1mico equipo de padre e hijo de Long Beach, California, han contribuido recientemente con un cap\u00edtulo sobre el aumento de pantorrillas a un libro reci\u00e9n publicado titulado Cirug\u00eda pl\u00e1stica est\u00e9tica masculina.<\/p>\n<div class=\"read-more-link\"><a href=\"https:\/\/spanish.drchugay.com\/es\/el-dr-paul-chugay-y-el-dr-nikolas-chugay-contribuyen-a-un-nuevo-libro-sobre-cirugia-plastica-estetica-masculina-en-relacion-con-el-implante-de-pantorrillas\/\" class=\"more-link\">Seguir leyendo<span class='more-link-arrow avia-svg-icon avia-font-svg_entypo-fontello' data-av_svg_icon='right-open-big' data-av_iconset='svg_entypo-fontello'><svg version=\"1.1\" xmlns=\"http:\/\/www.w3.org\/2000\/svg\" width=\"15\" height=\"32\" viewbox=\"0 0 15 32\" preserveaspectratio=\"xMidYMid meet\" role=\"graphics-symbol\" aria-hidden=\"true\">\n<path d=\"M0.416 27.84l11.456-11.84-11.456-11.904q-0.832-0.832 0-1.536 0.832-0.832 1.536 0l12.544 12.608q0.768 0.832 0 1.6l-12.544 12.608q-0.704 0.832-1.536 0-0.832-0.704 0-1.536z\"><\/path>\n<\/svg><\/span><\/a><\/div>\n<\/div><footer class=\"entry-footer\"><\/footer><div class='post_delimiter'><\/div><\/div><div class=\"post_author_timeline\"><\/div><span class='hidden'>\n\t\t\t\t<span class='av-structured-data'  itemprop=\"image\" itemscope=\"itemscope\" itemtype=\"https:\/\/schema.org\/ImageObject\" >\n\t\t\t\t\t\t<span itemprop='url'>https:\/\/spanish.drchugay.com\/wp-content\/uploads\/2014\/02\/Mark-crawford_before-after-Custom.jpg<\/span>\n\t\t\t\t\t\t<span itemprop='height'>585<\/span>\n\t\t\t\t\t\t<span itemprop='width'>900<\/span>\n\t\t\t\t<\/span>\n\t\t\t\t<span class='av-structured-data'  itemprop=\"publisher\" itemtype=\"https:\/\/schema.org\/Organization\" itemscope=\"itemscope\" >\n\t\t\t\t\t\t<span itemprop='name'>Dr. Chugay<\/span>\n\t\t\t\t\t\t<span itemprop='logo' itemscope itemtype='https:\/\/schema.org\/ImageObject'>\n\t\t\t\t\t\t\t<span itemprop='url'>https:\/\/spanish.drchugay.com\/wp-content\/uploads\/2024\/08\/chugay_espanol_logo_300.png<\/span>\n\t\t\t\t\t\t<\/span>\n\t\t\t\t<\/span><span class='av-structured-data'  itemprop=\"author\" itemscope=\"itemscope\" itemtype=\"https:\/\/schema.org\/Person\" ><span itemprop='name'>Dr. Chugay<\/span><\/span><span class='av-structured-data'  itemprop=\"datePublished\" datetime=\"2020-09-24T17:34:20-07:00\" >2020-09-24 17:34:20<\/span><span class='av-structured-data'  itemprop=\"dateModified\" itemtype=\"https:\/\/schema.org\/dateModified\" >2024-08-07 15:17:05<\/span><span class='av-structured-data'  itemprop=\"mainEntityOfPage\" itemtype=\"https:\/\/schema.org\/mainEntityOfPage\" ><span itemprop='name'>El Dr. Paul Chugay y el Dr. Nikolas Chugay hacen una aportaci\u00f3n sobre el implante de pantorrillas a un nuevo libro sobre cirug\u00eda pl\u00e1stica est\u00e9tica masculina<\/span><\/span><\/span><\/article><div class='single-big'><\/div><\/div>","protected":false},"excerpt":{"rendered":"","protected":false},"author":1,"featured_media":0,"parent":0,"menu_order":0,"comment_status":"closed","ping_status":"closed","template":"","meta":{"footnotes":""},"class_list":["post-2856","page","type-page","status-publish","hentry"],"_links":{"self":[{"href":"https:\/\/spanish.drchugay.com\/es\/wp-json\/wp\/v2\/pages\/2856","targetHints":{"allow":["GET"]}}],"collection":[{"href":"https:\/\/spanish.drchugay.com\/es\/wp-json\/wp\/v2\/pages"}],"about":[{"href":"https:\/\/spanish.drchugay.com\/es\/wp-json\/wp\/v2\/types\/page"}],"author":[{"embeddable":true,"href":"https:\/\/spanish.drchugay.com\/es\/wp-json\/wp\/v2\/users\/1"}],"replies":[{"embeddable":true,"href":"https:\/\/spanish.drchugay.com\/es\/wp-json\/wp\/v2\/comments?post=2856"}],"version-history":[{"count":12,"href":"https:\/\/spanish.drchugay.com\/es\/wp-json\/wp\/v2\/pages\/2856\/revisions"}],"predecessor-version":[{"id":11884,"href":"https:\/\/spanish.drchugay.com\/es\/wp-json\/wp\/v2\/pages\/2856\/revisions\/11884"}],"wp:attachment":[{"href":"https:\/\/spanish.drchugay.com\/es\/wp-json\/wp\/v2\/media?parent=2856"}],"curies":[{"name":"wp","href":"https:\/\/api.w.org\/{rel}","templated":true}]}}