{"id":2937,"date":"2014-02-26T18:11:58","date_gmt":"2014-02-26T18:11:58","guid":{"rendered":"https:\/\/spanish.drchugay.com\/?page_id=2937"},"modified":"2022-07-28T17:36:05","modified_gmt":"2022-07-29T00:36:05","slug":"mapa-del-sitio","status":"publish","type":"page","link":"https:\/\/spanish.drchugay.com\/es\/mapa-del-sitio\/","title":{"rendered":"Mapa del sitio"},"content":{"rendered":"<div class=\"sitemap_by_click5 v1042 ddsg-wrapper\" id=\"c5_sitemap_wrapper\"><h2>P\u00e1ginas<\/h2><ul class=\"sub c5_col1\"><li id=\"c5_sitemap_3\" class=\"c5_child\"><a href=\"https:\/\/spanish.drchugay.com\/es\/sobre-la-clinica-medica-de-cirugia-estetica-chugay\/\">Acerca de la Cl\u00ednica M\u00e9dica de Cirug\u00eda Est\u00e9tica Chugay<\/a><ul class=\"sub c5_col1\"><li id=\"c5_sitemap_129\" class=\"c5_child\"><a href=\"https:\/\/spanish.drchugay.com\/es\/sobre-la-clinica-medica-de-cirugia-estetica-chugay\/dr-nikolas-chugay\/\">Dr. Nikolas Chugay<\/a><\/li><li id=\"c5_sitemap_211\" class=\"c5_child\"><a href=\"https:\/\/spanish.drchugay.com\/es\/sobre-la-clinica-medica-de-cirugia-estetica-chugay\/paul-chugay\/\">Dr. Paul Chugay<\/a><\/li><li id=\"c5_sitemap_2105\" class=\"c5_child\"><a href=\"https:\/\/spanish.drchugay.com\/es\/sobre-la-clinica-medica-de-cirugia-estetica-chugay\/dr-tonya-boudreaux\/\">Dr. Tonya Boudreaux<\/a><\/li><\/ul><\/li><li id=\"c5_sitemap_188\" class=\"c5_child\"><a href=\"https:\/\/spanish.drchugay.com\/es\/contacto\/\">Contacte con nosotros<\/a><\/li><li id=\"c5_sitemap_2856\" class=\"c5_child\"><a href=\"https:\/\/spanish.drchugay.com\/es\/cosmetica-cirugia-noticula-articulos-articulos\/\">Noticias sobre cirug\u00eda est\u00e9tica<\/a><\/li><li id=\"c5_sitemap_2307\" class=\"c5_child\"><a href=\"https:\/\/spanish.drchugay.com\/es\/cosmetica-cirugia-antes-y-des-galeria\/\">Cirug\u00eda Est\u00e9tica | Galer\u00edas de Antes y Despu\u00e9s<\/a><\/li><li id=\"c5_sitemap_10179\" class=\"c5_child\"><a href=\"https:\/\/spanish.drchugay.com\/es\/\">Inicio<\/a><\/li><li id=\"c5_sitemap_189\" class=\"c5_child\"><a href=\"https:\/\/spanish.drchugay.com\/es\/consulta\/\">Concierte una cita<\/a><\/li><li id=\"c5_sitemap_187\" class=\"c5_child\"><a href=\"https:\/\/spanish.drchugay.com\/es\/informacion-del-paciente\/\">Informaci\u00f3n para el paciente<\/a><ul class=\"sub c5_col1\"><li id=\"c5_sitemap_3577\" class=\"c5_child\"><a href=\"https:\/\/spanish.drchugay.com\/es\/informacion-del-paciente\/financiacion-medica\/\">Financiamiento de cirug\u00eda cosm\u00e9tica<\/a><\/li><li id=\"c5_sitemap_3591\" class=\"c5_child\"><a href=\"https:\/\/spanish.drchugay.com\/es\/informacion-del-paciente\/especiales\/\">Especiales en cosm\u00e9tica<\/a><ul class=\"sub c5_col1\"><li id=\"c5_sitemap_7809\" class=\"c5_child\"><a href=\"https:\/\/spanish.drchugay.com\/es\/informacion-del-paciente\/especiales\/paquetes-para-parejas\/\">Paquetes para parejas<\/a><\/li><li id=\"c5_sitemap_3604\" class=\"c5_child\"><a href=\"https:\/\/spanish.drchugay.com\/es\/informacion-del-paciente\/especiales\/paquete-mommy-makeover\/\">Pack Maquillaje Mam\u00e1 y Yo<\/a><\/li><li id=\"c5_sitemap_164\" class=\"c5_child\"><a href=\"https:\/\/spanish.drchugay.com\/es\/informacion-del-paciente\/especiales\/paquetes-mommy-makeover\/\">Paquetes de cambio de imagen para mam\u00e1s<\/a><\/li><\/ul><\/li><li id=\"c5_sitemap_4986\" class=\"c5_child\"><a href=\"https:\/\/spanish.drchugay.com\/es\/informacion-del-paciente\/cicatar-gestion-control-brusising\/\">Gesti\u00f3n de cicatrices y control de hematomas<\/a><\/li><li id=\"c5_sitemap_4225\" class=\"c5_child\"><a href=\"https:\/\/spanish.drchugay.com\/es\/informacion-del-paciente\/peso-perdida-program-chugay-cosmetic\/\">Programa de p\u00e9rdida de peso en Chugay Cosmetic<\/a><\/li><\/ul><\/li><li id=\"c5_sitemap_315\" class=\"c5_child\"><a href=\"https:\/\/spanish.drchugay.com\/es\/procedimientos\/\">Procedimientos<\/a><ul class=\"sub c5_col1\"><li id=\"c5_sitemap_194\" class=\"c5_child\"><a href=\"https:\/\/spanish.drchugay.com\/es\/procedimientos\/implantes-corporales\/\">Implantes de Cuerpo<\/a><ul class=\"sub c5_col1\"><li id=\"c5_sitemap_9180\" class=\"c5_child\"><a href=\"https:\/\/spanish.drchugay.com\/es\/procedimientos\/implantes-corporales\/descabante-augementacion-pollo-pies\/\">Aumento de pantorrillas - Piernas de pollo<\/a><\/li><li id=\"c5_sitemap_9049\" class=\"c5_child\"><a href=\"https:\/\/spanish.drchugay.com\/es\/procedimientos\/implantes-corporales\/papaeye-deformidad\/\">Deformidad de Popeye<\/a><\/li><\/ul><\/li><li id=\"c5_sitemap_24\" class=\"c5_child\"><a href=\"https:\/\/spanish.drchugay.com\/es\/procedimientos\/cirugia-de-esculpido-corporal\/\">Escultura corporal<\/a><ul class=\"sub c5_col1\"><li id=\"c5_sitemap_3448\" class=\"c5_child\"><a href=\"https:\/\/spanish.drchugay.com\/es\/procedimientos\/cirugia-de-esculpido-corporal\/galeria-de-lifting-de-brazo\/\">Levantamiento De Brazos<\/a><\/li><li id=\"c5_sitemap_139\" class=\"c5_child\"><a href=\"https:\/\/spanish.drchugay.com\/es\/procedimientos\/cirugia-de-esculpido-corporal\/implantes-de-bicep\/\">Implantes de b\u00edceps<\/a><\/li><li id=\"c5_sitemap_36\" class=\"c5_child\"><a href=\"https:\/\/spanish.drchugay.com\/es\/procedimientos\/cirugia-de-esculpido-corporal\/cirugia-de-aumento-de-gluteos\/\">Cirug\u00eda de aumento de gl\u00fateos<\/a><\/li><li id=\"c5_sitemap_150\" class=\"c5_child\"><a href=\"https:\/\/spanish.drchugay.com\/es\/procedimientos\/cirugia-de-esculpido-corporal\/inconsplantes-de-buttock\/\">Implantes de gl\u00fateos<\/a><\/li><li id=\"c5_sitemap_137\" class=\"c5_child\"><a href=\"https:\/\/spanish.drchugay.com\/es\/procedimientos\/cirugia-de-esculpido-corporal\/implantes-de-pantorrilla\/\">Implantes de pantorrillas<\/a><\/li><li id=\"c5_sitemap_146\" class=\"c5_child\"><a href=\"https:\/\/spanish.drchugay.com\/es\/procedimientos\/cirugia-de-esculpido-corporal\/implantes-de-deltoides\/\">Implantes de deltoids<\/a><\/li><li id=\"c5_sitemap_217\" class=\"c5_child\"><a href=\"https:\/\/spanish.drchugay.com\/es\/procedimientos\/cirugia-de-esculpido-corporal\/cirugia-de-aumento-de-muslos-y-caderas\/\">Aumento de Cadera \/ Muslos Antecedentes<\/a><\/li><li id=\"c5_sitemap_12782\" class=\"c5_child\"><a href=\"https:\/\/spanish.drchugay.com\/es\/procedimientos\/cirugia-de-esculpido-corporal\/google-ads-mommy-makeover-procedure\/\">Renovaci\u00f3n para mam\u00e1s<\/a><\/li><li id=\"c5_sitemap_8295\" class=\"c5_child\"><a href=\"https:\/\/spanish.drchugay.com\/es\/procedimientos\/cirugia-de-esculpido-corporal\/mama-makeover-procedimiento\/\">Renovaci\u00f3n para mam\u00e1s<\/a><\/li><li id=\"c5_sitemap_38\" class=\"c5_child\"><a href=\"https:\/\/spanish.drchugay.com\/es\/procedimientos\/cirugia-de-esculpido-corporal\/cirugia-de-aumento-muscular\/\">Aumento muscular<\/a><\/li><li id=\"c5_sitemap_147\" class=\"c5_child\"><a href=\"https:\/\/spanish.drchugay.com\/es\/procedimientos\/cirugia-de-esculpido-corporal\/implantes-pectorales\/\">Implantes pectorales<\/a><\/li><li id=\"c5_sitemap_26\" class=\"c5_child\"><a href=\"https:\/\/spanish.drchugay.com\/es\/procedimientos\/cirugia-de-esculpido-corporal\/cirugia-estetica-de-liposuccion-y-liposcultura-de-precision\/\">Lipoescultura de precisi\u00f3n | Liposucci\u00f3n cosm\u00e9tica<\/a><\/li><li id=\"c5_sitemap_3452\" class=\"c5_child\"><a href=\"https:\/\/spanish.drchugay.com\/es\/procedimientos\/cirugia-de-esculpido-corporal\/liftings-en-muslos\/\">Levantamiento de muslos<\/a><\/li><li id=\"c5_sitemap_140\" class=\"c5_child\"><a href=\"https:\/\/spanish.drchugay.com\/es\/procedimientos\/cirugia-de-esculpido-corporal\/implantes-de-triceps\/\">Implantes de tr\u00edceps<\/a><\/li><li id=\"c5_sitemap_34\" class=\"c5_child\"><a href=\"https:\/\/spanish.drchugay.com\/es\/procedimientos\/cirugia-de-esculpido-corporal\/cirugia-de-abdominoplastia-tummy-tuck\/\">Cirug\u00eda est\u00e9tica de abdomen (abdominoplastia)<\/a><\/li><li id=\"c5_sitemap_6408\" class=\"c5_child\"><a href=\"https:\/\/spanish.drchugay.com\/es\/procedimientos\/cirugia-de-esculpido-corporal\/peso-perdida-bariatrial-cirugia\/\">P\u00e9rdida de Peso\/Post Cirug\u00eda Bari\u00e1trica<\/a><\/li><\/ul><\/li><li id=\"c5_sitemap_191\" class=\"c5_child\"><a href=\"https:\/\/spanish.drchugay.com\/es\/procedimientos\/mejora-de-senos\/\">Cirugia de Senos<\/a><ul class=\"sub c5_col1\"><li id=\"c5_sitemap_28\" class=\"c5_child\"><a href=\"https:\/\/spanish.drchugay.com\/es\/procedimientos\/mejora-de-senos\/cirugia-de-aumento-de-senos-antes-y-despues-y-recuperacion\/\">Cirug\u00eda De Aumento De Senos<\/a><\/li><li id=\"c5_sitemap_12911\" class=\"c5_child\"><a href=\"https:\/\/spanish.drchugay.com\/es\/procedimientos\/mejora-de-senos\/extraccion-de-implantes-mamarios\/\">Extracci\u00f3n de implantes mamarios<\/a><\/li><li id=\"c5_sitemap_32\" class=\"c5_child\"><a href=\"https:\/\/spanish.drchugay.com\/es\/procedimientos\/mejora-de-senos\/cirugia-de-levantamiento-de-senos\/\">Cirugia de levantamiento de senos<\/a><\/li><li id=\"c5_sitemap_350\" class=\"c5_child\"><a href=\"https:\/\/spanish.drchugay.com\/es\/procedimientos\/mejora-de-senos\/levantamiento-de-senos-con-aumento\/\">Levantamiento de busto con aumento<\/a><\/li><li id=\"c5_sitemap_30\" class=\"c5_child\"><a href=\"https:\/\/spanish.drchugay.com\/es\/procedimientos\/mejora-de-senos\/cirugia-de-reduccion-de-senos\/\">Cirug\u00eda de reducci\u00f3n de senos<\/a><\/li><\/ul><\/li><li id=\"c5_sitemap_4\" class=\"c5_child\"><a href=\"https:\/\/spanish.drchugay.com\/es\/procedimientos\/rejuvenecimiento-facial-cirugia-plastica\/\">Rejuvenecimiento facial Cirug\u00eda pl\u00e1stica<\/a><ul class=\"sub c5_col1\"><li id=\"c5_sitemap_6757\" class=\"c5_child\"><a href=\"https:\/\/spanish.drchugay.com\/es\/procedimientos\/rejuvenecimiento-facial-cirugia-plastica\/galeria-de-buccal-grasa-pad-excision\/\">Escisi\u00f3n de la almohadilla de grasa bucal<\/a><\/li><li id=\"c5_sitemap_16\" class=\"c5_child\"><a href=\"https:\/\/spanish.drchugay.com\/es\/procedimientos\/rejuvenecimiento-facial-cirugia-plastica\/cirugia-de-escultura-de-pomulos-cirugia-de-aumento-de-pomulos\/\">Cirug\u00eda de mejillas | Cirug\u00eda de aumento de p\u00f3mulos<\/a><\/li><li id=\"c5_sitemap_15\" class=\"c5_child\"><a href=\"https:\/\/spanish.drchugay.com\/es\/procedimientos\/rejuvenecimiento-facial-cirugia-plastica\/cirugia-de-escultura-del-menton-y-cirugia-de-aumento-de-menton\/\">Cirug\u00eda de la barbilla<\/a><\/li><li id=\"c5_sitemap_19\" class=\"c5_child\"><a href=\"https:\/\/spanish.drchugay.com\/es\/procedimientos\/rejuvenecimiento-facial-cirugia-plastica\/cirugia-de-contorno-de-orejas\/\">Contorneado de orejas<\/a><\/li><li id=\"c5_sitemap_12865\" class=\"c5_child\"><a href=\"https:\/\/spanish.drchugay.com\/es\/procedimientos\/rejuvenecimiento-facial-cirugia-plastica\/google-ads-campaign-eyelid-surgery-los-angeles\/\">Cirug\u00eda de p\u00e1rpados Los Angeles<\/a><\/li><li id=\"c5_sitemap_11\" class=\"c5_child\"><a href=\"https:\/\/spanish.drchugay.com\/es\/procedimientos\/rejuvenecimiento-facial-cirugia-plastica\/cirugia-de-parpados-los-angeles\/\">Cirug\u00eda de p\u00e1rpados Los Angeles<\/a><\/li><li id=\"c5_sitemap_17\" class=\"c5_child\"><a href=\"https:\/\/spanish.drchugay.com\/es\/procedimientos\/rejuvenecimiento-facial-cirugia-plastica\/liposuccion-facial-para-cambiar-la-apariencia-o-el-tamano-de-la-cara-y-el-cuello\/\">Lipoescultura facial<\/a><\/li><li id=\"c5_sitemap_12\" class=\"c5_child\"><a href=\"https:\/\/spanish.drchugay.com\/es\/procedimientos\/rejuvenecimiento-facial-cirugia-plastica\/cirugia-de-levantamiento-de-frente-con-tecnica-endoscopica\/\">Levantamiento De La Frente | T\u00e9cnica de lifting endosc\u00f3pico<\/a><\/li><li id=\"c5_sitemap_14\" class=\"c5_child\"><a href=\"https:\/\/spanish.drchugay.com\/es\/procedimientos\/rejuvenecimiento-facial-cirugia-plastica\/cirugia-de-escultura-nasal-con-implantes-nasales-y-injertos-de-cartilago\/\">Cirug\u00eda de la nariz | Implantes nasales | Injertos de cart\u00edlago<\/a><\/li><li id=\"c5_sitemap_12773\" class=\"c5_child\"><a href=\"https:\/\/spanish.drchugay.com\/es\/procedimientos\/rejuvenecimiento-facial-cirugia-plastica\/google-ads-campaign-nose-sculpting-surgery-nasal-implants-cartilage-grafts\/\">Cirug\u00eda de la nariz | Implantes nasales | Injertos de cart\u00edlago<\/a><\/li><li id=\"c5_sitemap_10\" class=\"c5_child\"><a href=\"https:\/\/spanish.drchugay.com\/es\/procedimientos\/rejuvenecimiento-facial-cirugia-plastica\/cirugia-de-lifting-facial-vertical-y-procedimientos\/\">Levantamiento vertical de la cara<\/a><\/li><\/ul><\/li><li id=\"c5_sitemap_3058\" class=\"c5_child\"><a href=\"https:\/\/spanish.drchugay.com\/es\/procedimientos\/transformacion-facial\/\">Transformaci\u00f3n facial<\/a><ul class=\"sub c5_col1\"><li id=\"c5_sitemap_7711\" class=\"c5_child\"><a href=\"https:\/\/spanish.drchugay.com\/es\/procedimientos\/transformacion-facial\/hermosa-beso-deslizable-deslizables\/\">Labios bonitos y besables<\/a><\/li><\/ul><\/li><li id=\"c5_sitemap_39\" class=\"c5_child\"><a href=\"https:\/\/spanish.drchugay.com\/es\/procedimientos\/innovaciones-medicas\/\">Innovaciones<\/a><ul class=\"sub c5_col1\"><li id=\"c5_sitemap_43\" class=\"c5_child\"><a href=\"https:\/\/spanish.drchugay.com\/es\/procedimientos\/innovaciones-medicas\/innovacion-en-cirugia-de-liposuccion-de-gluteos\/\">Lipoescultura De Las Sentaderas<\/a><\/li><li id=\"c5_sitemap_42\" class=\"c5_child\"><a href=\"https:\/\/spanish.drchugay.com\/es\/procedimientos\/innovaciones-medicas\/innovacion-en-cirugia-para-reduccion-de-patas-de-gallo\/\">Eliminacion De Patas De Gallo<\/a><\/li><li id=\"c5_sitemap_205\" class=\"c5_child\"><a href=\"https:\/\/spanish.drchugay.com\/es\/procedimientos\/innovaciones-medicas\/programa-de-perdida-de-peso-con-hcg\/\">Programa de p\u00e9rdida de peso HCG<\/a><\/li><li id=\"c5_sitemap_115\" class=\"c5_child\"><a href=\"https:\/\/spanish.drchugay.com\/es\/procedimientos\/innovaciones-medicas\/innovacion-en-la-sonrisa-de-estrella-de-cine\/\">Sonrisa De Estrella De Cine<\/a><\/li><li id=\"c5_sitemap_132\" class=\"c5_child\"><a href=\"https:\/\/spanish.drchugay.com\/es\/procedimientos\/innovaciones-medicas\/tratamiento-con-celulas-madre\/\">Tratamiento de c\u00e9lulas madre<\/a><\/li><li id=\"c5_sitemap_40\" class=\"c5_child\"><a href=\"https:\/\/spanish.drchugay.com\/es\/procedimientos\/innovaciones-medicas\/cirugia-de-lifting-facial-vertical-innovacion\/\">Levantamiento vertical de la cara<\/a><\/li><li id=\"c5_sitemap_44\" class=\"c5_child\"><a href=\"https:\/\/spanish.drchugay.com\/es\/procedimientos\/innovaciones-medicas\/cirugia-de-parche-lingual-para-perdida-de-peso\/\">P\u00e9rdida De Peso Con Colocaci\u00f3n De Malla En La Lengua<\/a><\/li><\/ul><\/li><li id=\"c5_sitemap_190\" class=\"c5_child\"><a href=\"https:\/\/spanish.drchugay.com\/es\/procedimientos\/no-quirurgico\/\">No quir\u00fargico<\/a><ul class=\"sub c5_col1\"><li id=\"c5_sitemap_4294\" class=\"c5_child\"><a href=\"https:\/\/spanish.drchugay.com\/es\/procedimientos\/no-quirurgico\/coolsculpting\/\">CoolSculpting<\/a><\/li><li id=\"c5_sitemap_22\" class=\"c5_child\"><a href=\"https:\/\/spanish.drchugay.com\/es\/procedimientos\/no-quirurgico\/cirugia-de-transferencia-de-grasa-y-transferencia-de-grasa-facial\/\">Cirug\u00eda de transferencia de grasa | Transferencia de grasa facial<\/a><\/li><li id=\"c5_sitemap_21\" class=\"c5_child\"><a href=\"https:\/\/spanish.drchugay.com\/es\/procedimientos\/no-quirurgico\/resurfacing-de-piel-con-laser-peeling-quimico-y-resurfacing-de-piel-con-tca\/\">Rejuvenecimiento cut\u00e1neo con l\u00e1ser | Peeling (exfoliaci\u00f3n) qu\u00edmica | Rejuvenecimiento cut\u00e1neo con TCA (\u00e1cido tricloroac\u00e9tico)<\/a><\/li><li id=\"c5_sitemap_199\" class=\"c5_child\"><a href=\"https:\/\/spanish.drchugay.com\/es\/procedimientos\/no-quirurgico\/pelleve\/\">Pellev\u00e9<\/a><\/li><li id=\"c5_sitemap_5027\" class=\"c5_child\"><a href=\"https:\/\/spanish.drchugay.com\/es\/procedimientos\/no-quirurgico\/botox\/\">BOTOX<\/a><\/li><li id=\"c5_sitemap_5048\" class=\"c5_child\"><a href=\"https:\/\/spanish.drchugay.com\/es\/procedimientos\/no-quirurgico\/galeria-de-juvederm-xc\/\">JUV\u00c9DERM\u00ae XC<\/a><\/li><\/ul><\/li><li id=\"c5_sitemap_193\" class=\"c5_child\"><a href=\"https:\/\/spanish.drchugay.com\/es\/procedimientos\/cirugia-reconstructiva\/\">Cirug\u00eda reconstructiva<\/a><ul class=\"sub c5_col1\"><li id=\"c5_sitemap_207\" class=\"c5_child\"><a href=\"https:\/\/spanish.drchugay.com\/es\/procedimientos\/cirugia-reconstructiva\/labioplastia-y-vaginoplastia\/\">Labioplastia y vaginoplastia<\/a><\/li><\/ul><\/li><\/ul><\/li><li id=\"c5_sitemap_2937\" class=\"c5_child\"><a href=\"https:\/\/spanish.drchugay.com\/es\/mapa-del-sitio\/\">Mapa del sitio<\/a><\/li><li id=\"c5_sitemap_8793\" class=\"c5_child\"><a href=\"https:\/\/spanish.drchugay.com\/es\/consultoras-virtuales\/\">Consultas virtuales<\/a><\/li><li id=\"c5_sitemap_8905\" class=\"c5_child\"><a href=\"https:\/\/spanish.drchugay.com\/es\/que-es-la-liposuccion-360\/\">\u00bfQu\u00e9 es la liposucci\u00f3n 360?<\/a><\/li><\/ul><h2>Entradas<\/h2><ul class=\"sub c5_col1\"><li id=\"c5_sitemap_12185\" class=\"c5_child\"><a href=\"https:\/\/spanish.drchugay.com\/es\/aceptados-por-el-desafio\/\">Reto aceptado<\/a><\/li><li id=\"c5_sitemap_11876\" class=\"c5_child\"><a href=\"https:\/\/spanish.drchugay.com\/es\/descubriendo-futuro-de-estetica-excelencia-excelencia\/\">Descubrir el futuro de la excelencia est\u00e9tica<\/a><\/li><li id=\"c5_sitemap_9861\" class=\"c5_child\"><a href=\"https:\/\/spanish.drchugay.com\/es\/el-dr-paul-chugay-y-el-dr-nikolas-chugay-contribuyen-a-un-nuevo-libro-sobre-cirugia-plastica-estetica-masculina-en-relacion-con-el-implante-de-pantorrillas\/\">El Dr. Paul Chugay y el Dr. Nikolas Chugay hacen una aportaci\u00f3n sobre el implante de pantorrillas a un nuevo libro sobre cirug\u00eda pl\u00e1stica est\u00e9tica masculina<\/a><\/li><\/ul><h2>Antes y despu\u00e9s<\/h2><ul class=\"sub c5_col1\"><li id=\"c5_sitemap_3472\" class=\"c5_child\"><a href=\"https:\/\/spanish.drchugay.com\/es\/galerias-de-procedimientos-2-4\/galeria-de-lifting-de-brazo\/\">Galer\u00eda de lifting de brazos<\/a><\/li><li id=\"c5_sitemap_2319\" class=\"c5_child\"><a href=\"https:\/\/spanish.drchugay.com\/es\/galerias-de-procedimientos-2-4\/galeria-de-implantes-de-biceps\/\">Galer\u00eda de implantes de b\u00edceps<\/a><\/li><li id=\"c5_sitemap_7695\" class=\"c5_child\"><a href=\"https:\/\/spanish.drchugay.com\/es\/galerias-de-procedimientos-2-4\/galeria-de-biceps-riceps\/\">Galer\u00eda de b\u00edceps y tr\u00edceps<\/a><\/li><li id=\"c5_sitemap_4997\" class=\"c5_child\"><a href=\"https:\/\/spanish.drchugay.com\/es\/galerias-de-procedimientos-2-4\/galeria-de-patas-de-gallo\/\">Botox - Galer\u00eda Crows Feet<\/a><\/li><li id=\"c5_sitemap_5013\" class=\"c5_child\"><a href=\"https:\/\/spanish.drchugay.com\/es\/galerias-de-procedimientos-2-4\/galeria-de-lineas-botox-frown\/\">Botox - Galer\u00eda de arrugas del entrecejo<\/a><\/li><li id=\"c5_sitemap_2329\" class=\"c5_child\"><a href=\"https:\/\/spanish.drchugay.com\/es\/galerias-de-procedimientos-2-4\/galeria-de-aumento-de-senos\/\">Galer\u00eda de aumento mamario<\/a><\/li><li id=\"c5_sitemap_2350\" class=\"c5_child\"><a href=\"https:\/\/spanish.drchugay.com\/es\/galerias-de-procedimientos-2-4\/galeria-de-levantamiento-de-senos\/\">Galer\u00eda de levantamiento de senos<\/a><\/li><li id=\"c5_sitemap_12885\" class=\"c5_child\"><a href=\"https:\/\/spanish.drchugay.com\/es\/galerias-de-procedimientos-2-4\/cirugia-de-extraccion-de-implantes-mamarios\/\">Extracci\u00f3n de implantes mamarios<\/a><\/li><li id=\"c5_sitemap_2344\" class=\"c5_child\"><a href=\"https:\/\/spanish.drchugay.com\/es\/galerias-de-procedimientos-2-4\/galeria-de-aumento-y-levantamiento-de-senos\/\">Galer\u00eda de Levantamiento de senos con aumento<\/a><\/li><li id=\"c5_sitemap_2361\" class=\"c5_child\"><a href=\"https:\/\/spanish.drchugay.com\/es\/galerias-de-procedimientos-2-4\/galeria-de-reduccion-de-senos\/\">Galer\u00eda de reducciones mamarias<\/a><\/li><li id=\"c5_sitemap_6261\" class=\"c5_child\"><a href=\"https:\/\/spanish.drchugay.com\/es\/galerias-de-procedimientos-2-4\/galeria-de-cirugia-de-revision-mamaria\/\">Galer\u00eda de cirug\u00eda de revisi\u00f3n mamaria<\/a><\/li><li id=\"c5_sitemap_6764\" class=\"c5_child\"><a href=\"https:\/\/spanish.drchugay.com\/es\/galerias-de-procedimientos-2-4\/galeria-de-buccal-grasa-pad-excision\/\">Galer\u00eda de escisi\u00f3n de la almohadilla de grasa bucal<\/a><\/li><li id=\"c5_sitemap_2365\" class=\"c5_child\"><a href=\"https:\/\/spanish.drchugay.com\/es\/galerias-de-procedimientos-2-4\/galeria-de-implantes-de-aumento-de-gluteos\/\">Galer\u00eda de Aumento de gl\u00fateos con implantes<\/a><\/li><li id=\"c5_sitemap_2378\" class=\"c5_child\"><a href=\"https:\/\/spanish.drchugay.com\/es\/galerias-de-procedimientos-2-4\/galeria-de-aumento-de-gluteos-con-liposuccion-y-transferencia-de-grasa\/\">Aumento de gl\u00fateos con liposucci\u00f3n e injerto de grasa Galer\u00eda<\/a><\/li><li id=\"c5_sitemap_2388\" class=\"c5_child\"><a href=\"https:\/\/spanish.drchugay.com\/es\/galerias-de-procedimientos-2-4\/implantes-de-pantorrilla\/\">Galer\u00eda de implantes de pantorrillas<\/a><\/li><li id=\"c5_sitemap_5325\" class=\"c5_child\"><a href=\"https:\/\/spanish.drchugay.com\/es\/galerias-de-procedimientos-2-4\/galeria-de-escultura-de-mejillas\/\">Galer\u00eda de escultura de p\u00f3mulos<\/a><\/li><li id=\"c5_sitemap_2397\" class=\"c5_child\"><a href=\"https:\/\/spanish.drchugay.com\/es\/galerias-de-procedimientos-2-4\/galeria-de-escultura-en-la-barbilla\/\">Galer\u00eda de esculturas de ment\u00f3n<\/a><\/li><li id=\"c5_sitemap_4382\" class=\"c5_child\"><a href=\"https:\/\/spanish.drchugay.com\/es\/galerias-de-procedimientos-2-4\/galeria-de-coolsculpting-hombres\/\">Galer\u00eda CoolSculpting para hombres<\/a><\/li><\/ul><\/div><div class=\"sitemap-by-click5_pagination pagination\"><div class=\"nav\"><strong class=\"on\">1<\/strong><a class=\"pagination-item\" href=\"https:\/\/spanish.drchugay.com\/es\/wp-json\/wp\/v2\/pages\/2937\/page\/2\">2<\/a><a class=\"pagination-item\" href=\"https:\/\/spanish.drchugay.com\/es\/wp-json\/wp\/v2\/pages\/2937\/page\/2\"> \" <\/a><a class=\"pagination-item\" href=\"https:\/\/spanish.drchugay.com\/es\/wp-json\/wp\/v2\/pages\/2937\/page\/2\"> \u00daltimo \u00bb <\/a><\/div><\/div>","protected":false},"excerpt":{"rendered":"","protected":false},"author":1,"featured_media":0,"parent":0,"menu_order":0,"comment_status":"closed","ping_status":"closed","template":"","meta":{"footnotes":""},"class_list":["post-2937","page","type-page","status-publish","hentry"],"_links":{"self":[{"href":"https:\/\/spanish.drchugay.com\/es\/wp-json\/wp\/v2\/pages\/2937","targetHints":{"allow":["GET"]}}],"collection":[{"href":"https:\/\/spanish.drchugay.com\/es\/wp-json\/wp\/v2\/pages"}],"about":[{"href":"https:\/\/spanish.drchugay.com\/es\/wp-json\/wp\/v2\/types\/page"}],"author":[{"embeddable":true,"href":"https:\/\/spanish.drchugay.com\/es\/wp-json\/wp\/v2\/users\/1"}],"replies":[{"embeddable":true,"href":"https:\/\/spanish.drchugay.com\/es\/wp-json\/wp\/v2\/comments?post=2937"}],"version-history":[{"count":3,"href":"https:\/\/spanish.drchugay.com\/es\/wp-json\/wp\/v2\/pages\/2937\/revisions"}],"predecessor-version":[{"id":11701,"href":"https:\/\/spanish.drchugay.com\/es\/wp-json\/wp\/v2\/pages\/2937\/revisions\/11701"}],"wp:attachment":[{"href":"https:\/\/spanish.drchugay.com\/es\/wp-json\/wp\/v2\/media?parent=2937"}],"curies":[{"name":"wp","href":"https:\/\/api.w.org\/{rel}","templated":true}]}}