{"id":3,"date":"2009-06-24T00:24:58","date_gmt":"2009-06-24T00:24:58","guid":{"rendered":"https:\/\/spanish.drchugay.com\/about-chugay-cosmetic-surgery-medical-clinic\/"},"modified":"2024-08-13T16:11:16","modified_gmt":"2024-08-13T23:11:16","slug":"sobre-la-clinica-medica-de-cirugia-estetica-chugay","status":"publish","type":"page","link":"https:\/\/spanish.drchugay.com\/es\/sobre-la-clinica-medica-de-cirugia-estetica-chugay\/","title":{"rendered":"Acerca de la Cl\u00ednica M\u00e9dica de Cirug\u00eda Est\u00e9tica Chugay"},"content":{"rendered":"<div id='av_section_1'  class='avia-section av-3ee7-824ae218e39d2d01c40211e4c0f18648 main_color avia-section-default avia-no-border-styling  avia-builder-el-0  el_before_av_section  avia-builder-el-first  avia-bg-style-scroll container_wrap sidebar_right'  ><div class='container av-section-cont-open' ><main  role=\"main\" itemprop=\"mainContentOfPage\"  class='template-page content  av-content-small alpha units'><div class='post-entry post-entry-type-page post-entry-3'><div class='entry-content-wrapper clearfix'>\n\n<style type=\"text\/css\" data-created_by=\"avia_inline_auto\" id=\"style-css-av-ldtdhiiq-db0ce8c7cace491fe46b8ea46b5a164e\">\n#top .hr.hr-invisible.av-ldtdhiiq-db0ce8c7cace491fe46b8ea46b5a164e{\nheight:80px;\n}\n<\/style>\n<div  class='hr av-ldtdhiiq-db0ce8c7cace491fe46b8ea46b5a164e hr-invisible  avia-builder-el-1  el_before_av_heading  avia-builder-el-first'><span class='hr-inner'><span class=\"hr-inner-style\"><\/span><\/span><\/div>\n\n<style type=\"text\/css\" data-created_by=\"avia_inline_auto\" id=\"style-css-av-l4oo1ug7-a64b86be67695f6e2a92792b49441262\">\n#top .av-special-heading.av-l4oo1ug7-a64b86be67695f6e2a92792b49441262{\nmargin:0 0 0 0;\npadding-bottom:0;\ncolor:#f7f7f7;\nfont-size:7vw;\n}\nbody .av-special-heading.av-l4oo1ug7-a64b86be67695f6e2a92792b49441262 .av-special-heading-tag .heading-char{\nfont-size:25px;\n}\n#top #wrap_all .av-special-heading.av-l4oo1ug7-a64b86be67695f6e2a92792b49441262 .av-special-heading-tag{\nfont-size:7vw;\npadding:0 0 0 0;\n}\n.av-special-heading.av-l4oo1ug7-a64b86be67695f6e2a92792b49441262 .special-heading-inner-border{\nborder-color:#f7f7f7;\n}\n.av-special-heading.av-l4oo1ug7-a64b86be67695f6e2a92792b49441262 .av-subheading{\nfont-size:40px;\ncolor:#020202;\n}\n\n@media only screen and (min-width: 480px) and (max-width: 767px){ \n#top #wrap_all .av-special-heading.av-l4oo1ug7-a64b86be67695f6e2a92792b49441262 .av-special-heading-tag{\nfont-size:0.8em;\n}\n}\n\n@media only screen and (max-width: 479px){ \n#top #wrap_all .av-special-heading.av-l4oo1ug7-a64b86be67695f6e2a92792b49441262 .av-special-heading-tag{\nfont-size:0.8em;\n}\n}\n<\/style>\n<div  id=\"page-heading\"  class='av-special-heading av-l4oo1ug7-a64b86be67695f6e2a92792b49441262 av-special-heading-h2 custom-color-heading blockquote modern-quote modern-centered  avia-builder-el-2  el_after_av_hr  el_before_av_one_third  av-inherit-size'><h2 class='av-special-heading-tag'  itemprop=\"headline\"  >Conozca<\/h2><div class='av_custom_color av-subheading av-subheading_below'><p>Nuestros m\u00e9dicos<\/p>\n<\/div><div class=\"special-heading-border\"><div class=\"special-heading-inner-border\"><\/div><\/div><\/div>\n<div  class='flex_column av-155w5-108b12cb80d1839e8bec97a283084719 av_one_third  avia-builder-el-3  el_after_av_heading  el_before_av_one_third  first flex_column_div'     ><p>\n<style type=\"text\/css\" data-created_by=\"avia_inline_auto\" id=\"style-css-av-14kwv-7fe40aec59618e30281fec506478918b\">\n.avia-image-container.av-14kwv-7fe40aec59618e30281fec506478918b img.avia_image{\nbox-shadow:none;\n}\n.avia-image-container.av-14kwv-7fe40aec59618e30281fec506478918b .av-image-caption-overlay-center{\ncolor:#ffffff;\n}\n<\/style>\n<div  class='avia-image-container av-14kwv-7fe40aec59618e30281fec506478918b av-styling- av-img-linked avia-align-center  avia-builder-el-4  el_before_av_textblock  avia-builder-el-first'   itemprop=\"image\" itemscope=\"itemscope\" itemtype=\"https:\/\/schema.org\/ImageObject\" ><div class=\"avia-image-container-inner\"><div class=\"avia-image-overlay-wrap\"><a href=\"https:\/\/spanish.drchugay.com\/es\/sobre-la-clinica-medica-de-cirugia-estetica-chugay\/dr-nikolas-chugay\/\" class='avia_image'  aria-label='Dr-Nikolas-Chugay'><img decoding=\"async\" fetchpriority=\"high\" class='wp-image-10244 avia-img-lazy-loading-not-10244 avia_image' src=\"https:\/\/spanish.drchugay.com\/wp-content\/uploads\/2022\/02\/Dr-Nikolas-Chugay.png\" alt='un hombre con traje y corbata' title='Dr-Nikolas-Chugay'  height=\"579\" width=\"475\"  itemprop=\"thumbnailUrl\" srcset=\"https:\/\/spanish.drchugay.com\/wp-content\/uploads\/2022\/02\/Dr-Nikolas-Chugay.png 475w, https:\/\/spanish.drchugay.com\/wp-content\/uploads\/2022\/02\/Dr-Nikolas-Chugay-246x300.png 246w\" sizes=\"(max-width: 475px) 100vw, 475px\" \/><\/a><\/div><\/div><\/div><br \/>\n<section  class='av_textblock_section av-3oid-d1b3ea406f78330f5abb7748972a2c47'   itemscope=\"itemscope\" itemtype=\"https:\/\/schema.org\/CreativeWork\" ><div class='avia_textblock'  itemprop=\"text\" ><h5 style=\"text-align: center;\">CONOZCA AL DR. NIKOLAS V. CHUGAY<\/h5>\n<p>Con m\u00e1s de 40 a\u00f1os de experiencia en cirug\u00eda pl\u00e1stica facial, est\u00e9tica y cosm\u00e9tica, el Dr. Chugay ha realizado m\u00e1s de 30.000 intervenciones quir\u00fargicas, ha publicado numerosos art\u00edculos en la prensa m\u00e9dica, ha dise\u00f1ado muchas intervenciones nuevas y ha inventado varios implantes nuevos para el aumento muscular.<\/p>\n<p><a title=\"Dr. Nikolas Chugay\" href=\"https:\/\/spanish.drchugay.com\/es\/dr-nikolas-chugay\/\">Conozca m\u00e1s<\/a><\/p>\n<\/div><\/section><\/p><\/div>\n<style type=\"text\/css\" data-created_by=\"avia_inline_auto\" id=\"style-css-av-zlf7-3d720ae175055279e46b5918edc3993d\">\n.flex_column.av-zlf7-3d720ae175055279e46b5918edc3993d{\nborder-radius:0px 0px 0px 0px;\npadding:0px 0px 0px 0px;\n}\n<\/style>\n<div  class='flex_column av-zlf7-3d720ae175055279e46b5918edc3993d av_one_third  avia-builder-el-6  el_after_av_one_third  el_before_av_one_third  flex_column_div av-zero-column-padding'     ><p>\n<style type=\"text\/css\" data-created_by=\"avia_inline_auto\" id=\"style-css-av-wrpj-ced19780de6859d5b1b616048fdd1c89\">\n.avia-image-container.av-wrpj-ced19780de6859d5b1b616048fdd1c89 img.avia_image{\nbox-shadow:none;\n}\n.avia-image-container.av-wrpj-ced19780de6859d5b1b616048fdd1c89 .av-image-caption-overlay-center{\ncolor:#ffffff;\n}\n<\/style>\n<div  class='avia-image-container av-wrpj-ced19780de6859d5b1b616048fdd1c89 av-styling- av-img-linked avia-align-center  avia-builder-el-7  el_before_av_textblock  avia-builder-el-first'   itemprop=\"image\" itemscope=\"itemscope\" itemtype=\"https:\/\/schema.org\/ImageObject\" ><div class=\"avia-image-container-inner\"><div class=\"avia-image-overlay-wrap\"><a href=\"https:\/\/spanish.drchugay.com\/es\/sobre-la-clinica-medica-de-cirugia-estetica-chugay\/paul-chugay\/\" class='avia_image'  aria-label='Dr.-Paul-Chugay'><img decoding=\"async\" fetchpriority=\"high\" class='wp-image-10247 avia-img-lazy-loading-not-10247 avia_image' src=\"https:\/\/spanish.drchugay.com\/wp-content\/uploads\/2022\/02\/Dr.-Paul-Chugay.png\" alt='un hombre con traje y corbata' title='Dr.-Paul-Chugay'  height=\"579\" width=\"475\"  itemprop=\"thumbnailUrl\" srcset=\"https:\/\/spanish.drchugay.com\/wp-content\/uploads\/2022\/02\/Dr.-Paul-Chugay.png 475w, https:\/\/spanish.drchugay.com\/wp-content\/uploads\/2022\/02\/Dr.-Paul-Chugay-246x300.png 246w\" sizes=\"(max-width: 475px) 100vw, 475px\" \/><\/a><\/div><\/div><\/div><br \/>\n<section  class='av_textblock_section av-vw23-629906ee5395a9ec0c99d43a1b5c6ed3'   itemscope=\"itemscope\" itemtype=\"https:\/\/schema.org\/CreativeWork\" ><div class='avia_textblock'  itemprop=\"text\" ><h5 style=\"text-align: center;\">CONOZCA AL DR. PAUL N.<br \/>\nCHUGAY<\/h5>\n<p>Nacido en Santa Ana California y criado en Newport Beach, a Paul le encanta ayudar a las personas y hacer que se sientan hermosas. Por ser hijo de un cirujano pl\u00e1stico art\u00edstico y una aspirante a modelo, la llegada de Paul al campo de la cirug\u00eda cosm\u00e9tica parec\u00eda ser la opci\u00f3n natural.<\/p>\n<p><a title=\"Dr. Paul Chugay\" href=\"https:\/\/spanish.drchugay.com\/es\/sobre-la-clinica-medica-de-cirugia-estetica-chugay\/paul-chugay\/\">Conozca m\u00e1s<\/a><\/p>\n<\/div><\/section><\/p><\/div>\n<style type=\"text\/css\" data-created_by=\"avia_inline_auto\" id=\"style-css-av-sfx7-71a325bdc03483ef623f8149bbcb5ed4\">\n.flex_column.av-sfx7-71a325bdc03483ef623f8149bbcb5ed4{\nborder-radius:0px 0px 0px 0px;\npadding:0px 0px 0px 0px;\n}\n<\/style>\n<div  class='flex_column av-sfx7-71a325bdc03483ef623f8149bbcb5ed4 av_one_third  avia-builder-el-9  el_after_av_one_third  el_before_av_hr  flex_column_div av-zero-column-padding'     ><p>\n<style type=\"text\/css\" data-created_by=\"avia_inline_auto\" id=\"style-css-av-qzcp-14a676ee2511cf18203d606bf7ca8e2d\">\n.avia-image-container.av-qzcp-14a676ee2511cf18203d606bf7ca8e2d img.avia_image{\nbox-shadow:none;\n}\n.avia-image-container.av-qzcp-14a676ee2511cf18203d606bf7ca8e2d .av-image-caption-overlay-center{\ncolor:#ffffff;\n}\n<\/style>\n<div  class='avia-image-container av-qzcp-14a676ee2511cf18203d606bf7ca8e2d av-styling- av-img-linked avia-align-center  avia-builder-el-10  el_before_av_textblock  avia-builder-el-first'   itemprop=\"image\" itemscope=\"itemscope\" itemtype=\"https:\/\/schema.org\/ImageObject\" ><div class=\"avia-image-container-inner\"><div class=\"avia-image-overlay-wrap\"><a href=\"https:\/\/spanish.drchugay.com\/es\/sobre-la-clinica-medica-de-cirugia-estetica-chugay\/dr-tonya-boudreaux\/\" class='avia_image'  aria-label='Dra.-Tonya-Boudreaux'><img decoding=\"async\" fetchpriority=\"high\" class='wp-image-10243 avia-img-lazy-loading-not-10243 avia_image' src=\"https:\/\/spanish.drchugay.com\/wp-content\/uploads\/2022\/02\/Dr.-Tonya-Boudreaux.png\" alt='una mujer sonriendo a la c\u00e1mara' title='Dra.-Tonya-Boudreaux'  height=\"579\" width=\"475\"  itemprop=\"thumbnailUrl\" srcset=\"https:\/\/spanish.drchugay.com\/wp-content\/uploads\/2022\/02\/Dr.-Tonya-Boudreaux.png 475w, https:\/\/spanish.drchugay.com\/wp-content\/uploads\/2022\/02\/Dr.-Tonya-Boudreaux-246x300.png 246w\" sizes=\"(max-width: 475px) 100vw, 475px\" \/><\/a><\/div><\/div><\/div><br \/>\n<section  class='av_textblock_section av-o059-bc6573f1062072f9990c2c0cb87fbb69'   itemscope=\"itemscope\" itemtype=\"https:\/\/schema.org\/CreativeWork\" ><div class='avia_textblock'  itemprop=\"text\" ><h5 style=\"text-align: center;\">CONOZCA A LA DOCTORA TONYA BOUDREAUX<\/h5>\n<p>Tonya Boudreaux, M.D. naci\u00f3 y se cri\u00f3 en Nueva Iberia, Luisiana, una comunidad peque\u00f1a a 3 horas de Nueva Orleans. Siente una gran pasi\u00f3n por el rejuvenecimiento facial y est\u00e1 comprometida con hacer que la apariencia de sus pacientes sea lo m\u00e1s vibrante posible. Tonya tiene una certificaci\u00f3n del colegio m\u00e9dico en Pediatr\u00eda.<\/p>\n<p><a title=\"Dr. Tonya Boudreaux\" href=\"https:\/\/spanish.drchugay.com\/es\/sobre-la-clinica-medica-de-cirugia-estetica-chugay\/dr-tonya-boudreaux\/\">Conozca m\u00e1s<\/a><\/p>\n<\/div><\/section><\/p><\/div>\n<style type=\"text\/css\" data-created_by=\"avia_inline_auto\" id=\"style-css-av-lzt1duqh-9c92434ce182036151edbcbd1d43f1d0\">\n#top .hr.av-lzt1duqh-9c92434ce182036151edbcbd1d43f1d0{\nmargin-top:30px;\nmargin-bottom:30px;\n}\n.hr.av-lzt1duqh-9c92434ce182036151edbcbd1d43f1d0 .hr-inner{\nwidth:300px;\n}\n<\/style>\n<div  class='hr av-lzt1duqh-9c92434ce182036151edbcbd1d43f1d0 hr-custom  avia-builder-el-12  el_after_av_one_third  el_before_av_textblock  hr-center hr-icon-no'><span class='hr-inner inner-border-av-border-thin'><span class=\"hr-inner-style\"><\/span><\/span><\/div>\n<section  class='av_textblock_section av-lzsxq05h-73e2f594affbf89c45e1897a8756b0a2'   itemscope=\"itemscope\" itemtype=\"https:\/\/schema.org\/CreativeWork\" ><div class='avia_textblock'  itemprop=\"text\" ><p>El <strong>Dr. Nikolas Chugay<\/strong> es un cirujano pl\u00e1stico eminente y un reconocido especialista en remodelaci\u00f3n facial y corporal, y se ha dedicado a la cirug\u00eda de implantes durante m\u00e1s de 40 a\u00f1os.<\/p>\n<p>El Dr. Chugay es muy solicitado por su maestr\u00eda y su gran sentido de la belleza por una clientela internacional de pacientes tanto de la comunidad empresarial como celebridades.<\/p>\n<p>Tenemos oficinas en <strong>Irvine y Long Beach, California<\/strong>.  Nuestras instalaciones cuentan con una tecnolog\u00eda de vanguardia, adem\u00e1s de estar certificadas por AAHC, Inc.<\/p>\n<p>Nuestro personal es multiling\u00fce. Hablamos ingl\u00e9s, espa\u00f1ol, ruso, franc\u00e9s, portugu\u00e9s, italiano, ucraniano y alem\u00e1n.<\/p>\n<\/div><\/section>\n\n<style type=\"text\/css\" data-created_by=\"avia_inline_auto\" id=\"style-css-av-nk23-08b318c4d40e50bfa56773c7954d7f94\">\n#top .hr.hr-invisible.av-nk23-08b318c4d40e50bfa56773c7954d7f94{\nheight:50px;\n}\n<\/style>\n<div  class='hr av-nk23-08b318c4d40e50bfa56773c7954d7f94 hr-invisible  avia-builder-el-14  el_after_av_textblock  avia-builder-el-last'><span class='hr-inner'><span class=\"hr-inner-style\"><\/span><\/span><\/div>\n<\/div><\/div><\/main><!-- close content main element --><\/div><\/div>\n<style type=\"text\/css\" data-created_by=\"avia_inline_auto\" id=\"style-css-av-l4q7ugx7-f6eb2c92d91cb0f2cf84d04fa3f0de94\">\n.avia-section.av-l4q7ugx7-f6eb2c92d91cb0f2cf84d04fa3f0de94{\nbackground-color:#f3fbff;\nbackground-image:unset;\n}\n<\/style>\n<div id='av_section_2'  class='avia-section av-l4q7ugx7-f6eb2c92d91cb0f2cf84d04fa3f0de94 main_color avia-section-huge avia-no-shadow  avia-builder-el-15  el_after_av_section  avia-builder-el-last  avia-bg-style-scroll container_wrap sidebar_right'  ><div class='container av-section-cont-open' ><div class='template-page content  av-content-small alpha units'><div class='post-entry post-entry-type-page post-entry-3'><div class='entry-content-wrapper clearfix'>\n\n<style type=\"text\/css\" data-created_by=\"avia_inline_auto\" id=\"style-css-av-rc4f-be6cc51928e15eb17421cdbc0df55b0b\">\n#top .av-special-heading.av-rc4f-be6cc51928e15eb17421cdbc0df55b0b{\nmargin:0 0 0 0;\npadding-bottom:0;\ncolor:#f7f7f7;\nfont-size:7vw;\n}\nbody .av-special-heading.av-rc4f-be6cc51928e15eb17421cdbc0df55b0b .av-special-heading-tag .heading-char{\nfont-size:25px;\n}\n#top #wrap_all .av-special-heading.av-rc4f-be6cc51928e15eb17421cdbc0df55b0b .av-special-heading-tag{\nfont-size:7vw;\npadding:0 0 0 0;\n}\n.av-special-heading.av-rc4f-be6cc51928e15eb17421cdbc0df55b0b .special-heading-inner-border{\nborder-color:#f7f7f7;\n}\n.av-special-heading.av-rc4f-be6cc51928e15eb17421cdbc0df55b0b .av-subheading{\nfont-size:40px;\ncolor:#020202;\n}\n\n@media only screen and (min-width: 480px) and (max-width: 767px){ \n#top #wrap_all .av-special-heading.av-rc4f-be6cc51928e15eb17421cdbc0df55b0b .av-special-heading-tag{\nfont-size:0.8em;\n}\n}\n\n@media only screen and (max-width: 479px){ \n#top #wrap_all .av-special-heading.av-rc4f-be6cc51928e15eb17421cdbc0df55b0b .av-special-heading-tag{\nfont-size:0.8em;\n}\n}\n<\/style>\n<div  id=\"page-heading\"  class='av-special-heading av-rc4f-be6cc51928e15eb17421cdbc0df55b0b av-special-heading-h1 custom-color-heading blockquote modern-quote modern-centered  avia-builder-el-16  el_before_av_hr  avia-builder-el-first  av-inherit-size'><h1 class='av-special-heading-tag'  itemprop=\"headline\"  >Lo que otros<\/h1><div class='av_custom_color av-subheading av-subheading_below'><p>Dicen Sobre Nosotros<\/p>\n<\/div><div class=\"special-heading-border\"><div class=\"special-heading-inner-border\"><\/div><\/div><\/div>\n\n<style type=\"text\/css\" data-created_by=\"avia_inline_auto\" id=\"style-css-av-pfmb-7d305c77938613d2d6622b7e9f6d5ce0\">\n#top .hr.hr-invisible.av-pfmb-7d305c77938613d2d6622b7e9f6d5ce0{\nheight:80px;\n}\n<\/style>\n<div  class='hr av-pfmb-7d305c77938613d2d6622b7e9f6d5ce0 hr-invisible  avia-builder-el-17  el_after_av_heading  el_before_av_one_half'><span class='hr-inner'><span class=\"hr-inner-style\"><\/span><\/span><\/div>\n<div  class='flex_column av-mf3x-ef4bd0cf60ab61511868ecb5bb5db2b0 av_one_half  avia-builder-el-18  el_after_av_hr  el_before_av_one_half  first flex_column_div'     ><style type=\"text\/css\" data-created_by=\"avia_inline_auto\" id=\"style-css-av-lzbtbbqg-c6e8f154072f0d2e5a595f74cc24b5d8\">\n.avia-video.av-lzbtbbqg-c6e8f154072f0d2e5a595f74cc24b5d8{\nbackground-image:url(https:\/\/spanish.drchugay.com\/wp-content\/uploads\/dynamic_avia\/avia_video_thumbnails\/youtube\/A4VKUC8_zGw\/A4VKUC8_zGw.jpg);\n}\n<\/style>\n<div  class='avia-video av-lzbtbbqg-c6e8f154072f0d2e5a595f74cc24b5d8 avia-video-16-9 av-preview-image avia-video-lightbox av-lazyload-video-embed avia-video-external-service'  itemprop=\"video\" itemtype=\"https:\/\/schema.org\/VideoObject\"  data-original_url='https:\/\/www.youtube.com\/watch?v=A4VKUC8_zGw&autoplay=1&allow=\u201cautoplay\u201d'><script type='text\/html' class='av-video-tmpl'><a href='https:\/\/www.youtube.com\/watch?v=A4VKUC8_zGw&autoplay=1&allow=\u201cautoplay\u201d' class='mfp-iframe lightbox-link' data-custom_class='avia-mfp-is-video avia-mfp-video-16-9  '><\/a><\/script><div class=\"av-click-to-play-overlay play-lightbox\"><div class=\"avia_playpause_icon\"><\/div><\/div><\/div><\/div><div  class='flex_column av-hp9r-469e2a74a4679a746ead79fb4e5f3ef0 av_one_half  avia-builder-el-20  el_after_av_one_half  avia-builder-el-last  flex_column_div'     ><div  class='avia-content-slider-element-container av-g9dp-5eae186b006a4df568c146c35656ec06 avia-content-slider-element-slider avia-content-slider avia-smallarrow-slider avia-content-slider-active avia-content-slider-odd  avia-builder-el-21  avia-builder-el-no-sibling  av-slideshow-ui av-control-default av-nav-arrows-visible av-nav-dots-visible av-hide-nav-arrows av-slideshow-autoplay av-loop-endless av-loop-manual-endless avia-content-slider1' data-slideshow-options=\"{&quot;animation&quot;:&quot;slide&quot;,&quot;autoplay&quot;:true,&quot;loop_autoplay&quot;:&quot;endless&quot;,&quot;interval&quot;:5,&quot;loop_manual&quot;:&quot;manual-endless&quot;,&quot;autoplay_stopper&quot;:false,&quot;noNavigation&quot;:false,&quot;bg_slider&quot;:false,&quot;keep_padding&quot;:&quot;&quot;,&quot;hoverpause&quot;:false,&quot;show_slide_delay&quot;:30}\"><div class='avia-smallarrow-slider-heading'><div class='new-special-heading'><h3 class=''>Testimonios<\/h3><\/div><\/div><div class=\"avia-content-slider-inner\"><div class=\"slide-entry-wrap\"><section class='slide-entry av-e3yh-b72ce6748d8fca73260d45163f201478 flex_column av_fullwidth post-entry slide-entry-overview slide-loop-1 slide-parity-odd  post-entry-last  first'  itemscope=\"itemscope\" itemtype=\"https:\/\/schema.org\/CreativeWork\" ><div class='slide-entry-excerpt entry-content'  itemprop=\"text\" ><p><em>\"Estimado Dr. Chugay: Me ha hecho m\u00e1s feliz de lo que nunca pens\u00e9 que pudiera ser. Gracias por la bella obra de arte. Usted y su personal son muy amables y cordiales.\"<\/em><\/p>\n<p style=\"text-align: right;\"><strong>GRACIAS OTRA VEZ, KIM BROAD<\/strong><\/p>\n<\/div><\/section><\/div><\/div><\/div><\/div>\n<\/div><\/div><\/div><!-- close content main div --><\/div><\/div><div id='after_section_2'  class='main_color av_default_container_wrap container_wrap sidebar_right'  ><div class='container av-section-cont-open' ><div class='template-page content  av-content-small alpha units'><div class='post-entry post-entry-type-page post-entry-3'><div class='entry-content-wrapper clearfix'><\/p>","protected":false},"excerpt":{"rendered":"","protected":false},"author":1,"featured_media":0,"parent":0,"menu_order":3,"comment_status":"closed","ping_status":"closed","template":"","meta":{"footnotes":""},"class_list":["post-3","page","type-page","status-publish","hentry"],"_links":{"self":[{"href":"https:\/\/spanish.drchugay.com\/es\/wp-json\/wp\/v2\/pages\/3","targetHints":{"allow":["GET"]}}],"collection":[{"href":"https:\/\/spanish.drchugay.com\/es\/wp-json\/wp\/v2\/pages"}],"about":[{"href":"https:\/\/spanish.drchugay.com\/es\/wp-json\/wp\/v2\/types\/page"}],"author":[{"embeddable":true,"href":"https:\/\/spanish.drchugay.com\/es\/wp-json\/wp\/v2\/users\/1"}],"replies":[{"embeddable":true,"href":"https:\/\/spanish.drchugay.com\/es\/wp-json\/wp\/v2\/comments?post=3"}],"version-history":[{"count":64,"href":"https:\/\/spanish.drchugay.com\/es\/wp-json\/wp\/v2\/pages\/3\/revisions"}],"predecessor-version":[{"id":12455,"href":"https:\/\/spanish.drchugay.com\/es\/wp-json\/wp\/v2\/pages\/3\/revisions\/12455"}],"wp:attachment":[{"href":"https:\/\/spanish.drchugay.com\/es\/wp-json\/wp\/v2\/media?parent=3"}],"curies":[{"name":"wp","href":"https:\/\/api.w.org\/{rel}","templated":true}]}}