{"id":30,"date":"2009-07-01T19:47:23","date_gmt":"2009-07-01T19:47:23","guid":{"rendered":"https:\/\/spanish.drchugay.com\/breast-reduction-surgery\/"},"modified":"2024-09-25T12:33:25","modified_gmt":"2024-09-25T19:33:25","slug":"cirugia-de-reduccion-de-senos","status":"publish","type":"page","link":"https:\/\/spanish.drchugay.com\/es\/procedimientos\/mejora-de-senos\/cirugia-de-reduccion-de-senos\/","title":{"rendered":"Cirug\u00eda de reducci\u00f3n de senos"},"content":{"rendered":"<style type=\"text\/css\" data-created_by=\"avia_inline_auto\" id=\"style-css-av-f676no-9457bb500a74c1ddaeac826bf7772a88\">\n#top .flex_column.av-f676no-9457bb500a74c1ddaeac826bf7772a88{\nmargin-top:0px;\nmargin-bottom:10px;\n}\n.flex_column.av-f676no-9457bb500a74c1ddaeac826bf7772a88{\nborder-radius:0px 0px 0px 0px;\npadding:0px 0px 0px 0px;\n}\n.responsive #top #wrap_all .flex_column.av-f676no-9457bb500a74c1ddaeac826bf7772a88{\nmargin-top:0px;\nmargin-bottom:10px;\n}\n<\/style>\n<div  class='flex_column av-f676no-9457bb500a74c1ddaeac826bf7772a88 av_one_full  avia-builder-el-0  el_before_av_hr  avia-builder-el-first  first flex_column_div av-zero-column-padding'     ><p>\n<style type=\"text\/css\" data-created_by=\"avia_inline_auto\" id=\"style-css-av-15y1y-43a101bbbc7c3575ae7f5966777e7bfd\">\n#top .av-special-heading.av-15y1y-43a101bbbc7c3575ae7f5966777e7bfd{\npadding-bottom:10px;\n}\nbody .av-special-heading.av-15y1y-43a101bbbc7c3575ae7f5966777e7bfd .av-special-heading-tag .heading-char{\nfont-size:25px;\n}\n.av-special-heading.av-15y1y-43a101bbbc7c3575ae7f5966777e7bfd .av-subheading{\nfont-size:15px;\n}\n<\/style>\n<div  class='av-special-heading av-15y1y-43a101bbbc7c3575ae7f5966777e7bfd av-special-heading-h2 blockquote modern-quote  avia-builder-el-1  el_before_av_textblock  avia-builder-el-first'><h2 class='av-special-heading-tag'  itemprop=\"headline\"  >Cirug\u00eda de reducci\u00f3n de senos<\/h2><div class=\"special-heading-border\"><div class=\"special-heading-inner-border\"><\/div><\/div><\/div><br \/>\n<section  class='av_textblock_section av-6f2g5w-afef2466495f36651eab10232c02c09e'   itemscope=\"itemscope\" itemtype=\"https:\/\/schema.org\/CreativeWork\" ><div class='avia_textblock'  itemprop=\"text\" ><p>Tanto en el pasado como en el presente, los senos han sido uno de los atributos principales de la identidad f\u00edsica femenina y masculina. El tama\u00f1o, apariencia y forma de los senos han asumido una gran importancia tanto para la paciente misma como para sus admiradores.<\/p>\n<h4>Identidad f\u00edsica femenina y masculina.<\/h4>\n<p>Los senos grandes e inc\u00f3modos pueden causar angustia psicol\u00f3gica grave comprensible frecuentemente.  Tambi\u00e9n hay factores f\u00edsicos que se deben considerar:<\/p>\n<p>Las mujeres con senos muy grandes y colgantes pueden experimentar una variedad de problemas m\u00e9dicos ocasionados por el peso excesivo, desde dolor de espalda y cuello e irritaci\u00f3n de la piel hasta deformidades \u00f3seas y problemas respiratorios.<\/p>\n<p>La cirug\u00eda de reducci\u00f3n de senos (Mamoplastia de reducci\u00f3n) es ideal para las pacientes con senos excesivamente grandes. El procedimiento permite la extirpaci\u00f3n de una porci\u00f3n de la gl\u00e1ndula mamaria, piel, grasa y otros tejidos, achicando los senos, mejorando su forma  y firmeza con pezones mejor formados y posicionados.<\/p>\n<\/div><\/section><br \/>\n\n<style type=\"text\/css\" data-created_by=\"avia_inline_auto\" id=\"style-css-av-cunuro-8962831aa88965d23c938656e271a1a2\">\n.avia-image-container.av-cunuro-8962831aa88965d23c938656e271a1a2 img.avia_image{\nbox-shadow:none;\n}\n.avia-image-container.av-cunuro-8962831aa88965d23c938656e271a1a2 .av-image-caption-overlay-center{\ncolor:#ffffff;\n}\n<\/style>\n<div  class='avia-image-container av-cunuro-8962831aa88965d23c938656e271a1a2 av-styling- avia-align-center  avia-builder-el-3  el_after_av_textblock  el_before_av_textblock'   itemprop=\"image\" itemscope=\"itemscope\" itemtype=\"https:\/\/schema.org\/ImageObject\" ><div class=\"avia-image-container-inner\"><div class=\"avia-image-overlay-wrap\"><img decoding=\"async\" fetchpriority=\"high\" class='wp-image-8993 avia-img-lazy-loading-not-8993 avia_image' src=\"https:\/\/spanish.drchugay.com\/wp-content\/uploads\/2020\/04\/breast-reduction-surgery-long-beach.jpg\" alt='el pecho de una mujer&#039;antes y despu\u00e9s' title='Reducci&oacute;n de Mamas | Antes y Despu&eacute;s | Procedimientos Quir&uacute;rgicos | Beverly Hills | CA&lt;br&gt;*LOS RESULTADOS INDIVIDUALES VAR&Iacute;AN. LOS IM&Aacute;GENES NO CONSTITUYEN UNA PROMESA O REPRESENTACI&Oacute;N DE NING&Uacute;N RESULTADO O EXPERIENCIA EN PARTICULAR.'  height=\"341\" width=\"600\"  itemprop=\"thumbnailUrl\" srcset=\"https:\/\/spanish.drchugay.com\/wp-content\/uploads\/2020\/04\/breast-reduction-surgery-long-beach.jpg 600w, https:\/\/spanish.drchugay.com\/wp-content\/uploads\/2020\/04\/breast-reduction-surgery-long-beach-300x171.jpg 300w\" sizes=\"(max-width: 600px) 100vw, 600px\" \/><\/div><\/div><\/div><br \/>\n<section  class='av_textblock_section av-a965n8-130ac8caac0027b8eeb1d2837288bab0'   itemscope=\"itemscope\" itemtype=\"https:\/\/schema.org\/CreativeWork\" ><div class='avia_textblock'  itemprop=\"text\" ><div class=\"disclaimer\">*LOS RESULTADOS INDIVIDUALES VARIAR\u00c1N. LAS IM\u00c1GENES NO CONSTITUYEN UNA PROMESA O REPRESENTACI\u00d3N DE NING\u00daN RESULTADO O EXPERIENCIA PARTICULAR.<\/div>\n<\/div><\/section><\/p><\/div>\n\n<style type=\"text\/css\" data-created_by=\"avia_inline_auto\" id=\"style-css-av-k7wmp4kk-34c3e159662ec4bc3f3fa986ba096974\">\n#top .hr.hr-invisible.av-k7wmp4kk-34c3e159662ec4bc3f3fa986ba096974{\nheight:5px;\n}\n<\/style>\n<div  class='hr av-k7wmp4kk-34c3e159662ec4bc3f3fa986ba096974 hr-invisible  avia-builder-el-5  el_after_av_one_full  el_before_av_one_full'><span class='hr-inner'><span class=\"hr-inner-style\"><\/span><\/span><\/div>\n<div class='flex_column_table av-4m8cdw-2a0d63004c764b56da58a2c8d9816a96 sc-av_one_full av-equal-height-column-flextable'>\n<style type=\"text\/css\" data-created_by=\"avia_inline_auto\" id=\"style-css-av-4m8cdw-2a0d63004c764b56da58a2c8d9816a96\">\n#top .flex_column_table.av-equal-height-column-flextable.av-4m8cdw-2a0d63004c764b56da58a2c8d9816a96{\nmargin-top:10px;\nmargin-bottom:10px;\n}\n.flex_column.av-4m8cdw-2a0d63004c764b56da58a2c8d9816a96{\nborder-radius:0px 0px 0px 0px;\npadding:0px 0px 0px 0px;\n}\n<\/style>\n<div  class='flex_column av-4m8cdw-2a0d63004c764b56da58a2c8d9816a96 av_one_full  avia-builder-el-6  el_after_av_hr  el_before_av_one_full  first flex_column_table_cell av-equal-height-column av-align-bottom av-zero-column-padding'     ><div  class='avia-button-wrap av-k7wn5hp8-8cec582e571a368343a9883b1d17b971-wrap avia-button-center  avia-builder-el-7  avia-builder-el-no-sibling'><a href='https:\/\/spanish.drchugay.com\/es\/galerias-de-procedimientos-2-4\/galeria-de-reduccion-de-senos\/'  class='avia-button av-k7wn5hp8-8cec582e571a368343a9883b1d17b971 av-link-btn avia-icon_select-yes-right-icon avia-size-large avia-position-center av-icon-on-hover avia-color-dark'   aria-label=\"VER GALER\u00cdA\"><span class='avia_iconbox_title' >VER GALER\u00cdA<\/span><span class='avia_button_icon avia_button_icon_right avia-iconfont avia-font-entypo-fontello' data-av_icon='\ue87d' data-av_iconfont='entypo-fontello' ><\/span><\/a><\/div><\/div><\/div><!--close column table wrapper. Autoclose: 1 -->\n\n<style type=\"text\/css\" data-created_by=\"avia_inline_auto\" id=\"style-css-av-f676no-12-f6d08f91511bc1649f0de7d1d865ee18\">\n#top .flex_column.av-f676no-12-f6d08f91511bc1649f0de7d1d865ee18{\nmargin-top:30px;\nmargin-bottom:10px;\n}\n.flex_column.av-f676no-12-f6d08f91511bc1649f0de7d1d865ee18{\nborder-radius:0px 0px 0px 0px;\npadding:0px 0px 0px 0px;\n}\n.responsive #top #wrap_all .flex_column.av-f676no-12-f6d08f91511bc1649f0de7d1d865ee18{\nmargin-top:30px;\nmargin-bottom:10px;\n}\n<\/style>\n<div  class='flex_column av-f676no-12-f6d08f91511bc1649f0de7d1d865ee18 av_one_full  avia-builder-el-8  el_after_av_one_full  el_before_av_hr  first flex_column_div av-zero-column-padding  column-top-margin'     ><p>\n<style type=\"text\/css\" data-created_by=\"avia_inline_auto\" id=\"style-css-av-k9lqc479-ab4a14bffd27268d11633a18300c5c9f\">\n#top .av-special-heading.av-k9lqc479-ab4a14bffd27268d11633a18300c5c9f{\npadding-bottom:10px;\n}\nbody .av-special-heading.av-k9lqc479-ab4a14bffd27268d11633a18300c5c9f .av-special-heading-tag .heading-char{\nfont-size:25px;\n}\n.av-special-heading.av-k9lqc479-ab4a14bffd27268d11633a18300c5c9f .av-subheading{\nfont-size:15px;\n}\n<\/style>\n<div  class='av-special-heading av-k9lqc479-ab4a14bffd27268d11633a18300c5c9f av-special-heading-h3  avia-builder-el-9  el_before_av_textblock  avia-builder-el-first'><h3 class='av-special-heading-tag'  itemprop=\"headline\"  >\u00bfQu\u00e9 hace que la t\u00e9cnica del Dr. Chugay sea \u00fanica?<\/h3><div class=\"special-heading-border\"><div class=\"special-heading-inner-border\"><\/div><\/div><\/div><br \/>\n<section  class='av_textblock_section av-8nz50-ed8bd19dc4dfa2c29850203d619eba83'   itemscope=\"itemscope\" itemtype=\"https:\/\/schema.org\/CreativeWork\" ><div class='avia_textblock'  itemprop=\"text\" ><p>El Dr. Chugay ha perfeccionado su propia variaci\u00f3n del procedimiento de reducci\u00f3n de senos originalmente desarrollada por el famoso cirujano pl\u00e1stico Ivo Pitanguy.<\/p>\n<p>Se hace un corte triangular alrededor de la areola que luego se extiende a la l\u00ednea inframamaria en una cu\u00f1a con forma de quilla. Entonces se extirpa piel y gl\u00e1ndula como una unidad en su conjunto. Entonces el cono del seno se sutura junto desde adentro, d\u00e1ndole una forma redonda natural. Normalmente el pez\u00f3n se coloca a unos 21 cm debajo de la clav\u00edcula media, y la piel se sutura con una sutura subcuticular.<\/p>\n<\/div><\/section><\/p><\/div>\n\n<style type=\"text\/css\" data-created_by=\"avia_inline_auto\" id=\"style-css-av-k7wmp4kk-11-d7514b237d95d1d12a987975f5f63f47\">\n#top .hr.hr-invisible.av-k7wmp4kk-11-d7514b237d95d1d12a987975f5f63f47{\nheight:15px;\n}\n<\/style>\n<div  class='hr av-k7wmp4kk-11-d7514b237d95d1d12a987975f5f63f47 hr-invisible  avia-builder-el-11  el_after_av_one_full  el_before_av_one_full'><span class='hr-inner'><span class=\"hr-inner-style\"><\/span><\/span><\/div>\n\n<style type=\"text\/css\" data-created_by=\"avia_inline_auto\" id=\"style-css-av-f676no-10-ccb57e3cfb35d61629ca06667a1e16dd\">\n#top .flex_column.av-f676no-10-ccb57e3cfb35d61629ca06667a1e16dd{\nmargin-top:0px;\nmargin-bottom:10px;\n}\n.flex_column.av-f676no-10-ccb57e3cfb35d61629ca06667a1e16dd{\nborder-radius:0px 0px 0px 0px;\npadding:0px 0px 0px 0px;\n}\n.responsive #top #wrap_all .flex_column.av-f676no-10-ccb57e3cfb35d61629ca06667a1e16dd{\nmargin-top:0px;\nmargin-bottom:10px;\n}\n<\/style>\n<div  class='flex_column av-f676no-10-ccb57e3cfb35d61629ca06667a1e16dd av_one_full  avia-builder-el-12  el_after_av_hr  el_before_av_one_full  first flex_column_div av-zero-column-padding'     ><article  class='iconbox iconbox_top av-k7wid5mf-068a306b294f1183665128203fb67087  avia-builder-el-13  avia-builder-el-no-sibling  main_color'  itemscope=\"itemscope\" itemtype=\"https:\/\/schema.org\/CreativeWork\" ><div class=\"iconbox_content\"><header class=\"entry-content-header\" aria-label=\"Icono: \u00bfHay financiaci\u00f3n disponible?\"><div class='iconbox_icon heading-color avia-iconfont avia-font-entypo-fontello' data-av_icon='\ue827' data-av_iconfont='entypo-fontello'  ><\/div><h3 class='iconbox_content_title'  itemprop=\"headline\" >\u00bfHay financiaci\u00f3n disponible?<\/h3><\/header><div class='iconbox_content_container'  itemprop=\"text\" ><p>S\u00ed. Financiaci\u00f3n m\u00e9dica est\u00e1 disponible en el cr\u00e9dito aprobado. Aceptamos financiaci\u00f3n de CareCredit.com. Para m\u00e1s informaci\u00f3n sobre nuestras opciones de financiaci\u00f3n<\/p>\n<div  class='avia-button-wrap av-3702at-2f75b6c227e6bd1a864bfe1943708b73-wrap avia-button-center  avia-builder-el-14  avia-builder-el-no-sibling'><a href='https:\/\/spanish.drchugay.com\/es\/informacion-del-paciente\/financiacion-medica\/'  class='avia-button av-3702at-2f75b6c227e6bd1a864bfe1943708b73 av-link-btn avia-icon_select-no avia-size-large avia-position-center avia-color-dark'   aria-label=\"OBTENER FINANCIACI\u00d3N\"><span class='avia_iconbox_title' >OBTENER FINANCIACI\u00d3N<\/span><\/a><\/div>\n<\/div><\/div><footer class=\"entry-footer\"><\/footer><\/article><\/div>\n<style type=\"text\/css\" data-created_by=\"avia_inline_auto\" id=\"style-css-av-f676no-7-aa9a913440f805dc76a387d6e8b840f9\">\n#top .flex_column.av-f676no-7-aa9a913440f805dc76a387d6e8b840f9{\nmargin-top:0px;\nmargin-bottom:10px;\n}\n.flex_column.av-f676no-7-aa9a913440f805dc76a387d6e8b840f9{\nborder-radius:0px 0px 0px 0px;\npadding:0px 0px 0px 0px;\n}\n.responsive #top #wrap_all .flex_column.av-f676no-7-aa9a913440f805dc76a387d6e8b840f9{\nmargin-top:0px;\nmargin-bottom:10px;\n}\n<\/style>\n<div  class='flex_column av-f676no-7-aa9a913440f805dc76a387d6e8b840f9 av_one_full  avia-builder-el-15  el_after_av_one_full  el_before_av_hr  first flex_column_div av-zero-column-padding  column-top-margin'     ><p>\n<style type=\"text\/css\" data-created_by=\"avia_inline_auto\" id=\"style-css-av-k7wmp4kk-8-f3e6bf188d26afbf6efbed749465b62f\">\n#top .hr.hr-invisible.av-k7wmp4kk-8-f3e6bf188d26afbf6efbed749465b62f{\nheight:5px;\n}\n<\/style>\n<div  class='hr av-k7wmp4kk-8-f3e6bf188d26afbf6efbed749465b62f hr-invisible  avia-builder-el-16  el_before_av_heading  avia-builder-el-first'><span class='hr-inner'><span class=\"hr-inner-style\"><\/span><\/span><\/div><br \/>\n\n<style type=\"text\/css\" data-created_by=\"avia_inline_auto\" id=\"style-css-av-k9lqcot1-3ca91dd71778139ca47f2c34115e7f9a\">\n#top .av-special-heading.av-k9lqcot1-3ca91dd71778139ca47f2c34115e7f9a{\npadding-bottom:10px;\n}\nbody .av-special-heading.av-k9lqcot1-3ca91dd71778139ca47f2c34115e7f9a .av-special-heading-tag .heading-char{\nfont-size:25px;\n}\n.av-special-heading.av-k9lqcot1-3ca91dd71778139ca47f2c34115e7f9a .av-subheading{\nfont-size:15px;\n}\n<\/style>\n<div  class='av-special-heading av-k9lqcot1-3ca91dd71778139ca47f2c34115e7f9a av-special-heading-h3  avia-builder-el-17  el_after_av_hr  el_before_av_textblock'><h3 class='av-special-heading-tag'  itemprop=\"headline\"  >\u00bfPor qu\u00e9 es mejor el procedimiento del Dr. Chugay que la t\u00e9cnica tradicional?<\/h3><div class=\"special-heading-border\"><div class=\"special-heading-inner-border\"><\/div><\/div><\/div><br \/>\n<section  class='av_textblock_section av-8nz50-9-5da5f6105e64a5c07f1da5f2722ae823'   itemscope=\"itemscope\" itemtype=\"https:\/\/schema.org\/CreativeWork\" ><div class='avia_textblock'  itemprop=\"text\" ><p>Este procedimiento conserva una buena circulaci\u00f3n al pez\u00f3n. La p\u00e9rdida de circulaci\u00f3n es muy rara, pero cuando ocurre, se puede desarrollar necrosis de la piel en la zona del pez\u00f3n. Esta t\u00e9cnica es un procedimiento muy seguro. La t\u00e9cnica tradicional implica la extirpaci\u00f3n de tiras largas y estrechas de gl\u00e1ndula y piel. Las tiras se doblan sobre s\u00ed mismas desde ambos lados del seno hacia abajo y alrededor de la areola, dando forma al nuevo contorno del seno. Lamentablemente, el 80% de los cirujanos de los Estados Unidos todav\u00eda usan la t\u00e9cnica tradicional de reducci\u00f3n de senos.<\/p>\n<\/div><\/section><\/p><\/div><\/p>\n\n<style type=\"text\/css\" data-created_by=\"avia_inline_auto\" id=\"style-css-av-k7wmp4kk-3-48c746793c76d910ffb2963fc85f9012\">\n#top .hr.hr-invisible.av-k7wmp4kk-3-48c746793c76d910ffb2963fc85f9012{\nheight:15px;\n}\n<\/style>\n<div  class='hr av-k7wmp4kk-3-48c746793c76d910ffb2963fc85f9012 hr-invisible  avia-builder-el-19  el_after_av_one_full  el_before_av_icon_box'><span class='hr-inner'><span class=\"hr-inner-style\"><\/span><\/span><\/div>\n<article  class='iconbox iconbox_top av-k7wid5mf-6-85229882de1d478f6dd8d43b0278f10d  avia-builder-el-20  el_after_av_hr  el_before_av_hr  main_color'  itemscope=\"itemscope\" itemtype=\"https:\/\/schema.org\/CreativeWork\" ><div class=\"iconbox_content\"><header class=\"entry-content-header\" aria-label=\"Icono: Cosas que debe buscar en su cirujano:\"><div class='iconbox_icon heading-color avia-iconfont avia-font-entypo-fontello' data-av_icon='\ue81e' data-av_iconfont='entypo-fontello'  ><\/div><h3 class='iconbox_content_title'  itemprop=\"headline\" >Cosas que debe buscar en su cirujano:<\/h3><\/header><div class='iconbox_content_container'  itemprop=\"text\" ><ul style=\"text-align: left;\">\n<li><strong>Experiencia:<\/strong> Con 2 generaciones de m\u00e9dicos, m\u00e1s de 30.000 procedimientos y toda una vida de experiencia combinada, el Dr. Nikolas V. Chugay y el Dr. Paul N. Chugay no s\u00f3lo tienen la experiencia necesaria en diversos procedimientos quir\u00fargicos y no quir\u00fargicos, sino que Nikolas ha ayudado a revolucionar la industria, y Paul est\u00e1 siguiendo muy de cerca los pasos de su padre, bas\u00e1ndose en m\u00e1s de 40 a\u00f1os de experiencia.<\/li>\n<li><strong>Compatibilidad y respeto:<\/strong> Reserva una consulta con el m\u00e9dico. Comprueba c\u00f3mo te trata, si te escucha y qu\u00e9 quieres. Es importante que hables a fondo con tu m\u00e9dico de lo que quieres conseguir para que tenga una idea clara y concisa de cu\u00e1l es tu objetivo, pero tambi\u00e9n es importante que respetes la experiencia y la formaci\u00f3n de tu m\u00e9dico lo suficiente como para escuchar sus recomendaciones. No querr\u00e1s tener un m\u00e9dico que no se preocupe por TI.<\/li>\n<li><strong>Especializaci\u00f3n:<\/strong> Pregunte a su m\u00e9dico por otras veces que haya realizado el procedimiento que usted desea.<\/li>\n<\/ul>\n<div  class='avia-button-wrap av-3702at-5-32c622f805a061008a2fdbced5e26525-wrap avia-button-center  avia-builder-el-21  avia-builder-el-no-sibling'><a href='https:\/\/spanish.drchugay.com\/es\/sobre-la-clinica-medica-de-cirugia-estetica-chugay\/'  class='avia-button av-3702at-5-32c622f805a061008a2fdbced5e26525 av-link-btn avia-icon_select-no avia-size-large avia-position-center avia-color-dark'   aria-label=\"CONOZCA A SUS CIRUJANOS\"><span class='avia_iconbox_title' >CONOZCA A SUS CIRUJANOS<\/span><\/a><\/div>\n<\/div><\/div><footer class=\"entry-footer\"><\/footer><\/article>\n\n<style type=\"text\/css\" data-created_by=\"avia_inline_auto\" id=\"style-css-av-k7wmp4kk-2-a12c39dd717b6c0fe56581a5dabb1f19\">\n#top .hr.hr-invisible.av-k7wmp4kk-2-a12c39dd717b6c0fe56581a5dabb1f19{\nheight:15px;\n}\n<\/style>\n<div  class='hr av-k7wmp4kk-2-a12c39dd717b6c0fe56581a5dabb1f19 hr-invisible  avia-builder-el-22  el_after_av_icon_box  el_before_av_icon_box'><span class='hr-inner'><span class=\"hr-inner-style\"><\/span><\/span><\/div>\n<article  class='iconbox iconbox_top av-k7wid5mf-1-f68b144809fa5f448f320bfe76f8f0cc  avia-builder-el-23  el_after_av_hr  el_before_av_one_full  main_color'  itemscope=\"itemscope\" itemtype=\"https:\/\/schema.org\/CreativeWork\" ><div class=\"iconbox_content\"><header class=\"entry-content-header\" aria-label=\"Icono: Despu\u00e9s de la cirug\u00eda de reducci\u00f3n mamaria\"><div class='iconbox_icon heading-color avia-iconfont avia-font-entypo-fontello' data-av_icon='\ue81e' data-av_iconfont='entypo-fontello'  ><\/div><h3 class='iconbox_content_title'  itemprop=\"headline\" >Despu\u00e9s de la cirug\u00eda de reducci\u00f3n mamaria<\/h3><\/header><div class='iconbox_content_container'  itemprop=\"text\" ><p>Despu\u00e9s de la cirug\u00eda, se le colocar\u00e1 un vendaje el\u00e1stico o un sost\u00e9n quir\u00fargico sobre gasas. Puede que se coloque un tubo peque\u00f1o en cada seno para drenar la sangre y los fluidos durante el primer d\u00eda o dos d\u00edas.<\/p>\n<p>Puede que sienta algo de dolor durante el primer par de d\u00edas, especialmente al moverse o toser, y algunas molestias durante una semana o m\u00e1s. El Dr. Chugay le recetar\u00e1 medicamentos para aliviar el dolor y las molestias.<\/p>\n<p>Los vendajes se retirar\u00e1n uno o dos d\u00edas despu\u00e9s de la cirug\u00eda, aunque usted seguir\u00e1 usando el sost\u00e9n quir\u00fargico en todo momento por varias semanas, hasta que la hinchaz\u00f3n y los moretones desaparezcan. Se le quitar\u00e1n los puntos de sutura en una o dos semanas.<\/p>\n<p>Si la piel de los senos est\u00e1 muy reseca despu\u00e9s de la cirug\u00eda, puede aplicarse un humectante varias veces al d\u00eda, pero aseg\u00farese de mantener seca el \u00e1rea de los puntos.<\/p>\n<\/div><\/div><footer class=\"entry-footer\"><\/footer><\/article>\n\n<style type=\"text\/css\" data-created_by=\"avia_inline_auto\" id=\"style-css-av-f676no-4-421dd940700d97b5ea3cf187ee95e4d5\">\n#top .flex_column.av-f676no-4-421dd940700d97b5ea3cf187ee95e4d5{\nmargin-top:50px;\nmargin-bottom:10px;\n}\n.flex_column.av-f676no-4-421dd940700d97b5ea3cf187ee95e4d5{\nborder-radius:0px 0px 0px 0px;\npadding:0px 0px 0px 0px;\n}\n.responsive #top #wrap_all .flex_column.av-f676no-4-421dd940700d97b5ea3cf187ee95e4d5{\nmargin-top:50px;\nmargin-bottom:10px;\n}\n<\/style>\n<div  class='flex_column av-f676no-4-421dd940700d97b5ea3cf187ee95e4d5 av_one_full  avia-builder-el-24  el_after_av_icon_box  avia-builder-el-last  first flex_column_div av-zero-column-padding'     ><style type=\"text\/css\" data-created_by=\"avia_inline_auto\" id=\"style-css-av-k7wnwtuw-bfac9e508be5c63049274c32f5ac2573\">\n.av_promobox.av-k7wnwtuw-bfac9e508be5c63049274c32f5ac2573{\ncolor:#ffffff;\nbackground:#444444;\nborder-color:#000000;\n}\n<\/style>\n<div  class='av_promobox av-k7wnwtuw-bfac9e508be5c63049274c32f5ac2573 avia-button-yes  avia-builder-el-25  el_before_av_hr  avia-builder-el-first'><div class='avia-promocontent'><h2><span style=\"color: #ffffff;\">\u00bfPreparado para mejorar el aspecto de su cuerpo?<\/span><\/h2>\n<h5><span style=\"color: #ffffff;\">Ll\u00e1menos ahora para una consulta y evaluaci\u00f3n gratuitas.<\/span><\/h5>\n<p>\n<\/div><div  class='avia-button-wrap av-k7wnwtuw-4995055a5ece8a1cc3b1f684af197876-wrap avia-button-right'><a href='https:\/\/spanish.drchugay.com\/es\/contacto\/'  class='avia-button av-k7wnwtuw-4995055a5ece8a1cc3b1f684af197876 av-link-btn avia-icon_select-no avia-size-large avia-position-right avia-color-theme-color-subtle'   aria-label=\"RESERVAR AHORA\"><span class='avia_iconbox_title' >RESERVAR AHORA<\/span><\/a><\/div><\/div><br \/>\n\n<style type=\"text\/css\" data-created_by=\"avia_inline_auto\" id=\"style-css-av-9dsts4-11399a697b8219a0eaa2ba93d19c13fd\">\n#top .hr.hr-invisible.av-9dsts4-11399a697b8219a0eaa2ba93d19c13fd{\nheight:10px;\n}\n<\/style>\n<div  class='hr av-9dsts4-11399a697b8219a0eaa2ba93d19c13fd hr-invisible  avia-builder-el-26  el_after_av_promobox  avia-builder-el-last'><span class='hr-inner'><span class=\"hr-inner-style\"><\/span><\/span><\/div><\/p><\/div>","protected":false},"excerpt":{"rendered":"","protected":false},"author":1,"featured_media":0,"parent":191,"menu_order":7,"comment_status":"closed","ping_status":"closed","template":"","meta":{"footnotes":""},"class_list":["post-30","page","type-page","status-publish","hentry"],"_links":{"self":[{"href":"https:\/\/spanish.drchugay.com\/es\/wp-json\/wp\/v2\/pages\/30","targetHints":{"allow":["GET"]}}],"collection":[{"href":"https:\/\/spanish.drchugay.com\/es\/wp-json\/wp\/v2\/pages"}],"about":[{"href":"https:\/\/spanish.drchugay.com\/es\/wp-json\/wp\/v2\/types\/page"}],"author":[{"embeddable":true,"href":"https:\/\/spanish.drchugay.com\/es\/wp-json\/wp\/v2\/users\/1"}],"replies":[{"embeddable":true,"href":"https:\/\/spanish.drchugay.com\/es\/wp-json\/wp\/v2\/comments?post=30"}],"version-history":[{"count":19,"href":"https:\/\/spanish.drchugay.com\/es\/wp-json\/wp\/v2\/pages\/30\/revisions"}],"predecessor-version":[{"id":12543,"href":"https:\/\/spanish.drchugay.com\/es\/wp-json\/wp\/v2\/pages\/30\/revisions\/12543"}],"up":[{"embeddable":true,"href":"https:\/\/spanish.drchugay.com\/es\/wp-json\/wp\/v2\/pages\/191"}],"wp:attachment":[{"href":"https:\/\/spanish.drchugay.com\/es\/wp-json\/wp\/v2\/media?parent=30"}],"curies":[{"name":"wp","href":"https:\/\/api.w.org\/{rel}","templated":true}]}}