{"id":3058,"date":"2014-03-03T22:44:43","date_gmt":"2014-03-03T22:44:43","guid":{"rendered":"https:\/\/spanish.drchugay.com\/?page_id=3058"},"modified":"2025-03-11T12:07:55","modified_gmt":"2025-03-11T19:07:55","slug":"transformacion-facial","status":"publish","type":"page","link":"https:\/\/spanish.drchugay.com\/es\/procedimientos\/transformacion-facial\/","title":{"rendered":"Transformaci\u00f3n facial"},"content":{"rendered":"<style type=\"text\/css\" data-created_by=\"avia_inline_auto\" id=\"style-css-av-h5pxmq-aae3c70082b73c54744ce104347c084e\">\n#top .av-special-heading.av-h5pxmq-aae3c70082b73c54744ce104347c084e{\npadding-bottom:10px;\n}\nbody .av-special-heading.av-h5pxmq-aae3c70082b73c54744ce104347c084e .av-special-heading-tag .heading-char{\nfont-size:25px;\n}\n.av-special-heading.av-h5pxmq-aae3c70082b73c54744ce104347c084e .av-subheading{\nfont-size:15px;\n}\n<\/style>\n<div  class='av-special-heading av-h5pxmq-aae3c70082b73c54744ce104347c084e av-special-heading-h2  avia-builder-el-0  el_before_av_hr  avia-builder-el-first'><h2 class='av-special-heading-tag'  itemprop=\"headline\"  >Transformaci\u00f3n facial<\/h2><div class=\"special-heading-border\"><div class=\"special-heading-inner-border\"><\/div><\/div><\/div>\n\n<style type=\"text\/css\" data-created_by=\"avia_inline_auto\" id=\"style-css-av-l4yllelz-3f94a2bb25deeb33b7fd40691e4f8e3e\">\n#top .hr.hr-invisible.av-l4yllelz-3f94a2bb25deeb33b7fd40691e4f8e3e{\nheight:50px;\n}\n<\/style>\n<div  class='hr av-l4yllelz-3f94a2bb25deeb33b7fd40691e4f8e3e hr-invisible  avia-builder-el-1  el_after_av_heading  el_before_av_textblock'><span class='hr-inner'><span class=\"hr-inner-style\"><\/span><\/span><\/div>\n<section  class='av_textblock_section av-2i83de-ff2ae3d7a3d764d4e36623e6253857c7'   itemscope=\"itemscope\" itemtype=\"https:\/\/schema.org\/CreativeWork\" ><div class='avia_textblock'  itemprop=\"text\" ><p>Procedimientos de transformaci\u00f3n facial que dan resultados de aspecto natural para mejorar tu belleza. Lea m\u00e1s para saber qu\u00e9 proceso es adecuado para usted, o\u00a0<a title=\"P\u00f3ngase en contacto con el Dr. Chugay para una consulta gratuita sobre su transformaci\u00f3n facial\" href=\"https:\/\/www.drchugay.com\/contact-us\/\" target=\"_blank\" rel=\"noopener\">Contacte al Dr. Chugay para una consulta gratuita sobre su transformaci\u00f3n facial<\/a><\/p>\n<\/div><\/section>\n\n<style type=\"text\/css\" data-created_by=\"avia_inline_auto\" id=\"style-css-av-cuyin6-3451362b73067eb048b2dc245161c0a9\">\n.flex_column.av-cuyin6-3451362b73067eb048b2dc245161c0a9{\nwidth:32.666666666667%;\n}\n<\/style>\n<div  class='flex_column av-cuyin6-3451362b73067eb048b2dc245161c0a9 av_one_third  avia-builder-el-3  el_after_av_textblock  el_before_av_one_third  first flex_column_div  column-top-margin'     ><section  class='av_textblock_section av-13ftgy-0d1c0e9136f7ef5b8edb193b93126b99'   itemscope=\"itemscope\" itemtype=\"https:\/\/schema.org\/CreativeWork\" ><div class='avia_textblock'  itemprop=\"text\" ><table class=\"sub_procedures\" style=\"width: 100%; text-align: left;\" border=\"0\" cellspacing=\"5\" cellpadding=\"5\" align=\"center\">\n<tbody>\n<tr>\n<td width=\"33%\"><a class=\"alignright\" style=\"float: right; margin: 0px; padding: 0px;\" title=\"Rejuvenecimiento cut\u00e1neo con l\u00e1ser | Peeling (exfoliaci\u00f3n) qu\u00edmica | Rejuvenecimiento cut\u00e1neo con TCA (\u00e1cido tricloroac\u00e9tico)\" href=\"https:\/\/spanish.drchugay.com\/es\/procedimientos\/no-quirurgico\/resurfacing-de-piel-con-laser-peeling-quimico-y-resurfacing-de-piel-con-tca\/\"><img loading=\"lazy\" decoding=\"async\" class=\"alignright wp-image-292 size-full\" style=\"border: 3px solid #b4b4b4; margin-left: 5px; float: right;\" src=\"https:\/\/spanish.drchugay.com\/wp-content\/uploads\/2011\/10\/ft-laser-skin-resurfacing.jpg\" alt=\"ft-laser-skin-resurfacing\" width=\"70\" height=\"70\" \/><\/a><\/p>\n<h2><a title=\"Rejuvenecimiento cut\u00e1neo con l\u00e1ser | Peeling (exfoliaci\u00f3n) qu\u00edmica | Rejuvenecimiento cut\u00e1neo con TCA (\u00e1cido tricloroac\u00e9tico)\" href=\"https:\/\/spanish.drchugay.com\/es\/procedimientos\/no-quirurgico\/resurfacing-de-piel-con-laser-peeling-quimico-y-resurfacing-de-piel-con-tca\/\">Rejuvenecimiento cut\u00e1neo<\/a><\/h2>\n<p><a title=\"Rejuvenecimiento cut\u00e1neo con l\u00e1ser | Peeling (exfoliaci\u00f3n) qu\u00edmica | Rejuvenecimiento cut\u00e1neo con TCA (\u00e1cido tricloroac\u00e9tico)\" href=\"https:\/\/spanish.drchugay.com\/es\/procedimientos\/no-quirurgico\/resurfacing-de-piel-con-laser-peeling-quimico-y-resurfacing-de-piel-con-tca\/\">Seguir leyendo<\/a><\/td>\n<\/tr>\n<\/tbody>\n<\/table>\n<\/div><\/section><\/div>\n<style type=\"text\/css\" data-created_by=\"avia_inline_auto\" id=\"style-css-av-6v0lj6-e546fdc6fecf7500a24215fb612d554e\">\n.flex_column.av-6v0lj6-e546fdc6fecf7500a24215fb612d554e{\nwidth:32.666666666667%;\nmargin-left:1%;\nborder-radius:0px 0px 0px 0px;\npadding:0px 0px 0px 0px;\n}\n<\/style>\n<div  class='flex_column av-6v0lj6-e546fdc6fecf7500a24215fb612d554e av_one_third  avia-builder-el-5  el_after_av_one_third  el_before_av_one_third  flex_column_div av-zero-column-padding  column-top-margin'     ><section  class='av_textblock_section av-5xnw82-e601531b6ce6140cb35186b079447095'   itemscope=\"itemscope\" itemtype=\"https:\/\/schema.org\/CreativeWork\" ><div class='avia_textblock'  itemprop=\"text\" ><table class=\"sub_procedures\" style=\"width: 100%; text-align: left;\" border=\"0\" cellspacing=\"5\" cellpadding=\"5\" align=\"center\">\n<tbody>\n<tr>\n<td width=\"33%\"><a class=\"alignright\" style=\"float: right; margin: 0px; padding: 0px;\" title=\"Cirug\u00eda de transferencia de grasa | Transferencia de grasa facial\" href=\"https:\/\/spanish.drchugay.com\/es\/procedimientos\/no-quirurgico\/cirugia-de-transferencia-de-grasa-y-transferencia-de-grasa-facial\/\"><img loading=\"lazy\" decoding=\"async\" class=\"alignright wp-image-293\" style=\"border: 3px solid #b4b4b4; margin-left: 5px; float: right;\" src=\"https:\/\/spanish.drchugay.com\/wp-content\/uploads\/2011\/10\/ft-fat-transfer.jpg\" alt=\"ft-fat-transfer\" width=\"70\" height=\"70\" \/><\/a><\/p>\n<h2><a title=\"Cirug\u00eda de transferencia de grasa | Transferencia de grasa facial\" href=\"https:\/\/spanish.drchugay.com\/es\/procedimientos\/no-quirurgico\/cirugia-de-transferencia-de-grasa-y-transferencia-de-grasa-facial\/\">Transferencia de grasa<\/a><\/h2>\n<p><a title=\"Cirug\u00eda de transferencia de grasa | Transferencia de grasa facial\" href=\"https:\/\/spanish.drchugay.com\/es\/procedimientos\/no-quirurgico\/cirugia-de-transferencia-de-grasa-y-transferencia-de-grasa-facial\/\">Seguir leyendo<\/a><\/td>\n<\/tr>\n<\/tbody>\n<\/table>\n<\/div><\/section><\/div><\/p>\n\n<style type=\"text\/css\" data-created_by=\"avia_inline_auto\" id=\"style-css-av-4oey8y-0e1bf29255c1dc6e8fd146d50d977404\">\n.flex_column.av-4oey8y-0e1bf29255c1dc6e8fd146d50d977404{\nwidth:32.666666666667%;\nmargin-left:1%;\nborder-radius:0px 0px 0px 0px;\npadding:0px 0px 0px 0px;\n}\n<\/style>\n<div  class='flex_column av-4oey8y-0e1bf29255c1dc6e8fd146d50d977404 av_one_third  avia-builder-el-7  el_after_av_one_third  el_before_av_hr  flex_column_div av-zero-column-padding  column-top-margin'     ><section  class='av_textblock_section av-2v5mmq-ce2da2d8116dc28cf4227d02f531df56'   itemscope=\"itemscope\" itemtype=\"https:\/\/schema.org\/CreativeWork\" ><div class='avia_textblock'  itemprop=\"text\" ><table class=\"sub_procedures\" style=\"width: 100%; text-align: left;\" border=\"0\" cellspacing=\"5\" cellpadding=\"5\" align=\"center\">\n<tbody>\n<tr>\n<td width=\"33%\"><a class=\"alignright\" style=\"float: right; margin: 0px; padding: 0px;\" title=\"Tratamientos de reducci\u00f3n de arrugas, rellenos y b\u00f3tox\" href=\"https:\/\/spanish.drchugay.com\/es\/procedimientos\/no-quirurgico\/reduccion-de-arrugas-con-rellenos-y-tratamientos-con-botox\/\"><img loading=\"lazy\" decoding=\"async\" class=\"alignright wp-image-294\" style=\"border: 3px solid #b4b4b4; margin-left: 5px; float: right;\" src=\"https:\/\/spanish.drchugay.com\/wp-content\/uploads\/2011\/10\/ft-wrinkle-remove.jpg\" alt=\"ft-reductor de arrugas\" width=\"70\" height=\"70\" \/><\/a><\/p>\n<h2><a title=\"Tratamientos de reducci\u00f3n de arrugas, rellenos y b\u00f3tox\" href=\"https:\/\/spanish.drchugay.com\/es\/procedimientos\/no-quirurgico\/reduccion-de-arrugas-con-rellenos-y-tratamientos-con-botox\/\">ELIMINACI\u00d3N DE ARRUGAS \/ RELLENOS<\/a><\/h2>\n<p><a title=\"Tratamientos de reducci\u00f3n de arrugas, rellenos y b\u00f3tox\" href=\"https:\/\/spanish.drchugay.com\/es\/procedimientos\/no-quirurgico\/reduccion-de-arrugas-con-rellenos-y-tratamientos-con-botox\/\">Seguir leyendo<\/a><\/td>\n<\/tr>\n<\/tbody>\n<\/table>\n<\/div><\/section><\/div>\n<div  class='hr av-5wubeq-5201713f157c81c8e38cfae5433c330a hr-short  avia-builder-el-9  el_after_av_one_third  avia-builder-el-last  hr-center'><span class='hr-inner'><span class=\"hr-inner-style\"><\/span><\/span><\/div>","protected":false},"excerpt":{"rendered":"","protected":false},"author":1,"featured_media":0,"parent":315,"menu_order":0,"comment_status":"closed","ping_status":"closed","template":"","meta":{"footnotes":""},"class_list":["post-3058","page","type-page","status-publish","hentry"],"_links":{"self":[{"href":"https:\/\/spanish.drchugay.com\/es\/wp-json\/wp\/v2\/pages\/3058","targetHints":{"allow":["GET"]}}],"collection":[{"href":"https:\/\/spanish.drchugay.com\/es\/wp-json\/wp\/v2\/pages"}],"about":[{"href":"https:\/\/spanish.drchugay.com\/es\/wp-json\/wp\/v2\/types\/page"}],"author":[{"embeddable":true,"href":"https:\/\/spanish.drchugay.com\/es\/wp-json\/wp\/v2\/users\/1"}],"replies":[{"embeddable":true,"href":"https:\/\/spanish.drchugay.com\/es\/wp-json\/wp\/v2\/comments?post=3058"}],"version-history":[{"count":15,"href":"https:\/\/spanish.drchugay.com\/es\/wp-json\/wp\/v2\/pages\/3058\/revisions"}],"predecessor-version":[{"id":12727,"href":"https:\/\/spanish.drchugay.com\/es\/wp-json\/wp\/v2\/pages\/3058\/revisions\/12727"}],"up":[{"embeddable":true,"href":"https:\/\/spanish.drchugay.com\/es\/wp-json\/wp\/v2\/pages\/315"}],"wp:attachment":[{"href":"https:\/\/spanish.drchugay.com\/es\/wp-json\/wp\/v2\/media?parent=3058"}],"curies":[{"name":"wp","href":"https:\/\/api.w.org\/{rel}","templated":true}]}}