{"id":3452,"date":"2014-03-17T17:17:38","date_gmt":"2014-03-17T17:17:38","guid":{"rendered":"https:\/\/spanish.drchugay.com\/?page_id=3452"},"modified":"2023-02-08T15:58:32","modified_gmt":"2023-02-08T23:58:32","slug":"liftings-en-muslos","status":"publish","type":"page","link":"https:\/\/spanish.drchugay.com\/es\/procedimientos\/cirugia-de-esculpido-corporal\/liftings-en-muslos\/","title":{"rendered":"Levantamiento de muslos"},"content":{"rendered":"<style type=\"text\/css\" data-created_by=\"avia_inline_auto\" id=\"style-css-av-k7wmp4kk-34c3e159662ec4bc3f3fa986ba096974\">\n#top .hr.hr-invisible.av-k7wmp4kk-34c3e159662ec4bc3f3fa986ba096974{\nheight:5px;\n}\n<\/style>\n<div  class='hr av-k7wmp4kk-34c3e159662ec4bc3f3fa986ba096974 hr-invisible  avia-builder-el-0  el_before_av_one_full  avia-builder-el-first'><span class='hr-inner'><span class=\"hr-inner-style\"><\/span><\/span><\/div>\n\n<style type=\"text\/css\" data-created_by=\"avia_inline_auto\" id=\"style-css-av-f676no-9457bb500a74c1ddaeac826bf7772a88\">\n#top .flex_column.av-f676no-9457bb500a74c1ddaeac826bf7772a88{\nmargin-top:0px;\nmargin-bottom:10px;\n}\n.flex_column.av-f676no-9457bb500a74c1ddaeac826bf7772a88{\nborder-radius:0px 0px 0px 0px;\npadding:0px 0px 0px 0px;\n}\n.responsive #top #wrap_all .flex_column.av-f676no-9457bb500a74c1ddaeac826bf7772a88{\nmargin-top:0px;\nmargin-bottom:10px;\n}\n<\/style>\n<div  class='flex_column av-f676no-9457bb500a74c1ddaeac826bf7772a88 av_one_full  avia-builder-el-1  el_after_av_hr  el_before_av_hr  first flex_column_div av-zero-column-padding'     ><p>\n<style type=\"text\/css\" data-created_by=\"avia_inline_auto\" id=\"style-css-av-kafp4tfr-62e19bd60ea71b54b0b7c9ab45d0ef70\">\n#top .av-special-heading.av-kafp4tfr-62e19bd60ea71b54b0b7c9ab45d0ef70{\npadding-bottom:10px;\n}\nbody .av-special-heading.av-kafp4tfr-62e19bd60ea71b54b0b7c9ab45d0ef70 .av-special-heading-tag .heading-char{\nfont-size:25px;\n}\n.av-special-heading.av-kafp4tfr-62e19bd60ea71b54b0b7c9ab45d0ef70 .av-subheading{\nfont-size:15px;\n}\n<\/style>\n<div  class='av-special-heading av-kafp4tfr-62e19bd60ea71b54b0b7c9ab45d0ef70 av-special-heading-h2  avia-builder-el-2  el_before_av_textblock  avia-builder-el-first'><h2 class='av-special-heading-tag'  itemprop=\"headline\"  >Levantamiento de muslos<\/h2><div class=\"special-heading-border\"><div class=\"special-heading-inner-border\"><\/div><\/div><\/div><br \/>\n<section  class='av_textblock_section av-6f2g5w-afef2466495f36651eab10232c02c09e'   itemscope=\"itemscope\" itemtype=\"https:\/\/schema.org\/CreativeWork\" ><div class='avia_textblock'  itemprop=\"text\" ><p>Un levantamiento de muslos remodela los muslos al reducir el exceso de piel, y en algunos casos de grasa, lo que genera una piel m\u00e1s suave y unos contornos mejor proporcionados de los muslos y la parte inferior del cuerpo. Puede estar indicado para pacientes que han perdido una cantidad considerable de peso o para aqu\u00e9llos que han perdido elasticidad de la piel con el tiempo y ahora tienen una apariencia ca\u00edda en la regi\u00f3n interna de los muslos. Aunque algunos pacientes pueden tonificar los m\u00fasculos de los muslos con ejercicio y entrenamiento con pesas convencional, el exceso de piel puede ser resistente a esas actividades y tener que ser eliminado quir\u00fargicamente.  Los muslos que tienen dep\u00f3sitos considerables de grasa puede que requieran liposucci\u00f3n para dar contorno al \u00e1rea. Esto se puede hacer por etapas, y a veces al mismo tiempo. El Dr. Chugay analizar\u00e1 con usted sus opciones durante una consulta y examen personal.<\/p>\n<\/div><\/section><\/p><\/div>\n\n<style type=\"text\/css\" data-created_by=\"avia_inline_auto\" id=\"style-css-av-k7wmp4kk-15-c65deb6fea521d574e61eba84fb5c972\">\n#top .hr.hr-invisible.av-k7wmp4kk-15-c65deb6fea521d574e61eba84fb5c972{\nheight:5px;\n}\n<\/style>\n<div  class='hr av-k7wmp4kk-15-c65deb6fea521d574e61eba84fb5c972 hr-invisible  avia-builder-el-4  el_after_av_one_full  el_before_av_one_full'><span class='hr-inner'><span class=\"hr-inner-style\"><\/span><\/span><\/div>\n\n<style type=\"text\/css\" data-created_by=\"avia_inline_auto\" id=\"style-css-av-f676no-14-88d5bd925533636a7bee0d09eab31650\">\n#top .flex_column.av-f676no-14-88d5bd925533636a7bee0d09eab31650{\nmargin-top:30px;\nmargin-bottom:10px;\n}\n.flex_column.av-f676no-14-88d5bd925533636a7bee0d09eab31650{\nborder-radius:0px 0px 0px 0px;\npadding:0px 0px 0px 0px;\n}\n.responsive #top #wrap_all .flex_column.av-f676no-14-88d5bd925533636a7bee0d09eab31650{\nmargin-top:30px;\nmargin-bottom:10px;\n}\n<\/style>\n<div  class='flex_column av-f676no-14-88d5bd925533636a7bee0d09eab31650 av_one_full  avia-builder-el-5  el_after_av_hr  el_before_av_hr  first flex_column_div av-zero-column-padding'     ><p>\n<style type=\"text\/css\" data-created_by=\"avia_inline_auto\" id=\"style-css-av-kafp5uc1-7d011133a81030050dd52d6185fe3cfe\">\n#top .av-special-heading.av-kafp5uc1-7d011133a81030050dd52d6185fe3cfe{\npadding-bottom:10px;\n}\nbody .av-special-heading.av-kafp5uc1-7d011133a81030050dd52d6185fe3cfe .av-special-heading-tag .heading-char{\nfont-size:25px;\n}\n.av-special-heading.av-kafp5uc1-7d011133a81030050dd52d6185fe3cfe .av-subheading{\nfont-size:15px;\n}\n<\/style>\n<div  class='av-special-heading av-kafp5uc1-7d011133a81030050dd52d6185fe3cfe av-special-heading-h2  avia-builder-el-6  el_before_av_textblock  avia-builder-el-first'><h2 class='av-special-heading-tag'  itemprop=\"headline\"  >T\u00e9cnicas para una cirug\u00eda de levantamiento de muslos<\/h2><div class=\"special-heading-border\"><div class=\"special-heading-inner-border\"><\/div><\/div><\/div><br \/>\n<section  class='av_textblock_section av-8nz50-ed8bd19dc4dfa2c29850203d619eba83'   itemscope=\"itemscope\" itemtype=\"https:\/\/schema.org\/CreativeWork\" ><div class='avia_textblock'  itemprop=\"text\" ><p>Hay dos tipos principales de levantamiento de muslos. Com\u00fanmente se usa un levantamiento medio de muslos para tensar la piel y eliminar el exceso de grasa de la regi\u00f3n interna del muslo. Esta incisi\u00f3n se hace en el pliego interno de la pierna y se disimula bien.  Sin embargo, los riesgos de este procedimiento son mayores y pueden incluir infecci\u00f3n, dilataci\u00f3n o migraci\u00f3n de la cicatriz, alteraci\u00f3n sensorial y posible distorsi\u00f3n de los labios en las mujeres.  Para las personas con piernas m\u00e1s gruesas o con un exceso de piel m\u00e1s significativo, puede que un levantamiento de muslos con una incisi\u00f3n vertical a lo largo de la parte media del muslo sea una opci\u00f3n para realizar el procedimiento de levantamiento de muslos.<\/p>\n<\/div><\/section><\/p><\/div>\n\n<style type=\"text\/css\" data-created_by=\"avia_inline_auto\" id=\"style-css-av-k7wmp4kk-13-2abf89c0c00384e235b77dae5b3e417c\">\n#top .hr.hr-invisible.av-k7wmp4kk-13-2abf89c0c00384e235b77dae5b3e417c{\nheight:15px;\n}\n<\/style>\n<div  class='hr av-k7wmp4kk-13-2abf89c0c00384e235b77dae5b3e417c hr-invisible  avia-builder-el-8  el_after_av_one_full  el_before_av_one_full'><span class='hr-inner'><span class=\"hr-inner-style\"><\/span><\/span><\/div>\n\n<style type=\"text\/css\" data-created_by=\"avia_inline_auto\" id=\"style-css-av-f676no-12-4302660d05da3309e5d6e8bbb16af1a5\">\n#top .flex_column.av-f676no-12-4302660d05da3309e5d6e8bbb16af1a5{\nmargin-top:0px;\nmargin-bottom:10px;\n}\n.flex_column.av-f676no-12-4302660d05da3309e5d6e8bbb16af1a5{\nborder-radius:0px 0px 0px 0px;\npadding:0px 0px 0px 0px;\n}\n.responsive #top #wrap_all .flex_column.av-f676no-12-4302660d05da3309e5d6e8bbb16af1a5{\nmargin-top:0px;\nmargin-bottom:10px;\n}\n<\/style>\n<div  class='flex_column av-f676no-12-4302660d05da3309e5d6e8bbb16af1a5 av_one_full  avia-builder-el-9  el_after_av_hr  el_before_av_one_full  first flex_column_div av-zero-column-padding'     ><article  class='iconbox iconbox_top av-k7wid5mf-9b3a1e4c2f1260b2a5bb455a272b6c45  avia-builder-el-10  avia-builder-el-no-sibling  main_color'  itemscope=\"itemscope\" itemtype=\"https:\/\/schema.org\/CreativeWork\" ><div class=\"iconbox_content\"><header class=\"entry-content-header\" aria-label=\"Icono: \u00bfHay financiaci\u00f3n disponible?\"><div class='iconbox_icon heading-color avia-iconfont avia-font-entypo-fontello' data-av_icon='\ue827' data-av_iconfont='entypo-fontello'  ><\/div><h3 class='iconbox_content_title'  itemprop=\"headline\" >\u00bfHay financiaci\u00f3n disponible?<\/h3><\/header><div class='iconbox_content_container'  itemprop=\"text\" ><p>S\u00ed. Financiaci\u00f3n m\u00e9dica est\u00e1 disponible en el cr\u00e9dito aprobado. Aceptamos la financiaci\u00f3n de CareCredit.com y LendingUSA.com. Para obtener m\u00e1s informaci\u00f3n acerca de nuestras opciones de financiaci\u00f3n<\/p>\n<div  class='avia-button-wrap av-3702at-2f75b6c227e6bd1a864bfe1943708b73-wrap avia-button-center  avia-builder-el-11  avia-builder-el-no-sibling'><a href='https:\/\/spanish.drchugay.com\/es\/informacion-del-paciente\/financiacion-medica\/'  class='avia-button av-3702at-2f75b6c227e6bd1a864bfe1943708b73 av-link-btn avia-icon_select-no avia-size-large avia-position-center avia-color-dark'   aria-label=\"OBTENER FINANCIACI\u00d3N\"><span class='avia_iconbox_title' >OBTENER FINANCIACI\u00d3N<\/span><\/a><\/div>\n<\/div><\/div><footer class=\"entry-footer\"><\/footer><\/article><\/div>\n\n<style type=\"text\/css\" data-created_by=\"avia_inline_auto\" id=\"style-css-av-f676no-9-0aa110995e65cb4825c1e4b8db9d4771\">\n#top .flex_column.av-f676no-9-0aa110995e65cb4825c1e4b8db9d4771{\nmargin-top:0px;\nmargin-bottom:10px;\n}\n.flex_column.av-f676no-9-0aa110995e65cb4825c1e4b8db9d4771{\nborder-radius:0px 0px 0px 0px;\npadding:0px 0px 0px 0px;\n}\n.responsive #top #wrap_all .flex_column.av-f676no-9-0aa110995e65cb4825c1e4b8db9d4771{\nmargin-top:0px;\nmargin-bottom:10px;\n}\n<\/style>\n<div  class='flex_column av-f676no-9-0aa110995e65cb4825c1e4b8db9d4771 av_one_full  avia-builder-el-12  el_after_av_one_full  el_before_av_one_full  first flex_column_div av-zero-column-padding  column-top-margin'     ><p>\n<style type=\"text\/css\" data-created_by=\"avia_inline_auto\" id=\"style-css-av-k7wmp4kk-10-2736b1ea79f7426e128ad3df537c0c35\">\n#top .hr.hr-invisible.av-k7wmp4kk-10-2736b1ea79f7426e128ad3df537c0c35{\nheight:5px;\n}\n<\/style>\n<div  class='hr av-k7wmp4kk-10-2736b1ea79f7426e128ad3df537c0c35 hr-invisible  avia-builder-el-13  el_before_av_heading  avia-builder-el-first'><span class='hr-inner'><span class=\"hr-inner-style\"><\/span><\/span><\/div><br \/>\n\n<style type=\"text\/css\" data-created_by=\"avia_inline_auto\" id=\"style-css-av-kafp6g3s-28ea1a2ee62d5d7dd583cd7d13bd38f0\">\n#top .av-special-heading.av-kafp6g3s-28ea1a2ee62d5d7dd583cd7d13bd38f0{\npadding-bottom:10px;\n}\nbody .av-special-heading.av-kafp6g3s-28ea1a2ee62d5d7dd583cd7d13bd38f0 .av-special-heading-tag .heading-char{\nfont-size:25px;\n}\n.av-special-heading.av-kafp6g3s-28ea1a2ee62d5d7dd583cd7d13bd38f0 .av-subheading{\nfont-size:15px;\n}\n<\/style>\n<div  class='av-special-heading av-kafp6g3s-28ea1a2ee62d5d7dd583cd7d13bd38f0 av-special-heading-h2  avia-builder-el-14  el_after_av_hr  el_before_av_textblock'><h2 class='av-special-heading-tag'  itemprop=\"headline\"  >Recuperaci\u00f3n despu\u00e9s de una cirug\u00eda de levantamiento de muslos<\/h2><div class=\"special-heading-border\"><div class=\"special-heading-inner-border\"><\/div><\/div><\/div><br \/>\n<section  class='av_textblock_section av-8nz50-11-bb2466b033c67b698886d2b3679a0efd'   itemscope=\"itemscope\" itemtype=\"https:\/\/schema.org\/CreativeWork\" ><div class='avia_textblock'  itemprop=\"text\" ><p>Los cambios en la sensaci\u00f3n de la piel de los muslos son normales despu\u00e9s de la cirug\u00eda, pero en algunos casos pueden ser permanente. Hablaremos con usted sobre lo que puede esperar en cuanto a contracci\u00f3n de la piel y cambios de pigmentaci\u00f3n. Esto depender\u00e1 del tono y calidad de su piel, as\u00ed como sus proporciones preoperatorias.<\/p>\n<p>El cuerpo humano normalmente es asim\u00e9trico. No es posible crear una simetr\u00eda perfecta en los muslos mediante cirug\u00eda. Hablaremos sobre las expectativas razonables en cuanto a simetr\u00eda en el momento de su consulta.<\/p>\n<p>Es normal tener algunos moretones despu\u00e9s de la cirug\u00eda. Esto normalmente desaparece en las primeras semanas. Sus incisiones ser\u00e1n visibles inmediatamente despu\u00e9s de la cirug\u00eda, pero se desvanecer\u00e1n gradualmente y se aplanar\u00e1n durante hasta un a\u00f1o despu\u00e9s de la cirug\u00eda.  Habr\u00e1 algunas arrugas alrededor de la incisi\u00f3n despu\u00e9s de la cirug\u00eda, que se suavizar\u00e1n en uno o dos meses. Si su piel tiene muchas estr\u00edas o es extremadamente delgada, eso es una se\u00f1al de poca elasticidad de la piel. Los pacientes con poca elasticidad de la piel pueden ser m\u00e1s propensos a una dilataci\u00f3n de la cicatriz despu\u00e9s de la cirug\u00eda. Su piel tambi\u00e9n  estar\u00e1 firme y adormecida al principio. Se suavizar\u00e1 y recuperar\u00e1 la sensaci\u00f3n normal gradualmente.<\/p>\n<\/div><\/section><\/p><\/div>\n\n<style type=\"text\/css\" data-created_by=\"avia_inline_auto\" id=\"style-css-av-f676no-6-791faff3ea23eec9e38661455b980037\">\n#top .flex_column.av-f676no-6-791faff3ea23eec9e38661455b980037{\nmargin-top:30px;\nmargin-bottom:10px;\n}\n.flex_column.av-f676no-6-791faff3ea23eec9e38661455b980037{\nborder-radius:0px 0px 0px 0px;\npadding:0px 0px 0px 0px;\n}\n.responsive #top #wrap_all .flex_column.av-f676no-6-791faff3ea23eec9e38661455b980037{\nmargin-top:30px;\nmargin-bottom:10px;\n}\n<\/style>\n<div  class='flex_column av-f676no-6-791faff3ea23eec9e38661455b980037 av_one_full  avia-builder-el-16  el_after_av_one_full  el_before_av_hr  first flex_column_div av-zero-column-padding  column-top-margin'     ><p>\n<style type=\"text\/css\" data-created_by=\"avia_inline_auto\" id=\"style-css-av-kafpbxnc-c389738d6c322e8eec2ced7c78e67bdb\">\n#top .av-special-heading.av-kafpbxnc-c389738d6c322e8eec2ced7c78e67bdb{\npadding-bottom:10px;\n}\nbody .av-special-heading.av-kafpbxnc-c389738d6c322e8eec2ced7c78e67bdb .av-special-heading-tag .heading-char{\nfont-size:25px;\n}\n.av-special-heading.av-kafpbxnc-c389738d6c322e8eec2ced7c78e67bdb .av-subheading{\nfont-size:19px;\n}\n<\/style>\n<div  class='av-special-heading av-kafpbxnc-c389738d6c322e8eec2ced7c78e67bdb av-special-heading-h2 blockquote modern-quote modern-centered  avia-builder-el-17  el_before_av_video  avia-builder-el-first'><div class='av-subheading av-subheading_above'><p>LIFTING DE MUSLOS<\/p>\n<\/div><h2 class='av-special-heading-tag'  itemprop=\"headline\"  >ESCULTURAS CORPORALES<\/h2><div class=\"special-heading-border\"><div class=\"special-heading-inner-border\"><\/div><\/div><\/div><br \/>\n\n<style type=\"text\/css\" data-created_by=\"avia_inline_auto\" id=\"style-css-av-ld3vdue7-18c5ff54450eb8093bd71cced32b8200\">\n.avia-video.av-ld3vdue7-18c5ff54450eb8093bd71cced32b8200{\nbackground-image:url(https:\/\/spanish.drchugay.com\/wp-content\/uploads\/2020\/04\/video-player-placeholder.jpg);\n}\n<\/style>\n<div  class='avia-video av-ld3vdue7-18c5ff54450eb8093bd71cced32b8200 avia-video-16-9 av-preview-image avia-video-lightbox av-lazyload-video-embed avia-video-external-service'  itemprop=\"video\" itemtype=\"https:\/\/schema.org\/VideoObject\"  data-original_url='https:\/\/www.youtube.com\/watch?v=h1Ur9b8pIlI&autoplay=1&allow=\u201cautoplay\u201d'><script type='text\/html' class='av-video-tmpl'><a href='https:\/\/www.youtube.com\/watch?v=h1Ur9b8pIlI&autoplay=1&allow=\u201cautoplay\u201d' class='mfp-iframe lightbox-link' data-custom_class='avia-mfp-is-video avia-mfp-video-16-9  '><\/a><\/script><div class=\"av-click-to-play-overlay play-lightbox\"><div class=\"avia_playpause_icon\"><\/div><\/div><\/div><\/p><\/div>\n<style type=\"text\/css\" data-created_by=\"avia_inline_auto\" id=\"style-css-av-k7wmp4kk-5-816f58948c8e3957c714444639e376ff\">\n#top .hr.hr-invisible.av-k7wmp4kk-5-816f58948c8e3957c714444639e376ff{\nheight:15px;\n}\n<\/style>\n<div  class='hr av-k7wmp4kk-5-816f58948c8e3957c714444639e376ff hr-invisible  avia-builder-el-19  el_after_av_one_full  el_before_av_one_full'><span class='hr-inner'><span class=\"hr-inner-style\"><\/span><\/span><\/div><\/p>\n\n<style type=\"text\/css\" data-created_by=\"avia_inline_auto\" id=\"style-css-av-f676no-4-20f0b8b6e93c6720022ac4c33b2c0a65\">\n#top .flex_column.av-f676no-4-20f0b8b6e93c6720022ac4c33b2c0a65{\nmargin-top:0px;\nmargin-bottom:10px;\n}\n.flex_column.av-f676no-4-20f0b8b6e93c6720022ac4c33b2c0a65{\nborder-radius:0px 0px 0px 0px;\npadding:0px 0px 0px 0px;\n}\n.responsive #top #wrap_all .flex_column.av-f676no-4-20f0b8b6e93c6720022ac4c33b2c0a65{\nmargin-top:0px;\nmargin-bottom:10px;\n}\n<\/style>\n<div  class='flex_column av-f676no-4-20f0b8b6e93c6720022ac4c33b2c0a65 av_one_full  avia-builder-el-20  el_after_av_hr  el_before_av_one_full  first flex_column_div av-zero-column-padding'     ><article  class='iconbox iconbox_top av-k7wid5mf-8-d2fd38a10d5efa73baeb6eb6659e7fd4  avia-builder-el-21  avia-builder-el-no-sibling  main_color'  itemscope=\"itemscope\" itemtype=\"https:\/\/schema.org\/CreativeWork\" ><div class=\"iconbox_content\"><header class=\"entry-content-header\" aria-label=\"Icono: Cosas que debe buscar en su cirujano:\"><div class='iconbox_icon heading-color avia-iconfont avia-font-entypo-fontello' data-av_icon='\ue81e' data-av_iconfont='entypo-fontello'  ><\/div><h3 class='iconbox_content_title'  itemprop=\"headline\" >Cosas que debe buscar en su cirujano:<\/h3><\/header><div class='iconbox_content_container'  itemprop=\"text\" ><ul style=\"text-align: left;\">\n<li><strong>Experiencia:<\/strong> Con 2 generaciones de m\u00e9dicos, m\u00e1s de 30.000 procedimientos y toda una vida de experiencia combinada, el Dr. Nikolas V. Chugay y el Dr. Paul N. Chugay no s\u00f3lo tienen la experiencia necesaria en diversos procedimientos quir\u00fargicos y no quir\u00fargicos, sino que Nikolas ha ayudado a revolucionar la industria, y Paul est\u00e1 siguiendo muy de cerca los pasos de su padre, bas\u00e1ndose en m\u00e1s de 40 a\u00f1os de experiencia.<\/li>\n<li><strong>Compatibilidad y respeto:<\/strong> Reserva una consulta con el m\u00e9dico. Comprueba c\u00f3mo te trata, si te escucha y qu\u00e9 quieres. Es importante que hables a fondo con tu m\u00e9dico de lo que quieres conseguir para que tenga una idea clara y concisa de cu\u00e1l es tu objetivo, pero tambi\u00e9n es importante que respetes la experiencia y la formaci\u00f3n de tu m\u00e9dico lo suficiente como para escuchar sus recomendaciones. No querr\u00e1s tener un m\u00e9dico que no se preocupe por TI.<\/li>\n<li><strong>Especializaci\u00f3n:<\/strong> Pregunte a su m\u00e9dico por otras veces que haya realizado el procedimiento que usted desea.<\/li>\n<\/ul>\n<div  class='avia-button-wrap av-3702at-7-d12d0d708b334ff3bc90b34e88626827-wrap avia-button-center  avia-builder-el-22  avia-builder-el-no-sibling'><a href='https:\/\/spanish.drchugay.com\/es\/sobre-la-clinica-medica-de-cirugia-estetica-chugay\/'  class='avia-button av-3702at-7-d12d0d708b334ff3bc90b34e88626827 av-link-btn avia-icon_select-no avia-size-large avia-position-center avia-color-dark'   aria-label=\"CONOZCA A SUS CIRUJANOS\"><span class='avia_iconbox_title' >CONOZCA A SUS CIRUJANOS<\/span><\/a><\/div>\n<\/div><\/div><footer class=\"entry-footer\"><\/footer><\/article><\/div>\n\n<style type=\"text\/css\" data-created_by=\"avia_inline_auto\" id=\"style-css-av-41dbck-f9741761faa0742a7de6806943dea868\">\n#top .flex_column.av-41dbck-f9741761faa0742a7de6806943dea868{\nmargin-top:30px;\nmargin-bottom:0px;\n}\n.flex_column.av-41dbck-f9741761faa0742a7de6806943dea868{\nborder-radius:0px 0px 0px 0px;\npadding:0px 0px 0px 0px;\n}\n.responsive #top #wrap_all .flex_column.av-41dbck-f9741761faa0742a7de6806943dea868{\nmargin-top:30px;\nmargin-bottom:0px;\n}\n<\/style>\n<div  class='flex_column av-41dbck-f9741761faa0742a7de6806943dea868 av_one_full  avia-builder-el-23  el_after_av_one_full  el_before_av_one_full  first flex_column_div av-zero-column-padding  column-top-margin'     ><p>\n<style type=\"text\/css\" data-created_by=\"avia_inline_auto\" id=\"style-css-av-k7wmp4kk-3-808682a29b6a07add4ef44918024434f\">\n#top .hr.hr-invisible.av-k7wmp4kk-3-808682a29b6a07add4ef44918024434f{\nheight:20px;\n}\n<\/style>\n<div  class='hr av-k7wmp4kk-3-808682a29b6a07add4ef44918024434f hr-invisible  avia-builder-el-24  el_before_av_icon_box  avia-builder-el-first'><span class='hr-inner'><span class=\"hr-inner-style\"><\/span><\/span><\/div><br \/>\n<article  class='iconbox iconbox_top av-k7wid5mf-1-261477e3ec5b06629413c23eaa42018d  avia-builder-el-25  el_after_av_hr  avia-builder-el-last  main_color'  itemscope=\"itemscope\" itemtype=\"https:\/\/schema.org\/CreativeWork\" ><div class=\"iconbox_content\"><header class=\"entry-content-header\" aria-label=\"Icono: Despu\u00e9s de la operaci\u00f3n\"><div class='iconbox_icon heading-color avia-iconfont avia-font-entypo-fontello' data-av_icon='\ue81e' data-av_iconfont='entypo-fontello'  ><\/div><h3 class='iconbox_content_title'  itemprop=\"headline\" >Despu\u00e9s de su cirug\u00eda.<\/h3><\/header><div class='iconbox_content_container'  itemprop=\"text\" ><p>La recuperaci\u00f3n esperada tras un lifting de muslos es de entre una y dos semanas. Es importante empezar a caminar al d\u00eda siguiente de la intervenci\u00f3n para evitar que se formen co\u00e1gulos de sangre en las venas profundas de la pierna. Podr\u00e1 reanudar el ejercicio ligero a las dos semanas y el ejercicio m\u00e1s intenso a las cuatro o seis semanas.<\/p>\n<p>Despu\u00e9s de su cirug\u00eda, se le aplicar\u00e1n vendas o vendajes a sus incisiones, y sus muslos estar\u00e1n envueltas en vendaje el\u00e1stico o una prenda de compresi\u00f3n para minimizar la hinchaz\u00f3n. Puede que se le coloque un tubo delgado temporalmente bajo la piel para drenar cualquier exceso de sangre o l\u00edquido que se pueda acumular.<\/p>\n<p>El procedimiento se realiza en nuestro centro de cirug\u00eda ambulatoria  acreditado por la AAAHC, y se podr\u00e1 ir a su casa despu\u00e9s de la cirug\u00eda. Lo veremos al d\u00eda siguiente para repasar las instrucciones de cuidados posteriores y para asegurarnos de que su recuperaci\u00f3n avanza normalmente.<\/p>\n<p>Se recomienda a los pacientes que hagan ejercicio ligero despu\u00e9s de 14 d\u00edas. Las actividades m\u00e1s vigorosas, como el jogging, los aer\u00f3bicos o el entrenamiento con pesas se pueden reanudar aproximadamente en 4 a 6 semanas despu\u00e9s del tratamiento.<\/p>\n<\/div><\/div><footer class=\"entry-footer\"><\/footer><\/article><\/p><\/div>\n\n<style type=\"text\/css\" data-created_by=\"avia_inline_auto\" id=\"style-css-av-f676no-2-ac709498962ce8d18107d618f093ce10\">\n#top .flex_column.av-f676no-2-ac709498962ce8d18107d618f093ce10{\nmargin-top:50px;\nmargin-bottom:10px;\n}\n.flex_column.av-f676no-2-ac709498962ce8d18107d618f093ce10{\nborder-radius:0px 0px 0px 0px;\npadding:0px 0px 0px 0px;\n}\n.responsive #top #wrap_all .flex_column.av-f676no-2-ac709498962ce8d18107d618f093ce10{\nmargin-top:50px;\nmargin-bottom:10px;\n}\n<\/style>\n<div  class='flex_column av-f676no-2-ac709498962ce8d18107d618f093ce10 av_one_full  avia-builder-el-26  el_after_av_one_full  avia-builder-el-last  first flex_column_div av-zero-column-padding  column-top-margin'     ><style type=\"text\/css\" data-created_by=\"avia_inline_auto\" id=\"style-css-av-k7wnwtuw-bfac9e508be5c63049274c32f5ac2573\">\n.av_promobox.av-k7wnwtuw-bfac9e508be5c63049274c32f5ac2573{\ncolor:#ffffff;\nbackground:#444444;\nborder-color:#000000;\n}\n<\/style>\n<div  class='av_promobox av-k7wnwtuw-bfac9e508be5c63049274c32f5ac2573 avia-button-yes  avia-builder-el-27  el_before_av_hr  avia-builder-el-first'><div class='avia-promocontent'><h2><span style=\"color: #ffffff;\">\u00bfPreparado para mejorar el aspecto de su cuerpo?<\/span><\/h2>\n<h5><span style=\"color: #ffffff;\">Ll\u00e1menos ahora para una consulta y evaluaci\u00f3n gratuitas.<\/span><\/h5>\n<p>\n<\/div><div  class='avia-button-wrap av-k7wnwtuw-4995055a5ece8a1cc3b1f684af197876-wrap avia-button-right'><a href='https:\/\/spanish.drchugay.com\/es\/contacto\/'  class='avia-button av-k7wnwtuw-4995055a5ece8a1cc3b1f684af197876 av-link-btn avia-icon_select-no avia-size-large avia-position-right avia-color-theme-color-subtle'   aria-label=\"RESERVAR AHORA\"><span class='avia_iconbox_title' >RESERVAR AHORA<\/span><\/a><\/div><\/div><br \/>\n\n<style type=\"text\/css\" data-created_by=\"avia_inline_auto\" id=\"style-css-av-9dsts4-11399a697b8219a0eaa2ba93d19c13fd\">\n#top .hr.hr-invisible.av-9dsts4-11399a697b8219a0eaa2ba93d19c13fd{\nheight:10px;\n}\n<\/style>\n<div  class='hr av-9dsts4-11399a697b8219a0eaa2ba93d19c13fd hr-invisible  avia-builder-el-28  el_after_av_promobox  avia-builder-el-last'><span class='hr-inner'><span class=\"hr-inner-style\"><\/span><\/span><\/div><\/p><\/div>","protected":false},"excerpt":{"rendered":"","protected":false},"author":1,"featured_media":0,"parent":24,"menu_order":0,"comment_status":"closed","ping_status":"closed","template":"","meta":{"footnotes":""},"class_list":["post-3452","page","type-page","status-publish","hentry"],"_links":{"self":[{"href":"https:\/\/spanish.drchugay.com\/es\/wp-json\/wp\/v2\/pages\/3452","targetHints":{"allow":["GET"]}}],"collection":[{"href":"https:\/\/spanish.drchugay.com\/es\/wp-json\/wp\/v2\/pages"}],"about":[{"href":"https:\/\/spanish.drchugay.com\/es\/wp-json\/wp\/v2\/types\/page"}],"author":[{"embeddable":true,"href":"https:\/\/spanish.drchugay.com\/es\/wp-json\/wp\/v2\/users\/1"}],"replies":[{"embeddable":true,"href":"https:\/\/spanish.drchugay.com\/es\/wp-json\/wp\/v2\/comments?post=3452"}],"version-history":[{"count":22,"href":"https:\/\/spanish.drchugay.com\/es\/wp-json\/wp\/v2\/pages\/3452\/revisions"}],"predecessor-version":[{"id":12552,"href":"https:\/\/spanish.drchugay.com\/es\/wp-json\/wp\/v2\/pages\/3452\/revisions\/12552"}],"up":[{"embeddable":true,"href":"https:\/\/spanish.drchugay.com\/es\/wp-json\/wp\/v2\/pages\/24"}],"wp:attachment":[{"href":"https:\/\/spanish.drchugay.com\/es\/wp-json\/wp\/v2\/media?parent=3452"}],"curies":[{"name":"wp","href":"https:\/\/api.w.org\/{rel}","templated":true}]}}