{"id":350,"date":"2012-06-26T19:21:12","date_gmt":"2012-06-26T19:21:12","guid":{"rendered":"https:\/\/spanish.drchugay.com\/breast-lift-with-augmentation\/"},"modified":"2024-09-25T12:31:18","modified_gmt":"2024-09-25T19:31:18","slug":"levantamiento-de-senos-con-aumento","status":"publish","type":"page","link":"https:\/\/spanish.drchugay.com\/es\/procedimientos\/mejora-de-senos\/levantamiento-de-senos-con-aumento\/","title":{"rendered":"Levantamiento de busto con aumento"},"content":{"rendered":"<style type=\"text\/css\" data-created_by=\"avia_inline_auto\" id=\"style-css-av-k7wmp4kk-34c3e159662ec4bc3f3fa986ba096974\">\n#top .hr.hr-invisible.av-k7wmp4kk-34c3e159662ec4bc3f3fa986ba096974{\nheight:5px;\n}\n<\/style>\n<div  class='hr av-k7wmp4kk-34c3e159662ec4bc3f3fa986ba096974 hr-invisible  avia-builder-el-0  el_before_av_one_full  avia-builder-el-first'><span class='hr-inner'><span class=\"hr-inner-style\"><\/span><\/span><\/div>\n\n<style type=\"text\/css\" data-created_by=\"avia_inline_auto\" id=\"style-css-av-f676no-9457bb500a74c1ddaeac826bf7772a88\">\n#top .flex_column.av-f676no-9457bb500a74c1ddaeac826bf7772a88{\nmargin-top:0px;\nmargin-bottom:10px;\n}\n.flex_column.av-f676no-9457bb500a74c1ddaeac826bf7772a88{\nborder-radius:0px 0px 0px 0px;\npadding:0px 0px 0px 0px;\n}\n.responsive #top #wrap_all .flex_column.av-f676no-9457bb500a74c1ddaeac826bf7772a88{\nmargin-top:0px;\nmargin-bottom:10px;\n}\n<\/style>\n<div  class='flex_column av-f676no-9457bb500a74c1ddaeac826bf7772a88 av_one_full  avia-builder-el-1  el_after_av_hr  el_before_av_hr  first flex_column_div av-zero-column-padding'     ><p>\n<style type=\"text\/css\" data-created_by=\"avia_inline_auto\" id=\"style-css-av-a0bpy-79c76954acccce21e40be224be0ccd8c\">\n#top .av-special-heading.av-a0bpy-79c76954acccce21e40be224be0ccd8c{\npadding-bottom:10px;\n}\nbody .av-special-heading.av-a0bpy-79c76954acccce21e40be224be0ccd8c .av-special-heading-tag .heading-char{\nfont-size:25px;\n}\n.av-special-heading.av-a0bpy-79c76954acccce21e40be224be0ccd8c .av-subheading{\nfont-size:15px;\n}\n<\/style>\n<div  class='av-special-heading av-a0bpy-79c76954acccce21e40be224be0ccd8c av-special-heading-h2 blockquote modern-quote  avia-builder-el-2  el_before_av_textblock  avia-builder-el-first'><h2 class='av-special-heading-tag'  itemprop=\"headline\"  >Levantamiento de busto con aumento<\/h2><div class=\"special-heading-border\"><div class=\"special-heading-inner-border\"><\/div><\/div><\/div><br \/>\n<section  class='av_textblock_section av-6f2g5w-afef2466495f36651eab10232c02c09e'   itemscope=\"itemscope\" itemtype=\"https:\/\/schema.org\/CreativeWork\" ><div class='avia_textblock'  itemprop=\"text\" ><p>La gravedad, la edad y el embarazo impactan el busto femenino. La labor del cirujano cosm\u00e9tico consiste en devolver una apariencia m\u00e1s juvenil, vivaz y voluminosa a un busto ca\u00eddo y aplanado. En muchos casos, un simple levantamiento reposicionar\u00e1 el pez\u00f3n y posiblemente reducir\u00e1 el tama\u00f1o del seno, dependiendo de la cantidad de tejido que se extirpe. Sin embargo, un levantamiento de senos no aumenta el volumen de la porci\u00f3n superior del seno. Por esta raz\u00f3n, el levantamiento de senos se puede combinar con un aumento de senos (implantes) para aumentar el volumen y forma de los senos.<\/p>\n<\/div><\/section><br \/>\n\n<style type=\"text\/css\" data-created_by=\"avia_inline_auto\" id=\"style-css-av-cunuro-9d49e5e03154773b94ff56bed2bb9461\">\n.avia-image-container.av-cunuro-9d49e5e03154773b94ff56bed2bb9461 img.avia_image{\nbox-shadow:none;\n}\n.avia-image-container.av-cunuro-9d49e5e03154773b94ff56bed2bb9461 .av-image-caption-overlay-center{\ncolor:#ffffff;\n}\n<\/style>\n<div  class='avia-image-container av-cunuro-9d49e5e03154773b94ff56bed2bb9461 av-styling- avia-align-center  avia-builder-el-4  el_after_av_textblock  el_before_av_textblock'   itemprop=\"image\" itemscope=\"itemscope\" itemtype=\"https:\/\/schema.org\/ImageObject\" ><div class=\"avia-image-container-inner\"><div class=\"avia-image-overlay-wrap\"><img decoding=\"async\" fetchpriority=\"high\" class='wp-image-2347 avia-img-lazy-loading-not-2347 avia_image' src=\"https:\/\/spanish.drchugay.com\/wp-content\/uploads\/2014\/02\/24983-frontal-8-months.jpg\" alt='Levantamiento de busto con aumento' title='Levantamiento de senos con aumento despu\u00e9s de 8 meses | Long Beach | CA *LOS RESULTADOS INDIVIDUALES VAR\u00c1N. LAS IM\u00c1GENES NO CONSTITUYEN UNA PROMESA O REPRESENTACI\u00d3N DE NING\u00daN RESULTADO O EXPERIENCIA EN PARTICULAR.'  height=\"520\" width=\"800\"  itemprop=\"thumbnailUrl\" srcset=\"https:\/\/spanish.drchugay.com\/wp-content\/uploads\/2014\/02\/24983-frontal-8-months.jpg 800w, https:\/\/spanish.drchugay.com\/wp-content\/uploads\/2014\/02\/24983-frontal-8-months-300x195.jpg 300w, https:\/\/spanish.drchugay.com\/wp-content\/uploads\/2014\/02\/24983-frontal-8-months-705x458.jpg 705w, https:\/\/spanish.drchugay.com\/wp-content\/uploads\/2014\/02\/24983-frontal-8-months-450x292.jpg 450w\" sizes=\"(max-width: 800px) 100vw, 800px\" \/><\/div><\/div><\/div><br \/>\n<section  class='av_textblock_section av-a965n8-130ac8caac0027b8eeb1d2837288bab0'   itemscope=\"itemscope\" itemtype=\"https:\/\/schema.org\/CreativeWork\" ><div class='avia_textblock'  itemprop=\"text\" ><div class=\"disclaimer\">*LOS RESULTADOS INDIVIDUALES VARIAR\u00c1N. LAS IM\u00c1GENES NO CONSTITUYEN UNA PROMESA O REPRESENTACI\u00d3N DE NING\u00daN RESULTADO O EXPERIENCIA PARTICULAR.<\/div>\n<\/div><\/section><\/p><\/div>\n\n<style type=\"text\/css\" data-created_by=\"avia_inline_auto\" id=\"style-css-av-k7wmp4kk-14-9f7aac17d42bc7974062cf8f86e357b2\">\n#top .hr.hr-invisible.av-k7wmp4kk-14-9f7aac17d42bc7974062cf8f86e357b2{\nheight:5px;\n}\n<\/style>\n<div  class='hr av-k7wmp4kk-14-9f7aac17d42bc7974062cf8f86e357b2 hr-invisible  avia-builder-el-6  el_after_av_one_full  el_before_av_one_full'><span class='hr-inner'><span class=\"hr-inner-style\"><\/span><\/span><\/div>\n<div class='flex_column_table av-4m8cdw-2a0d63004c764b56da58a2c8d9816a96 sc-av_one_full av-equal-height-column-flextable'>\n<style type=\"text\/css\" data-created_by=\"avia_inline_auto\" id=\"style-css-av-4m8cdw-2a0d63004c764b56da58a2c8d9816a96\">\n#top .flex_column_table.av-equal-height-column-flextable.av-4m8cdw-2a0d63004c764b56da58a2c8d9816a96{\nmargin-top:10px;\nmargin-bottom:10px;\n}\n.flex_column.av-4m8cdw-2a0d63004c764b56da58a2c8d9816a96{\nborder-radius:0px 0px 0px 0px;\npadding:0px 0px 0px 0px;\n}\n<\/style>\n<div  class='flex_column av-4m8cdw-2a0d63004c764b56da58a2c8d9816a96 av_one_full  avia-builder-el-7  el_after_av_hr  el_before_av_one_full  first flex_column_table_cell av-equal-height-column av-align-bottom av-zero-column-padding'     ><div  class='avia-button-wrap av-k7wn5hp8-7e6998e106ef3392bf803b65fe2213ff-wrap avia-button-center  avia-builder-el-8  avia-builder-el-no-sibling'><a href='https:\/\/spanish.drchugay.com\/es\/galerias-de-procedimientos-2-4\/galeria-de-aumento-y-levantamiento-de-senos\/'  class='avia-button av-k7wn5hp8-7e6998e106ef3392bf803b65fe2213ff av-link-btn avia-icon_select-yes-right-icon avia-size-large avia-position-center av-icon-on-hover avia-color-dark'   aria-label=\"VER GALER\u00cdA\"><span class='avia_iconbox_title' >VER GALER\u00cdA<\/span><span class='avia_button_icon avia_button_icon_right avia-iconfont avia-font-entypo-fontello' data-av_icon='\ue87d' data-av_iconfont='entypo-fontello' ><\/span><\/a><\/div><\/div><\/div><!--close column table wrapper. Autoclose: 1 -->\n\n<style type=\"text\/css\" data-created_by=\"avia_inline_auto\" id=\"style-css-av-f676no-13-ff07453a558469ac21eb5c5dced54fd8\">\n#top .flex_column.av-f676no-13-ff07453a558469ac21eb5c5dced54fd8{\nmargin-top:0px;\nmargin-bottom:10px;\n}\n.flex_column.av-f676no-13-ff07453a558469ac21eb5c5dced54fd8{\nborder-radius:0px 0px 0px 0px;\npadding:0px 0px 0px 0px;\n}\n.responsive #top #wrap_all .flex_column.av-f676no-13-ff07453a558469ac21eb5c5dced54fd8{\nmargin-top:0px;\nmargin-bottom:10px;\n}\n<\/style>\n<div  class='flex_column av-f676no-13-ff07453a558469ac21eb5c5dced54fd8 av_one_full  avia-builder-el-9  el_after_av_one_full  el_before_av_hr  first flex_column_div av-zero-column-padding  column-top-margin'     ><p><section  class='av_textblock_section av-6f2g5w-12-9e9956bdf479688133950b0ed275b180'   itemscope=\"itemscope\" itemtype=\"https:\/\/schema.org\/CreativeWork\" ><div class='avia_textblock'  itemprop=\"text\" ><p>Un levantamiento de senos con aumento es muy indicado para la mujer que desea conservar su forma y tama\u00f1o voluminoso y a la vez tener dar una apariencia levantada al busto. Tambi\u00e9n es ideal para la mujer que ha perdido un volumen considerable del busto por una p\u00e9rdida de peso masiva o despu\u00e9s del parto y ahora tiene senos ca\u00eddos y\/o fl\u00e1ccidos.  Los senos se pueden levantar y reposicionar a una forma m\u00e1s est\u00e9tica y a la vez aumentar el busto y darle una mejor forma.<\/p>\n<h3>Transformaci\u00f3n de mami maquilla de la Dema de Reto - Testimonio de una paciente real<\/h3>\n<p>Conoce a Simone, una californiana de 38 a\u00f1os, madre de seis hijos. Escucha la incre\u00edble historia de transformaci\u00f3n de Simone, c\u00f3mo fue capaz de alcanzar sus objetivos y observa sus espectaculares resultados.<\/p>\n<\/div><\/section><br \/>\n\n<style type=\"text\/css\" data-created_by=\"avia_inline_auto\" id=\"style-css-av-lzbtl30w-38dd7c8cdcef92bc6fec1e0c9a314c6a\">\n.avia-video.av-lzbtl30w-38dd7c8cdcef92bc6fec1e0c9a314c6a{\nbackground-image:url(https:\/\/spanish.drchugay.com\/wp-content\/uploads\/2022\/01\/youtube-100-pound-weight-loss.jpg);\n}\n<\/style>\n<div  class='avia-video av-lzbtl30w-38dd7c8cdcef92bc6fec1e0c9a314c6a avia-video-16-9 av-preview-image avia-video-lightbox av-lazyload-video-embed avia-video-external-service'  itemprop=\"video\" itemtype=\"https:\/\/schema.org\/VideoObject\"  data-original_url='https:\/\/www.youtube.com\/watch?v=wzYhf-OOzjo&autoplay=1&allow=\u201cautoplay\u201d'><script type='text\/html' class='av-video-tmpl'><a href='https:\/\/www.youtube.com\/watch?v=wzYhf-OOzjo&autoplay=1&allow=\u201cautoplay\u201d' class='mfp-iframe lightbox-link' data-custom_class='avia-mfp-is-video avia-mfp-video-16-9  '><\/a><\/script><div class=\"av-click-to-play-overlay play-lightbox\"><div class=\"avia_playpause_icon\"><\/div><\/div><\/div><\/p><\/div>\n\n<style type=\"text\/css\" data-created_by=\"avia_inline_auto\" id=\"style-css-av-9dsts4-56225ec4b6ab4e3aa023f340e9c088e1\">\n#top .hr.hr-invisible.av-9dsts4-56225ec4b6ab4e3aa023f340e9c088e1{\nheight:20px;\n}\n<\/style>\n<div  class='hr av-9dsts4-56225ec4b6ab4e3aa023f340e9c088e1 hr-invisible  avia-builder-el-12  el_after_av_one_full  el_before_av_icon_box'><span class='hr-inner'><span class=\"hr-inner-style\"><\/span><\/span><\/div>\n<article  class='iconbox iconbox_top av-k7wid5mf-068a306b294f1183665128203fb67087  avia-builder-el-13  el_after_av_hr  el_before_av_hr  main_color'  itemscope=\"itemscope\" itemtype=\"https:\/\/schema.org\/CreativeWork\" ><div class=\"iconbox_content\"><header class=\"entry-content-header\" aria-label=\"Icono: \u00bfHay financiaci\u00f3n disponible?\"><div class='iconbox_icon heading-color avia-iconfont avia-font-entypo-fontello' data-av_icon='\ue827' data-av_iconfont='entypo-fontello'  ><\/div><h3 class='iconbox_content_title'  itemprop=\"headline\" >\u00bfHay financiaci\u00f3n disponible?<\/h3><\/header><div class='iconbox_content_container'  itemprop=\"text\" ><p>S\u00ed. Financiaci\u00f3n m\u00e9dica est\u00e1 disponible en el cr\u00e9dito aprobado. Aceptamos financiaci\u00f3n de CareCredit.com. Para m\u00e1s informaci\u00f3n sobre nuestras opciones de financiaci\u00f3n<\/p>\n<div  class='avia-button-wrap av-3702at-2f75b6c227e6bd1a864bfe1943708b73-wrap avia-button-center  avia-builder-el-14  avia-builder-el-no-sibling'><a href='https:\/\/spanish.drchugay.com\/es\/informacion-del-paciente\/financiacion-medica\/'  class='avia-button av-3702at-2f75b6c227e6bd1a864bfe1943708b73 av-link-btn avia-icon_select-no avia-size-large avia-position-center avia-color-dark'   aria-label=\"OBTENER FINANCIACI\u00d3N\"><span class='avia_iconbox_title' >OBTENER FINANCIACI\u00d3N<\/span><\/a><\/div>\n<\/div><\/div><footer class=\"entry-footer\"><\/footer><\/article>\n\n<style type=\"text\/css\" data-created_by=\"avia_inline_auto\" id=\"style-css-av-9dsts4-9-c431d298e5fa2c085992a1149ff142a1\">\n#top .hr.hr-invisible.av-9dsts4-9-c431d298e5fa2c085992a1149ff142a1{\nheight:5px;\n}\n<\/style>\n<div  class='hr av-9dsts4-9-c431d298e5fa2c085992a1149ff142a1 hr-invisible  avia-builder-el-15  el_after_av_icon_box  el_before_av_one_full'><span class='hr-inner'><span class=\"hr-inner-style\"><\/span><\/span><\/div>\n\n<style type=\"text\/css\" data-created_by=\"avia_inline_auto\" id=\"style-css-av-f676no-10-5c52d7bc9c73ff72fff46b5d194e4cdc\">\n#top .flex_column.av-f676no-10-5c52d7bc9c73ff72fff46b5d194e4cdc{\nmargin-top:30px;\nmargin-bottom:10px;\n}\n.flex_column.av-f676no-10-5c52d7bc9c73ff72fff46b5d194e4cdc{\nborder-radius:0px 0px 0px 0px;\npadding:0px 0px 0px 0px;\n}\n.responsive #top #wrap_all .flex_column.av-f676no-10-5c52d7bc9c73ff72fff46b5d194e4cdc{\nmargin-top:30px;\nmargin-bottom:10px;\n}\n<\/style>\n<div  class='flex_column av-f676no-10-5c52d7bc9c73ff72fff46b5d194e4cdc av_one_full  avia-builder-el-16  el_after_av_hr  el_before_av_hr  first flex_column_div av-zero-column-padding'     ><p>\n<style type=\"text\/css\" data-created_by=\"avia_inline_auto\" id=\"style-css-av-kaenv16a-45cbdccfca3645313077ad72b1661052\">\n#top .av-special-heading.av-kaenv16a-45cbdccfca3645313077ad72b1661052{\npadding-bottom:10px;\n}\nbody .av-special-heading.av-kaenv16a-45cbdccfca3645313077ad72b1661052 .av-special-heading-tag .heading-char{\nfont-size:25px;\n}\n.av-special-heading.av-kaenv16a-45cbdccfca3645313077ad72b1661052 .av-subheading{\nfont-size:15px;\n}\n<\/style>\n<div  class='av-special-heading av-kaenv16a-45cbdccfca3645313077ad72b1661052 av-special-heading-h3  avia-builder-el-17  el_before_av_textblock  avia-builder-el-first'><h3 class='av-special-heading-tag'  itemprop=\"headline\"  >Riesgos asociados con el levantamiento y aumento simult\u00e1neo<\/h3><div class=\"special-heading-border\"><div class=\"special-heading-inner-border\"><\/div><\/div><\/div><br \/>\n<section  class='av_textblock_section av-8nz50-ed8bd19dc4dfa2c29850203d619eba83'   itemscope=\"itemscope\" itemtype=\"https:\/\/schema.org\/CreativeWork\" ><div class='avia_textblock'  itemprop=\"text\" ><p>Los riesgos de este procedimiento son similares a los que se ven con la cirug\u00eda de levantamiento de senos y la de aumento de senos independientemente. Una paciente puede sufrir una reacci\u00f3n adversa a la anestesia, tener sangrado, o contraer una infecci\u00f3n. Una infecci\u00f3n puede producir un ensanchamiento de la cicatriz.  Las fumadoras tienen un riesgo mucho mayor y se pueden beneficiar de un procedimiento de levantamiento y aumento en etapas. Las fumadoras son propensas a una cicatrizaci\u00f3n retrasada de la herida, a que la herida se abra, y a una posible p\u00e9rdida de piel del pez\u00f3n y la areola. A estas pacientes que son fumadoras les recomendamos que dejen de fumar 3 semanas antes de la cirug\u00eda y 3 semanas despu\u00e9s de la cirug\u00eda para minimizar los riesgos y maximizar los resultados.<\/p>\n<\/div><\/section><\/p><\/div>\n\n<style type=\"text\/css\" data-created_by=\"avia_inline_auto\" id=\"style-css-av-9dsts4-6-45bc41399f0d2d985fa9821b842aa6db\">\n#top .hr.hr-invisible.av-9dsts4-6-45bc41399f0d2d985fa9821b842aa6db{\nheight:10px;\n}\n<\/style>\n<div  class='hr av-9dsts4-6-45bc41399f0d2d985fa9821b842aa6db hr-invisible  avia-builder-el-19  el_after_av_one_full  el_before_av_one_full'><span class='hr-inner'><span class=\"hr-inner-style\"><\/span><\/span><\/div>\n\n<style type=\"text\/css\" data-created_by=\"avia_inline_auto\" id=\"style-css-av-f676no-5-9d52274d2eaa8182cbabc5b0ffec9f4c\">\n#top .flex_column.av-f676no-5-9d52274d2eaa8182cbabc5b0ffec9f4c{\nmargin-top:0px;\nmargin-bottom:10px;\n}\n.flex_column.av-f676no-5-9d52274d2eaa8182cbabc5b0ffec9f4c{\nborder-radius:0px 0px 0px 0px;\npadding:0px 0px 0px 0px;\n}\n.responsive #top #wrap_all .flex_column.av-f676no-5-9d52274d2eaa8182cbabc5b0ffec9f4c{\nmargin-top:0px;\nmargin-bottom:10px;\n}\n<\/style>\n<div  class='flex_column av-f676no-5-9d52274d2eaa8182cbabc5b0ffec9f4c av_one_full  avia-builder-el-20  el_after_av_hr  el_before_av_icon_box  first flex_column_div av-zero-column-padding'     ><article  class='iconbox iconbox_top av-k7wid5mf-8-d2fd38a10d5efa73baeb6eb6659e7fd4  avia-builder-el-21  el_before_av_hr  avia-builder-el-first  main_color'  itemscope=\"itemscope\" itemtype=\"https:\/\/schema.org\/CreativeWork\" ><div class=\"iconbox_content\"><header class=\"entry-content-header\" aria-label=\"Icono: Cosas que debe buscar en su cirujano:\"><div class='iconbox_icon heading-color avia-iconfont avia-font-entypo-fontello' data-av_icon='\ue81e' data-av_iconfont='entypo-fontello'  ><\/div><h3 class='iconbox_content_title'  itemprop=\"headline\" >Cosas que debe buscar en su cirujano:<\/h3><\/header><div class='iconbox_content_container'  itemprop=\"text\" ><ul style=\"text-align: left;\">\n<li><strong>Experiencia:<\/strong> Con 2 generaciones de m\u00e9dicos, m\u00e1s de 30.000 procedimientos y toda una vida de experiencia combinada, el Dr. Nikolas V. Chugay y el Dr. Paul N. Chugay no s\u00f3lo tienen la experiencia necesaria en diversos procedimientos quir\u00fargicos y no quir\u00fargicos, sino que Nikolas ha ayudado a revolucionar la industria, y Paul est\u00e1 siguiendo muy de cerca los pasos de su padre, bas\u00e1ndose en m\u00e1s de 40 a\u00f1os de experiencia.<\/li>\n<li><strong>Compatibilidad y respeto:<\/strong> Reserva una consulta con el m\u00e9dico. Comprueba c\u00f3mo te trata, si te escucha y qu\u00e9 quieres. Es importante que hables a fondo con tu m\u00e9dico de lo que quieres conseguir para que tenga una idea clara y concisa de cu\u00e1l es tu objetivo, pero tambi\u00e9n es importante que respetes la experiencia y la formaci\u00f3n de tu m\u00e9dico lo suficiente como para escuchar sus recomendaciones. No querr\u00e1s tener un m\u00e9dico que no se preocupe por TI.<\/li>\n<li><strong>Especializaci\u00f3n:<\/strong> Pregunte a su m\u00e9dico por otras veces que haya realizado el procedimiento que usted desea.<\/li>\n<\/ul>\n<div  class='avia-button-wrap av-3702at-7-d12d0d708b334ff3bc90b34e88626827-wrap avia-button-center  avia-builder-el-22  avia-builder-el-no-sibling'><a href='https:\/\/spanish.drchugay.com\/es\/sobre-la-clinica-medica-de-cirugia-estetica-chugay\/'  class='avia-button av-3702at-7-d12d0d708b334ff3bc90b34e88626827 av-link-btn avia-icon_select-no avia-size-large avia-position-center avia-color-dark'   aria-label=\"CONOZCA A SUS CIRUJANOS\"><span class='avia_iconbox_title' >CONOZCA A SUS CIRUJANOS<\/span><\/a><\/div>\n<\/div><\/div><footer class=\"entry-footer\"><\/footer><\/article><br \/>\n\n<style type=\"text\/css\" data-created_by=\"avia_inline_auto\" id=\"style-css-av-9dsts4-4-3efba3cdf2796764cc36a302396ab24d\">\n#top .hr.hr-invisible.av-9dsts4-4-3efba3cdf2796764cc36a302396ab24d{\nheight:10px;\n}\n<\/style>\n<div  class='hr av-9dsts4-4-3efba3cdf2796764cc36a302396ab24d hr-invisible  avia-builder-el-23  el_after_av_icon_box  avia-builder-el-last'><span class='hr-inner'><span class=\"hr-inner-style\"><\/span><\/span><\/div><\/p><\/div>\n<article  class='iconbox iconbox_top av-k7wid5mf-2-623c290b8192a1e79fcf84a5c209edd0  avia-builder-el-24  el_after_av_one_full  el_before_av_hr  main_color'  itemscope=\"itemscope\" itemtype=\"https:\/\/schema.org\/CreativeWork\" ><div class=\"iconbox_content\"><header class=\"entry-content-header\" aria-label=\"Icono: Despu\u00e9s de la operaci\u00f3n\"><div class='iconbox_icon heading-color avia-iconfont avia-font-entypo-fontello' data-av_icon='\ue81e' data-av_iconfont='entypo-fontello'  ><\/div><h3 class='iconbox_content_title'  itemprop=\"headline\" >Despu\u00e9s de su cirug\u00eda.<\/h3><\/header><div class='iconbox_content_container'  itemprop=\"text\" ><p>Despu\u00e9s de su procedimiento, usar\u00e1 un sost\u00e9n el\u00e1stico de compresi\u00f3n sobre un vendaje quir\u00fargico. Es normal  tener molestias y algunos moretones en el \u00e1rea del pecho. Cualquier dolor y molestia que pueda sentir podr\u00e1 aliviarse con los medicamentos que le recete el Dr. Chugay. La sanaci\u00f3n es gradual. Podr\u00e1 reanudar sus actividades en uno o dos d\u00edas. Puede regresar al trabajo en unos d\u00edas (dependiendo de lo que haga). Se recomienda a los pacientes que eviten levantar objetos pesados o hacer actividades f\u00edsicas vigorosas durante 6 semanas despu\u00e9s de la cirug\u00eda para maximizar los resultados. Puede comenzar una actividad aer\u00f3bica ligera la 2da semana despu\u00e9s de la cirug\u00eda.<\/p>\n<\/div><\/div><footer class=\"entry-footer\"><\/footer><\/article>\n\n<style type=\"text\/css\" data-created_by=\"avia_inline_auto\" id=\"style-css-av-k7wmp4kk-11-cd339f8d39706e5296a3f78d6ba5401f\">\n#top .hr.hr-invisible.av-k7wmp4kk-11-cd339f8d39706e5296a3f78d6ba5401f{\nheight:5px;\n}\n<\/style>\n<div  class='hr av-k7wmp4kk-11-cd339f8d39706e5296a3f78d6ba5401f hr-invisible  avia-builder-el-25  el_after_av_icon_box  el_before_av_one_full'><span class='hr-inner'><span class=\"hr-inner-style\"><\/span><\/span><\/div>\n\n<style type=\"text\/css\" data-created_by=\"avia_inline_auto\" id=\"style-css-av-f676no-3-f6185e9f4045e99cde0f5df12a8340b2\">\n#top .flex_column.av-f676no-3-f6185e9f4045e99cde0f5df12a8340b2{\nmargin-top:50px;\nmargin-bottom:10px;\n}\n.flex_column.av-f676no-3-f6185e9f4045e99cde0f5df12a8340b2{\nborder-radius:0px 0px 0px 0px;\npadding:0px 0px 0px 0px;\n}\n.responsive #top #wrap_all .flex_column.av-f676no-3-f6185e9f4045e99cde0f5df12a8340b2{\nmargin-top:50px;\nmargin-bottom:10px;\n}\n<\/style>\n<div  class='flex_column av-f676no-3-f6185e9f4045e99cde0f5df12a8340b2 av_one_full  avia-builder-el-26  el_after_av_hr  avia-builder-el-last  first flex_column_div av-zero-column-padding'     ><style type=\"text\/css\" data-created_by=\"avia_inline_auto\" id=\"style-css-av-k7wnwtuw-bfac9e508be5c63049274c32f5ac2573\">\n.av_promobox.av-k7wnwtuw-bfac9e508be5c63049274c32f5ac2573{\ncolor:#ffffff;\nbackground:#444444;\nborder-color:#000000;\n}\n<\/style>\n<div  class='av_promobox av-k7wnwtuw-bfac9e508be5c63049274c32f5ac2573 avia-button-yes  avia-builder-el-27  el_before_av_hr  avia-builder-el-first'><div class='avia-promocontent'><h2><span style=\"color: #ffffff;\">\u00bfPreparado para mejorar el aspecto de su cuerpo?<\/span><\/h2>\n<h5><span style=\"color: #ffffff;\">Ll\u00e1menos ahora para una consulta y evaluaci\u00f3n gratuitas.<\/span><\/h5>\n<p>\n<\/div><div  class='avia-button-wrap av-k7wnwtuw-4995055a5ece8a1cc3b1f684af197876-wrap avia-button-right'><a href='https:\/\/spanish.drchugay.com\/es\/contacto\/'  class='avia-button av-k7wnwtuw-4995055a5ece8a1cc3b1f684af197876 av-link-btn avia-icon_select-no avia-size-large avia-position-right avia-color-theme-color-subtle'   aria-label=\"RESERVAR AHORA\"><span class='avia_iconbox_title' >RESERVAR AHORA<\/span><\/a><\/div><\/div><br \/>\n\n<style type=\"text\/css\" data-created_by=\"avia_inline_auto\" id=\"style-css-av-9dsts4-1-905f5f37b22e5a6ed345f98c6b1c7145\">\n#top .hr.hr-invisible.av-9dsts4-1-905f5f37b22e5a6ed345f98c6b1c7145{\nheight:10px;\n}\n<\/style>\n<div  class='hr av-9dsts4-1-905f5f37b22e5a6ed345f98c6b1c7145 hr-invisible  avia-builder-el-28  el_after_av_promobox  avia-builder-el-last'><span class='hr-inner'><span class=\"hr-inner-style\"><\/span><\/span><\/div><\/p><\/div>","protected":false},"excerpt":{"rendered":"","protected":false},"author":1,"featured_media":0,"parent":191,"menu_order":4,"comment_status":"closed","ping_status":"closed","template":"","meta":{"footnotes":""},"class_list":["post-350","page","type-page","status-publish","hentry"],"_links":{"self":[{"href":"https:\/\/spanish.drchugay.com\/es\/wp-json\/wp\/v2\/pages\/350","targetHints":{"allow":["GET"]}}],"collection":[{"href":"https:\/\/spanish.drchugay.com\/es\/wp-json\/wp\/v2\/pages"}],"about":[{"href":"https:\/\/spanish.drchugay.com\/es\/wp-json\/wp\/v2\/types\/page"}],"author":[{"embeddable":true,"href":"https:\/\/spanish.drchugay.com\/es\/wp-json\/wp\/v2\/users\/1"}],"replies":[{"embeddable":true,"href":"https:\/\/spanish.drchugay.com\/es\/wp-json\/wp\/v2\/comments?post=350"}],"version-history":[{"count":19,"href":"https:\/\/spanish.drchugay.com\/es\/wp-json\/wp\/v2\/pages\/350\/revisions"}],"predecessor-version":[{"id":12536,"href":"https:\/\/spanish.drchugay.com\/es\/wp-json\/wp\/v2\/pages\/350\/revisions\/12536"}],"up":[{"embeddable":true,"href":"https:\/\/spanish.drchugay.com\/es\/wp-json\/wp\/v2\/pages\/191"}],"wp:attachment":[{"href":"https:\/\/spanish.drchugay.com\/es\/wp-json\/wp\/v2\/media?parent=350"}],"curies":[{"name":"wp","href":"https:\/\/api.w.org\/{rel}","templated":true}]}}