{"id":3577,"date":"2014-04-09T11:52:58","date_gmt":"2014-04-09T18:52:58","guid":{"rendered":"https:\/\/spanish.drchugay.com\/?page_id=3577"},"modified":"2024-11-01T18:02:37","modified_gmt":"2024-11-02T01:02:37","slug":"financiacion-medica","status":"publish","type":"page","link":"https:\/\/spanish.drchugay.com\/es\/informacion-del-paciente\/financiacion-medica\/","title":{"rendered":"Financiamiento de cirug\u00eda cosm\u00e9tica"},"content":{"rendered":"<div  class='flex_column av-cgbha1-e58ac6870ee5975b301f7fbc14a28cda av_one_full  avia-builder-el-0  el_before_av_one_full  avia-builder-el-first  first flex_column_div'     ><p>\n<style type=\"text\/css\" data-created_by=\"avia_inline_auto\" id=\"style-css-av-265v21-c1294757a465e23a9d978d710a330ba2\">\n#top .av-special-heading.av-265v21-c1294757a465e23a9d978d710a330ba2{\npadding-bottom:10px;\n}\nbody .av-special-heading.av-265v21-c1294757a465e23a9d978d710a330ba2 .av-special-heading-tag .heading-char{\nfont-size:25px;\n}\n.av-special-heading.av-265v21-c1294757a465e23a9d978d710a330ba2 .av-subheading{\nfont-size:15px;\n}\n<\/style>\n<div  class='av-special-heading av-265v21-c1294757a465e23a9d978d710a330ba2 av-special-heading-h2  avia-builder-el-1  el_before_av_textblock  avia-builder-el-first'><h2 class='av-special-heading-tag'  itemprop=\"headline\"  >Cirug\u00eda Est\u00e9tica Opciones de Financiaci\u00f3n M\u00e9dica<\/h2><div class=\"special-heading-border\"><div class=\"special-heading-inner-border\"><\/div><\/div><\/div><br \/>\n<section  class='av_textblock_section av-8njzwp-088ff20ba9d4ac92ea884f97af43b28c'   itemscope=\"itemscope\" itemtype=\"https:\/\/schema.org\/CreativeWork\" ><div class='avia_textblock'  itemprop=\"text\" ><p style=\"text-align: left;\">Muchos de nuestros pacientes preguntan acerca de las opciones de financiaci\u00f3n para la cirug\u00eda est\u00e9tica en Chugay Cirug\u00eda Est\u00e9tica. Estamos encantados de ofrecer financiaci\u00f3n a trav\u00e9s de su elecci\u00f3n de #1 compa\u00f1\u00edas de financiamiento cosm\u00e9ticos de California, <strong>Cr\u00e9dito Care o Cherry.<\/strong>\u00a0Su elegibilidad puede comprobarse y aprobarse en tan solo 10 minutos o 2 d\u00edas como m\u00e1ximo.<\/p>\n<\/div><\/section><\/p><\/div><div  class='flex_column av-57rrix-fb3fc6aa6bdfb0f3e287a4f8795daa7e av_one_full  avia-builder-el-3  el_after_av_one_full  el_before_av_one_full  first flex_column_div  column-top-margin'     ><p>\n<style type=\"text\/css\" data-created_by=\"avia_inline_auto\" id=\"style-css-av-ll5irbdt-06ff98eb17ee6dfa82aa15705c644be3\">\n#top .av-special-heading.av-ll5irbdt-06ff98eb17ee6dfa82aa15705c644be3{\npadding-bottom:10px;\n}\nbody .av-special-heading.av-ll5irbdt-06ff98eb17ee6dfa82aa15705c644be3 .av-special-heading-tag .heading-char{\nfont-size:25px;\n}\n.av-special-heading.av-ll5irbdt-06ff98eb17ee6dfa82aa15705c644be3 .av-subheading{\nfont-size:15px;\n}\n<\/style>\n<div  class='av-special-heading av-ll5irbdt-06ff98eb17ee6dfa82aa15705c644be3 av-special-heading-h3  avia-builder-el-4  el_before_av_textblock  avia-builder-el-first'><h3 class='av-special-heading-tag'  itemprop=\"headline\"  >Financiaci\u00f3n con Cherry<\/h3><div class=\"special-heading-border\"><div class=\"special-heading-inner-border\"><\/div><\/div><\/div><br \/>\n<section  class='av_textblock_section av-ll5ipf9r-175fde7e8c77ca091343d4a5dc9a20ca'   itemscope=\"itemscope\" itemtype=\"https:\/\/schema.org\/CreativeWork\" ><div class='avia_textblock'  itemprop=\"text\" ><p><!-- CHERRY WIDGET BEGIN --><br \/>\n<script>\n        (function (w, d, s, o, f, js, fjs) {\n            w[o] =\n                w[o] ||\n                function () {\n                    (w[o].q = w[o].q || []).push(arguments);\n                };\n            (js = d.createElement(s)), (fjs = d.getElementsByTagName(s)[0]);\n            js.id = o;\n            js.src = f;\n            js.async = 1;\n            fjs.parentNode.insertBefore(js, fjs);\n        })(window, document, \"script\", \"_hw\", ' https:\/\/files.withcherry.com\/widgets\/widget.js');\n        _hw(\n            \"init\",\n            {\n                debug: false,\n                variables: {\n                    slug: 'chugay-cosmetic-surgery-medical-clinic-inc',\n                    name: 'Chugay Cosmetic Surgery Medical Clinic Inc.',\n                },\n                styles: {\n                    primaryColor: '#00c37d',\n                    secondaryColor: '#00c37d10',\n                    fontFamily: 'Open Sans',\n                },\n            },\n            [\"all\", \"hero\", \"howitworks\", \"testimony\", \"faq\", \"calculator\"]\n        );\n    <\/script><\/p>\n<div id=\"all\"><\/div>\n<p><!-- CHERRY WIDGET END --><\/p>\n<\/div><\/section><\/p><\/div><div  class='flex_column av-av_one_full-516b7eac7a9c6cd1b746245801c7486c av_one_full  avia-builder-el-6  el_after_av_one_full  avia-builder-el-last  first flex_column_div  column-top-margin'     ><p>\n<style type=\"text\/css\" data-created_by=\"avia_inline_auto\" id=\"style-css-av-av_heading-733816d2c5b83ec7a9d73cc16a492614\">\n#top .av-special-heading.av-av_heading-733816d2c5b83ec7a9d73cc16a492614{\npadding-bottom:10px;\n}\nbody .av-special-heading.av-av_heading-733816d2c5b83ec7a9d73cc16a492614 .av-special-heading-tag .heading-char{\nfont-size:25px;\n}\n.av-special-heading.av-av_heading-733816d2c5b83ec7a9d73cc16a492614 .av-subheading{\nfont-size:15px;\n}\n<\/style>\n<div  class='av-special-heading av-av_heading-733816d2c5b83ec7a9d73cc16a492614 av-special-heading-h3  avia-builder-el-7  el_before_av_textblock  avia-builder-el-first'><h3 class='av-special-heading-tag'  itemprop=\"headline\"  >Financiaci\u00f3n con CareCredit<\/h3><div class=\"special-heading-border\"><div class=\"special-heading-inner-border\"><\/div><\/div><\/div><br \/>\n<section  class='av_textblock_section av-av_textblock-7a1af7d8f9790576b1769c0a9f0449ed'   itemscope=\"itemscope\" itemtype=\"https:\/\/schema.org\/CreativeWork\" ><div class='avia_textblock'  itemprop=\"text\" ><h3><\/h3>\n<p>Care Credit es un l\u00edder en la financiaci\u00f3n de pacientes, haciendo que conseguir el procedimiento que desea sea m\u00e1s f\u00e1cil. Para procedimientos desde $1000 hasta $25,000, \u00a1CareCredit tiene el plan de pago para usted!<\/p>\n<p>Tiene a su disposici\u00f3n los siguientes planes:<\/p>\n<ul>\n<li>6 meses sin intereses, si se paga dentro del periodo promocional (se requiere un pago mensual m\u00ednimo; de lo contrario, se calcular\u00e1n los intereses a partir de la fecha de compra)*.<\/li>\n<li>Plan de pago a bajo inter\u00e9s a 24, 36, 48 y 60 meses (actualmente: 14,90% TAE, disponible para tarifas de procedimiento de $2000 o m\u00e1s)*.<\/li>\n<\/ul>\n<p>*Sujeto a aprobaci\u00f3n de cr\u00e9dito. Por favor <a href=\"http:\/\/www.carecredit.com\/apply\/\" target=\"_blank\" rel=\"noopener noreferrer\">visite CareCredit<\/a> para m\u00e1s informaci\u00f3n.<\/p>\n<p>Si desea consultar con el Dr. Chugay o para m\u00e1s informaci\u00f3n sobre la financiaci\u00f3n, llame a nuestra oficina al <a href=\"tel:+1-800-660-8507\">1 (800) 660-8507<\/a> o <a href=\"https:\/\/spanish.drchugay.com\/es\/contacto\/\">pulse aqu\u00ed<\/a> ponerse en contacto con nosotros para concertar una cita personalizada en la Cl\u00ednica M\u00e9dica de Cirug\u00eda Est\u00e9tica Chugay.<\/p>\n<h3>Utiliza la calculadora de pagos de CareCredit para conocer tus posibles pagos<\/h3>\n<p><iframe loading=\"lazy\" class=\"assetIframe\" src=\"https:\/\/www.carecredit.com\/adtoolkit\/assets\/views\/assetlistings\/getAsset.php?asset=427&amp;mtype=\" width=\"350\" height=\"250\"><\/iframe><\/p>\n<p>Si desea m\u00e1s informaci\u00f3n sobre financiaci\u00f3n, llame a nuestras oficinas al (800) 660 8507 para hablar con un miembro de nuestro personal.<\/p>\n<h4>\u00bfListo para iniciar el procedimiento?<\/h4>\n<p><strong><a href=\"http:\/\/www.carecredit.com\/apply\/\" target=\"_blank\" rel=\"noopener noreferrer\">SOLICITAR AHORA<\/a><\/strong> \u00a1para la financiaci\u00f3n con CareCredit!<\/p>\n<\/div><\/section><\/p><\/div><\/p>","protected":false},"excerpt":{"rendered":"","protected":false},"author":1,"featured_media":0,"parent":187,"menu_order":0,"comment_status":"closed","ping_status":"closed","template":"","meta":{"footnotes":""},"class_list":["post-3577","page","type-page","status-publish","hentry"],"_links":{"self":[{"href":"https:\/\/spanish.drchugay.com\/es\/wp-json\/wp\/v2\/pages\/3577","targetHints":{"allow":["GET"]}}],"collection":[{"href":"https:\/\/spanish.drchugay.com\/es\/wp-json\/wp\/v2\/pages"}],"about":[{"href":"https:\/\/spanish.drchugay.com\/es\/wp-json\/wp\/v2\/types\/page"}],"author":[{"embeddable":true,"href":"https:\/\/spanish.drchugay.com\/es\/wp-json\/wp\/v2\/users\/1"}],"replies":[{"embeddable":true,"href":"https:\/\/spanish.drchugay.com\/es\/wp-json\/wp\/v2\/comments?post=3577"}],"version-history":[{"count":22,"href":"https:\/\/spanish.drchugay.com\/es\/wp-json\/wp\/v2\/pages\/3577\/revisions"}],"predecessor-version":[{"id":12610,"href":"https:\/\/spanish.drchugay.com\/es\/wp-json\/wp\/v2\/pages\/3577\/revisions\/12610"}],"up":[{"embeddable":true,"href":"https:\/\/spanish.drchugay.com\/es\/wp-json\/wp\/v2\/pages\/187"}],"wp:attachment":[{"href":"https:\/\/spanish.drchugay.com\/es\/wp-json\/wp\/v2\/media?parent=3577"}],"curies":[{"name":"wp","href":"https:\/\/api.w.org\/{rel}","templated":true}]}}