{"id":3591,"date":"2014-04-09T13:37:32","date_gmt":"2014-04-09T20:37:32","guid":{"rendered":"https:\/\/spanish.drchugay.com\/?page_id=3591"},"modified":"2026-03-31T16:09:54","modified_gmt":"2026-03-31T23:09:54","slug":"especiales","status":"publish","type":"page","link":"https:\/\/spanish.drchugay.com\/es\/informacion-del-paciente\/especiales\/","title":{"rendered":"Especiales en cosm\u00e9tica"},"content":{"rendered":"<div  class='flex_column av-1lg8yav-1b39bec8aa7789ef72136942d51f7ef3 av_one_full  avia-builder-el-0  el_before_av_one_full  avia-builder-el-first  first flex_column_div'     ><section  class='av_textblock_section av-1jrb0tj-ab7b93c2e45d475444399f5c5e78a05d'   itemscope=\"itemscope\" itemtype=\"https:\/\/schema.org\/CreativeWork\" ><div class='avia_textblock'  itemprop=\"text\" ><h3>Nuestras promociones de temporada 2026<\/h3>\n<\/div><\/section><br \/>\n<div id='avia-messagebox-' class='avia_message_box av_notification av-m36blr7y-96003e53b652cc3dd40a6b7d000977e2 avia-color-blue avia-size-large avia-icon_select-yes avia-border-  avia-builder-el-2  el_after_av_textblock  avia-builder-el-last' ><span class='avia_message_box_title' >FINANCIACI\u00d3N DISPONIBLE<\/span><div class=\"avia_message_box_content\"><span class='avia_message_box_icon avia-iconfont avia-font-entypo-fontello' data-av_icon='\ue827' data-av_iconfont='entypo-fontello' ><\/span><p><span style=\"padding-top: 20px;\">Financiamiento disponible: \u00a1Pagos mensuales tan bajos como $300 por mes OAC!<\/span><\/p>\n<\/div><\/div><\/p><\/div>\n<div  class='flex_column av-36tvqhj-a1089d6c644f62bf258e6611023a0e79 av_one_full  avia-builder-el-3  el_after_av_one_full  el_before_av_textblock  first flex_column_div  column-top-margin'     ><p><div class='avia-data-table-wrap av-bdlntj-be6ba27e76dc160bbfce82d5e39f82d2 avia_responsive_table av-mini-hide avia-table-1'><table  class='avia-table avia-data-table avia_pricing_default  avia-builder-el-4  el_before_av_table  avia-builder-el-first'  itemscope=\"itemscope\" itemtype=\"https:\/\/schema.org\/Table\" ><tbody><tr class='avia-heading-row'><th class=''><\/p>\n<h4>PROCEDIMIENTO<\/h4>\n<p>Enero-marzo de 2026<\/th><th class=''><\/p>\n<h4>PRECIO ESPECIAL<\/h4>\n<p><\/th><\/tr><tr class=''><td class=''><strong>P\u00c1RPADOS SUPERIORES<\/strong><br \/>\nLevantamiento del p\u00e1rpado superior<\/td><td class=''><\/p>\n<h5 style=\"color: #189cd8;\">$3,000.00<\/h5>\n<p><\/td><\/tr><tr class=''><td class=''><strong>P\u00c1RPADOS INFERIORES<\/strong><br \/>\nRemover las bolsas de la parte inferior de los ojos.<\/td><td class=''><\/p>\n<h5 style=\"color: #189cd8;\">$3,500.00<\/h5>\n<p><\/td><\/tr><tr class=''><td class=''><strong>UPPER &amp; LOWER LIDS<\/strong><br \/>\nLifting de p\u00e1rpados superiores e inferiores<\/td><td class=''><\/p>\n<h5 style=\"color: #189cd8;\">$5,800.00<\/h5>\n<p><\/td><\/tr><tr class=''><td class=''><strong>ABDOMINOPLASTIA<\/strong><br \/>\ncon liposucci\u00f3n de la cintura<\/td><td class=''><\/p>\n<h5 style=\"color: #189cd8;\">$6,000.00<\/h5>\n<p><\/td><\/tr><tr class=''><td class=''><strong>Levantamiento de sentaderas estilo brasilero (BBL)<\/strong><br \/>\n<span style=\"font-size: 11px;\">(liposucci\u00f3n del estomago, cintura, cuadriles, sacro y<br \/>\nparte baja de la espalda con transferencia de grasa a\nlas sentaderas) <\/span><\/td><td class=''><\/p>\n<h5 style=\"color: #189cd8;\">$8,000.00<\/h5>\n<p><\/td><\/tr><\/tbody><\/table><\/div><style type='text\/css'>.avia-table-1 td:nth-of-type(1):before { content: '\nPROCEDURE\nJan-Mar 2026'; } .avia-table-1 td:nth-of-type(2):before { content: '\nSPECIAL PRICE\n'; } <\/style><br \/>\n<div class='avia-data-table-wrap av-w8q4lz-4d7281495aec784ed7bd5b7a65bdb776 avia_responsive_table av-desktop-hide av-medium-hide av-small-hide avia-table-2'><table  class='avia-table avia-data-table avia_pricing_default  avia-builder-el-5  el_after_av_table  el_before_av_table'  itemscope=\"itemscope\" itemtype=\"https:\/\/schema.org\/Table\" ><tbody><tr class=''><td class=''><\/p>\n<h4>PROCEDIMIENTO<\/h4>\n<p>Enero-marzo de 2026<\/td><td class=''><\/p>\n<h4>PRECIO ESPECIAL<\/h4>\n<p><\/td><\/tr><tr class=''><td class=''><strong>P\u00c1RPADOS SUPERIORES<\/strong><br \/>\nLevantamiento del p\u00e1rpado superior<\/td><td class=''><\/p>\n<h5 style=\"color: #189cd8;\">$3,000.00<\/h5>\n<p><\/td><\/tr><tr class=''><td class=''><strong>P\u00c1RPADOS INFERIORES<\/strong><br \/>\nRemover las bolsas de la parte inferior de los ojos.<\/td><td class=''><\/p>\n<h5 style=\"color: #189cd8;\">$3,500.00<\/h5>\n<p><\/td><\/tr><tr class=''><td class=''><strong>UPPER &amp; LOWER LIDS<\/strong><br \/>\nLifting de p\u00e1rpados superiores e inferiores<\/td><td class=''><\/p>\n<h5 style=\"color: #189cd8;\">$5,800.00<\/h5>\n<p><\/td><\/tr><tr class=''><td class=''><strong>ABDOMINOPLASTIA<\/strong><br \/>\ncon liposucci\u00f3n de la cintura<\/td><td class=''><\/p>\n<h5 style=\"color: #189cd8;\">$6,000.00<\/h5>\n<p><\/td><\/tr><tr class=''><td class=''><strong>Levantamiento de sentaderas estilo brasilero (BBL)<\/strong><br \/>\n<span style=\"font-size: 11px;\">(liposucci\u00f3n del estomago, cintura, cuadriles, sacro y<br \/>\nparte baja de la espalda con transferencia de grasa a\nlas sentaderas) <\/span><\/td><td class=''><\/p>\n<h5 style=\"color: #189cd8;\">$8,000.00<\/h5>\n<p><\/td><\/tr><\/tbody><\/table><\/div><br \/>\n<div class='avia-data-table-wrap av-5pgzcn-da89e8fccf371c71cfef6915fe80035e avia_responsive_table av-mini-hide avia-table-3'><table  class='avia-table avia-data-table avia_pricing_default  avia-builder-el-6  el_after_av_table  el_before_av_table'  itemscope=\"itemscope\" itemtype=\"https:\/\/schema.org\/Table\" ><tbody><tr class='avia-heading-row'><th class=''><\/p>\n<h4>PROCEDIMIENTO<\/h4>\n<p>2026<\/th><th class=''><\/p>\n<h4>PRECIO NORMAL<\/h4>\n<p><\/th><th class=''><\/p>\n<h4>PRECIO ESPECIAL<\/h4>\n<p><\/th><\/tr><tr class=''><td class=''><strong>RINOPLASTIA<\/strong><br \/>\nCirug\u00eda de la nariz | Implantes nasales | Injertos de cart\u00edlago<\/td><td class=''><\/p>\n<h5>$10,000.00<\/h5>\n<p><\/td><td class=''><\/p>\n<h5 style=\"color: #189cd8;\">$7,000.00<\/h5>\n<p><\/td><\/tr><tr class=''><td class=''><strong>ABDOMINOPLASTIA (CIRUG\u00cdA EST\u00c9TICA DE ABDOMEN)<\/strong><br \/>\ncon liposucci\u00f3n<br \/>\nde cintura y caderas<\/td><td class=''><\/p>\n<h5>$10,000.00<\/h5>\n<p><\/td><td class=''><\/p>\n<h5 style=\"color: #189cd8;\">$7,000.00<\/h5>\n<p><\/td><\/tr><tr class=''><td class=''><strong>AUMENTO DE MAMAS<\/strong><br \/>\ncon implantes de silicona<br \/>\n<span style=\"font-size: 11px;\">\u2022 Se incluye el costo de laboratorio, EKG, cirug\u00eda y visitas para despu\u00e9s de la cirug\u00eda.<br \/>\n\u2022 Anestesia es un cargo adicional de $ 800.00<\/span><\/td><td class=''><\/p>\n<h5>$7,000.00<\/h5>\n<p><\/td><td class=''><\/p>\n<h5 style=\"color: #189cd8;\">$6,500.00<\/h5>\n<p><\/td><\/tr><\/tbody><\/table><\/div><style type='text\/css'>.avia-table-3 td:nth-of-type(1):before { content: '\nPROCEDURE\n2026'; } .avia-table-3 td:nth-of-type(2):before { content: '\nREGULAR PRICE\n'; } .avia-table-3 td:nth-of-type(3):before { content: '\nSPECIAL PRICE\n'; } <\/style><br \/>\n<div class='avia-data-table-wrap av-tp3aw7-3795cf3db61ca913d6bdd51ceb179986 avia_responsive_table av-desktop-hide av-medium-hide av-small-hide avia-table-4'><table  class='avia-table avia-data-table avia_pricing_default  avia-builder-el-7  el_after_av_table  el_before_av_table'  itemscope=\"itemscope\" itemtype=\"https:\/\/schema.org\/Table\" ><tbody><tr class=''><td class=''><\/p>\n<h4>2026<\/h4>\n<p><\/td><td class=''><\/td><td class=''><\/td><\/tr><tr class=''><td class=''><strong>RINOPLASTIA<\/strong><br \/>\nCirug\u00eda de la nariz | Implantes nasales | Injertos de cart\u00edlago<\/td><td class=''><\/p>\n<h5>$10.000,00 (Precio normal)<\/h5>\n<p><\/td><td class=''><\/p>\n<h5 style=\"color: #189cd8;\">$7.000,00 (Precio especial)<\/h5>\n<p><\/td><\/tr><tr class=''><td class=''><strong>ABDOMINOPLASTIA (CIRUG\u00cdA EST\u00c9TICA DE ABDOMEN)<\/strong><br \/>\ncon liposucci\u00f3n<br \/>\nde cintura y caderas<\/td><td class=''><\/p>\n<h5>$10.000,00 (Precio normal)<\/h5>\n<p><\/td><td class=''><\/p>\n<h5 style=\"color: #189cd8;\">$7.000,00 (Precio especial)<\/h5>\n<p><\/td><\/tr><tr class=''><td class=''><strong>AUMENTO DE MAMAS<\/strong><br \/>\ncon implantes de silicona<br \/>\n<span style=\"font-size: 11px;\">\u2022 Se incluye el costo de laboratorio, EKG, cirug\u00eda y visitas para despu\u00e9s de la cirug\u00eda.<br \/>\n\u2022 Anestesia es un cargo adicional de $ 800.00<\/span><\/td><td class=''><\/p>\n<h5>$7.000,00 (Precio normal)<\/h5>\n<p><\/td><td class=''><\/p>\n<h5 style=\"color: #189cd8;\">$6.500,00 (Precio especial)<\/h5>\n<p><\/td><\/tr><\/tbody><\/table><\/div><br \/>\n<div class='avia-data-table-wrap av-1kegctj-568e9fea13121aa2c94417349725ca7b avia_responsive_table av-mini-hide avia-table-5'><table  class='avia-table avia-data-table avia_pricing_default  avia-builder-el-8  el_after_av_table  el_before_av_table'  itemscope=\"itemscope\" itemtype=\"https:\/\/schema.org\/Table\" ><tbody><tr class='avia-heading-row'><th class=''><\/p>\n<h4>PAQUETES PARA EL CAMBIO DE IMAGEN DE MAMA<\/h4>\n<p>2026<\/th><th class=''><\/p>\n<h4>PRECIO ESPECIAL<\/h4>\n<p><\/th><\/tr><tr class=''><td class=''><strong>Aumento del busto<\/strong><br \/>\ncon implantes de agua salina y abdominoplastia con liposucci\u00f3n de la cintura y caderas. <\/td><td class=''><\/p>\n<h5 style=\"color: #189cd8;\">$13,000.00<\/h5>\n<p><\/td><\/tr><tr class=''><td class=''><strong>Levantamiento del busto sin implantes<\/strong><br \/>\nliposucci\u00f3n del abdomen, cintura, caderas, axila posterior, parte baja de la espalda, sacro y transferencia de grasa a las sentaderas.\n. <\/td><td class=''><\/p>\n<h5 style=\"color: #189cd8;\">$14,000.00<\/h5>\n<p><\/td><\/tr><tr class=''><td class=''><strong>Levantamiento del busto sin implantes<\/strong><br \/>\nabdominoplastia (Tummy tuck) y liposucci\u00f3n de la cintura. <\/td><td class=''><\/p>\n<h5 style=\"color: #189cd8;\">$13,000.00<\/h5>\n<p><\/td><\/tr><tr class=''><td class=''><strong>Levantamiento del busto con implantes de agua salina<\/strong><br \/>\nliposucci\u00f3n del est\u00f3mago, cintura, caderas, axila posterior, parte baja de la espalda y sacro.<br \/>\n<span style=\"font-size: 11px;\"> \u2022 Se incluye el costo de laboratorio, EKG, cirug\u00eda y visitas para despu\u00e9s de la cirug\u00eda.<br \/>\n\u2022 Anestesia es un cargo adicional de $ 800.00<\/span><\/td><td class=''><\/p>\n<h5 style=\"color: #189cd8;\">$15,000.00<\/h5>\n<p><\/td><\/tr><\/tbody><\/table><\/div><style type='text\/css'>.avia-table-5 td:nth-of-type(1):before { content: '\nMOMMY MAKEOVER PACKAGES\n2026'; } .avia-table-5 td:nth-of-type(2):before { content: '\nSPECIAL PRICE\n'; } <\/style><br \/>\n<div class='avia-data-table-wrap av-30or93-b7803f7c60ba0c2ac007b68da1d7f118 avia_responsive_table av-desktop-hide av-medium-hide av-small-hide avia-table-6'><table  class='avia-table avia-data-table avia_pricing_default  avia-builder-el-9  el_after_av_table  el_before_av_textblock'  itemscope=\"itemscope\" itemtype=\"https:\/\/schema.org\/Table\" ><tbody><tr class=''><td class=''><\/p>\n<h4>ESPECIALES DE CAMBIO DE IMAGEN MAMARIA<\/h4>\n<p><\/td><td class=''><\/p>\n<h5>2026<\/h5>\n<p><\/td><\/tr><tr class=''><td class=''><strong>Aumento del busto<\/strong><br \/>\ncon implantes de agua salina y abdominoplastia con liposucci\u00f3n de la cintura y caderas. <\/td><td class=''><\/p>\n<h5 style=\"color: #189cd8;\">$13,000.00<\/h5>\n<p><\/td><\/tr><tr class=''><td class=''><strong>Levantamiento del busto sin implantes<\/strong><br \/>\nliposucci\u00f3n del abdomen, cintura, caderas, axila posterior, parte baja de la espalda, sacro y transferencia de grasa a las sentaderas.\n. <\/td><td class=''><\/p>\n<h5 style=\"color: #189cd8;\">$14,000.00<\/h5>\n<p><\/td><\/tr><tr class=''><td class=''><strong>Levantamiento del busto sin implantes<\/strong><br \/>\ncon implantes de Silicona abdominoplastia (Tummy tuck) y liposucci\u00f3n de cintura. <\/td><td class=''><\/p>\n<h5 style=\"color: #189cd8;\">$13,000.00<\/h5>\n<p><\/td><\/tr><tr class=''><td class=''><strong>Levantamiento del busto con implantes de agua salina<\/strong><br \/>\nliposucci\u00f3n del est\u00f3mago, cintura, caderas, axila posterior, parte baja de la espalda y sacro.<br \/>\n<span style=\"font-size: 11px;\"> \u2022 Se incluye el costo de laboratorio, EKG, cirug\u00eda y visitas para despu\u00e9s de la cirug\u00eda.<br \/>\n\u2022 Anestesia es un cargo adicional de $ 800.00<\/span><\/td><td class=''><\/p>\n<h5 style=\"color: #189cd8;\">$15,000.00<\/h5>\n<p><\/td><\/tr><\/tbody><\/table><\/div><br \/>\n\n<style type=\"text\/css\" data-created_by=\"avia_inline_auto\" id=\"style-css-av-fe4rb-95947a058b53e43658e02d4666525b67\">\n#top .av_textblock_section.av-fe4rb-95947a058b53e43658e02d4666525b67 .avia_textblock{\nfont-size:12px;\n}\n<\/style>\n<section  class='av_textblock_section av-fe4rb-95947a058b53e43658e02d4666525b67'   itemscope=\"itemscope\" itemtype=\"https:\/\/schema.org\/CreativeWork\" ><div class='avia_textblock'  itemprop=\"text\" ><p><em>Nuestros precios incluyen: Consulta, laboratorio preoperatorio, electrocardiograma, cirug\u00eda y postoperatorio. <\/em>seguimiento<em>.<\/em><br \/>\n<em>La anestesia es una tarifa aparte de $900,00 a $1.300,00<br \/>\n<\/em><br \/>\n<em>*Algunas restricciones aplican<\/em><br \/>\nNUESTRAS PROMOCIONES DE TEMPORADA - PRECIOS ESPECIALES PARA NOVIEMBRE-ENERO....LOS PRECIOS ESPECIALES CADUCAR\u00c1N EL 31 DE ENERO DE 2024<\/p>\n<div style=\"font-size: 11px;\">*LOS RESULTADOS INDIVIDUALES VARIAR\u00c1N.<\/div>\n<\/div><\/section><br \/>\n<div  class='hr av-393tqv-eef6ddcf52b9c9ffa75c453264514914 hr-short  avia-builder-el-11  el_after_av_textblock  avia-builder-el-last  hr-center'><span class='hr-inner'><span class=\"hr-inner-style\"><\/span><\/span><\/div><\/p><\/div>\n<section  class='av_textblock_section av-fnpprb-e6c58f1980310dc7e76865fdc157d735'   itemscope=\"itemscope\" itemtype=\"https:\/\/schema.org\/CreativeWork\" ><div class='avia_textblock'  itemprop=\"text\" ><h3>\u00bfNecesita una oferta especial pero no es festivo o se le ha pasado el plazo?<\/h3>\n<p>Haga clic en cualquiera de los paquetes que se muestran a continuaci\u00f3n para ver m\u00e1s ofertas disponibles durante todo el a\u00f1o.<\/p>\n<\/div><\/section>\n<div class='flex_column_table av-dxdf07-9f68ea5897f094a637e594a254c8be7d sc-av_one_half av-equal-height-column-flextable'><div  class='flex_column av-dxdf07-9f68ea5897f094a637e594a254c8be7d av_one_half  avia-builder-el-13  el_after_av_textblock  el_before_av_one_half  first flex_column_table_cell av-equal-height-column av-align-top  column-top-margin'     ><article  class='iconbox iconbox_top av-16x01z-215f7cfe9f564db8fa47a44165003876  avia-builder-el-14  avia-builder-el-no-sibling  main_color'  itemscope=\"itemscope\" itemtype=\"https:\/\/schema.org\/CreativeWork\" ><div class=\"iconbox_content\"><header class=\"entry-content-header\" aria-label=\"Icono: Paquete Mommy Makeover\"><a href='https:\/\/spanish.drchugay.com\/es\/informacion-del-paciente\/especiales\/paquetes-mommy-makeover\/' title='Paquete Mommy Makeover' aria-label='Paquete Mommy Makeover'  class='iconbox_icon heading-color avia-iconfont avia-font-entypo-fontello' data-av_icon='\ue827' data-av_iconfont='entypo-fontello' desc=\"Mommy Makeover Package\" ><\/a><h3 class='iconbox_content_title'  itemprop=\"headline\" ><a href='https:\/\/spanish.drchugay.com\/es\/informacion-del-paciente\/especiales\/paquetes-mommy-makeover\/' title='Paquete Mommy Makeover' >Paquete Mommy Makeover<\/a><\/h3><\/header><div class='iconbox_content_container'  itemprop=\"text\" ><\/div><\/div><footer class=\"entry-footer\"><\/footer><\/article><\/div>\n<div class='av-flex-placeholder'><\/div>\n<style type=\"text\/css\" data-created_by=\"avia_inline_auto\" id=\"style-css-av-b2rsbr-feba3f79d5c0d571edfe5dbe479b79c2\">\n.flex_column.av-b2rsbr-feba3f79d5c0d571edfe5dbe479b79c2{\nborder-radius:0px 0px 0px 0px;\npadding:0px 0px 0px 0px;\n}\n<\/style>\n<div  class='flex_column av-b2rsbr-feba3f79d5c0d571edfe5dbe479b79c2 av_one_half  avia-builder-el-15  el_after_av_one_half  el_before_av_one_fourth  flex_column_table_cell av-equal-height-column av-align-top av-zero-column-padding  column-top-margin'     ><article  class='iconbox iconbox_top av-9k4epj-674e9a2f8b3d54f46e41c95c784b0ea6  avia-builder-el-16  avia-builder-el-no-sibling  main_color'  itemscope=\"itemscope\" itemtype=\"https:\/\/schema.org\/CreativeWork\" ><div class=\"iconbox_content\"><header class=\"entry-content-header\" aria-label=\"Icono: Paquete Mommy &amp; Me Makeover\"><a href='https:\/\/spanish.drchugay.com\/es\/informacion-del-paciente\/especiales\/paquete-mommy-makeover\/' title='Paquete Mommy &amp; Me Makeover' aria-label='Paquete Mommy &amp; Me Makeover'  class='iconbox_icon heading-color avia-iconfont avia-font-entypo-fontello' data-av_icon='\ue827' data-av_iconfont='entypo-fontello' desc=\"Mommy &amp; Me Makeover Package\" ><\/a><h3 class='iconbox_content_title'  itemprop=\"headline\" ><a href='https:\/\/spanish.drchugay.com\/es\/informacion-del-paciente\/especiales\/paquete-mommy-makeover\/' title='Paquete Mommy &amp; Me Makeover' >Paquete Mommy &amp; Me Makeover<\/a><\/h3><\/header><div class='iconbox_content_container'  itemprop=\"text\" ><\/div><\/div><footer class=\"entry-footer\"><\/footer><\/article><\/div><\/div><!--close column table wrapper. Autoclose: 1 -->\n<div  class='flex_column av-7pufnb-5f3b34083231a29e28ee48cb5ac6af3a av_one_fourth  avia-builder-el-17  el_after_av_one_half  el_before_av_one_half  first flex_column_div  column-top-margin'     ><\/div>\n<div  class='flex_column av-60c553-168f5c9dae19d39e1363116999d2b0fe av_one_half  avia-builder-el-18  el_after_av_one_fourth  el_before_av_one_fourth  flex_column_div  column-top-margin'     ><article  class='iconbox iconbox_top av-fe4rb-71-691ccb71cd9c894452eb9614c763d2b9  avia-builder-el-19  avia-builder-el-no-sibling  main_color'  itemscope=\"itemscope\" itemtype=\"https:\/\/schema.org\/CreativeWork\" ><div class=\"iconbox_content\"><header class=\"entry-content-header\" aria-label=\"Icono: Paquete para parejas\"><a href='https:\/\/spanish.drchugay.com\/es\/informacion-del-paciente\/especiales\/paquetes-para-parejas\/' title='Paquete para parejas' aria-label='Paquete para parejas'  class='iconbox_icon heading-color avia-iconfont avia-font-entypo-fontello' data-av_icon='\ue827' data-av_iconfont='entypo-fontello' desc=\"Couples Package\" ><\/a><h3 class='iconbox_content_title'  itemprop=\"headline\" ><a href='https:\/\/spanish.drchugay.com\/es\/informacion-del-paciente\/especiales\/paquetes-para-parejas\/' title='Paquete para parejas' >Paquete para parejas<\/a><\/h3><\/header><div class='iconbox_content_container'  itemprop=\"text\" ><\/div><\/div><footer class=\"entry-footer\"><\/footer><\/article><\/div>\n<div  class='flex_column av-31rzaf-25a2dcc8cc3288cd52578f03a8af0ab5 av_one_fourth  avia-builder-el-20  el_after_av_one_half  avia-builder-el-last  flex_column_div  column-top-margin'     ><\/div>","protected":false},"excerpt":{"rendered":"","protected":false},"author":1,"featured_media":0,"parent":187,"menu_order":0,"comment_status":"closed","ping_status":"closed","template":"","meta":{"footnotes":""},"class_list":["post-3591","page","type-page","status-publish","hentry"],"_links":{"self":[{"href":"https:\/\/spanish.drchugay.com\/es\/wp-json\/wp\/v2\/pages\/3591","targetHints":{"allow":["GET"]}}],"collection":[{"href":"https:\/\/spanish.drchugay.com\/es\/wp-json\/wp\/v2\/pages"}],"about":[{"href":"https:\/\/spanish.drchugay.com\/es\/wp-json\/wp\/v2\/types\/page"}],"author":[{"embeddable":true,"href":"https:\/\/spanish.drchugay.com\/es\/wp-json\/wp\/v2\/users\/1"}],"replies":[{"embeddable":true,"href":"https:\/\/spanish.drchugay.com\/es\/wp-json\/wp\/v2\/comments?post=3591"}],"version-history":[{"count":110,"href":"https:\/\/spanish.drchugay.com\/es\/wp-json\/wp\/v2\/pages\/3591\/revisions"}],"predecessor-version":[{"id":12951,"href":"https:\/\/spanish.drchugay.com\/es\/wp-json\/wp\/v2\/pages\/3591\/revisions\/12951"}],"up":[{"embeddable":true,"href":"https:\/\/spanish.drchugay.com\/es\/wp-json\/wp\/v2\/pages\/187"}],"wp:attachment":[{"href":"https:\/\/spanish.drchugay.com\/es\/wp-json\/wp\/v2\/media?parent=3591"}],"curies":[{"name":"wp","href":"https:\/\/api.w.org\/{rel}","templated":true}]}}