{"id":36,"date":"2009-07-01T20:01:51","date_gmt":"2009-07-01T20:01:51","guid":{"rendered":"https:\/\/spanish.drchugay.com\/buttock-augmentation-surgery\/"},"modified":"2023-02-08T17:03:02","modified_gmt":"2023-02-09T01:03:02","slug":"cirugia-de-aumento-de-gluteos","status":"publish","type":"page","link":"https:\/\/spanish.drchugay.com\/es\/procedimientos\/cirugia-de-esculpido-corporal\/cirugia-de-aumento-de-gluteos\/","title":{"rendered":"Cirug\u00eda de aumento de gl\u00fateos"},"content":{"rendered":"<div  class='flex_column av-av_one_full-7714eba142aeda1f8b5272a3c372b279 av_one_full  avia-builder-el-0  avia-builder-el-no-sibling  first flex_column_div'     ><section  class='av_textblock_section av-av_textblock-154edf3b81ea89278a85a087be81f544'   itemscope=\"itemscope\" itemtype=\"https:\/\/schema.org\/CreativeWork\" ><div class='avia_textblock'  itemprop=\"text\" ><p>Unas sentaderas redondeadas son el objetivo compartido por muchas personas que se pasan innumerables horas ejercit\u00e1ndose en m\u00e1quinas de step o subiendo y bajando escaleras.  Y, sin embargo, el \u00e1rea de las sentaderas es particularmente resistente al cambio.<\/p>\n<p>Por fin existe una forma de conseguir unos gl\u00fateos perfectos para las personas que tienen unos gl\u00fateos persistentemente planos. El Dr. Chugay ha desarrollado un procedimiento de cirug\u00eda pl\u00e1stica que har\u00e1 por los gl\u00fateos lo que el aumento de pecho hizo por los senos (y sin las nefastas consecuencias que algunos han encontrado con ciertos implantes mamarios). Seguro, pr\u00e1ctico y eficaz, <strong>El Dr. Chugay ha perfeccionado un procedimiento para darle el trasero perfectamente redondo que siempre ha deseado.<\/strong><\/p>\n<p>*LOS RESULTADOS INDIVIDUALES VAR\u00cdAN. LOS IM\u00c1GENES NO CONSTITUYEN UNA PROMESA O REPRESENTACI\u00d3N DE NING\u00daN RESULTADO O EXPERIENCIA EN PARTICULAR.<\/p>\n<p style=\"text-align: center;\"><img loading=\"lazy\" decoding=\"async\" class=\"size-full wp-image-35\" title=\"Cirug\u00eda de aumento de gl\u00fateos\" src=\"https:\/\/spanish.drchugay.com\/wp-content\/uploads\/2009\/07\/butt-augmen.jpg\" alt=\"Cirug\u00eda de aumento de gl\u00fateos\" width=\"345\" height=\"457\" border=\"0\" \/><\/p>\n<h4><strong>HISTORIA DEL AUMENTO DE GL\u00daTEOS<\/strong><\/h4>\n<p>Desde el 1969, cirujanos pl\u00e1sticos del mundo entero han intentado encontrar una soluci\u00f3n encontrar una soluci\u00f3n para mejorar la forma de las sentaderas planas. Se desarrollaron numerosos procedimientos e implantes que, si bien no lograron que se alcanzara la apariencia deseada, ocasionaron numerosas complicaciones y riesgos para la salud.<\/p>\n<h4><strong>Implantes de gel de silicona<\/strong><\/h4>\n<p>En el pasado, los implantes de gl\u00fateos eran de gel de silicona, similares a los implantes mamarios que tanta controversia han generado. El riesgo de rotura, siempre presente, hizo que muchos cirujanos se resistieran a colocar implantes de gel.<\/p>\n<p>Si se rompe un implante, el gel de silicona puede migrar a cualquier parte del cuerpo, creando desagradables bultos (granulomas) en algunas zonas inesperadas: bajo la piel de las piernas, brazos, pecho, vientre; tal vez, incluso bultos potencialmente mortales en \u00f3rganos internos. La rotura de un implante puede dar lugar a infecciones secundarias que causen graves debilitaciones o la muerte.<\/p>\n<h4><strong>Implantes de soluci\u00f3n salina<\/strong><\/h4>\n<p>Estos implantes son m\u00e1s seguros que los de gel de silicona en cuanto a que no producir\u00e1n bultos y no es probable que causen infecciones secundarias (despu\u00e9s de todo, el agua es absorbida por el cuerpo).<\/p>\n<p>Sin embargo, los implantes de soluci\u00f3n salina tambi\u00e9n se pueden romper si se pinchan con una aguja o si se aplastan por la presi\u00f3n de una ca\u00edda o una presi\u00f3n repentina en las sentaderas.<\/p>\n<h4><strong>COLOCACI\u00d3N TRADICIONAL DE IMPLANTES<\/strong><\/h4>\n<p>Los implantes de gl\u00fateos se colocaban tradicionalmente debajo de la piel y la grasa, sobre los gl\u00fateos. Esto era habitual para la mayor\u00eda de los cirujanos porque era relativamente simple y f\u00e1cil de aprender.<\/p>\n<p>Sin embargo, esta colocaci\u00f3n no produc\u00eda los resultados deseados. Con la edad, en la mayor\u00eda de los pacientes, la gravedad hac\u00eda que los implantes se desplazaran, creando una aspecto poco agradable de las sentaderas. Incluso despu\u00e9s de extraer los implantes, la piel se manten\u00eda ca\u00edda (no demasiado, pero visible), y su elasticidad se destru\u00eda. En lugar de unas sentaderas con forma de \u201cS\u201d, las pacientes terminaban con unas sentaderas colgantes.<\/p>\n<p>Incluso antes de la desafortunada ca\u00edda, los resultados de la cirug\u00eda eran poco satisfactorios con demasiada frecuencia, ya que los bordes de los implantes a menudo era visibles a trav\u00e9s de la piel.<\/p>\n<p>La incisi\u00f3n se hac\u00eda tradicionalmente (por razones de simplicidad) en el pliegue subgl\u00fateo (el pliegue donde se unen las sentaderas y el muslo). Esa posici\u00f3n de la incisi\u00f3n muy frecuentemente creaba cicatrices muy visibles y desagradables.<\/p>\n<h4><strong>EXTRACCI\u00d3N DE GRASAS<\/strong><\/h4>\n<p>Para resolver los problemas mencionados, algunos cirujanos desarrollaron un procedimiento llamado \"injerto de grasa aut\u00f3loga\". En t\u00e9rminos sencillos, tomaron grasa de un lugar del cuerpo y la inyectaron en los gl\u00fateos.<\/p>\n<p>Desgraciadamente, a diferencia de la obstinada grasa natural de los gl\u00fateos, la grasa injertada no permanec\u00eda en los gl\u00fateos. Con el tiempo, m\u00e1s de 60% de la grasa inyectada ser\u00eda absorbida por el cuerpo, requiriendo nuevas y costosas inyecciones.<\/p>\n<p>Adem\u00e1s, este procedimiento no produc\u00eda unos gl\u00fateos firmes; al fin y al cabo, la grasa es blanda. Al contrario, produc\u00eda unos gl\u00fateos abultados, con aspecto de reques\u00f3n.<\/p>\n<p>El Dr. Chugay, sin embargo, ha comenzado recientemente a utilizar c\u00e9lulas madre para aumentar la toma general de grasa en el sitio inyectado. Utilizando la revolucionaria tecnolog\u00eda de c\u00e9lulas madre, el Dr. Chugay ha aumentado la retenci\u00f3n global \/ permanencia de las inyecciones de grasa de 40% a 90%. En un procedimiento que se realiza en el quir\u00f3fano durante su cirug\u00eda, un bioqu\u00edmico extraer\u00e1 c\u00e9lulas madre de sus c\u00e9lulas de grasa. \u00c9stas se combinar\u00e1n con sus c\u00e9lulas adiposas y se inyectar\u00e1n en la regi\u00f3n gl\u00fatea para dar m\u00e1s volumen a la zona.<\/p>\n<h4><strong>DR. PROCEDIMIENTO DEL DR. CHUGAY PARA EL AUMENTO DE GL\u00daTEOS<\/strong><\/h4>\n<p>El Dr. Chugay ha desarrollado un procedimiento que resolvi\u00f3 los problemas mencionados antes, produciendo resultados est\u00e9ticamente agradables con un m\u00ednimo de cicatrices y sin riesgo de rotura de los implantes.<\/p>\n<p style=\"padding-left: 30px;\"><strong>Implante<\/strong><\/p>\n<p style=\"padding-left: 30px;\">En este procedimiento, un <strong>implante de silicona flexible y s\u00f3lido<\/strong> se utiliza. Gracias a los avances cient\u00edficos, la silicona en gel ya no es necesaria. Este implante s\u00f3lido es lo suficientemente blando como para tener un aspecto y un tacto naturales. Los implantes de silicona s\u00f3lida no pueden romperse. Por ello, la FDA no ve con malos ojos este tipo de implantes (a diferencia de la silicona en gel).<\/p>\n<p style=\"padding-left: 30px;\">El Dr. Chugay dise\u00f1\u00f3 cuidadosamente implantes de silicona s\u00f3lida y design\u00f3 a AART Corporation como fabricante. Cada implante se fabrica a medida; su aspecto depende de la anatom\u00eda y los deseos de la paciente.<\/p>\n<p style=\"padding-left: 30px;\"><strong>Colocaci\u00f3n<\/strong><\/p>\n<p style=\"padding-left: 30px;\">El Dr. Chugay ha desarrollado una colocaci\u00f3n revolucionaria del implante: entre los m\u00fasculos de los gl\u00fateos. En el pasado, otros m\u00e9dicos intentaron la colocaci\u00f3n intramuscular. Sin embargo, debido a la dificultad de confinar el implante en la zona adecuada, muchos cirujanos fracasaron en sus intentos.<\/p>\n<p style=\"padding-left: 30px;\">La incisi\u00f3n se hace entre las sentaderas, por lo tanto no es visible a simple vista. \u00a1No m\u00e1s cicatrices feas!<\/p>\n<p style=\"padding-left: 30px;\"><strong>Ventajas<\/strong><\/p>\n<blockquote>\n<ul>\n<li>No m\u00e1s sentaderas ca\u00eddas. Los gl\u00fateos mantienen a los implantes firmemente sujetos<\/li>\n<li>Apariencia natural. El implante est\u00e1 cubierto por m\u00fasculo; no es visible, y no se puede notar al tacto<\/li>\n<li>La colocaci\u00f3n m\u00e1s profunda y la dureza del implante eliminan la posibilidad de ruptura<\/li>\n<li>No se producen infecciones secundarias ocasionadas por la ruptura del implante<\/li>\n<li>Prevenci\u00f3n de seromas (acumulaci\u00f3n de l\u00edquido en la zona del implante, potencialmente peligroso y desagradable a la vista). Unos drenajes quir\u00fargicos especiales eliminan el l\u00edquido del cuerpo si se acumula.<\/li>\n<\/ul>\n<\/blockquote>\n<h4><strong>DESPU\u00c9S DE LA CIRUG\u00cdA<\/strong><\/h4>\n<p>El Dr. Chugay les recomienda a sus pacientes que no usen sus nuevas sentaderas por aproximadamente 2 semanas para facilitar el proceso de cicatrizaci\u00f3n. Se le colocar\u00e1 un vendaje especial en el \u00e1rea despu\u00e9s de la operaci\u00f3n, que se le retirar\u00e1 en su primera visita postoperatoria varios d\u00edas despu\u00e9s de la cirug\u00eda.  Despu\u00e9s de aproximadamente un mes, las pacientes pueden reanudar poco a poco el ejercicio con una intensidad menor, y volver a su actividad normal 6 semanas despu\u00e9s de la cirug\u00eda.<\/p>\n<\/div><\/section><\/div>","protected":false},"excerpt":{"rendered":"","protected":false},"author":1,"featured_media":0,"parent":24,"menu_order":22,"comment_status":"closed","ping_status":"closed","template":"","meta":{"footnotes":""},"class_list":["post-36","page","type-page","status-publish","hentry"],"_links":{"self":[{"href":"https:\/\/spanish.drchugay.com\/es\/wp-json\/wp\/v2\/pages\/36","targetHints":{"allow":["GET"]}}],"collection":[{"href":"https:\/\/spanish.drchugay.com\/es\/wp-json\/wp\/v2\/pages"}],"about":[{"href":"https:\/\/spanish.drchugay.com\/es\/wp-json\/wp\/v2\/types\/page"}],"author":[{"embeddable":true,"href":"https:\/\/spanish.drchugay.com\/es\/wp-json\/wp\/v2\/users\/1"}],"replies":[{"embeddable":true,"href":"https:\/\/spanish.drchugay.com\/es\/wp-json\/wp\/v2\/comments?post=36"}],"version-history":[{"count":7,"href":"https:\/\/spanish.drchugay.com\/es\/wp-json\/wp\/v2\/pages\/36\/revisions"}],"predecessor-version":[{"id":12577,"href":"https:\/\/spanish.drchugay.com\/es\/wp-json\/wp\/v2\/pages\/36\/revisions\/12577"}],"up":[{"embeddable":true,"href":"https:\/\/spanish.drchugay.com\/es\/wp-json\/wp\/v2\/pages\/24"}],"wp:attachment":[{"href":"https:\/\/spanish.drchugay.com\/es\/wp-json\/wp\/v2\/media?parent=36"}],"curies":[{"name":"wp","href":"https:\/\/api.w.org\/{rel}","templated":true}]}}