{"id":3604,"date":"2014-04-09T14:01:19","date_gmt":"2014-04-09T21:01:19","guid":{"rendered":"https:\/\/spanish.drchugay.com\/?page_id=3604"},"modified":"2024-11-07T15:01:03","modified_gmt":"2024-11-07T23:01:03","slug":"paquete-mommy-makeover","status":"publish","type":"page","link":"https:\/\/spanish.drchugay.com\/es\/informacion-del-paciente\/especiales\/paquete-mommy-makeover\/","title":{"rendered":"Pack Maquillaje Mam\u00e1 y Yo"},"content":{"rendered":"<p>\n<style type=\"text\/css\" data-created_by=\"avia_inline_auto\" id=\"style-css-av-4b9xck-83b4e028ad765ebeaf151b8d468390f0\">\n#top .av-special-heading.av-4b9xck-83b4e028ad765ebeaf151b8d468390f0{\npadding-bottom:10px;\n}\nbody .av-special-heading.av-4b9xck-83b4e028ad765ebeaf151b8d468390f0 .av-special-heading-tag .heading-char{\nfont-size:25px;\n}\n.av-special-heading.av-4b9xck-83b4e028ad765ebeaf151b8d468390f0 .av-subheading{\nfont-size:15px;\n}\n<\/style>\n<div  class='av-special-heading av-4b9xck-83b4e028ad765ebeaf151b8d468390f0 av-special-heading-h2  avia-builder-el-0  el_before_av_textblock  avia-builder-el-first'><h2 class='av-special-heading-tag'  itemprop=\"headline\"  >Cirug\u00eda Est\u00e9tica Liposucci\u00f3n e Implantes Especiales - Mommy and Me Makeover Paquetes<\/h2><div class=\"special-heading-border\"><div class=\"special-heading-inner-border\"><\/div><\/div><\/div><br \/>\n<section  class='av_textblock_section av-19t35ac-d36bf8d87fb2a53a3b14da5a5dfca380'   itemscope=\"itemscope\" itemtype=\"https:\/\/schema.org\/CreativeWork\" ><div class='avia_textblock'  itemprop=\"text\" ><p>Todos sabemos que tener y criar hijos puede ser duro para el cuerpo. El envejecimiento tambi\u00e9n puede pasar factura y, a veces puede parecer que es una batalla cuesta abajo la lucha contra los signos del envejecimiento y los efectos que nuestros peque\u00f1os paquetes de alegr\u00eda pueden tener en los cuerpos. Para aquellos con hijas mayores que tambi\u00e9n pueden sentir los efectos secundarios del parto y el crecimiento, la Cl\u00ednica de Cirug\u00eda Est\u00e9tica Chugay ofrece un maravilloso paquete de cambio de imagen \"Mam\u00e1 y yo\". Si usted y su hija quieren un lifting facial, abdominoplastia o un procedimiento de aumento de pecho (implante), \u00a1hay algo para las dos!<br \/>\n*LOS RESULTADOS INDIVIDUALES VARIAR\u00c1N.<\/p>\n<\/div><\/section><br \/>\n<div id='avia-messagebox-' class='avia_message_box av_notification av-32w9x0-24f0e498a3e0303af43f18c9b21071d6 avia-color-blue avia-size-large avia-icon_select-yes avia-border-  avia-builder-el-2  el_after_av_textblock  el_before_av_one_full' ><span class='avia_message_box_title' >FINANCIACI\u00d3N DISPONIBLE<\/span><div class=\"avia_message_box_content\"><span class='avia_message_box_icon avia-iconfont avia-font-entypo-fontello' data-av_icon='\ue827' data-av_iconfont='entypo-fontello' ><\/span><p><span style=\"padding-top: 20px;\">\u00a1Pagos mensuales tan bajos como $300 \/mes!<\/span><\/p>\n<\/div><\/div><br \/>\n<div  class='flex_column av-17vlfk4-904f2033445c264977ca9d09b10bb073 av_one_full  avia-builder-el-3  el_after_av_notification  el_before_av_textblock  first flex_column_div'     ><p><div class='avia-data-table-wrap av-16bzjno-040e121bbba8f700b037d69d5adcceda avia_responsive_table avia-table-1'><table  class='avia-table avia-data-table avia_pricing_default  avia-builder-el-4  el_before_av_textblock  avia-builder-el-first'  itemscope=\"itemscope\" itemtype=\"https:\/\/schema.org\/Table\" ><caption>Especiales de temporada<\/caption><tbody><tr class='avia-heading-row'><th class=''><\/p>\n<h4>PROCEDIMIENTO<\/h4>\n<p>Noviembre-diciembre de 2024<br \/>\n<\/th><th class=''><\/p>\n<h4>ESPECIAL<\/h4>\n<p><\/th><\/tr><tr class=''><td class=''><strong>Lifting de la mitad superior de la cara y del cuello<\/strong><br \/>\nAumento mamario con implantes de soluci\u00f3n salina<\/td><td class=''><\/p>\n<h5 style=\"color: #189cd8;\">$ 18,000.00<\/h5>\n<p><\/td><\/tr><tr class=''><td class=''><strong>Abdominoplastia\/Liposucci\u00f3n de cintura<\/strong><br \/>\nAumento del busto con implantes de agua salina<\/td><td class=''><\/p>\n<h5 style=\"color: #189cd8;\">$ 11,000.00<\/h5>\n<p><\/td><\/tr><tr class=''><td class=''><strong>Aumento del busto con implantes de agua salina<\/strong><br \/>\nAbdominoplastia\/Liposucci\u00f3n de cintura<br \/>\nLiposucci\u00f3n de una zona<\/td><td class=''><\/p>\n<h5 style=\"color: #189cd8;\">$ 12,000.00<\/h5>\n<p><\/td><\/tr><tr class=''><td class=''><strong>Elevaci\u00f3n\/reducci\u00f3n mamaria<\/strong><br \/>\nAbdominoplastia y liposucci\u00f3n de cintura <\/td><td class=''><\/p>\n<h5 style=\"color: #189cd8;\">$ 12,000.00<\/h5>\n<p><\/td><\/tr><tr class=''><td class=''><strong>Elevaci\u00f3n\/reducci\u00f3n mamaria con implantes salinos<\/strong><br \/>\nAbdominoplastia y liposucci\u00f3n de cintura<\/td><td class=''><\/p>\n<h5 style=\"color: #189cd8;\">$ 12,000.00<\/h5>\n<p><\/td><\/tr><\/tbody><\/table><\/div><style type='text\/css'>.avia-table-1 td:nth-of-type(1):before { content: '\nPROCEDURE\nNovember-December 2024\n'; } .avia-table-1 td:nth-of-type(2):before { content: '\nSPECIAL\n'; } <\/style><br \/>\n\n<style type=\"text\/css\" data-created_by=\"avia_inline_auto\" id=\"style-css-av-anc8c4-335d2ca3bff674ce18789163624fd6ba\">\n#top .av_textblock_section.av-anc8c4-335d2ca3bff674ce18789163624fd6ba .avia_textblock{\nfont-size:12px;\n}\n<\/style>\n<section  class='av_textblock_section av-anc8c4-335d2ca3bff674ce18789163624fd6ba'   itemscope=\"itemscope\" itemtype=\"https:\/\/schema.org\/CreativeWork\" ><div class='avia_textblock'  itemprop=\"text\" ><p><em>*Algunas restricciones aplican<\/em><\/p>\n<\/div><\/section><\/p><\/div><section  class='av_textblock_section av-98l8qc-cde9996fe388b86f2502f109553b7f68'   itemscope=\"itemscope\" itemtype=\"https:\/\/schema.org\/CreativeWork\" ><div class='avia_textblock'  itemprop=\"text\" ><p><strong>Nota importante: <\/strong><br \/>\nPara implantes de silicona opcionales. Si desea cambiar sus implantes de aumento mamario a silicona, se a\u00f1adir\u00e1 una tarifa adicional de $ 1.000,00 a cada paquete aplicable. La silicona puede a\u00f1adir una sensaci\u00f3n m\u00e1s natural a sus implantes.<br \/>\nTODOS NUESTROS PAQUETES INCLUYEN: Consulta, laboratorios preoperatorios, electrocardiograma, cirug\u00eda y seguimiento postoperatorio.<br \/>\nLa anestesia es una tarifa aparte de $ 800,00 a $ 1.500,00<\/p>\n<div style=\"font-size: 12px;\"><em>*Algunas restricciones aplican<\/em><br \/>\nNUESTRAS PROMOCIONES DE TEMPORADA - PRECIOS ESPECIALES PARA NOVIEMBRE-DICIEMBRE 2024....LOS PRECIOS ESPECIALES EXPIRAR\u00c1N EL 31 DE DICIEMBRE DE 2024<\/div>\n<div style=\"font-size: 11px;\">*LOS RESULTADOS INDIVIDUALES VARIAR\u00c1N.<\/div>\n<h3>Transformaci\u00f3n de mami maquilla de la Dema de Reto - Testimonio de una paciente real<\/h3>\n<p>Conoce a Simone, una californiana de 38 a\u00f1os, madre de seis hijos. Escucha la incre\u00edble historia de transformaci\u00f3n de Simone, c\u00f3mo fue capaz de alcanzar sus objetivos y observa sus espectaculares resultados.<\/p>\n<\/div><\/section><br \/>\n\n<style type=\"text\/css\" data-created_by=\"avia_inline_auto\" id=\"style-css-av-m36b4y3v-a028106e4cf46ff68b8274f5a9725e14\">\n.avia-video.av-m36b4y3v-a028106e4cf46ff68b8274f5a9725e14{\nbackground-image:url(https:\/\/spanish.drchugay.com\/wp-content\/uploads\/2022\/01\/youtube-100-pound-weight-loss.jpg);\n}\n<\/style>\n<div  class='avia-video av-m36b4y3v-a028106e4cf46ff68b8274f5a9725e14 avia-video-16-9 av-preview-image avia-video-lightbox av-lazyload-video-embed avia-video-external-service'  itemprop=\"video\" itemtype=\"https:\/\/schema.org\/VideoObject\"  data-original_url='https:\/\/www.youtube.com\/watch?v=wzYhf-OOzjo&autoplay=1&allow=\u201cautoplay\u201d'><script type='text\/html' class='av-video-tmpl'><a href='https:\/\/www.youtube.com\/watch?v=wzYhf-OOzjo&autoplay=1&allow=\u201cautoplay\u201d' class='mfp-iframe lightbox-link' data-custom_class='avia-mfp-is-video avia-mfp-video-16-9  '><\/a><\/script><div class=\"av-click-to-play-overlay play-lightbox\"><div class=\"avia_playpause_icon\"><\/div><\/div><\/div><br \/>\n<div  class='hr av-84ewtw-be027f46ab288dbfe1e64a749408dc6c hr-short  avia-builder-el-8  el_after_av_video  el_before_av_heading  hr-center'><span class='hr-inner'><span class=\"hr-inner-style\"><\/span><\/span><\/div><br \/>\n\n<style type=\"text\/css\" data-created_by=\"avia_inline_auto\" id=\"style-css-av-308ok4-4f3c90e7695da080f3162b7c5928c39e\">\n#top .av-special-heading.av-308ok4-4f3c90e7695da080f3162b7c5928c39e{\npadding-bottom:10px;\n}\nbody .av-special-heading.av-308ok4-4f3c90e7695da080f3162b7c5928c39e .av-special-heading-tag .heading-char{\nfont-size:25px;\n}\n.av-special-heading.av-308ok4-4f3c90e7695da080f3162b7c5928c39e .av-subheading{\nfont-size:15px;\n}\n<\/style>\n<div  class='av-special-heading av-308ok4-4f3c90e7695da080f3162b7c5928c39e av-special-heading-h3  avia-builder-el-9  el_after_av_hr  el_before_av_one_half'><h3 class='av-special-heading-tag'  itemprop=\"headline\"  >Otros especiales disponibles<\/h3><div class=\"special-heading-border\"><div class=\"special-heading-inner-border\"><\/div><\/div><\/div><br \/>\n<div  class='flex_column av-3xpo6s-3f910a37e4d3c4dc046a211bf50d5026 av_one_half  avia-builder-el-10  el_after_av_heading  avia-builder-el-last  first flex_column_div'     ><article  class='iconbox iconbox_top av-2gsnxw-97a56c13810c51584dc9aa5136b0c876  avia-builder-el-11  avia-builder-el-no-sibling  main_color'  itemscope=\"itemscope\" itemtype=\"https:\/\/schema.org\/CreativeWork\" ><div class=\"iconbox_content\"><header class=\"entry-content-header\" aria-label=\"Icon: Mommy Makeover\"><a href='\/es\/informacion-del-paciente\/especiales\/paquetes-mommy-makeover\/' title='Galer\u00eda de renovaci\u00f3n para mam\u00e1s' aria-label='Galer\u00eda de renovaci\u00f3n para mam\u00e1s'  class='iconbox_icon heading-color avia-iconfont avia-font-entypo-fontello' data-av_icon='\ue827' data-av_iconfont='entypo-fontello' desc=\"Mommy Makeover\" ><\/a><h3 class='iconbox_content_title'  itemprop=\"headline\" ><a href='\/es\/informacion-del-paciente\/especiales\/paquetes-mommy-makeover\/' title='Galer\u00eda de renovaci\u00f3n para mam\u00e1s' >Galer\u00eda de renovaci\u00f3n para mam\u00e1s<\/a><\/h3><\/header><div class='iconbox_content_container'  itemprop=\"text\" ><p style=\"text-align: center;\"><a href=\"\/es\/informacion-del-paciente\/especiales\/paquetes-mommy-makeover\/\"><img loading=\"lazy\" decoding=\"async\" class=\"aligncenter size-full wp-image-3595\" src=\"\/wp-content\/uploads\/2014\/04\/mommy_make_over.jpg\" alt=\"mommy_make_over\" width=\"413\" height=\"154\" srcset=\"https:\/\/spanish.drchugay.com\/wp-content\/uploads\/2014\/04\/mommy_make_over.jpg 413w, https:\/\/spanish.drchugay.com\/wp-content\/uploads\/2014\/04\/mommy_make_over-300x111.jpg 300w\" sizes=\"auto, (max-width: 413px) 100vw, 413px\" \/><\/a><\/p>\n<\/div><\/div><footer class=\"entry-footer\"><\/footer><\/article><\/div><\/p>","protected":false},"excerpt":{"rendered":"","protected":false},"author":1,"featured_media":0,"parent":3591,"menu_order":0,"comment_status":"closed","ping_status":"closed","template":"","meta":{"footnotes":""},"class_list":["post-3604","page","type-page","status-publish","hentry"],"_links":{"self":[{"href":"https:\/\/spanish.drchugay.com\/es\/wp-json\/wp\/v2\/pages\/3604","targetHints":{"allow":["GET"]}}],"collection":[{"href":"https:\/\/spanish.drchugay.com\/es\/wp-json\/wp\/v2\/pages"}],"about":[{"href":"https:\/\/spanish.drchugay.com\/es\/wp-json\/wp\/v2\/types\/page"}],"author":[{"embeddable":true,"href":"https:\/\/spanish.drchugay.com\/es\/wp-json\/wp\/v2\/users\/1"}],"replies":[{"embeddable":true,"href":"https:\/\/spanish.drchugay.com\/es\/wp-json\/wp\/v2\/comments?post=3604"}],"version-history":[{"count":19,"href":"https:\/\/spanish.drchugay.com\/es\/wp-json\/wp\/v2\/pages\/3604\/revisions"}],"predecessor-version":[{"id":11736,"href":"https:\/\/spanish.drchugay.com\/es\/wp-json\/wp\/v2\/pages\/3604\/revisions\/11736"}],"up":[{"embeddable":true,"href":"https:\/\/spanish.drchugay.com\/es\/wp-json\/wp\/v2\/pages\/3591"}],"wp:attachment":[{"href":"https:\/\/spanish.drchugay.com\/es\/wp-json\/wp\/v2\/media?parent=3604"}],"curies":[{"name":"wp","href":"https:\/\/api.w.org\/{rel}","templated":true}]}}