{"id":38,"date":"2009-07-01T20:03:34","date_gmt":"2009-07-01T20:03:34","guid":{"rendered":"https:\/\/spanish.drchugay.com\/muscle-augmentation-surgery\/"},"modified":"2024-07-12T05:57:12","modified_gmt":"2024-07-12T12:57:12","slug":"cirugia-de-aumento-muscular","status":"publish","type":"page","link":"https:\/\/spanish.drchugay.com\/es\/procedimientos\/cirugia-de-esculpido-corporal\/cirugia-de-aumento-muscular\/","title":{"rendered":"Aumento muscular"},"content":{"rendered":"<div  class='flex_column av-xc9e-4192b8386d115f7b007c4529b9be2465 av_one_full  avia-builder-el-0  avia-builder-el-no-sibling  first flex_column_div'     ><section  class='av_textblock_section av-ldwehe79-ee3ef96dd0512d791743b69c9d90f3b9'   itemscope=\"itemscope\" itemtype=\"https:\/\/schema.org\/CreativeWork\" ><div class='avia_textblock'  itemprop=\"text\" ><div id=\"attachment_37\" style=\"width: 355px\" class=\"wp-caption alignright\"><img loading=\"lazy\" decoding=\"async\" aria-describedby=\"caption-attachment-37\" class=\"wp-image-37 size-full\" style=\"margin-right: 10px; margin-bottom: 10px; float: left;\" src=\"https:\/\/spanish.drchugay.com\/wp-content\/uploads\/2009\/07\/body-implants.jpg\" alt=\"M\u00fasculo\" width=\"345\" height=\"457\" \/><p id=\"caption-attachment-37\" class=\"wp-caption-text\">*LOS RESULTADOS INDIVIDUALES VAR\u00cdAN. LOS IM\u00c1GENES NO CONSTITUYEN UNA PROMESA O REPRESENTACI\u00d3N DE NING\u00daN RESULTADO O EXPERIENCIA EN PARTICULAR.<\/p><\/div>\n<p>El advenimiento de la nueva era en la evoluci\u00f3n social humana ha dado lugar, una vez m\u00e1s, a una mayor atenci\u00f3n a la est\u00e9tica corporal. Al igual que los antiguos griegos, adoramos la belleza f\u00edsica, ya sea consciente o inconscientemente.<\/p>\n<p>El aumento muscular es una alternativa viable a pasar horas y horas levantando pesas y haciendo aer\u00f3bic, no s\u00f3lo para quienes ans\u00edan la perfecci\u00f3n, sino tambi\u00e9n para quienes desean lograr un simple equilibrio o simetr\u00eda en su f\u00edsico.<\/p>\n<p>Para muchas personas, no hay ejercicio que garantice los resultados que desean y merecen.<\/p>\n<p>Cuando toma un paciente que busca aumentar su musculatura, el Dr. Chugay equilibrar\u00e1 cuidadosamente el deseo de est\u00e9tica corporal con la necesidad m\u00e9dica. Si desea convertirse en un candidato para estos procedimientos, el Dr. Chugay evaluar\u00e1 su estado mental y emocional, y usted y el m\u00e9dico tomar\u00e1 la decisi\u00f3n final si el aumento muscular es adecuado para usted.<\/p>\n<h3>Los principios<\/h3>\n<p>El Dr. Chugay ha creado personalmente procedimientos especiales, ha dise\u00f1ado implantes \u00fanicos y ha perfeccionado otras metodolog\u00edas para aumentar diversas zonas del cuerpo con el fin de proporcionarle el f\u00edsico con el que siempre ha so\u00f1ado.<\/p>\n<h3>\u00bfQu\u00e9 m\u00fasculos pueden aumentarse?<\/h3>\n<p>Los m\u00fasculos de los gl\u00fateos (para hombres y mujeres), los m\u00fasculos del pecho (para hombres), los b\u00edceps, los tr\u00edceps, los deltoides y las pantorrillas. Es posible aumentar otros grupos musculares. Si est\u00e1 interesado en aumentar otros grupos musculares, deber\u00e1 concertar una cita con el Dr. Chugay. \u00c9l le explicar\u00e1 si es m\u00e9dicamente adecuado y factible.<\/p>\n<p><strong>Para m\u00e1s informaci\u00f3n sobre el aumento muscular, elija una de las siguientes regiones:<\/strong><\/p>\n<ul>\n<li><a href=\"https:\/\/spanish.drchugay.com\/es\/procedimientos\/cirugia-de-esculpido-corporal\/inconsplantes-de-buttock\/\">Lipoescultura de sentaderas<\/a><\/li>\n<li><a href=\"https:\/\/spanish.drchugay.com\/es\/procedimientos\/cirugia-de-esculpido-corporal\/implantes-de-pantorrilla\/\">Ternera<\/a><\/li>\n<li><a href=\"https:\/\/spanish.drchugay.com\/es\/procedimientos\/cirugia-de-esculpido-corporal\/implantes-pectorales\/\">Pectoral<\/a><\/li>\n<li><a href=\"https:\/\/spanish.drchugay.com\/es\/procedimientos\/cirugia-de-esculpido-corporal\/implantes-de-bicep\/\">B\u00edceps <\/a><\/li>\n<li><a href=\"https:\/\/spanish.drchugay.com\/es\/procedimientos\/cirugia-de-esculpido-corporal\/implantes-de-triceps\/\">Tr\u00edceps<\/a><\/li>\n<li><a href=\"https:\/\/spanish.drchugay.com\/es\/procedimientos\/cirugia-de-esculpido-corporal\/implantes-de-deltoides\/\">Deltoides <\/a><\/li>\n<\/ul>\n<\/div><\/section><\/div>","protected":false},"excerpt":{"rendered":"","protected":false},"author":1,"featured_media":0,"parent":24,"menu_order":23,"comment_status":"closed","ping_status":"closed","template":"","meta":{"footnotes":""},"class_list":["post-38","page","type-page","status-publish","hentry"],"_links":{"self":[{"href":"https:\/\/spanish.drchugay.com\/es\/wp-json\/wp\/v2\/pages\/38","targetHints":{"allow":["GET"]}}],"collection":[{"href":"https:\/\/spanish.drchugay.com\/es\/wp-json\/wp\/v2\/pages"}],"about":[{"href":"https:\/\/spanish.drchugay.com\/es\/wp-json\/wp\/v2\/types\/page"}],"author":[{"embeddable":true,"href":"https:\/\/spanish.drchugay.com\/es\/wp-json\/wp\/v2\/users\/1"}],"replies":[{"embeddable":true,"href":"https:\/\/spanish.drchugay.com\/es\/wp-json\/wp\/v2\/comments?post=38"}],"version-history":[{"count":8,"href":"https:\/\/spanish.drchugay.com\/es\/wp-json\/wp\/v2\/pages\/38\/revisions"}],"predecessor-version":[{"id":12578,"href":"https:\/\/spanish.drchugay.com\/es\/wp-json\/wp\/v2\/pages\/38\/revisions\/12578"}],"up":[{"embeddable":true,"href":"https:\/\/spanish.drchugay.com\/es\/wp-json\/wp\/v2\/pages\/24"}],"wp:attachment":[{"href":"https:\/\/spanish.drchugay.com\/es\/wp-json\/wp\/v2\/media?parent=38"}],"curies":[{"name":"wp","href":"https:\/\/api.w.org\/{rel}","templated":true}]}}