{"id":39,"date":"2009-07-01T20:05:25","date_gmt":"2009-07-01T20:05:25","guid":{"rendered":"https:\/\/spanish.drchugay.com\/medical-innovations\/"},"modified":"2025-03-11T12:37:01","modified_gmt":"2025-03-11T19:37:01","slug":"innovaciones-medicas","status":"publish","type":"page","link":"https:\/\/spanish.drchugay.com\/es\/procedimientos\/innovaciones-medicas\/","title":{"rendered":"Innovaciones"},"content":{"rendered":"<style type=\"text\/css\" data-created_by=\"avia_inline_auto\" id=\"style-css-av-7zjhv-afe8312b6fdb9ecf4acb13f05400d437\">\n#top .av-special-heading.av-7zjhv-afe8312b6fdb9ecf4acb13f05400d437{\npadding-bottom:10px;\n}\nbody .av-special-heading.av-7zjhv-afe8312b6fdb9ecf4acb13f05400d437 .av-special-heading-tag .heading-char{\nfont-size:25px;\n}\n.av-special-heading.av-7zjhv-afe8312b6fdb9ecf4acb13f05400d437 .av-subheading{\nfont-size:15px;\n}\n<\/style>\n<div  class='av-special-heading av-7zjhv-afe8312b6fdb9ecf4acb13f05400d437 av-special-heading-h2  avia-builder-el-0  el_before_av_hr  avia-builder-el-first'><h2 class='av-special-heading-tag'  itemprop=\"headline\"  >Innovaciones<\/h2><div class=\"special-heading-border\"><div class=\"special-heading-inner-border\"><\/div><\/div><\/div>\n\n<style type=\"text\/css\" data-created_by=\"avia_inline_auto\" id=\"style-css-av-l4yln6p6-8c79bbc6366b7f8e79b60f1b14143a3e\">\n#top .hr.hr-invisible.av-l4yln6p6-8c79bbc6366b7f8e79b60f1b14143a3e{\nheight:50px;\n}\n<\/style>\n<div  class='hr av-l4yln6p6-8c79bbc6366b7f8e79b60f1b14143a3e hr-invisible  avia-builder-el-1  el_after_av_heading  el_before_av_one_third'><span class='hr-inner'><span class=\"hr-inner-style\"><\/span><\/span><\/div>\n\n<style type=\"text\/css\" data-created_by=\"avia_inline_auto\" id=\"style-css-av-3xm3n-fbfca8608ed28d57f5e2b1518cd8a44e\">\n.flex_column.av-3xm3n-fbfca8608ed28d57f5e2b1518cd8a44e{\nwidth:32.666666666667%;\n}\n<\/style>\n<div  class='flex_column av-3xm3n-fbfca8608ed28d57f5e2b1518cd8a44e av_one_third  avia-builder-el-2  el_after_av_hr  el_before_av_one_third  first flex_column_div'     ><section  class='av_textblock_section av-3ezt3-515e0011fd01e55a0b4ca55ae26005ce'   itemscope=\"itemscope\" itemtype=\"https:\/\/schema.org\/CreativeWork\" ><div class='avia_textblock'  itemprop=\"text\" ><table class=\"sub_procedures tworow\" style=\"width: 100%; text-align: left;\" border=\"0\" cellspacing=\"5\" cellpadding=\"5\" align=\"center\">\n<tbody>\n<tr>\n<td width=\"33%\"><a class=\"alignright\" style=\"float: right; margin: 0px; padding: 0px;\" title=\"Sonrisa De Estrella De Cine\" href=\"https:\/\/spanish.drchugay.com\/es\/procedimientos\/innovaciones-medicas\/innovacion-en-la-sonrisa-de-estrella-de-cine\/\"><img loading=\"lazy\" decoding=\"async\" class=\"alignright wp-image-310 size-full\" style=\"border: 3px solid #b4b4b4; margin-left: 5px; float: right;\" src=\"https:\/\/spanish.drchugay.com\/wp-content\/uploads\/2011\/10\/inno-movie-star.jpg\" alt=\"inno-movie-star\" width=\"70\" height=\"70\" \/><\/a><\/p>\n<h2><a title=\"Sonrisa De Estrella De Cine\" href=\"https:\/\/spanish.drchugay.com\/es\/procedimientos\/innovaciones-medicas\/innovacion-en-la-sonrisa-de-estrella-de-cine\/\">Sonrisa de estrella de cine<\/a><\/h2>\n<p><a title=\"Sonrisa De Estrella De Cine\" href=\"https:\/\/spanish.drchugay.com\/es\/procedimientos\/innovaciones-medicas\/innovacion-en-la-sonrisa-de-estrella-de-cine\/\">Seguir leyendo<\/a><\/td>\n<\/tr>\n<tr>\n<td width=\"33%\"><a class=\"alignright\" style=\"float: right; margin: 0px; padding: 0px;\" title=\"P\u00e9rdida De Peso Con Colocaci\u00f3n De Malla En La Lengua\" href=\"https:\/\/spanish.drchugay.com\/es\/procedimientos\/innovaciones-medicas\/cirugia-de-parche-lingual-para-perdida-de-peso\/\"><img loading=\"lazy\" decoding=\"async\" class=\"alignright wp-image-313 size-full\" style=\"border: 3px solid #b4b4b4; margin-left: 5px; float: right;\" src=\"https:\/\/spanish.drchugay.com\/wp-content\/uploads\/2011\/10\/inno-tongue-patch.jpg\" alt=\"inno-tongue-patch\" width=\"70\" height=\"70\" \/><\/a><\/p>\n<h2><a title=\"P\u00e9rdida De Peso Con Colocaci\u00f3n De Malla En La Lengua\" href=\"https:\/\/spanish.drchugay.com\/es\/procedimientos\/innovaciones-medicas\/cirugia-de-parche-lingual-para-perdida-de-peso\/\">P\u00c9RDIDA DE PESO CON COLOCACI\u00d3N DE MALLA EN LA LENGUA<\/a><\/h2>\n<p><a title=\"P\u00e9rdida De Peso Con Colocaci\u00f3n De Malla En La Lengua\" href=\"https:\/\/spanish.drchugay.com\/es\/procedimientos\/innovaciones-medicas\/cirugia-de-parche-lingual-para-perdida-de-peso\/\">Seguir leyendo<\/a><\/td>\n<\/tr>\n<\/tbody>\n<\/table>\n<\/div><\/section><\/div>\n\n<style type=\"text\/css\" data-created_by=\"avia_inline_auto\" id=\"style-css-av-2o2fv-55306494aa3ca1ce9497c780fef43f0b\">\n.flex_column.av-2o2fv-55306494aa3ca1ce9497c780fef43f0b{\nwidth:32.666666666667%;\nmargin-left:1%;\nborder-radius:0px 0px 0px 0px;\npadding:0px 0px 0px 0px;\n}\n<\/style>\n<div  class='flex_column av-2o2fv-55306494aa3ca1ce9497c780fef43f0b av_one_third  avia-builder-el-4  el_after_av_one_third  el_before_av_one_third  flex_column_div av-zero-column-padding'     ><section  class='av_textblock_section av-1zpz3-0b0cedb5a16797b129085072f11f3a45'   itemscope=\"itemscope\" itemtype=\"https:\/\/schema.org\/CreativeWork\" ><div class='avia_textblock'  itemprop=\"text\" ><table class=\"sub_procedures tworow\" style=\"width: 100%; text-align: left;\" border=\"0\" cellspacing=\"5\" cellpadding=\"5\" align=\"center\">\n<tbody>\n<tr>\n<td width=\"33%\"><a class=\"alignright\" style=\"float: right; margin: 0px; padding: 0px;\" title=\"Cirug\u00eda de reducci\u00f3n de la pata de gallo\" href=\"https:\/\/spanish.drchugay.com\/es\/procedimientos\/innovaciones-medicas\/innovacion-en-cirugia-para-reduccion-de-patas-de-gallo\/\"><img loading=\"lazy\" decoding=\"async\" class=\"alignright wp-image-311 size-full\" style=\"border: 3px solid #b4b4b4; margin-left: 5px; float: right;\" src=\"https:\/\/spanish.drchugay.com\/wp-content\/uploads\/2011\/10\/inno-crows-feet.jpg\" alt=\"inno-crows-feet\" width=\"70\" height=\"70\" \/><\/a><\/p>\n<h2><a title=\"Cirug\u00eda de reducci\u00f3n de la pata de gallo\" href=\"https:\/\/spanish.drchugay.com\/es\/procedimientos\/innovaciones-medicas\/innovacion-en-cirugia-para-reduccion-de-patas-de-gallo\/\">ELIMINACI\u00d3N DE PATAS DE GALLO<\/a><\/h2>\n<p><a title=\"Cirug\u00eda de reducci\u00f3n de la pata de gallo\" href=\"https:\/\/spanish.drchugay.com\/es\/procedimientos\/innovaciones-medicas\/innovacion-en-cirugia-para-reduccion-de-patas-de-gallo\/\">Seguir leyendo<\/a><\/td>\n<\/tr>\n<\/tbody>\n<\/table>\n<\/div><\/section><\/div>\n<style type=\"text\/css\" data-created_by=\"avia_inline_auto\" id=\"style-css-av-1oqrb-f66d1fa07e4bceae5a92bd68a0609906\">\n.flex_column.av-1oqrb-f66d1fa07e4bceae5a92bd68a0609906{\nwidth:32.666666666667%;\nmargin-left:1%;\nborder-radius:0px 0px 0px 0px;\npadding:0px 0px 0px 0px;\n}\n<\/style>\n<div  class='flex_column av-1oqrb-f66d1fa07e4bceae5a92bd68a0609906 av_one_third  avia-builder-el-6  el_after_av_one_third  el_before_av_hr  flex_column_div av-zero-column-padding'     ><section  class='av_textblock_section av-10l5r-0f2d390465b4198330b57f0b234951dd'   itemscope=\"itemscope\" itemtype=\"https:\/\/schema.org\/CreativeWork\" ><div class='avia_textblock'  itemprop=\"text\" ><table class=\"sub_procedures tworow\" style=\"width: 100%; text-align: left;\" border=\"0\" cellspacing=\"5\" cellpadding=\"5\" align=\"center\">\n<tbody>\n<tr>\n<td valign=\"top\" width=\"33%\"><a href=\"https:\/\/spanish.drchugay.com\/es\/procedimientos\/innovaciones-medicas\/innovacion-en-cirugia-de-liposuccion-de-gluteos\/\"><img loading=\"lazy\" decoding=\"async\" class=\"alignright wp-image-3205 size-full\" style=\"border: 3px solid #b4b4b4; margin-left: 5px;\" src=\"https:\/\/spanish.drchugay.com\/wp-content\/uploads\/2014\/02\/buttock-lipo-sm-70.jpg\" alt=\"nalga-lipo-sm-70\" width=\"70\" height=\"70\" srcset=\"https:\/\/spanish.drchugay.com\/wp-content\/uploads\/2014\/02\/buttock-lipo-sm-70.jpg 70w, https:\/\/spanish.drchugay.com\/wp-content\/uploads\/2014\/02\/buttock-lipo-sm-70-36x36.jpg 36w\" sizes=\"auto, (max-width: 70px) 100vw, 70px\" \/><\/a><\/p>\n<h2><a title=\"Lipoescultura De Las Sentaderas\" href=\"https:\/\/spanish.drchugay.com\/es\/procedimientos\/innovaciones-medicas\/innovacion-en-cirugia-de-liposuccion-de-gluteos\/\">Lipoescultura de sentaderas <span style=\"letter-spacing: 0;\">.<\/span><\/a><\/h2>\n<p><a title=\"Lipoescultura De Las Sentaderas\" href=\"https:\/\/spanish.drchugay.com\/es\/procedimientos\/innovaciones-medicas\/innovacion-en-cirugia-de-liposuccion-de-gluteos\/\">Seguir leyendo<\/a><\/td>\n<\/tr>\n<\/tbody>\n<\/table>\n<\/div><\/section><\/div><\/p>\n<div  class='hr av-3zscb-2d08a16840a431377837abe6d8565008 hr-short  avia-builder-el-8  el_after_av_one_third  el_before_av_two_third  hr-center'><span class='hr-inner'><span class=\"hr-inner-style\"><\/span><\/span><\/div>\n<div  class='flex_column av-b9ib-7dca5f82a7f390a03005b9ec096c9a89 av_two_third  avia-builder-el-9  el_after_av_hr  el_before_av_one_third  first flex_column_div'     ><section  class='av_textblock_section av-2uo0n-87e52e47eef970b5ea125f80f3123e55'   itemscope=\"itemscope\" itemtype=\"https:\/\/schema.org\/CreativeWork\" ><div class='avia_textblock'  itemprop=\"text\" ><p>La historia de la medicina moderna no la escriben los que se limitan a seguir el camino trillado, sino los que, con tenacidad y dedicaci\u00f3n, se lanzan a la aventura. <strong><em>b\u00fasqueda de la excelencia y la mejora constante<\/em><em>t<\/em><\/strong> y la experimentaci\u00f3n creyendo que es la raz\u00f3n b\u00e1sica y el prop\u00f3sito de la vida de un cirujano.<\/p>\n<p>Se ha dicho que toda la trayectoria profesional del Dr. Chugay ha sido una dedicaci\u00f3n a la investigaci\u00f3n, convirtiendo su consulta en un laboratorio vivo de progreso. La Cirug\u00eda Est\u00e9tica no es un oficio, sino la encarnaci\u00f3n del arte y el entusiasmo, que se esfuerza por definir y mejorar la calidad de la condici\u00f3n humana a trav\u00e9s de la belleza externa.<\/p>\n<p><strong><em>El Dr. Chugay contribuy\u00f3 a definir su filosof\u00eda, sus bases de trabajo y las elaboraciones de su t\u00e9cnica.<\/em><\/strong><\/p>\n<p>La Cirug\u00eda Est\u00e9tica es un arte vivo. Un verdadero profesional siempre dedicar\u00e1 su trabajo no s\u00f3lo a la mejora de la t\u00e9cnica existente, sino tambi\u00e9n al avance de metodolog\u00edas innovadoras y revolucionarias. Los procedimientos aqu\u00ed enumerados no son m\u00e1s que algunas de las \u00faltimas creaciones del Dr. Chugay. Como toda la medicina moderna, son <strong><em>basada en la investigaci\u00f3n colaborativa y en a\u00f1os de experiencia pr\u00e1ctica<\/em><\/strong>Todos ellos han sido probados mediante la pr\u00e1ctica y la investigaci\u00f3n te\u00f3rica.<\/p>\n<p><strong><em>Estos m\u00e9todos se han descrito en las noticias, en la prensa, en la televisi\u00f3n y en la radio<\/em><\/strong>. Tambi\u00e9n se han presentado a otros cirujanos en ejercicio de todo el mundo, en reuniones y congresos, y se han impartido a m\u00e1s de 30 becarios de posgrado de gran talento, seleccionados personalmente por el Dr. Chugay.<\/p>\n<\/div><\/section><\/div>\n<style type=\"text\/css\" data-created_by=\"avia_inline_auto\" id=\"style-css-av-22vjz-700eacaf64493fd0b13cec8f15dce6d3\">\n.flex_column.av-22vjz-700eacaf64493fd0b13cec8f15dce6d3{\nborder-radius:0px 0px 0px 0px;\npadding:0px 0px 0px 0px;\n}\n<\/style>\n<div  class='flex_column av-22vjz-700eacaf64493fd0b13cec8f15dce6d3 av_one_third  avia-builder-el-11  el_after_av_two_third  avia-builder-el-last  flex_column_div av-zero-column-padding'     ><p><article  class='iconbox iconbox_top av-1oe6j-927af28d2a224d9c207fd6fad5187512  avia-builder-el-12  el_before_av_textblock  avia-builder-el-first  main_color'  itemscope=\"itemscope\" itemtype=\"https:\/\/schema.org\/CreativeWork\" ><div class=\"iconbox_content\"><header class=\"entry-content-header\" aria-label=\"Icono: * Maria Spadoni\"><div class='iconbox_icon heading-color avia-iconfont avia-font-entypo-fontello' data-av_icon='\ue833' data-av_iconfont='entypo-fontello'  ><\/div><h3 class='iconbox_content_title'  itemprop=\"headline\" >* Maria Spadoni<\/h3><\/header><div class='iconbox_content_container'  itemprop=\"text\" ><p><em>\"Estimado Dr., \u00a1Chugay! S\u00f3lo para hacerle saber que su personal es el grupo m\u00e1s amable de personas que he conocido. Gracias por todo su apoyo\"<\/em><\/p>\n<\/div><\/div><footer class=\"entry-footer\"><\/footer><\/article><br \/>\n\n<style type=\"text\/css\" data-created_by=\"avia_inline_auto\" id=\"style-css-av-npt7-83c0e6b82d92ff55a00c2eeb2942e8f2\">\n#top .av_textblock_section.av-npt7-83c0e6b82d92ff55a00c2eeb2942e8f2 .avia_textblock{\nfont-size:11px;\ncolor:#000000;\n}\n<\/style>\n<section  class='av_textblock_section av-npt7-83c0e6b82d92ff55a00c2eeb2942e8f2'   itemscope=\"itemscope\" itemtype=\"https:\/\/schema.org\/CreativeWork\" ><div class='avia_textblock av_inherit_color'  itemprop=\"text\" ><p style=\"text-align: center;\">*LOS RESULTADOS INDIVIDUALES PUEDEN VARIAR. LOS TESTIMONIOS NO CONSTITUYEN UNA PROMESA O REPRESENTACI\u00d3N DE NING\u00daN RESULTADO O EXPERIENCIA EN PARTICULAR.<\/p>\n<\/div><\/section><\/p><\/div><\/p>","protected":false},"excerpt":{"rendered":"","protected":false},"author":1,"featured_media":0,"parent":315,"menu_order":1,"comment_status":"closed","ping_status":"closed","template":"","meta":{"footnotes":""},"class_list":["post-39","page","type-page","status-publish","hentry"],"_links":{"self":[{"href":"https:\/\/spanish.drchugay.com\/es\/wp-json\/wp\/v2\/pages\/39","targetHints":{"allow":["GET"]}}],"collection":[{"href":"https:\/\/spanish.drchugay.com\/es\/wp-json\/wp\/v2\/pages"}],"about":[{"href":"https:\/\/spanish.drchugay.com\/es\/wp-json\/wp\/v2\/types\/page"}],"author":[{"embeddable":true,"href":"https:\/\/spanish.drchugay.com\/es\/wp-json\/wp\/v2\/users\/1"}],"replies":[{"embeddable":true,"href":"https:\/\/spanish.drchugay.com\/es\/wp-json\/wp\/v2\/comments?post=39"}],"version-history":[{"count":20,"href":"https:\/\/spanish.drchugay.com\/es\/wp-json\/wp\/v2\/pages\/39\/revisions"}],"predecessor-version":[{"id":12733,"href":"https:\/\/spanish.drchugay.com\/es\/wp-json\/wp\/v2\/pages\/39\/revisions\/12733"}],"up":[{"embeddable":true,"href":"https:\/\/spanish.drchugay.com\/es\/wp-json\/wp\/v2\/pages\/315"}],"wp:attachment":[{"href":"https:\/\/spanish.drchugay.com\/es\/wp-json\/wp\/v2\/media?parent=39"}],"curies":[{"name":"wp","href":"https:\/\/api.w.org\/{rel}","templated":true}]}}