{"id":4,"date":"2009-06-24T01:31:22","date_gmt":"2009-06-24T01:31:22","guid":{"rendered":"https:\/\/spanish.drchugay.com\/facial-rejuvenation-plastic-surgery\/"},"modified":"2024-08-23T17:43:43","modified_gmt":"2024-08-24T00:43:43","slug":"rejuvenecimiento-facial-cirugia-plastica","status":"publish","type":"page","link":"https:\/\/spanish.drchugay.com\/es\/procedimientos\/rejuvenecimiento-facial-cirugia-plastica\/","title":{"rendered":"Rejuvenecimiento facial Cirug\u00eda pl\u00e1stica"},"content":{"rendered":"<style type=\"text\/css\" data-created_by=\"avia_inline_auto\" id=\"style-css-av-l4yk6zmj-3db42e78d7ecccb44682007cab56fc23\">\n#top .av-special-heading.av-l4yk6zmj-3db42e78d7ecccb44682007cab56fc23{\nmargin:0 0 0 0;\npadding-bottom:0;\ncolor:#f7f7f7;\nfont-size:95px;\n}\nbody .av-special-heading.av-l4yk6zmj-3db42e78d7ecccb44682007cab56fc23 .av-special-heading-tag .heading-char{\nfont-size:25px;\n}\n#top #wrap_all .av-special-heading.av-l4yk6zmj-3db42e78d7ecccb44682007cab56fc23 .av-special-heading-tag{\nfont-size:95px;\npadding:0 0 0 0;\n}\n.av-special-heading.av-l4yk6zmj-3db42e78d7ecccb44682007cab56fc23 .special-heading-inner-border{\nborder-color:#f7f7f7;\n}\n.av-special-heading.av-l4yk6zmj-3db42e78d7ecccb44682007cab56fc23 .av-subheading{\nfont-size:40px;\ncolor:#020202;\n}\n\n@media only screen and (min-width: 480px) and (max-width: 767px){ \n#top #wrap_all .av-special-heading.av-l4yk6zmj-3db42e78d7ecccb44682007cab56fc23 .av-special-heading-tag{\nfont-size:0.8em;\n}\n}\n\n@media only screen and (max-width: 479px){ \n#top #wrap_all .av-special-heading.av-l4yk6zmj-3db42e78d7ecccb44682007cab56fc23 .av-special-heading-tag{\nfont-size:0.8em;\n}\n}\n<\/style>\n<div  id=\"page-heading\"  class='av-special-heading av-l4yk6zmj-3db42e78d7ecccb44682007cab56fc23 av-special-heading-h2 custom-color-heading blockquote modern-quote modern-centered  avia-builder-el-0  el_before_av_hr  avia-builder-el-first  av-inherit-size'><h2 class='av-special-heading-tag'  itemprop=\"headline\"  >Lipoescultura facial<\/h2><div class='av_custom_color av-subheading av-subheading_below'><p>Rejuvenecimiento<\/p>\n<\/div><div class=\"special-heading-border\"><div class=\"special-heading-inner-border\"><\/div><\/div><\/div>\n\n<style type=\"text\/css\" data-created_by=\"avia_inline_auto\" id=\"style-css-av-l4yk5qfm-632e74b4dfdb3653b180b09d9eb9dc82\">\n#top .hr.hr-invisible.av-l4yk5qfm-632e74b4dfdb3653b180b09d9eb9dc82{\nheight:50px;\n}\n<\/style>\n<div  class='hr av-l4yk5qfm-632e74b4dfdb3653b180b09d9eb9dc82 hr-invisible  avia-builder-el-1  el_after_av_heading  el_before_av_one_third'><span class='hr-inner'><span class=\"hr-inner-style\"><\/span><\/span><\/div>\n\n<style type=\"text\/css\" data-created_by=\"avia_inline_auto\" id=\"style-css-av-dtei-024b33324f32b3ff0c6b8a08974018df\">\n.flex_column.av-dtei-024b33324f32b3ff0c6b8a08974018df{\nwidth:32.666666666667%;\n}\n<\/style>\n<div  class='flex_column av-dtei-024b33324f32b3ff0c6b8a08974018df av_one_third  avia-builder-el-2  el_after_av_hr  el_before_av_one_third  first flex_column_div'     ><section  class='av_textblock_section av-b82i-ad823d22c2e5d97bd4afc0238f8c2f47'   itemscope=\"itemscope\" itemtype=\"https:\/\/schema.org\/CreativeWork\" ><div class='avia_textblock'  itemprop=\"text\" ><table class=\"sub_procedures\" style=\"width: 100%; text-align: left;\" border=\"0\" cellspacing=\"5\" cellpadding=\"5\" align=\"center\">\n<tbody>\n<tr>\n<td width=\"33%\"><a class=\"alignright\" style=\"float: right; margin: 0px; padding: 0px;\" title=\"Levantamiento vertical de la cara\" href=\"https:\/\/spanish.drchugay.com\/es\/procedimientos\/innovaciones-medicas\/cirugia-de-lifting-facial-vertical-innovacion\/\"><img loading=\"lazy\" decoding=\"async\" class=\"alignright wp-image-284 size-full\" style=\"border: 3px solid #b4b4b4; margin-left: 5px; float: right;\" src=\"https:\/\/spanish.drchugay.com\/wp-content\/uploads\/2011\/10\/fr-vertical-facelift.jpg\" alt=\"fr-vertical-facelift\" width=\"70\" height=\"70\" \/><\/a><\/p>\n<h2><a title=\"Levantamiento vertical de la cara\" href=\"https:\/\/spanish.drchugay.com\/es\/procedimientos\/innovaciones-medicas\/cirugia-de-lifting-facial-vertical-innovacion\/\">Levantamiento vertical de la cara<\/a><\/h2>\n<p><a title=\"Levantamiento vertical de la cara\" href=\"https:\/\/spanish.drchugay.com\/es\/procedimientos\/innovaciones-medicas\/cirugia-de-lifting-facial-vertical-innovacion\/\">Seguir leyendo<\/a><\/td>\n<\/tr>\n<tr>\n<td width=\"33%\"><a class=\"alignright\" style=\"float: right; margin: 0px; padding: 0px;\" href=\"https:\/\/spanish.drchugay.com\/es\/procedimientos\/rejuvenecimiento-facial-cirugia-plastica\/cirugia-de-escultura-nasal-con-implantes-nasales-y-injertos-de-cartilago\/\"><img loading=\"lazy\" decoding=\"async\" class=\"alignright wp-image-287 size-full\" style=\"border: 3px solid #b4b4b4; margin-left: 5px; float: right;\" src=\"https:\/\/spanish.drchugay.com\/wp-content\/uploads\/2011\/10\/fr-nose-sculpting.jpg\" alt=\"fr-nose-sculpting\" width=\"70\" height=\"70\" \/><\/a><\/p>\n<h2><a title=\"Cirug\u00eda de la nariz | Implantes nasales | Injertos de cart\u00edlago\" href=\"https:\/\/spanish.drchugay.com\/es\/procedimientos\/rejuvenecimiento-facial-cirugia-plastica\/cirugia-de-escultura-nasal-con-implantes-nasales-y-injertos-de-cartilago\/\">Cirugia de la nariz<\/a><\/h2>\n<p><a title=\"Cirug\u00eda de la nariz | Implantes nasales | Injertos de cart\u00edlago\" href=\"https:\/\/spanish.drchugay.com\/es\/procedimientos\/rejuvenecimiento-facial-cirugia-plastica\/cirugia-de-escultura-nasal-con-implantes-nasales-y-injertos-de-cartilago\/\">Seguir leyendo<\/a><\/td>\n<\/tr>\n<tr>\n<td width=\"33%\"><a class=\"alignright\" style=\"float: right; margin: 0px; padding: 0px;\" href=\"https:\/\/spanish.drchugay.com\/es\/procedimientos\/rejuvenecimiento-facial-cirugia-plastica\/liposuccion-facial-para-cambiar-la-apariencia-o-el-tamano-de-la-cara-y-el-cuello\/\"><img loading=\"lazy\" decoding=\"async\" class=\"alignright wp-image-290 size-full\" style=\"border: 3px solid #b4b4b4; margin-left: 5px; float: right;\" src=\"https:\/\/spanish.drchugay.com\/wp-content\/uploads\/2011\/10\/fr-facial-lipo.jpg\" alt=\"fr-facial-lipo\" width=\"70\" height=\"70\" \/><\/a><\/p>\n<h2><a title=\"Lipoescultura facial | Cambiar el aspecto o el tama\u00f1o de la cara y el cuello\" href=\"https:\/\/spanish.drchugay.com\/es\/procedimientos\/rejuvenecimiento-facial-cirugia-plastica\/liposuccion-facial-para-cambiar-la-apariencia-o-el-tamano-de-la-cara-y-el-cuello\/\">Lipoescultura facial <span style=\"letter-spacing: 0;\">.<\/span><\/a><\/h2>\n<p><a title=\"Lipoescultura facial | Cambiar el aspecto o el tama\u00f1o de la cara y el cuello\" href=\"https:\/\/spanish.drchugay.com\/es\/procedimientos\/rejuvenecimiento-facial-cirugia-plastica\/liposuccion-facial-para-cambiar-la-apariencia-o-el-tamano-de-la-cara-y-el-cuello\/\">Seguir leyendo<\/a><\/td>\n<\/tr>\n<\/tbody>\n<\/table>\n<\/div><\/section><\/div>\n\n<style type=\"text\/css\" data-created_by=\"avia_inline_auto\" id=\"style-css-av-8snk-985b49007ea272542c2358b6e17303b0\">\n.flex_column.av-8snk-985b49007ea272542c2358b6e17303b0{\nwidth:32.666666666667%;\nmargin-left:1%;\nborder-radius:0px 0px 0px 0px;\npadding:0px 0px 0px 0px;\n}\n<\/style>\n<div  class='flex_column av-8snk-985b49007ea272542c2358b6e17303b0 av_one_third  avia-builder-el-4  el_after_av_one_third  el_before_av_one_third  flex_column_div av-zero-column-padding'     ><section  class='av_textblock_section av-7zw0-97799147f0190305fd170c8b78c90944'   itemscope=\"itemscope\" itemtype=\"https:\/\/schema.org\/CreativeWork\" ><div class='avia_textblock'  itemprop=\"text\" ><table class=\"sub_procedures\" style=\"width: 100%; text-align: left;\" border=\"0\" cellspacing=\"5\" cellpadding=\"5\" align=\"center\">\n<tbody>\n<tr>\n<td width=\"33%\"><a class=\"alignright\" style=\"float: right; margin: 0px; padding: 0px;\" title=\"Cirug\u00eda de p\u00e1rpados Los Angeles\" href=\"https:\/\/spanish.drchugay.com\/es\/procedimientos\/rejuvenecimiento-facial-cirugia-plastica\/cirugia-de-parpados-los-angeles\/\"><img loading=\"lazy\" decoding=\"async\" class=\"alignright wp-image-285 size-full\" style=\"border: 3px solid #b4b4b4; margin-left: 5px; float: right;\" src=\"https:\/\/spanish.drchugay.com\/wp-content\/uploads\/2011\/10\/fr-eye-lid-surgery.jpg\" alt=\"fr-eye-lid-surgery\" width=\"70\" height=\"70\" \/><\/a><\/p>\n<h2><a title=\"Cirug\u00eda de p\u00e1rpados Los Angeles\" href=\"https:\/\/spanish.drchugay.com\/es\/procedimientos\/rejuvenecimiento-facial-cirugia-plastica\/cirugia-de-parpados-los-angeles\/\">Cirugia de los parpados<\/a><\/h2>\n<p><a title=\"Cirug\u00eda de p\u00e1rpados Los Angeles\" href=\"https:\/\/spanish.drchugay.com\/es\/procedimientos\/rejuvenecimiento-facial-cirugia-plastica\/cirugia-de-parpados-los-angeles\/\">Seguir leyendo<\/a><\/td>\n<\/tr>\n<tr>\n<td width=\"33%\"><a class=\"alignright\" style=\"float: right; margin: 0px; padding: 0px;\" title=\"Cirug\u00eda de la barbilla\" href=\"https:\/\/spanish.drchugay.com\/es\/procedimientos\/rejuvenecimiento-facial-cirugia-plastica\/cirugia-de-escultura-del-menton-y-cirugia-de-aumento-de-menton\/\"><img loading=\"lazy\" decoding=\"async\" class=\"alignright wp-image-288 size-full\" style=\"border: 3px solid #b4b4b4; margin-left: 5px;\" src=\"https:\/\/spanish.drchugay.com\/wp-content\/uploads\/2011\/10\/fr-chin-sculpting.jpg\" alt=\"fr-barbilla-escultura\" width=\"70\" height=\"70\" \/><\/a><\/p>\n<h2><a title=\"Cirug\u00eda de la barbilla\" href=\"https:\/\/spanish.drchugay.com\/es\/procedimientos\/rejuvenecimiento-facial-cirugia-plastica\/cirugia-de-escultura-del-menton-y-cirugia-de-aumento-de-menton\/\">Implante De Barbilla<\/a><\/h2>\n<p><a title=\"Cirug\u00eda de la barbilla\" href=\"https:\/\/spanish.drchugay.com\/es\/procedimientos\/rejuvenecimiento-facial-cirugia-plastica\/cirugia-de-escultura-del-menton-y-cirugia-de-aumento-de-menton\/\">Seguir leyendo<\/a><\/td>\n<\/tr>\n<tr>\n<td width=\"33%\"><a title=\"Contorneado de orejas\" href=\"https:\/\/spanish.drchugay.com\/es\/procedimientos\/rejuvenecimiento-facial-cirugia-plastica\/cirugia-de-contorno-de-orejas\/\"><img loading=\"lazy\" decoding=\"async\" class=\"alignright wp-image-3183 size-full\" style=\"border: 3px solid #b4b4b4; margin-left: 5px;\" src=\"https:\/\/spanish.drchugay.com\/wp-content\/uploads\/2014\/02\/ear-contour-sm-70.jpg\" alt=\"contorno de oreja-sm-70\" width=\"70\" height=\"70\" srcset=\"https:\/\/spanish.drchugay.com\/wp-content\/uploads\/2014\/02\/ear-contour-sm-70.jpg 70w, https:\/\/spanish.drchugay.com\/wp-content\/uploads\/2014\/02\/ear-contour-sm-70-36x36.jpg 36w\" sizes=\"auto, (max-width: 70px) 100vw, 70px\" \/><\/a><\/p>\n<h2><a title=\"Contorneado de orejas\" href=\"https:\/\/spanish.drchugay.com\/es\/procedimientos\/rejuvenecimiento-facial-cirugia-plastica\/cirugia-de-contorno-de-orejas\/\">Cirugia De Los Oidos<\/a><\/h2>\n<p><a title=\"Contorneado de orejas\" href=\"https:\/\/spanish.drchugay.com\/es\/procedimientos\/rejuvenecimiento-facial-cirugia-plastica\/cirugia-de-contorno-de-orejas\/\">Seguir leyendo<\/a><\/td>\n<\/tr>\n<\/tbody>\n<\/table>\n<\/div><\/section><\/div>\n\n<style type=\"text\/css\" data-created_by=\"avia_inline_auto\" id=\"style-css-av-jqy-405fbcda9bc8f859d29f6070c28411cf\">\n.flex_column.av-jqy-405fbcda9bc8f859d29f6070c28411cf{\nwidth:32.666666666667%;\nmargin-left:1%;\nborder-radius:0px 0px 0px 0px;\npadding:0px 0px 0px 0px;\n}\n<\/style>\n<div  class='flex_column av-jqy-405fbcda9bc8f859d29f6070c28411cf av_one_third  avia-builder-el-6  el_after_av_one_third  el_before_av_hr  flex_column_div av-zero-column-padding'     ><section  class='av_textblock_section av-2k7a-953c80e8c1f6466baa2e0797026dd227'   itemscope=\"itemscope\" itemtype=\"https:\/\/schema.org\/CreativeWork\" ><div class='avia_textblock'  itemprop=\"text\" ><table class=\"sub_procedures\" style=\"width: 100%; text-align: left;\" border=\"0\" cellspacing=\"5\" cellpadding=\"5\" align=\"center\">\n<tbody>\n<tr>\n<td width=\"33%\"><a class=\"alignright\" style=\"float: right; margin: 0px; padding: 0px;\" href=\"https:\/\/spanish.drchugay.com\/es\/procedimientos\/rejuvenecimiento-facial-cirugia-plastica\/cirugia-de-levantamiento-de-frente-con-tecnica-endoscopica\/\"><img loading=\"lazy\" decoding=\"async\" class=\"alignright wp-image-286 size-full\" style=\"border: 3px solid #b4b4b4; margin-left: 5px; float: right;\" src=\"https:\/\/spanish.drchugay.com\/wp-content\/uploads\/2011\/10\/fr-forehead-lift.jpg\" alt=\"fr-forehead-lift\" width=\"70\" height=\"70\" \/><\/a><\/p>\n<h2><a title=\"Levantamiento De La Frente | T\u00e9cnica de lifting endosc\u00f3pico\" href=\"https:\/\/spanish.drchugay.com\/es\/procedimientos\/rejuvenecimiento-facial-cirugia-plastica\/cirugia-de-levantamiento-de-frente-con-tecnica-endoscopica\/\">LEVANTAMIENTO DE LA FRENTE<\/a><\/h2>\n<p><a title=\"Levantamiento De La Frente | T\u00e9cnica de lifting endosc\u00f3pico\" href=\"https:\/\/spanish.drchugay.com\/es\/procedimientos\/rejuvenecimiento-facial-cirugia-plastica\/cirugia-de-levantamiento-de-frente-con-tecnica-endoscopica\/\">Seguir leyendo<\/a><\/td>\n<\/tr>\n<tr>\n<td width=\"33%\"><a class=\"alignright\" style=\"float: right; margin: 0px; padding: 0px;\" href=\"https:\/\/spanish.drchugay.com\/es\/procedimientos\/rejuvenecimiento-facial-cirugia-plastica\/cirugia-de-escultura-de-pomulos-cirugia-de-aumento-de-pomulos\/\"><img loading=\"lazy\" decoding=\"async\" class=\"alignright wp-image-289 size-full\" style=\"border: 3px solid #b4b4b4; margin-left: 5px; float: right;\" src=\"https:\/\/spanish.drchugay.com\/wp-content\/uploads\/2011\/10\/fr-cheek-sculpting.jpg\" alt=\"fr-cheek-sculpting\" width=\"70\" height=\"70\" \/><\/a><\/p>\n<h2><a title=\"Cirug\u00eda de mejillas | Cirug\u00eda de aumento de p\u00f3mulos\" href=\"https:\/\/spanish.drchugay.com\/es\/procedimientos\/rejuvenecimiento-facial-cirugia-plastica\/cirugia-de-escultura-de-pomulos-cirugia-de-aumento-de-pomulos\/\">Esculpir la Mejilla<\/a><\/h2>\n<p><a title=\"Cirug\u00eda de mejillas | Cirug\u00eda de aumento de p\u00f3mulos\" href=\"https:\/\/spanish.drchugay.com\/es\/procedimientos\/rejuvenecimiento-facial-cirugia-plastica\/cirugia-de-escultura-de-pomulos-cirugia-de-aumento-de-pomulos\/\">Seguir leyendo<\/a><\/td>\n<\/tr>\n<\/tbody>\n<\/table>\n<\/div><\/section><\/div>\n<div  class='hr av-hlfq-1f989d4ff0bc1cc64dfdccb367acc7e6 hr-short  avia-builder-el-8  el_after_av_one_third  el_before_av_two_third  hr-center'><span class='hr-inner'><span class=\"hr-inner-style\"><\/span><\/span><\/div>\n<div  class='flex_column av-fdq0-07ac015e69ad87b8dffa2a973b59c94d av_two_third  avia-builder-el-9  el_after_av_hr  el_before_av_one_third  first flex_column_div'     ><section  class='av_textblock_section av-dsp8-7c12565053fc4ca9e6c9b877e1af6b78'   itemscope=\"itemscope\" itemtype=\"https:\/\/schema.org\/CreativeWork\" ><div class='avia_textblock'  itemprop=\"text\" ><p>Cuando se trata de belleza facial, el Dr. Chugay cree firmemente que la gen\u00e9tica no es el factor determinante. Un cirujano capaz, como un escultor de talento, puede realzar la belleza existente o descubrir la oculta. \u00bfCualquiera puede parecerse a una supermodelo?<\/p>\n<p>Tal vez, no. Sin embargo, dentro de todos nosotros habita la magnificencia esperando a ser descubierta. El truco es la sutileza, no la reestructuraci\u00f3n radical. Por supuesto, el verdadero secreto del trabajo del Dr. Chugay es el don art\u00edstico. Pulido con la experiencia, es este don el que es capaz de convertir un rostro ordinario en una obra de belleza. Por extraordinario que sea, el talento por s\u00ed solo nunca ser\u00e1 suficiente.<\/p>\n<p>El Dr. Chugay utiliza dibujos, im\u00e1genes por ordenador, cefalometr\u00eda (estudio de las proporciones del esqueleto facial) y comparaciones y c\u00e1lculos matem\u00e1ticos \u00fanicos de \u00e1ngulos y distancias. El Dr. Chugay ha desarrollado una serie de procedimientos faciales revolucionarios, el \u00faltimo de los cuales es la reducci\u00f3n de las arrugas de los ojos. E incluso los procedimientos m\u00e1s comunes, el doctor los aborda siempre con innovaci\u00f3n y una t\u00e9cnica s\u00f3lida.<\/p>\n<p>Por muy eficaz que pueda parecer la cirug\u00eda pl\u00e1stica moderna cuando se trata de rejuvenecimiento facial, nuestras opciones se limitan a Lifting facial, Lifting de cuello, <a title=\"Levantamiento De La Frente | T\u00e9cnica de lifting endosc\u00f3pico\" href=\"https:\/\/spanish.drchugay.com\/es\/procedimientos\/rejuvenecimiento-facial-cirugia-plastica\/cirugia-de-levantamiento-de-frente-con-tecnica-endoscopica\/\">LEVANTAMIENTO DE LA FRENTE<\/a>Lifting de cejas, Blefaroplastia, Reducci\u00f3n de patas de gallo, <a title=\"Rejuvenecimiento cut\u00e1neo con l\u00e1ser | Peeling (exfoliaci\u00f3n) qu\u00edmica | Rejuvenecimiento cut\u00e1neo con TCA (\u00e1cido tricloroac\u00e9tico)\" href=\"https:\/\/spanish.drchugay.com\/es\/procedimientos\/no-quirurgico\/resurfacing-de-piel-con-laser-peeling-quimico-y-resurfacing-de-piel-con-tca\/\">Rejuvenecimiento cut\u00e1neo<\/a>Rellenos y transferencia de grasa facial. En \u00faltima instancia, estamos tratando los s\u00edntomas, no las causas del envejecimiento.<\/p>\n<\/div><\/section><\/div>\n\n<style type=\"text\/css\" data-created_by=\"avia_inline_auto\" id=\"style-css-av-b3aa-251020fb0d4f3f58067eca91a1c9394c\">\n.flex_column.av-b3aa-251020fb0d4f3f58067eca91a1c9394c{\nborder-radius:0px 0px 0px 0px;\npadding:0px 0px 0px 0px;\n}\n<\/style>\n<div  class='flex_column av-b3aa-251020fb0d4f3f58067eca91a1c9394c av_one_third  avia-builder-el-11  el_after_av_two_third  el_before_av_textblock  flex_column_div av-zero-column-padding'     ><p><article  class='iconbox iconbox_top av-aaqs-2d7d5ede90d17751baadbd7d1151f1b7  avia-builder-el-12  el_before_av_textblock  avia-builder-el-first  main_color'  itemscope=\"itemscope\" itemtype=\"https:\/\/schema.org\/CreativeWork\" ><div class=\"iconbox_content\"><header class=\"entry-content-header\" aria-label=\"Icono: * Tina Martin\"><div class='iconbox_icon heading-color avia-iconfont avia-font-entypo-fontello' data-av_icon='\ue833' data-av_iconfont='entypo-fontello'  ><\/div><h3 class='iconbox_content_title'  itemprop=\"headline\" >* Tina Martin<\/h3><\/header><div class='iconbox_content_container'  itemprop=\"text\" ><p><em>\"Querido personal, todos ustedes son una respuesta a mis oraciones diarias. Me siento muy afortunado de ser uno de sus pacientes. Desde el fondo del coraz\u00f3n, expreso mi sincera gratitud al Dr. Chugay por aconsejarme en mi propio idioma - espa\u00f1ol. Todo el personal de esta cl\u00ednica es SUPERIOR. Un mill\u00f3n de gracias por su ayuda\".<\/em><\/p>\n<\/div><\/div><footer class=\"entry-footer\"><\/footer><\/article><br \/>\n\n<style type=\"text\/css\" data-created_by=\"avia_inline_auto\" id=\"style-css-av-7n68-050588284887905ad214392459983dfe\">\n#top .av_textblock_section.av-7n68-050588284887905ad214392459983dfe .avia_textblock{\nfont-size:11px;\ncolor:#000000;\n}\n<\/style>\n<section  class='av_textblock_section av-7n68-050588284887905ad214392459983dfe'   itemscope=\"itemscope\" itemtype=\"https:\/\/schema.org\/CreativeWork\" ><div class='avia_textblock av_inherit_color'  itemprop=\"text\" ><p style=\"text-align: center;\">*LOS RESULTADOS INDIVIDUALES PUEDEN VARIAR. LOS TESTIMONIOS NO CONSTITUYEN UNA PROMESA O REPRESENTACI\u00d3N DE NING\u00daN RESULTADO O EXPERIENCIA EN PARTICULAR.<\/p>\n<\/div><\/section><\/p><\/div>\n\n<style type=\"text\/css\" data-created_by=\"avia_inline_auto\" id=\"style-css-av-l4ykcqzx-dd18fcc6a448647b64d27a0892668bcd\">\n#top .av_textblock_section.av-l4ykcqzx-dd18fcc6a448647b64d27a0892668bcd .avia_textblock{\nfont-size:11px;\ncolor:#000000;\n}\n<\/style>\n<section  class='av_textblock_section av-l4ykcqzx-dd18fcc6a448647b64d27a0892668bcd'   itemscope=\"itemscope\" itemtype=\"https:\/\/schema.org\/CreativeWork\" ><div class='avia_textblock av_inherit_color'  itemprop=\"text\" ><p style=\"text-align: center;\"><iframe loading=\"lazy\" title=\"Reproductor de v\u00eddeo YouTube\" src=\"https:\/\/www.youtube.com\/embed\/DVsXvc2f08M\" width=\"700\" height=\"390\" frameborder=\"0\" allowfullscreen=\"allowfullscreen\"><\/iframe><\/p>\n<p style=\"text-align: center;\">V\u00eddeo de rejuvenecimiento facial - * ESTE V\u00cdDEO NO CONSTITUYE UNA PROMESA O REPRESENTACI\u00d3N DE NING\u00daN RESULTADO O EXPERIENCIA EN PARTICULAR.<\/p>\n<\/div><\/section>","protected":false},"excerpt":{"rendered":"","protected":false},"author":1,"featured_media":0,"parent":315,"menu_order":1,"comment_status":"closed","ping_status":"closed","template":"","meta":{"footnotes":""},"class_list":["post-4","page","type-page","status-publish","hentry"],"_links":{"self":[{"href":"https:\/\/spanish.drchugay.com\/es\/wp-json\/wp\/v2\/pages\/4","targetHints":{"allow":["GET"]}}],"collection":[{"href":"https:\/\/spanish.drchugay.com\/es\/wp-json\/wp\/v2\/pages"}],"about":[{"href":"https:\/\/spanish.drchugay.com\/es\/wp-json\/wp\/v2\/types\/page"}],"author":[{"embeddable":true,"href":"https:\/\/spanish.drchugay.com\/es\/wp-json\/wp\/v2\/users\/1"}],"replies":[{"embeddable":true,"href":"https:\/\/spanish.drchugay.com\/es\/wp-json\/wp\/v2\/comments?post=4"}],"version-history":[{"count":39,"href":"https:\/\/spanish.drchugay.com\/es\/wp-json\/wp\/v2\/pages\/4\/revisions"}],"predecessor-version":[{"id":12485,"href":"https:\/\/spanish.drchugay.com\/es\/wp-json\/wp\/v2\/pages\/4\/revisions\/12485"}],"up":[{"embeddable":true,"href":"https:\/\/spanish.drchugay.com\/es\/wp-json\/wp\/v2\/pages\/315"}],"wp:attachment":[{"href":"https:\/\/spanish.drchugay.com\/es\/wp-json\/wp\/v2\/media?parent=4"}],"curies":[{"name":"wp","href":"https:\/\/api.w.org\/{rel}","templated":true}]}}