{"id":4225,"date":"2014-06-16T14:26:48","date_gmt":"2014-06-16T21:26:48","guid":{"rendered":"https:\/\/spanish.drchugay.com\/?page_id=4225"},"modified":"2025-06-10T17:30:45","modified_gmt":"2025-06-11T00:30:45","slug":"peso-perdida-program-chugay-cosmetic","status":"publish","type":"page","link":"https:\/\/spanish.drchugay.com\/es\/informacion-del-paciente\/peso-perdida-program-chugay-cosmetic\/","title":{"rendered":"Programa de p\u00e9rdida de peso en Chugay Cosmetic"},"content":{"rendered":"<div  class='flex_column av-bdyj9t-8c211a0fd06363980c60c35839505b1f av_one_full  avia-builder-el-0  avia-builder-el-no-sibling  first flex_column_div'     ><section  class='av_textblock_section av-9mynr5-523f84d1c1e535a53d53c3e3010f211d'   itemscope=\"itemscope\" itemtype=\"https:\/\/schema.org\/CreativeWork\" ><div class='avia_textblock'  itemprop=\"text\" ><h1>Programa de p\u00e9rdida de peso en Chugay Cosmetic<\/h1>\n<\/div><\/section><br \/>\n<section  class='av_textblock_section av-ld3vw386-e5eeeb2a9e804e9ab5bcf8f9d983e311'   itemscope=\"itemscope\" itemtype=\"https:\/\/schema.org\/CreativeWork\" ><div class='avia_textblock'  itemprop=\"text\" ><p><img loading=\"lazy\" decoding=\"async\" class=\"alignright size-full wp-image-4227\" src=\"https:\/\/drchugay.com\/wp-content\/uploads\/2014\/06\/weight-loss-at-chugay-cosmetic-surgery-exercise.jpg\" alt=\"\" width=\"260\" height=\"390\" srcset=\"https:\/\/spanish.drchugay.com\/wp-content\/uploads\/2014\/06\/weight-loss-at-chugay-cosmetic-surgery-exercise.jpg 260w, https:\/\/spanish.drchugay.com\/wp-content\/uploads\/2014\/06\/weight-loss-at-chugay-cosmetic-surgery-exercise-200x300.jpg 200w\" sizes=\"auto, (max-width: 260px) 100vw, 260px\" \/>En Chugay Cosmetic, ofrecemos un programa completo para la p\u00e9rdida de peso. Si usted est\u00e1 buscando para mejorar los resultados de su cirug\u00eda o simplemente tratando de verse mejor sin cirug\u00eda, Chugay Cosmetic puede ayudarle a alcanzar sus objetivos de p\u00e9rdida de peso.<\/p>\n<p>Le ayudaremos a perder peso de forma segura y eficaz. Le ense\u00f1aremos a comer bien y a cuidarse a medida que envejecemos. Ofrecemos asistencia farmacol\u00f3gica y procedimientos quir\u00fargicos, como el parche lingual, para ayudarle a alcanzar su objetivo de p\u00e9rdida de peso. <em><strong>Ejercicio<\/strong><\/em> es un factor sumamente importante en nuestro programa de p\u00e9rdida de peso.<\/p>\n<p>Tenemos un entrenador personal que est\u00e1 afiliado a nuestra cl\u00ednica que trabajar\u00e1 con usted para desarrollar su propio programa de ejercicios de entrenamiento personal. Adem\u00e1s, tenemos un psic\u00f3logo disponible para ayudarle con la modificaci\u00f3n del comportamiento para hacer frente a las adicciones a los alimentos que pueden plagar algunos pacientes.<\/p>\n<p>*LOS RESULTADOS INDIVIDUALES VARIAR\u00c1N.<\/p>\n<h3>Ayuda farmacol\u00f3gica para la p\u00e9rdida de peso<\/h3>\n<p>Los medicamentos para adelgazar son agentes farmacol\u00f3gicos que reducen o controlan el peso. El clorhidrato oral de fentermina (HCL) se vende para la p\u00e9rdida de peso. Pertenece a la familia de los simpaticomim\u00e9ticos supresores del apetito (utilizados para el tratamiento a corto plazo de la obesidad ex\u00f3gena). Cuando se utiliza junto con dieta, ejercicio y, ocasionalmente, terapia conductual, la fentermina puede ayudarle a perder peso mientras aprende nuevas formas de comer y hacer ejercicio. La fentermina act\u00faa estimulando la gl\u00e1ndula del hipot\u00e1lamo y afectando a ciertos neurotransmisores para disminuir el apetito. La fentermina NO debe utilizarse como sustituto de una dieta o ejercicio adecuados. Para obtener los m\u00e1ximos efectos, debe utilizarse junto con una dieta baja en calor\u00edas y\/o ejercicio.<\/p>\n<p>Adem\u00e1s del uso de fentermina, Chugay Cosmetic tiene un programa completo de terapia de reemplazo hormonal que puede ayudarle a alcanzar sus objetivos de p\u00e9rdida de peso. Como todos envejecemos, hay ciertas hormonas clave que tienen sus niveles disminuidos. Mediante la alteraci\u00f3n de estos niveles hormonales, podemos ayudarle no s\u00f3lo a sentirse con m\u00e1s energ\u00eda, pero en algunos casos ayudar a acelerar su metabolismo para ayudarle a perder peso. Para obtener m\u00e1s informaci\u00f3n sobre nuestro programa de reemplazo hormonal, haga clic en el enlace de abajo.<\/p>\n<p>*LOS RESULTADOS INDIVIDUALES VARIAR\u00c1N.<\/p>\n<\/div><\/section><br \/>\n\n<style type=\"text\/css\" data-created_by=\"avia_inline_auto\" id=\"style-css-av-ld3vxddr-0c0698901e3a4077c868b9e17b56c83c\">\n#top .hr.hr-invisible.av-ld3vxddr-0c0698901e3a4077c868b9e17b56c83c{\nheight:20px;\n}\n<\/style>\n<div  class='hr av-ld3vxddr-0c0698901e3a4077c868b9e17b56c83c hr-invisible  avia-builder-el-3  el_after_av_textblock  el_before_av_button'><span class='hr-inner'><span class=\"hr-inner-style\"><\/span><\/span><\/div><br \/>\n<div  class='avia-button-wrap av-8hroep-734b0f5906aa0bf2356dbae91f52721e-wrap avia-button-center  avia-builder-el-4  el_after_av_hr  el_before_av_hr'><a href='https:\/\/spanish.drchugay.com\/es\/consulta\/'  class='avia-button av-8hroep-734b0f5906aa0bf2356dbae91f52721e av-link-btn avia-icon_select-yes-left-icon avia-size-medium avia-position-center avia-color-orange'   aria-label=\"Concierte una cita\"><span class='avia_button_icon avia_button_icon_left avia-iconfont avia-font-entypo-fontello' data-av_icon='\ue854' data-av_iconfont='entypo-fontello' ><\/span><span class='avia_iconbox_title' >Concierte una cita<\/span><\/a><\/div><br \/>\n\n<style type=\"text\/css\" data-created_by=\"avia_inline_auto\" id=\"style-css-av-25t0ld-7d0bf26d936511dee6965f3a61e1c074\">\n#top .hr.hr-invisible.av-25t0ld-7d0bf26d936511dee6965f3a61e1c074{\nheight:20px;\n}\n<\/style>\n<div  class='hr av-25t0ld-7d0bf26d936511dee6965f3a61e1c074 hr-invisible  avia-builder-el-5  el_after_av_button  el_before_av_textblock'><span class='hr-inner'><span class=\"hr-inner-style\"><\/span><\/span><\/div><br \/>\n<section  class='av_textblock_section av-719oa9-1b649a1b81a6134354712bff20a9f0ce'   itemscope=\"itemscope\" itemtype=\"https:\/\/schema.org\/CreativeWork\" ><div class='avia_textblock'  itemprop=\"text\" ><h3>P\u00c9RDIDA DE PESO CON COLOCACI\u00d3N DE MALLA EN LA LENGUA<\/h3>\n<p>En 2009, el Dr. Chugay empez\u00f3 a hablar del parche lingual Chugay como alternativa a m\u00e9todos de p\u00e9rdida de peso m\u00e1s dr\u00e1sticos, como la cirug\u00eda de bypass g\u00e1strico o la banda g\u00e1strica. Este parche, cuando se aplica quir\u00fargicamente a la lengua, produce un medio para perder peso nunca antes ofrecido por otros cirujanos. Estos m\u00e9todos suelen ser extremadamente caros, con un coste medio de $14-15.000 para la banda g\u00e1strica y de $18-35.000 para el bypass g\u00e1strico, en comparaci\u00f3n con el parche lingual, que s\u00f3lo cuesta $2000. Aunque es posible que los pacientes no puedan perder tanto peso como con otros procedimientos, el perfil de riesgo es mucho menor y, del mismo modo, permite a la persona cambiar sus h\u00e1bitos inadaptados mientras sigue el programa del parche lingual.<\/p>\n<p>Durante un procedimiento reversible que dura menos de una hora, se coloca al paciente un parche a medida para la lengua que dificulta y hace muy dolorosa la masticaci\u00f3n de alimentos s\u00f3lidos, limitando al paciente a una dieta l\u00edquida. Bajo la supervisi\u00f3n directa del Dr. Chugay y su personal, el paciente se pone en una dieta l\u00edquida f\u00e1cil de seguir, cumpliendo con todas sus necesidades nutricionales, mientras que al mismo tiempo reducir al m\u00ednimo la ingesta de calor\u00edas y maximizar los resultados de p\u00e9rdida de peso. Haga clic en el siguiente enlace para ver una copia de nuestro art\u00edculo inicial publicado sobre la t\u00e9cnica en el American Journal of Cosmetic Surgery.<\/p>\n<\/div><\/section><br \/>\n<div  class='avia-button-wrap av-7g3kyp-8efc3bef10618d49f18503752d2b8f8e-wrap avia-button-center  avia-builder-el-7  el_after_av_textblock  el_before_av_textblock'><a href='\/es\/peso-perdida-lengua-partch-alternativo-noquia-metodo-ayuda-salida-perdida-obes-pacientes-obesos-pacientes\/'  class='avia-button av-7g3kyp-8efc3bef10618d49f18503752d2b8f8e av-link-btn avia-icon_select-yes-left-icon avia-size-large avia-position-center avia-color-theme-color'   aria-label=\"P\u00e9rdida de Peso Parche Lingual: Un m\u00e9todo alternativo no quir\u00fargico para ayudar a perder peso\"><span class='avia_button_icon avia_button_icon_left avia-iconfont avia-font-entypo-fontello' data-av_icon='\ue84e' data-av_iconfont='entypo-fontello' ><\/span><span class='avia_iconbox_title' >P\u00e9rdida de Peso Parche Lingual: Un m\u00e9todo alternativo no quir\u00fargico para ayudar a perder peso<\/span><\/a><\/div><br \/>\n<section  class='av_textblock_section av-6b9gkx-fdb7a73ff6eb5d489307a716c25ed34a'   itemscope=\"itemscope\" itemtype=\"https:\/\/schema.org\/CreativeWork\" ><div class='avia_textblock'  itemprop=\"text\" ><p>La recuperaci\u00f3n es r\u00e1pida y los pacientes suelen poder volver al trabajo al d\u00eda siguiente. M\u00e1s de 150 pacientes se han sometido a esta intervenci\u00f3n quir\u00fargica y han obtenido resultados impresionantes en cuanto a p\u00e9rdida de peso; algunos han perdido hasta 9 kilos en el primer mes tras la intervenci\u00f3n. Despu\u00e9s de la operaci\u00f3n, los pacientes pueden experimentar hinchaz\u00f3n de la lengua durante 24-48 horas. El habla puede verse afectada durante este tiempo, pero normalmente se recupera en 48 horas.<\/p>\n<h6>*LOS RESULTADOS INDIVIDUALES VARIAR\u00c1N.<\/h6>\n<p>Vea el v\u00eddeo a continuaci\u00f3n.<\/p>\n<h6>*ESTE V\u00cdDEO NO CONSTITUYE UNA PROMESA O REPRESENTACI\u00d3N DE NING\u00daN RESULTADO O EXPERIENCIA EN PARTICULAR.<\/h6>\n<\/div><\/section><br \/>\n\n<style type=\"text\/css\" data-created_by=\"avia_inline_auto\" id=\"style-css-av-ld3vz3al-26c5d0286c783041ebc98b8c7f0a5d66\">\n.avia-video.av-ld3vz3al-26c5d0286c783041ebc98b8c7f0a5d66{\nbackground-image:url(https:\/\/spanish.drchugay.com\/wp-content\/uploads\/2020\/04\/video-player-placeholder.jpg);\n}\n<\/style>\n<div  class='avia-video av-ld3vz3al-26c5d0286c783041ebc98b8c7f0a5d66 avia-video-16-9 av-preview-image avia-video-lightbox av-lazyload-video-embed avia-video-external-service'  itemprop=\"video\" itemtype=\"https:\/\/schema.org\/VideoObject\"  data-original_url='https:\/\/www.youtube.com\/watch?v=Y98G6kDp8Mc&autoplay=1&allow=\u201cautoplay\u201d'><script type='text\/html' class='av-video-tmpl'><a href='https:\/\/www.youtube.com\/watch?v=Y98G6kDp8Mc&autoplay=1&allow=\u201cautoplay\u201d' class='mfp-iframe lightbox-link' data-custom_class='avia-mfp-is-video avia-mfp-video-16-9  '><\/a><\/script><div class=\"av-click-to-play-overlay play-lightbox\"><div class=\"avia_playpause_icon\"><\/div><\/div><\/div><br \/>\n<div  class='avia-button-wrap av-58qi0x-7a9c131155884cdf19e63e6f5d87dd2c-wrap avia-button-center  avia-builder-el-10  el_after_av_video  el_before_av_hr'><a href='https:\/\/spanish.drchugay.com\/es\/consulta\/'  class='avia-button av-58qi0x-7a9c131155884cdf19e63e6f5d87dd2c av-link-btn avia-icon_select-yes-left-icon avia-size-medium avia-position-center avia-color-orange'   aria-label=\"Concierte una cita\"><span class='avia_button_icon avia_button_icon_left avia-iconfont avia-font-entypo-fontello' data-av_icon='\ue854' data-av_iconfont='entypo-fontello' ><\/span><span class='avia_iconbox_title' >Concierte una cita<\/span><\/a><\/div><br \/>\n\n<style type=\"text\/css\" data-created_by=\"avia_inline_auto\" id=\"style-css-av-3r1uep-20df46c4cf012a39cff86bfa1fc4c7f0\">\n#top .hr.hr-invisible.av-3r1uep-20df46c4cf012a39cff86bfa1fc4c7f0{\nheight:20px;\n}\n<\/style>\n<div  class='hr av-3r1uep-20df46c4cf012a39cff86bfa1fc4c7f0 hr-invisible  avia-builder-el-11  el_after_av_button  el_before_av_textblock'><span class='hr-inner'><span class=\"hr-inner-style\"><\/span><\/span><\/div><br \/>\n<section  class='av_textblock_section av-490pg1-8a704209b5e0dc47af1ca177d8a8b44c'   itemscope=\"itemscope\" itemtype=\"https:\/\/schema.org\/CreativeWork\" ><div class='avia_textblock'  itemprop=\"text\" ><h3>\u00a0Fitness en Cirug\u00eda Est\u00e9tica Chugay<\/h3>\n<p>En Chugay Cosmetic, nos dedicamos a proporcionar a nuestros pacientes toda la ayuda que puedan necesitar para alcanzar sus objetivos de p\u00e9rdida de peso. Si bien ofrecemos un complemento completo de medicamentos y opciones quir\u00fargicas para ayudar a dar forma a su cuerpo, no hay mejor manera de conseguir que usted se ve muy bien que participar en una rutina de ejercicio vigoroso. Si usted es un paciente que busca deshacerse de libras usando medicamentos o el parche de la lengua o un paciente que busca mejorar los resultados quir\u00fargicos que ha tenido con nosotros, el entrenamiento personal es una gran manera de ayudarle a verse lo mejor posible.<\/p>\n<p>Shawn Dailey es un entrenador personal afiliado a Chugay Cosmetic Surgery desde 2013. Antes de unirse a nosotros, ha demostrado ser un miembro muy respetado de la comunidad de fitness, trabajando como un entrenador consumado en m\u00faltiples gimnasios y practicando como un competidor de artes marciales. Junto con su orientaci\u00f3n, somos capaces de ofrecer a nuestros pacientes un enfoque integral para perder peso y sentirse bien.<\/p>\n<h3>\u00bfPor qu\u00e9 recurrir a un entrenador personal?<\/h3>\n<p><strong>\u00bfEst\u00e1s listo para un cambio de vida?<\/strong><\/p>\n<p>Sabemos que perder peso y ponerse en forma puede ser frustrante... Y caro. Malgastar dinero e incontables horas en suscripciones a gimnasios, aparatos de ejercicio caros y v\u00eddeos repetitivos e impersonales no es la soluci\u00f3n. Si est\u00e1s cansado de no ver resultados, o si has estado posponiendo tus objetivos de fitness por miedo a fracasar, entonces es el momento de hacer un cambio. Es hora del entrenamiento personal.<\/p>\n<div id=\"attachment_4238\" style=\"width: 213px\" class=\"wp-caption alignright\"><a href=\"https:\/\/spanish.drchugay.com\/es\/shawn-dailey\/\"><img loading=\"lazy\" decoding=\"async\" aria-describedby=\"caption-attachment-4238\" class=\"wp-image-4238 size-medium\" src=\"https:\/\/spanish.drchugay.com\/wp-content\/uploads\/2014\/06\/Shawn-Dailey-Personal-Trainer-Weight-Loss-Exercises-Chugay-Cosmetic-Long-Beach-California--203x300.jpg\" alt=\"Shawn Dailey - Entrenador Personal - Ejercicios para perder peso - Chugay Cosmetic - Long Beach, California\" width=\"203\" height=\"300\" srcset=\"https:\/\/spanish.drchugay.com\/wp-content\/uploads\/2014\/06\/Shawn-Dailey-Personal-Trainer-Weight-Loss-Exercises-Chugay-Cosmetic-Long-Beach-California--203x300.jpg 203w, https:\/\/spanish.drchugay.com\/wp-content\/uploads\/2014\/06\/Shawn-Dailey-Personal-Trainer-Weight-Loss-Exercises-Chugay-Cosmetic-Long-Beach-California-.jpg 260w\" sizes=\"auto, (max-width: 203px) 100vw, 203px\" \/><\/a><p id=\"caption-attachment-4238\" class=\"wp-caption-text\">Shawn Dailey<\/p><\/div>\n<p>Shawn Dailey le ayudar\u00e1 a llegar a donde quieres estar, m\u00e1s r\u00e1pido. Con sesiones de entrenamiento uno-a-uno 100% personalizado en torno a sus necesidades y objetivos, Shawn te mantendr\u00e1 motivado, responsable, y tener el tiempo de su vida... Mientras que entrar en la mejor forma de su vida.<br \/>\nA diferencia de otros entrenadores, clases de gimnasia y v\u00eddeos que ofrecen las mismas rutinas de entrenamiento de siempre a todo el mundo, Shawn personaliza cada sesi\u00f3n de entrenamiento individual para ti: tus necesidades, tu nivel de forma f\u00edsica y tus objetivos. Shawn tiene un inter\u00e9s personal en su salud. Tambi\u00e9n se tomar\u00e1 el tiempo para:<\/p>\n<p>- Entender lo que quieres: perder peso o cent\u00edmetros, tonificar, adelgazar, ponerte en forma, todo lo anterior...<br \/>\n- Establecer objetivos realistas a corto y largo plazo<br \/>\n- Crear un sencillo plan paso a paso para alcanzar esos objetivos<br \/>\n- Asistirle con asesoramiento nutricional y personal<br \/>\n- Proporcionarle la formaci\u00f3n y las herramientas necesarias para mantenerse en forma y sano durante toda la vida.<\/p>\n<p>*LOS RESULTADOS INDIVIDUALES VARIAR\u00c1N.<\/p>\n<p>Para obtener m\u00e1s informaci\u00f3n sobre los programas de p\u00e9rdida de peso ofrecidos por Chugay Cosmetic, por favor llame a nuestra oficina al 562 595 8507.<\/p>\n<p>Si desea ponerse en contacto con Shawn Dailey en relaci\u00f3n con el entrenamiento personal, por favor ll\u00e1melo directamente al 949 544 9926<\/p>\n<\/div><\/section><br \/>\n\n<style type=\"text\/css\" data-created_by=\"avia_inline_auto\" id=\"style-css-av-1utkhd-8251bb2f51457106feaaa75dce9daf7a\">\n#top .hr.hr-invisible.av-1utkhd-8251bb2f51457106feaaa75dce9daf7a{\nheight:20px;\n}\n<\/style>\n<div  class='hr av-1utkhd-8251bb2f51457106feaaa75dce9daf7a hr-invisible  avia-builder-el-13  el_after_av_textblock  el_before_av_button'><span class='hr-inner'><span class=\"hr-inner-style\"><\/span><\/span><\/div><br \/>\n<div  class='avia-button-wrap av-49d4z5-00ae1a12092e2859f90f8d74294d65da-wrap avia-button-center  avia-builder-el-14  el_after_av_hr  el_before_av_hr'><a href='\/es\/shawn-dailey\/'  class='avia-button av-49d4z5-00ae1a12092e2859f90f8d74294d65da av-link-btn avia-icon_select-yes-left-icon avia-size-large avia-position-center avia-color-theme-color'   aria-label=\"Conoce a Shawn Dailey\"><span class='avia_button_icon avia_button_icon_left avia-iconfont avia-font-entypo-fontello' data-av_icon='\ue80f' data-av_iconfont='entypo-fontello' ><\/span><span class='avia_iconbox_title' >Conoce a Shawn Dailey<\/span><\/a><\/div><br \/>\n\n<style type=\"text\/css\" data-created_by=\"avia_inline_auto\" id=\"style-css-av-fs2sh-37a142dfe0c58fcd63a8021a268af72a\">\n#top .hr.hr-invisible.av-fs2sh-37a142dfe0c58fcd63a8021a268af72a{\nheight:20px;\n}\n<\/style>\n<div  class='hr av-fs2sh-37a142dfe0c58fcd63a8021a268af72a hr-invisible  avia-builder-el-15  el_after_av_button  el_before_av_video'><span class='hr-inner'><span class=\"hr-inner-style\"><\/span><\/span><\/div><br \/>\n\n<style type=\"text\/css\" data-created_by=\"avia_inline_auto\" id=\"style-css-av-ld3w2c12-340f1286737123f396c87647a18f71da\">\n.avia-video.av-ld3w2c12-340f1286737123f396c87647a18f71da{\nbackground-image:url(https:\/\/spanish.drchugay.com\/wp-content\/uploads\/2020\/04\/video-player-placeholder.jpg);\n}\n<\/style>\n<div  class='avia-video av-ld3w2c12-340f1286737123f396c87647a18f71da avia-video-16-9 av-preview-image avia-video-lightbox av-lazyload-video-embed avia-video-external-service'  itemprop=\"video\" itemtype=\"https:\/\/schema.org\/VideoObject\"  data-original_url='https:\/\/www.youtube.com\/watch?v=kC2VLoy3y68&autoplay=1&allow=\u201cautoplay\u201d'><script type='text\/html' class='av-video-tmpl'><a href='https:\/\/www.youtube.com\/watch?v=kC2VLoy3y68&autoplay=1&allow=\u201cautoplay\u201d' class='mfp-iframe lightbox-link' data-custom_class='avia-mfp-is-video avia-mfp-video-16-9  '><\/a><\/script><div class=\"av-click-to-play-overlay play-lightbox\"><div class=\"avia_playpause_icon\"><\/div><\/div><\/div><br \/>\n\n<style type=\"text\/css\" data-created_by=\"avia_inline_auto\" id=\"style-css-av-2drd8h-c590d4db482382d33517562cd87a21d1\">\n#top .hr.hr-invisible.av-2drd8h-c590d4db482382d33517562cd87a21d1{\nheight:20px;\n}\n<\/style>\n<div  class='hr av-2drd8h-c590d4db482382d33517562cd87a21d1 hr-invisible  avia-builder-el-17  el_after_av_video  el_before_av_button'><span class='hr-inner'><span class=\"hr-inner-style\"><\/span><\/span><\/div><br \/>\n<div  class='avia-button-wrap av-2rbeoh-315914fbf94cc6880cbf8b9cfc6d6584-wrap avia-button-center  avia-builder-el-18  el_after_av_hr  avia-builder-el-last'><a href='https:\/\/spanish.drchugay.com\/es\/consulta\/'  class='avia-button av-2rbeoh-315914fbf94cc6880cbf8b9cfc6d6584 av-link-btn avia-icon_select-yes-left-icon avia-size-medium avia-position-center avia-color-orange'   aria-label=\"Concierte una cita\"><span class='avia_button_icon avia_button_icon_left avia-iconfont avia-font-entypo-fontello' data-av_icon='\ue854' data-av_iconfont='entypo-fontello' ><\/span><span class='avia_iconbox_title' >Concierte una cita<\/span><\/a><\/div><\/p><\/div>","protected":false},"excerpt":{"rendered":"","protected":false},"author":1,"featured_media":0,"parent":187,"menu_order":0,"comment_status":"closed","ping_status":"closed","template":"","meta":{"footnotes":""},"class_list":["post-4225","page","type-page","status-publish","hentry"],"_links":{"self":[{"href":"https:\/\/spanish.drchugay.com\/es\/wp-json\/wp\/v2\/pages\/4225","targetHints":{"allow":["GET"]}}],"collection":[{"href":"https:\/\/spanish.drchugay.com\/es\/wp-json\/wp\/v2\/pages"}],"about":[{"href":"https:\/\/spanish.drchugay.com\/es\/wp-json\/wp\/v2\/types\/page"}],"author":[{"embeddable":true,"href":"https:\/\/spanish.drchugay.com\/es\/wp-json\/wp\/v2\/users\/1"}],"replies":[{"embeddable":true,"href":"https:\/\/spanish.drchugay.com\/es\/wp-json\/wp\/v2\/comments?post=4225"}],"version-history":[{"count":44,"href":"https:\/\/spanish.drchugay.com\/es\/wp-json\/wp\/v2\/pages\/4225\/revisions"}],"predecessor-version":[{"id":12824,"href":"https:\/\/spanish.drchugay.com\/es\/wp-json\/wp\/v2\/pages\/4225\/revisions\/12824"}],"up":[{"embeddable":true,"href":"https:\/\/spanish.drchugay.com\/es\/wp-json\/wp\/v2\/pages\/187"}],"wp:attachment":[{"href":"https:\/\/spanish.drchugay.com\/es\/wp-json\/wp\/v2\/media?parent=4225"}],"curies":[{"name":"wp","href":"https:\/\/api.w.org\/{rel}","templated":true}]}}