{"id":43,"date":"2009-07-01T21:42:13","date_gmt":"2009-07-01T21:42:13","guid":{"rendered":"https:\/\/spanish.drchugay.com\/buttock-liposculpture-surgery-innovation\/"},"modified":"2024-09-24T15:51:09","modified_gmt":"2024-09-24T22:51:09","slug":"innovacion-en-cirugia-de-liposuccion-de-gluteos","status":"publish","type":"page","link":"https:\/\/spanish.drchugay.com\/es\/procedimientos\/innovaciones-medicas\/innovacion-en-cirugia-de-liposuccion-de-gluteos\/","title":{"rendered":"Lipoescultura De Las Sentaderas"},"content":{"rendered":"<style type=\"text\/css\" data-created_by=\"avia_inline_auto\" id=\"style-css-av-k7wmp4kk-34c3e159662ec4bc3f3fa986ba096974\">\n#top .hr.hr-invisible.av-k7wmp4kk-34c3e159662ec4bc3f3fa986ba096974{\nheight:5px;\n}\n<\/style>\n<div  class='hr av-k7wmp4kk-34c3e159662ec4bc3f3fa986ba096974 hr-invisible  avia-builder-el-0  el_before_av_one_full  avia-builder-el-first'><span class='hr-inner'><span class=\"hr-inner-style\"><\/span><\/span><\/div>\n\n<style type=\"text\/css\" data-created_by=\"avia_inline_auto\" id=\"style-css-av-f676no-9457bb500a74c1ddaeac826bf7772a88\">\n#top .flex_column.av-f676no-9457bb500a74c1ddaeac826bf7772a88{\nmargin-top:0px;\nmargin-bottom:10px;\n}\n.flex_column.av-f676no-9457bb500a74c1ddaeac826bf7772a88{\nborder-radius:0px 0px 0px 0px;\npadding:0px 0px 0px 0px;\n}\n.responsive #top #wrap_all .flex_column.av-f676no-9457bb500a74c1ddaeac826bf7772a88{\nmargin-top:0px;\nmargin-bottom:10px;\n}\n<\/style>\n<div  class='flex_column av-f676no-9457bb500a74c1ddaeac826bf7772a88 av_one_full  avia-builder-el-1  el_after_av_hr  el_before_av_one_full  first flex_column_div av-zero-column-padding'     ><p>\n<style type=\"text\/css\" data-created_by=\"avia_inline_auto\" id=\"style-css-av-kag23bj0-d345b44808d2285c5f106e343f7e3a41\">\n#top .av-special-heading.av-kag23bj0-d345b44808d2285c5f106e343f7e3a41{\npadding-bottom:10px;\n}\nbody .av-special-heading.av-kag23bj0-d345b44808d2285c5f106e343f7e3a41 .av-special-heading-tag .heading-char{\nfont-size:25px;\n}\n.av-special-heading.av-kag23bj0-d345b44808d2285c5f106e343f7e3a41 .av-subheading{\nfont-size:15px;\n}\n<\/style>\n<div  class='av-special-heading av-kag23bj0-d345b44808d2285c5f106e343f7e3a41 av-special-heading-h2  avia-builder-el-2  el_before_av_textblock  avia-builder-el-first'><h2 class='av-special-heading-tag'  itemprop=\"headline\"  >Lipoescultura De Las Sentaderas<\/h2><div class=\"special-heading-border\"><div class=\"special-heading-inner-border\"><\/div><\/div><\/div><br \/>\n<section  class='av_textblock_section av-6f2g5w-afef2466495f36651eab10232c02c09e'   itemscope=\"itemscope\" itemtype=\"https:\/\/schema.org\/CreativeWork\" ><div class='avia_textblock'  itemprop=\"text\" ><p>La liposucci\u00f3n es una t\u00e9cnica de cirug\u00eda est\u00e9tica para eliminar los dep\u00f3sitos de grasa persistentes que no responden a la dieta y el ejercicio. Estas acumulaciones de grasa se encuentran m\u00e1s com\u00fanmente en los muslos, las caderas, el abdomen, las sentaderas, las rodillas, los tobillos, las pantorrillas y los brazos. El mejor candidato para la liposucci\u00f3n tendr\u00e1 un peso normal, con solo dep\u00f3sitos de grasa localizados.<\/p>\n<p>Las sentaderas  representan una de las \u00e1reas m\u00e1s dif\u00edciles para la liposucci\u00f3n. Despu\u00e9s de la liposucci\u00f3n, a menudo las sentaderas tienen una apariencia \u00abholgada\u00bb. A veces, la piel incluso tendr\u00e1 una apariencia ca\u00edda desagradable.<\/p>\n<\/div><\/section><\/p><\/div>\n\n<style type=\"text\/css\" data-created_by=\"avia_inline_auto\" id=\"style-css-av-f676no-9-4f80e0f1aefbb7d8dbd694e855b142bc\">\n#top .flex_column.av-f676no-9-4f80e0f1aefbb7d8dbd694e855b142bc{\nmargin-top:30px;\nmargin-bottom:10px;\n}\n.flex_column.av-f676no-9-4f80e0f1aefbb7d8dbd694e855b142bc{\nborder-radius:0px 0px 0px 0px;\npadding:0px 0px 0px 0px;\n}\n.responsive #top #wrap_all .flex_column.av-f676no-9-4f80e0f1aefbb7d8dbd694e855b142bc{\nmargin-top:30px;\nmargin-bottom:10px;\n}\n<\/style>\n<div  class='flex_column av-f676no-9-4f80e0f1aefbb7d8dbd694e855b142bc av_one_full  avia-builder-el-4  el_after_av_one_full  el_before_av_one_full  first flex_column_div av-zero-column-padding  column-top-margin'     ><p>\n<style type=\"text\/css\" data-created_by=\"avia_inline_auto\" id=\"style-css-av-kag23spt-b18be3d2f4c207ee26b2e117cc6acc96\">\n#top .av-special-heading.av-kag23spt-b18be3d2f4c207ee26b2e117cc6acc96{\npadding-bottom:10px;\n}\nbody .av-special-heading.av-kag23spt-b18be3d2f4c207ee26b2e117cc6acc96 .av-special-heading-tag .heading-char{\nfont-size:25px;\n}\n.av-special-heading.av-kag23spt-b18be3d2f4c207ee26b2e117cc6acc96 .av-subheading{\nfont-size:15px;\n}\n<\/style>\n<div  class='av-special-heading av-kag23spt-b18be3d2f4c207ee26b2e117cc6acc96 av-special-heading-h2  avia-builder-el-5  el_before_av_textblock  avia-builder-el-first'><h2 class='av-special-heading-tag'  itemprop=\"headline\"  >Los factores que determinan la probabilidad y la cantidad de ca\u00edda incluyen:<\/h2><div class=\"special-heading-border\"><div class=\"special-heading-inner-border\"><\/div><\/div><\/div><br \/>\n<section  class='av_textblock_section av-8nz50-ed8bd19dc4dfa2c29850203d619eba83'   itemscope=\"itemscope\" itemtype=\"https:\/\/schema.org\/CreativeWork\" ><div class='avia_textblock'  itemprop=\"text\" ><ul type=\"disc\">\n<li>La edad del paciente<\/li>\n<li>La cantidad de dep\u00f3sitos de grasa<\/li>\n<li>La elasticidad de la piel<\/li>\n<li>La presencia de las estr\u00edas<\/li>\n<li>La t\u00e9cnica de liposucci\u00f3n<\/li>\n<\/ul>\n<\/div><\/section><\/p><\/div>\n\n<style type=\"text\/css\" data-created_by=\"avia_inline_auto\" id=\"style-css-av-f676no-8-267aa4b5bd692a050a19798f74eecebe\">\n#top .flex_column.av-f676no-8-267aa4b5bd692a050a19798f74eecebe{\nmargin-top:0px;\nmargin-bottom:10px;\n}\n.flex_column.av-f676no-8-267aa4b5bd692a050a19798f74eecebe{\nborder-radius:0px 0px 0px 0px;\npadding:0px 0px 0px 0px;\n}\n.responsive #top #wrap_all .flex_column.av-f676no-8-267aa4b5bd692a050a19798f74eecebe{\nmargin-top:0px;\nmargin-bottom:10px;\n}\n<\/style>\n<div  class='flex_column av-f676no-8-267aa4b5bd692a050a19798f74eecebe av_one_full  avia-builder-el-7  el_after_av_one_full  el_before_av_one_full  first flex_column_div av-zero-column-padding  column-top-margin'     ><article  class='iconbox iconbox_top av-k7wid5mf-068a306b294f1183665128203fb67087  avia-builder-el-8  avia-builder-el-no-sibling  main_color'  itemscope=\"itemscope\" itemtype=\"https:\/\/schema.org\/CreativeWork\" ><div class=\"iconbox_content\"><header class=\"entry-content-header\" aria-label=\"Icono: \u00bfHay financiaci\u00f3n disponible?\"><div class='iconbox_icon heading-color avia-iconfont avia-font-entypo-fontello' data-av_icon='\ue827' data-av_iconfont='entypo-fontello'  ><\/div><h3 class='iconbox_content_title'  itemprop=\"headline\" >\u00bfHay financiaci\u00f3n disponible?<\/h3><\/header><div class='iconbox_content_container'  itemprop=\"text\" ><p>S\u00ed. Financiaci\u00f3n m\u00e9dica est\u00e1 disponible en el cr\u00e9dito aprobado. Aceptamos financiaci\u00f3n de CareCredit.com. Para m\u00e1s informaci\u00f3n sobre nuestras opciones de financiaci\u00f3n<\/p>\n<div  class='avia-button-wrap av-3702at-2f75b6c227e6bd1a864bfe1943708b73-wrap avia-button-center  avia-builder-el-9  avia-builder-el-no-sibling'><a href='https:\/\/spanish.drchugay.com\/es\/informacion-del-paciente\/financiacion-medica\/'  class='avia-button av-3702at-2f75b6c227e6bd1a864bfe1943708b73 av-link-btn avia-icon_select-no avia-size-large avia-position-center avia-color-dark'   aria-label=\"OBTENER FINANCIACI\u00d3N\"><span class='avia_iconbox_title' >OBTENER FINANCIACI\u00d3N<\/span><\/a><\/div>\n<\/div><\/div><footer class=\"entry-footer\"><\/footer><\/article><\/div>\n<style type=\"text\/css\" data-created_by=\"avia_inline_auto\" id=\"style-css-av-f676no-6-66da62a3ad4a6d0da8b1f9a735079dc9\">\n#top .flex_column.av-f676no-6-66da62a3ad4a6d0da8b1f9a735079dc9{\nmargin-top:0px;\nmargin-bottom:10px;\n}\n.flex_column.av-f676no-6-66da62a3ad4a6d0da8b1f9a735079dc9{\nborder-radius:0px 0px 0px 0px;\npadding:0px 0px 0px 0px;\n}\n.responsive #top #wrap_all .flex_column.av-f676no-6-66da62a3ad4a6d0da8b1f9a735079dc9{\nmargin-top:0px;\nmargin-bottom:10px;\n}\n<\/style>\n<div  class='flex_column av-f676no-6-66da62a3ad4a6d0da8b1f9a735079dc9 av_one_full  avia-builder-el-10  el_after_av_one_full  el_before_av_one_full  first flex_column_div av-zero-column-padding  column-top-margin'     ><p>\n<style type=\"text\/css\" data-created_by=\"avia_inline_auto\" id=\"style-css-av-k7wmp4kk-10-2736b1ea79f7426e128ad3df537c0c35\">\n#top .hr.hr-invisible.av-k7wmp4kk-10-2736b1ea79f7426e128ad3df537c0c35{\nheight:5px;\n}\n<\/style>\n<div  class='hr av-k7wmp4kk-10-2736b1ea79f7426e128ad3df537c0c35 hr-invisible  avia-builder-el-11  el_before_av_heading  avia-builder-el-first'><span class='hr-inner'><span class=\"hr-inner-style\"><\/span><\/span><\/div><br \/>\n\n<style type=\"text\/css\" data-created_by=\"avia_inline_auto\" id=\"style-css-av-kag246bg-bf9c12e745cb2ade50b9d5b7c669ee6f\">\n#top .av-special-heading.av-kag246bg-bf9c12e745cb2ade50b9d5b7c669ee6f{\npadding-bottom:10px;\n}\nbody .av-special-heading.av-kag246bg-bf9c12e745cb2ade50b9d5b7c669ee6f .av-special-heading-tag .heading-char{\nfont-size:25px;\n}\n.av-special-heading.av-kag246bg-bf9c12e745cb2ade50b9d5b7c669ee6f .av-subheading{\nfont-size:15px;\n}\n<\/style>\n<div  class='av-special-heading av-kag246bg-bf9c12e745cb2ade50b9d5b7c669ee6f av-special-heading-h2  avia-builder-el-12  el_after_av_hr  el_before_av_textblock'><h2 class='av-special-heading-tag'  itemprop=\"headline\"  >\u00bfLa mayor\u00eda de los cirujanos realizan liposucci\u00f3n de sentaderas?<\/h2><div class=\"special-heading-border\"><div class=\"special-heading-inner-border\"><\/div><\/div><\/div><br \/>\n<section  class='av_textblock_section av-8nz50-7-d8917183cf4e674191aa17db48d3f59b'   itemscope=\"itemscope\" itemtype=\"https:\/\/schema.org\/CreativeWork\" ><div class='avia_textblock'  itemprop=\"text\" ><p>Muchos la hacen.  La mayor\u00eda de ellos s\u00f3lo tratar\u00e1n la parte superior de las sentaderas; muy pocos se arriesgan a trabajar con el \u00e1rea de los gl\u00fateos inferiores. El riesgo es obvio: ca\u00edda severa y fea debido a la gravedad. Entre los que realizan la liposucci\u00f3n de gl\u00fateos inferiores, s\u00f3lo muy pocos son capaces de evitar la desagradable apariencia holgada o ca\u00edda.<\/p>\n<\/div><\/section><\/p><\/div><\/p>\n\n<style type=\"text\/css\" data-created_by=\"avia_inline_auto\" id=\"style-css-av-f676no-3-04e8d16dc051bbb095788d29b964c71c\">\n#top .flex_column.av-f676no-3-04e8d16dc051bbb095788d29b964c71c{\nmargin-top:0px;\nmargin-bottom:10px;\n}\n.flex_column.av-f676no-3-04e8d16dc051bbb095788d29b964c71c{\nborder-radius:0px 0px 0px 0px;\npadding:0px 0px 0px 0px;\n}\n.responsive #top #wrap_all .flex_column.av-f676no-3-04e8d16dc051bbb095788d29b964c71c{\nmargin-top:0px;\nmargin-bottom:10px;\n}\n<\/style>\n<div  class='flex_column av-f676no-3-04e8d16dc051bbb095788d29b964c71c av_one_full  avia-builder-el-14  el_after_av_one_full  el_before_av_one_full  first flex_column_div av-zero-column-padding  column-top-margin'     ><article  class='iconbox iconbox_top av-k7wid5mf-5-df1cce3f0f3d2cbd7734007275c00224  avia-builder-el-15  avia-builder-el-no-sibling  main_color'  itemscope=\"itemscope\" itemtype=\"https:\/\/schema.org\/CreativeWork\" ><div class=\"iconbox_content\"><header class=\"entry-content-header\" aria-label=\"Icono: Cosas que debe buscar en su cirujano:\"><div class='iconbox_icon heading-color avia-iconfont avia-font-entypo-fontello' data-av_icon='\ue81e' data-av_iconfont='entypo-fontello'  ><\/div><h3 class='iconbox_content_title'  itemprop=\"headline\" >Cosas que debe buscar en su cirujano:<\/h3><\/header><div class='iconbox_content_container'  itemprop=\"text\" ><ul style=\"text-align: left;\">\n<li><strong>Experiencia:<\/strong> Con 2 generaciones de m\u00e9dicos, m\u00e1s de 30.000 procedimientos y toda una vida de experiencia combinada, el Dr. Nikolas V. Chugay y el Dr. Paul N. Chugay no s\u00f3lo tienen la experiencia necesaria en diversos procedimientos quir\u00fargicos y no quir\u00fargicos, sino que Nikolas ha ayudado a revolucionar la industria, y Paul est\u00e1 siguiendo muy de cerca los pasos de su padre, bas\u00e1ndose en m\u00e1s de 40 a\u00f1os de experiencia.<\/li>\n<li><strong>Compatibilidad y respeto:<\/strong> Reserva una consulta con el m\u00e9dico. Comprueba c\u00f3mo te trata, si te escucha y qu\u00e9 quieres. Es importante que hables a fondo con tu m\u00e9dico de lo que quieres conseguir para que tenga una idea clara y concisa de cu\u00e1l es tu objetivo, pero tambi\u00e9n es importante que respetes la experiencia y la formaci\u00f3n de tu m\u00e9dico lo suficiente como para escuchar sus recomendaciones. No querr\u00e1s tener un m\u00e9dico que no se preocupe por TI.<\/li>\n<li><strong>Especializaci\u00f3n:<\/strong> Pregunte a su m\u00e9dico por otras veces que haya realizado el procedimiento que usted desea.<\/li>\n<\/ul>\n<div  class='avia-button-wrap av-3702at-4-2f33475b5a6debd93c921b5120747d4a-wrap avia-button-center  avia-builder-el-16  avia-builder-el-no-sibling'><a href='https:\/\/spanish.drchugay.com\/es\/sobre-la-clinica-medica-de-cirugia-estetica-chugay\/'  class='avia-button av-3702at-4-2f33475b5a6debd93c921b5120747d4a av-link-btn avia-icon_select-no avia-size-large avia-position-center avia-color-dark'   aria-label=\"CONOZCA A SUS CIRUJANOS\"><span class='avia_iconbox_title' >CONOZCA A SUS CIRUJANOS<\/span><\/a><\/div>\n<\/div><\/div><footer class=\"entry-footer\"><\/footer><\/article><\/div>\n\n<style type=\"text\/css\" data-created_by=\"avia_inline_auto\" id=\"style-css-av-41dbck-f9741761faa0742a7de6806943dea868\">\n#top .flex_column.av-41dbck-f9741761faa0742a7de6806943dea868{\nmargin-top:30px;\nmargin-bottom:0px;\n}\n.flex_column.av-41dbck-f9741761faa0742a7de6806943dea868{\nborder-radius:0px 0px 0px 0px;\npadding:0px 0px 0px 0px;\n}\n.responsive #top #wrap_all .flex_column.av-41dbck-f9741761faa0742a7de6806943dea868{\nmargin-top:30px;\nmargin-bottom:0px;\n}\n<\/style>\n<div  class='flex_column av-41dbck-f9741761faa0742a7de6806943dea868 av_one_full  avia-builder-el-17  el_after_av_one_full  el_before_av_one_full  first flex_column_div av-zero-column-padding  column-top-margin'     ><p>\n<style type=\"text\/css\" data-created_by=\"avia_inline_auto\" id=\"style-css-av-kag24xw8-bd8d9fc6a18155afbf651581bd75e2b2\">\n#top .av-special-heading.av-kag24xw8-bd8d9fc6a18155afbf651581bd75e2b2{\npadding-bottom:10px;\n}\nbody .av-special-heading.av-kag24xw8-bd8d9fc6a18155afbf651581bd75e2b2 .av-special-heading-tag .heading-char{\nfont-size:25px;\n}\n.av-special-heading.av-kag24xw8-bd8d9fc6a18155afbf651581bd75e2b2 .av-subheading{\nfont-size:15px;\n}\n<\/style>\n<div  class='av-special-heading av-kag24xw8-bd8d9fc6a18155afbf651581bd75e2b2 av-special-heading-h2  avia-builder-el-18  el_before_av_textblock  avia-builder-el-first'><h2 class='av-special-heading-tag'  itemprop=\"headline\"  >\u00bfCu\u00e1l es la clave para una liposucci\u00f3n de sentaderas exitosa?<\/h2><div class=\"special-heading-border\"><div class=\"special-heading-inner-border\"><\/div><\/div><\/div><br \/>\n<section  class='av_textblock_section av-8nz50-2-bedf0d843beefe19a512601a4025bf7d'   itemscope=\"itemscope\" itemtype=\"https:\/\/schema.org\/CreativeWork\" ><div class='avia_textblock'  itemprop=\"text\" ><p>En primer lugar, el Dr. Chugay no realizar\u00e1 la liposucci\u00f3n de sentaderas en cualquier persona.  Durante su consulta,  \u00e9l le informar\u00e1 si usted es un candidato o no. La raz\u00f3n por la que algunos pacientes no deben ser tratados es la imposibilidad de cambiar cualquiera de los factores (incluyendo la edad, la elasticidad de la piel, etc.) antes mencionados excepto uno: la t\u00e9cnica de liposucci\u00f3n. En algunos pacientes, la piel colgar\u00e1 sin importar la t\u00e9cnica que se utilice.<\/p>\n<p class=\"translation-block\">Sin embargo, el Dr. Chugay puede tratar a muchos pacientes, que de otro modo no ser\u00edan buenos candidatos para la liposucci\u00f3n de sentaderas, con excelentes resultados y sin esa fea ca\u00edda. Este milagro es posible gracias a la utilizaci\u00f3n de una metodolog\u00eda \u00fanica de liposucci\u00f3n de precisi\u00f3n del Dr. Chugay, que incluye ultrasonido externo, t\u00e9cnica tumescente especial, t\u00e9cnica de incisi\u00f3n abierta y c\u00e1nulas especiales.<\/p>\n<p>*LOS RESULTADOS INDIVIDUALES VARIAR\u00c1N.<\/p>\n<\/div><\/section><\/p><\/div>\n\n<style type=\"text\/css\" data-created_by=\"avia_inline_auto\" id=\"style-css-av-f676no-1-e73a9d0fe0542bfe5494e80ddfe6be63\">\n#top .flex_column.av-f676no-1-e73a9d0fe0542bfe5494e80ddfe6be63{\nmargin-top:50px;\nmargin-bottom:10px;\n}\n.flex_column.av-f676no-1-e73a9d0fe0542bfe5494e80ddfe6be63{\nborder-radius:0px 0px 0px 0px;\npadding:0px 0px 0px 0px;\n}\n.responsive #top #wrap_all .flex_column.av-f676no-1-e73a9d0fe0542bfe5494e80ddfe6be63{\nmargin-top:50px;\nmargin-bottom:10px;\n}\n<\/style>\n<div  class='flex_column av-f676no-1-e73a9d0fe0542bfe5494e80ddfe6be63 av_one_full  avia-builder-el-20  el_after_av_one_full  avia-builder-el-last  first flex_column_div av-zero-column-padding  column-top-margin'     ><style type=\"text\/css\" data-created_by=\"avia_inline_auto\" id=\"style-css-av-k7wnwtuw-bfac9e508be5c63049274c32f5ac2573\">\n.av_promobox.av-k7wnwtuw-bfac9e508be5c63049274c32f5ac2573{\ncolor:#ffffff;\nbackground:#444444;\nborder-color:#000000;\n}\n<\/style>\n<div  class='av_promobox av-k7wnwtuw-bfac9e508be5c63049274c32f5ac2573 avia-button-yes  avia-builder-el-21  el_before_av_hr  avia-builder-el-first'><div class='avia-promocontent'><h2><span style=\"color: #ffffff;\">\u00bfPreparado para mejorar el aspecto de su cuerpo?<\/span><\/h2>\n<h5><span style=\"color: #ffffff;\">Ll\u00e1menos ahora para una consulta y evaluaci\u00f3n gratuitas.<\/span><\/h5>\n<p>\n<\/div><div  class='avia-button-wrap av-k7wnwtuw-4995055a5ece8a1cc3b1f684af197876-wrap avia-button-right'><a href='https:\/\/spanish.drchugay.com\/es\/contacto\/'  class='avia-button av-k7wnwtuw-4995055a5ece8a1cc3b1f684af197876 av-link-btn avia-icon_select-no avia-size-large avia-position-right avia-color-theme-color-subtle'   aria-label=\"RESERVAR AHORA\"><span class='avia_iconbox_title' >RESERVAR AHORA<\/span><\/a><\/div><\/div><br \/>\n\n<style type=\"text\/css\" data-created_by=\"avia_inline_auto\" id=\"style-css-av-9dsts4-11399a697b8219a0eaa2ba93d19c13fd\">\n#top .hr.hr-invisible.av-9dsts4-11399a697b8219a0eaa2ba93d19c13fd{\nheight:10px;\n}\n<\/style>\n<div  class='hr av-9dsts4-11399a697b8219a0eaa2ba93d19c13fd hr-invisible  avia-builder-el-22  el_after_av_promobox  avia-builder-el-last'><span class='hr-inner'><span class=\"hr-inner-style\"><\/span><\/span><\/div><\/p><\/div>","protected":false},"excerpt":{"rendered":"","protected":false},"author":1,"featured_media":0,"parent":39,"menu_order":3,"comment_status":"closed","ping_status":"closed","template":"","meta":{"footnotes":""},"class_list":["post-43","page","type-page","status-publish","hentry"],"_links":{"self":[{"href":"https:\/\/spanish.drchugay.com\/es\/wp-json\/wp\/v2\/pages\/43","targetHints":{"allow":["GET"]}}],"collection":[{"href":"https:\/\/spanish.drchugay.com\/es\/wp-json\/wp\/v2\/pages"}],"about":[{"href":"https:\/\/spanish.drchugay.com\/es\/wp-json\/wp\/v2\/types\/page"}],"author":[{"embeddable":true,"href":"https:\/\/spanish.drchugay.com\/es\/wp-json\/wp\/v2\/users\/1"}],"replies":[{"embeddable":true,"href":"https:\/\/spanish.drchugay.com\/es\/wp-json\/wp\/v2\/comments?post=43"}],"version-history":[{"count":6,"href":"https:\/\/spanish.drchugay.com\/es\/wp-json\/wp\/v2\/pages\/43\/revisions"}],"predecessor-version":[{"id":12509,"href":"https:\/\/spanish.drchugay.com\/es\/wp-json\/wp\/v2\/pages\/43\/revisions\/12509"}],"up":[{"embeddable":true,"href":"https:\/\/spanish.drchugay.com\/es\/wp-json\/wp\/v2\/pages\/39"}],"wp:attachment":[{"href":"https:\/\/spanish.drchugay.com\/es\/wp-json\/wp\/v2\/media?parent=43"}],"curies":[{"name":"wp","href":"https:\/\/api.w.org\/{rel}","templated":true}]}}