{"id":44,"date":"2009-07-01T21:46:07","date_gmt":"2009-07-01T21:46:07","guid":{"rendered":"https:\/\/spanish.drchugay.com\/weight-loss-tongue-patch-surgery\/"},"modified":"2024-09-24T15:50:23","modified_gmt":"2024-09-24T22:50:23","slug":"cirugia-de-parche-lingual-para-perdida-de-peso","status":"publish","type":"page","link":"https:\/\/spanish.drchugay.com\/es\/procedimientos\/innovaciones-medicas\/cirugia-de-parche-lingual-para-perdida-de-peso\/","title":{"rendered":"P\u00e9rdida De Peso Con Colocaci\u00f3n De Malla En La Lengua"},"content":{"rendered":"<style type=\"text\/css\" data-created_by=\"avia_inline_auto\" id=\"style-css-av-k7wmp4kk-34c3e159662ec4bc3f3fa986ba096974\">\n#top .hr.hr-invisible.av-k7wmp4kk-34c3e159662ec4bc3f3fa986ba096974{\nheight:5px;\n}\n<\/style>\n<div  class='hr av-k7wmp4kk-34c3e159662ec4bc3f3fa986ba096974 hr-invisible  avia-builder-el-0  el_before_av_one_full  avia-builder-el-first'><span class='hr-inner'><span class=\"hr-inner-style\"><\/span><\/span><\/div>\n\n<style type=\"text\/css\" data-created_by=\"avia_inline_auto\" id=\"style-css-av-f676no-9457bb500a74c1ddaeac826bf7772a88\">\n#top .flex_column.av-f676no-9457bb500a74c1ddaeac826bf7772a88{\nmargin-top:0px;\nmargin-bottom:10px;\n}\n.flex_column.av-f676no-9457bb500a74c1ddaeac826bf7772a88{\nborder-radius:0px 0px 0px 0px;\npadding:0px 0px 0px 0px;\n}\n.responsive #top #wrap_all .flex_column.av-f676no-9457bb500a74c1ddaeac826bf7772a88{\nmargin-top:0px;\nmargin-bottom:10px;\n}\n<\/style>\n<div  class='flex_column av-f676no-9457bb500a74c1ddaeac826bf7772a88 av_one_full  avia-builder-el-1  el_after_av_hr  el_before_av_heading  first flex_column_div av-zero-column-padding'     ><p>\n<style type=\"text\/css\" data-created_by=\"avia_inline_auto\" id=\"style-css-av-kafzmizw-4682a683b77c01e260243d7a00e131f9\">\n#top .av-special-heading.av-kafzmizw-4682a683b77c01e260243d7a00e131f9{\npadding-bottom:10px;\n}\nbody .av-special-heading.av-kafzmizw-4682a683b77c01e260243d7a00e131f9 .av-special-heading-tag .heading-char{\nfont-size:25px;\n}\n.av-special-heading.av-kafzmizw-4682a683b77c01e260243d7a00e131f9 .av-subheading{\nfont-size:15px;\n}\n<\/style>\n<div  class='av-special-heading av-kafzmizw-4682a683b77c01e260243d7a00e131f9 av-special-heading-h2  avia-builder-el-2  el_before_av_textblock  avia-builder-el-first'><h2 class='av-special-heading-tag'  itemprop=\"headline\"  >P\u00e9rdida De Peso Con Colocaci\u00f3n De Malla En La Lengua<\/h2><div class=\"special-heading-border\"><div class=\"special-heading-inner-border\"><\/div><\/div><\/div><br \/>\n<section  class='av_textblock_section av-6f2g5w-afef2466495f36651eab10232c02c09e'   itemscope=\"itemscope\" itemtype=\"https:\/\/schema.org\/CreativeWork\" ><div class='avia_textblock'  itemprop=\"text\" ><p class=\"translation-block\">El Dr. Chugay estuvo recientemente en FOX LA News hablando sobre la Malla Chugay de la lengua  como una alternativa a los m\u00e9todos de p\u00e9rdida de peso m\u00e1s dr\u00e1sticos como la cirug\u00eda de bypass g\u00e1strico o la banda g\u00e1strica. Esos m\u00e9todos son extremadamente caros, con un coste medio de la banda de g\u00e1strica de $ 14-15,000 y de $ 18-35,000 para el bypass g\u00e1strico en comparaci\u00f3n con la malla en la lengua por solo $2000. Hemos tenido un total de m\u00e1s de 150 pacientes que se han sometido al procedimiento y este n\u00famero sigue aumentando.<\/p>\n<p>*LOS RESULTADOS INDIVIDUALES VARIAR\u00c1N.<\/p>\n<\/div><\/section><\/p><\/div>\n\n<style type=\"text\/css\" data-created_by=\"avia_inline_auto\" id=\"style-css-av-kafzn9xa-9309a8ad5e99872daebd699fe633a4cf\">\n#top .av-special-heading.av-kafzn9xa-9309a8ad5e99872daebd699fe633a4cf{\npadding-bottom:10px;\n}\nbody .av-special-heading.av-kafzn9xa-9309a8ad5e99872daebd699fe633a4cf .av-special-heading-tag .heading-char{\nfont-size:25px;\n}\n.av-special-heading.av-kafzn9xa-9309a8ad5e99872daebd699fe633a4cf .av-subheading{\nfont-size:15px;\n}\n<\/style>\n<div  class='av-special-heading av-kafzn9xa-9309a8ad5e99872daebd699fe633a4cf av-special-heading-h3  avia-builder-el-4  el_after_av_one_full  el_before_av_video'><h3 class='av-special-heading-tag'  itemprop=\"headline\"  >Vea el v\u00eddeo a continuaci\u00f3n.<\/h3><div class=\"special-heading-border\"><div class=\"special-heading-inner-border\"><\/div><\/div><\/div>\n\n<style type=\"text\/css\" data-created_by=\"avia_inline_auto\" id=\"style-css-av-ld3vovzo-ee575a4d030d3ece8f77e3c49ef6b976\">\n.avia-video.av-ld3vovzo-ee575a4d030d3ece8f77e3c49ef6b976{\nbackground-image:url(https:\/\/spanish.drchugay.com\/wp-content\/uploads\/2020\/04\/video-player-placeholder.jpg);\n}\n<\/style>\n<div  class='avia-video av-ld3vovzo-ee575a4d030d3ece8f77e3c49ef6b976 avia-video-16-9 av-preview-image avia-video-lightbox av-lazyload-video-embed avia-video-external-service'  itemprop=\"video\" itemtype=\"https:\/\/schema.org\/VideoObject\"  data-original_url='https:\/\/www.youtube.com\/watch?v=Y98G6kDp8Mc&autoplay=1&allow=\u201cautoplay\u201d'><script type='text\/html' class='av-video-tmpl'><a href='https:\/\/www.youtube.com\/watch?v=Y98G6kDp8Mc&autoplay=1&allow=\u201cautoplay\u201d' class='mfp-iframe lightbox-link' data-custom_class='avia-mfp-is-video avia-mfp-video-16-9  '><\/a><\/script><div class=\"av-click-to-play-overlay play-lightbox\"><div class=\"avia_playpause_icon\"><\/div><\/div><\/div>\n\n<style type=\"text\/css\" data-created_by=\"avia_inline_auto\" id=\"style-css-av-f676no-6-791faff3ea23eec9e38661455b980037\">\n#top .flex_column.av-f676no-6-791faff3ea23eec9e38661455b980037{\nmargin-top:30px;\nmargin-bottom:10px;\n}\n.flex_column.av-f676no-6-791faff3ea23eec9e38661455b980037{\nborder-radius:0px 0px 0px 0px;\npadding:0px 0px 0px 0px;\n}\n.responsive #top #wrap_all .flex_column.av-f676no-6-791faff3ea23eec9e38661455b980037{\nmargin-top:30px;\nmargin-bottom:10px;\n}\n<\/style>\n<div  class='flex_column av-f676no-6-791faff3ea23eec9e38661455b980037 av_one_full  avia-builder-el-6  el_after_av_video  el_before_av_one_full  first flex_column_div av-zero-column-padding'     ><section  class='av_textblock_section av-8nz50-ed8bd19dc4dfa2c29850203d619eba83'   itemscope=\"itemscope\" itemtype=\"https:\/\/schema.org\/CreativeWork\" ><div class='avia_textblock'  itemprop=\"text\" ><p>*ESTE V\u00cdDEO NO CONSTITUYE UNA PROMESA O REPRESENTACI\u00d3N DE NING\u00daN RESULTADO O EXPERIENCIA EN PARTICULAR.<\/p>\n<p class=\"translation-block\">El Dr. Chugay ha comenzado recientemente a realizar un procedimiento de reducci\u00f3n de peso revolucionario, que ha doblado la Malla Milagrosa.<\/p>\n<p>Cuando esta malla se aplica quir\u00fargicamente a la lengua, produce un medio para perder peso nunca antes ofrecido por otros cirujanos.<\/p>\n<p>Durante un procedimiento reversible que dura menos de una hora, al paciente se le coloca una malla hecha a la medida para la lengua que hace que masticar alimentos s\u00f3lidos sea muy dif\u00edcil y doloroso, lo que limita el paciente a una dieta l\u00edquida. Bajo la supervisi\u00f3n directa del Dr. Chugay y su personal, el paciente se pone bajo una dieta l\u00edquida f\u00e1cil de seguir, cumpliendo todas sus necesidades nutricionales y a la vez reduciendo al m\u00ednimo el consumo de calor\u00edas y aumentando al m\u00e1ximo los resultados de p\u00e9rdida de peso.<\/p>\n<p>La recuperaci\u00f3n es r\u00e1pida, y los pacientes normalmente pueden volver al trabajo al d\u00eda siguiente.<\/p>\n<p>M\u00e1s de 150 pacientes han recibido la cirug\u00eda y han visto impresionantes resultados de p\u00e9rdida de peso, algunos perdiendo hasta 20 libras en el primer mes despu\u00e9s de la cirug\u00eda. Despu\u00e9s de la operaci\u00f3n, los pacientes pueden experimentar hinchaz\u00f3n de la lengua durante 24-48 horas. El habla puede verse afectada durante este tiempo, pero por lo general vuelve a la regularidad en un plazo de 48 horas.<\/p>\n<p>*LOS RESULTADOS INDIVIDUALES VARIAR\u00c1N.<\/p>\n<p>El Dr. Chugay se siente emocionado por traer este procedimiento al sur de California, y est\u00e1 encantado de ofrecer una soluci\u00f3n a la eterna b\u00fasqueda de t\u00e9cnicas para bajar de peso r\u00e1pidamente.<\/p>\n<\/div><\/section><\/div>\n\n<style type=\"text\/css\" data-created_by=\"avia_inline_auto\" id=\"style-css-av-f676no-5-9d52274d2eaa8182cbabc5b0ffec9f4c\">\n#top .flex_column.av-f676no-5-9d52274d2eaa8182cbabc5b0ffec9f4c{\nmargin-top:0px;\nmargin-bottom:10px;\n}\n.flex_column.av-f676no-5-9d52274d2eaa8182cbabc5b0ffec9f4c{\nborder-radius:0px 0px 0px 0px;\npadding:0px 0px 0px 0px;\n}\n.responsive #top #wrap_all .flex_column.av-f676no-5-9d52274d2eaa8182cbabc5b0ffec9f4c{\nmargin-top:0px;\nmargin-bottom:10px;\n}\n<\/style>\n<div  class='flex_column av-f676no-5-9d52274d2eaa8182cbabc5b0ffec9f4c av_one_full  avia-builder-el-8  el_after_av_one_full  el_before_av_one_full  first flex_column_div av-zero-column-padding  column-top-margin'     ><article  class='iconbox iconbox_top av-k7wid5mf-068a306b294f1183665128203fb67087  avia-builder-el-9  avia-builder-el-no-sibling  main_color'  itemscope=\"itemscope\" itemtype=\"https:\/\/schema.org\/CreativeWork\" ><div class=\"iconbox_content\"><header class=\"entry-content-header\" aria-label=\"Icono: \u00bfHay financiaci\u00f3n disponible?\"><div class='iconbox_icon heading-color avia-iconfont avia-font-entypo-fontello' data-av_icon='\ue827' data-av_iconfont='entypo-fontello'  ><\/div><h3 class='iconbox_content_title'  itemprop=\"headline\" >\u00bfHay financiaci\u00f3n disponible?<\/h3><\/header><div class='iconbox_content_container'  itemprop=\"text\" ><p>S\u00ed. Financiaci\u00f3n m\u00e9dica est\u00e1 disponible en el cr\u00e9dito aprobado. Aceptamos financiaci\u00f3n de CareCredit.com. Para m\u00e1s informaci\u00f3n sobre nuestras opciones de financiaci\u00f3n<\/p>\n<div  class='avia-button-wrap av-3702at-2f75b6c227e6bd1a864bfe1943708b73-wrap avia-button-center  avia-builder-el-10  avia-builder-el-no-sibling'><a href='https:\/\/spanish.drchugay.com\/es\/informacion-del-paciente\/financiacion-medica\/'  class='avia-button av-3702at-2f75b6c227e6bd1a864bfe1943708b73 av-link-btn avia-icon_select-no avia-size-large avia-position-center avia-color-dark'   aria-label=\"OBTENER FINANCIACI\u00d3N\"><span class='avia_iconbox_title' >OBTENER FINANCIACI\u00d3N<\/span><\/a><\/div>\n<\/div><\/div><footer class=\"entry-footer\"><\/footer><\/article><\/div>\n<style type=\"text\/css\" data-created_by=\"avia_inline_auto\" id=\"style-css-av-f676no-4-20f0b8b6e93c6720022ac4c33b2c0a65\">\n#top .flex_column.av-f676no-4-20f0b8b6e93c6720022ac4c33b2c0a65{\nmargin-top:0px;\nmargin-bottom:10px;\n}\n.flex_column.av-f676no-4-20f0b8b6e93c6720022ac4c33b2c0a65{\nborder-radius:0px 0px 0px 0px;\npadding:0px 0px 0px 0px;\n}\n.responsive #top #wrap_all .flex_column.av-f676no-4-20f0b8b6e93c6720022ac4c33b2c0a65{\nmargin-top:0px;\nmargin-bottom:10px;\n}\n<\/style>\n<div  class='flex_column av-f676no-4-20f0b8b6e93c6720022ac4c33b2c0a65 av_one_full  avia-builder-el-11  el_after_av_one_full  el_before_av_font_icon  first flex_column_div av-zero-column-padding  column-top-margin'     ><article  class='iconbox iconbox_top av-k7wid5mf-3-438175412e4c56cdfc589ca90148a678  avia-builder-el-12  avia-builder-el-no-sibling  main_color'  itemscope=\"itemscope\" itemtype=\"https:\/\/schema.org\/CreativeWork\" ><div class=\"iconbox_content\"><header class=\"entry-content-header\" aria-label=\"Icono: Cosas que debe buscar en su cirujano:\"><div class='iconbox_icon heading-color avia-iconfont avia-font-entypo-fontello' data-av_icon='\ue81e' data-av_iconfont='entypo-fontello'  ><\/div><h3 class='iconbox_content_title'  itemprop=\"headline\" >Cosas que debe buscar en su cirujano:<\/h3><\/header><div class='iconbox_content_container'  itemprop=\"text\" ><ul style=\"text-align: left;\">\n<li><strong>Experiencia:<\/strong> Con 2 generaciones de m\u00e9dicos, m\u00e1s de 30.000 procedimientos y toda una vida de experiencia combinada, el Dr. Nikolas V. Chugay y el Dr. Paul N. Chugay no s\u00f3lo tienen la experiencia necesaria en diversos procedimientos quir\u00fargicos y no quir\u00fargicos, sino que Nikolas ha ayudado a revolucionar la industria, y Paul est\u00e1 siguiendo muy de cerca los pasos de su padre, bas\u00e1ndose en m\u00e1s de 40 a\u00f1os de experiencia.<\/li>\n<li><strong>Compatibilidad y respeto:<\/strong> Reserva una consulta con el m\u00e9dico. Comprueba c\u00f3mo te trata, si te escucha y qu\u00e9 quieres. Es importante que hables a fondo con tu m\u00e9dico de lo que quieres conseguir para que tenga una idea clara y concisa de cu\u00e1l es tu objetivo, pero tambi\u00e9n es importante que respetes la experiencia y la formaci\u00f3n de tu m\u00e9dico lo suficiente como para escuchar sus recomendaciones. No querr\u00e1s tener un m\u00e9dico que no se preocupe por TI.<\/li>\n<li><strong>Especializaci\u00f3n:<\/strong> Pregunte a su m\u00e9dico por otras veces que haya realizado el procedimiento que usted desea.<\/li>\n<\/ul>\n<div  class='avia-button-wrap av-3702at-2-fe9293b0a4eb5f2313e6acd18be070a2-wrap avia-button-center  avia-builder-el-13  avia-builder-el-no-sibling'><a href='https:\/\/spanish.drchugay.com\/es\/sobre-la-clinica-medica-de-cirugia-estetica-chugay\/'  class='avia-button av-3702at-2-fe9293b0a4eb5f2313e6acd18be070a2 av-link-btn avia-icon_select-no avia-size-large avia-position-center avia-color-dark'   aria-label=\"CONOZCA A SUS CIRUJANOS\"><span class='avia_iconbox_title' >CONOZCA A SUS CIRUJANOS<\/span><\/a><\/div>\n<\/div><\/div><footer class=\"entry-footer\"><\/footer><\/article><\/div><\/p>\n\n<style type=\"text\/css\" data-created_by=\"avia_inline_auto\" id=\"style-css-av-1eqcg-f902c33dcfd5d2e0aaed16370f38a4f9\">\n.av_font_icon.av-1eqcg-f902c33dcfd5d2e0aaed16370f38a4f9 .av-icon-char{\nfont-size:40px;\nline-height:40px;\nwidth:40px;\n}\n<\/style>\n<span  class='av_font_icon av-1eqcg-f902c33dcfd5d2e0aaed16370f38a4f9 avia_animate_when_visible av-icon-style-border avia-icon-pos-center avia-iconfont avia-font-entypo-fontello av-no-color avia-icon-animate'><span class='av-icon-char' data-av_icon='\ue81e' data-av_iconfont='entypo-fontello' aria-hidden=\"true\" ><\/span><span class='av_icon_caption av-special-font'>Haga clic en el enlace PDF a continuaci\u00f3n para ver una copia del art\u00edculo escrito sobre el parche lingual que se public\u00f3 en el American Journal of Cosmetic Surgery en 2014<\/span><\/span>\n<div  class='avia-button-wrap av-10ljs-8df6e507ff3de94d9419dbcb401916c6-wrap avia-button-center  avia-builder-el-15  el_after_av_font_icon  el_before_av_one_full'><a href='\/wp-content\/uploads\/2009\/07\/ajcs_31_01_03_Chugay-Tongue-Patch.pdf'  class='avia-button av-10ljs-8df6e507ff3de94d9419dbcb401916c6 av-link-btn avia-icon_select-yes-left-icon avia-size-medium avia-position-center avia-color-theme-color'  target=\"_blank\"  rel=\"noopener noreferrer\"  aria-label=\"Haga clic para ver el PDF\"><span class='avia_button_icon avia_button_icon_left avia-iconfont avia-font-entypo-fontello' data-av_icon='\ue82d' data-av_iconfont='entypo-fontello' ><\/span><span class='avia_iconbox_title' >Haga clic para ver el PDF<\/span><\/a><\/div>\n\n<style type=\"text\/css\" data-created_by=\"avia_inline_auto\" id=\"style-css-av-f676no-1-e73a9d0fe0542bfe5494e80ddfe6be63\">\n#top .flex_column.av-f676no-1-e73a9d0fe0542bfe5494e80ddfe6be63{\nmargin-top:50px;\nmargin-bottom:10px;\n}\n.flex_column.av-f676no-1-e73a9d0fe0542bfe5494e80ddfe6be63{\nborder-radius:0px 0px 0px 0px;\npadding:0px 0px 0px 0px;\n}\n.responsive #top #wrap_all .flex_column.av-f676no-1-e73a9d0fe0542bfe5494e80ddfe6be63{\nmargin-top:50px;\nmargin-bottom:10px;\n}\n<\/style>\n<div  class='flex_column av-f676no-1-e73a9d0fe0542bfe5494e80ddfe6be63 av_one_full  avia-builder-el-16  el_after_av_button  avia-builder-el-last  first flex_column_div av-zero-column-padding'     ><style type=\"text\/css\" data-created_by=\"avia_inline_auto\" id=\"style-css-av-k7wnwtuw-bfac9e508be5c63049274c32f5ac2573\">\n.av_promobox.av-k7wnwtuw-bfac9e508be5c63049274c32f5ac2573{\ncolor:#ffffff;\nbackground:#444444;\nborder-color:#000000;\n}\n<\/style>\n<div  class='av_promobox av-k7wnwtuw-bfac9e508be5c63049274c32f5ac2573 avia-button-yes  avia-builder-el-17  el_before_av_hr  avia-builder-el-first'><div class='avia-promocontent'><h2><span style=\"color: #ffffff;\">\u00bfPreparado para mejorar el aspecto de su cuerpo?<\/span><\/h2>\n<h5><span style=\"color: #ffffff;\">Ll\u00e1menos ahora para una consulta y evaluaci\u00f3n gratuitas.<\/span><\/h5>\n<p>\n<\/div><div  class='avia-button-wrap av-k7wnwtuw-4995055a5ece8a1cc3b1f684af197876-wrap avia-button-right'><a href='https:\/\/spanish.drchugay.com\/es\/contacto\/'  class='avia-button av-k7wnwtuw-4995055a5ece8a1cc3b1f684af197876 av-link-btn avia-icon_select-no avia-size-large avia-position-right avia-color-theme-color-subtle'   aria-label=\"RESERVAR AHORA\"><span class='avia_iconbox_title' >RESERVAR AHORA<\/span><\/a><\/div><\/div><br \/>\n\n<style type=\"text\/css\" data-created_by=\"avia_inline_auto\" id=\"style-css-av-9dsts4-11399a697b8219a0eaa2ba93d19c13fd\">\n#top .hr.hr-invisible.av-9dsts4-11399a697b8219a0eaa2ba93d19c13fd{\nheight:10px;\n}\n<\/style>\n<div  class='hr av-9dsts4-11399a697b8219a0eaa2ba93d19c13fd hr-invisible  avia-builder-el-18  el_after_av_promobox  avia-builder-el-last'><span class='hr-inner'><span class=\"hr-inner-style\"><\/span><\/span><\/div><\/p><\/div>","protected":false},"excerpt":{"rendered":"","protected":false},"author":1,"featured_media":0,"parent":39,"menu_order":2,"comment_status":"closed","ping_status":"closed","template":"","meta":{"footnotes":""},"class_list":["post-44","page","type-page","status-publish","hentry"],"_links":{"self":[{"href":"https:\/\/spanish.drchugay.com\/es\/wp-json\/wp\/v2\/pages\/44","targetHints":{"allow":["GET"]}}],"collection":[{"href":"https:\/\/spanish.drchugay.com\/es\/wp-json\/wp\/v2\/pages"}],"about":[{"href":"https:\/\/spanish.drchugay.com\/es\/wp-json\/wp\/v2\/types\/page"}],"author":[{"embeddable":true,"href":"https:\/\/spanish.drchugay.com\/es\/wp-json\/wp\/v2\/users\/1"}],"replies":[{"embeddable":true,"href":"https:\/\/spanish.drchugay.com\/es\/wp-json\/wp\/v2\/comments?post=44"}],"version-history":[{"count":18,"href":"https:\/\/spanish.drchugay.com\/es\/wp-json\/wp\/v2\/pages\/44\/revisions"}],"predecessor-version":[{"id":12507,"href":"https:\/\/spanish.drchugay.com\/es\/wp-json\/wp\/v2\/pages\/44\/revisions\/12507"}],"up":[{"embeddable":true,"href":"https:\/\/spanish.drchugay.com\/es\/wp-json\/wp\/v2\/pages\/39"}],"wp:attachment":[{"href":"https:\/\/spanish.drchugay.com\/es\/wp-json\/wp\/v2\/media?parent=44"}],"curies":[{"name":"wp","href":"https:\/\/api.w.org\/{rel}","templated":true}]}}