{"id":4986,"date":"2014-08-27T09:04:38","date_gmt":"2014-08-27T16:04:38","guid":{"rendered":"https:\/\/spanish.drchugay.com\/?page_id=4986"},"modified":"2020-10-30T16:12:15","modified_gmt":"2020-10-30T23:12:15","slug":"cicatar-gestion-control-brusising","status":"publish","type":"page","link":"https:\/\/spanish.drchugay.com\/es\/informacion-del-paciente\/cicatar-gestion-control-brusising\/","title":{"rendered":"Tratamiento y reducci\u00f3n de cicatrices"},"content":{"rendered":"<style type=\"text\/css\" data-created_by=\"avia_inline_auto\" id=\"style-css-av-av_heading-3bd22ca3d44f2d84a136ff1b242b6905\">\n#top .av-special-heading.av-av_heading-3bd22ca3d44f2d84a136ff1b242b6905{\npadding-bottom:10px;\n}\nbody .av-special-heading.av-av_heading-3bd22ca3d44f2d84a136ff1b242b6905 .av-special-heading-tag .heading-char{\nfont-size:25px;\n}\n.av-special-heading.av-av_heading-3bd22ca3d44f2d84a136ff1b242b6905 .av-subheading{\nfont-size:15px;\n}\n<\/style>\n<div  class='av-special-heading av-av_heading-3bd22ca3d44f2d84a136ff1b242b6905 av-special-heading-h3  avia-builder-el-0  el_before_av_textblock  avia-builder-el-first'><h3 class='av-special-heading-tag'  itemprop=\"headline\"  >Gesti\u00f3n y reducci\u00f3n de cicatrices - Tratamientos postoperatorios para reducir la visibilidad de las cicatrices de cirug\u00eda est\u00e9tica.<\/h3><div class=\"special-heading-border\"><div class=\"special-heading-inner-border\"><\/div><\/div><\/div>\n<section  class='av_textblock_section av-k3622i-a6b0abdba2c63521321e73344ef455d0'   itemscope=\"itemscope\" itemtype=\"https:\/\/schema.org\/CreativeWork\" ><div class='avia_textblock'  itemprop=\"text\" ><p><img loading=\"lazy\" decoding=\"async\" class=\"alignright wp-image-7950 size-full\" src=\"https:\/\/drchugay.com\/wp-content\/uploads\/2018\/07\/scare-management-BioCorneum.png\" alt=\"\" width=\"390\" height=\"90\" data-wp-imgselect=\"1\" srcset=\"https:\/\/spanish.drchugay.com\/wp-content\/uploads\/2018\/07\/scare-management-BioCorneum.png 390w, https:\/\/spanish.drchugay.com\/wp-content\/uploads\/2018\/07\/scare-management-BioCorneum-300x69.png 300w\" sizes=\"auto, (max-width: 390px) 100vw, 390px\" \/><\/p>\n<p>En Chugay Cosmetic, somos <strong>comprometidos a ayudarle<\/strong> obtener los mejores resultados de su cirug\u00eda. Para ello, hemos buscado los productos que ayudan a <strong>obtener los mejores resultados<\/strong> posibles. Sus resultados quir\u00fargicos son s\u00f3lo tan buenos como sus cicatrices; y, por esa raz\u00f3n hemos optado por utilizar <strong>BioCorneum(R)<\/strong>, el \u00fanico tratamiento avanzado de cicatrices con Silishield\u2122 patentado por la FDA de silicona de grado m\u00e9dico reticulante y SPF 30, para ayudar a todos nuestros pacientes a conseguir las cicatrices m\u00e1s finas y est\u00e9ticamente agradables posibles. Para ayudar a\u00fan m\u00e1s en el per\u00edodo perioperatorio, tambi\u00e9n recomendamos utilizar <strong>Arnika-Forte<\/strong>(R), una formulaci\u00f3n especial de \u00e1rnica y bromelina dise\u00f1ada para ayudar a minimizar los hematomas y la inflamaci\u00f3n en el postoperatorio y ayudarle a volver antes a la plena actividad.<\/p>\n<\/div><\/section>\n\n<style type=\"text\/css\" data-created_by=\"avia_inline_auto\" id=\"style-css-av-av_heading-d3163a20e7de417dc5987c504c1e4c40\">\n#top .av-special-heading.av-av_heading-d3163a20e7de417dc5987c504c1e4c40{\npadding-bottom:10px;\n}\nbody .av-special-heading.av-av_heading-d3163a20e7de417dc5987c504c1e4c40 .av-special-heading-tag .heading-char{\nfont-size:25px;\n}\n.av-special-heading.av-av_heading-d3163a20e7de417dc5987c504c1e4c40 .av-subheading{\nfont-size:15px;\n}\n<\/style>\n<div  class='av-special-heading av-av_heading-d3163a20e7de417dc5987c504c1e4c40 av-special-heading-h3  avia-builder-el-2  el_after_av_textblock  el_before_av_textblock'><h3 class='av-special-heading-tag'  itemprop=\"headline\"  >Programa de gesti\u00f3n de cicatrices de 12 semanas<\/h3><div class=\"special-heading-border\"><div class=\"special-heading-inner-border\"><\/div><\/div><\/div>\n<section  class='av_textblock_section av-hpja4q-7e3badd88f693d6fc321a766e1e73abc'   itemscope=\"itemscope\" itemtype=\"https:\/\/schema.org\/CreativeWork\" ><div class='avia_textblock'  itemprop=\"text\" ><p>Nuestro producto elegido para tratar las cicatrices es <strong>Bio-Corneum<\/strong> (o <strong>BC+<\/strong>), que es el primer y \u00fanico producto para cicatrices aceptado por la FDA en el mercado. Utilizaci\u00f3n de <strong>BC+<\/strong> proporcionar\u00e1 el mejor entorno para la cicatrizaci\u00f3n y ayudar\u00e1 a acelerar el proceso de curaci\u00f3n. Recomendamos que todos nuestros pacientes utilizan esto despu\u00e9s de sus suturas se retiran y se cierra la herida. Llevamos esto en nuestra oficina como una conveniencia para usted. Es una crema de silicona autoadherente, de secado autom\u00e1tico que tambi\u00e9n contiene un suave SPF 30 de amplio espectro. Al retirar las suturas, comience a aplicar <strong>BC+<\/strong> dos veces al d\u00eda con moderaci\u00f3n sobre la cicatriz durante doce semanas o hasta que deje de notar los resultados.<\/p>\n<p>Si tiene tendencia a la formaci\u00f3n de cicatrices hipertr\u00f3ficas o queloides, puede utilizarlo durante 6 meses a un a\u00f1o. <strong>BC+<\/strong> ha demostrado ayudar a prevenir la formaci\u00f3n de este tipo de cicatrices. Una gota es suficiente para cubrir una cicatriz lineal de cinco cent\u00edmetros. Masaje <strong>BC+<\/strong> en su cicatriz ayudar\u00e1 a romper el tejido cicatricial. <strong>BC+<\/strong> debe secarse enseguida y en pocos minutos formar\u00e1 una superficie resbaladiza sobre la cicatriz. <strong>BC+<\/strong> desaparecer\u00e1 gradualmente a lo largo del d\u00eda, por lo que le pedimos que vuelva a aplic\u00e1rselo por la noche para asegurarse de que est\u00e1 recibiendo una exposici\u00f3n s\u00f3lida a la silicona durante las 24 horas del d\u00eda. Si tiene alguna duda, consulte a su coordinador de pacientes.<\/p>\n<\/div><\/section>\n<div  class='flex_column av-gf6ooq-e48fe5bb2c5f76e4cb7cb20bb1187815 av_one_half  avia-builder-el-4  el_after_av_textblock  el_before_av_one_half  first flex_column_div  column-top-margin'     ><section  class='av_textblock_section av-elj03e-feb4004b0dc53cd574474b7a23eab4e9'   itemscope=\"itemscope\" itemtype=\"https:\/\/schema.org\/CreativeWork\" ><div class='avia_textblock'  itemprop=\"text\" ><ul>\n<li><strong>Tubo de 20 gramos<\/strong> - ideal para cicatrices lineales de menos de 15 cm de longitud durante 12 semanas de uso. Ideal para procedimientos como aumentos mamarios primarios, estiramientos faciales y cicatrices de liposucci\u00f3n.<\/li>\n<\/ul>\n<\/div><\/section><\/div>\n<div  class='flex_column av-ccf4cq-30b5d61b7014c36abf0af256fc266200 av_one_half  avia-builder-el-6  el_after_av_one_half  el_before_av_heading  flex_column_div  column-top-margin'     ><section  class='av_textblock_section av-bit8fu-a0f949636b4a3d6e422e65d9aa9756f8'   itemscope=\"itemscope\" itemtype=\"https:\/\/schema.org\/CreativeWork\" ><div class='avia_textblock'  itemprop=\"text\" ><ul>\n<li><strong>Tubo de 50 gramos<\/strong> - ideal para cicatrices lineales de menos de 12-15 pulgadas de longitud durante 12 semanas de uso. Ideal para procedimientos como abdominoplastia, levantamiento de senos, reducci\u00f3n de senos, braquioplastia y dos o m\u00e1s procedimientos a la vez.<\/li>\n<\/ul>\n<\/div><\/section><\/div>\n\n<style type=\"text\/css\" data-created_by=\"avia_inline_auto\" id=\"style-css-av-av_heading-d57f9c21195947f7a23709e3a8da7b7d\">\n#top .av-special-heading.av-av_heading-d57f9c21195947f7a23709e3a8da7b7d{\npadding-bottom:10px;\n}\nbody .av-special-heading.av-av_heading-d57f9c21195947f7a23709e3a8da7b7d .av-special-heading-tag .heading-char{\nfont-size:25px;\n}\n.av-special-heading.av-av_heading-d57f9c21195947f7a23709e3a8da7b7d .av-subheading{\nfont-size:15px;\n}\n<\/style>\n<div  class='av-special-heading av-av_heading-d57f9c21195947f7a23709e3a8da7b7d av-special-heading-h3  avia-builder-el-8  el_after_av_one_half  el_before_av_three_fourth'><h3 class='av-special-heading-tag'  itemprop=\"headline\"  >Tratamiento de los hematomas y la inflamaci\u00f3n en 7 d\u00edas<\/h3><div class=\"special-heading-border\"><div class=\"special-heading-inner-border\"><\/div><\/div><\/div>\n<div  class='flex_column av-87pgve-cc2c5fd97e557713eaebeacb03ac9d8d av_three_fourth  avia-builder-el-9  el_after_av_heading  el_before_av_one_fourth  first flex_column_div'     ><section  class='av_textblock_section av-6l3cd6-ccdd9f4857eb15777414d6a49a915746'   itemscope=\"itemscope\" itemtype=\"https:\/\/schema.org\/CreativeWork\" ><div class='avia_textblock'  itemprop=\"text\" ><p>Hemos elegido <strong>Arnika Forte<\/strong> como nuestro tratamiento preferido para cicatrices y hematomas. Es la \u00fanica c\u00e1psula combinada de \u00c1rnica Montana y Bromelina del mercado. S\u00f3lo puede adquirirse a trav\u00e9s de un m\u00e9dico. Es la c\u00e1psula de grado farmac\u00e9utico m\u00e1s alto y la de mayor potencia de ambas disponibles. El tratamiento comienza el d\u00eda anterior o el d\u00eda de la intervenci\u00f3n quir\u00fargica y contin\u00faa durante los seis d\u00edas posteriores. Tome dos comprimidos al d\u00eda durante un total de siete d\u00edas hasta completar todas las c\u00e1psulas.<\/p>\n<p>Cada botella de <strong>Arnika Forte<\/strong> contiene 14 c\u00e1psulas. Cada c\u00e1psula vegetal contiene los siguientes ingredientes:<\/p>\n<ul>\n<li><strong>Bromelina - 100 mg ( 2400 GDU) <\/strong>La bromelina es una enzima proteol\u00edtica procedente del extracto del tallo de la pi\u00f1a - Ayuda a disolver el hematoma digiriendo las prote\u00ednas del mismo.<\/li>\n<li><strong>Homeop\u00e1tico Arnica Montana 30 x - 1000 mg - <\/strong>Agente antiinflamatorio.<\/li>\n<li><strong>Bioflavonoides- Extracto de semilla de uva - 240 mg y Rutina - 100 mg - <\/strong>Vasoprotectores para ayudar a reforzar las paredes capilares y reducir la extensi\u00f3n y duraci\u00f3n de los hematomas.<\/li>\n<li><strong>Vitamina C - 240 mg - <\/strong>Antioxidante<\/li>\n<\/ul>\n<p>La c\u00e1psula vegetal ayuda a una absorci\u00f3n m\u00e1s r\u00e1pida. Arnika Forte no contiene colorantes ni tintes artificiales.<\/p>\n<p>La formulaci\u00f3n no contiene lactosa como algunos de los productos de Arnica Montana.<\/p>\n<\/div><\/section><\/div>\n<div  class='flex_column av-4mceju-1d1daa980d35a643d7b3d5a905cbe060 av_one_fourth  avia-builder-el-11  el_after_av_three_fourth  avia-builder-el-last  flex_column_div'     ><style type=\"text\/css\" data-created_by=\"avia_inline_auto\" id=\"style-css-av-2ll8fe-a4c45f9025207cba8e5e4876430536ce\">\n.avia-image-container.av-2ll8fe-a4c45f9025207cba8e5e4876430536ce img.avia_image{\nbox-shadow:none;\n}\n.avia-image-container.av-2ll8fe-a4c45f9025207cba8e5e4876430536ce .av-image-caption-overlay-center{\ncolor:#ffffff;\n}\n<\/style>\n<div  class='avia-image-container av-2ll8fe-a4c45f9025207cba8e5e4876430536ce av-styling- avia-align-center  avia-builder-el-12  avia-builder-el-no-sibling'   itemprop=\"image\" itemscope=\"itemscope\" itemtype=\"https:\/\/schema.org\/ImageObject\" ><div class=\"avia-image-container-inner\"><div class=\"avia-image-overlay-wrap\"><img decoding=\"async\" width=\"225\" height=\"355\" fetchpriority=\"high\" class='wp-image-4995 avia-img-lazy-loading-not-4995 avia_image' src=\"https:\/\/spanish.drchugay.com\/wp-content\/uploads\/2014\/08\/arnika_forte_bottle-chugay.jpg\" alt='una botella blanca con etiqueta negra' title='arnika_forte_botella-chugay'   itemprop=\"thumbnailUrl\" srcset=\"https:\/\/spanish.drchugay.com\/wp-content\/uploads\/2014\/08\/arnika_forte_bottle-chugay.jpg 225w, https:\/\/spanish.drchugay.com\/wp-content\/uploads\/2014\/08\/arnika_forte_bottle-chugay-190x300.jpg 190w\" sizes=\"(max-width: 225px) 100vw, 225px\" \/><\/div><\/div><\/div><\/div>","protected":false},"excerpt":{"rendered":"","protected":false},"author":1,"featured_media":0,"parent":187,"menu_order":0,"comment_status":"closed","ping_status":"closed","template":"","meta":{"footnotes":""},"class_list":["post-4986","page","type-page","status-publish","hentry"],"_links":{"self":[{"href":"https:\/\/spanish.drchugay.com\/es\/wp-json\/wp\/v2\/pages\/4986","targetHints":{"allow":["GET"]}}],"collection":[{"href":"https:\/\/spanish.drchugay.com\/es\/wp-json\/wp\/v2\/pages"}],"about":[{"href":"https:\/\/spanish.drchugay.com\/es\/wp-json\/wp\/v2\/types\/page"}],"author":[{"embeddable":true,"href":"https:\/\/spanish.drchugay.com\/es\/wp-json\/wp\/v2\/users\/1"}],"replies":[{"embeddable":true,"href":"https:\/\/spanish.drchugay.com\/es\/wp-json\/wp\/v2\/comments?post=4986"}],"version-history":[{"count":7,"href":"https:\/\/spanish.drchugay.com\/es\/wp-json\/wp\/v2\/pages\/4986\/revisions"}],"predecessor-version":[{"id":4988,"href":"https:\/\/spanish.drchugay.com\/es\/wp-json\/wp\/v2\/pages\/4986\/revisions\/4988"}],"up":[{"embeddable":true,"href":"https:\/\/spanish.drchugay.com\/es\/wp-json\/wp\/v2\/pages\/187"}],"wp:attachment":[{"href":"https:\/\/spanish.drchugay.com\/es\/wp-json\/wp\/v2\/media?parent=4986"}],"curies":[{"name":"wp","href":"https:\/\/api.w.org\/{rel}","templated":true}]}}