{"id":5027,"date":"2014-08-27T16:09:39","date_gmt":"2014-08-27T23:09:39","guid":{"rendered":"https:\/\/spanish.drchugay.com\/?page_id=5027"},"modified":"2024-08-07T14:25:28","modified_gmt":"2024-08-07T21:25:28","slug":"botox","status":"publish","type":"page","link":"https:\/\/spanish.drchugay.com\/es\/procedimientos\/no-quirurgico\/botox\/","title":{"rendered":"BOTOX"},"content":{"rendered":"<section  class='av_textblock_section av-12w1rr7-4edd5e1b22972e08845207160e256ffa'   itemscope=\"itemscope\" itemtype=\"https:\/\/schema.org\/CreativeWork\" ><div class='avia_textblock'  itemprop=\"text\" ><p>Desarrollado originalmente para tratar el blefaroespasmo (parpadeo excesivo), BOTOX<sup>\u00a9<\/sup> es uno de los medicamentos m\u00e1s utilizados para reducir las arrugas. Debilita los m\u00fasculos finos que rodean los ojos y la frente y que son responsables de las arrugas del entrecejo y las arrugas profundas que se producen en estas zonas. El tratamiento consiste en m\u00faltiples inyecciones peque\u00f1as en las zonas a tratar. Los efectos de la medicaci\u00f3n son evidentes en cuesti\u00f3n de d\u00edas y los resultados suelen durar entre 3 y 6 meses, tras los cuales es necesario volver a inyectar.<\/p>\n<p>*LOS RESULTADOS INDIVIDUALES VARIAR\u00c1N.<\/p>\n<p>\u00bfEst\u00e1 preparado para descubrir resultados reales y perceptibles? Obtenga m\u00e1s informaci\u00f3n sobre BOTOX\u00ae Cosmetic (onabotulinumtoxinA) y decida si ha llegado el momento de consultar a su m\u00e9dico sobre el tratamiento.<\/p>\n<h4>\u00bfQu\u00e9 es BOTOX\u00ae Cosmetic?<\/h4>\n<p>BOTOX\u00ae Cosmetic es el primer y \u00fanico producto aprobado por la FDA para mejorar temporalmente tanto las arrugas moderadas a severas del entrecejo como las patas de gallo a los lados de los ojos.<\/p>\n<h4>\u00bfC\u00f3mo act\u00faa BOTOX\u00ae Cosmetic?<\/h4>\n<p>BOTOX\u00ae Cosmetic act\u00faa sobre una de las causas subyacentes de las arrugas del entrecejo y las patas de gallo: las contracciones musculares repetidas al fruncir el ce\u00f1o y entrecerrar los ojos a lo largo de los a\u00f1os. El m\u00e9dico inyectar\u00e1 BOTOX\u00ae Cosm\u00e9tico en estos m\u00fasculos para reducir temporalmente la actividad muscular.<\/p>\n<\/div><\/section>\n\n<style type=\"text\/css\" data-created_by=\"avia_inline_auto\" id=\"style-css-av-10zv7k3-f69df1138504026aff7eb9d74015f4c6\">\n.flex_column.av-10zv7k3-f69df1138504026aff7eb9d74015f4c6{\nborder-radius:0px 0px 0px 0px;\npadding:0px 0px 0px 0px;\n}\n<\/style>\n<div  class='flex_column av-10zv7k3-f69df1138504026aff7eb9d74015f4c6 av_one_full  avia-builder-el-1  el_after_av_textblock  el_before_av_one_full  first flex_column_div av-zero-column-padding  column-top-margin'     ><p>\n<style type=\"text\/css\" data-created_by=\"avia_inline_auto\" id=\"style-css-av-101f2hv-a1c10f9b00b08d226a7971e4c2c879c1\">\n.avia-image-container.av-101f2hv-a1c10f9b00b08d226a7971e4c2c879c1 img.avia_image{\nbox-shadow:none;\n}\n.avia-image-container.av-101f2hv-a1c10f9b00b08d226a7971e4c2c879c1 .av-caption-image-overlay-bg{\nopacity:0.4;\n}\n.avia-image-container.av-101f2hv-a1c10f9b00b08d226a7971e4c2c879c1 .av-image-caption-overlay-center{\ncolor:#000000;\n}\n<\/style>\n<div  class='avia-image-container av-101f2hv-a1c10f9b00b08d226a7971e4c2c879c1 av-styling- avia-align-center  avia-builder-el-2  el_before_av_textblock  avia-builder-el-first  noHover av-overlay-hover-deactivate'   itemprop=\"image\" itemscope=\"itemscope\" itemtype=\"https:\/\/schema.org\/ImageObject\" ><div class=\"avia-image-container-inner\"><div class=\"avia-image-overlay-wrap\"><div class=\"av-image-caption-overlay\"><div class=\"av-caption-image-overlay-bg\"><\/div><div class=\"av-image-caption-overlay-position\"><div class=\"av-image-caption-overlay-center\"><p>*<\/p>\n<\/div><\/div><\/div><img decoding=\"async\" width=\"500\" height=\"137\" fetchpriority=\"high\" class='wp-image-5028 avia-img-lazy-loading-not-5028 avia_image' src=\"https:\/\/spanish.drchugay.com\/wp-content\/uploads\/2014\/08\/botox-lines-example.jpg\" alt='primer plano de los ojos de una mujer&#039;s' title='botox-l\u00edneas-ejemplo'   itemprop=\"thumbnailUrl\" srcset=\"https:\/\/spanish.drchugay.com\/wp-content\/uploads\/2014\/08\/botox-lines-example.jpg 500w, https:\/\/spanish.drchugay.com\/wp-content\/uploads\/2014\/08\/botox-lines-example-300x82.jpg 300w, https:\/\/spanish.drchugay.com\/wp-content\/uploads\/2014\/08\/botox-lines-example-495x137.jpg 495w, https:\/\/spanish.drchugay.com\/wp-content\/uploads\/2014\/08\/botox-lines-example-450x123.jpg 450w\" sizes=\"(max-width: 500px) 100vw, 500px\" \/><\/div><\/div><\/div><br \/>\n\n<style type=\"text\/css\" data-created_by=\"avia_inline_auto\" id=\"style-css-av-xdfs2b-74425c41fc1494f7056fdca1725da348\">\n#top .av_textblock_section.av-xdfs2b-74425c41fc1494f7056fdca1725da348 .avia_textblock{\nfont-size:11px;\ncolor:#000000;\n}\n<\/style>\n<section  class='av_textblock_section av-xdfs2b-74425c41fc1494f7056fdca1725da348'   itemscope=\"itemscope\" itemtype=\"https:\/\/schema.org\/CreativeWork\" ><div class='avia_textblock av_inherit_color'  itemprop=\"text\" ><p style=\"text-align: center;\">*LOS RESULTADOS INDIVIDUALES VAR\u00cdAN. LOS IM\u00c1GENES NO CONSTITUYEN UNA PROMESA O REPRESENTACI\u00d3N DE NING\u00daN RESULTADO O EXPERIENCIA EN PARTICULAR.<\/p>\n<\/div><\/section><\/p><\/div>\n\n<style type=\"text\/css\" data-created_by=\"avia_inline_auto\" id=\"style-css-av-wl9rfn-c3873e0017102711fd67ee67ad90eb15\">\n.flex_column.av-wl9rfn-c3873e0017102711fd67ee67ad90eb15{\nborder-radius:0px 0px 0px 0px;\npadding:0px 0px 0px 0px;\n}\n<\/style>\n<div  class='flex_column av-wl9rfn-c3873e0017102711fd67ee67ad90eb15 av_one_full  avia-builder-el-4  el_after_av_one_full  el_before_av_one_half  first flex_column_div av-zero-column-padding  column-top-margin'     ><section  class='av_textblock_section av-v9s0ib-d9cba5889e584079d84288cfa6a750fa'   itemscope=\"itemscope\" itemtype=\"https:\/\/schema.org\/CreativeWork\" ><div class='avia_textblock'  itemprop=\"text\" ><h4>\u00bfLo sab\u00edas?<\/h4>\n<h5>Datos importantes sobre BOTOX\u00ae Cosm\u00e9tico (onabotulinumtoxinA):<\/h5>\n<\/div><\/section><\/div>\n<div  class='flex_column av-2xju03-3e930d3999b0687712c9a4aa33879766 av_one_half  avia-builder-el-6  el_after_av_one_full  el_before_av_one_half  first flex_column_div  column-top-margin'     ><section  class='av_textblock_section av-qmy537-6af7580fc0c6b7dc49df1c748a812ddd'   itemscope=\"itemscope\" itemtype=\"https:\/\/schema.org\/CreativeWork\" ><div class='avia_textblock'  itemprop=\"text\" ><ul>\n<li>En 2002, BOTOX\u00ae Cosmetic se convirti\u00f3 en el primer producto de su clase en Estados Unidos en recibir la aprobaci\u00f3n de la FDA para el tratamiento de las arrugas del entrecejo de moderadas a graves.<\/li>\n<li>En 2013, se convirti\u00f3 en el primer y \u00fanico producto en recibir la aprobaci\u00f3n de la FDA para las patas de gallo de moderadas a graves.<\/li>\n<li>#1 producto m\u00e1s vendido de su clase en el mundo.<\/li>\n<li>Desde 2002 se han realizado 11 millones de tratamientos para las arrugas del entrecejo de moderadas a graves.<\/li>\n<\/ul>\n<\/div><\/section><\/div>\n\n<style type=\"text\/css\" data-created_by=\"avia_inline_auto\" id=\"style-css-av-2n3oc3-a1334ebe3a9f3f95c556d66e99ce6b03\">\n.flex_column.av-2n3oc3-a1334ebe3a9f3f95c556d66e99ce6b03{\nborder-radius:0px 0px 0px 0px;\npadding:0px 0px 0px 0px;\n}\n<\/style>\n<div  class='flex_column av-2n3oc3-a1334ebe3a9f3f95c556d66e99ce6b03 av_one_half  avia-builder-el-8  el_after_av_one_half  el_before_av_textblock  flex_column_div av-zero-column-padding  column-top-margin'     ><section  class='av_textblock_section av-nq7kcj-1be524cb37e70f34df03645876b93481'   itemscope=\"itemscope\" itemtype=\"https:\/\/schema.org\/CreativeWork\" ><div class='avia_textblock'  itemprop=\"text\" ><ul>\n<li>Autorizado en 78 pa\u00edses para uso est\u00e9tico.<\/li>\n<li>Ocho de cada 10 pacientes encuestados con BOTOX\u00ae Cosmetic (onabotulinumtoxinA) (n = 299) afirman que seguir\u00e1n trat\u00e1ndose las arrugas del entrecejo.<\/li>\n<li>Aproximadamente 9 de cada 10 pacientes encuestados con BOTOX\u00ae Cosmetic (n = 297) est\u00e1n dispuestos a hablar a amigos y familiares sobre su tratamiento.<\/li>\n<li>Adem\u00e1s, BOTOX\u00ae Cosmetic cuenta con un historial de experiencia que los profesionales de la est\u00e9tica conocen y en el que conf\u00edan.<\/li>\n<\/ul>\n<\/div><\/section><\/div>\n<section  class='av_textblock_section av-mcaspf-2e4fa5a3571276fa2660bfc4798d9ca5'   itemscope=\"itemscope\" itemtype=\"https:\/\/schema.org\/CreativeWork\" ><div class='avia_textblock'  itemprop=\"text\" ><h4>\u00bfC\u00f3mo se administra BOTOX\u00ae Cosm\u00e9tico (onabotulinumtoxinA)?<\/h4>\n<\/div><\/section>\n<div  class='flex_column av-21fa77-6ada924e7a53ee90df04c50da76c3012 av_one_half  avia-builder-el-11  el_after_av_textblock  el_before_av_one_half  first flex_column_div  column-top-margin'     ><p>\n<style type=\"text\/css\" data-created_by=\"avia_inline_auto\" id=\"style-css-av-iqddcz-5feff136e3a375cde96edfd4b0e45b9b\">\n.avia-image-container.av-iqddcz-5feff136e3a375cde96edfd4b0e45b9b img.avia_image{\nbox-shadow:none;\n}\n.avia-image-container.av-iqddcz-5feff136e3a375cde96edfd4b0e45b9b .av-image-caption-overlay-center{\ncolor:#ffffff;\n}\n<\/style>\n<div  class='avia-image-container av-iqddcz-5feff136e3a375cde96edfd4b0e45b9b av-styling- avia-align-center  avia-builder-el-12  el_before_av_textblock  avia-builder-el-first'   itemprop=\"image\" itemscope=\"itemscope\" itemtype=\"https:\/\/schema.org\/ImageObject\" ><div class=\"avia-image-container-inner\"><div class=\"avia-image-overlay-wrap\"><img decoding=\"async\" width=\"472\" height=\"169\" fetchpriority=\"high\" class='wp-image-5031 avia-img-lazy-loading-not-5031 avia_image' src=\"https:\/\/spanish.drchugay.com\/wp-content\/uploads\/2014\/08\/botox-crows-feet.jpg\" alt='primer plano de la cara de una persona&#039;s' title='botox-pies-de-cuervo'   itemprop=\"thumbnailUrl\" srcset=\"https:\/\/spanish.drchugay.com\/wp-content\/uploads\/2014\/08\/botox-crows-feet.jpg 472w, https:\/\/spanish.drchugay.com\/wp-content\/uploads\/2014\/08\/botox-crows-feet-300x107.jpg 300w, https:\/\/spanish.drchugay.com\/wp-content\/uploads\/2014\/08\/botox-crows-feet-450x161.jpg 450w\" sizes=\"(max-width: 472px) 100vw, 472px\" \/><\/div><\/div><\/div><br \/>\n<section  class='av_textblock_section av-gsvnmr-1e647ddf4f202f7396118d2efe69568f'   itemscope=\"itemscope\" itemtype=\"https:\/\/schema.org\/CreativeWork\" ><div class='avia_textblock'  itemprop=\"text\" ><p>Para mejorar temporalmente las patas de gallo de moderadas a graves, el m\u00e9dico inyectar\u00e1 BOTOX\u00ae Cosm\u00e9tico en el m\u00fasculo que rodea los lados de los ojos, llamado orbicular de los ojos.<\/p>\n<\/div><\/section><br \/>\n<div  class='avia-button-wrap av-g12xeb-b2afcdf8bcc6246662b50182a74c910b-wrap avia-button-center  avia-builder-el-14  el_after_av_textblock  avia-builder-el-last'><a href='https:\/\/spanish.drchugay.com\/es\/galerias-de-procedimientos-2-4\/galeria-de-patas-de-gallo\/'  class='avia-button av-g12xeb-b2afcdf8bcc6246662b50182a74c910b av-link-btn avia-icon_select-yes-left-icon avia-size-large avia-position-center avia-color-theme-color'   aria-label=\"Ver fotos de antes y despu\u00e9s\"><span class='avia_button_icon avia_button_icon_left avia-iconfont avia-font-entypo-fontello' data-av_icon='\ue80f' data-av_iconfont='entypo-fontello' ><\/span><span class='avia_iconbox_title' >Ver fotos de antes y despu\u00e9s<\/span><\/a><\/div><\/p><\/div>\n\n<style type=\"text\/css\" data-created_by=\"avia_inline_auto\" id=\"style-css-av-e9x9jn-266cc6038ed1e2a6834e251a045fed46\">\n.flex_column.av-e9x9jn-266cc6038ed1e2a6834e251a045fed46{\nborder-radius:0px 0px 0px 0px;\npadding:0px 0px 0px 0px;\n}\n<\/style>\n<div  class='flex_column av-e9x9jn-266cc6038ed1e2a6834e251a045fed46 av_one_half  avia-builder-el-15  el_after_av_one_half  el_before_av_hr  flex_column_div av-zero-column-padding  column-top-margin'     ><p>\n<style type=\"text\/css\" data-created_by=\"avia_inline_auto\" id=\"style-css-av-brmg83-8590db977c3cde8701cd169485e64ef1\">\n.avia-image-container.av-brmg83-8590db977c3cde8701cd169485e64ef1 img.avia_image{\nbox-shadow:none;\n}\n.avia-image-container.av-brmg83-8590db977c3cde8701cd169485e64ef1 .av-image-caption-overlay-center{\ncolor:#ffffff;\n}\n<\/style>\n<div  class='avia-image-container av-brmg83-8590db977c3cde8701cd169485e64ef1 av-styling- avia-align-center  avia-builder-el-16  el_before_av_textblock  avia-builder-el-first'   itemprop=\"image\" itemscope=\"itemscope\" itemtype=\"https:\/\/schema.org\/ImageObject\" ><div class=\"avia-image-container-inner\"><div class=\"avia-image-overlay-wrap\"><img decoding=\"async\" width=\"472\" height=\"169\" fetchpriority=\"high\" class='wp-image-5032 avia-img-lazy-loading-not-5032 avia_image' src=\"https:\/\/spanish.drchugay.com\/wp-content\/uploads\/2014\/08\/botox-frown-lines.jpg\" alt='primer plano de la cara de una persona&#039;con c\u00edrculos y puntos en la frente' title='botox-arrugas'   itemprop=\"thumbnailUrl\" srcset=\"https:\/\/spanish.drchugay.com\/wp-content\/uploads\/2014\/08\/botox-frown-lines.jpg 472w, https:\/\/spanish.drchugay.com\/wp-content\/uploads\/2014\/08\/botox-frown-lines-300x107.jpg 300w, https:\/\/spanish.drchugay.com\/wp-content\/uploads\/2014\/08\/botox-frown-lines-450x161.jpg 450w\" sizes=\"(max-width: 472px) 100vw, 472px\" \/><\/div><\/div><\/div><br \/>\n<section  class='av_textblock_section av-absgar-7df77c7547111d1753948f426133aead'   itemscope=\"itemscope\" itemtype=\"https:\/\/schema.org\/CreativeWork\" ><div class='avia_textblock'  itemprop=\"text\" ><p>Para mejorar temporalmente las arrugas del entrecejo de moderadas a graves, BOTOX\u00ae Cosmetic se inyecta en dos m\u00fasculos: el corrugador y el procerus.<\/p>\n<\/div><\/section><br \/>\n<div  class='avia-button-wrap av-7q86kz-871f593fe62966b9aeb7cf318e6f6619-wrap avia-button-center  avia-builder-el-18  el_after_av_textblock  avia-builder-el-last'><a href='https:\/\/spanish.drchugay.com\/es\/galerias-de-procedimientos-2-4\/galeria-de-lineas-botox-frown\/'  class='avia-button av-7q86kz-871f593fe62966b9aeb7cf318e6f6619 av-link-btn avia-icon_select-yes-left-icon avia-size-large avia-position-center avia-color-theme-color'   aria-label=\"Ver fotos de antes y despu\u00e9s\"><span class='avia_button_icon avia_button_icon_left avia-iconfont avia-font-entypo-fontello' data-av_icon='\ue80f' data-av_iconfont='entypo-fontello' ><\/span><span class='avia_iconbox_title' >Ver fotos de antes y despu\u00e9s<\/span><\/a><\/div><\/p><\/div>\n<style type=\"text\/css\" data-created_by=\"avia_inline_auto\" id=\"style-css-av-67rnvn-faf47c81bdd774a13cc66a083e6fecce\">\n#top .hr.hr-invisible.av-67rnvn-faf47c81bdd774a13cc66a083e6fecce{\nheight:21px;\n}\n<\/style>\n<div  class='hr av-67rnvn-faf47c81bdd774a13cc66a083e6fecce hr-invisible  avia-builder-el-19  el_after_av_one_half  el_before_av_textblock'><span class='hr-inner'><span class=\"hr-inner-style\"><\/span><\/span><\/div><\/p>\n<section  class='av_textblock_section av-43pjcj-3c9af38684fd2764d6ea5094321b097f'   itemscope=\"itemscope\" itemtype=\"https:\/\/schema.org\/CreativeWork\" ><div class='avia_textblock'  itemprop=\"text\" ><h4>Sal a comer y vuelve rejuvenecido.<\/h4>\n<p>El tratamiento cosm\u00e9tico con BOTOX\u00ae es un procedimiento r\u00e1pido, de 10 minutos, que no requiere tiempo de inactividad ni recuperaci\u00f3n. Piense en 2 tratamientos, 1 visita. Pregunte a su m\u00e9dico acerca de recibir BOTOX\u00ae Cosmetic para las l\u00edneas de expresi\u00f3n moderadas a severas y las patas de gallo al mismo tiempo.<\/p>\n<h4>\u00bfParecer\u00e1 que me he operado con BOTOX\u00ae Cosmetic?<\/h4>\n<p>Cuando BOTOX\u00ae Cosmetic es administrado por un inyector experimentado, no deber\u00eda perder la capacidad de mostrar expresiones. BOTOX\u00ae Cosm\u00e9tico es un procedimiento delicado desde el punto de vista t\u00e9cnico que s\u00f3lo debe ser realizado por un profesional de la est\u00e9tica autorizado y formado que tenga experiencia en anatom\u00eda facial. Hable con su m\u00e9dico sobre sus expectativas y los resultados que desea obtener con el tratamiento.<\/p>\n<\/div><\/section>\n\n<style type=\"text\/css\" data-created_by=\"avia_inline_auto\" id=\"style-css-av-35itsj-359fbf11074406eb5616512e45172755\">\n.avia-image-container.av-35itsj-359fbf11074406eb5616512e45172755 img.avia_image{\nbox-shadow:none;\n}\n.avia-image-container.av-35itsj-359fbf11074406eb5616512e45172755 .av-image-caption-overlay-center{\ncolor:#ffffff;\n}\n<\/style>\n<div  class='avia-image-container av-35itsj-359fbf11074406eb5616512e45172755 av-styling- avia-align-center  avia-builder-el-21  el_after_av_textblock  avia-builder-el-last'   itemprop=\"image\" itemscope=\"itemscope\" itemtype=\"https:\/\/schema.org\/ImageObject\" ><div class=\"avia-image-container-inner\"><div class=\"avia-image-overlay-wrap\"><img decoding=\"async\" width=\"1060\" height=\"205\" fetchpriority=\"high\" class='wp-image-5036 avia-img-lazy-loading-not-5036 avia_image' src=\"https:\/\/spanish.drchugay.com\/wp-content\/uploads\/2014\/08\/botox-banner.jpg\" alt='un fondo blanco y azul' title='botox-banner'   itemprop=\"thumbnailUrl\" srcset=\"https:\/\/spanish.drchugay.com\/wp-content\/uploads\/2014\/08\/botox-banner.jpg 1060w, https:\/\/spanish.drchugay.com\/wp-content\/uploads\/2014\/08\/botox-banner-300x58.jpg 300w, https:\/\/spanish.drchugay.com\/wp-content\/uploads\/2014\/08\/botox-banner-1030x199.jpg 1030w, https:\/\/spanish.drchugay.com\/wp-content\/uploads\/2014\/08\/botox-banner-705x136.jpg 705w, https:\/\/spanish.drchugay.com\/wp-content\/uploads\/2014\/08\/botox-banner-450x87.jpg 450w\" sizes=\"(max-width: 1060px) 100vw, 1060px\" \/><\/div><\/div><\/div>","protected":false},"excerpt":{"rendered":"","protected":false},"author":1,"featured_media":0,"parent":190,"menu_order":0,"comment_status":"closed","ping_status":"closed","template":"","meta":{"footnotes":""},"class_list":["post-5027","page","type-page","status-publish","hentry"],"_links":{"self":[{"href":"https:\/\/spanish.drchugay.com\/es\/wp-json\/wp\/v2\/pages\/5027","targetHints":{"allow":["GET"]}}],"collection":[{"href":"https:\/\/spanish.drchugay.com\/es\/wp-json\/wp\/v2\/pages"}],"about":[{"href":"https:\/\/spanish.drchugay.com\/es\/wp-json\/wp\/v2\/types\/page"}],"author":[{"embeddable":true,"href":"https:\/\/spanish.drchugay.com\/es\/wp-json\/wp\/v2\/users\/1"}],"replies":[{"embeddable":true,"href":"https:\/\/spanish.drchugay.com\/es\/wp-json\/wp\/v2\/comments?post=5027"}],"version-history":[{"count":10,"href":"https:\/\/spanish.drchugay.com\/es\/wp-json\/wp\/v2\/pages\/5027\/revisions"}],"predecessor-version":[{"id":12290,"href":"https:\/\/spanish.drchugay.com\/es\/wp-json\/wp\/v2\/pages\/5027\/revisions\/12290"}],"up":[{"embeddable":true,"href":"https:\/\/spanish.drchugay.com\/es\/wp-json\/wp\/v2\/pages\/190"}],"wp:attachment":[{"href":"https:\/\/spanish.drchugay.com\/es\/wp-json\/wp\/v2\/media?parent=5027"}],"curies":[{"name":"wp","href":"https:\/\/api.w.org\/{rel}","templated":true}]}}