{"id":5048,"date":"2014-08-27T17:51:14","date_gmt":"2014-08-28T00:51:14","guid":{"rendered":"https:\/\/spanish.drchugay.com\/?page_id=5048"},"modified":"2024-08-07T14:30:07","modified_gmt":"2024-08-07T21:30:07","slug":"galeria-de-juvederm-xc","status":"publish","type":"page","link":"https:\/\/spanish.drchugay.com\/es\/procedimientos\/no-quirurgico\/galeria-de-juvederm-xc\/","title":{"rendered":"JUV\u00c9DERM\u00ae XC"},"content":{"rendered":"<section  class='av_textblock_section av-av_textblock-0366cc7376be6c9e82a3e9cc8987b64f'   itemscope=\"itemscope\" itemtype=\"https:\/\/schema.org\/CreativeWork\" ><div class='avia_textblock'  itemprop=\"text\" ><h4>Qu\u00e9 es JUV\u00c9DERM<sup>\u00ae<\/sup> \u00bfXC?<\/h4>\n<p>JUV\u00c9DERM<sup>\u00ae<\/sup> XC es el relleno de gel suave que utilizamos para alisar las arrugas alrededor de la boca y la nariz. Con un solo tratamiento, obtendr\u00e1 resultados suaves y de aspecto natural que duran hasta un a\u00f1o.<\/p>\n<p>JUV\u00c9DERM<sup>\u00ae<\/sup> XC se fabrica con HYLACROSS<sup>\u2122<\/sup> creando un gel de consistencia suave. Se infunde con lidoca\u00edna para mejorar la comodidad durante el tratamiento. Con JUV\u00c9DERM<sup>\u00ae<\/sup> XC obtendr\u00e1 los resultados suaves que espera, con la comodidad mejorada que desea.<\/p>\n<p>Todo el mundo se dar\u00e1 cuenta, <i>pero nadie lo sabr\u00e1.<\/i><\/p>\n<p>*LOS RESULTADOS INDIVIDUALES VARIAR\u00c1N.<\/p>\n<h4 id=\"titleWhere\">\u00bfD\u00f3nde funciona?<\/h4>\n<p>La piel de cada persona envejece de forma diferente y JUV\u00c9DERM<sup>\u00ae<\/sup> XC puede utilizarse para rejuvenecer m\u00faltiples zonas problem\u00e1ticas. Desde las l\u00edneas de expresi\u00f3n hasta las l\u00edneas verticales de los labios, puede alisar las arrugas no deseadas y restaurar los contornos naturales. Consulte las zonas de tratamiento a continuaci\u00f3n.<\/p>\n<\/div><\/section>\n\n<style type=\"text\/css\" data-created_by=\"avia_inline_auto\" id=\"style-css-av-av_image-32d689ddecc4b7599d3384a2a2b56df2\">\n.avia-image-container.av-av_image-32d689ddecc4b7599d3384a2a2b56df2 img.avia_image{\nbox-shadow:none;\n}\n.avia-image-container.av-av_image-32d689ddecc4b7599d3384a2a2b56df2 .av-image-caption-overlay-center{\ncolor:#ffffff;\n}\n<\/style>\n<div  class='avia-image-container av-av_image-32d689ddecc4b7599d3384a2a2b56df2 av-styling- avia-align-center  avia-builder-el-1  el_after_av_textblock  el_before_av_textblock'   itemprop=\"image\" itemscope=\"itemscope\" itemtype=\"https:\/\/schema.org\/ImageObject\" ><div class=\"avia-image-container-inner\"><div class=\"avia-image-overlay-wrap\"><img decoding=\"async\" fetchpriority=\"high\" class='wp-image-5049 avia-img-lazy-loading-not-5049 avia_image' src=\"https:\/\/spanish.drchugay.com\/wp-content\/uploads\/2014\/08\/woman_bars.jpg\" alt='una mujer con arrugas en la cara' title='JUV\u00c9DERM\u00ae XC es un gel de relleno que alisa eficazmente las arrugas alrededor de la boca y la nariz.'  height=\"380\" width=\"800\"  itemprop=\"thumbnailUrl\" srcset=\"https:\/\/spanish.drchugay.com\/wp-content\/uploads\/2014\/08\/woman_bars.jpg 800w, https:\/\/spanish.drchugay.com\/wp-content\/uploads\/2014\/08\/woman_bars-300x142.jpg 300w, https:\/\/spanish.drchugay.com\/wp-content\/uploads\/2014\/08\/woman_bars-705x334.jpg 705w, https:\/\/spanish.drchugay.com\/wp-content\/uploads\/2014\/08\/woman_bars-450x213.jpg 450w\" sizes=\"(max-width: 800px) 100vw, 800px\" \/><\/div><\/div><\/div>\n<section  class='av_textblock_section av-av_textblock-0366cc7376be6c9e82a3e9cc8987b64f'   itemscope=\"itemscope\" itemtype=\"https:\/\/schema.org\/CreativeWork\" ><div class='avia_textblock'  itemprop=\"text\" ><h4>\u00bfC\u00f3mo act\u00faa JUV\u00c9DERM<sup>\u00ae<\/sup> \u00bfFunciona el XC?<\/h4>\n<p>La piel joven y de aspecto saludable contiene abundante cantidad de una sustancia naturalmente hidratante llamada <i>\u00e1cido hialur\u00f3nico<\/i> (HA). Pero con la edad, la luz solar y otros factores pueden reducir la cantidad de AH de la piel. La falta de AH hace que la piel pierda estructura y volumen, lo que crea arrugas y pliegues faciales no deseados, como los siguientes <i>par\u00e9ntesis<\/i> l\u00edneas alrededor de la nariz y la boca.<\/p>\n<p>Utilizaci\u00f3n de un relleno d\u00e9rmico como JUV\u00c9DERM<sup>\u00ae<\/sup> XC es una forma segura y eficaz de reponer el AH que su piel ha perdido, devolvi\u00e9ndole su volumen y alisando las arrugas y pliegues faciales.<\/p>\n<p>Siga leyendo para obtener m\u00e1s detalles sobre c\u00f3mo JUV\u00c9DERM<sup>\u00ae<\/sup> XC hace desaparecer esos par\u00e9ntesis:<\/p>\n<\/div><\/section>\n<div  class='togglecontainer av-av_toggle_container-8e0c6e39d39b619a829887bd54fff3ed  avia-builder-el-3  el_after_av_textblock  el_before_av_hr  toggle_close_all' >\n<section class='av_toggle_section av-av_toggle-20e92d49786e68e17570c200173f9dd0'  itemscope=\"itemscope\" itemtype=\"https:\/\/schema.org\/CreativeWork\" ><div role=\"tablist\" class=\"single_toggle\" data-tags=\"{All} \"  ><p id='toggle-toggle-id-1' data-fake-id='#toggle-id-1' class='toggler  av-title-above'  itemprop=\"headline\"  role='tab' tabindex='0' aria-controls='toggle-id-1' data-slide-speed=\"200\" data-title=\"1: Understanding Where Wrinkles Form\" data-title-open=\"\" data-aria_collapsed=\"Click to expand: 1: Understanding Where Wrinkles Form\" data-aria_expanded=\"Click to collapse: 1: Understanding Where Wrinkles Form\">1: Entender d\u00f3nde se forman las arrugas<span class=\"toggle_icon\"><span class=\"vert_icon\"><\/span><span class=\"hor_icon\"><\/span><\/span><\/p><div id='toggle-id-1' aria-labelledby='toggle-toggle-id-1' role='region' class='toggle_wrap  av-title-above'  ><div class='toggle_content invers-color'  itemprop=\"text\" ><p>La piel est\u00e1 formada por dos capas: la epidermis y la dermis. La epidermis, o capa externa de la piel, act\u00faa como principal defensa de la piel frente al medio ambiente. La dermis, o capa m\u00e1s interna de la piel, se compone principalmente de tejido conjuntivo y proporciona a la piel una red de apoyo. La mayor\u00eda de las arrugas faciales y los pliegues nasolabiales m\u00e1s profundos se producen en la capa d\u00e9rmica de la piel.<\/p>\n<\/div><\/div><\/div><\/section>\n<section class='av_toggle_section av-av_toggle-2851f0097a2062350bda83285826abe3'  itemscope=\"itemscope\" itemtype=\"https:\/\/schema.org\/CreativeWork\" ><div role=\"tablist\" class=\"single_toggle\" data-tags=\"{All} \"  ><p id='toggle-toggle-id-2' data-fake-id='#toggle-id-2' class='toggler  av-title-above'  itemprop=\"headline\"  role='tab' tabindex='0' aria-controls='toggle-id-2' data-slide-speed=\"200\" data-title=\"2: Our Skin\u2019s Natural Moisturizer\" data-title-open=\"\" data-aria_collapsed=\"Click to expand: 2: Our Skin\u2019s Natural Moisturizer\" data-aria_expanded=\"Click to collapse: 2: Our Skin\u2019s Natural Moisturizer\">2: La hidrataci\u00f3n natural de nuestra piel<span class=\"toggle_icon\"><span class=\"vert_icon\"><\/span><span class=\"hor_icon\"><\/span><\/span><\/p><div id='toggle-id-2' aria-labelledby='toggle-toggle-id-2' role='region' class='toggle_wrap  av-title-above'  ><div class='toggle_content invers-color'  itemprop=\"text\" ><p>El \u00e1cido hialur\u00f3nico (AH) es una mol\u00e9cula natural. Al igual que una esponja, su funci\u00f3n principal es retener y absorber agua, lo que crea volumen en el rostro. De este modo, el \u00e1cido hialur\u00f3nico puede considerarse el hidratante interno del cuerpo. Pero, a medida que envejecemos, el AH disminuye, lo que contribuye a la presencia de l\u00edneas y pliegues. JUV\u00c9DERM<sup>\u00ae<\/sup> El gel inyectable XC corrige esta situaci\u00f3n restaurando el \u00e1cido hialur\u00f3nico en la piel, lo que ayuda a reducir las arrugas y los pliegues nasolabiales.<\/p>\n<\/div><\/div><\/div><\/section>\n<section class='av_toggle_section av-av_toggle-7670a4d6f3e7828157ccb8d638366a8d'  itemscope=\"itemscope\" itemtype=\"https:\/\/schema.org\/CreativeWork\" ><div role=\"tablist\" class=\"single_toggle\" data-tags=\"{All} \"  ><p id='toggle-toggle-id-3' data-fake-id='#toggle-id-3' class='toggler  av-title-above'  itemprop=\"headline\"  role='tab' tabindex='0' aria-controls='toggle-id-3' data-slide-speed=\"200\" data-title=\"3: Experiencing Rejuvenation\" data-title-open=\"\" data-aria_collapsed=\"Click to expand: 3: Experiencing Rejuvenation\" data-aria_expanded=\"Click to collapse: 3: Experiencing Rejuvenation\">3: Experimentar el rejuvenecimiento<span class=\"toggle_icon\"><span class=\"vert_icon\"><\/span><span class=\"hor_icon\"><\/span><\/span><\/p><div id='toggle-id-3' aria-labelledby='toggle-toggle-id-3' role='region' class='toggle_wrap  av-title-above'  ><div class='toggle_content invers-color'  itemprop=\"text\" ><div class=\"dt-sc-toggle-content\" style=\"display: block;\">\n<div class=\"block\">\n<p>JUV\u00c9DERM<sup>\u00ae<\/sup> El relleno d\u00e9rmico XC es un tratamiento no quir\u00fargico, administrado por un m\u00e9dico, para los pliegues nasolabiales y otras arrugas faciales. Utilizando una aguja fina, nuestros m\u00e9dicos aliviar JUV\u00c9DERM<sup>\u00ae<\/sup> XC bajo la piel para rellenar el tejido blando de la dermis. Esto a\u00f1ade volumen y disminuye la apariencia de las arrugas y los pliegues nasolabiales al instante.<\/p>\n<p>Aunque existe una gran variedad de rellenos de \u00e1cido hialur\u00f3nico, JUV\u00c9DERM<sup>\u00ae<\/sup> XC tiene una f\u00f3rmula \u00fanica. Un relleno de HA de nueva generaci\u00f3n, JUV\u00c9DERM<sup>\u00ae<\/sup> XC utiliza un proceso de fabricaci\u00f3n denominado HYLACROSS<sup>\u2122<\/sup> tecnolog\u00eda. HYLACROSS<sup>\u2122<\/sup> da JUV\u00c9DERM<sup>\u00ae<\/sup> XC su estructura especial de gel liso que se mantiene a lo largo del tiempo. Por eso JUV\u00c9DERM<sup>\u00ae<\/sup> XC es el primer gel de AH de consistencia suave y el \u00fanico relleno de AH aprobado por la FDA para <i>duran hasta un a\u00f1o<\/i> con un solo tratamiento.<\/p>\n<\/div>\n<\/div>\n<\/div><\/div><\/div><\/section>\n<\/div>\n\n<style type=\"text\/css\" data-created_by=\"avia_inline_auto\" id=\"style-css-av-av_hr-7148c96ad18338470e2200b4c17e1ba3\">\n#top .hr.hr-invisible.av-av_hr-7148c96ad18338470e2200b4c17e1ba3{\nheight:30px;\n}\n<\/style>\n<div  class='hr av-av_hr-7148c96ad18338470e2200b4c17e1ba3 hr-invisible  avia-builder-el-4  el_after_av_toggle_container  el_before_av_textblock'><span class='hr-inner'><span class=\"hr-inner-style\"><\/span><\/span><\/div>\n<section  class='av_textblock_section av-av_textblock-0366cc7376be6c9e82a3e9cc8987b64f'   itemscope=\"itemscope\" itemtype=\"https:\/\/schema.org\/CreativeWork\" ><div class='avia_textblock'  itemprop=\"text\" ><h4>\u00bfPor qu\u00e9 JUV\u00c9DERM\u00ae XC?<\/h4>\n<h5>Es duradero.<\/h5>\n<p style=\"padding-left: 30px;\">JUV\u00c9DERM\u00ae XC es el \u00daNICO relleno de \u00e1cido hialur\u00f3nico (AH) aprobado por la FDA que dura hasta un a\u00f1o con un solo tratamiento (\u00bfacabamos de decir un a\u00f1o?). As\u00ed es, hasta un a\u00f1o.<\/p>\n<h5>Es suave y m\u00e1s c\u00f3modo.<\/h5>\n<p style=\"padding-left: 30px;\">No todos los rellenos d\u00e9rmicos de HA son iguales. S\u00f3lo JUV\u00c9DERM\u00ae es tan suave. Otros rellenos de \u00e1cido hialur\u00f3nico actualmente en el mercado est\u00e1n hechos de geles de consistencia granular, pero nuestro exclusivo proceso de fabricaci\u00f3n (HYLACROSS\u2122) crea un gel de consistencia suave que fluye f\u00e1cilmente en la piel y proporciona un aspecto y una sensaci\u00f3n suaves y naturales, por lo que todo el mundo lo notar\u00e1 (\u00a1pero nadie lo sabr\u00e1!).<\/p>\n<h5>\u00bfHemos mencionado que es m\u00e1s c\u00f3modo que las formulaciones anteriores de JUV\u00c9DERM\u00ae?<\/h5>\n<p style=\"padding-left: 30px;\">El gel inyectable JUV\u00c9DERM\u00ae XC est\u00e1 ahora formulado con lidoca\u00edna, un anest\u00e9sico com\u00fan utilizado para mejorar la comodidad del tratamiento.<\/p>\n<h5>Es seguro y eficaz para distintos tipos de piel.<\/h5>\n<p style=\"padding-left: 30px;\">El gel inyectable JUV\u00c9DERM\u00ae es el primer relleno d\u00e9rmico de \u00e1cido hialur\u00f3nico aprobado por la FDA que ha demostrado su seguridad y eficacia en personas de color. Los estudios con JUV\u00c9DERM\u00ae no mostraron un mayor riesgo de hiperpigmentaci\u00f3n o cicatrices hipertr\u00f3ficas en pacientes de color.<\/p>\n<h5>Es personalizado.<\/h5>\n<p>En el tratamiento de las arrugas no hay una talla \u00fanica. Un plan de tratamiento personalizado es importante para lograr los mejores resultados. Por este motivo, JUV\u00c9DERM\u00ae XC est\u00e1 disponible en dos formulaciones: JUV\u00c9DERM\u00ae Ultra XC, para una mayor versatilidad a la hora de contornear y dar volumen a las arrugas y pliegues faciales, y JUV\u00c9DERM\u00ae Ultra Plus XC, una formulaci\u00f3n m\u00e1s robusta para dar volumen y corregir pliegues y arrugas faciales m\u00e1s profundos. Esto nos permite adaptar el tratamiento a sus necesidades espec\u00edficas.<\/p>\n<p>*LOS RESULTADOS INDIVIDUALES VARIAR\u00c1N.<\/p>\n<\/div><\/section>\n\n<style type=\"text\/css\" data-created_by=\"avia_inline_auto\" id=\"style-css-av-av_textblock-09a1ff4df8c367f1dba719e6ee376c7b\">\n#top .av_textblock_section.av-av_textblock-09a1ff4df8c367f1dba719e6ee376c7b .avia_textblock{\nfont-size:14px;\ncolor:#000000;\n}\n<\/style>\n<section  class='av_textblock_section av-av_textblock-09a1ff4df8c367f1dba719e6ee376c7b'   itemscope=\"itemscope\" itemtype=\"https:\/\/schema.org\/CreativeWork\" ><div class='avia_textblock av_inherit_color'  itemprop=\"text\" ><p style=\"text-align: left;\">*<\/p>\n<\/div><\/section>\n\n<style type=\"text\/css\" data-created_by=\"avia_inline_auto\" id=\"style-css-av-av_gallery-6a9f9b3dde5b5f3ae4e7161d664081b8\">\n#top .avia-gallery.av-av_gallery-6a9f9b3dde5b5f3ae4e7161d664081b8 .avia-gallery-thumb a{\nwidth:33.3333%;\n}\n<\/style>\n<div  class='avia-gallery av-av_gallery-6a9f9b3dde5b5f3ae4e7161d664081b8 avia_animate_when_visible  avia-builder-el-7  el_after_av_textblock  el_before_av_textblock  deactivate_avia_lazyload avia-gallery-animate avia-gallery-1'  itemprop=\"image\" itemscope=\"itemscope\" itemtype=\"https:\/\/schema.org\/ImageObject\" ><meta itemprop=\"contentURL\" content=\"https:\/\/spanish.drchugay.com\/es\/procedimientos\/no-quirurgico\/galeria-de-juvederm-xc\/\"><div class='avia-gallery-thumb'><a href=\"https:\/\/spanish.drchugay.com\/wp-content\/uploads\/2014\/08\/juvederm-xc-liz.jpg\" data-srcset=\"https:\/\/spanish.drchugay.com\/wp-content\/uploads\/2014\/08\/juvederm-xc-liz.jpg 394w, https:\/\/spanish.drchugay.com\/wp-content\/uploads\/2014\/08\/juvederm-xc-liz-300x284.jpg 300w\" data-sizes=\"(max-width: 394px) 100vw, 394px\" data-rel='gallery-1' data-prev-img='https:\/\/spanish.drchugay.com\/wp-content\/uploads\/2014\/08\/juvederm-xc-liz.jpg' class='first_thumb lightbox' data-onclick='1' title='*LOS RESULTADOS INDIVIDUALES VAR\u00cdAN. LOS IM\u00c1GENES NO CONSTITUYEN UNA PROMESA O REPRESENTACI\u00d3N DE NING\u00daN RESULTADO O EXPERIENCIA EN PARTICULAR.'  itemprop=\"thumbnailUrl\"  ><img decoding=\"async\" fetchpriority=\"high\" class=\"wp-image-5053 avia-img-lazy-loading-not-5053\"  data-avia-tooltip='*INDIVIDUAL RESULTS WILL VARY. IMAGES DO NOT CONSTITUTE A PROMISE OR REPRESENTATION OF ANY PARTICULAR OUTCOME OR EXPERIENCE.' src=\"https:\/\/spanish.drchugay.com\/wp-content\/uploads\/2014\/08\/juvederm-xc-liz-180x180.jpg\" width=\"180\" height=\"180\"  title='juvederm-xc-liz' alt='el rostro de una mujer&#039;antes y despu\u00e9s' srcset=\"https:\/\/spanish.drchugay.com\/wp-content\/uploads\/2014\/08\/juvederm-xc-liz-180x180.jpg 180w, https:\/\/spanish.drchugay.com\/wp-content\/uploads\/2014\/08\/juvederm-xc-liz-80x80.jpg 80w, https:\/\/spanish.drchugay.com\/wp-content\/uploads\/2014\/08\/juvederm-xc-liz-36x36.jpg 36w, https:\/\/spanish.drchugay.com\/wp-content\/uploads\/2014\/08\/juvederm-xc-liz-120x120.jpg 120w\" sizes=\"(max-width: 180px) 100vw, 180px\" \/><div class='big-prev-fake'><img decoding=\"async\" loading=\"lazy\" class=\"wp-image-5053 avia-img-lazy-loading-5053\"  width=\"394\" height=\"374\" src=\"https:\/\/spanish.drchugay.com\/wp-content\/uploads\/2014\/08\/juvederm-xc-liz.jpg\" title='juvederm-xc-liz' alt='el rostro de una mujer&#039;antes y despu\u00e9s' srcset=\"https:\/\/spanish.drchugay.com\/wp-content\/uploads\/2014\/08\/juvederm-xc-liz.jpg 394w, https:\/\/spanish.drchugay.com\/wp-content\/uploads\/2014\/08\/juvederm-xc-liz-300x284.jpg 300w\" sizes=\"auto, (max-width: 394px) 100vw, 394px\" \/><\/div><\/a><a href=\"https:\/\/spanish.drchugay.com\/wp-content\/uploads\/2014\/08\/juvederm-xc-abby.jpg\" data-srcset=\"https:\/\/spanish.drchugay.com\/wp-content\/uploads\/2014\/08\/juvederm-xc-abby.jpg 394w, https:\/\/spanish.drchugay.com\/wp-content\/uploads\/2014\/08\/juvederm-xc-abby-300x284.jpg 300w\" data-sizes=\"(max-width: 394px) 100vw, 394px\" data-rel='gallery-1' data-prev-img='https:\/\/spanish.drchugay.com\/wp-content\/uploads\/2014\/08\/juvederm-xc-abby.jpg' class='lightbox' data-onclick='2' title='*LOS RESULTADOS INDIVIDUALES VAR\u00cdAN. LOS IM\u00c1GENES NO CONSTITUYEN UNA PROMESA O REPRESENTACI\u00d3N DE NING\u00daN RESULTADO O EXPERIENCIA EN PARTICULAR.'  itemprop=\"thumbnailUrl\"  ><img decoding=\"async\" fetchpriority=\"high\" class=\"wp-image-5052 avia-img-lazy-loading-not-5052\"  data-avia-tooltip='*INDIVIDUAL RESULTS WILL VARY. IMAGES DO NOT CONSTITUTE A PROMISE OR REPRESENTATION OF ANY PARTICULAR OUTCOME OR EXPERIENCE.' src=\"https:\/\/spanish.drchugay.com\/wp-content\/uploads\/2014\/08\/juvederm-xc-abby-180x180.jpg\" width=\"180\" height=\"180\"  title='juvederm-xc-abby' alt='el rostro de una mujer&#039;antes y despu\u00e9s' srcset=\"https:\/\/spanish.drchugay.com\/wp-content\/uploads\/2014\/08\/juvederm-xc-abby-180x180.jpg 180w, https:\/\/spanish.drchugay.com\/wp-content\/uploads\/2014\/08\/juvederm-xc-abby-80x80.jpg 80w, https:\/\/spanish.drchugay.com\/wp-content\/uploads\/2014\/08\/juvederm-xc-abby-36x36.jpg 36w, https:\/\/spanish.drchugay.com\/wp-content\/uploads\/2014\/08\/juvederm-xc-abby-120x120.jpg 120w\" sizes=\"(max-width: 180px) 100vw, 180px\" \/><div class='big-prev-fake'><img decoding=\"async\" loading=\"lazy\" class=\"wp-image-5052 avia-img-lazy-loading-5052\"  width=\"394\" height=\"374\" src=\"https:\/\/spanish.drchugay.com\/wp-content\/uploads\/2014\/08\/juvederm-xc-abby.jpg\" title='juvederm-xc-abby' alt='el rostro de una mujer&#039;antes y despu\u00e9s' srcset=\"https:\/\/spanish.drchugay.com\/wp-content\/uploads\/2014\/08\/juvederm-xc-abby.jpg 394w, https:\/\/spanish.drchugay.com\/wp-content\/uploads\/2014\/08\/juvederm-xc-abby-300x284.jpg 300w\" sizes=\"auto, (max-width: 394px) 100vw, 394px\" \/><\/div><\/a><a href=\"https:\/\/spanish.drchugay.com\/wp-content\/uploads\/2014\/08\/juvederm-xc-niffery.jpg\" data-srcset=\"https:\/\/spanish.drchugay.com\/wp-content\/uploads\/2014\/08\/juvederm-xc-niffery.jpg 394w, https:\/\/spanish.drchugay.com\/wp-content\/uploads\/2014\/08\/juvederm-xc-niffery-300x284.jpg 300w\" data-sizes=\"(max-width: 394px) 100vw, 394px\" data-rel='gallery-1' data-prev-img='https:\/\/spanish.drchugay.com\/wp-content\/uploads\/2014\/08\/juvederm-xc-niffery.jpg' class='lightbox' data-onclick='3' title='*LOS RESULTADOS INDIVIDUALES VAR\u00cdAN. LOS IM\u00c1GENES NO CONSTITUYEN UNA PROMESA O REPRESENTACI\u00d3N DE NING\u00daN RESULTADO O EXPERIENCIA EN PARTICULAR.'  itemprop=\"thumbnailUrl\"  ><img decoding=\"async\" fetchpriority=\"high\" class=\"wp-image-5051 avia-img-lazy-loading-not-5051\"  data-avia-tooltip='*INDIVIDUAL RESULTS WILL VARY. IMAGES DO NOT CONSTITUTE A PROMISE OR REPRESENTATION OF ANY PARTICULAR OUTCOME OR EXPERIENCE.' src=\"https:\/\/spanish.drchugay.com\/wp-content\/uploads\/2014\/08\/juvederm-xc-niffery-180x180.jpg\" width=\"180\" height=\"180\"  title='juvederm-xc-niffery' alt='el rostro de una mujer&#039;antes y despu\u00e9s' srcset=\"https:\/\/spanish.drchugay.com\/wp-content\/uploads\/2014\/08\/juvederm-xc-niffery-180x180.jpg 180w, https:\/\/spanish.drchugay.com\/wp-content\/uploads\/2014\/08\/juvederm-xc-niffery-80x80.jpg 80w, https:\/\/spanish.drchugay.com\/wp-content\/uploads\/2014\/08\/juvederm-xc-niffery-36x36.jpg 36w, https:\/\/spanish.drchugay.com\/wp-content\/uploads\/2014\/08\/juvederm-xc-niffery-120x120.jpg 120w\" sizes=\"(max-width: 180px) 100vw, 180px\" \/><div class='big-prev-fake'><img decoding=\"async\" loading=\"lazy\" class=\"wp-image-5051 avia-img-lazy-loading-5051\"  width=\"394\" height=\"374\" src=\"https:\/\/spanish.drchugay.com\/wp-content\/uploads\/2014\/08\/juvederm-xc-niffery.jpg\" title='juvederm-xc-niffery' alt='el rostro de una mujer&#039;antes y despu\u00e9s' srcset=\"https:\/\/spanish.drchugay.com\/wp-content\/uploads\/2014\/08\/juvederm-xc-niffery.jpg 394w, https:\/\/spanish.drchugay.com\/wp-content\/uploads\/2014\/08\/juvederm-xc-niffery-300x284.jpg 300w\" sizes=\"auto, (max-width: 394px) 100vw, 394px\" \/><\/div><\/a><\/div><\/div>\n\n<style type=\"text\/css\" data-created_by=\"avia_inline_auto\" id=\"style-css-av-av_textblock-fcd4a2f6bc93ed5342b7b3275d519a98\">\n#top .av_textblock_section.av-av_textblock-fcd4a2f6bc93ed5342b7b3275d519a98 .avia_textblock{\nfont-size:11px;\ncolor:#000000;\n}\n<\/style>\n<section  class='av_textblock_section av-av_textblock-fcd4a2f6bc93ed5342b7b3275d519a98'   itemscope=\"itemscope\" itemtype=\"https:\/\/schema.org\/CreativeWork\" ><div class='avia_textblock av_inherit_color'  itemprop=\"text\" ><p style=\"text-align: center;\">*LOS RESULTADOS INDIVIDUALES VAR\u00cdAN. LOS IM\u00c1GENES NO CONSTITUYEN UNA PROMESA O REPRESENTACI\u00d3N DE NING\u00daN RESULTADO O EXPERIENCIA EN PARTICULAR.<\/p>\n<\/div><\/section>\n<div  class='av_promobox av-av_promobox-264e9d65ba27143dcd75cf1fcb19d6b0 avia-button-yes  avia-builder-el-9  el_after_av_textblock  avia-builder-el-last'><div class='avia-promocontent'><\/p>\n<h3>Se trata de un sencillo tratamiento no quir\u00fargico de las arrugas, con un tiempo de inactividad m\u00ednimo.<\/h3>\n<p>Concierte una cita de camino a casa desde el trabajo o el gimnasio, o incluso mientras los ni\u00f1os est\u00e1n en el entrenamiento de f\u00fatbol, y vuelva a su rutina diaria.<\/p>\n<\/div><div  class='avia-button-wrap av-av_button-4d4d999964ab23e39508ff9cc333762f-wrap avia-button-right'><a href='https:\/\/spanish.drchugay.com\/es\/contacto\/'  class='avia-button av-av_button-4d4d999964ab23e39508ff9cc333762f av-link-btn avia-icon_select-no avia-size-large avia-position-right avia-color-theme-color'   aria-label=\"Llama ahora\"><span class='avia_iconbox_title' >Llama ahora<\/span><\/a><\/div><\/div>","protected":false},"excerpt":{"rendered":"","protected":false},"author":1,"featured_media":0,"parent":190,"menu_order":0,"comment_status":"closed","ping_status":"closed","template":"","meta":{"footnotes":""},"class_list":["post-5048","page","type-page","status-publish","hentry"],"_links":{"self":[{"href":"https:\/\/spanish.drchugay.com\/es\/wp-json\/wp\/v2\/pages\/5048","targetHints":{"allow":["GET"]}}],"collection":[{"href":"https:\/\/spanish.drchugay.com\/es\/wp-json\/wp\/v2\/pages"}],"about":[{"href":"https:\/\/spanish.drchugay.com\/es\/wp-json\/wp\/v2\/types\/page"}],"author":[{"embeddable":true,"href":"https:\/\/spanish.drchugay.com\/es\/wp-json\/wp\/v2\/users\/1"}],"replies":[{"embeddable":true,"href":"https:\/\/spanish.drchugay.com\/es\/wp-json\/wp\/v2\/comments?post=5048"}],"version-history":[{"count":10,"href":"https:\/\/spanish.drchugay.com\/es\/wp-json\/wp\/v2\/pages\/5048\/revisions"}],"predecessor-version":[{"id":11635,"href":"https:\/\/spanish.drchugay.com\/es\/wp-json\/wp\/v2\/pages\/5048\/revisions\/11635"}],"up":[{"embeddable":true,"href":"https:\/\/spanish.drchugay.com\/es\/wp-json\/wp\/v2\/pages\/190"}],"wp:attachment":[{"href":"https:\/\/spanish.drchugay.com\/es\/wp-json\/wp\/v2\/media?parent=5048"}],"curies":[{"name":"wp","href":"https:\/\/api.w.org\/{rel}","templated":true}]}}