{"id":6752,"date":"2017-05-03T11:46:22","date_gmt":"2017-05-03T18:46:22","guid":{"rendered":"https:\/\/spanish.drchugay.com\/?page_id=6752"},"modified":"2024-07-11T12:59:07","modified_gmt":"2024-07-11T19:59:07","slug":"descargo-de-responsabilidad","status":"publish","type":"page","link":"https:\/\/spanish.drchugay.com\/es\/descargo-de-responsabilidad\/","title":{"rendered":"Descargo de responsabilidad"},"content":{"rendered":"<div id='av_section_1'  class='avia-section av-5xqjo0-777e6c6912683374e592a6ef7d06089b main_color avia-section-default avia-no-shadow  avia-builder-el-0  el_before_av_textblock  avia-builder-el-first  avia-bg-style-scroll container_wrap sidebar_right'  ><div class='container av-section-cont-open' ><main  role=\"main\" itemprop=\"mainContentOfPage\"  class='template-page content  av-content-small alpha units'><div class='post-entry post-entry-type-page post-entry-6752'><div class='entry-content-wrapper clearfix'>\n\n<style type=\"text\/css\" data-created_by=\"avia_inline_auto\" id=\"style-css-av-esjvk-83ee122279ea997a2ea7d948cf401b63\">\n#top .av-special-heading.av-esjvk-83ee122279ea997a2ea7d948cf401b63{\npadding-bottom:10px;\n}\nbody .av-special-heading.av-esjvk-83ee122279ea997a2ea7d948cf401b63 .av-special-heading-tag .heading-char{\nfont-size:25px;\n}\n.av-special-heading.av-esjvk-83ee122279ea997a2ea7d948cf401b63 .av-subheading{\nfont-size:15px;\n}\n<\/style>\n<div  class='av-special-heading av-esjvk-83ee122279ea997a2ea7d948cf401b63 av-special-heading-h3  avia-builder-el-1  avia-builder-el-no-sibling'><h3 class='av-special-heading-tag'  itemprop=\"headline\"  >Descargo de responsabilidad \/ Pol\u00edtica de privacidad<\/h3><div class=\"special-heading-border\"><div class=\"special-heading-inner-border\"><\/div><\/div><\/div>\n<\/div><\/div><\/main><!-- close content main element --><\/div><\/div><div id='after_section_1'  class='main_color av_default_container_wrap container_wrap sidebar_right'  ><div class='container av-section-cont-open' ><div class='template-page content  av-content-small alpha units'><div class='post-entry post-entry-type-page post-entry-6752'><div class='entry-content-wrapper clearfix'>\n<section  class='av_textblock_section av-2vex9s-52f78c9a47c6b0e1d433cece39b97935'   itemscope=\"itemscope\" itemtype=\"https:\/\/schema.org\/CreativeWork\" ><div class='avia_textblock'  itemprop=\"text\" ><p><strong>Declaraci\u00f3n de confidencialidad en l\u00ednea<\/strong><\/p>\n<p>Recogemos informaci\u00f3n personal de nuestros clientes en el curso normal de nuestra actividad. Esta declaraci\u00f3n responde a algunas de sus preguntas m\u00e1s frecuentes y le permite saber exactamente c\u00f3mo protegemos la informaci\u00f3n que nos conf\u00eda.<\/p>\n<p><strong>\u00bfQu\u00e9 informaci\u00f3n personal recopilan sobre m\u00ed?<\/strong><\/p>\n<p>Si rellena el formulario \"Consulta\", recopilaremos la siguiente informaci\u00f3n sobre usted:<\/p>\n<ul>\n<li>Nombre<\/li>\n<li>N\u00famero de tel\u00e9fono<\/li>\n<li>Direcci\u00f3n de correo electr\u00f3nico<\/li>\n<\/ul>\n<p><strong>Si decide rellenar los dem\u00e1s campos opcionales que le pedimos;<\/strong><\/p>\n<ul>\n<li>Direcci\u00f3n<\/li>\n<li>Ciudad<\/li>\n<li>Estado\/Provincia<\/li>\n<li>C\u00f3digo postal<\/li>\n<li>Pa\u00eds<\/li>\n<li>Fax<\/li>\n<li>Organizaci\u00f3n<\/li>\n<\/ul>\n<p>Cuando visita nuestro sitio web, tambi\u00e9n recopilamos:<\/p>\n<ul>\n<li>Informaci\u00f3n sobre su ordenador, incluido el tipo de sistema operativo y navegador que utiliza, y la ubicaci\u00f3n de su ordenador.<\/li>\n<li>Qu\u00e9 p\u00e1ginas visita en nuestro sitio y en qu\u00e9 enlaces hace clic.<\/li>\n<\/ul>\n<p><strong>\u00bfC\u00f3mo se utiliza esta informaci\u00f3n?<\/strong><\/p>\n<p>Las principales razones por las que recopilamos informaci\u00f3n personal sobre usted son:<\/p>\n<ul>\n<li>Atenci\u00f3n al cliente.<\/li>\n<li>Para completar una venta\/transacci\u00f3n.<\/li>\n<li>An\u00e1lisis de marketing.<\/li>\n<li>Enviar peri\u00f3dicamente correos electr\u00f3nicos a los clientes en relaci\u00f3n con pedidos o presupuestos.<\/li>\n<\/ul>\n<h3>Intercambio de informaci\u00f3n personal con terceros<\/h3>\n<p>No compartimos su informaci\u00f3n personal con terceros.<\/p>\n<p>https:\/\/www.theskindirectory.com\/Cosmetic-Surgery\/C21-1-0.htm<\/p>\n<\/div><\/section>","protected":false},"excerpt":{"rendered":"","protected":false},"author":1,"featured_media":0,"parent":0,"menu_order":0,"comment_status":"closed","ping_status":"closed","template":"","meta":{"footnotes":""},"class_list":["post-6752","page","type-page","status-publish","hentry"],"_links":{"self":[{"href":"https:\/\/spanish.drchugay.com\/es\/wp-json\/wp\/v2\/pages\/6752","targetHints":{"allow":["GET"]}}],"collection":[{"href":"https:\/\/spanish.drchugay.com\/es\/wp-json\/wp\/v2\/pages"}],"about":[{"href":"https:\/\/spanish.drchugay.com\/es\/wp-json\/wp\/v2\/types\/page"}],"author":[{"embeddable":true,"href":"https:\/\/spanish.drchugay.com\/es\/wp-json\/wp\/v2\/users\/1"}],"replies":[{"embeddable":true,"href":"https:\/\/spanish.drchugay.com\/es\/wp-json\/wp\/v2\/comments?post=6752"}],"version-history":[{"count":4,"href":"https:\/\/spanish.drchugay.com\/es\/wp-json\/wp\/v2\/pages\/6752\/revisions"}],"predecessor-version":[{"id":12171,"href":"https:\/\/spanish.drchugay.com\/es\/wp-json\/wp\/v2\/pages\/6752\/revisions\/12171"}],"wp:attachment":[{"href":"https:\/\/spanish.drchugay.com\/es\/wp-json\/wp\/v2\/media?parent=6752"}],"curies":[{"name":"wp","href":"https:\/\/api.w.org\/{rel}","templated":true}]}}