{"id":6757,"date":"2017-05-09T10:58:43","date_gmt":"2017-05-09T17:58:43","guid":{"rendered":"https:\/\/spanish.drchugay.com\/?page_id=6757"},"modified":"2024-09-24T13:06:06","modified_gmt":"2024-09-24T20:06:06","slug":"galeria-de-buccal-grasa-pad-excision","status":"publish","type":"page","link":"https:\/\/spanish.drchugay.com\/es\/procedimientos\/rejuvenecimiento-facial-cirugia-plastica\/galeria-de-buccal-grasa-pad-excision\/","title":{"rendered":"Escisi\u00f3n de la almohadilla de grasa bucal"},"content":{"rendered":"<style type=\"text\/css\" data-created_by=\"avia_inline_auto\" id=\"style-css-av-k7wmp4kk-34c3e159662ec4bc3f3fa986ba096974\">\n#top .hr.hr-invisible.av-k7wmp4kk-34c3e159662ec4bc3f3fa986ba096974{\nheight:5px;\n}\n<\/style>\n<div  class='hr av-k7wmp4kk-34c3e159662ec4bc3f3fa986ba096974 hr-invisible  avia-builder-el-0  el_before_av_one_full  avia-builder-el-first'><span class='hr-inner'><span class=\"hr-inner-style\"><\/span><\/span><\/div>\n\n<style type=\"text\/css\" data-created_by=\"avia_inline_auto\" id=\"style-css-av-f676no-9457bb500a74c1ddaeac826bf7772a88\">\n#top .flex_column.av-f676no-9457bb500a74c1ddaeac826bf7772a88{\nmargin-top:0px;\nmargin-bottom:10px;\n}\n.flex_column.av-f676no-9457bb500a74c1ddaeac826bf7772a88{\nborder-radius:0px 0px 0px 0px;\npadding:0px 0px 0px 0px;\n}\n.responsive #top #wrap_all .flex_column.av-f676no-9457bb500a74c1ddaeac826bf7772a88{\nmargin-top:0px;\nmargin-bottom:10px;\n}\n<\/style>\n<div  class='flex_column av-f676no-9457bb500a74c1ddaeac826bf7772a88 av_one_full  avia-builder-el-1  el_after_av_hr  el_before_av_hr  first flex_column_div av-zero-column-padding'     ><p>\n<style type=\"text\/css\" data-created_by=\"avia_inline_auto\" id=\"style-css-av-kael38sr-0b25403093b191e086787210a0588a11\">\n#top .av-special-heading.av-kael38sr-0b25403093b191e086787210a0588a11{\npadding-bottom:10px;\n}\nbody .av-special-heading.av-kael38sr-0b25403093b191e086787210a0588a11 .av-special-heading-tag .heading-char{\nfont-size:25px;\n}\n.av-special-heading.av-kael38sr-0b25403093b191e086787210a0588a11 .av-subheading{\nfont-size:15px;\n}\n<\/style>\n<div  class='av-special-heading av-kael38sr-0b25403093b191e086787210a0588a11 av-special-heading-h2 blockquote modern-quote  avia-builder-el-2  el_before_av_textblock  avia-builder-el-first'><h2 class='av-special-heading-tag'  itemprop=\"headline\"  >Escisi\u00f3n de la almohadilla de grasa bucal<\/h2><div class=\"special-heading-border\"><div class=\"special-heading-inner-border\"><\/div><\/div><\/div><br \/>\n<section  class='av_textblock_section av-6f2g5w-afef2466495f36651eab10232c02c09e'   itemscope=\"itemscope\" itemtype=\"https:\/\/schema.org\/CreativeWork\" ><div class='avia_textblock'  itemprop=\"text\" ><p>La almohadilla de grasa bucal (almohadilla de grasa de Bichat) es una bolsa profunda de grasa situada debajo de la eminencia malar (mejilla) y detr\u00e1s del m\u00fasculo buccinador que puede producir un rostro m\u00e1s redondeado y lleno.  La escisi\u00f3n de la almohadilla de grasa bucal puede realizarse para mejorar la definici\u00f3n de la cara y reducir una cara excesivamente redonda.<\/p>\n<p>Aunque el procedimiento es sutil en su resultado global, cuando se realiza correctamente puede producir una depresi\u00f3n m\u00e1s prominente debajo de la regi\u00f3n de la mejilla.  Hay que tener cuidado al eliminar demasiada grasa, ya que puede dar un aspecto esquel\u00e9tico a la cara, sobre todo en etapas posteriores de la vida.<\/p>\n<\/div><\/section><br \/>\n\n<style type=\"text\/css\" data-created_by=\"avia_inline_auto\" id=\"style-css-av-cunuro-8e65e2d5f6cee727e89356da0e96f396\">\n.avia-image-container.av-cunuro-8e65e2d5f6cee727e89356da0e96f396 img.avia_image{\nbox-shadow:none;\n}\n.avia-image-container.av-cunuro-8e65e2d5f6cee727e89356da0e96f396 .av-image-caption-overlay-center{\ncolor:#ffffff;\n}\n<\/style>\n<div  class='avia-image-container av-cunuro-8e65e2d5f6cee727e89356da0e96f396 av-styling- avia-align-center  avia-builder-el-4  el_after_av_textblock  el_before_av_textblock'   itemprop=\"image\" itemscope=\"itemscope\" itemtype=\"https:\/\/schema.org\/ImageObject\" ><div class=\"avia-image-container-inner\"><div class=\"avia-image-overlay-wrap\"><img decoding=\"async\" fetchpriority=\"high\" class='wp-image-6770 avia-img-lazy-loading-not-6770 avia_image' src=\"https:\/\/spanish.drchugay.com\/wp-content\/uploads\/2017\/05\/before-after-buccal-fat-2.jpg\" alt='Almohadilla de grasa bucal' title='Almohadilla de grasa bucal'  height=\"650\" width=\"1000\"  itemprop=\"thumbnailUrl\" srcset=\"https:\/\/spanish.drchugay.com\/wp-content\/uploads\/2017\/05\/before-after-buccal-fat-2.jpg 1000w, https:\/\/spanish.drchugay.com\/wp-content\/uploads\/2017\/05\/before-after-buccal-fat-2-300x195.jpg 300w, https:\/\/spanish.drchugay.com\/wp-content\/uploads\/2017\/05\/before-after-buccal-fat-2-705x458.jpg 705w, https:\/\/spanish.drchugay.com\/wp-content\/uploads\/2017\/05\/before-after-buccal-fat-2-450x293.jpg 450w\" sizes=\"(max-width: 1000px) 100vw, 1000px\" \/><\/div><\/div><\/div><br \/>\n<section  class='av_textblock_section av-a965n8-130ac8caac0027b8eeb1d2837288bab0'   itemscope=\"itemscope\" itemtype=\"https:\/\/schema.org\/CreativeWork\" ><div class='avia_textblock'  itemprop=\"text\" ><div class=\"disclaimer\">*LOS RESULTADOS INDIVIDUALES VARIAR\u00c1N. LAS IM\u00c1GENES NO CONSTITUYEN UNA PROMESA O REPRESENTACI\u00d3N DE NING\u00daN RESULTADO O EXPERIENCIA PARTICULAR.<\/div>\n<\/div><\/section><\/p><\/div>\n\n<style type=\"text\/css\" data-created_by=\"avia_inline_auto\" id=\"style-css-av-k7wmp4kk-11-cd339f8d39706e5296a3f78d6ba5401f\">\n#top .hr.hr-invisible.av-k7wmp4kk-11-cd339f8d39706e5296a3f78d6ba5401f{\nheight:5px;\n}\n<\/style>\n<div  class='hr av-k7wmp4kk-11-cd339f8d39706e5296a3f78d6ba5401f hr-invisible  avia-builder-el-6  el_after_av_one_full  el_before_av_one_full'><span class='hr-inner'><span class=\"hr-inner-style\"><\/span><\/span><\/div>\n<div class='flex_column_table av-4m8cdw-2a0d63004c764b56da58a2c8d9816a96 sc-av_one_full av-equal-height-column-flextable'>\n<style type=\"text\/css\" data-created_by=\"avia_inline_auto\" id=\"style-css-av-4m8cdw-2a0d63004c764b56da58a2c8d9816a96\">\n#top .flex_column_table.av-equal-height-column-flextable.av-4m8cdw-2a0d63004c764b56da58a2c8d9816a96{\nmargin-top:10px;\nmargin-bottom:10px;\n}\n.flex_column.av-4m8cdw-2a0d63004c764b56da58a2c8d9816a96{\nborder-radius:0px 0px 0px 0px;\npadding:0px 0px 0px 0px;\n}\n<\/style>\n<div  class='flex_column av-4m8cdw-2a0d63004c764b56da58a2c8d9816a96 av_one_full  avia-builder-el-7  el_after_av_hr  el_before_av_one_full  first flex_column_table_cell av-equal-height-column av-align-bottom av-zero-column-padding'     ><div  class='avia-button-wrap av-k7wn5hp8-a9c9adb34efff5c9c26dfde4e767f786-wrap avia-button-center  avia-builder-el-8  avia-builder-el-no-sibling'><a href='https:\/\/spanish.drchugay.com\/es\/galerias-de-procedimientos-2-4\/galeria-de-buccal-grasa-pad-excision\/'  class='avia-button av-k7wn5hp8-a9c9adb34efff5c9c26dfde4e767f786 av-link-btn avia-icon_select-yes-right-icon avia-size-large avia-position-center av-icon-on-hover avia-color-dark'   aria-label=\"VER GALER\u00cdA\"><span class='avia_iconbox_title' >VER GALER\u00cdA<\/span><span class='avia_button_icon avia_button_icon_right avia-iconfont avia-font-entypo-fontello' data-av_icon='\ue87d' data-av_iconfont='entypo-fontello' ><\/span><\/a><\/div><\/div><\/div><!--close column table wrapper. Autoclose: 1 -->\n\n<style type=\"text\/css\" data-created_by=\"avia_inline_auto\" id=\"style-css-av-f676no-10-5c52d7bc9c73ff72fff46b5d194e4cdc\">\n#top .flex_column.av-f676no-10-5c52d7bc9c73ff72fff46b5d194e4cdc{\nmargin-top:30px;\nmargin-bottom:10px;\n}\n.flex_column.av-f676no-10-5c52d7bc9c73ff72fff46b5d194e4cdc{\nborder-radius:0px 0px 0px 0px;\npadding:0px 0px 0px 0px;\n}\n.responsive #top #wrap_all .flex_column.av-f676no-10-5c52d7bc9c73ff72fff46b5d194e4cdc{\nmargin-top:30px;\nmargin-bottom:10px;\n}\n<\/style>\n<div  class='flex_column av-f676no-10-5c52d7bc9c73ff72fff46b5d194e4cdc av_one_full  avia-builder-el-9  el_after_av_one_full  el_before_av_one_full  first flex_column_div av-zero-column-padding  column-top-margin'     ><p>\n<style type=\"text\/css\" data-created_by=\"avia_inline_auto\" id=\"style-css-av-kael4c5t-0234c8545f45f0e028d83c704f7dd033\">\n#top .av-special-heading.av-kael4c5t-0234c8545f45f0e028d83c704f7dd033{\npadding-bottom:10px;\n}\nbody .av-special-heading.av-kael4c5t-0234c8545f45f0e028d83c704f7dd033 .av-special-heading-tag .heading-char{\nfont-size:25px;\n}\n.av-special-heading.av-kael4c5t-0234c8545f45f0e028d83c704f7dd033 .av-subheading{\nfont-size:15px;\n}\n<\/style>\n<div  class='av-special-heading av-kael4c5t-0234c8545f45f0e028d83c704f7dd033 av-special-heading-h3  avia-builder-el-10  el_before_av_textblock  avia-builder-el-first'><h3 class='av-special-heading-tag'  itemprop=\"headline\"  >El procedimiento<\/h3><div class=\"special-heading-border\"><div class=\"special-heading-inner-border\"><\/div><\/div><\/div><br \/>\n<section  class='av_textblock_section av-8nz50-ed8bd19dc4dfa2c29850203d619eba83'   itemscope=\"itemscope\" itemtype=\"https:\/\/schema.org\/CreativeWork\" ><div class='avia_textblock'  itemprop=\"text\" ><p>A trav\u00e9s de una incisi\u00f3n en la boca de aproximadamente 2-3 cm, se separa el m\u00fasculo buccinador con una pinza para acceder a la almohadilla de grasa bucal.  A continuaci\u00f3n, la grasa se extrae y elimina suavemente para proporcionar un efecto de \"ahuecamiento\" de la regi\u00f3n de la mejilla.<\/p>\n<\/div><\/section><\/p><\/div>\n\n<style type=\"text\/css\" data-created_by=\"avia_inline_auto\" id=\"style-css-av-f676no-8-267aa4b5bd692a050a19798f74eecebe\">\n#top .flex_column.av-f676no-8-267aa4b5bd692a050a19798f74eecebe{\nmargin-top:0px;\nmargin-bottom:10px;\n}\n.flex_column.av-f676no-8-267aa4b5bd692a050a19798f74eecebe{\nborder-radius:0px 0px 0px 0px;\npadding:0px 0px 0px 0px;\n}\n.responsive #top #wrap_all .flex_column.av-f676no-8-267aa4b5bd692a050a19798f74eecebe{\nmargin-top:0px;\nmargin-bottom:10px;\n}\n<\/style>\n<div  class='flex_column av-f676no-8-267aa4b5bd692a050a19798f74eecebe av_one_full  avia-builder-el-12  el_after_av_one_full  el_before_av_heading  first flex_column_div av-zero-column-padding  column-top-margin'     ><article  class='iconbox iconbox_top av-k7wid5mf-068a306b294f1183665128203fb67087  avia-builder-el-13  avia-builder-el-no-sibling  main_color'  itemscope=\"itemscope\" itemtype=\"https:\/\/schema.org\/CreativeWork\" ><div class=\"iconbox_content\"><header class=\"entry-content-header\" aria-label=\"Icono: \u00bfHay financiaci\u00f3n disponible?\"><div class='iconbox_icon heading-color avia-iconfont avia-font-entypo-fontello' data-av_icon='\ue827' data-av_iconfont='entypo-fontello'  ><\/div><h3 class='iconbox_content_title'  itemprop=\"headline\" >\u00bfHay financiaci\u00f3n disponible?<\/h3><\/header><div class='iconbox_content_container'  itemprop=\"text\" ><p>S\u00ed. Financiaci\u00f3n m\u00e9dica est\u00e1 disponible en el cr\u00e9dito aprobado. Aceptamos financiaci\u00f3n de CareCredit.com. Para m\u00e1s informaci\u00f3n sobre nuestras opciones de financiaci\u00f3n<\/p>\n<div  class='avia-button-wrap av-3702at-2f75b6c227e6bd1a864bfe1943708b73-wrap avia-button-center  avia-builder-el-14  avia-builder-el-no-sibling'><a href='https:\/\/spanish.drchugay.com\/es\/informacion-del-paciente\/financiacion-medica\/'  class='avia-button av-3702at-2f75b6c227e6bd1a864bfe1943708b73 av-link-btn avia-icon_select-no avia-size-large avia-position-center avia-color-dark'   aria-label=\"OBTENER FINANCIACI\u00d3N\"><span class='avia_iconbox_title' >OBTENER FINANCIACI\u00d3N<\/span><\/a><\/div>\n<\/div><\/div><footer class=\"entry-footer\"><\/footer><\/article><\/div>\n<style type=\"text\/css\" data-created_by=\"avia_inline_auto\" id=\"style-css-av-2fapxh-120ed9eb1ea7584c2bc8710adbd8efb4\">\n#top .av-special-heading.av-2fapxh-120ed9eb1ea7584c2bc8710adbd8efb4{\npadding-bottom:10px;\n}\nbody .av-special-heading.av-2fapxh-120ed9eb1ea7584c2bc8710adbd8efb4 .av-special-heading-tag .heading-char{\nfont-size:25px;\n}\n.av-special-heading.av-2fapxh-120ed9eb1ea7584c2bc8710adbd8efb4 .av-subheading{\nfont-size:15px;\n}\n<\/style>\n<div  class='av-special-heading av-2fapxh-120ed9eb1ea7584c2bc8710adbd8efb4 av-special-heading-h3  avia-builder-el-15  el_after_av_one_full  el_before_av_textblock'><h3 class='av-special-heading-tag'  itemprop=\"headline\"  >Anestesia<\/h3><div class=\"special-heading-border\"><div class=\"special-heading-inner-border\"><\/div><\/div><\/div><\/p>\n<section  class='av_textblock_section av-8nz50-7-d8917183cf4e674191aa17db48d3f59b'   itemscope=\"itemscope\" itemtype=\"https:\/\/schema.org\/CreativeWork\" ><div class='avia_textblock'  itemprop=\"text\" ><p>Normalmente recomendamos realizar el procedimiento bajo alg\u00fan tipo de sedaci\u00f3n ligera o anestesia para permitir una manipulaci\u00f3n m\u00e1s f\u00e1cil de la mand\u00edbula y las estructuras intraorales.<\/p>\n<\/div><\/section>\n\n<style type=\"text\/css\" data-created_by=\"avia_inline_auto\" id=\"style-css-av-k7wmp4kk-9-6b070db8001ad17d4028e83bf895f707\">\n#top .hr.hr-invisible.av-k7wmp4kk-9-6b070db8001ad17d4028e83bf895f707{\nheight:15px;\n}\n<\/style>\n<div  class='hr av-k7wmp4kk-9-6b070db8001ad17d4028e83bf895f707 hr-invisible  avia-builder-el-17  el_after_av_textblock  el_before_av_one_full'><span class='hr-inner'><span class=\"hr-inner-style\"><\/span><\/span><\/div>\n\n<style type=\"text\/css\" data-created_by=\"avia_inline_auto\" id=\"style-css-av-f676no-6-66da62a3ad4a6d0da8b1f9a735079dc9\">\n#top .flex_column.av-f676no-6-66da62a3ad4a6d0da8b1f9a735079dc9{\nmargin-top:0px;\nmargin-bottom:10px;\n}\n.flex_column.av-f676no-6-66da62a3ad4a6d0da8b1f9a735079dc9{\nborder-radius:0px 0px 0px 0px;\npadding:0px 0px 0px 0px;\n}\n.responsive #top #wrap_all .flex_column.av-f676no-6-66da62a3ad4a6d0da8b1f9a735079dc9{\nmargin-top:0px;\nmargin-bottom:10px;\n}\n<\/style>\n<div  class='flex_column av-f676no-6-66da62a3ad4a6d0da8b1f9a735079dc9 av_one_full  avia-builder-el-18  el_after_av_hr  el_before_av_one_full  first flex_column_div av-zero-column-padding'     ><article  class='iconbox iconbox_top av-k7wid5mf-5-df1cce3f0f3d2cbd7734007275c00224  avia-builder-el-19  avia-builder-el-no-sibling  main_color'  itemscope=\"itemscope\" itemtype=\"https:\/\/schema.org\/CreativeWork\" ><div class=\"iconbox_content\"><header class=\"entry-content-header\" aria-label=\"Icono: Cosas que debe buscar en su cirujano:\"><div class='iconbox_icon heading-color avia-iconfont avia-font-entypo-fontello' data-av_icon='\ue81e' data-av_iconfont='entypo-fontello'  ><\/div><h3 class='iconbox_content_title'  itemprop=\"headline\" >Cosas que debe buscar en su cirujano:<\/h3><\/header><div class='iconbox_content_container'  itemprop=\"text\" ><ul style=\"text-align: left;\">\n<li><strong>Experiencia:<\/strong> Con 2 generaciones de m\u00e9dicos, m\u00e1s de 30.000 procedimientos y toda una vida de experiencia combinada, el Dr. Nikolas V. Chugay y el Dr. Paul N. Chugay no s\u00f3lo tienen la experiencia necesaria en diversos procedimientos quir\u00fargicos y no quir\u00fargicos, sino que Nikolas ha ayudado a revolucionar la industria, y Paul est\u00e1 siguiendo muy de cerca los pasos de su padre, bas\u00e1ndose en m\u00e1s de 40 a\u00f1os de experiencia.<\/li>\n<li><strong>Compatibilidad y respeto:<\/strong> Reserva una consulta con el m\u00e9dico. Comprueba c\u00f3mo te trata, si te escucha y qu\u00e9 quieres. Es importante que hables a fondo con tu m\u00e9dico de lo que quieres conseguir para que tenga una idea clara y concisa de cu\u00e1l es tu objetivo, pero tambi\u00e9n es importante que respetes la experiencia y la formaci\u00f3n de tu m\u00e9dico lo suficiente como para escuchar sus recomendaciones. No querr\u00e1s tener un m\u00e9dico que no se preocupe por TI.<\/li>\n<li><strong>Especializaci\u00f3n:<\/strong> Pregunte a su m\u00e9dico por otras veces que haya realizado el procedimiento que usted desea.<\/li>\n<\/ul>\n<div  class='avia-button-wrap av-3702at-4-2f33475b5a6debd93c921b5120747d4a-wrap avia-button-center  avia-builder-el-20  avia-builder-el-no-sibling'><a href='https:\/\/spanish.drchugay.com\/es\/sobre-la-clinica-medica-de-cirugia-estetica-chugay\/'  class='avia-button av-3702at-4-2f33475b5a6debd93c921b5120747d4a av-link-btn avia-icon_select-no avia-size-large avia-position-center avia-color-dark'   aria-label=\"CONOZCA A SUS CIRUJANOS\"><span class='avia_iconbox_title' >CONOZCA A SUS CIRUJANOS<\/span><\/a><\/div>\n<\/div><\/div><footer class=\"entry-footer\"><\/footer><\/article><\/div>\n\n<style type=\"text\/css\" data-created_by=\"avia_inline_auto\" id=\"style-css-av-41dbck-f9741761faa0742a7de6806943dea868\">\n#top .flex_column.av-41dbck-f9741761faa0742a7de6806943dea868{\nmargin-top:30px;\nmargin-bottom:0px;\n}\n.flex_column.av-41dbck-f9741761faa0742a7de6806943dea868{\nborder-radius:0px 0px 0px 0px;\npadding:0px 0px 0px 0px;\n}\n.responsive #top #wrap_all .flex_column.av-41dbck-f9741761faa0742a7de6806943dea868{\nmargin-top:30px;\nmargin-bottom:0px;\n}\n<\/style>\n<div  class='flex_column av-41dbck-f9741761faa0742a7de6806943dea868 av_one_full  avia-builder-el-21  el_after_av_one_full  el_before_av_one_full  first flex_column_div av-zero-column-padding  column-top-margin'     ><p>\n<style type=\"text\/css\" data-created_by=\"avia_inline_auto\" id=\"style-css-av-k7wmp4kk-3-808682a29b6a07add4ef44918024434f\">\n#top .hr.hr-invisible.av-k7wmp4kk-3-808682a29b6a07add4ef44918024434f{\nheight:20px;\n}\n<\/style>\n<div  class='hr av-k7wmp4kk-3-808682a29b6a07add4ef44918024434f hr-invisible  avia-builder-el-22  el_before_av_icon_box  avia-builder-el-first'><span class='hr-inner'><span class=\"hr-inner-style\"><\/span><\/span><\/div><br \/>\n<article  class='iconbox iconbox_top av-k7wid5mf-1-261477e3ec5b06629413c23eaa42018d  avia-builder-el-23  el_after_av_hr  avia-builder-el-last  main_color'  itemscope=\"itemscope\" itemtype=\"https:\/\/schema.org\/CreativeWork\" ><div class=\"iconbox_content\"><header class=\"entry-content-header\" aria-label=\"Icono: Despu\u00e9s de la operaci\u00f3n\"><div class='iconbox_icon heading-color avia-iconfont avia-font-entypo-fontello' data-av_icon='\ue81e' data-av_iconfont='entypo-fontello'  ><\/div><h3 class='iconbox_content_title'  itemprop=\"headline\" >Despu\u00e9s de su cirug\u00eda.<\/h3><\/header><div class='iconbox_content_container'  itemprop=\"text\" ><p>Es muy frecuente que los pacientes presenten un aspecto exagerado tras la intervenci\u00f3n y tengan la apariencia de una ardilla debido a la importante hinchaz\u00f3n.  Para minimizar la hinchaz\u00f3n postoperatoria y el riesgo de formaci\u00f3n de seroma\/hematoma (acumulaci\u00f3n de l\u00edquido), recomendamos aplicar hielo en las mejillas en las 48 horas posteriores a la intervenci\u00f3n.  Tambi\u00e9n proporcionamos a los pacientes una receta de antibi\u00f3ticos junto con un enjuague bucal para minimizar el riesgo de infecci\u00f3n.<\/p>\n<\/div><\/div><footer class=\"entry-footer\"><\/footer><\/article><\/p><\/div>\n\n<style type=\"text\/css\" data-created_by=\"avia_inline_auto\" id=\"style-css-av-f676no-2-ac709498962ce8d18107d618f093ce10\">\n#top .flex_column.av-f676no-2-ac709498962ce8d18107d618f093ce10{\nmargin-top:50px;\nmargin-bottom:10px;\n}\n.flex_column.av-f676no-2-ac709498962ce8d18107d618f093ce10{\nborder-radius:0px 0px 0px 0px;\npadding:0px 0px 0px 0px;\n}\n.responsive #top #wrap_all .flex_column.av-f676no-2-ac709498962ce8d18107d618f093ce10{\nmargin-top:50px;\nmargin-bottom:10px;\n}\n<\/style>\n<div  class='flex_column av-f676no-2-ac709498962ce8d18107d618f093ce10 av_one_full  avia-builder-el-24  el_after_av_one_full  avia-builder-el-last  first flex_column_div av-zero-column-padding  column-top-margin'     ><style type=\"text\/css\" data-created_by=\"avia_inline_auto\" id=\"style-css-av-k7wnwtuw-bfac9e508be5c63049274c32f5ac2573\">\n.av_promobox.av-k7wnwtuw-bfac9e508be5c63049274c32f5ac2573{\ncolor:#ffffff;\nbackground:#444444;\nborder-color:#000000;\n}\n<\/style>\n<div  class='av_promobox av-k7wnwtuw-bfac9e508be5c63049274c32f5ac2573 avia-button-yes  avia-builder-el-25  el_before_av_hr  avia-builder-el-first'><div class='avia-promocontent'><h2><span style=\"color: #ffffff;\">\u00bfPreparado para mejorar el aspecto de su cuerpo?<\/span><\/h2>\n<h5><span style=\"color: #ffffff;\">Ll\u00e1menos ahora para una consulta y evaluaci\u00f3n gratuitas.<\/span><\/h5>\n<p>\n<\/div><div  class='avia-button-wrap av-k7wnwtuw-4995055a5ece8a1cc3b1f684af197876-wrap avia-button-right'><a href='https:\/\/spanish.drchugay.com\/es\/contacto\/'  class='avia-button av-k7wnwtuw-4995055a5ece8a1cc3b1f684af197876 av-link-btn avia-icon_select-no avia-size-large avia-position-right avia-color-theme-color-subtle'   aria-label=\"RESERVAR AHORA\"><span class='avia_iconbox_title' >RESERVAR AHORA<\/span><\/a><\/div><\/div><br \/>\n\n<style type=\"text\/css\" data-created_by=\"avia_inline_auto\" id=\"style-css-av-9dsts4-11399a697b8219a0eaa2ba93d19c13fd\">\n#top .hr.hr-invisible.av-9dsts4-11399a697b8219a0eaa2ba93d19c13fd{\nheight:10px;\n}\n<\/style>\n<div  class='hr av-9dsts4-11399a697b8219a0eaa2ba93d19c13fd hr-invisible  avia-builder-el-26  el_after_av_promobox  avia-builder-el-last'><span class='hr-inner'><span class=\"hr-inner-style\"><\/span><\/span><\/div><\/p><\/div>","protected":false},"excerpt":{"rendered":"","protected":false},"author":1,"featured_media":0,"parent":4,"menu_order":0,"comment_status":"closed","ping_status":"closed","template":"","meta":{"footnotes":""},"class_list":["post-6757","page","type-page","status-publish","hentry"],"_links":{"self":[{"href":"https:\/\/spanish.drchugay.com\/es\/wp-json\/wp\/v2\/pages\/6757","targetHints":{"allow":["GET"]}}],"collection":[{"href":"https:\/\/spanish.drchugay.com\/es\/wp-json\/wp\/v2\/pages"}],"about":[{"href":"https:\/\/spanish.drchugay.com\/es\/wp-json\/wp\/v2\/types\/page"}],"author":[{"embeddable":true,"href":"https:\/\/spanish.drchugay.com\/es\/wp-json\/wp\/v2\/users\/1"}],"replies":[{"embeddable":true,"href":"https:\/\/spanish.drchugay.com\/es\/wp-json\/wp\/v2\/comments?post=6757"}],"version-history":[{"count":13,"href":"https:\/\/spanish.drchugay.com\/es\/wp-json\/wp\/v2\/pages\/6757\/revisions"}],"predecessor-version":[{"id":12487,"href":"https:\/\/spanish.drchugay.com\/es\/wp-json\/wp\/v2\/pages\/6757\/revisions\/12487"}],"up":[{"embeddable":true,"href":"https:\/\/spanish.drchugay.com\/es\/wp-json\/wp\/v2\/pages\/4"}],"wp:attachment":[{"href":"https:\/\/spanish.drchugay.com\/es\/wp-json\/wp\/v2\/media?parent=6757"}],"curies":[{"name":"wp","href":"https:\/\/api.w.org\/{rel}","templated":true}]}}