{"id":7809,"date":"2017-11-29T11:28:54","date_gmt":"2017-11-29T19:28:54","guid":{"rendered":"https:\/\/spanish.drchugay.com\/?page_id=7809"},"modified":"2025-01-02T14:44:10","modified_gmt":"2025-01-02T22:44:10","slug":"paquetes-para-parejas","status":"publish","type":"page","link":"https:\/\/spanish.drchugay.com\/es\/informacion-del-paciente\/especiales\/paquetes-para-parejas\/","title":{"rendered":"Paquetes para parejas"},"content":{"rendered":"<style type=\"text\/css\" data-created_by=\"avia_inline_auto\" id=\"style-css-av-2llalt-0e61c76189e3d0c87caad4a5f9a0609f\">\n#top .av-special-heading.av-2llalt-0e61c76189e3d0c87caad4a5f9a0609f{\npadding-bottom:10px;\n}\nbody .av-special-heading.av-2llalt-0e61c76189e3d0c87caad4a5f9a0609f .av-special-heading-tag .heading-char{\nfont-size:25px;\n}\n.av-special-heading.av-2llalt-0e61c76189e3d0c87caad4a5f9a0609f .av-subheading{\nfont-size:15px;\n}\n<\/style>\n<div  class='av-special-heading av-2llalt-0e61c76189e3d0c87caad4a5f9a0609f av-special-heading-h3  avia-builder-el-0  el_before_av_hr  avia-builder-el-first'><h3 class='av-special-heading-tag'  itemprop=\"headline\"  >Cirug\u00eda Est\u00e9tica Liposucci\u00f3n, Elevaci\u00f3n de Mamas, Abdominoplastia Ofertas Especiales - Paquetes para Parejas<\/h3><div class=\"special-heading-border\"><div class=\"special-heading-inner-border\"><\/div><\/div><\/div>\n<div  class='hr av-hp7c7l-8a13f2fd33f1ded9052ce145a5af7776 hr-short  avia-builder-el-1  el_after_av_heading  el_before_av_notification  hr-center'><span class='hr-inner'><span class=\"hr-inner-style\"><\/span><\/span><\/div>\n<div id='avia-messagebox-' class='avia_message_box av_notification av-2eb5vl-c99ccf0014dcb3811511ce145c40997a avia-color-blue avia-size-large avia-icon_select-yes avia-border-  avia-builder-el-2  el_after_av_hr  el_before_av_textblock' ><span class='avia_message_box_title' >FINANCIACI\u00d3N DISPONIBLE<\/span><div class=\"avia_message_box_content\"><span class='avia_message_box_icon avia-iconfont avia-font-entypo-fontello' data-av_icon='\ue827' data-av_iconfont='entypo-fontello' ><\/span><p><span style=\"padding-top: 20px;\">\u00a1Pagos mensuales tan bajos como $300 \/mes!<\/span><\/p>\n<\/div><\/div>\n<section  class='av_textblock_section av-frkhap-866c668a3c3c2000f06fd532c52c3e96'   itemscope=\"itemscope\" itemtype=\"https:\/\/schema.org\/CreativeWork\" ><div class='avia_textblock'  itemprop=\"text\" ><h3>PAQUETES PARA PAREJAS: $ 15.000,00<\/h3>\n<h4>2025<\/h4>\n<p>Seleccione dos de los siguientes procedimientos (Uno por paciente):<\/p>\n<ul>\n<li>Implantes de b\u00edceps o tr\u00edceps<\/li>\n<li>Augmento del busto con implantes salinos<\/li>\n<li>Implantes de sentaderas<\/li>\n<li>Implantes de pantorrilla<\/li>\n<li>Implantes pectorales<\/li>\n<li>Liposuccion del est\u00f3mago, cintura, cadera, flancos laterales, espalda<\/li>\n<li>Abdominoplastia (Tummy tuck)<\/li>\n<li>Levantamiento de la cara<\/li>\n<li>Levantamiento del cuello\n<ul>\n<li>Se incluye el costo de laboratorio, EKG, cirug\u00eda y visitas para despu\u00e9s de la cirug\u00eda<\/li>\n<li>Anestesia es un cargo adicional de $ 800.00 por paciente<\/li>\n<\/ul>\n<\/li>\n<\/ul>\n<p><strong>Nota importante:<\/strong><br \/>\nPara implantes de silicona opcionales. Si desea cambiar sus implantes de aumento mamario a silicona, se a\u00f1adir\u00e1 una tarifa adicional de $ 1.000,00 a cada paquete aplicable. La silicona puede a\u00f1adir una sensaci\u00f3n m\u00e1s natural a sus implantes.<br \/>\n<strong>TODOS NUESTROS PAQUETES INCLUYEN:<\/strong> Laboratorios preoperatorios, electrocardiograma, cirug\u00eda, prendas quir\u00fargicas y seguimiento postoperatorio.<br \/>\nLa anestesia es una tarifa aparte de $ 800,00 a $ 1.500,00<br \/>\n<span style=\"font-size: 12px;\"><em>*Algunas restricciones aplican<\/em><br \/>\n<\/span><\/p>\n<div style=\"font-size: 11px;\">*LOS RESULTADOS INDIVIDUALES VARIAR\u00c1N.<\/div>\n<\/div><\/section>\n<div  class='hr av-edos8h-3e2a4d6b32973a0e9ea345ff0de4e0f7 hr-short  avia-builder-el-4  el_after_av_textblock  el_before_av_one_half  hr-center'><span class='hr-inner'><span class=\"hr-inner-style\"><\/span><\/span><\/div>\n<div  class='flex_column av-cc4og1-b7ebcc4c1bbd8cd8ae0c89d78c8e77fb av_one_half  avia-builder-el-5  el_after_av_hr  el_before_av_one_half  first flex_column_div'     ><div  class='avia-button-wrap av-aucdnl-2261bee7f44c265d9239b2936da5b870-wrap avia-button-center  avia-builder-el-6  avia-builder-el-no-sibling'><a href='\/es\/procedimientos\/'  class='avia-button av-aucdnl-2261bee7f44c265d9239b2936da5b870 av-link-btn avia-icon_select-yes-left-icon avia-size-medium avia-position-center avia-color-theme-color'   aria-label=\"Haga clic aqu\u00ed para ver todos los procedimientos\"><span class='avia_button_icon avia_button_icon_left avia-iconfont avia-font-entypo-fontello' data-av_icon='\ue875' data-av_iconfont='entypo-fontello' ><\/span><span class='avia_iconbox_title' >Haga clic aqu\u00ed para ver todos los procedimientos<\/span><\/a><\/div><\/div>\n\n<style type=\"text\/css\" data-created_by=\"avia_inline_auto\" id=\"style-css-av-xmik1-e8e1acfe7cade116b71dda1a30bc4ae1\">\n.flex_column.av-xmik1-e8e1acfe7cade116b71dda1a30bc4ae1{\nborder-radius:0px 0px 0px 0px;\npadding:0px 0px 0px 0px;\n}\n<\/style>\n<div  class='flex_column av-xmik1-e8e1acfe7cade116b71dda1a30bc4ae1 av_one_half  avia-builder-el-7  el_after_av_one_half  el_before_av_hr  flex_column_div av-zero-column-padding'     ><div  class='avia-button-wrap av-86jazl-577cce930dbe0e26f1c3cb321f512b6e-wrap avia-button-center  avia-builder-el-8  avia-builder-el-no-sibling'><a href='https:\/\/spanish.drchugay.com\/es\/?page_id=3772'  class='avia-button av-86jazl-577cce930dbe0e26f1c3cb321f512b6e av-link-btn avia-icon_select-yes-left-icon avia-size-medium avia-position-center avia-color-theme-color'   aria-label=\"Ver galer\u00eda de fotos de antes y despu\u00e9s\"><span class='avia_button_icon avia_button_icon_left avia-iconfont avia-font-entypo-fontello' data-av_icon='\ue875' data-av_iconfont='entypo-fontello' ><\/span><span class='avia_iconbox_title' >Ver galer\u00eda de fotos de antes y despu\u00e9s<\/span><\/a><\/div><\/div>\n\n<style type=\"text\/css\" data-created_by=\"avia_inline_auto\" id=\"style-css-av-5pjn75-056a994c1ecac287921af757b5b4c44c\">\n#top .hr.hr-invisible.av-5pjn75-056a994c1ecac287921af757b5b4c44c{\nheight:50px;\n}\n<\/style>\n<div  class='hr av-5pjn75-056a994c1ecac287921af757b5b4c44c hr-invisible  avia-builder-el-9  el_after_av_one_half  el_before_av_icon_box'><span class='hr-inner'><span class=\"hr-inner-style\"><\/span><\/span><\/div>\n<article  class='iconbox iconbox_top av-3u5l8h-aa8fb0ba9c432f42fd42fa7024c38502  avia-builder-el-10  el_after_av_hr  avia-builder-el-last  main_color'  itemscope=\"itemscope\" itemtype=\"https:\/\/schema.org\/CreativeWork\" ><div class=\"iconbox_content\"><header class=\"entry-content-header\" aria-label=\"Icon: FEATURED PROCEDURE\"><div class='iconbox_icon heading-color avia-iconfont avia-font-entypo-fontello' data-av_icon='\ue829' data-av_iconfont='entypo-fontello'  ><\/div><h3 class='iconbox_content_title'  itemprop=\"headline\" >PROCEDIMIENTO DESTACADO<\/h3><\/header><div class='iconbox_content_container'  itemprop=\"text\" ><h2>PARCHE LINGUAL PARA ADELGAZAR<\/h2>\n<p style=\"text-align: center;\"><a href=\"\/es\/peso-perdida-lengua-partch-alternativo-noquia-metodo-ayuda-salida-perdida-obes-pacientes-obesos-pacientes\/\"><img loading=\"lazy\" decoding=\"async\" class=\"aligncenter size-full wp-image-3633\" src=\"\/wp-content\/uploads\/2009\/10\/featured_procedure.jpg\" alt=\"procedimiento_destacado\" width=\"81\" height=\"81\" srcset=\"https:\/\/spanish.drchugay.com\/wp-content\/uploads\/2009\/10\/featured_procedure.jpg 81w, https:\/\/spanish.drchugay.com\/wp-content\/uploads\/2009\/10\/featured_procedure-80x80.jpg 80w, https:\/\/spanish.drchugay.com\/wp-content\/uploads\/2009\/10\/featured_procedure-36x36.jpg 36w\" sizes=\"auto, (max-width: 81px) 100vw, 81px\" \/><\/a><\/p>\n<p>El Dr. Chugay ha empezado recientemente a realizar un revolucionario procedimiento de reducci\u00f3n de peso, que ha bautizado como el Parche Milagroso.<br \/>\n*LOS RESULTADOS INDIVIDUALES VARIAR\u00c1N.<br \/>\n<div  class='avia-button-wrap av-2fyynl-5db2e79888856187bb0aa8973f6a5c37-wrap avia-button-center  avia-builder-el-11  avia-builder-el-no-sibling'><a href='\/es\/peso-perdida-lengua-partch-alternativo-noquia-metodo-ayuda-salida-perdida-obes-pacientes-obesos-pacientes\/'  class='avia-button av-2fyynl-5db2e79888856187bb0aa8973f6a5c37 av-link-btn avia-icon_select-yes-left-icon avia-size-medium avia-position-center avia-color-theme-color'   aria-label=\"M\u00e1s informaci\u00f3n\"><span class='avia_button_icon avia_button_icon_left avia-iconfont avia-font-entypo-fontello' data-av_icon='\ue875' data-av_iconfont='entypo-fontello' ><\/span><span class='avia_iconbox_title' >M\u00e1s informaci\u00f3n<\/span><\/a><\/div><\/p>\n<\/div><\/div><footer class=\"entry-footer\"><\/footer><\/article>","protected":false},"excerpt":{"rendered":"","protected":false},"author":1,"featured_media":0,"parent":3591,"menu_order":0,"comment_status":"closed","ping_status":"closed","template":"","meta":{"footnotes":""},"class_list":["post-7809","page","type-page","status-publish","hentry"],"_links":{"self":[{"href":"https:\/\/spanish.drchugay.com\/es\/wp-json\/wp\/v2\/pages\/7809","targetHints":{"allow":["GET"]}}],"collection":[{"href":"https:\/\/spanish.drchugay.com\/es\/wp-json\/wp\/v2\/pages"}],"about":[{"href":"https:\/\/spanish.drchugay.com\/es\/wp-json\/wp\/v2\/types\/page"}],"author":[{"embeddable":true,"href":"https:\/\/spanish.drchugay.com\/es\/wp-json\/wp\/v2\/users\/1"}],"replies":[{"embeddable":true,"href":"https:\/\/spanish.drchugay.com\/es\/wp-json\/wp\/v2\/comments?post=7809"}],"version-history":[{"count":11,"href":"https:\/\/spanish.drchugay.com\/es\/wp-json\/wp\/v2\/pages\/7809\/revisions"}],"predecessor-version":[{"id":12699,"href":"https:\/\/spanish.drchugay.com\/es\/wp-json\/wp\/v2\/pages\/7809\/revisions\/12699"}],"up":[{"embeddable":true,"href":"https:\/\/spanish.drchugay.com\/es\/wp-json\/wp\/v2\/pages\/3591"}],"wp:attachment":[{"href":"https:\/\/spanish.drchugay.com\/es\/wp-json\/wp\/v2\/media?parent=7809"}],"curies":[{"name":"wp","href":"https:\/\/api.w.org\/{rel}","templated":true}]}}