{"id":8295,"date":"2019-03-19T17:34:24","date_gmt":"2019-03-20T00:34:24","guid":{"rendered":"https:\/\/spanish.drchugay.com\/?page_id=8295"},"modified":"2023-02-08T15:59:34","modified_gmt":"2023-02-08T23:59:34","slug":"mama-makeover-procedimiento","status":"publish","type":"page","link":"https:\/\/spanish.drchugay.com\/es\/procedimientos\/cirugia-de-esculpido-corporal\/mama-makeover-procedimiento\/","title":{"rendered":"Renovaci\u00f3n para mam\u00e1s"},"content":{"rendered":"<style type=\"text\/css\" data-created_by=\"avia_inline_auto\" id=\"style-css-av-k7wmp4kk-34c3e159662ec4bc3f3fa986ba096974\">\n#top .hr.hr-invisible.av-k7wmp4kk-34c3e159662ec4bc3f3fa986ba096974{\nheight:5px;\n}\n<\/style>\n<div  class='hr av-k7wmp4kk-34c3e159662ec4bc3f3fa986ba096974 hr-invisible  avia-builder-el-0  el_before_av_one_full  avia-builder-el-first'><span class='hr-inner'><span class=\"hr-inner-style\"><\/span><\/span><\/div>\n\n<style type=\"text\/css\" data-created_by=\"avia_inline_auto\" id=\"style-css-av-f676no-9457bb500a74c1ddaeac826bf7772a88\">\n#top .flex_column.av-f676no-9457bb500a74c1ddaeac826bf7772a88{\nmargin-top:0px;\nmargin-bottom:10px;\n}\n.flex_column.av-f676no-9457bb500a74c1ddaeac826bf7772a88{\nborder-radius:0px 0px 0px 0px;\npadding:0px 0px 0px 0px;\n}\n.responsive #top #wrap_all .flex_column.av-f676no-9457bb500a74c1ddaeac826bf7772a88{\nmargin-top:0px;\nmargin-bottom:10px;\n}\n<\/style>\n<div  class='flex_column av-f676no-9457bb500a74c1ddaeac826bf7772a88 av_one_full  avia-builder-el-1  el_after_av_hr  el_before_av_one_full  first flex_column_div av-zero-column-padding'     ><p>\n<style type=\"text\/css\" data-created_by=\"avia_inline_auto\" id=\"style-css-av-6g4vg7-dd429ceba7022cf1c4126a19d595c3d3\">\n#top .av-special-heading.av-6g4vg7-dd429ceba7022cf1c4126a19d595c3d3{\npadding-bottom:10px;\n}\nbody .av-special-heading.av-6g4vg7-dd429ceba7022cf1c4126a19d595c3d3 .av-special-heading-tag .heading-char{\nfont-size:25px;\n}\n.av-special-heading.av-6g4vg7-dd429ceba7022cf1c4126a19d595c3d3 .av-subheading{\nfont-size:20px;\n}\n<\/style>\n<div  class='av-special-heading av-6g4vg7-dd429ceba7022cf1c4126a19d595c3d3 av-special-heading-h2 blockquote modern-quote modern-centered  avia-builder-el-2  el_before_av_heading  avia-builder-el-first  av-linked-heading'><h2 class='av-special-heading-tag'  itemprop=\"headline\"  >\u00bfEst\u00e1 preparado para un cambio?<\/h2><div class='av-subheading av-subheading_below'><p>Perm\u00edtanos ayudarle a dar ese primer paso.<\/p>\n<\/div><div class=\"special-heading-border\"><div class=\"special-heading-inner-border\"><\/div><\/div><\/div><br \/>\n\n<style type=\"text\/css\" data-created_by=\"avia_inline_auto\" id=\"style-css-av-4jgqjb-6202ef813f77d66a650bafe9d6849928\">\n#top .av-special-heading.av-4jgqjb-6202ef813f77d66a650bafe9d6849928{\npadding-bottom:10px;\n}\nbody .av-special-heading.av-4jgqjb-6202ef813f77d66a650bafe9d6849928 .av-special-heading-tag .heading-char{\nfont-size:25px;\n}\n.av-special-heading.av-4jgqjb-6202ef813f77d66a650bafe9d6849928 .av-subheading{\nfont-size:15px;\n}\n<\/style>\n<div  class='av-special-heading av-4jgqjb-6202ef813f77d66a650bafe9d6849928 av-special-heading-h2  avia-builder-el-3  el_after_av_heading  el_before_av_textblock'><h2 class='av-special-heading-tag'  itemprop=\"headline\"  > \u00bfQu\u00e9 es un cambio de imagen?<\/h2><div class=\"special-heading-border\"><div class=\"special-heading-inner-border\"><\/div><\/div><\/div><br \/>\n<section  class='av_textblock_section av-6f2g5w-afef2466495f36651eab10232c02c09e'   itemscope=\"itemscope\" itemtype=\"https:\/\/schema.org\/CreativeWork\" ><div class='avia_textblock'  itemprop=\"text\" ><p>El t\u00e9rmino \"mommy makeover\" se acu\u00f1\u00f3 para designar los procedimientos que se realizaban para corregir las zonas m\u00e1s frecuentemente alteradas por un embarazo y el deseo de una mujer de recuperar su aspecto anterior al embarazo. Un \"mommy makeover\" suele ser una combinaci\u00f3n de una operaci\u00f3n de pecho y un procedimiento de contorno corporal para ayudar a las mujeres a recuperar el aspecto curvil\u00edneo y m\u00e1s firme que ten\u00edan antes de haber tenido hijos.<\/p>\n<p>El procedimiento tambi\u00e9n puede utilizarse en mujeres que han perdido una cantidad significativa de peso y desean devolver su cuerpo a la forma que ten\u00eda antes de un aumento y p\u00e9rdida de peso significativos. Entre las intervenciones mamarias habituales se incluyen el aumento, la elevaci\u00f3n\/reducci\u00f3n y la elevaci\u00f3n mamaria con implantes. Los procedimientos t\u00edpicos de contorno corporal incluyen: abdominoplastia, liposucci\u00f3n y, ocasionalmente, injertos de grasa.<\/p>\n<\/div><\/section><br \/>\n\n<style type=\"text\/css\" data-created_by=\"avia_inline_auto\" id=\"style-css-av-cunuro-1f3b5400ac3154b000a7da37b5aef5d6\">\n.avia-image-container.av-cunuro-1f3b5400ac3154b000a7da37b5aef5d6 img.avia_image{\nbox-shadow:none;\n}\n.avia-image-container.av-cunuro-1f3b5400ac3154b000a7da37b5aef5d6 .av-image-caption-overlay-center{\ncolor:#ffffff;\n}\n<\/style>\n<div  class='avia-image-container av-cunuro-1f3b5400ac3154b000a7da37b5aef5d6 av-styling- avia-align-center  avia-builder-el-5  el_after_av_textblock  el_before_av_textblock'   itemprop=\"image\" itemscope=\"itemscope\" itemtype=\"https:\/\/schema.org\/ImageObject\" ><div class=\"avia-image-container-inner\"><div class=\"avia-image-overlay-wrap\"><img decoding=\"async\" fetchpriority=\"high\" class='wp-image-8283 avia-img-lazy-loading-not-8283 avia_image' src=\"https:\/\/spanish.drchugay.com\/wp-content\/uploads\/2019\/03\/before-after-24yo-female-mommy-makeover.jpg\" alt='Aplanamiento de est\u00f3mago' title='Mujer de 24 a\u00f1os, madre de 3 hijos, antes y 6 meses despu\u00e9s de un cambio de imagen mamario consistente en abdominoplastia, elevaci\u00f3n de mamas con aumento, liposucci\u00f3n de cintura, caderas, sacro, axila y transferencia de grasa a los gl\u00fateos. - LOS RESULTADOS INDIVIDUALES PUEDEN VARIAR. LAS IM\u00c1GENES NO CONSTITUYEN UNA PROMESA O REPRESENTACI\u00d3N DE NING\u00daN RESULTADO O EXPERIENCIA EN PARTICULAR.'  height=\"1000\" width=\"905\"  itemprop=\"thumbnailUrl\" srcset=\"https:\/\/spanish.drchugay.com\/wp-content\/uploads\/2019\/03\/before-after-24yo-female-mommy-makeover.jpg 905w, https:\/\/spanish.drchugay.com\/wp-content\/uploads\/2019\/03\/before-after-24yo-female-mommy-makeover-272x300.jpg 272w, https:\/\/spanish.drchugay.com\/wp-content\/uploads\/2019\/03\/before-after-24yo-female-mommy-makeover-638x705.jpg 638w, https:\/\/spanish.drchugay.com\/wp-content\/uploads\/2019\/03\/before-after-24yo-female-mommy-makeover-450x497.jpg 450w\" sizes=\"(max-width: 905px) 100vw, 905px\" \/><\/div><\/div><\/div><br \/>\n<section  class='av_textblock_section av-a965n8-ccbc8b5eeece7b02e35cb61cb2787514'   itemscope=\"itemscope\" itemtype=\"https:\/\/schema.org\/CreativeWork\" ><div class='avia_textblock'  itemprop=\"text\" ><p style=\"text-align: center;\">Mujer de 24 a\u00f1os, madre de tres hijos, antes y 6 meses despu\u00e9s de mommy makeover consistente en Abdominoplastia, Elevaci\u00f3n de pecho con aumento, Liposucci\u00f3n de cintura, caderas, sacro, axila y transferencia de grasa a gl\u00fateos.<\/p>\n<div class=\"disclaimer\">*LOS RESULTADOS INDIVIDUALES VARIAR\u00c1N. LAS IM\u00c1GENES NO CONSTITUYEN UNA PROMESA O REPRESENTACI\u00d3N DE NING\u00daN RESULTADO O EXPERIENCIA PARTICULAR.<\/div>\n<\/div><\/section><br \/>\n\n<style type=\"text\/css\" data-created_by=\"avia_inline_auto\" id=\"style-css-av-k7wmp4kk-34c3e159662ec4bc3f3fa986ba096974\">\n#top .hr.hr-invisible.av-k7wmp4kk-34c3e159662ec4bc3f3fa986ba096974{\nheight:5px;\n}\n<\/style>\n<div  class='hr av-k7wmp4kk-34c3e159662ec4bc3f3fa986ba096974 hr-invisible  avia-builder-el-7  el_after_av_textblock  avia-builder-el-last'><span class='hr-inner'><span class=\"hr-inner-style\"><\/span><\/span><\/div><\/p><\/div>\n<div class='flex_column_table av-4m8cdw-2a0d63004c764b56da58a2c8d9816a96 sc-av_one_full av-equal-height-column-flextable'>\n<style type=\"text\/css\" data-created_by=\"avia_inline_auto\" id=\"style-css-av-4m8cdw-2a0d63004c764b56da58a2c8d9816a96\">\n#top .flex_column_table.av-equal-height-column-flextable.av-4m8cdw-2a0d63004c764b56da58a2c8d9816a96{\nmargin-top:10px;\nmargin-bottom:10px;\n}\n.flex_column.av-4m8cdw-2a0d63004c764b56da58a2c8d9816a96{\nborder-radius:0px 0px 0px 0px;\npadding:0px 0px 0px 0px;\n}\n<\/style>\n<div  class='flex_column av-4m8cdw-2a0d63004c764b56da58a2c8d9816a96 av_one_full  avia-builder-el-8  el_after_av_one_full  el_before_av_one_full  first flex_column_table_cell av-equal-height-column av-align-bottom av-zero-column-padding  column-top-margin'     ><p><div  class='avia-button-wrap av-k7wn5hp8-7db264c6135259f7bbfdb08c2457b789-wrap avia-button-center  avia-builder-el-9  el_before_av_hr  avia-builder-el-first'><a href='https:\/\/spanish.drchugay.com\/es\/galerias-de-procedimientos-2-4\/galeria-de-transformacion-para-mamas\/'  class='avia-button av-k7wn5hp8-7db264c6135259f7bbfdb08c2457b789 av-link-btn avia-icon_select-yes-right-icon avia-size-large avia-position-center av-icon-on-hover avia-color-dark'   aria-label=\"VER GALER\u00cdA\"><span class='avia_iconbox_title' >VER GALER\u00cdA<\/span><span class='avia_button_icon avia_button_icon_right avia-iconfont avia-font-entypo-fontello' data-av_icon='\ue87d' data-av_iconfont='entypo-fontello' ><\/span><\/a><\/div><br \/>\n\n<style type=\"text\/css\" data-created_by=\"avia_inline_auto\" id=\"style-css-av-k7wmp4kk-835f45e0edb35f75c7f53f1e51dcf75d\">\n#top .hr.hr-invisible.av-k7wmp4kk-835f45e0edb35f75c7f53f1e51dcf75d{\nheight:20px;\n}\n<\/style>\n<div  class='hr av-k7wmp4kk-835f45e0edb35f75c7f53f1e51dcf75d hr-invisible  avia-builder-el-10  el_after_av_button  el_before_av_heading'><span class='hr-inner'><span class=\"hr-inner-style\"><\/span><\/span><\/div><br \/>\n\n<style type=\"text\/css\" data-created_by=\"avia_inline_auto\" id=\"style-css-av-2c7ihj-ce930d0b3208a2c51ba399e58f9438ca\">\n#top .av-special-heading.av-2c7ihj-ce930d0b3208a2c51ba399e58f9438ca{\npadding-bottom:10px;\n}\nbody .av-special-heading.av-2c7ihj-ce930d0b3208a2c51ba399e58f9438ca .av-special-heading-tag .heading-char{\nfont-size:25px;\n}\n.av-special-heading.av-2c7ihj-ce930d0b3208a2c51ba399e58f9438ca .av-subheading{\nfont-size:20px;\n}\n<\/style>\n<div  class='av-special-heading av-2c7ihj-ce930d0b3208a2c51ba399e58f9438ca av-special-heading-h2 blockquote modern-quote modern-centered  avia-builder-el-11  el_after_av_hr  el_before_av_video'><div class='av-subheading av-subheading_above'><p>HISTORIA DE \u00c9XITO<\/p>\n<\/div><h2 class='av-special-heading-tag'  itemprop=\"headline\"  >P\u00e9rdida de peso extrema de 100 libras<\/h2><div class=\"special-heading-border\"><div class=\"special-heading-inner-border\"><\/div><\/div><\/div><br \/>\n\n<style type=\"text\/css\" data-created_by=\"avia_inline_auto\" id=\"style-css-av-av_video-62b58a7635c0d4caab401459288f9ae6\">\n.avia-video.av-av_video-62b58a7635c0d4caab401459288f9ae6{\nbackground-image:url(https:\/\/spanish.drchugay.com\/wp-content\/uploads\/2022\/01\/youtube-100-pound-weight-loss.jpg);\n}\n<\/style>\n<div  class='avia-video av-av_video-62b58a7635c0d4caab401459288f9ae6 avia-video-16-9 av-preview-image avia-video-lightbox av-lazyload-video-embed avia-video-external-service'  itemprop=\"video\" itemtype=\"https:\/\/schema.org\/VideoObject\"  data-original_url='https:\/\/www.youtube.com\/watch?v=wzYhf-OOzjo&autoplay=1&allow=\u201cautoplay\u201d'><script type='text\/html' class='av-video-tmpl'><a href='https:\/\/www.youtube.com\/watch?v=wzYhf-OOzjo&autoplay=1&allow=\u201cautoplay\u201d' class='mfp-iframe lightbox-link' data-custom_class='avia-mfp-is-video avia-mfp-video-16-9  '><\/a><\/script><div class=\"av-click-to-play-overlay play-lightbox\"><div class=\"avia_playpause_icon\"><\/div><\/div><\/div><\/p><\/div><\/div><!--close column table wrapper. Autoclose: 1 -->\n<style type=\"text\/css\" data-created_by=\"avia_inline_auto\" id=\"style-css-av-f676no-88f5373756471e6aef099c11a536699f\">\n#top .flex_column.av-f676no-88f5373756471e6aef099c11a536699f{\nmargin-top:30px;\nmargin-bottom:10px;\n}\n.flex_column.av-f676no-88f5373756471e6aef099c11a536699f{\nborder-radius:0px 0px 0px 0px;\npadding:0px 0px 0px 0px;\n}\n.responsive #top #wrap_all .flex_column.av-f676no-88f5373756471e6aef099c11a536699f{\nmargin-top:30px;\nmargin-bottom:10px;\n}\n<\/style>\n<div  class='flex_column av-f676no-88f5373756471e6aef099c11a536699f av_one_full  avia-builder-el-13  el_after_av_one_full  el_before_av_one_full  first flex_column_div av-zero-column-padding  column-top-margin'     ><p>\n<style type=\"text\/css\" data-created_by=\"avia_inline_auto\" id=\"style-css-av-kag2uhyq-2430ee1aee40d1ca3c8b1225b2375e06\">\n#top .av-special-heading.av-kag2uhyq-2430ee1aee40d1ca3c8b1225b2375e06{\npadding-bottom:10px;\n}\nbody .av-special-heading.av-kag2uhyq-2430ee1aee40d1ca3c8b1225b2375e06 .av-special-heading-tag .heading-char{\nfont-size:25px;\n}\n.av-special-heading.av-kag2uhyq-2430ee1aee40d1ca3c8b1225b2375e06 .av-subheading{\nfont-size:15px;\n}\n<\/style>\n<div  class='av-special-heading av-kag2uhyq-2430ee1aee40d1ca3c8b1225b2375e06 av-special-heading-h2  avia-builder-el-14  el_before_av_textblock  avia-builder-el-first'><h2 class='av-special-heading-tag'  itemprop=\"headline\"  >\u00bfPor qu\u00e9 someterse a un cambio de imagen o a intervenciones individuales?<\/h2><div class=\"special-heading-border\"><div class=\"special-heading-inner-border\"><\/div><\/div><\/div><br \/>\n<section  class='av_textblock_section av-8nz50-ed8bd19dc4dfa2c29850203d619eba83'   itemscope=\"itemscope\" itemtype=\"https:\/\/schema.org\/CreativeWork\" ><div class='avia_textblock'  itemprop=\"text\" ><p>Las ventajas de un procedimiento combinado incluyen el coste, la comodidad, un \u00fanico periodo de recuperaci\u00f3n y una gratificaci\u00f3n acelerada (en comparaci\u00f3n con m\u00faltiples procedimientos por etapas). Aunque estas ventajas existen, deben sopesarse frente a las desventajas de un mayor coste inicial, un mayor riesgo de acontecimientos adversos asociados a un tiempo quir\u00fargico prolongado y un \u00fanico \u00e9xito parcial (en algunos casos) frente a m\u00faltiples operaciones por etapas con \u00e9xito.<\/p>\n<p>La opci\u00f3n m\u00e1s adecuada para usted se discutir\u00e1 con su cirujano en el momento de una consulta informada, en la que hablaremos de las distintas opciones quir\u00fargicas disponibles para usted y de la mejor manera de conseguir los resultados que desea.<\/p>\n<\/div><\/section><\/p><\/div><\/p>\n\n<style type=\"text\/css\" data-created_by=\"avia_inline_auto\" id=\"style-css-av-f676no-9457bb500a74c1ddaeac826bf7772a88\">\n#top .flex_column.av-f676no-9457bb500a74c1ddaeac826bf7772a88{\nmargin-top:0px;\nmargin-bottom:10px;\n}\n.flex_column.av-f676no-9457bb500a74c1ddaeac826bf7772a88{\nborder-radius:0px 0px 0px 0px;\npadding:0px 0px 0px 0px;\n}\n.responsive #top #wrap_all .flex_column.av-f676no-9457bb500a74c1ddaeac826bf7772a88{\nmargin-top:0px;\nmargin-bottom:10px;\n}\n<\/style>\n<div  class='flex_column av-f676no-9457bb500a74c1ddaeac826bf7772a88 av_one_full  avia-builder-el-16  el_after_av_one_full  el_before_av_hr  first flex_column_div av-zero-column-padding  column-top-margin'     ><article  class='iconbox iconbox_top av-k7wid5mf-9b3a1e4c2f1260b2a5bb455a272b6c45  avia-builder-el-17  avia-builder-el-no-sibling  main_color'  itemscope=\"itemscope\" itemtype=\"https:\/\/schema.org\/CreativeWork\" ><div class=\"iconbox_content\"><header class=\"entry-content-header\" aria-label=\"Icono: \u00bfHay financiaci\u00f3n disponible?\"><div class='iconbox_icon heading-color avia-iconfont avia-font-entypo-fontello' data-av_icon='\ue827' data-av_iconfont='entypo-fontello'  ><\/div><h3 class='iconbox_content_title'  itemprop=\"headline\" >\u00bfHay financiaci\u00f3n disponible?<\/h3><\/header><div class='iconbox_content_container'  itemprop=\"text\" ><p>S\u00ed. Financiaci\u00f3n m\u00e9dica est\u00e1 disponible en el cr\u00e9dito aprobado. Aceptamos la financiaci\u00f3n de CareCredit.com y LendingUSA.com. Para obtener m\u00e1s informaci\u00f3n acerca de nuestras opciones de financiaci\u00f3n<\/p>\n<div  class='avia-button-wrap av-3702at-2f75b6c227e6bd1a864bfe1943708b73-wrap avia-button-center  avia-builder-el-18  avia-builder-el-no-sibling'><a href='https:\/\/spanish.drchugay.com\/es\/informacion-del-paciente\/financiacion-medica\/'  class='avia-button av-3702at-2f75b6c227e6bd1a864bfe1943708b73 av-link-btn avia-icon_select-no avia-size-large avia-position-center avia-color-dark'   aria-label=\"OBTENER FINANCIACI\u00d3N\"><span class='avia_iconbox_title' >OBTENER FINANCIACI\u00d3N<\/span><\/a><\/div>\n<\/div><\/div><footer class=\"entry-footer\"><\/footer><\/article><\/div>\n\n<style type=\"text\/css\" data-created_by=\"avia_inline_auto\" id=\"style-css-av-k7wmp4kk-e93b67e6635e4e17273bb77f2b868473\">\n#top .hr.hr-invisible.av-k7wmp4kk-e93b67e6635e4e17273bb77f2b868473{\nheight:35px;\n}\n<\/style>\n<div  class='hr av-k7wmp4kk-e93b67e6635e4e17273bb77f2b868473 hr-invisible  avia-builder-el-19  el_after_av_one_full  el_before_av_one_full'><span class='hr-inner'><span class=\"hr-inner-style\"><\/span><\/span><\/div>\n\n<style type=\"text\/css\" data-created_by=\"avia_inline_auto\" id=\"style-css-av-41dbck-f9741761faa0742a7de6806943dea868\">\n#top .flex_column.av-41dbck-f9741761faa0742a7de6806943dea868{\nmargin-top:30px;\nmargin-bottom:0px;\n}\n.flex_column.av-41dbck-f9741761faa0742a7de6806943dea868{\nborder-radius:0px 0px 0px 0px;\npadding:0px 0px 0px 0px;\n}\n.responsive #top #wrap_all .flex_column.av-41dbck-f9741761faa0742a7de6806943dea868{\nmargin-top:30px;\nmargin-bottom:0px;\n}\n<\/style>\n<div  class='flex_column av-41dbck-f9741761faa0742a7de6806943dea868 av_one_full  avia-builder-el-20  el_after_av_hr  el_before_av_one_full  first flex_column_div av-zero-column-padding'     ><p>\n<style type=\"text\/css\" data-created_by=\"avia_inline_auto\" id=\"style-css-av-27e47b-ef76ca32c4e6d2d02b921b48616fc4a1\">\n#top .av-special-heading.av-27e47b-ef76ca32c4e6d2d02b921b48616fc4a1{\npadding-bottom:10px;\n}\nbody .av-special-heading.av-27e47b-ef76ca32c4e6d2d02b921b48616fc4a1 .av-special-heading-tag .heading-char{\nfont-size:25px;\n}\n.av-special-heading.av-27e47b-ef76ca32c4e6d2d02b921b48616fc4a1 .av-subheading{\nfont-size:19px;\n}\n<\/style>\n<div  class='av-special-heading av-27e47b-ef76ca32c4e6d2d02b921b48616fc4a1 av-special-heading-h2 blockquote modern-quote modern-centered  avia-builder-el-21  el_before_av_codeblock  avia-builder-el-first'><div class='av-subheading av-subheading_above'><p>V\u00cdDEO 3D DEL<\/p>\n<\/div><h2 class='av-special-heading-tag'  itemprop=\"headline\"  >Galer\u00eda de renovaci\u00f3n para mam\u00e1s<\/h2><div class=\"special-heading-border\"><div class=\"special-heading-inner-border\"><\/div><\/div><\/div><br \/>\n<br \/>\n\n<style type=\"text\/css\" data-created_by=\"avia_inline_auto\" id=\"style-css-av-9dsts4-11399a697b8219a0eaa2ba93d19c13fd\">\n#top .hr.hr-invisible.av-9dsts4-11399a697b8219a0eaa2ba93d19c13fd{\nheight:10px;\n}\n<\/style>\n<div  class='hr av-9dsts4-11399a697b8219a0eaa2ba93d19c13fd hr-invisible  avia-builder-el-23  el_after_av_codeblock  avia-builder-el-last'><span class='hr-inner'><span class=\"hr-inner-style\"><\/span><\/span><\/div><\/p><\/div>\n\n<style type=\"text\/css\" data-created_by=\"avia_inline_auto\" id=\"style-css-av-f676no-9457bb500a74c1ddaeac826bf7772a88\">\n#top .flex_column.av-f676no-9457bb500a74c1ddaeac826bf7772a88{\nmargin-top:0px;\nmargin-bottom:10px;\n}\n.flex_column.av-f676no-9457bb500a74c1ddaeac826bf7772a88{\nborder-radius:0px 0px 0px 0px;\npadding:0px 0px 0px 0px;\n}\n.responsive #top #wrap_all .flex_column.av-f676no-9457bb500a74c1ddaeac826bf7772a88{\nmargin-top:0px;\nmargin-bottom:10px;\n}\n<\/style>\n<div  class='flex_column av-f676no-9457bb500a74c1ddaeac826bf7772a88 av_one_full  avia-builder-el-24  el_after_av_one_full  el_before_av_one_full  first flex_column_div av-zero-column-padding  column-top-margin'     ><article  class='iconbox iconbox_top av-k7wid5mf-9fe3b0ae1976602633473e11ff0a4901  avia-builder-el-25  avia-builder-el-no-sibling  main_color'  itemscope=\"itemscope\" itemtype=\"https:\/\/schema.org\/CreativeWork\" ><div class=\"iconbox_content\"><header class=\"entry-content-header\" aria-label=\"Icono: Cosas que debe buscar en su cirujano:\"><div class='iconbox_icon heading-color avia-iconfont avia-font-entypo-fontello' data-av_icon='\ue81e' data-av_iconfont='entypo-fontello'  ><\/div><h3 class='iconbox_content_title'  itemprop=\"headline\" >Cosas que debe buscar en su cirujano:<\/h3><\/header><div class='iconbox_content_container'  itemprop=\"text\" ><ul style=\"text-align: left;\">\n<li><strong>Experiencia:<\/strong> Con 2 generaciones de m\u00e9dicos, m\u00e1s de 30.000 procedimientos y toda una vida de experiencia combinada, el Dr. Nikolas V. Chugay y el Dr. Paul N. Chugay no s\u00f3lo tienen la experiencia necesaria en diversos procedimientos quir\u00fargicos y no quir\u00fargicos, sino que Nikolas ha ayudado a revolucionar la industria, y Paul est\u00e1 siguiendo muy de cerca los pasos de su padre, bas\u00e1ndose en m\u00e1s de 40 a\u00f1os de experiencia.<\/li>\n<li><strong>Compatibilidad y respeto:<\/strong> Reserva una consulta con el m\u00e9dico. Comprueba c\u00f3mo te trata, si te escucha y qu\u00e9 quieres. Es importante que hables a fondo con tu m\u00e9dico de lo que quieres conseguir para que tenga una idea clara y concisa de cu\u00e1l es tu objetivo, pero tambi\u00e9n es importante que respetes la experiencia y la formaci\u00f3n de tu m\u00e9dico lo suficiente como para escuchar sus recomendaciones. No querr\u00e1s tener un m\u00e9dico que no se preocupe por TI.<\/li>\n<li><strong>Especializaci\u00f3n:<\/strong> Pregunte a su m\u00e9dico por otras veces que haya realizado el procedimiento que usted desea.<\/li>\n<\/ul>\n<div  class='avia-button-wrap av-3702at-d7a183f2775061468e7f4ff914632d19-wrap avia-button-center  avia-builder-el-26  avia-builder-el-no-sibling'><a href='https:\/\/spanish.drchugay.com\/es\/sobre-la-clinica-medica-de-cirugia-estetica-chugay\/'  class='avia-button av-3702at-d7a183f2775061468e7f4ff914632d19 av-link-btn avia-icon_select-no avia-size-large avia-position-center avia-color-dark'   aria-label=\"CONOZCA A SUS CIRUJANOS\"><span class='avia_iconbox_title' >CONOZCA A SUS CIRUJANOS<\/span><\/a><\/div>\n<\/div><\/div><footer class=\"entry-footer\"><\/footer><\/article><\/div>\n\n<style type=\"text\/css\" data-created_by=\"avia_inline_auto\" id=\"style-css-av-f676no-2456aa7dbf5dc713189a9bcc1b3c5fe0\">\n#top .flex_column.av-f676no-2456aa7dbf5dc713189a9bcc1b3c5fe0{\nmargin-top:50px;\nmargin-bottom:10px;\n}\n.flex_column.av-f676no-2456aa7dbf5dc713189a9bcc1b3c5fe0{\nborder-radius:0px 0px 0px 0px;\npadding:0px 0px 0px 0px;\n}\n.responsive #top #wrap_all .flex_column.av-f676no-2456aa7dbf5dc713189a9bcc1b3c5fe0{\nmargin-top:50px;\nmargin-bottom:10px;\n}\n<\/style>\n<div  class='flex_column av-f676no-2456aa7dbf5dc713189a9bcc1b3c5fe0 av_one_full  avia-builder-el-27  el_after_av_one_full  avia-builder-el-last  first flex_column_div av-zero-column-padding  column-top-margin'     ><style type=\"text\/css\" data-created_by=\"avia_inline_auto\" id=\"style-css-av-k7wnwtuw-bfac9e508be5c63049274c32f5ac2573\">\n.av_promobox.av-k7wnwtuw-bfac9e508be5c63049274c32f5ac2573{\ncolor:#ffffff;\nbackground:#444444;\nborder-color:#000000;\n}\n<\/style>\n<div  class='av_promobox av-k7wnwtuw-bfac9e508be5c63049274c32f5ac2573 avia-button-yes  avia-builder-el-28  el_before_av_hr  avia-builder-el-first'><div class='avia-promocontent'><h2><span style=\"color: #ffffff;\">\u00bfPreparado para mejorar el aspecto de su cuerpo?<\/span><\/h2>\n<h5><span style=\"color: #ffffff;\">Ll\u00e1menos ahora para una consulta y evaluaci\u00f3n gratuitas.<\/span><\/h5>\n<p>\n<\/div><div  class='avia-button-wrap av-k7wnwtuw-4995055a5ece8a1cc3b1f684af197876-wrap avia-button-right'><a href='https:\/\/spanish.drchugay.com\/es\/contacto\/'  class='avia-button av-k7wnwtuw-4995055a5ece8a1cc3b1f684af197876 av-link-btn avia-icon_select-no avia-size-large avia-position-right avia-color-theme-color-subtle'   aria-label=\"RESERVAR AHORA\"><span class='avia_iconbox_title' >RESERVAR AHORA<\/span><\/a><\/div><\/div><br \/>\n\n<style type=\"text\/css\" data-created_by=\"avia_inline_auto\" id=\"style-css-av-9dsts4-11399a697b8219a0eaa2ba93d19c13fd\">\n#top .hr.hr-invisible.av-9dsts4-11399a697b8219a0eaa2ba93d19c13fd{\nheight:10px;\n}\n<\/style>\n<div  class='hr av-9dsts4-11399a697b8219a0eaa2ba93d19c13fd hr-invisible  avia-builder-el-29  el_after_av_promobox  avia-builder-el-last'><span class='hr-inner'><span class=\"hr-inner-style\"><\/span><\/span><\/div><\/p><\/div>","protected":false},"excerpt":{"rendered":"","protected":false},"author":1,"featured_media":0,"parent":24,"menu_order":0,"comment_status":"closed","ping_status":"closed","template":"","meta":{"footnotes":""},"class_list":["post-8295","page","type-page","status-publish","hentry"],"_links":{"self":[{"href":"https:\/\/spanish.drchugay.com\/es\/wp-json\/wp\/v2\/pages\/8295","targetHints":{"allow":["GET"]}}],"collection":[{"href":"https:\/\/spanish.drchugay.com\/es\/wp-json\/wp\/v2\/pages"}],"about":[{"href":"https:\/\/spanish.drchugay.com\/es\/wp-json\/wp\/v2\/types\/page"}],"author":[{"embeddable":true,"href":"https:\/\/spanish.drchugay.com\/es\/wp-json\/wp\/v2\/users\/1"}],"replies":[{"embeddable":true,"href":"https:\/\/spanish.drchugay.com\/es\/wp-json\/wp\/v2\/comments?post=8295"}],"version-history":[{"count":21,"href":"https:\/\/spanish.drchugay.com\/es\/wp-json\/wp\/v2\/pages\/8295\/revisions"}],"predecessor-version":[{"id":12781,"href":"https:\/\/spanish.drchugay.com\/es\/wp-json\/wp\/v2\/pages\/8295\/revisions\/12781"}],"up":[{"embeddable":true,"href":"https:\/\/spanish.drchugay.com\/es\/wp-json\/wp\/v2\/pages\/24"}],"wp:attachment":[{"href":"https:\/\/spanish.drchugay.com\/es\/wp-json\/wp\/v2\/media?parent=8295"}],"curies":[{"name":"wp","href":"https:\/\/api.w.org\/{rel}","templated":true}]}}