{"id":8793,"date":"2020-03-19T17:14:21","date_gmt":"2020-03-20T00:14:21","guid":{"rendered":"https:\/\/spanish.drchugay.com\/?page_id=8793"},"modified":"2024-04-16T18:55:15","modified_gmt":"2024-04-17T01:55:15","slug":"consultoras-virtuales","status":"publish","type":"page","link":"https:\/\/spanish.drchugay.com\/es\/consultoras-virtuales\/","title":{"rendered":"Consultas virtuales"},"content":{"rendered":"<style type=\"text\/css\" data-created_by=\"avia_inline_auto\" id=\"style-css-av-k7zfe4mm-0ae1b9d42b1cbb1bbabcee11f70ed0fd\">\n#top .av-special-heading.av-k7zfe4mm-0ae1b9d42b1cbb1bbabcee11f70ed0fd{\npadding-bottom:10px;\n}\nbody .av-special-heading.av-k7zfe4mm-0ae1b9d42b1cbb1bbabcee11f70ed0fd .av-special-heading-tag .heading-char{\nfont-size:25px;\n}\n.av-special-heading.av-k7zfe4mm-0ae1b9d42b1cbb1bbabcee11f70ed0fd .av-subheading{\nfont-size:20px;\n}\n<\/style>\n<div  class='av-special-heading av-k7zfe4mm-0ae1b9d42b1cbb1bbabcee11f70ed0fd av-special-heading-h1 blockquote modern-quote  avia-builder-el-0  el_before_av_textblock  avia-builder-el-first'><div class='av-subheading av-subheading_above'><p>OFERTA AHORA<\/p>\n<\/div><h1 class='av-special-heading-tag'  itemprop=\"headline\"  >Consultas virtuales<\/h1><div class=\"special-heading-border\"><div class=\"special-heading-inner-border\"><\/div><\/div><\/div>\n<section  class='av_textblock_section av-k7zfl2dv-402e58e1fddc9d360ca72d08213fc5d0'   itemscope=\"itemscope\" itemtype=\"https:\/\/schema.org\/CreativeWork\" ><div class='avia_textblock'  itemprop=\"text\" ><h3>Chugay Cosmetics ofrece consultas virtuales.<\/h3>\n<p>Para su consulta y precios precisos por favor env\u00edenos un correo electr\u00f3nico a <a href=\"mailto:info@drchugay.com\">info@drchugay.com<\/a>\u00a0con fotos de la zona que le preocupa y una foto de lo que quiere conseguir. Incluya un <strong>correo electr\u00f3nico de contacto<\/strong> y <strong>n\u00famero de tel\u00e9fono<\/strong>y nos pondremos en contacto con usted para una consulta TELEF\u00d3NICA.<\/p>\n<p>Su presupuesto individual incluir\u00e1 los honorarios del cirujano, los gastos de anestesia, los gastos de quir\u00f3fano y todos los dem\u00e1s suministros e implantes necesarios. Sus honorarios tambi\u00e9n incluyen todas las citas de seguimiento.<\/p>\n<\/div><\/section>\n<div  class='hr av-9dm92x-aaebcb9d90a2ccfa3d0a15bef5002459 hr-short  avia-builder-el-2  el_after_av_textblock  el_before_av_one_half  hr-center'><span class='hr-inner'><span class=\"hr-inner-style\"><\/span><\/span><\/div>\n<div  class='flex_column av-7ejqll-f5343bc895c72f952bbbeb1d3dcb9bed av_one_half  avia-builder-el-3  el_after_av_hr  el_before_av_one_half  first flex_column_div'     ><div  class='avia-button-wrap av-my8ft-2885111ac9b1701c7922d007f8594184-wrap avia-button-center  avia-builder-el-4  avia-builder-el-no-sibling'><a href='\/es\/procedimientos\/'  class='avia-button av-my8ft-2885111ac9b1701c7922d007f8594184 av-link-btn avia-icon_select-yes-left-icon avia-size-medium avia-position-center avia-color-theme-color'   aria-label=\"Haga clic aqu\u00ed para ver todos los procedimientos\"><span class='avia_button_icon avia_button_icon_left avia-iconfont avia-font-entypo-fontello' data-av_icon='\ue875' data-av_iconfont='entypo-fontello' ><\/span><span class='avia_iconbox_title' >Haga clic aqu\u00ed para ver todos los procedimientos<\/span><\/a><\/div><\/div>\n<style type=\"text\/css\" data-created_by=\"avia_inline_auto\" id=\"style-css-av-3tke3t-d74842cdfdac0a4cd86daa159c0f4490\">\n.flex_column.av-3tke3t-d74842cdfdac0a4cd86daa159c0f4490{\nborder-radius:0px 0px 0px 0px;\npadding:0px 0px 0px 0px;\n}\n<\/style>\n<div  class='flex_column av-3tke3t-d74842cdfdac0a4cd86daa159c0f4490 av_one_half  avia-builder-el-5  el_after_av_one_half  avia-builder-el-last  flex_column_div av-zero-column-padding'     ><div  class='avia-button-wrap av-26qz95-a276177dd2fa1b460728cc719cf49365-wrap avia-button-center  avia-builder-el-6  avia-builder-el-no-sibling'><a href='\/es\/galleries\/'  class='avia-button av-26qz95-a276177dd2fa1b460728cc719cf49365 av-link-btn avia-icon_select-yes-left-icon avia-size-medium avia-position-center avia-color-theme-color'   aria-label=\"Ver galer\u00eda de fotos de antes y despu\u00e9s\"><span class='avia_button_icon avia_button_icon_left avia-iconfont avia-font-entypo-fontello' data-av_icon='\ue875' data-av_iconfont='entypo-fontello' ><\/span><span class='avia_iconbox_title' >Ver galer\u00eda de fotos de antes y despu\u00e9s<\/span><\/a><\/div><\/div><\/p>","protected":false},"excerpt":{"rendered":"","protected":false},"author":1,"featured_media":0,"parent":0,"menu_order":0,"comment_status":"closed","ping_status":"closed","template":"","meta":{"footnotes":""},"class_list":["post-8793","page","type-page","status-publish","hentry"],"_links":{"self":[{"href":"https:\/\/spanish.drchugay.com\/es\/wp-json\/wp\/v2\/pages\/8793","targetHints":{"allow":["GET"]}}],"collection":[{"href":"https:\/\/spanish.drchugay.com\/es\/wp-json\/wp\/v2\/pages"}],"about":[{"href":"https:\/\/spanish.drchugay.com\/es\/wp-json\/wp\/v2\/types\/page"}],"author":[{"embeddable":true,"href":"https:\/\/spanish.drchugay.com\/es\/wp-json\/wp\/v2\/users\/1"}],"replies":[{"embeddable":true,"href":"https:\/\/spanish.drchugay.com\/es\/wp-json\/wp\/v2\/comments?post=8793"}],"version-history":[{"count":4,"href":"https:\/\/spanish.drchugay.com\/es\/wp-json\/wp\/v2\/pages\/8793\/revisions"}],"predecessor-version":[{"id":11928,"href":"https:\/\/spanish.drchugay.com\/es\/wp-json\/wp\/v2\/pages\/8793\/revisions\/11928"}],"wp:attachment":[{"href":"https:\/\/spanish.drchugay.com\/es\/wp-json\/wp\/v2\/media?parent=8793"}],"curies":[{"name":"wp","href":"https:\/\/api.w.org\/{rel}","templated":true}]}}