{"id":9049,"date":"2020-05-04T15:44:12","date_gmt":"2020-05-04T22:44:12","guid":{"rendered":"https:\/\/spanish.drchugay.com\/?page_id=9049"},"modified":"2024-09-24T16:54:08","modified_gmt":"2024-09-24T23:54:08","slug":"papaeye-deformidad","status":"publish","type":"page","link":"https:\/\/spanish.drchugay.com\/es\/procedimientos\/implantes-corporales\/papaeye-deformidad\/","title":{"rendered":"Deformidad de Popeye"},"content":{"rendered":"<style type=\"text\/css\" data-created_by=\"avia_inline_auto\" id=\"style-css-av-f676no-9457bb500a74c1ddaeac826bf7772a88\">\n#top .flex_column.av-f676no-9457bb500a74c1ddaeac826bf7772a88{\nmargin-top:0px;\nmargin-bottom:10px;\n}\n.flex_column.av-f676no-9457bb500a74c1ddaeac826bf7772a88{\nborder-radius:0px 0px 0px 0px;\npadding:0px 0px 0px 0px;\n}\n.responsive #top #wrap_all .flex_column.av-f676no-9457bb500a74c1ddaeac826bf7772a88{\nmargin-top:0px;\nmargin-bottom:10px;\n}\n<\/style>\n<div  class='flex_column av-f676no-9457bb500a74c1ddaeac826bf7772a88 av_one_full  avia-builder-el-0  el_before_av_one_full  avia-builder-el-first  first flex_column_div av-zero-column-padding'     ><p>\n<style type=\"text\/css\" data-created_by=\"avia_inline_auto\" id=\"style-css-av-22kqi1-b11d31d32fbd91ab6001ebe4120e6370\">\n#top .av-special-heading.av-22kqi1-b11d31d32fbd91ab6001ebe4120e6370{\nmargin:10px 0 0 0;\npadding-bottom:10px;\n}\nbody .av-special-heading.av-22kqi1-b11d31d32fbd91ab6001ebe4120e6370 .av-special-heading-tag .heading-char{\nfont-size:25px;\n}\n.av-special-heading.av-22kqi1-b11d31d32fbd91ab6001ebe4120e6370 .av-subheading{\nfont-size:15px;\n}\n<\/style>\n<div  class='av-special-heading av-22kqi1-b11d31d32fbd91ab6001ebe4120e6370 av-special-heading-h2  avia-builder-el-1  el_before_av_image  avia-builder-el-first'><h2 class='av-special-heading-tag'  itemprop=\"headline\"  >\u00bfC\u00f3mo puedo corregir una deformidad del brazo de Popeye?<\/h2><div class=\"special-heading-border\"><div class=\"special-heading-inner-border\"><\/div><\/div><\/div><br \/>\n\n<style type=\"text\/css\" data-created_by=\"avia_inline_auto\" id=\"style-css-av-cunuro-1d7b46687b6a2239ba4b43926c255e11\">\n.avia-image-container.av-cunuro-1d7b46687b6a2239ba4b43926c255e11 img.avia_image{\nbox-shadow:none;\n}\n.avia-image-container.av-cunuro-1d7b46687b6a2239ba4b43926c255e11 .av-image-caption-overlay-center{\ncolor:#ffffff;\n}\n<\/style>\n<div  class='avia-image-container av-cunuro-1d7b46687b6a2239ba4b43926c255e11 av-styling- avia-align-center  avia-builder-el-2  el_after_av_heading  el_before_av_textblock'   itemprop=\"image\" itemscope=\"itemscope\" itemtype=\"https:\/\/schema.org\/ImageObject\" ><div class=\"avia-image-container-inner\"><div class=\"avia-image-overlay-wrap\"><img decoding=\"async\" fetchpriority=\"high\" class='wp-image-9069 avia-img-lazy-loading-not-9069 avia_image' src=\"https:\/\/spanish.drchugay.com\/wp-content\/uploads\/2020\/05\/popeye-mucle-deformity.png\" alt='Deformidad del brazo de Popeye' title='deformidad del m\u00fasculo popeye-brazo'  height=\"695\" width=\"1000\"  itemprop=\"thumbnailUrl\" srcset=\"https:\/\/spanish.drchugay.com\/wp-content\/uploads\/2020\/05\/popeye-mucle-deformity.png 1000w, https:\/\/spanish.drchugay.com\/wp-content\/uploads\/2020\/05\/popeye-mucle-deformity-300x209.png 300w, https:\/\/spanish.drchugay.com\/wp-content\/uploads\/2020\/05\/popeye-mucle-deformity-705x490.png 705w\" sizes=\"(max-width: 1000px) 100vw, 1000px\" \/><\/div><\/div><\/div><br \/>\n<section  class='av_textblock_section av-6f2g5w-afef2466495f36651eab10232c02c09e'   itemscope=\"itemscope\" itemtype=\"https:\/\/schema.org\/CreativeWork\" ><div class='avia_textblock'  itemprop=\"text\" ><p>Cuando un tend\u00f3n del m\u00fasculo b\u00edceps se desgarra, normalmente debido al levantamiento de pesas o a un traumatismo directo, el m\u00fasculo puede agruparse y formar una bola grande y dolorosa en la parte superior del brazo si no es reparado por un cirujano ortop\u00e9dico. Esta protuberancia se denomina\u00a0<b>Deformidad de Popeye<\/b>\u00a0o\u00a0<b>Popeye<\/b>\u00a0signo. El t\u00e9rmino procede del famoso personaje de dibujos animados de los a\u00f1os 30 que ten\u00eda brazos musculosos en forma de bola.<\/p>\n<\/div><\/section><\/p><\/div>\n\n<style type=\"text\/css\" data-created_by=\"avia_inline_auto\" id=\"style-css-av-f676no-c38b55ae27215973bfd0a54a60fab2bf\">\n#top .flex_column.av-f676no-c38b55ae27215973bfd0a54a60fab2bf{\nmargin-top:10px;\nmargin-bottom:10px;\n}\n.flex_column.av-f676no-c38b55ae27215973bfd0a54a60fab2bf{\nborder-radius:0px 0px 0px 0px;\n}\n.responsive #top #wrap_all .flex_column.av-f676no-c38b55ae27215973bfd0a54a60fab2bf{\nmargin-top:10px;\nmargin-bottom:10px;\n}\n<\/style>\n<div  class='flex_column av-f676no-c38b55ae27215973bfd0a54a60fab2bf av_one_full  avia-builder-el-4  el_after_av_one_full  el_before_av_one_half  first flex_column_div  column-top-margin'     ><p>\n<style type=\"text\/css\" data-created_by=\"avia_inline_auto\" id=\"style-css-av-f4e15-aab7f077c5309a8145b122bb7694e1b6\">\n#top .av-special-heading.av-f4e15-aab7f077c5309a8145b122bb7694e1b6{\nmargin:0 0 0 0;\npadding-bottom:0;\n}\nbody .av-special-heading.av-f4e15-aab7f077c5309a8145b122bb7694e1b6 .av-special-heading-tag .heading-char{\nfont-size:25px;\n}\n.av-special-heading.av-f4e15-aab7f077c5309a8145b122bb7694e1b6 .av-subheading{\nfont-size:15px;\n}\n<\/style>\n<div  class='av-special-heading av-f4e15-aab7f077c5309a8145b122bb7694e1b6 av-special-heading-h2  avia-builder-el-5  el_before_av_textblock  avia-builder-el-first'><h2 class='av-special-heading-tag'  itemprop=\"headline\"  >Implantes de silicona semis\u00f3lidos<\/h2><div class=\"special-heading-border\"><div class=\"special-heading-inner-border\"><\/div><\/div><\/div><br \/>\n<section  class='av_textblock_section av-8nz50-ed8bd19dc4dfa2c29850203d619eba83'   itemscope=\"itemscope\" itemtype=\"https:\/\/schema.org\/CreativeWork\" ><div class='avia_textblock'  itemprop=\"text\" ><p>Con frecuencia, los pacientes nos llaman y nos env\u00edan correos electr\u00f3nicos sobre la correcci\u00f3n de su deformidad en popeye en un lado o en ambos.  Mediante el uso de un implante de silicona semis\u00f3lida en el lado afectado, podemos lograr una mayor simetr\u00eda con un brazo no afectado.  Hacemos hincapi\u00e9 a los pacientes que no podemos garantizar la simetr\u00eda absoluta cuando se trabaja en un solo lado, pero, hemos tenido muchos pacientes que han renovado la confianza y la autoestima con la correcci\u00f3n de un unilateral (un lado) deformidad popeye.<\/p>\n<\/div><\/section><br \/>\n\n<style type=\"text\/css\" data-created_by=\"avia_inline_auto\" id=\"style-css-av-k7wmp4kk-49867110fc45328b18a285b42a738bef\">\n#top .hr.hr-invisible.av-k7wmp4kk-49867110fc45328b18a285b42a738bef{\nheight:20px;\n}\n<\/style>\n<div  class='hr av-k7wmp4kk-49867110fc45328b18a285b42a738bef hr-invisible  avia-builder-el-7  el_after_av_textblock  el_before_av_image'><span class='hr-inner'><span class=\"hr-inner-style\"><\/span><\/span><\/div><br \/>\n\n<style type=\"text\/css\" data-created_by=\"avia_inline_auto\" id=\"style-css-av-cunuro-d98e55bf49c87c0f603fdb5ca699a0a3\">\n.avia-image-container.av-cunuro-d98e55bf49c87c0f603fdb5ca699a0a3 img.avia_image{\nbox-shadow:none;\n}\n.avia-image-container.av-cunuro-d98e55bf49c87c0f603fdb5ca699a0a3 .av-image-caption-overlay-center{\ncolor:#ffffff;\n}\n<\/style>\n<div  class='avia-image-container av-cunuro-d98e55bf49c87c0f603fdb5ca699a0a3 av-styling- av-img-linked avia-align-center  avia-builder-el-8  el_after_av_hr  el_before_av_textblock'   itemprop=\"image\" itemscope=\"itemscope\" itemtype=\"https:\/\/schema.org\/ImageObject\" ><div class=\"avia-image-container-inner\"><div class=\"avia-image-overlay-wrap\"><a href=\"https:\/\/spanish.drchugay.com\/wp-content\/uploads\/2020\/05\/before-after-bicept-tricep-popeye-torn-tendons-e1588633287310.jpg\" data-srcset=\"https:\/\/spanish.drchugay.com\/wp-content\/uploads\/2020\/05\/before-after-bicept-tricep-popeye-torn-tendons-e1588633287310.jpg 1000w, https:\/\/spanish.drchugay.com\/wp-content\/uploads\/2020\/05\/before-after-bicept-tricep-popeye-torn-tendons-e1588633287310-300x71.jpg 300w, https:\/\/spanish.drchugay.com\/wp-content\/uploads\/2020\/05\/before-after-bicept-tricep-popeye-torn-tendons-e1588633287310-705x167.jpg 705w\" data-sizes=\"(max-width: 1000px) 100vw, 1000px\" class='avia_image'  aria-label='Antes Despu\u00e9s Bicept Tr\u00edceps Popeye Tendones desgarrados'><img decoding=\"async\" fetchpriority=\"high\" class='wp-image-9061 avia-img-lazy-loading-not-9061 avia_image' src=\"https:\/\/spanish.drchugay.com\/wp-content\/uploads\/2020\/05\/before-after-bicept-tricep-popeye-torn-tendons-e1588633287310.jpg\" alt='un collage de un hombre flexionando sus m\u00fasculos' title='Antes Despu\u00e9s Bicept Tr\u00edceps Popeye Tendones desgarrados'  height=\"237\" width=\"1000\"  itemprop=\"thumbnailUrl\" srcset=\"https:\/\/spanish.drchugay.com\/wp-content\/uploads\/2020\/05\/before-after-bicept-tricep-popeye-torn-tendons-e1588633287310.jpg 1000w, https:\/\/spanish.drchugay.com\/wp-content\/uploads\/2020\/05\/before-after-bicept-tricep-popeye-torn-tendons-e1588633287310-300x71.jpg 300w, https:\/\/spanish.drchugay.com\/wp-content\/uploads\/2020\/05\/before-after-bicept-tricep-popeye-torn-tendons-e1588633287310-705x167.jpg 705w\" sizes=\"(max-width: 1000px) 100vw, 1000px\" \/><\/a><\/div><\/div><\/div><br \/>\n<section  class='av_textblock_section av-a965n8-ccbc8b5eeece7b02e35cb61cb2787514'   itemscope=\"itemscope\" itemtype=\"https:\/\/schema.org\/CreativeWork\" ><div class='avia_textblock'  itemprop=\"text\" ><div style=\"line-height: 19px;\">\n<h4 style=\"text-align: center; margin-bottom: 0px;\">VAR\u00d3N DE 47 A\u00d1OS - ANTES Y UN MES DESPU\u00c9S<\/h4>\n<p style=\"text-align: center; margin-top: 0px;\">Aumento de b\u00edceps, con implantes estilo 8, talla 1 bilateralmente tras sufrir desgarro de b\u00edceps en ambos brazos.<\/p>\n<\/div>\n<div class=\"disclaimer\">*LOS RESULTADOS INDIVIDUALES VARIAR\u00c1N. LAS IM\u00c1GENES NO CONSTITUYEN UNA PROMESA O REPRESENTACI\u00d3N DE NING\u00daN RESULTADO O EXPERIENCIA PARTICULAR.<\/div>\n<\/div><\/section><br \/>\n\n<style type=\"text\/css\" data-created_by=\"avia_inline_auto\" id=\"style-css-av-k7wmp4kk-49867110fc45328b18a285b42a738bef\">\n#top .hr.hr-invisible.av-k7wmp4kk-49867110fc45328b18a285b42a738bef{\nheight:20px;\n}\n<\/style>\n<div  class='hr av-k7wmp4kk-49867110fc45328b18a285b42a738bef hr-invisible  avia-builder-el-10  el_after_av_textblock  el_before_av_textblock'><span class='hr-inner'><span class=\"hr-inner-style\"><\/span><\/span><\/div><br \/>\n<section  class='av_textblock_section av-8nz50-ed8bd19dc4dfa2c29850203d619eba83'   itemscope=\"itemscope\" itemtype=\"https:\/\/schema.org\/CreativeWork\" ><div class='avia_textblock'  itemprop=\"text\" ><p>En los casos de desgarros bilaterales, podemos colocar implantes en ambos lados para aumentar el volumen y conseguir un aspecto m\u00e1s natural de los brazos. Hacemos hincapi\u00e9 a los pacientes que no podemos garantizar la simetr\u00eda absoluta cuando se trabaja en un solo lado, pero, hemos tenido muchos pacientes que han renovado la confianza y la autoestima con la correcci\u00f3n de un unilateral (un lado) deformidad popeye.<\/p>\n<\/div><\/section><br \/>\n\n<style type=\"text\/css\" data-created_by=\"avia_inline_auto\" id=\"style-css-av-23ilmx-7617bb5b5910a1dc95ec7196fe002072\">\n#top .av-special-heading.av-23ilmx-7617bb5b5910a1dc95ec7196fe002072{\nmargin:0 0 0 0;\npadding-bottom:0;\n}\nbody .av-special-heading.av-23ilmx-7617bb5b5910a1dc95ec7196fe002072 .av-special-heading-tag .heading-char{\nfont-size:25px;\n}\n.av-special-heading.av-23ilmx-7617bb5b5910a1dc95ec7196fe002072 .av-subheading{\nfont-size:18px;\n}\n<\/style>\n<div  class='av-special-heading av-23ilmx-7617bb5b5910a1dc95ec7196fe002072 av-special-heading-h3 blockquote modern-quote modern-centered  avia-builder-el-12  el_after_av_textblock  avia-builder-el-last'><h3 class='av-special-heading-tag'  itemprop=\"headline\"  >LITERATURA REVISADA POR PARES<\/h3><div class='av-subheading av-subheading_below'><p>Consulte nuestros art\u00edculos sobre el aumento de b\u00edceps y tr\u00edceps con fines est\u00e9ticos<\/p>\n<\/div><div class=\"special-heading-border\"><div class=\"special-heading-inner-border\"><\/div><\/div><\/div><\/p><\/div>\n<div class='flex_column_table av-4u4euh-40af76435a5feedf9c1778d21b1254b6 sc-av_one_half av-equal-height-column-flextable'>\n<style type=\"text\/css\" data-created_by=\"avia_inline_auto\" id=\"style-css-av-4u4euh-40af76435a5feedf9c1778d21b1254b6\">\n.flex_column.av-4u4euh-40af76435a5feedf9c1778d21b1254b6{\nborder-radius:0px 0px 0px 0px;\npadding:0 0 0 0;\n}\n<\/style>\n<div  class='flex_column av-4u4euh-40af76435a5feedf9c1778d21b1254b6 av_one_half  avia-builder-el-13  el_after_av_one_full  el_before_av_one_half  first flex_column_table_cell av-equal-height-column av-align-top av-zero-column-padding  column-top-margin'     ><div  class='avia-button-wrap av-k9t4v6ai-86d42db114e2f49f4b27837eaa41f9b4-wrap avia-button-center  avia-builder-el-14  avia-builder-el-no-sibling'><a href=\"https:\/\/drchugay.com\/wp-content\/uploads\/2009\/08\/bicipital.pdf\" class=\"avia-button av-k9t4v6ai-86d42db114e2f49f4b27837eaa41f9b4 av-link-btn avia-icon_select-yes-right-icon avia-size-large avia-position-center av-icon-on-hover avia-color-dark\" target=\"_blank\" rel=\"noopener noreferrer\" aria-label=\"INFORME DE UN CASO&lt;br \/&gt;AUMENTO BICIPITAL\"><span class='avia_iconbox_title' >INFORME DE UN CASO<br \/>\nAUMENTO BICIPITAL<\/span><span class='avia_button_icon avia_button_icon_right avia-iconfont avia-font-entypo-fontello' data-av_icon='\ue87d' data-av_iconfont='entypo-fontello' ><\/span><\/a><\/div><\/div>\n<div class='av-flex-placeholder'><\/div>\n<style type=\"text\/css\" data-created_by=\"avia_inline_auto\" id=\"style-css-av-2wzk2x-da4be3e4e997945e85ef007ebb4f88c7\">\n.flex_column.av-2wzk2x-da4be3e4e997945e85ef007ebb4f88c7{\nborder-radius:0px 0px 0px 0px;\n}\n<\/style>\n<div  class='flex_column av-2wzk2x-da4be3e4e997945e85ef007ebb4f88c7 av_one_half  avia-builder-el-15  el_after_av_one_half  el_before_av_one_full  flex_column_table_cell av-equal-height-column av-align-top  column-top-margin'     ><div  class='avia-button-wrap av-k9t4v6ai-9b9f0fd9dc4be2dedbfd62c0db265e8b-wrap avia-button-center  avia-builder-el-16  avia-builder-el-no-sibling'><a href=\"https:\/\/drchugay.com\/wp-content\/uploads\/2014\/03\/cosmetic_surgery_times_sept.pdf\" class=\"avia-button av-k9t4v6ai-9b9f0fd9dc4be2dedbfd62c0db265e8b av-link-btn avia-icon_select-yes-right-icon avia-size-large avia-position-center av-icon-on-hover avia-color-dark\" target=\"_blank\" rel=\"noopener noreferrer\" aria-label=\"INFORME DE UN CASO&lt;br \/&gt;AUMENTO DE TR&Iacute;CEPS\"><span class='avia_iconbox_title' >INFORME DE UN CASO<br \/>\nAUMENTO DE TR\u00cdCEPS<\/span><span class='avia_button_icon avia_button_icon_right avia-iconfont avia-font-entypo-fontello' data-av_icon='\ue87d' data-av_iconfont='entypo-fontello' ><\/span><\/a><\/div><\/div><\/div><!--close column table wrapper. Autoclose: 1 -->\n\n<style type=\"text\/css\" data-created_by=\"avia_inline_auto\" id=\"style-css-av-f676no-37651697c513f275f3d872b2d4ec2981\">\n.flex_column.av-f676no-37651697c513f275f3d872b2d4ec2981{\nborder-radius:0px 0px 0px 0px;\npadding:0px 0px 0px 0px;\n}\n<\/style>\n<div  class='flex_column av-f676no-37651697c513f275f3d872b2d4ec2981 av_one_full  avia-builder-el-17  el_after_av_one_half  el_before_av_one_full  first flex_column_div av-zero-column-padding  column-top-margin'     ><article  class='iconbox iconbox_top av-k7wid5mf-068a306b294f1183665128203fb67087  avia-builder-el-18  avia-builder-el-no-sibling  main_color'  itemscope=\"itemscope\" itemtype=\"https:\/\/schema.org\/CreativeWork\" ><div class=\"iconbox_content\"><header class=\"entry-content-header\" aria-label=\"Icono: \u00bfHay financiaci\u00f3n disponible?\"><div class='iconbox_icon heading-color avia-iconfont avia-font-entypo-fontello' data-av_icon='\ue827' data-av_iconfont='entypo-fontello'  ><\/div><h3 class='iconbox_content_title'  itemprop=\"headline\" >\u00bfHay financiaci\u00f3n disponible?<\/h3><\/header><div class='iconbox_content_container'  itemprop=\"text\" ><p>S\u00ed. Financiaci\u00f3n m\u00e9dica est\u00e1 disponible en el cr\u00e9dito aprobado. Aceptamos financiaci\u00f3n de CareCredit.com. Para m\u00e1s informaci\u00f3n sobre nuestras opciones de financiaci\u00f3n<\/p>\n<div  class='avia-button-wrap av-3702at-2f75b6c227e6bd1a864bfe1943708b73-wrap avia-button-center  avia-builder-el-19  avia-builder-el-no-sibling'><a href=\"https:\/\/spanish.drchugay.com\/es\/informacion-del-paciente\/financiacion-medica\/\" class=\"avia-button av-3702at-2f75b6c227e6bd1a864bfe1943708b73 av-link-btn avia-icon_select-no avia-size-large avia-position-center avia-color-dark\" aria-label=\"OBTENER FINANCIACI\u00d3N\"><span class='avia_iconbox_title' >OBTENER FINANCIACI\u00d3N<\/span><\/a><\/div>\n<\/div><\/div><footer class=\"entry-footer\"><\/footer><\/article><\/div>\n<style type=\"text\/css\" data-created_by=\"avia_inline_auto\" id=\"style-css-av-f676no-2456aa7dbf5dc713189a9bcc1b3c5fe0\">\n#top .flex_column.av-f676no-2456aa7dbf5dc713189a9bcc1b3c5fe0{\nmargin-top:50px;\nmargin-bottom:10px;\n}\n.flex_column.av-f676no-2456aa7dbf5dc713189a9bcc1b3c5fe0{\nborder-radius:0px 0px 0px 0px;\npadding:0px 0px 0px 0px;\n}\n.responsive #top #wrap_all .flex_column.av-f676no-2456aa7dbf5dc713189a9bcc1b3c5fe0{\nmargin-top:50px;\nmargin-bottom:10px;\n}\n<\/style>\n<div  class='flex_column av-f676no-2456aa7dbf5dc713189a9bcc1b3c5fe0 av_one_full  avia-builder-el-20  el_after_av_one_full  avia-builder-el-last  first flex_column_div av-zero-column-padding  column-top-margin'     ><style type=\"text\/css\" data-created_by=\"avia_inline_auto\" id=\"style-css-av-k7wnwtuw-bfac9e508be5c63049274c32f5ac2573\">\n.av_promobox.av-k7wnwtuw-bfac9e508be5c63049274c32f5ac2573{\ncolor:#ffffff;\nbackground:#444444;\nborder-color:#000000;\n}\n<\/style>\n<div  class='av_promobox av-k7wnwtuw-bfac9e508be5c63049274c32f5ac2573 avia-button-yes  avia-builder-el-21  el_before_av_hr  avia-builder-el-first'><div class='avia-promocontent'><h2><span style=\"color: #ffffff;\">\u00bfPreparado para mejorar el aspecto de su cuerpo?<\/span><\/h2>\n<h5><span style=\"color: #ffffff;\">Ll\u00e1menos ahora para una consulta y evaluaci\u00f3n gratuitas.<\/span><\/h5>\n<p>\n<\/div><div  class='avia-button-wrap av-k7wnwtuw-4995055a5ece8a1cc3b1f684af197876-wrap avia-button-right'><a href=\"https:\/\/spanish.drchugay.com\/es\/contacto\/\" class=\"avia-button av-k7wnwtuw-4995055a5ece8a1cc3b1f684af197876 av-link-btn avia-icon_select-no avia-size-large avia-position-right avia-color-theme-color-subtle\" aria-label=\"RESERVAR AHORA\"><span class='avia_iconbox_title' >RESERVAR AHORA<\/span><\/a><\/div><\/div><br \/>\n\n<style type=\"text\/css\" data-created_by=\"avia_inline_auto\" id=\"style-css-av-9dsts4-11399a697b8219a0eaa2ba93d19c13fd\">\n#top .hr.hr-invisible.av-9dsts4-11399a697b8219a0eaa2ba93d19c13fd{\nheight:10px;\n}\n<\/style>\n<div  class='hr av-9dsts4-11399a697b8219a0eaa2ba93d19c13fd hr-invisible  avia-builder-el-22  el_after_av_promobox  avia-builder-el-last'><span class='hr-inner'><span class=\"hr-inner-style\"><\/span><\/span><\/div><\/p><\/div><\/p>","protected":false},"excerpt":{"rendered":"","protected":false},"author":1,"featured_media":0,"parent":194,"menu_order":0,"comment_status":"closed","ping_status":"closed","template":"","meta":{"footnotes":""},"class_list":["post-9049","page","type-page","status-publish","hentry"],"_links":{"self":[{"href":"https:\/\/spanish.drchugay.com\/es\/wp-json\/wp\/v2\/pages\/9049","targetHints":{"allow":["GET"]}}],"collection":[{"href":"https:\/\/spanish.drchugay.com\/es\/wp-json\/wp\/v2\/pages"}],"about":[{"href":"https:\/\/spanish.drchugay.com\/es\/wp-json\/wp\/v2\/types\/page"}],"author":[{"embeddable":true,"href":"https:\/\/spanish.drchugay.com\/es\/wp-json\/wp\/v2\/users\/1"}],"replies":[{"embeddable":true,"href":"https:\/\/spanish.drchugay.com\/es\/wp-json\/wp\/v2\/comments?post=9049"}],"version-history":[{"count":33,"href":"https:\/\/spanish.drchugay.com\/es\/wp-json\/wp\/v2\/pages\/9049\/revisions"}],"predecessor-version":[{"id":12523,"href":"https:\/\/spanish.drchugay.com\/es\/wp-json\/wp\/v2\/pages\/9049\/revisions\/12523"}],"up":[{"embeddable":true,"href":"https:\/\/spanish.drchugay.com\/es\/wp-json\/wp\/v2\/pages\/194"}],"wp:attachment":[{"href":"https:\/\/spanish.drchugay.com\/es\/wp-json\/wp\/v2\/media?parent=9049"}],"curies":[{"name":"wp","href":"https:\/\/api.w.org\/{rel}","templated":true}]}}