{"id":9180,"date":"2020-05-05T17:02:06","date_gmt":"2020-05-06T00:02:06","guid":{"rendered":"https:\/\/spanish.drchugay.com\/?page_id=9180"},"modified":"2024-09-24T16:52:38","modified_gmt":"2024-09-24T23:52:38","slug":"descabante-augementacion-pollo-pies","status":"publish","type":"page","link":"https:\/\/spanish.drchugay.com\/es\/procedimientos\/implantes-corporales\/descabante-augementacion-pollo-pies\/","title":{"rendered":"Aumento de pantorrillas - Piernas de pollo"},"content":{"rendered":"<style type=\"text\/css\" data-created_by=\"avia_inline_auto\" id=\"style-css-av-f676no-9457bb500a74c1ddaeac826bf7772a88\">\n#top .flex_column.av-f676no-9457bb500a74c1ddaeac826bf7772a88{\nmargin-top:0px;\nmargin-bottom:10px;\n}\n.flex_column.av-f676no-9457bb500a74c1ddaeac826bf7772a88{\nborder-radius:0px 0px 0px 0px;\npadding:0px 0px 0px 0px;\n}\n.responsive #top #wrap_all .flex_column.av-f676no-9457bb500a74c1ddaeac826bf7772a88{\nmargin-top:0px;\nmargin-bottom:10px;\n}\n<\/style>\n<div  class='flex_column av-f676no-9457bb500a74c1ddaeac826bf7772a88 av_one_full  avia-builder-el-0  el_before_av_one_full  avia-builder-el-first  first flex_column_div av-zero-column-padding'     ><p>\n<style type=\"text\/css\" data-created_by=\"avia_inline_auto\" id=\"style-css-av-7neho-7beed147e2fa296caaea6150a28abb3d\">\n#top .av-special-heading.av-7neho-7beed147e2fa296caaea6150a28abb3d{\npadding-bottom:10px;\n}\nbody .av-special-heading.av-7neho-7beed147e2fa296caaea6150a28abb3d .av-special-heading-tag .heading-char{\nfont-size:25px;\n}\n.av-special-heading.av-7neho-7beed147e2fa296caaea6150a28abb3d .av-subheading{\nfont-size:15px;\n}\n<\/style>\n<div  class='av-special-heading av-7neho-7beed147e2fa296caaea6150a28abb3d av-special-heading-h2  avia-builder-el-1  el_before_av_textblock  avia-builder-el-first'><h2 class='av-special-heading-tag'  itemprop=\"headline\"  >\u00bfC\u00f3mo arreglo mis muslos de pollo?<\/h2><div class=\"special-heading-border\"><div class=\"special-heading-inner-border\"><\/div><\/div><\/div><br \/>\n<section  class='av_textblock_section av-6f2g5w-afef2466495f36651eab10232c02c09e'   itemscope=\"itemscope\" itemtype=\"https:\/\/schema.org\/CreativeWork\" ><div class='avia_textblock'  itemprop=\"text\" ><p>Muchos pacientes acuden a nosotros en busca de m\u00e1s volumen en las pantorrillas.  Se describen a s\u00ed mismos como personas con piernas demasiado delgadas o con \"piernas de pollo\".  Lamentablemente, no todo el mundo nace con unos m\u00fasculos robustos en las pantorrillas y, a veces, ni siquiera el ejercicio puede proporcionar el volumen suficiente.  Por ese motivo, ofrecemos dos opciones para mejorar las pantorrillas: implantes de pantorrillas e injertos de grasa en las pantorrillas.<\/p>\n<\/div><\/section><br \/>\n\n<style type=\"text\/css\" data-created_by=\"avia_inline_auto\" id=\"style-css-av-cunuro-5cfe0039db2678c8dfcd9f2d3d5aaf4b\">\n.avia-image-container.av-cunuro-5cfe0039db2678c8dfcd9f2d3d5aaf4b img.avia_image{\nbox-shadow:none;\n}\n.avia-image-container.av-cunuro-5cfe0039db2678c8dfcd9f2d3d5aaf4b .av-image-caption-overlay-center{\ncolor:#ffffff;\n}\n<\/style>\n<div  class='avia-image-container av-cunuro-5cfe0039db2678c8dfcd9f2d3d5aaf4b av-styling- avia-align-center  avia-builder-el-3  el_after_av_textblock  el_before_av_textblock'   itemprop=\"image\" itemscope=\"itemscope\" itemtype=\"https:\/\/schema.org\/ImageObject\" ><div class=\"avia-image-container-inner\"><div class=\"avia-image-overlay-wrap\"><img decoding=\"async\" fetchpriority=\"high\" class='wp-image-9369 avia-img-lazy-loading-not-9369 avia_image' src=\"https:\/\/spanish.drchugay.com\/wp-content\/uploads\/2020\/05\/get-rid-of-chicken-legs-2.jpg\" alt='una comparaci\u00f3n de piernas y patas' title='deshacerse de las patas de pollo-2'  height=\"416\" width=\"724\"  itemprop=\"thumbnailUrl\" srcset=\"https:\/\/spanish.drchugay.com\/wp-content\/uploads\/2020\/05\/get-rid-of-chicken-legs-2.jpg 724w, https:\/\/spanish.drchugay.com\/wp-content\/uploads\/2020\/05\/get-rid-of-chicken-legs-2-300x172.jpg 300w, https:\/\/spanish.drchugay.com\/wp-content\/uploads\/2020\/05\/get-rid-of-chicken-legs-2-705x405.jpg 705w\" sizes=\"(max-width: 724px) 100vw, 724px\" \/><\/div><\/div><\/div><br \/>\n<section  class='av_textblock_section av-a965n8-130ac8caac0027b8eeb1d2837288bab0'   itemscope=\"itemscope\" itemtype=\"https:\/\/schema.org\/CreativeWork\" ><div class='avia_textblock'  itemprop=\"text\" ><div class=\"disclaimer\">*LOS RESULTADOS INDIVIDUALES VARIAR\u00c1N. LAS IM\u00c1GENES NO CONSTITUYEN UNA PROMESA O REPRESENTACI\u00d3N DE NING\u00daN RESULTADO O EXPERIENCIA PARTICULAR.<\/div>\n<\/div><\/section><\/p><\/div>\n<div class='flex_column_table av-4m8cdw-2a0d63004c764b56da58a2c8d9816a96 sc-av_one_full av-equal-height-column-flextable'>\n<style type=\"text\/css\" data-created_by=\"avia_inline_auto\" id=\"style-css-av-4m8cdw-2a0d63004c764b56da58a2c8d9816a96\">\n#top .flex_column_table.av-equal-height-column-flextable.av-4m8cdw-2a0d63004c764b56da58a2c8d9816a96{\nmargin-top:10px;\nmargin-bottom:10px;\n}\n.flex_column.av-4m8cdw-2a0d63004c764b56da58a2c8d9816a96{\nborder-radius:0px 0px 0px 0px;\npadding:0px 0px 0px 0px;\n}\n<\/style>\n<div  class='flex_column av-4m8cdw-2a0d63004c764b56da58a2c8d9816a96 av_one_full  avia-builder-el-5  el_after_av_one_full  el_before_av_one_full  first flex_column_table_cell av-equal-height-column av-align-bottom av-zero-column-padding  column-top-margin'     ><div  class='avia-button-wrap av-k7wn5hp8-3c6da672df2fd553f0a3676b54926382-wrap avia-button-center  avia-builder-el-6  avia-builder-el-no-sibling'><a href='https:\/\/spanish.drchugay.com\/es\/galerias-de-procedimientos-2-4\/implantes-de-pantorrilla\/'  class='avia-button av-k7wn5hp8-3c6da672df2fd553f0a3676b54926382 av-link-btn avia-icon_select-yes-right-icon avia-size-large avia-position-center av-icon-on-hover avia-color-dark'   aria-label=\"VER GALER\u00cdA\"><span class='avia_iconbox_title' >VER GALER\u00cdA<\/span><span class='avia_button_icon avia_button_icon_right avia-iconfont avia-font-entypo-fontello' data-av_icon='\ue87d' data-av_iconfont='entypo-fontello' ><\/span><\/a><\/div><\/div><\/div><!--close column table wrapper. Autoclose: 1 -->\n\n<style type=\"text\/css\" data-created_by=\"avia_inline_auto\" id=\"style-css-av-f676no-7-b4a4a413d1cd80b3ef80d9a274fc52d3\">\n.flex_column.av-f676no-7-b4a4a413d1cd80b3ef80d9a274fc52d3{\nborder-radius:0px 0px 0px 0px;\npadding:0px 0px 0px 0px;\n}\n<\/style>\n<div  class='flex_column av-f676no-7-b4a4a413d1cd80b3ef80d9a274fc52d3 av_one_full  avia-builder-el-7  el_after_av_one_full  el_before_av_one_full  first flex_column_div av-zero-column-padding  column-top-margin'     ><p>\n<style type=\"text\/css\" data-created_by=\"avia_inline_auto\" id=\"style-css-av-k9uj51fc-a3e1fbe69a504dca681b2e5e3cba9928\">\n#top .av-special-heading.av-k9uj51fc-a3e1fbe69a504dca681b2e5e3cba9928{\npadding-bottom:10px;\n}\nbody .av-special-heading.av-k9uj51fc-a3e1fbe69a504dca681b2e5e3cba9928 .av-special-heading-tag .heading-char{\nfont-size:25px;\n}\n.av-special-heading.av-k9uj51fc-a3e1fbe69a504dca681b2e5e3cba9928 .av-subheading{\nfont-size:15px;\n}\n<\/style>\n<div  class='av-special-heading av-k9uj51fc-a3e1fbe69a504dca681b2e5e3cba9928 av-special-heading-h2  avia-builder-el-8  el_before_av_textblock  avia-builder-el-first'><h2 class='av-special-heading-tag'  itemprop=\"headline\"  >Implantes de pantorrillas<\/h2><div class=\"special-heading-border\"><div class=\"special-heading-inner-border\"><\/div><\/div><\/div><br \/>\n<section  class='av_textblock_section av-8nz50-ed8bd19dc4dfa2c29850203d619eba83'   itemscope=\"itemscope\" itemtype=\"https:\/\/schema.org\/CreativeWork\" ><div class='avia_textblock'  itemprop=\"text\" ><p>Nuestro m\u00e9todo preferido para mejorar el volumen de las pantorrillas es la cirug\u00eda de implante de pantorrillas.  Con un implante de pantorrillas, podemos a\u00f1adir volumen a las zonas deseadas de forma fiable.  El implante que utilizamos es de silicona semis\u00f3lida.  No contiene ning\u00fan componente l\u00edquido, por lo que no existe riesgo de fuga.  La intervenci\u00f3n se realiza mediante una incisi\u00f3n de 5 cm en la parte posterior de la rodilla, a trav\u00e9s de la cual podemos colocar con seguridad el implante para mejorar el volumen de la pantorrilla.<\/p>\n<\/div><\/section><\/p><\/div>\n\n<style type=\"text\/css\" data-created_by=\"avia_inline_auto\" id=\"style-css-av-f676no-1-f187a8c919638fd94d28102767311a8c\">\n#top .flex_column.av-f676no-1-f187a8c919638fd94d28102767311a8c{\nmargin-top:50px;\nmargin-bottom:10px;\n}\n.flex_column.av-f676no-1-f187a8c919638fd94d28102767311a8c{\nborder-width:1px;\nborder-color:#d3d3d3;\nborder-style:solid;\nborder-radius:10px 10px 10px 10px;\npadding:50px 50px 50px 50px;\nbackground-color:#f7f7f7;\n}\n.responsive #top #wrap_all .flex_column.av-f676no-1-f187a8c919638fd94d28102767311a8c{\nmargin-top:50px;\nmargin-bottom:10px;\n}\n<\/style>\n<div  class='flex_column av-f676no-1-f187a8c919638fd94d28102767311a8c av_one_full  avia-builder-el-10  el_after_av_one_full  el_before_av_one_full  first flex_column_div  column-top-margin'     ><p>\n<style type=\"text\/css\" data-created_by=\"avia_inline_auto\" id=\"style-css-av-k9uj94kw-9c36a93421873d0c4bb2ca81845de06d\">\n#top .av-special-heading.av-k9uj94kw-9c36a93421873d0c4bb2ca81845de06d{\npadding-bottom:10px;\n}\nbody .av-special-heading.av-k9uj94kw-9c36a93421873d0c4bb2ca81845de06d .av-special-heading-tag .heading-char{\nfont-size:25px;\n}\n.av-special-heading.av-k9uj94kw-9c36a93421873d0c4bb2ca81845de06d .av-subheading{\nfont-size:19px;\n}\n<\/style>\n<div  class='av-special-heading av-k9uj94kw-9c36a93421873d0c4bb2ca81845de06d av-special-heading-h2 blockquote modern-quote modern-centered  avia-builder-el-11  el_before_av_video  avia-builder-el-first'><div class='av-subheading av-subheading_above'><p>V\u00cdDEO DEL PROCEDIMIENTO<\/p>\n<\/div><h2 class='av-special-heading-tag'  itemprop=\"headline\"  >Implantes de pantorrilla - Aumento muscular<\/h2><div class=\"special-heading-border\"><div class=\"special-heading-inner-border\"><\/div><\/div><\/div><br \/>\n\n<style type=\"text\/css\" data-created_by=\"avia_inline_auto\" id=\"style-css-av-ldwe3iki-75e875ec464dd5193e9c493622033ba1\">\n.avia-video.av-ldwe3iki-75e875ec464dd5193e9c493622033ba1{\nbackground-image:url(https:\/\/spanish.drchugay.com\/wp-content\/uploads\/dynamic_avia\/avia_video_thumbnails\/youtube\/n-nlwplzM-Y\/n-nlwplzM-Y.jpg);\n}\n<\/style>\n<div  class='avia-video av-ldwe3iki-75e875ec464dd5193e9c493622033ba1 avia-video-16-9 av-preview-image avia-video-lightbox av-lazyload-video-embed avia-video-external-service'  itemprop=\"video\" itemtype=\"https:\/\/schema.org\/VideoObject\"  data-original_url='https:\/\/www.youtube.com\/watch?v=n-nlwplzM-Y&autoplay=1&allow=\u201cautoplay\u201d'><script type='text\/html' class='av-video-tmpl'><a href='https:\/\/www.youtube.com\/watch?v=n-nlwplzM-Y&autoplay=1&allow=\u201cautoplay\u201d' class='mfp-iframe lightbox-link' data-custom_class='avia-mfp-is-video avia-mfp-video-16-9  '><\/a><\/script><div class=\"av-click-to-play-overlay play-lightbox\"><div class=\"avia_playpause_icon\"><\/div><\/div><\/div><\/p><\/div>\n<div class='flex_column_table av-4u4euh-215b80823c5454ae4aa9ac11cc1aa612 sc-av_one_full av-equal-height-column-flextable'>\n<style type=\"text\/css\" data-created_by=\"avia_inline_auto\" id=\"style-css-av-4u4euh-215b80823c5454ae4aa9ac11cc1aa612\">\n.flex_column.av-4u4euh-215b80823c5454ae4aa9ac11cc1aa612{\nborder-width:1px;\nborder-color:#e1e1e1;\nborder-style:solid;\nborder-radius:3px 3px 3px 3px;\npadding:30px 30px 30px 30px;\nbackground-color:#ffffff;\n}\n<\/style>\n<div  class='flex_column av-4u4euh-215b80823c5454ae4aa9ac11cc1aa612 av_one_full  avia-builder-el-13  el_after_av_one_full  el_before_av_one_full  first flex_column_table_cell av-equal-height-column av-align-top  column-top-margin'     ><p>\n<style type=\"text\/css\" data-created_by=\"avia_inline_auto\" id=\"style-css-av-2b2lek-73998532aaaf65c1bac976095520da30\">\n#top .av-special-heading.av-2b2lek-73998532aaaf65c1bac976095520da30{\nmargin:0 0 0 0;\npadding-bottom:0;\n}\nbody .av-special-heading.av-2b2lek-73998532aaaf65c1bac976095520da30 .av-special-heading-tag .heading-char{\nfont-size:25px;\n}\n.av-special-heading.av-2b2lek-73998532aaaf65c1bac976095520da30 .av-subheading{\nfont-size:18px;\n}\n<\/style>\n<div  class='av-special-heading av-2b2lek-73998532aaaf65c1bac976095520da30 av-special-heading-h3 blockquote modern-quote modern-centered  avia-builder-el-14  el_before_av_hr  avia-builder-el-first'><h3 class='av-special-heading-tag'  itemprop=\"headline\"  >LITERATURA REVISADA POR PARES<\/h3><div class='av-subheading av-subheading_below'><p>Aumento de pantorrillas: Revisi\u00f3n de m\u00e1s de 200 casos en una sola instituci\u00f3n<\/p>\n<\/div><div class=\"special-heading-border\"><div class=\"special-heading-inner-border\"><\/div><\/div><\/div><br \/>\n\n<style type=\"text\/css\" data-created_by=\"avia_inline_auto\" id=\"style-css-av-k7wmp4kk-f2b72ddf8ae2ebf190dd1997f1819de6\">\n#top .hr.hr-invisible.av-k7wmp4kk-f2b72ddf8ae2ebf190dd1997f1819de6{\nheight:15px;\n}\n<\/style>\n<div  class='hr av-k7wmp4kk-f2b72ddf8ae2ebf190dd1997f1819de6 hr-invisible  avia-builder-el-15  el_after_av_heading  el_before_av_button'><span class='hr-inner'><span class=\"hr-inner-style\"><\/span><\/span><\/div><br \/>\n<div  class='avia-button-wrap av-k9t4v6ai-0a5fadefbbee9296dc2dcbc5cfc1cbdf-wrap avia-button-center  avia-builder-el-16  el_after_av_hr  avia-builder-el-last'><a href=\"https:\/\/drchugay.com\/wp-content\/uploads\/2014\/04\/Calf-Augmentation-A-Single-Institution-Review-of-Over-200-Cases.pdf\" class=\"avia-button av-k9t4v6ai-0a5fadefbbee9296dc2dcbc5cfc1cbdf av-link-btn avia-icon_select-yes-right-icon avia-size-large avia-position-center av-icon-on-hover avia-color-dark\" target=\"_blank\" rel=\"noopener noreferrer\" aria-label=\"INFORME DE UN CASO&lt;br \/&gt;AUMENTO DE PANTORRILLAS\"><span class='avia_iconbox_title' >INFORME DE UN CASO<br \/>\nAUMENTO DE PANTORRILLAS<\/span><span class='avia_button_icon avia_button_icon_right avia-iconfont avia-font-entypo-fontello' data-av_icon='\ue87d' data-av_iconfont='entypo-fontello' ><\/span><\/a><\/div><\/p><\/div><\/div><!--close column table wrapper. Autoclose: 1 -->\n\n<style type=\"text\/css\" data-created_by=\"avia_inline_auto\" id=\"style-css-av-f676no-4-dff4a80e356780ccf21a9df135fc1599\">\n.flex_column.av-f676no-4-dff4a80e356780ccf21a9df135fc1599{\nborder-radius:0px 0px 0px 0px;\npadding:0px 0px 0px 0px;\n}\n<\/style>\n<div  class='flex_column av-f676no-4-dff4a80e356780ccf21a9df135fc1599 av_one_full  avia-builder-el-17  el_after_av_one_full  el_before_av_hr  first flex_column_div av-zero-column-padding  column-top-margin'     ><p>\n<style type=\"text\/css\" data-created_by=\"avia_inline_auto\" id=\"style-css-av-34j4f0-89d955ae4dd794a8cf46e4cb8a0c3685\">\n#top .av-special-heading.av-34j4f0-89d955ae4dd794a8cf46e4cb8a0c3685{\npadding-bottom:10px;\n}\nbody .av-special-heading.av-34j4f0-89d955ae4dd794a8cf46e4cb8a0c3685 .av-special-heading-tag .heading-char{\nfont-size:25px;\n}\n.av-special-heading.av-34j4f0-89d955ae4dd794a8cf46e4cb8a0c3685 .av-subheading{\nfont-size:15px;\n}\n<\/style>\n<div  class='av-special-heading av-34j4f0-89d955ae4dd794a8cf46e4cb8a0c3685 av-special-heading-h2  avia-builder-el-18  el_before_av_textblock  avia-builder-el-first'><h2 class='av-special-heading-tag'  itemprop=\"headline\"  >Transferencia de grasa a la pantorrilla<\/h2><div class=\"special-heading-border\"><div class=\"special-heading-inner-border\"><\/div><\/div><\/div><br \/>\n<section  class='av_textblock_section av-8nz50-5-7f52437946bc4ada5e39343bafc28c8e'   itemscope=\"itemscope\" itemtype=\"https:\/\/schema.org\/CreativeWork\" ><div class='avia_textblock'  itemprop=\"text\" ><p>Aunque a veces realizamos transferencias de grasa a las pantorrillas, \u00e9ste no es nuestro m\u00e9todo preferido de aumento, ya que los resultados son variables.  Mientras que el injerto de grasa en las nalgas y los senos tiende a ser m\u00e1s fiable y consistente, la cantidad de volumen a\u00f1adido a las pantorrillas es variable.  Por lo general, vemos menos de 50% de la grasa inyectada a la regi\u00f3n restante en un a\u00f1o.  Adem\u00e1s, es posible que en un lado quede m\u00e1s grasa que en el otro.  Por este motivo, preferimos el aumento con implantes, ya que es m\u00e1s fiable.<\/p>\n<\/div><\/section><\/p><\/div>\n\n<style type=\"text\/css\" data-created_by=\"avia_inline_auto\" id=\"style-css-av-k7wmp4kk-3-3762706ed4a7696f77196cf0b7a507ce\">\n#top .hr.hr-invisible.av-k7wmp4kk-3-3762706ed4a7696f77196cf0b7a507ce{\nheight:15px;\n}\n<\/style>\n<div  class='hr av-k7wmp4kk-3-3762706ed4a7696f77196cf0b7a507ce hr-invisible  avia-builder-el-20  el_after_av_one_full  el_before_av_one_full'><span class='hr-inner'><span class=\"hr-inner-style\"><\/span><\/span><\/div>\n\n<style type=\"text\/css\" data-created_by=\"avia_inline_auto\" id=\"style-css-av-f676no-2-e56aad56a60fb1ca668df37bcf11a656\">\n#top .flex_column.av-f676no-2-e56aad56a60fb1ca668df37bcf11a656{\nmargin-top:0px;\nmargin-bottom:10px;\n}\n.flex_column.av-f676no-2-e56aad56a60fb1ca668df37bcf11a656{\nborder-radius:0px 0px 0px 0px;\npadding:0px 0px 0px 0px;\n}\n.responsive #top #wrap_all .flex_column.av-f676no-2-e56aad56a60fb1ca668df37bcf11a656{\nmargin-top:0px;\nmargin-bottom:10px;\n}\n<\/style>\n<div  class='flex_column av-f676no-2-e56aad56a60fb1ca668df37bcf11a656 av_one_full  avia-builder-el-21  el_after_av_hr  el_before_av_one_full  first flex_column_div av-zero-column-padding'     ><article  class='iconbox iconbox_top av-k7wid5mf-068a306b294f1183665128203fb67087  avia-builder-el-22  avia-builder-el-no-sibling  main_color'  itemscope=\"itemscope\" itemtype=\"https:\/\/schema.org\/CreativeWork\" ><div class=\"iconbox_content\"><header class=\"entry-content-header\" aria-label=\"Icono: \u00bfHay financiaci\u00f3n disponible?\"><div class='iconbox_icon heading-color avia-iconfont avia-font-entypo-fontello' data-av_icon='\ue827' data-av_iconfont='entypo-fontello'  ><\/div><h3 class='iconbox_content_title'  itemprop=\"headline\" >\u00bfHay financiaci\u00f3n disponible?<\/h3><\/header><div class='iconbox_content_container'  itemprop=\"text\" ><p>S\u00ed. Financiaci\u00f3n m\u00e9dica est\u00e1 disponible en el cr\u00e9dito aprobado. Aceptamos financiaci\u00f3n de CareCredit.com. Para m\u00e1s informaci\u00f3n sobre nuestras opciones de financiaci\u00f3n<\/p>\n<div  class='avia-button-wrap av-3702at-2f75b6c227e6bd1a864bfe1943708b73-wrap avia-button-center  avia-builder-el-23  avia-builder-el-no-sibling'><a href=\"https:\/\/spanish.drchugay.com\/es\/informacion-del-paciente\/financiacion-medica\/\" class=\"avia-button av-3702at-2f75b6c227e6bd1a864bfe1943708b73 av-link-btn avia-icon_select-no avia-size-large avia-position-center avia-color-dark\" aria-label=\"OBTENER FINANCIACI\u00d3N\"><span class='avia_iconbox_title' >OBTENER FINANCIACI\u00d3N<\/span><\/a><\/div>\n<\/div><\/div><footer class=\"entry-footer\"><\/footer><\/article><\/div>\n<style type=\"text\/css\" data-created_by=\"avia_inline_auto\" id=\"style-css-av-65dsy4-177b33961d94c3629c9909542a25b6e2\">\n#top .flex_column.av-65dsy4-177b33961d94c3629c9909542a25b6e2{\nmargin-top:50px;\nmargin-bottom:10px;\n}\n.flex_column.av-65dsy4-177b33961d94c3629c9909542a25b6e2{\nborder-radius:0px 0px 0px 0px;\npadding:0px 0px 0px 0px;\n}\n.responsive #top #wrap_all .flex_column.av-65dsy4-177b33961d94c3629c9909542a25b6e2{\nmargin-top:50px;\nmargin-bottom:10px;\n}\n<\/style>\n<div  class='flex_column av-65dsy4-177b33961d94c3629c9909542a25b6e2 av_one_full  avia-builder-el-24  el_after_av_one_full  avia-builder-el-last  first flex_column_div av-zero-column-padding  column-top-margin'     ><style type=\"text\/css\" data-created_by=\"avia_inline_auto\" id=\"style-css-av-3qwlbw-2bc6c688d47bfd7210da2ee5e414aefd\">\n.av_promobox.av-3qwlbw-2bc6c688d47bfd7210da2ee5e414aefd{\ncolor:#ffffff;\nbackground:#444444;\nborder-color:#000000;\n}\n<\/style>\n<div  class='av_promobox av-3qwlbw-2bc6c688d47bfd7210da2ee5e414aefd avia-button-yes  avia-builder-el-25  el_before_av_hr  avia-builder-el-first'><div class='avia-promocontent'><h2><span style=\"color: #ffffff;\">\u00bfPreparado para mejorar el aspecto de su cuerpo?<\/span><\/h2>\n<h5><span style=\"color: #ffffff;\">Ll\u00e1menos ahora para una consulta y evaluaci\u00f3n gratuitas.<\/span><\/h5>\n<p>\n<\/div><div  class='avia-button-wrap av-3qwlbw-795694ee7b62a23872e831d861892de9-wrap avia-button-right'><a href=\"https:\/\/spanish.drchugay.com\/es\/contacto\/\" class=\"avia-button av-3qwlbw-795694ee7b62a23872e831d861892de9 av-link-btn avia-icon_select-no avia-size-large avia-position-right avia-color-theme-color-subtle\" aria-label=\"RESERVAR AHORA\"><span class='avia_iconbox_title' >RESERVAR AHORA<\/span><\/a><\/div><\/div><br \/>\n\n<style type=\"text\/css\" data-created_by=\"avia_inline_auto\" id=\"style-css-av-1zzxjw-63503deabb9d07e98149f1c06aad8888\">\n#top .hr.hr-invisible.av-1zzxjw-63503deabb9d07e98149f1c06aad8888{\nheight:10px;\n}\n<\/style>\n<div  class='hr av-1zzxjw-63503deabb9d07e98149f1c06aad8888 hr-invisible  avia-builder-el-26  el_after_av_promobox  avia-builder-el-last'><span class='hr-inner'><span class=\"hr-inner-style\"><\/span><\/span><\/div><\/p><\/div><\/p>","protected":false},"excerpt":{"rendered":"","protected":false},"author":1,"featured_media":0,"parent":194,"menu_order":0,"comment_status":"closed","ping_status":"closed","template":"","meta":{"footnotes":""},"class_list":["post-9180","page","type-page","status-publish","hentry"],"_links":{"self":[{"href":"https:\/\/spanish.drchugay.com\/es\/wp-json\/wp\/v2\/pages\/9180","targetHints":{"allow":["GET"]}}],"collection":[{"href":"https:\/\/spanish.drchugay.com\/es\/wp-json\/wp\/v2\/pages"}],"about":[{"href":"https:\/\/spanish.drchugay.com\/es\/wp-json\/wp\/v2\/types\/page"}],"author":[{"embeddable":true,"href":"https:\/\/spanish.drchugay.com\/es\/wp-json\/wp\/v2\/users\/1"}],"replies":[{"embeddable":true,"href":"https:\/\/spanish.drchugay.com\/es\/wp-json\/wp\/v2\/comments?post=9180"}],"version-history":[{"count":18,"href":"https:\/\/spanish.drchugay.com\/es\/wp-json\/wp\/v2\/pages\/9180\/revisions"}],"predecessor-version":[{"id":12520,"href":"https:\/\/spanish.drchugay.com\/es\/wp-json\/wp\/v2\/pages\/9180\/revisions\/12520"}],"up":[{"embeddable":true,"href":"https:\/\/spanish.drchugay.com\/es\/wp-json\/wp\/v2\/pages\/194"}],"wp:attachment":[{"href":"https:\/\/spanish.drchugay.com\/es\/wp-json\/wp\/v2\/media?parent=9180"}],"curies":[{"name":"wp","href":"https:\/\/api.w.org\/{rel}","templated":true}]}}